{"id":33419,"date":"2025-05-25T16:57:55","date_gmt":"2025-05-25T12:57:55","guid":{"rendered":"https:\/\/airsystems.ge\/shop\/product\/cubic-air-coolers-with-radial-fans\/"},"modified":"2025-05-25T17:00:13","modified_gmt":"2025-05-25T13:00:13","slug":"cubic-air-coolers-with-radial-fans","status":"publish","type":"product","link":"https:\/\/climatemaster.ge\/fr\/produit\/cubic-air-coolers-with-radial-fans\/","title":{"rendered":"Refroidisseurs d&rsquo;air cubiques avec ventilateurs radiaux \u00c9vaporateurs industriels EC\u00a0: HFC-HFO"},"content":{"rendered":"<div class=\"elementor-element elementor-element-391e72ec elementor-widget elementor-widget-theme-post-content\" data-id=\"391e72ec\" data-element_type=\"widget\" data-widget_type=\"theme-post-content.default\">\n<div class=\"elementor-widget-container\">\n<p>Caract\u00e9ristiques<\/p>\n<p>Mat\u00e9riau du tube\u00a0: Acier inoxydable AISI 304 (AISI 316 sur demande) ou Cu\/Al<br \/>\nAilettes en aluminium. En option, elles peuvent \u00eatre fabriqu\u00e9es en aluminium magn\u00e9sium ou en aluminium avec protection \u00e9poxy.<br \/>\nVis en acier inoxydable<br \/>\nCarrosserie en aluminium thermolaqu\u00e9 blanc<br \/>\nCouvercles lat\u00e9raux amovibles. Acc\u00e8s facile aux raccords de liquide de refroidissement.<br \/>\nCuve isol\u00e9e en polyur\u00e9thane de s\u00e9rie pour \u00e9viter la condensation. Cuve enti\u00e8rement fabriqu\u00e9e en PRV (polyester renforc\u00e9 de fibres de verre), un mat\u00e9riau l\u00e9ger et r\u00e9sistant, rigide, r\u00e9sistant \u00e0 la corrosion et offrant une bonne isolation thermique, acoustique et \u00e9lectrique.<br \/>\nVentilateurs axiaux certifi\u00e9s ErP avec moteurs IP54 ou IP55, selon le mod\u00e8le. Protection moteur par thermocontacts<br \/>\nL&rsquo;\u00e9quipement est livr\u00e9 sous pression et \u00e9quip\u00e9 de valves Schrader +.<\/p>\n<p>Accessoires<\/p>\n<p>D\u00e9givrage par gaz chaud dans le bac avec clapet anti-retour install\u00e9 (en option)<br \/>\nD\u00e9givrage \u00e9lectrique dans la batterie et\/ou le bac<br \/>\nRaccordement \u00e0 des gaines textiles<br \/>\nVentilateurs EC<br \/>\nT\u00f4les prot\u00e9g\u00e9es par \u00e9poxy<br \/>\nBo\u00eetier en acier inoxydable<\/p>\n<\/div>\n<\/div>\n<div class=\"elementor-element elementor-element-427e8a79 e-flex e-con-boxed e-con e-child\" data-id=\"427e8a79\" data-element_type=\"container\">\n<div class=\"e-con-inner\">\n<div class=\"elementor-element elementor-element-13f5f820 hidebutton mc-bl elementor-align-left elementor-widget elementor-widget-button\" data-id=\"13f5f820\" data-element_type=\"widget\" data-widget_type=\"button.default\">\n<div class=\"elementor-widget-container\">\n<div class=\"elementor-button-wrapper\"><a class=\"elementor-button elementor-button-link elementor-size-sm\" href=\"https:\/\/www.enextechnologies.com\/wp-content\/uploads\/2025\/03\/Operation-and-maintenance-manual-ECOCBC-Industrial-series-English-Rev.1-02-2025.pdf\" target=\"_blank\" rel=\"noopener\"><span class=\"elementor-button-content-wrapper\"><span class=\"elementor-button-text\">TECHNICAL MANUAL<\/span><\/span><\/a><\/div>\n<\/div>\n<\/div>\n<\/div>\n<\/div>\n","protected":false},"excerpt":{"rendered":"<div class=\"elementor-element elementor-element-f80f489 elementor-widget elementor-widget-heading\" data-id=\"f80f489\" data-element_type=\"widget\" data-widget_type=\"heading.default\">\n<div class=\"elementor-widget-container\">\n<div class=\"elementor-heading-title elementor-size-default\">\n<p>Refroidisseurs d&rsquo;air cubiques \u00e9quip\u00e9s de ventilateurs radiaux (ventilateurs \u00e0 prise rapide) AR et d&rsquo;un syst\u00e8me de pl\u00e9num ing\u00e9nieux. La s\u00e9rie AR est id\u00e9ale pour une installation avec des manchons textiles dans les ateliers ou autres applications similaires.<\/p>\n<p>Fabriqu\u00e9s en tubes d&rsquo;acier inoxydable et ailettes en aluminium (Inox\/Al). Disponibles en cuivre\/aluminium en option. Compatibles avec tous les r\u00e9frig\u00e9rants (NH\u2083, CO\u2082, glycol, HFC, etc.). Conception modulaire de 1 \u00e0 5 ventilateurs radiaux (\u00d8\u00a0500, 630). Pas des ailettes\u00a0: 4,5-6-7\u00a0mm.<\/p>\n<p>Les \u00e9vaporateurs de la s\u00e9rie AR sont des \u00e9vaporateurs cubiques industriels \u00e0 haut rendement. \u00c9quip\u00e9s de s\u00e9rie de ventilateurs radiaux, d&rsquo;un syst\u00e8me de pl\u00e9num ing\u00e9nieux et d&rsquo;adaptateurs pour manchons textiles, nos \u00e9vaporateurs AR robustes offrent des performances \u00e9lev\u00e9es et une excellente r\u00e9sistance \u00e0 la corrosion.<\/p>\n<p>Ils sont id\u00e9aux pour une installation avec des gaines textiles dans les ateliers ou autres applications similaires.<\/p>\n<p>Ils se distinguent par leur tr\u00e8s faible niveau de pression acoustique, essentiel \u00e0 leur application.<\/p>\n<\/div>\n<\/div>\n<\/div>\n","protected":false},"featured_media":33414,"template":"","meta":[],"product_brand":[],"product_cat":[682,1642],"product_tag":[],"class_list":{"0":"post-33419","1":"product","2":"type-product","3":"status-publish","4":"has-post-thumbnail","6":"product_cat-climatiseurs-fr-industriels","7":"product_cat-evaporateur","9":"first","10":"instock","11":"shipping-taxable","12":"product-type-simple"},"yoast_head":"<!-- This site is optimized with the Yoast SEO plugin v27.1.1 - https:\/\/yoast.com\/product\/yoast-seo-wordpress\/ -->\n<title>Refroidisseurs d&#039;air cubiques avec ventilateurs radiaux \u00c9vaporateurs industriels EC\u00a0: HFC-HFO - Climate Master<\/title>\n<meta name=\"robots\" content=\"index, follow, max-snippet:-1, max-image-preview:large, max-video-preview:-1\" \/>\n<link rel=\"canonical\" href=\"https:\/\/climatemaster.ge\/fr\/produit\/cubic-air-coolers-with-radial-fans\/\" \/>\n<meta property=\"og:locale\" content=\"fr_FR\" \/>\n<meta property=\"og:type\" content=\"article\" \/>\n<meta property=\"og:title\" content=\"Refroidisseurs d&#039;air cubiques avec ventilateurs radiaux \u00c9vaporateurs industriels EC\u00a0: HFC-HFO - Climate Master\" \/>\n<meta property=\"og:description\" content=\"Refroidisseurs d&#039;air cubiques \u00e9quip\u00e9s de ventilateurs radiaux (ventilateurs \u00e0 prise rapide) AR et d&#039;un syst\u00e8me de pl\u00e9num ing\u00e9nieux. La s\u00e9rie AR est id\u00e9ale pour une installation avec des manchons textiles dans les ateliers ou autres applications similaires.  Fabriqu\u00e9s en tubes d&#039;acier inoxydable et ailettes en aluminium (Inox\/Al). Disponibles en cuivre\/aluminium en option. Compatibles avec tous les r\u00e9frig\u00e9rants (NH\u2083, CO\u2082, glycol, HFC, etc.). Conception modulaire de 1 \u00e0 5 ventilateurs radiaux (\u00d8\u00a0500, 630). Pas des ailettes\u00a0: 4,5-6-7\u00a0mm.  Les \u00e9vaporateurs de la s\u00e9rie AR sont des \u00e9vaporateurs cubiques industriels \u00e0 haut rendement. \u00c9quip\u00e9s de s\u00e9rie de ventilateurs radiaux, d&#039;un syst\u00e8me de pl\u00e9num ing\u00e9nieux et d&#039;adaptateurs pour manchons textiles, nos \u00e9vaporateurs AR robustes offrent des performances \u00e9lev\u00e9es et une excellente r\u00e9sistance \u00e0 la corrosion.  Ils sont id\u00e9aux pour une installation avec des gaines textiles dans les ateliers ou autres applications similaires.  Ils se distinguent par leur tr\u00e8s faible niveau de pression acoustique, essentiel \u00e0 leur application.\" \/>\n<meta property=\"og:url\" content=\"https:\/\/climatemaster.ge\/fr\/produit\/cubic-air-coolers-with-radial-fans\/\" \/>\n<meta property=\"og:site_name\" content=\"Climate Master\" \/>\n<meta property=\"article:modified_time\" content=\"2025-05-25T13:00:13+00:00\" \/>\n<meta property=\"og:image\" content=\"https:\/\/climatemaster.ge\/wp-content\/uploads\/2025\/05\/Cubic-industrial_EC.png\" \/>\n\t<meta property=\"og:image:width\" content=\"2362\" \/>\n\t<meta property=\"og:image:height\" content=\"2050\" \/>\n\t<meta property=\"og:image:type\" content=\"image\/png\" \/>\n<meta name=\"twitter:card\" content=\"summary_large_image\" \/>\n<meta name=\"twitter:label1\" content=\"Dur\u00e9e de lecture estim\u00e9e\" \/>\n\t<meta name=\"twitter:data1\" content=\"1 minute\" \/>\n<script type=\"application\/ld+json\" class=\"yoast-schema-graph\">{\"@context\":\"https:\/\/schema.org\",\"@graph\":[{\"@type\":\"WebPage\",\"@id\":\"https:\/\/climatemaster.ge\/fr\/produit\/cubic-air-coolers-with-radial-fans\/\",\"url\":\"https:\/\/climatemaster.ge\/fr\/produit\/cubic-air-coolers-with-radial-fans\/\",\"name\":\"Refroidisseurs d'air cubiques avec ventilateurs radiaux \u00c9vaporateurs industriels EC\u00a0: HFC-HFO - Climate Master\",\"isPartOf\":{\"@id\":\"https:\/\/climatemaster.ge\/#website\"},\"primaryImageOfPage\":{\"@id\":\"https:\/\/climatemaster.ge\/fr\/produit\/cubic-air-coolers-with-radial-fans\/#primaryimage\"},\"image\":{\"@id\":\"https:\/\/climatemaster.ge\/fr\/produit\/cubic-air-coolers-with-radial-fans\/#primaryimage\"},\"thumbnailUrl\":\"https:\/\/climatemaster.ge\/wp-content\/uploads\/2025\/05\/Cubic-industrial_EC.png\",\"datePublished\":\"2025-05-25T12:57:55+00:00\",\"dateModified\":\"2025-05-25T13:00:13+00:00\",\"breadcrumb\":{\"@id\":\"https:\/\/climatemaster.ge\/fr\/produit\/cubic-air-coolers-with-radial-fans\/#breadcrumb\"},\"inLanguage\":\"fr-FR\",\"potentialAction\":[{\"@type\":\"ReadAction\",\"target\":[\"https:\/\/climatemaster.ge\/fr\/produit\/cubic-air-coolers-with-radial-fans\/\"]}]},{\"@type\":\"ImageObject\",\"inLanguage\":\"fr-FR\",\"@id\":\"https:\/\/climatemaster.ge\/fr\/produit\/cubic-air-coolers-with-radial-fans\/#primaryimage\",\"url\":\"https:\/\/climatemaster.ge\/wp-content\/uploads\/2025\/05\/Cubic-industrial_EC.png\",\"contentUrl\":\"https:\/\/climatemaster.ge\/wp-content\/uploads\/2025\/05\/Cubic-industrial_EC.png\",\"width\":2362,\"height\":2050},{\"@type\":\"BreadcrumbList\",\"@id\":\"https:\/\/climatemaster.ge\/fr\/produit\/cubic-air-coolers-with-radial-fans\/#breadcrumb\",\"itemListElement\":[{\"@type\":\"ListItem\",\"position\":1,\"name\":\"Home\",\"item\":\"https:\/\/climatemaster.ge\/\"},{\"@type\":\"ListItem\",\"position\":2,\"name\":\"Products\",\"item\":\"https:\/\/climatemaster.ge\/products\/\"},{\"@type\":\"ListItem\",\"position\":3,\"name\":\"Refroidisseurs d&rsquo;air cubiques avec ventilateurs radiaux \u00c9vaporateurs industriels EC\u00a0: HFC-HFO\"}]},{\"@type\":\"WebSite\",\"@id\":\"https:\/\/climatemaster.ge\/#website\",\"url\":\"https:\/\/climatemaster.ge\/\",\"name\":\"Climate Master\",\"description\":\"\",\"publisher\":{\"@id\":\"https:\/\/climatemaster.ge\/#organization\"},\"potentialAction\":[{\"@type\":\"SearchAction\",\"target\":{\"@type\":\"EntryPoint\",\"urlTemplate\":\"https:\/\/climatemaster.ge\/?s={search_term_string}\"},\"query-input\":{\"@type\":\"PropertyValueSpecification\",\"valueRequired\":true,\"valueName\":\"search_term_string\"}}],\"inLanguage\":\"fr-FR\"},{\"@type\":\"Organization\",\"@id\":\"https:\/\/climatemaster.ge\/#organization\",\"name\":\"Climate Master\",\"url\":\"https:\/\/climatemaster.ge\/\",\"logo\":{\"@type\":\"ImageObject\",\"inLanguage\":\"fr-FR\",\"@id\":\"https:\/\/climatemaster.ge\/#\/schema\/logo\/image\/\",\"url\":\"https:\/\/climatemaster.ge\/wp-content\/uploads\/2026\/03\/Untitled-2.png\",\"contentUrl\":\"https:\/\/climatemaster.ge\/wp-content\/uploads\/2026\/03\/Untitled-2.png\",\"width\":600,\"height\":338,\"caption\":\"Climate Master\"},\"image\":{\"@id\":\"https:\/\/climatemaster.ge\/#\/schema\/logo\/image\/\"}}]}<\/script>\n<!-- \/ Yoast SEO plugin. -->","yoast_head_json":{"title":"Refroidisseurs d'air cubiques avec ventilateurs radiaux \u00c9vaporateurs industriels EC\u00a0: HFC-HFO - Climate Master","robots":{"index":"index","follow":"follow","max-snippet":"max-snippet:-1","max-image-preview":"max-image-preview:large","max-video-preview":"max-video-preview:-1"},"canonical":"https:\/\/climatemaster.ge\/fr\/produit\/cubic-air-coolers-with-radial-fans\/","og_locale":"fr_FR","og_type":"article","og_title":"Refroidisseurs d'air cubiques avec ventilateurs radiaux \u00c9vaporateurs industriels EC\u00a0: HFC-HFO - Climate Master","og_description":"Refroidisseurs d'air cubiques \u00e9quip\u00e9s de ventilateurs radiaux (ventilateurs \u00e0 prise rapide) AR et d'un syst\u00e8me de pl\u00e9num ing\u00e9nieux. La s\u00e9rie AR est id\u00e9ale pour une installation avec des manchons textiles dans les ateliers ou autres applications similaires.  Fabriqu\u00e9s en tubes d'acier inoxydable et ailettes en aluminium (Inox\/Al). Disponibles en cuivre\/aluminium en option. Compatibles avec tous les r\u00e9frig\u00e9rants (NH\u2083, CO\u2082, glycol, HFC, etc.). Conception modulaire de 1 \u00e0 5 ventilateurs radiaux (\u00d8\u00a0500, 630). Pas des ailettes\u00a0: 4,5-6-7\u00a0mm.  Les \u00e9vaporateurs de la s\u00e9rie AR sont des \u00e9vaporateurs cubiques industriels \u00e0 haut rendement. \u00c9quip\u00e9s de s\u00e9rie de ventilateurs radiaux, d'un syst\u00e8me de pl\u00e9num ing\u00e9nieux et d'adaptateurs pour manchons textiles, nos \u00e9vaporateurs AR robustes offrent des performances \u00e9lev\u00e9es et une excellente r\u00e9sistance \u00e0 la corrosion.  Ils sont id\u00e9aux pour une installation avec des gaines textiles dans les ateliers ou autres applications similaires.  Ils se distinguent par leur tr\u00e8s faible niveau de pression acoustique, essentiel \u00e0 leur application.","og_url":"https:\/\/climatemaster.ge\/fr\/produit\/cubic-air-coolers-with-radial-fans\/","og_site_name":"Climate Master","article_modified_time":"2025-05-25T13:00:13+00:00","og_image":[{"width":2362,"height":2050,"url":"https:\/\/climatemaster.ge\/wp-content\/uploads\/2025\/05\/Cubic-industrial_EC.png","type":"image\/png"}],"twitter_card":"summary_large_image","twitter_misc":{"Dur\u00e9e de lecture estim\u00e9e":"1 minute"},"schema":{"@context":"https:\/\/schema.org","@graph":[{"@type":"WebPage","@id":"https:\/\/climatemaster.ge\/fr\/produit\/cubic-air-coolers-with-radial-fans\/","url":"https:\/\/climatemaster.ge\/fr\/produit\/cubic-air-coolers-with-radial-fans\/","name":"Refroidisseurs d'air cubiques avec ventilateurs radiaux \u00c9vaporateurs industriels EC\u00a0: HFC-HFO - Climate Master","isPartOf":{"@id":"https:\/\/climatemaster.ge\/#website"},"primaryImageOfPage":{"@id":"https:\/\/climatemaster.ge\/fr\/produit\/cubic-air-coolers-with-radial-fans\/#primaryimage"},"image":{"@id":"https:\/\/climatemaster.ge\/fr\/produit\/cubic-air-coolers-with-radial-fans\/#primaryimage"},"thumbnailUrl":"https:\/\/climatemaster.ge\/wp-content\/uploads\/2025\/05\/Cubic-industrial_EC.png","datePublished":"2025-05-25T12:57:55+00:00","dateModified":"2025-05-25T13:00:13+00:00","breadcrumb":{"@id":"https:\/\/climatemaster.ge\/fr\/produit\/cubic-air-coolers-with-radial-fans\/#breadcrumb"},"inLanguage":"fr-FR","potentialAction":[{"@type":"ReadAction","target":["https:\/\/climatemaster.ge\/fr\/produit\/cubic-air-coolers-with-radial-fans\/"]}]},{"@type":"ImageObject","inLanguage":"fr-FR","@id":"https:\/\/climatemaster.ge\/fr\/produit\/cubic-air-coolers-with-radial-fans\/#primaryimage","url":"https:\/\/climatemaster.ge\/wp-content\/uploads\/2025\/05\/Cubic-industrial_EC.png","contentUrl":"https:\/\/climatemaster.ge\/wp-content\/uploads\/2025\/05\/Cubic-industrial_EC.png","width":2362,"height":2050},{"@type":"BreadcrumbList","@id":"https:\/\/climatemaster.ge\/fr\/produit\/cubic-air-coolers-with-radial-fans\/#breadcrumb","itemListElement":[{"@type":"ListItem","position":1,"name":"Home","item":"https:\/\/climatemaster.ge\/"},{"@type":"ListItem","position":2,"name":"Products","item":"https:\/\/climatemaster.ge\/products\/"},{"@type":"ListItem","position":3,"name":"Refroidisseurs d&rsquo;air cubiques avec ventilateurs radiaux \u00c9vaporateurs industriels EC\u00a0: HFC-HFO"}]},{"@type":"WebSite","@id":"https:\/\/climatemaster.ge\/#website","url":"https:\/\/climatemaster.ge\/","name":"Climate Master","description":"","publisher":{"@id":"https:\/\/climatemaster.ge\/#organization"},"potentialAction":[{"@type":"SearchAction","target":{"@type":"EntryPoint","urlTemplate":"https:\/\/climatemaster.ge\/?s={search_term_string}"},"query-input":{"@type":"PropertyValueSpecification","valueRequired":true,"valueName":"search_term_string"}}],"inLanguage":"fr-FR"},{"@type":"Organization","@id":"https:\/\/climatemaster.ge\/#organization","name":"Climate Master","url":"https:\/\/climatemaster.ge\/","logo":{"@type":"ImageObject","inLanguage":"fr-FR","@id":"https:\/\/climatemaster.ge\/#\/schema\/logo\/image\/","url":"https:\/\/climatemaster.ge\/wp-content\/uploads\/2026\/03\/Untitled-2.png","contentUrl":"https:\/\/climatemaster.ge\/wp-content\/uploads\/2026\/03\/Untitled-2.png","width":600,"height":338,"caption":"Climate Master"},"image":{"@id":"https:\/\/climatemaster.ge\/#\/schema\/logo\/image\/"}}]}},"_links":{"self":[{"href":"https:\/\/climatemaster.ge\/fr\/wp-json\/wp\/v2\/product\/33419","targetHints":{"allow":["GET"]}}],"collection":[{"href":"https:\/\/climatemaster.ge\/fr\/wp-json\/wp\/v2\/product"}],"about":[{"href":"https:\/\/climatemaster.ge\/fr\/wp-json\/wp\/v2\/types\/product"}],"wp:featuredmedia":[{"embeddable":true,"href":"https:\/\/climatemaster.ge\/fr\/wp-json\/wp\/v2\/media\/33414"}],"wp:attachment":[{"href":"https:\/\/climatemaster.ge\/fr\/wp-json\/wp\/v2\/media?parent=33419"}],"wp:term":[{"taxonomy":"product_brand","embeddable":true,"href":"https:\/\/climatemaster.ge\/fr\/wp-json\/wp\/v2\/product_brand?post=33419"},{"taxonomy":"product_cat","embeddable":true,"href":"https:\/\/climatemaster.ge\/fr\/wp-json\/wp\/v2\/product_cat?post=33419"},{"taxonomy":"product_tag","embeddable":true,"href":"https:\/\/climatemaster.ge\/fr\/wp-json\/wp\/v2\/product_tag?post=33419"}],"curies":[{"name":"wp","href":"https:\/\/api.w.org\/{rel}","templated":true}]}}