{"id":33405,"date":"2025-05-25T16:52:45","date_gmt":"2025-05-25T12:52:45","guid":{"rendered":"https:\/\/airsystems.ge\/shop\/product\/meh-ke-kh-motoevaporating-units-with-semi-hermetic-screw-compressors\/"},"modified":"2025-05-25T16:55:02","modified_gmt":"2025-05-25T12:55:02","slug":"meh-ke-kh-motoevaporating-units-with-semi-hermetic-screw-compressors","status":"publish","type":"product","link":"https:\/\/climatemaster.ge\/fr\/produit\/meh-ke-kh-motoevaporating-units-with-semi-hermetic-screw-compressors\/","title":{"rendered":"MEH Ke\/Kh Moto\u00e9vaporateurs avec compresseurs \u00e0 vis semi-herm\u00e9tiques"},"content":{"rendered":"","protected":false},"excerpt":{"rendered":"<p>Puissance frigorifique de 475 kW \u00e0 1260 kW<\/p>\n<p>Les moto\u00e9vaporateurs de la gamme MEH Ke\/Kh sont con\u00e7us comme des appareils internes conformes \u00e0 la norme europ\u00e9enne EN 378 et \u00e0 ses mises \u00e0 jour. Ces unit\u00e9s sont disponibles en versions avec un ou plusieurs compresseurs install\u00e9s sur 1, 2 ou 3 circuits de refroidissement, totalement ind\u00e9pendants les uns des autres. Les moto\u00e9vaporateurs de la gamme MEH Ke sont livr\u00e9s avec des circuits de refroidissement \u00e9tanches \u00e0 la pression, charg\u00e9s d&rsquo;air sec ou d&rsquo;azote et d&rsquo;huile antigel (pr\u00e9charg\u00e9e dans le compresseur). Avant exp\u00e9dition, tous les appareils sont test\u00e9s \u00e9lectriquement en usine.<\/p>\n","protected":false},"featured_media":33400,"template":"","meta":[],"product_brand":[],"product_cat":[682,1642],"product_tag":[],"class_list":{"0":"post-33405","1":"product","2":"type-product","3":"status-publish","4":"has-post-thumbnail","6":"product_cat-climatiseurs-fr-industriels","7":"product_cat-evaporateur","9":"first","10":"instock","11":"shipping-taxable","12":"product-type-simple"},"yoast_head":"<!-- This site is optimized with the Yoast SEO plugin v27.1.1 - https:\/\/yoast.com\/product\/yoast-seo-wordpress\/ -->\n<title>MEH Ke\/Kh Moto\u00e9vaporateurs avec compresseurs \u00e0 vis semi-herm\u00e9tiques - Climate Master<\/title>\n<meta name=\"robots\" content=\"index, follow, max-snippet:-1, max-image-preview:large, max-video-preview:-1\" \/>\n<link rel=\"canonical\" href=\"https:\/\/climatemaster.ge\/fr\/produit\/meh-ke-kh-motoevaporating-units-with-semi-hermetic-screw-compressors\/\" \/>\n<meta property=\"og:locale\" content=\"fr_FR\" \/>\n<meta property=\"og:type\" content=\"article\" \/>\n<meta property=\"og:title\" content=\"MEH Ke\/Kh Moto\u00e9vaporateurs avec compresseurs \u00e0 vis semi-herm\u00e9tiques - Climate Master\" \/>\n<meta property=\"og:description\" content=\"Puissance frigorifique de 475 kW \u00e0 1260 kW  Les moto\u00e9vaporateurs de la gamme MEH Ke\/Kh sont con\u00e7us comme des appareils internes conformes \u00e0 la norme europ\u00e9enne EN 378 et \u00e0 ses mises \u00e0 jour. Ces unit\u00e9s sont disponibles en versions avec un ou plusieurs compresseurs install\u00e9s sur 1, 2 ou 3 circuits de refroidissement, totalement ind\u00e9pendants les uns des autres. Les moto\u00e9vaporateurs de la gamme MEH Ke sont livr\u00e9s avec des circuits de refroidissement \u00e9tanches \u00e0 la pression, charg\u00e9s d&#039;air sec ou d&#039;azote et d&#039;huile antigel (pr\u00e9charg\u00e9e dans le compresseur). Avant exp\u00e9dition, tous les appareils sont test\u00e9s \u00e9lectriquement en usine.\" \/>\n<meta property=\"og:url\" content=\"https:\/\/climatemaster.ge\/fr\/produit\/meh-ke-kh-motoevaporating-units-with-semi-hermetic-screw-compressors\/\" \/>\n<meta property=\"og:site_name\" content=\"Climate Master\" \/>\n<meta property=\"article:modified_time\" content=\"2025-05-25T12:55:02+00:00\" \/>\n<meta property=\"og:image\" content=\"https:\/\/climatemaster.ge\/wp-content\/uploads\/2025\/05\/RWH-VS-Ke-Kh-scaled.png\" \/>\n\t<meta property=\"og:image:width\" content=\"2560\" \/>\n\t<meta property=\"og:image:height\" content=\"2193\" \/>\n\t<meta property=\"og:image:type\" content=\"image\/png\" \/>\n<meta name=\"twitter:card\" content=\"summary_large_image\" \/>\n<script type=\"application\/ld+json\" class=\"yoast-schema-graph\">{\"@context\":\"https:\/\/schema.org\",\"@graph\":[{\"@type\":\"WebPage\",\"@id\":\"https:\/\/climatemaster.ge\/fr\/produit\/meh-ke-kh-motoevaporating-units-with-semi-hermetic-screw-compressors\/\",\"url\":\"https:\/\/climatemaster.ge\/fr\/produit\/meh-ke-kh-motoevaporating-units-with-semi-hermetic-screw-compressors\/\",\"name\":\"MEH Ke\/Kh Moto\u00e9vaporateurs avec compresseurs \u00e0 vis semi-herm\u00e9tiques - Climate Master\",\"isPartOf\":{\"@id\":\"https:\/\/climatemaster.ge\/#website\"},\"primaryImageOfPage\":{\"@id\":\"https:\/\/climatemaster.ge\/fr\/produit\/meh-ke-kh-motoevaporating-units-with-semi-hermetic-screw-compressors\/#primaryimage\"},\"image\":{\"@id\":\"https:\/\/climatemaster.ge\/fr\/produit\/meh-ke-kh-motoevaporating-units-with-semi-hermetic-screw-compressors\/#primaryimage\"},\"thumbnailUrl\":\"https:\/\/climatemaster.ge\/wp-content\/uploads\/2025\/05\/RWH-VS-Ke-Kh-scaled.png\",\"datePublished\":\"2025-05-25T12:52:45+00:00\",\"dateModified\":\"2025-05-25T12:55:02+00:00\",\"breadcrumb\":{\"@id\":\"https:\/\/climatemaster.ge\/fr\/produit\/meh-ke-kh-motoevaporating-units-with-semi-hermetic-screw-compressors\/#breadcrumb\"},\"inLanguage\":\"fr-FR\",\"potentialAction\":[{\"@type\":\"ReadAction\",\"target\":[\"https:\/\/climatemaster.ge\/fr\/produit\/meh-ke-kh-motoevaporating-units-with-semi-hermetic-screw-compressors\/\"]}]},{\"@type\":\"ImageObject\",\"inLanguage\":\"fr-FR\",\"@id\":\"https:\/\/climatemaster.ge\/fr\/produit\/meh-ke-kh-motoevaporating-units-with-semi-hermetic-screw-compressors\/#primaryimage\",\"url\":\"https:\/\/climatemaster.ge\/wp-content\/uploads\/2025\/05\/RWH-VS-Ke-Kh-scaled.png\",\"contentUrl\":\"https:\/\/climatemaster.ge\/wp-content\/uploads\/2025\/05\/RWH-VS-Ke-Kh-scaled.png\",\"width\":2560,\"height\":2193},{\"@type\":\"BreadcrumbList\",\"@id\":\"https:\/\/climatemaster.ge\/fr\/produit\/meh-ke-kh-motoevaporating-units-with-semi-hermetic-screw-compressors\/#breadcrumb\",\"itemListElement\":[{\"@type\":\"ListItem\",\"position\":1,\"name\":\"Home\",\"item\":\"https:\/\/climatemaster.ge\/\"},{\"@type\":\"ListItem\",\"position\":2,\"name\":\"Products\",\"item\":\"https:\/\/climatemaster.ge\/products\/\"},{\"@type\":\"ListItem\",\"position\":3,\"name\":\"MEH Ke\/Kh Moto\u00e9vaporateurs avec compresseurs \u00e0 vis semi-herm\u00e9tiques\"}]},{\"@type\":\"WebSite\",\"@id\":\"https:\/\/climatemaster.ge\/#website\",\"url\":\"https:\/\/climatemaster.ge\/\",\"name\":\"Climate Master\",\"description\":\"\",\"publisher\":{\"@id\":\"https:\/\/climatemaster.ge\/#organization\"},\"potentialAction\":[{\"@type\":\"SearchAction\",\"target\":{\"@type\":\"EntryPoint\",\"urlTemplate\":\"https:\/\/climatemaster.ge\/?s={search_term_string}\"},\"query-input\":{\"@type\":\"PropertyValueSpecification\",\"valueRequired\":true,\"valueName\":\"search_term_string\"}}],\"inLanguage\":\"fr-FR\"},{\"@type\":\"Organization\",\"@id\":\"https:\/\/climatemaster.ge\/#organization\",\"name\":\"Climate Master\",\"url\":\"https:\/\/climatemaster.ge\/\",\"logo\":{\"@type\":\"ImageObject\",\"inLanguage\":\"fr-FR\",\"@id\":\"https:\/\/climatemaster.ge\/#\/schema\/logo\/image\/\",\"url\":\"https:\/\/climatemaster.ge\/wp-content\/uploads\/2026\/03\/Untitled-2.png\",\"contentUrl\":\"https:\/\/climatemaster.ge\/wp-content\/uploads\/2026\/03\/Untitled-2.png\",\"width\":600,\"height\":338,\"caption\":\"Climate Master\"},\"image\":{\"@id\":\"https:\/\/climatemaster.ge\/#\/schema\/logo\/image\/\"}}]}<\/script>\n<!-- \/ Yoast SEO plugin. -->","yoast_head_json":{"title":"MEH Ke\/Kh Moto\u00e9vaporateurs avec compresseurs \u00e0 vis semi-herm\u00e9tiques - Climate Master","robots":{"index":"index","follow":"follow","max-snippet":"max-snippet:-1","max-image-preview":"max-image-preview:large","max-video-preview":"max-video-preview:-1"},"canonical":"https:\/\/climatemaster.ge\/fr\/produit\/meh-ke-kh-motoevaporating-units-with-semi-hermetic-screw-compressors\/","og_locale":"fr_FR","og_type":"article","og_title":"MEH Ke\/Kh Moto\u00e9vaporateurs avec compresseurs \u00e0 vis semi-herm\u00e9tiques - Climate Master","og_description":"Puissance frigorifique de 475 kW \u00e0 1260 kW  Les moto\u00e9vaporateurs de la gamme MEH Ke\/Kh sont con\u00e7us comme des appareils internes conformes \u00e0 la norme europ\u00e9enne EN 378 et \u00e0 ses mises \u00e0 jour. Ces unit\u00e9s sont disponibles en versions avec un ou plusieurs compresseurs install\u00e9s sur 1, 2 ou 3 circuits de refroidissement, totalement ind\u00e9pendants les uns des autres. Les moto\u00e9vaporateurs de la gamme MEH Ke sont livr\u00e9s avec des circuits de refroidissement \u00e9tanches \u00e0 la pression, charg\u00e9s d'air sec ou d'azote et d'huile antigel (pr\u00e9charg\u00e9e dans le compresseur). Avant exp\u00e9dition, tous les appareils sont test\u00e9s \u00e9lectriquement en usine.","og_url":"https:\/\/climatemaster.ge\/fr\/produit\/meh-ke-kh-motoevaporating-units-with-semi-hermetic-screw-compressors\/","og_site_name":"Climate Master","article_modified_time":"2025-05-25T12:55:02+00:00","og_image":[{"width":2560,"height":2193,"url":"https:\/\/climatemaster.ge\/wp-content\/uploads\/2025\/05\/RWH-VS-Ke-Kh-scaled.png","type":"image\/png"}],"twitter_card":"summary_large_image","schema":{"@context":"https:\/\/schema.org","@graph":[{"@type":"WebPage","@id":"https:\/\/climatemaster.ge\/fr\/produit\/meh-ke-kh-motoevaporating-units-with-semi-hermetic-screw-compressors\/","url":"https:\/\/climatemaster.ge\/fr\/produit\/meh-ke-kh-motoevaporating-units-with-semi-hermetic-screw-compressors\/","name":"MEH Ke\/Kh Moto\u00e9vaporateurs avec compresseurs \u00e0 vis semi-herm\u00e9tiques - Climate Master","isPartOf":{"@id":"https:\/\/climatemaster.ge\/#website"},"primaryImageOfPage":{"@id":"https:\/\/climatemaster.ge\/fr\/produit\/meh-ke-kh-motoevaporating-units-with-semi-hermetic-screw-compressors\/#primaryimage"},"image":{"@id":"https:\/\/climatemaster.ge\/fr\/produit\/meh-ke-kh-motoevaporating-units-with-semi-hermetic-screw-compressors\/#primaryimage"},"thumbnailUrl":"https:\/\/climatemaster.ge\/wp-content\/uploads\/2025\/05\/RWH-VS-Ke-Kh-scaled.png","datePublished":"2025-05-25T12:52:45+00:00","dateModified":"2025-05-25T12:55:02+00:00","breadcrumb":{"@id":"https:\/\/climatemaster.ge\/fr\/produit\/meh-ke-kh-motoevaporating-units-with-semi-hermetic-screw-compressors\/#breadcrumb"},"inLanguage":"fr-FR","potentialAction":[{"@type":"ReadAction","target":["https:\/\/climatemaster.ge\/fr\/produit\/meh-ke-kh-motoevaporating-units-with-semi-hermetic-screw-compressors\/"]}]},{"@type":"ImageObject","inLanguage":"fr-FR","@id":"https:\/\/climatemaster.ge\/fr\/produit\/meh-ke-kh-motoevaporating-units-with-semi-hermetic-screw-compressors\/#primaryimage","url":"https:\/\/climatemaster.ge\/wp-content\/uploads\/2025\/05\/RWH-VS-Ke-Kh-scaled.png","contentUrl":"https:\/\/climatemaster.ge\/wp-content\/uploads\/2025\/05\/RWH-VS-Ke-Kh-scaled.png","width":2560,"height":2193},{"@type":"BreadcrumbList","@id":"https:\/\/climatemaster.ge\/fr\/produit\/meh-ke-kh-motoevaporating-units-with-semi-hermetic-screw-compressors\/#breadcrumb","itemListElement":[{"@type":"ListItem","position":1,"name":"Home","item":"https:\/\/climatemaster.ge\/"},{"@type":"ListItem","position":2,"name":"Products","item":"https:\/\/climatemaster.ge\/products\/"},{"@type":"ListItem","position":3,"name":"MEH Ke\/Kh Moto\u00e9vaporateurs avec compresseurs \u00e0 vis semi-herm\u00e9tiques"}]},{"@type":"WebSite","@id":"https:\/\/climatemaster.ge\/#website","url":"https:\/\/climatemaster.ge\/","name":"Climate Master","description":"","publisher":{"@id":"https:\/\/climatemaster.ge\/#organization"},"potentialAction":[{"@type":"SearchAction","target":{"@type":"EntryPoint","urlTemplate":"https:\/\/climatemaster.ge\/?s={search_term_string}"},"query-input":{"@type":"PropertyValueSpecification","valueRequired":true,"valueName":"search_term_string"}}],"inLanguage":"fr-FR"},{"@type":"Organization","@id":"https:\/\/climatemaster.ge\/#organization","name":"Climate Master","url":"https:\/\/climatemaster.ge\/","logo":{"@type":"ImageObject","inLanguage":"fr-FR","@id":"https:\/\/climatemaster.ge\/#\/schema\/logo\/image\/","url":"https:\/\/climatemaster.ge\/wp-content\/uploads\/2026\/03\/Untitled-2.png","contentUrl":"https:\/\/climatemaster.ge\/wp-content\/uploads\/2026\/03\/Untitled-2.png","width":600,"height":338,"caption":"Climate Master"},"image":{"@id":"https:\/\/climatemaster.ge\/#\/schema\/logo\/image\/"}}]}},"_links":{"self":[{"href":"https:\/\/climatemaster.ge\/fr\/wp-json\/wp\/v2\/product\/33405","targetHints":{"allow":["GET"]}}],"collection":[{"href":"https:\/\/climatemaster.ge\/fr\/wp-json\/wp\/v2\/product"}],"about":[{"href":"https:\/\/climatemaster.ge\/fr\/wp-json\/wp\/v2\/types\/product"}],"wp:featuredmedia":[{"embeddable":true,"href":"https:\/\/climatemaster.ge\/fr\/wp-json\/wp\/v2\/media\/33400"}],"wp:attachment":[{"href":"https:\/\/climatemaster.ge\/fr\/wp-json\/wp\/v2\/media?parent=33405"}],"wp:term":[{"taxonomy":"product_brand","embeddable":true,"href":"https:\/\/climatemaster.ge\/fr\/wp-json\/wp\/v2\/product_brand?post=33405"},{"taxonomy":"product_cat","embeddable":true,"href":"https:\/\/climatemaster.ge\/fr\/wp-json\/wp\/v2\/product_cat?post=33405"},{"taxonomy":"product_tag","embeddable":true,"href":"https:\/\/climatemaster.ge\/fr\/wp-json\/wp\/v2\/product_tag?post=33405"}],"curies":[{"name":"wp","href":"https:\/\/api.w.org\/{rel}","templated":true}]}}