{"id":33380,"date":"2025-05-25T16:42:50","date_gmt":"2025-05-25T12:42:50","guid":{"rendered":"https:\/\/airsystems.ge\/shop\/product\/nh3-cubic-unit-cooler\/"},"modified":"2025-05-25T16:46:00","modified_gmt":"2025-05-25T12:46:00","slug":"nh3-cubic-unit-cooler","status":"publish","type":"product","link":"https:\/\/climatemaster.ge\/fr\/produit\/nh3-cubic-unit-cooler\/","title":{"rendered":"\u00c9vaporateur cubique NH3"},"content":{"rendered":"<div class=\"elementor-element elementor-element-391e72ec elementor-widget elementor-widget-theme-post-content\" data-id=\"391e72ec\" data-element_type=\"widget\" data-widget_type=\"theme-post-content.default\">\n<div class=\"elementor-widget-container\">\n<p>Caract\u00e9ristiques<\/p>\n<p>Batterie \u00e0 ailettes\u00a0: Construite avec des tubes en acier inoxydable AISI 304 de 5\/8&Prime; \u00d8 \u00e0 g\u00e9om\u00e9trie carr\u00e9e et 7\/8&Prime; \u00d8 \u00e0 g\u00e9om\u00e9trie d\u00e9cal\u00e9e, et des ailettes en aluminium.<br \/>\nVentilateurs\u00a0: \u00c9quip\u00e9s de s\u00e9rie de moteurs de ventilateur AC. Moteurs axiaux triphas\u00e9s (380-480 V III 50 Hz). Conformes \u00e0 la directive ErP. \u00d8 350, 450, 500, 560, 630, 800, 910 mm<br \/>\nBo\u00eetier\u00a0: Aluminium galvanis\u00e9 peint, offrant une haute protection contre la corrosion, m\u00eame dans des conditions environnementales extr\u00eames. De plus, ce bo\u00eetier est conforme aux normes d&rsquo;hygi\u00e8ne alimentaire les plus strictes.<br \/>\nPlateau isotherme\u00a0: En polyur\u00e9thane de s\u00e9rie pour \u00e9viter la condensation. Plateau enti\u00e8rement fabriqu\u00e9 en PRV (polyester renforc\u00e9 de fibres de verre), un mat\u00e9riau l\u00e9ger et r\u00e9sistant, rigide, r\u00e9sistant \u00e0 la corrosion et offrant un excellent isolant thermique, acoustique et \u00e9lectrique.<br \/>\nPression de conception\u00a0: PS = 30\u00a0bars, PT = 43\u00a0bars<\/p>\n<\/div>\n<\/div>\n<div class=\"elementor-element elementor-element-427e8a79 e-flex e-con-boxed e-con e-child\" data-id=\"427e8a79\" data-element_type=\"container\">\n<div class=\"e-con-inner\">\n<div class=\"elementor-element elementor-element-6e19ed90 hidebutton mc-bl elementor-align-left elementor-widget elementor-widget-button\" data-id=\"6e19ed90\" data-element_type=\"widget\" data-widget_type=\"button.default\">\n<div class=\"elementor-widget-container\">\n<div class=\"elementor-button-wrapper\"><a class=\"elementor-button elementor-button-link elementor-size-sm\" href=\"https:\/\/www.enextechnologies.com\/wp-content\/uploads\/2024\/09\/One-Pager-NH3-CUBIC-UNIT-COOLER-EC-ENG.pdf\" target=\"_blank\" rel=\"noopener\"><span class=\"elementor-button-content-wrapper\"><span class=\"elementor-button-text\">ONE PAGER<\/span><\/span><\/a><\/div>\n<\/div>\n<\/div>\n<\/div>\n<\/div>\n","protected":false},"excerpt":{"rendered":"<div class=\"elementor-element elementor-element-f80f489 elementor-widget elementor-widget-heading\" data-id=\"f80f489\" data-element_type=\"widget\" data-widget_type=\"heading.default\">\n<div class=\"elementor-widget-container\">\n<div class=\"elementor-heading-title elementor-size-default\">\n<p>EC\u00a0: \u00c9vaporateurs cubiques NH3 et saumure<br \/>\nPuissance frigorifique de 3 kW \u00e0 550 kW<\/p>\n<p>Les \u00e9vaporateurs cubiques EC d&rsquo;ENEX INDUSTRIAL, destin\u00e9s aux chambres froides de petite et grande taille, sont id\u00e9aux pour les applications de refroidissement et de cong\u00e9lation. Sp\u00e9cialement con\u00e7us pour les syst\u00e8mes noy\u00e9s par pompage et par gravit\u00e9, ils utilisent le r\u00e9frig\u00e9rant R717 hautement durable. Les tubes en acier inoxydable offrent une compatibilit\u00e9 avec le NH3 et une protection maximale dans les environnements agressifs.<\/p>\n<\/div>\n<\/div>\n<\/div>\n","protected":false},"featured_media":33375,"template":"","meta":[],"product_brand":[],"product_cat":[682,1642],"product_tag":[],"class_list":{"0":"post-33380","1":"product","2":"type-product","3":"status-publish","4":"has-post-thumbnail","6":"product_cat-climatiseurs-fr-industriels","7":"product_cat-evaporateur","9":"first","10":"instock","11":"shipping-taxable","12":"product-type-simple"},"yoast_head":"<!-- This site is optimized with the Yoast SEO plugin v27.1.1 - https:\/\/yoast.com\/product\/yoast-seo-wordpress\/ -->\n<title>\u00c9vaporateur cubique NH3 - Climate Master<\/title>\n<meta name=\"robots\" content=\"index, follow, max-snippet:-1, max-image-preview:large, max-video-preview:-1\" \/>\n<link rel=\"canonical\" href=\"https:\/\/climatemaster.ge\/fr\/produit\/nh3-cubic-unit-cooler\/\" \/>\n<meta property=\"og:locale\" content=\"fr_FR\" \/>\n<meta property=\"og:type\" content=\"article\" \/>\n<meta property=\"og:title\" content=\"\u00c9vaporateur cubique NH3 - Climate Master\" \/>\n<meta property=\"og:description\" content=\"EC\u00a0: \u00c9vaporateurs cubiques NH3 et saumure Puissance frigorifique de 3 kW \u00e0 550 kW  Les \u00e9vaporateurs cubiques EC d&#039;ENEX INDUSTRIAL, destin\u00e9s aux chambres froides de petite et grande taille, sont id\u00e9aux pour les applications de refroidissement et de cong\u00e9lation. Sp\u00e9cialement con\u00e7us pour les syst\u00e8mes noy\u00e9s par pompage et par gravit\u00e9, ils utilisent le r\u00e9frig\u00e9rant R717 hautement durable. Les tubes en acier inoxydable offrent une compatibilit\u00e9 avec le NH3 et une protection maximale dans les environnements agressifs.\" \/>\n<meta property=\"og:url\" content=\"https:\/\/climatemaster.ge\/fr\/produit\/nh3-cubic-unit-cooler\/\" \/>\n<meta property=\"og:site_name\" content=\"Climate Master\" \/>\n<meta property=\"article:modified_time\" content=\"2025-05-25T12:46:00+00:00\" \/>\n<meta property=\"og:image\" content=\"https:\/\/climatemaster.ge\/wp-content\/uploads\/2025\/05\/Cubic-Evaporators-For-Static-_-ICQ-Tunnels-qdd9g0secfcl5l5m0atd5pznt6vx9qswap36tnnygk-1.png\" \/>\n\t<meta property=\"og:image:width\" content=\"700\" \/>\n\t<meta property=\"og:image:height\" content=\"466\" \/>\n\t<meta property=\"og:image:type\" content=\"image\/png\" \/>\n<meta name=\"twitter:card\" content=\"summary_large_image\" \/>\n<meta name=\"twitter:label1\" content=\"Dur\u00e9e de lecture estim\u00e9e\" \/>\n\t<meta name=\"twitter:data1\" content=\"1 minute\" \/>\n<script type=\"application\/ld+json\" class=\"yoast-schema-graph\">{\"@context\":\"https:\/\/schema.org\",\"@graph\":[{\"@type\":\"WebPage\",\"@id\":\"https:\/\/climatemaster.ge\/fr\/produit\/nh3-cubic-unit-cooler\/\",\"url\":\"https:\/\/climatemaster.ge\/fr\/produit\/nh3-cubic-unit-cooler\/\",\"name\":\"\u00c9vaporateur cubique NH3 - Climate Master\",\"isPartOf\":{\"@id\":\"https:\/\/climatemaster.ge\/#website\"},\"primaryImageOfPage\":{\"@id\":\"https:\/\/climatemaster.ge\/fr\/produit\/nh3-cubic-unit-cooler\/#primaryimage\"},\"image\":{\"@id\":\"https:\/\/climatemaster.ge\/fr\/produit\/nh3-cubic-unit-cooler\/#primaryimage\"},\"thumbnailUrl\":\"https:\/\/climatemaster.ge\/wp-content\/uploads\/2025\/05\/Cubic-Evaporators-For-Static-_-ICQ-Tunnels-qdd9g0secfcl5l5m0atd5pznt6vx9qswap36tnnygk-1.png\",\"datePublished\":\"2025-05-25T12:42:50+00:00\",\"dateModified\":\"2025-05-25T12:46:00+00:00\",\"breadcrumb\":{\"@id\":\"https:\/\/climatemaster.ge\/fr\/produit\/nh3-cubic-unit-cooler\/#breadcrumb\"},\"inLanguage\":\"fr-FR\",\"potentialAction\":[{\"@type\":\"ReadAction\",\"target\":[\"https:\/\/climatemaster.ge\/fr\/produit\/nh3-cubic-unit-cooler\/\"]}]},{\"@type\":\"ImageObject\",\"inLanguage\":\"fr-FR\",\"@id\":\"https:\/\/climatemaster.ge\/fr\/produit\/nh3-cubic-unit-cooler\/#primaryimage\",\"url\":\"https:\/\/climatemaster.ge\/wp-content\/uploads\/2025\/05\/Cubic-Evaporators-For-Static-_-ICQ-Tunnels-qdd9g0secfcl5l5m0atd5pznt6vx9qswap36tnnygk-1.png\",\"contentUrl\":\"https:\/\/climatemaster.ge\/wp-content\/uploads\/2025\/05\/Cubic-Evaporators-For-Static-_-ICQ-Tunnels-qdd9g0secfcl5l5m0atd5pznt6vx9qswap36tnnygk-1.png\",\"width\":700,\"height\":466},{\"@type\":\"BreadcrumbList\",\"@id\":\"https:\/\/climatemaster.ge\/fr\/produit\/nh3-cubic-unit-cooler\/#breadcrumb\",\"itemListElement\":[{\"@type\":\"ListItem\",\"position\":1,\"name\":\"Home\",\"item\":\"https:\/\/climatemaster.ge\/\"},{\"@type\":\"ListItem\",\"position\":2,\"name\":\"Products\",\"item\":\"https:\/\/climatemaster.ge\/products\/\"},{\"@type\":\"ListItem\",\"position\":3,\"name\":\"\u00c9vaporateur cubique NH3\"}]},{\"@type\":\"WebSite\",\"@id\":\"https:\/\/climatemaster.ge\/#website\",\"url\":\"https:\/\/climatemaster.ge\/\",\"name\":\"Climate Master\",\"description\":\"\",\"publisher\":{\"@id\":\"https:\/\/climatemaster.ge\/#organization\"},\"potentialAction\":[{\"@type\":\"SearchAction\",\"target\":{\"@type\":\"EntryPoint\",\"urlTemplate\":\"https:\/\/climatemaster.ge\/?s={search_term_string}\"},\"query-input\":{\"@type\":\"PropertyValueSpecification\",\"valueRequired\":true,\"valueName\":\"search_term_string\"}}],\"inLanguage\":\"fr-FR\"},{\"@type\":\"Organization\",\"@id\":\"https:\/\/climatemaster.ge\/#organization\",\"name\":\"Climate Master\",\"url\":\"https:\/\/climatemaster.ge\/\",\"logo\":{\"@type\":\"ImageObject\",\"inLanguage\":\"fr-FR\",\"@id\":\"https:\/\/climatemaster.ge\/#\/schema\/logo\/image\/\",\"url\":\"https:\/\/climatemaster.ge\/wp-content\/uploads\/2026\/03\/Untitled-2.png\",\"contentUrl\":\"https:\/\/climatemaster.ge\/wp-content\/uploads\/2026\/03\/Untitled-2.png\",\"width\":600,\"height\":338,\"caption\":\"Climate Master\"},\"image\":{\"@id\":\"https:\/\/climatemaster.ge\/#\/schema\/logo\/image\/\"}}]}<\/script>\n<!-- \/ Yoast SEO plugin. -->","yoast_head_json":{"title":"\u00c9vaporateur cubique NH3 - Climate Master","robots":{"index":"index","follow":"follow","max-snippet":"max-snippet:-1","max-image-preview":"max-image-preview:large","max-video-preview":"max-video-preview:-1"},"canonical":"https:\/\/climatemaster.ge\/fr\/produit\/nh3-cubic-unit-cooler\/","og_locale":"fr_FR","og_type":"article","og_title":"\u00c9vaporateur cubique NH3 - Climate Master","og_description":"EC\u00a0: \u00c9vaporateurs cubiques NH3 et saumure Puissance frigorifique de 3 kW \u00e0 550 kW  Les \u00e9vaporateurs cubiques EC d'ENEX INDUSTRIAL, destin\u00e9s aux chambres froides de petite et grande taille, sont id\u00e9aux pour les applications de refroidissement et de cong\u00e9lation. Sp\u00e9cialement con\u00e7us pour les syst\u00e8mes noy\u00e9s par pompage et par gravit\u00e9, ils utilisent le r\u00e9frig\u00e9rant R717 hautement durable. Les tubes en acier inoxydable offrent une compatibilit\u00e9 avec le NH3 et une protection maximale dans les environnements agressifs.","og_url":"https:\/\/climatemaster.ge\/fr\/produit\/nh3-cubic-unit-cooler\/","og_site_name":"Climate Master","article_modified_time":"2025-05-25T12:46:00+00:00","og_image":[{"width":700,"height":466,"url":"https:\/\/climatemaster.ge\/wp-content\/uploads\/2025\/05\/Cubic-Evaporators-For-Static-_-ICQ-Tunnels-qdd9g0secfcl5l5m0atd5pznt6vx9qswap36tnnygk-1.png","type":"image\/png"}],"twitter_card":"summary_large_image","twitter_misc":{"Dur\u00e9e de lecture estim\u00e9e":"1 minute"},"schema":{"@context":"https:\/\/schema.org","@graph":[{"@type":"WebPage","@id":"https:\/\/climatemaster.ge\/fr\/produit\/nh3-cubic-unit-cooler\/","url":"https:\/\/climatemaster.ge\/fr\/produit\/nh3-cubic-unit-cooler\/","name":"\u00c9vaporateur cubique NH3 - Climate Master","isPartOf":{"@id":"https:\/\/climatemaster.ge\/#website"},"primaryImageOfPage":{"@id":"https:\/\/climatemaster.ge\/fr\/produit\/nh3-cubic-unit-cooler\/#primaryimage"},"image":{"@id":"https:\/\/climatemaster.ge\/fr\/produit\/nh3-cubic-unit-cooler\/#primaryimage"},"thumbnailUrl":"https:\/\/climatemaster.ge\/wp-content\/uploads\/2025\/05\/Cubic-Evaporators-For-Static-_-ICQ-Tunnels-qdd9g0secfcl5l5m0atd5pznt6vx9qswap36tnnygk-1.png","datePublished":"2025-05-25T12:42:50+00:00","dateModified":"2025-05-25T12:46:00+00:00","breadcrumb":{"@id":"https:\/\/climatemaster.ge\/fr\/produit\/nh3-cubic-unit-cooler\/#breadcrumb"},"inLanguage":"fr-FR","potentialAction":[{"@type":"ReadAction","target":["https:\/\/climatemaster.ge\/fr\/produit\/nh3-cubic-unit-cooler\/"]}]},{"@type":"ImageObject","inLanguage":"fr-FR","@id":"https:\/\/climatemaster.ge\/fr\/produit\/nh3-cubic-unit-cooler\/#primaryimage","url":"https:\/\/climatemaster.ge\/wp-content\/uploads\/2025\/05\/Cubic-Evaporators-For-Static-_-ICQ-Tunnels-qdd9g0secfcl5l5m0atd5pznt6vx9qswap36tnnygk-1.png","contentUrl":"https:\/\/climatemaster.ge\/wp-content\/uploads\/2025\/05\/Cubic-Evaporators-For-Static-_-ICQ-Tunnels-qdd9g0secfcl5l5m0atd5pznt6vx9qswap36tnnygk-1.png","width":700,"height":466},{"@type":"BreadcrumbList","@id":"https:\/\/climatemaster.ge\/fr\/produit\/nh3-cubic-unit-cooler\/#breadcrumb","itemListElement":[{"@type":"ListItem","position":1,"name":"Home","item":"https:\/\/climatemaster.ge\/"},{"@type":"ListItem","position":2,"name":"Products","item":"https:\/\/climatemaster.ge\/products\/"},{"@type":"ListItem","position":3,"name":"\u00c9vaporateur cubique NH3"}]},{"@type":"WebSite","@id":"https:\/\/climatemaster.ge\/#website","url":"https:\/\/climatemaster.ge\/","name":"Climate Master","description":"","publisher":{"@id":"https:\/\/climatemaster.ge\/#organization"},"potentialAction":[{"@type":"SearchAction","target":{"@type":"EntryPoint","urlTemplate":"https:\/\/climatemaster.ge\/?s={search_term_string}"},"query-input":{"@type":"PropertyValueSpecification","valueRequired":true,"valueName":"search_term_string"}}],"inLanguage":"fr-FR"},{"@type":"Organization","@id":"https:\/\/climatemaster.ge\/#organization","name":"Climate Master","url":"https:\/\/climatemaster.ge\/","logo":{"@type":"ImageObject","inLanguage":"fr-FR","@id":"https:\/\/climatemaster.ge\/#\/schema\/logo\/image\/","url":"https:\/\/climatemaster.ge\/wp-content\/uploads\/2026\/03\/Untitled-2.png","contentUrl":"https:\/\/climatemaster.ge\/wp-content\/uploads\/2026\/03\/Untitled-2.png","width":600,"height":338,"caption":"Climate Master"},"image":{"@id":"https:\/\/climatemaster.ge\/#\/schema\/logo\/image\/"}}]}},"_links":{"self":[{"href":"https:\/\/climatemaster.ge\/fr\/wp-json\/wp\/v2\/product\/33380","targetHints":{"allow":["GET"]}}],"collection":[{"href":"https:\/\/climatemaster.ge\/fr\/wp-json\/wp\/v2\/product"}],"about":[{"href":"https:\/\/climatemaster.ge\/fr\/wp-json\/wp\/v2\/types\/product"}],"wp:featuredmedia":[{"embeddable":true,"href":"https:\/\/climatemaster.ge\/fr\/wp-json\/wp\/v2\/media\/33375"}],"wp:attachment":[{"href":"https:\/\/climatemaster.ge\/fr\/wp-json\/wp\/v2\/media?parent=33380"}],"wp:term":[{"taxonomy":"product_brand","embeddable":true,"href":"https:\/\/climatemaster.ge\/fr\/wp-json\/wp\/v2\/product_brand?post=33380"},{"taxonomy":"product_cat","embeddable":true,"href":"https:\/\/climatemaster.ge\/fr\/wp-json\/wp\/v2\/product_cat?post=33380"},{"taxonomy":"product_tag","embeddable":true,"href":"https:\/\/climatemaster.ge\/fr\/wp-json\/wp\/v2\/product_tag?post=33380"}],"curies":[{"name":"wp","href":"https:\/\/api.w.org\/{rel}","templated":true}]}}