{"id":33368,"date":"2025-05-25T16:36:47","date_gmt":"2025-05-25T12:36:47","guid":{"rendered":"https:\/\/airsystems.ge\/shop\/product\/nh3-blast-freezer\/"},"modified":"2025-05-25T16:38:59","modified_gmt":"2025-05-25T12:38:59","slug":"nh3-blast-freezer","status":"publish","type":"product","link":"https:\/\/climatemaster.ge\/fr\/produit\/nh3-blast-freezer\/","title":{"rendered":"Surg\u00e9lateur rapide NH3"},"content":{"rendered":"","protected":false},"excerpt":{"rendered":"<div class=\"elementor-element elementor-element-f80f489 elementor-widget elementor-widget-heading\" data-id=\"f80f489\" data-element_type=\"widget\" data-widget_type=\"heading.default\">\n<div class=\"elementor-widget-container\">\n<div class=\"elementor-heading-title elementor-size-default\">\n<p>BTV\/BF\/SBF\/ECT\u00a0: Surg\u00e9lateurs rapides NH3 et saumure<br \/>\nPuissance frigorifique de 15 kW \u00e0 550 kW<\/p>\n<p>Les surg\u00e9lateurs rapides NH3 et saumure d&rsquo;ENEX INDUSTRIAL sont con\u00e7us pour les applications de refroidissement et de cong\u00e9lation rapides, n\u00e9cessitant une distribution d&rsquo;air uniforme dans la chambre froide. Ils assurent un processus rapide et homog\u00e8ne favorisant la formation de petits cristaux de glace, permettant aux cellules alimentaires de conserver leurs propri\u00e9t\u00e9s organoleptiques. Les tubes en acier inoxydable offrent une compatibilit\u00e9 avec le r\u00e9frig\u00e9rant R717 hautement durable et une protection maximale dans les environnements agressifs.<\/p>\n<\/div>\n<\/div>\n<\/div>\n","protected":false},"featured_media":33362,"template":"","meta":[],"product_brand":[],"product_cat":[682,1642],"product_tag":[],"class_list":{"0":"post-33368","1":"product","2":"type-product","3":"status-publish","4":"has-post-thumbnail","6":"product_cat-climatiseurs-fr-industriels","7":"product_cat-evaporateur","9":"first","10":"instock","11":"shipping-taxable","12":"product-type-simple"},"yoast_head":"<!-- This site is optimized with the Yoast SEO plugin v27.1.1 - https:\/\/yoast.com\/product\/yoast-seo-wordpress\/ -->\n<title>Surg\u00e9lateur rapide NH3 - Climate Master<\/title>\n<meta name=\"robots\" content=\"index, follow, max-snippet:-1, max-image-preview:large, max-video-preview:-1\" \/>\n<link rel=\"canonical\" href=\"https:\/\/climatemaster.ge\/fr\/produit\/nh3-blast-freezer\/\" \/>\n<meta property=\"og:locale\" content=\"fr_FR\" \/>\n<meta property=\"og:type\" content=\"article\" \/>\n<meta property=\"og:title\" content=\"Surg\u00e9lateur rapide NH3 - Climate Master\" \/>\n<meta property=\"og:description\" content=\"BTV\/BF\/SBF\/ECT\u00a0: Surg\u00e9lateurs rapides NH3 et saumure Puissance frigorifique de 15 kW \u00e0 550 kW  Les surg\u00e9lateurs rapides NH3 et saumure d&#039;ENEX INDUSTRIAL sont con\u00e7us pour les applications de refroidissement et de cong\u00e9lation rapides, n\u00e9cessitant une distribution d&#039;air uniforme dans la chambre froide. Ils assurent un processus rapide et homog\u00e8ne favorisant la formation de petits cristaux de glace, permettant aux cellules alimentaires de conserver leurs propri\u00e9t\u00e9s organoleptiques. Les tubes en acier inoxydable offrent une compatibilit\u00e9 avec le r\u00e9frig\u00e9rant R717 hautement durable et une protection maximale dans les environnements agressifs.\" \/>\n<meta property=\"og:url\" content=\"https:\/\/climatemaster.ge\/fr\/produit\/nh3-blast-freezer\/\" \/>\n<meta property=\"og:site_name\" content=\"Climate Master\" \/>\n<meta property=\"article:modified_time\" content=\"2025-05-25T12:38:59+00:00\" \/>\n<meta property=\"og:image\" content=\"https:\/\/climatemaster.ge\/wp-content\/uploads\/2025\/05\/Evaporators-For-Spiral-Freezing-Tunnels_senzal-qdd9guv8f4hrh3xx4ntfdieetiro424b2tyq6ifcxg-1.png\" \/>\n\t<meta property=\"og:image:width\" content=\"700\" \/>\n\t<meta property=\"og:image:height\" content=\"466\" \/>\n\t<meta property=\"og:image:type\" content=\"image\/png\" \/>\n<meta name=\"twitter:card\" content=\"summary_large_image\" \/>\n<script type=\"application\/ld+json\" class=\"yoast-schema-graph\">{\"@context\":\"https:\/\/schema.org\",\"@graph\":[{\"@type\":\"WebPage\",\"@id\":\"https:\/\/climatemaster.ge\/fr\/produit\/nh3-blast-freezer\/\",\"url\":\"https:\/\/climatemaster.ge\/fr\/produit\/nh3-blast-freezer\/\",\"name\":\"Surg\u00e9lateur rapide NH3 - Climate Master\",\"isPartOf\":{\"@id\":\"https:\/\/climatemaster.ge\/#website\"},\"primaryImageOfPage\":{\"@id\":\"https:\/\/climatemaster.ge\/fr\/produit\/nh3-blast-freezer\/#primaryimage\"},\"image\":{\"@id\":\"https:\/\/climatemaster.ge\/fr\/produit\/nh3-blast-freezer\/#primaryimage\"},\"thumbnailUrl\":\"https:\/\/climatemaster.ge\/wp-content\/uploads\/2025\/05\/Evaporators-For-Spiral-Freezing-Tunnels_senzal-qdd9guv8f4hrh3xx4ntfdieetiro424b2tyq6ifcxg-1.png\",\"datePublished\":\"2025-05-25T12:36:47+00:00\",\"dateModified\":\"2025-05-25T12:38:59+00:00\",\"breadcrumb\":{\"@id\":\"https:\/\/climatemaster.ge\/fr\/produit\/nh3-blast-freezer\/#breadcrumb\"},\"inLanguage\":\"fr-FR\",\"potentialAction\":[{\"@type\":\"ReadAction\",\"target\":[\"https:\/\/climatemaster.ge\/fr\/produit\/nh3-blast-freezer\/\"]}]},{\"@type\":\"ImageObject\",\"inLanguage\":\"fr-FR\",\"@id\":\"https:\/\/climatemaster.ge\/fr\/produit\/nh3-blast-freezer\/#primaryimage\",\"url\":\"https:\/\/climatemaster.ge\/wp-content\/uploads\/2025\/05\/Evaporators-For-Spiral-Freezing-Tunnels_senzal-qdd9guv8f4hrh3xx4ntfdieetiro424b2tyq6ifcxg-1.png\",\"contentUrl\":\"https:\/\/climatemaster.ge\/wp-content\/uploads\/2025\/05\/Evaporators-For-Spiral-Freezing-Tunnels_senzal-qdd9guv8f4hrh3xx4ntfdieetiro424b2tyq6ifcxg-1.png\",\"width\":700,\"height\":466},{\"@type\":\"BreadcrumbList\",\"@id\":\"https:\/\/climatemaster.ge\/fr\/produit\/nh3-blast-freezer\/#breadcrumb\",\"itemListElement\":[{\"@type\":\"ListItem\",\"position\":1,\"name\":\"Home\",\"item\":\"https:\/\/climatemaster.ge\/\"},{\"@type\":\"ListItem\",\"position\":2,\"name\":\"Products\",\"item\":\"https:\/\/climatemaster.ge\/products\/\"},{\"@type\":\"ListItem\",\"position\":3,\"name\":\"Surg\u00e9lateur rapide NH3\"}]},{\"@type\":\"WebSite\",\"@id\":\"https:\/\/climatemaster.ge\/#website\",\"url\":\"https:\/\/climatemaster.ge\/\",\"name\":\"Climate Master\",\"description\":\"\",\"publisher\":{\"@id\":\"https:\/\/climatemaster.ge\/#organization\"},\"potentialAction\":[{\"@type\":\"SearchAction\",\"target\":{\"@type\":\"EntryPoint\",\"urlTemplate\":\"https:\/\/climatemaster.ge\/?s={search_term_string}\"},\"query-input\":{\"@type\":\"PropertyValueSpecification\",\"valueRequired\":true,\"valueName\":\"search_term_string\"}}],\"inLanguage\":\"fr-FR\"},{\"@type\":\"Organization\",\"@id\":\"https:\/\/climatemaster.ge\/#organization\",\"name\":\"Climate Master\",\"url\":\"https:\/\/climatemaster.ge\/\",\"logo\":{\"@type\":\"ImageObject\",\"inLanguage\":\"fr-FR\",\"@id\":\"https:\/\/climatemaster.ge\/#\/schema\/logo\/image\/\",\"url\":\"https:\/\/climatemaster.ge\/wp-content\/uploads\/2026\/03\/Untitled-2.png\",\"contentUrl\":\"https:\/\/climatemaster.ge\/wp-content\/uploads\/2026\/03\/Untitled-2.png\",\"width\":600,\"height\":338,\"caption\":\"Climate Master\"},\"image\":{\"@id\":\"https:\/\/climatemaster.ge\/#\/schema\/logo\/image\/\"}}]}<\/script>\n<!-- \/ Yoast SEO plugin. -->","yoast_head_json":{"title":"Surg\u00e9lateur rapide NH3 - Climate Master","robots":{"index":"index","follow":"follow","max-snippet":"max-snippet:-1","max-image-preview":"max-image-preview:large","max-video-preview":"max-video-preview:-1"},"canonical":"https:\/\/climatemaster.ge\/fr\/produit\/nh3-blast-freezer\/","og_locale":"fr_FR","og_type":"article","og_title":"Surg\u00e9lateur rapide NH3 - Climate Master","og_description":"BTV\/BF\/SBF\/ECT\u00a0: Surg\u00e9lateurs rapides NH3 et saumure Puissance frigorifique de 15 kW \u00e0 550 kW  Les surg\u00e9lateurs rapides NH3 et saumure d'ENEX INDUSTRIAL sont con\u00e7us pour les applications de refroidissement et de cong\u00e9lation rapides, n\u00e9cessitant une distribution d'air uniforme dans la chambre froide. Ils assurent un processus rapide et homog\u00e8ne favorisant la formation de petits cristaux de glace, permettant aux cellules alimentaires de conserver leurs propri\u00e9t\u00e9s organoleptiques. Les tubes en acier inoxydable offrent une compatibilit\u00e9 avec le r\u00e9frig\u00e9rant R717 hautement durable et une protection maximale dans les environnements agressifs.","og_url":"https:\/\/climatemaster.ge\/fr\/produit\/nh3-blast-freezer\/","og_site_name":"Climate Master","article_modified_time":"2025-05-25T12:38:59+00:00","og_image":[{"width":700,"height":466,"url":"https:\/\/climatemaster.ge\/wp-content\/uploads\/2025\/05\/Evaporators-For-Spiral-Freezing-Tunnels_senzal-qdd9guv8f4hrh3xx4ntfdieetiro424b2tyq6ifcxg-1.png","type":"image\/png"}],"twitter_card":"summary_large_image","schema":{"@context":"https:\/\/schema.org","@graph":[{"@type":"WebPage","@id":"https:\/\/climatemaster.ge\/fr\/produit\/nh3-blast-freezer\/","url":"https:\/\/climatemaster.ge\/fr\/produit\/nh3-blast-freezer\/","name":"Surg\u00e9lateur rapide NH3 - Climate Master","isPartOf":{"@id":"https:\/\/climatemaster.ge\/#website"},"primaryImageOfPage":{"@id":"https:\/\/climatemaster.ge\/fr\/produit\/nh3-blast-freezer\/#primaryimage"},"image":{"@id":"https:\/\/climatemaster.ge\/fr\/produit\/nh3-blast-freezer\/#primaryimage"},"thumbnailUrl":"https:\/\/climatemaster.ge\/wp-content\/uploads\/2025\/05\/Evaporators-For-Spiral-Freezing-Tunnels_senzal-qdd9guv8f4hrh3xx4ntfdieetiro424b2tyq6ifcxg-1.png","datePublished":"2025-05-25T12:36:47+00:00","dateModified":"2025-05-25T12:38:59+00:00","breadcrumb":{"@id":"https:\/\/climatemaster.ge\/fr\/produit\/nh3-blast-freezer\/#breadcrumb"},"inLanguage":"fr-FR","potentialAction":[{"@type":"ReadAction","target":["https:\/\/climatemaster.ge\/fr\/produit\/nh3-blast-freezer\/"]}]},{"@type":"ImageObject","inLanguage":"fr-FR","@id":"https:\/\/climatemaster.ge\/fr\/produit\/nh3-blast-freezer\/#primaryimage","url":"https:\/\/climatemaster.ge\/wp-content\/uploads\/2025\/05\/Evaporators-For-Spiral-Freezing-Tunnels_senzal-qdd9guv8f4hrh3xx4ntfdieetiro424b2tyq6ifcxg-1.png","contentUrl":"https:\/\/climatemaster.ge\/wp-content\/uploads\/2025\/05\/Evaporators-For-Spiral-Freezing-Tunnels_senzal-qdd9guv8f4hrh3xx4ntfdieetiro424b2tyq6ifcxg-1.png","width":700,"height":466},{"@type":"BreadcrumbList","@id":"https:\/\/climatemaster.ge\/fr\/produit\/nh3-blast-freezer\/#breadcrumb","itemListElement":[{"@type":"ListItem","position":1,"name":"Home","item":"https:\/\/climatemaster.ge\/"},{"@type":"ListItem","position":2,"name":"Products","item":"https:\/\/climatemaster.ge\/products\/"},{"@type":"ListItem","position":3,"name":"Surg\u00e9lateur rapide NH3"}]},{"@type":"WebSite","@id":"https:\/\/climatemaster.ge\/#website","url":"https:\/\/climatemaster.ge\/","name":"Climate Master","description":"","publisher":{"@id":"https:\/\/climatemaster.ge\/#organization"},"potentialAction":[{"@type":"SearchAction","target":{"@type":"EntryPoint","urlTemplate":"https:\/\/climatemaster.ge\/?s={search_term_string}"},"query-input":{"@type":"PropertyValueSpecification","valueRequired":true,"valueName":"search_term_string"}}],"inLanguage":"fr-FR"},{"@type":"Organization","@id":"https:\/\/climatemaster.ge\/#organization","name":"Climate Master","url":"https:\/\/climatemaster.ge\/","logo":{"@type":"ImageObject","inLanguage":"fr-FR","@id":"https:\/\/climatemaster.ge\/#\/schema\/logo\/image\/","url":"https:\/\/climatemaster.ge\/wp-content\/uploads\/2026\/03\/Untitled-2.png","contentUrl":"https:\/\/climatemaster.ge\/wp-content\/uploads\/2026\/03\/Untitled-2.png","width":600,"height":338,"caption":"Climate Master"},"image":{"@id":"https:\/\/climatemaster.ge\/#\/schema\/logo\/image\/"}}]}},"_links":{"self":[{"href":"https:\/\/climatemaster.ge\/fr\/wp-json\/wp\/v2\/product\/33368","targetHints":{"allow":["GET"]}}],"collection":[{"href":"https:\/\/climatemaster.ge\/fr\/wp-json\/wp\/v2\/product"}],"about":[{"href":"https:\/\/climatemaster.ge\/fr\/wp-json\/wp\/v2\/types\/product"}],"wp:featuredmedia":[{"embeddable":true,"href":"https:\/\/climatemaster.ge\/fr\/wp-json\/wp\/v2\/media\/33362"}],"wp:attachment":[{"href":"https:\/\/climatemaster.ge\/fr\/wp-json\/wp\/v2\/media?parent=33368"}],"wp:term":[{"taxonomy":"product_brand","embeddable":true,"href":"https:\/\/climatemaster.ge\/fr\/wp-json\/wp\/v2\/product_brand?post=33368"},{"taxonomy":"product_cat","embeddable":true,"href":"https:\/\/climatemaster.ge\/fr\/wp-json\/wp\/v2\/product_cat?post=33368"},{"taxonomy":"product_tag","embeddable":true,"href":"https:\/\/climatemaster.ge\/fr\/wp-json\/wp\/v2\/product_tag?post=33368"}],"curies":[{"name":"wp","href":"https:\/\/api.w.org\/{rel}","templated":true}]}}