{"id":33313,"date":"2025-05-25T16:14:38","date_gmt":"2025-05-25T12:14:38","guid":{"rendered":"https:\/\/airsystems.ge\/shop\/product\/dx-unit-coolers\/"},"modified":"2025-05-25T16:16:33","modified_gmt":"2025-05-25T12:16:33","slug":"dx-unit-coolers","status":"publish","type":"product","link":"https:\/\/climatemaster.ge\/fr\/produit\/dx-unit-coolers\/","title":{"rendered":"\u00c9vaporateurs \u00e0 d\u00e9tente directe"},"content":{"rendered":"","protected":false},"excerpt":{"rendered":"<p>Les \u00e9vaporateurs Morgana sont install\u00e9s dans les chambres froides, les salles de traitement, les armoires r\u00e9frig\u00e9r\u00e9es et les chambres de r\u00e9duction de temp\u00e9rature. Leurs multiples configurations permettent une adaptation \u00e0 diff\u00e9rentes applications, espaces disponibles et configurations. Compatibilit\u00e9 avec tous les r\u00e9frig\u00e9rants synth\u00e9tiques, y compris l&rsquo;A2L, pour r\u00e9pondre aux besoins de nos clients en mati\u00e8re d&rsquo;ing\u00e9nierie d&rsquo;installation.<\/p>\n<p>Caract\u00e9ristiques principales\u00a0:<\/p>\n<p>0,5\u00a0kW \u2013 400\u00a0kW<br \/>\nMod\u00e8les disponibles\u00a0: Petites unit\u00e9s, Cubes commerciaux, Cubes industriels, Double flux, Surg\u00e9lateurs<br \/>\nTr\u00e8s large gamme, de 1\u00a0ventilateur de 200\u00a0mm \u00e0 5\u00a0ventilateurs de 910\u00a0mm<br \/>\nVentilateurs axiaux EC et AC Erp2015 disponibles<br \/>\nCarrosserie ext\u00e9rieure en aluminium pr\u00e9laqu\u00e9 blanc<br \/>\nPossibilit\u00e9 de versions sp\u00e9ciales (post-chauffage \u00e9lectrique, post-chauffage au glycol, circuit de d\u00e9givrage au glycol entrelac\u00e9)<br \/>\nNombreuses options disponibles\u00a0: cuve isol\u00e9e thermiquement, d\u00e9givrage par eau, d\u00e9givrage \u00e9lectrique renforc\u00e9<br \/>\n10\u00a0traitements de surface disponibles pour prolonger la dur\u00e9e de vie du produit en environnements agressifs<\/p>\n","protected":false},"featured_media":33308,"template":"","meta":[],"product_brand":[],"product_cat":[682,1642],"product_tag":[],"class_list":{"0":"post-33313","1":"product","2":"type-product","3":"status-publish","4":"has-post-thumbnail","6":"product_cat-climatiseurs-fr-industriels","7":"product_cat-evaporateur","9":"first","10":"instock","11":"shipping-taxable","12":"product-type-simple"},"yoast_head":"<!-- This site is optimized with the Yoast SEO plugin v27.1.1 - https:\/\/yoast.com\/product\/yoast-seo-wordpress\/ -->\n<title>\u00c9vaporateurs \u00e0 d\u00e9tente directe - Climate Master<\/title>\n<meta name=\"robots\" content=\"index, follow, max-snippet:-1, max-image-preview:large, max-video-preview:-1\" \/>\n<link rel=\"canonical\" href=\"https:\/\/climatemaster.ge\/fr\/produit\/dx-unit-coolers\/\" \/>\n<meta property=\"og:locale\" content=\"fr_FR\" \/>\n<meta property=\"og:type\" content=\"article\" \/>\n<meta property=\"og:title\" content=\"\u00c9vaporateurs \u00e0 d\u00e9tente directe - Climate Master\" \/>\n<meta property=\"og:description\" content=\"Les \u00e9vaporateurs Morgana sont install\u00e9s dans les chambres froides, les salles de traitement, les armoires r\u00e9frig\u00e9r\u00e9es et les chambres de r\u00e9duction de temp\u00e9rature. Leurs multiples configurations permettent une adaptation \u00e0 diff\u00e9rentes applications, espaces disponibles et configurations. Compatibilit\u00e9 avec tous les r\u00e9frig\u00e9rants synth\u00e9tiques, y compris l&#039;A2L, pour r\u00e9pondre aux besoins de nos clients en mati\u00e8re d&#039;ing\u00e9nierie d&#039;installation.  Caract\u00e9ristiques principales\u00a0:  0,5\u00a0kW \u2013 400\u00a0kW Mod\u00e8les disponibles\u00a0: Petites unit\u00e9s, Cubes commerciaux, Cubes industriels, Double flux, Surg\u00e9lateurs Tr\u00e8s large gamme, de 1\u00a0ventilateur de 200\u00a0mm \u00e0 5\u00a0ventilateurs de 910\u00a0mm Ventilateurs axiaux EC et AC Erp2015 disponibles Carrosserie ext\u00e9rieure en aluminium pr\u00e9laqu\u00e9 blanc Possibilit\u00e9 de versions sp\u00e9ciales (post-chauffage \u00e9lectrique, post-chauffage au glycol, circuit de d\u00e9givrage au glycol entrelac\u00e9) Nombreuses options disponibles\u00a0: cuve isol\u00e9e thermiquement, d\u00e9givrage par eau, d\u00e9givrage \u00e9lectrique renforc\u00e9 10\u00a0traitements de surface disponibles pour prolonger la dur\u00e9e de vie du produit en environnements agressifs\" \/>\n<meta property=\"og:url\" content=\"https:\/\/climatemaster.ge\/fr\/produit\/dx-unit-coolers\/\" \/>\n<meta property=\"og:site_name\" content=\"Climate Master\" \/>\n<meta property=\"article:modified_time\" content=\"2025-05-25T12:16:33+00:00\" \/>\n<meta property=\"og:image\" content=\"https:\/\/climatemaster.ge\/wp-content\/uploads\/2025\/05\/dx_unit_coolers-q9sjd2v8poalkwym0rcqfz39k44k3kxjtdptfzqccu.png\" \/>\n\t<meta property=\"og:image:width\" content=\"500\" \/>\n\t<meta property=\"og:image:height\" content=\"283\" \/>\n\t<meta property=\"og:image:type\" content=\"image\/png\" \/>\n<meta name=\"twitter:card\" content=\"summary_large_image\" \/>\n<script type=\"application\/ld+json\" class=\"yoast-schema-graph\">{\"@context\":\"https:\/\/schema.org\",\"@graph\":[{\"@type\":\"WebPage\",\"@id\":\"https:\/\/climatemaster.ge\/fr\/produit\/dx-unit-coolers\/\",\"url\":\"https:\/\/climatemaster.ge\/fr\/produit\/dx-unit-coolers\/\",\"name\":\"\u00c9vaporateurs \u00e0 d\u00e9tente directe - Climate Master\",\"isPartOf\":{\"@id\":\"https:\/\/climatemaster.ge\/#website\"},\"primaryImageOfPage\":{\"@id\":\"https:\/\/climatemaster.ge\/fr\/produit\/dx-unit-coolers\/#primaryimage\"},\"image\":{\"@id\":\"https:\/\/climatemaster.ge\/fr\/produit\/dx-unit-coolers\/#primaryimage\"},\"thumbnailUrl\":\"https:\/\/climatemaster.ge\/wp-content\/uploads\/2025\/05\/dx_unit_coolers-q9sjd2v8poalkwym0rcqfz39k44k3kxjtdptfzqccu.png\",\"datePublished\":\"2025-05-25T12:14:38+00:00\",\"dateModified\":\"2025-05-25T12:16:33+00:00\",\"breadcrumb\":{\"@id\":\"https:\/\/climatemaster.ge\/fr\/produit\/dx-unit-coolers\/#breadcrumb\"},\"inLanguage\":\"fr-FR\",\"potentialAction\":[{\"@type\":\"ReadAction\",\"target\":[\"https:\/\/climatemaster.ge\/fr\/produit\/dx-unit-coolers\/\"]}]},{\"@type\":\"ImageObject\",\"inLanguage\":\"fr-FR\",\"@id\":\"https:\/\/climatemaster.ge\/fr\/produit\/dx-unit-coolers\/#primaryimage\",\"url\":\"https:\/\/climatemaster.ge\/wp-content\/uploads\/2025\/05\/dx_unit_coolers-q9sjd2v8poalkwym0rcqfz39k44k3kxjtdptfzqccu.png\",\"contentUrl\":\"https:\/\/climatemaster.ge\/wp-content\/uploads\/2025\/05\/dx_unit_coolers-q9sjd2v8poalkwym0rcqfz39k44k3kxjtdptfzqccu.png\",\"width\":500,\"height\":283},{\"@type\":\"BreadcrumbList\",\"@id\":\"https:\/\/climatemaster.ge\/fr\/produit\/dx-unit-coolers\/#breadcrumb\",\"itemListElement\":[{\"@type\":\"ListItem\",\"position\":1,\"name\":\"Home\",\"item\":\"https:\/\/climatemaster.ge\/\"},{\"@type\":\"ListItem\",\"position\":2,\"name\":\"Products\",\"item\":\"https:\/\/climatemaster.ge\/products\/\"},{\"@type\":\"ListItem\",\"position\":3,\"name\":\"\u00c9vaporateurs \u00e0 d\u00e9tente directe\"}]},{\"@type\":\"WebSite\",\"@id\":\"https:\/\/climatemaster.ge\/#website\",\"url\":\"https:\/\/climatemaster.ge\/\",\"name\":\"Climate Master\",\"description\":\"\",\"publisher\":{\"@id\":\"https:\/\/climatemaster.ge\/#organization\"},\"potentialAction\":[{\"@type\":\"SearchAction\",\"target\":{\"@type\":\"EntryPoint\",\"urlTemplate\":\"https:\/\/climatemaster.ge\/?s={search_term_string}\"},\"query-input\":{\"@type\":\"PropertyValueSpecification\",\"valueRequired\":true,\"valueName\":\"search_term_string\"}}],\"inLanguage\":\"fr-FR\"},{\"@type\":\"Organization\",\"@id\":\"https:\/\/climatemaster.ge\/#organization\",\"name\":\"Climate Master\",\"url\":\"https:\/\/climatemaster.ge\/\",\"logo\":{\"@type\":\"ImageObject\",\"inLanguage\":\"fr-FR\",\"@id\":\"https:\/\/climatemaster.ge\/#\/schema\/logo\/image\/\",\"url\":\"https:\/\/climatemaster.ge\/wp-content\/uploads\/2026\/03\/Untitled-2.png\",\"contentUrl\":\"https:\/\/climatemaster.ge\/wp-content\/uploads\/2026\/03\/Untitled-2.png\",\"width\":600,\"height\":338,\"caption\":\"Climate Master\"},\"image\":{\"@id\":\"https:\/\/climatemaster.ge\/#\/schema\/logo\/image\/\"}}]}<\/script>\n<!-- \/ Yoast SEO plugin. -->","yoast_head_json":{"title":"\u00c9vaporateurs \u00e0 d\u00e9tente directe - Climate Master","robots":{"index":"index","follow":"follow","max-snippet":"max-snippet:-1","max-image-preview":"max-image-preview:large","max-video-preview":"max-video-preview:-1"},"canonical":"https:\/\/climatemaster.ge\/fr\/produit\/dx-unit-coolers\/","og_locale":"fr_FR","og_type":"article","og_title":"\u00c9vaporateurs \u00e0 d\u00e9tente directe - Climate Master","og_description":"Les \u00e9vaporateurs Morgana sont install\u00e9s dans les chambres froides, les salles de traitement, les armoires r\u00e9frig\u00e9r\u00e9es et les chambres de r\u00e9duction de temp\u00e9rature. Leurs multiples configurations permettent une adaptation \u00e0 diff\u00e9rentes applications, espaces disponibles et configurations. Compatibilit\u00e9 avec tous les r\u00e9frig\u00e9rants synth\u00e9tiques, y compris l'A2L, pour r\u00e9pondre aux besoins de nos clients en mati\u00e8re d'ing\u00e9nierie d'installation.  Caract\u00e9ristiques principales\u00a0:  0,5\u00a0kW \u2013 400\u00a0kW Mod\u00e8les disponibles\u00a0: Petites unit\u00e9s, Cubes commerciaux, Cubes industriels, Double flux, Surg\u00e9lateurs Tr\u00e8s large gamme, de 1\u00a0ventilateur de 200\u00a0mm \u00e0 5\u00a0ventilateurs de 910\u00a0mm Ventilateurs axiaux EC et AC Erp2015 disponibles Carrosserie ext\u00e9rieure en aluminium pr\u00e9laqu\u00e9 blanc Possibilit\u00e9 de versions sp\u00e9ciales (post-chauffage \u00e9lectrique, post-chauffage au glycol, circuit de d\u00e9givrage au glycol entrelac\u00e9) Nombreuses options disponibles\u00a0: cuve isol\u00e9e thermiquement, d\u00e9givrage par eau, d\u00e9givrage \u00e9lectrique renforc\u00e9 10\u00a0traitements de surface disponibles pour prolonger la dur\u00e9e de vie du produit en environnements agressifs","og_url":"https:\/\/climatemaster.ge\/fr\/produit\/dx-unit-coolers\/","og_site_name":"Climate Master","article_modified_time":"2025-05-25T12:16:33+00:00","og_image":[{"width":500,"height":283,"url":"https:\/\/climatemaster.ge\/wp-content\/uploads\/2025\/05\/dx_unit_coolers-q9sjd2v8poalkwym0rcqfz39k44k3kxjtdptfzqccu.png","type":"image\/png"}],"twitter_card":"summary_large_image","schema":{"@context":"https:\/\/schema.org","@graph":[{"@type":"WebPage","@id":"https:\/\/climatemaster.ge\/fr\/produit\/dx-unit-coolers\/","url":"https:\/\/climatemaster.ge\/fr\/produit\/dx-unit-coolers\/","name":"\u00c9vaporateurs \u00e0 d\u00e9tente directe - Climate Master","isPartOf":{"@id":"https:\/\/climatemaster.ge\/#website"},"primaryImageOfPage":{"@id":"https:\/\/climatemaster.ge\/fr\/produit\/dx-unit-coolers\/#primaryimage"},"image":{"@id":"https:\/\/climatemaster.ge\/fr\/produit\/dx-unit-coolers\/#primaryimage"},"thumbnailUrl":"https:\/\/climatemaster.ge\/wp-content\/uploads\/2025\/05\/dx_unit_coolers-q9sjd2v8poalkwym0rcqfz39k44k3kxjtdptfzqccu.png","datePublished":"2025-05-25T12:14:38+00:00","dateModified":"2025-05-25T12:16:33+00:00","breadcrumb":{"@id":"https:\/\/climatemaster.ge\/fr\/produit\/dx-unit-coolers\/#breadcrumb"},"inLanguage":"fr-FR","potentialAction":[{"@type":"ReadAction","target":["https:\/\/climatemaster.ge\/fr\/produit\/dx-unit-coolers\/"]}]},{"@type":"ImageObject","inLanguage":"fr-FR","@id":"https:\/\/climatemaster.ge\/fr\/produit\/dx-unit-coolers\/#primaryimage","url":"https:\/\/climatemaster.ge\/wp-content\/uploads\/2025\/05\/dx_unit_coolers-q9sjd2v8poalkwym0rcqfz39k44k3kxjtdptfzqccu.png","contentUrl":"https:\/\/climatemaster.ge\/wp-content\/uploads\/2025\/05\/dx_unit_coolers-q9sjd2v8poalkwym0rcqfz39k44k3kxjtdptfzqccu.png","width":500,"height":283},{"@type":"BreadcrumbList","@id":"https:\/\/climatemaster.ge\/fr\/produit\/dx-unit-coolers\/#breadcrumb","itemListElement":[{"@type":"ListItem","position":1,"name":"Home","item":"https:\/\/climatemaster.ge\/"},{"@type":"ListItem","position":2,"name":"Products","item":"https:\/\/climatemaster.ge\/products\/"},{"@type":"ListItem","position":3,"name":"\u00c9vaporateurs \u00e0 d\u00e9tente directe"}]},{"@type":"WebSite","@id":"https:\/\/climatemaster.ge\/#website","url":"https:\/\/climatemaster.ge\/","name":"Climate Master","description":"","publisher":{"@id":"https:\/\/climatemaster.ge\/#organization"},"potentialAction":[{"@type":"SearchAction","target":{"@type":"EntryPoint","urlTemplate":"https:\/\/climatemaster.ge\/?s={search_term_string}"},"query-input":{"@type":"PropertyValueSpecification","valueRequired":true,"valueName":"search_term_string"}}],"inLanguage":"fr-FR"},{"@type":"Organization","@id":"https:\/\/climatemaster.ge\/#organization","name":"Climate Master","url":"https:\/\/climatemaster.ge\/","logo":{"@type":"ImageObject","inLanguage":"fr-FR","@id":"https:\/\/climatemaster.ge\/#\/schema\/logo\/image\/","url":"https:\/\/climatemaster.ge\/wp-content\/uploads\/2026\/03\/Untitled-2.png","contentUrl":"https:\/\/climatemaster.ge\/wp-content\/uploads\/2026\/03\/Untitled-2.png","width":600,"height":338,"caption":"Climate Master"},"image":{"@id":"https:\/\/climatemaster.ge\/#\/schema\/logo\/image\/"}}]}},"_links":{"self":[{"href":"https:\/\/climatemaster.ge\/fr\/wp-json\/wp\/v2\/product\/33313","targetHints":{"allow":["GET"]}}],"collection":[{"href":"https:\/\/climatemaster.ge\/fr\/wp-json\/wp\/v2\/product"}],"about":[{"href":"https:\/\/climatemaster.ge\/fr\/wp-json\/wp\/v2\/types\/product"}],"wp:featuredmedia":[{"embeddable":true,"href":"https:\/\/climatemaster.ge\/fr\/wp-json\/wp\/v2\/media\/33308"}],"wp:attachment":[{"href":"https:\/\/climatemaster.ge\/fr\/wp-json\/wp\/v2\/media?parent=33313"}],"wp:term":[{"taxonomy":"product_brand","embeddable":true,"href":"https:\/\/climatemaster.ge\/fr\/wp-json\/wp\/v2\/product_brand?post=33313"},{"taxonomy":"product_cat","embeddable":true,"href":"https:\/\/climatemaster.ge\/fr\/wp-json\/wp\/v2\/product_cat?post=33313"},{"taxonomy":"product_tag","embeddable":true,"href":"https:\/\/climatemaster.ge\/fr\/wp-json\/wp\/v2\/product_tag?post=33313"}],"curies":[{"name":"wp","href":"https:\/\/api.w.org\/{rel}","templated":true}]}}