{"id":33273,"date":"2025-05-25T15:56:18","date_gmt":"2025-05-25T11:56:18","guid":{"rendered":"https:\/\/airsystems.ge\/shop\/product\/co2-blast-freezer\/"},"modified":"2025-05-25T16:00:09","modified_gmt":"2025-05-25T12:00:09","slug":"co2-blast-freezer","status":"publish","type":"product","link":"https:\/\/climatemaster.ge\/fr\/produit\/co2-blast-freezer\/","title":{"rendered":"Surg\u00e9lateur rapide au CO2"},"content":{"rendered":"<p>Caract\u00e9ristiques<\/p>\n<p>Batterie \u00e0 ailettes\u00a0: Construite avec des tubes en cuivre rainur\u00e9s de 5\/8\u201d de diam\u00e8tre et des ailettes ondul\u00e9es en aluminium, fabriqu\u00e9e selon les sp\u00e9cifications CUPROCLIMA\u00ae<br \/>\nVentilateurs\u00a0: \u00c9quip\u00e9s de s\u00e9rie de moteurs de ventilateur AC.<br \/>\nMoteurs axiaux (380-480 V III 50 Hz)<br \/>\nConforme \u00e0 la directive ErP. \u00d8 500, 630 mm<br \/>\nCarrosserie\u00a0: Acier galvanis\u00e9 peint \u00e0 l\u2019\u00e9poxy-polyester, puis cuit et durci \u00e0 180 \u00b0C, offrant une protection \u00e9lev\u00e9e contre la corrosion, m\u00eame dans des conditions environnementales extr\u00eames. De plus, cette carrosserie est conforme aux normes d\u2019hygi\u00e8ne alimentaire les plus strictes.<br \/>\nPression de conception\u00a0: PS = 60 bar, PT = 86 bar<\/p>\n<p>&nbsp;<\/p>\n<p><a class=\"elementor-button elementor-button-link elementor-size-sm\" href=\"https:\/\/www.enextechnologies.com\/wp-content\/uploads\/2024\/08\/One-Pager-C02-BLAST-FREEZER-KEB-KEV-ENG.pdf\" target=\"_blank\" rel=\"noopener\"><span class=\"elementor-button-content-wrapper\"><span class=\"elementor-button-text\">ONE PAGER<\/span><\/span><\/a><\/p>\n","protected":false},"excerpt":{"rendered":"<div class=\"elementor-element elementor-element-70da8153 elementor-widget elementor-widget-theme-page-title elementor-page-title elementor-widget-heading\" data-id=\"70da8153\" data-element_type=\"widget\" data-widget_type=\"theme-page-title.default\">\n<div class=\"elementor-widget-container\">\n<p>KEB\/KEV\u00a0: Surg\u00e9lateurs rapides au CO2 et \u00e0 saumure<br \/>\nPuissance frigorifique de 15 kW \u00e0 95 kW<\/p>\n<p>Les surg\u00e9lateurs rapides au CO2 et \u00e0 saumure d&rsquo;ENEX sont con\u00e7us pour les applications de refroidissement et de cong\u00e9lation rapides n\u00e9cessitant une distribution d&rsquo;air uniforme dans la chambre froide. Ils sont compatibles avec le r\u00e9frig\u00e9rant R744, un fluide hautement durable. Ils assurent un processus rapide et homog\u00e8ne qui entra\u00eene la formation de petits cristaux de glace, permettant aux cellules alimentaires de conserver leurs propri\u00e9t\u00e9s organoleptiques.<\/p>\n<\/div>\n<\/div>\n","protected":false},"featured_media":33268,"template":"","meta":[],"product_brand":[],"product_cat":[682,1642],"product_tag":[],"class_list":{"0":"post-33273","1":"product","2":"type-product","3":"status-publish","4":"has-post-thumbnail","6":"product_cat-climatiseurs-fr-industriels","7":"product_cat-evaporateur","9":"first","10":"instock","11":"shipping-taxable","12":"product-type-simple"},"yoast_head":"<!-- This site is optimized with the Yoast SEO plugin v27.1.1 - https:\/\/yoast.com\/product\/yoast-seo-wordpress\/ -->\n<title>Surg\u00e9lateur rapide au CO2 - Climate Master<\/title>\n<meta name=\"robots\" content=\"index, follow, max-snippet:-1, max-image-preview:large, max-video-preview:-1\" \/>\n<link rel=\"canonical\" href=\"https:\/\/climatemaster.ge\/fr\/produit\/co2-blast-freezer\/\" \/>\n<meta property=\"og:locale\" content=\"fr_FR\" \/>\n<meta property=\"og:type\" content=\"article\" \/>\n<meta property=\"og:title\" content=\"Surg\u00e9lateur rapide au CO2 - Climate Master\" \/>\n<meta property=\"og:description\" content=\"KEB\/KEV\u00a0: Surg\u00e9lateurs rapides au CO2 et \u00e0 saumure Puissance frigorifique de 15 kW \u00e0 95 kW  Les surg\u00e9lateurs rapides au CO2 et \u00e0 saumure d&#039;ENEX sont con\u00e7us pour les applications de refroidissement et de cong\u00e9lation rapides n\u00e9cessitant une distribution d&#039;air uniforme dans la chambre froide. Ils sont compatibles avec le r\u00e9frig\u00e9rant R744, un fluide hautement durable. Ils assurent un processus rapide et homog\u00e8ne qui entra\u00eene la formation de petits cristaux de glace, permettant aux cellules alimentaires de conserver leurs propri\u00e9t\u00e9s organoleptiques.\" \/>\n<meta property=\"og:url\" content=\"https:\/\/climatemaster.ge\/fr\/produit\/co2-blast-freezer\/\" \/>\n<meta property=\"og:site_name\" content=\"Climate Master\" \/>\n<meta property=\"article:modified_time\" content=\"2025-05-25T12:00:09+00:00\" \/>\n<meta property=\"og:image\" content=\"https:\/\/climatemaster.ge\/wp-content\/uploads\/2025\/05\/CO2-BLAST-FREEZER.jpg\" \/>\n\t<meta property=\"og:image:width\" content=\"903\" \/>\n\t<meta property=\"og:image:height\" content=\"747\" \/>\n\t<meta property=\"og:image:type\" content=\"image\/jpeg\" \/>\n<meta name=\"twitter:card\" content=\"summary_large_image\" \/>\n<meta name=\"twitter:label1\" content=\"Dur\u00e9e de lecture estim\u00e9e\" \/>\n\t<meta name=\"twitter:data1\" content=\"1 minute\" \/>\n<script type=\"application\/ld+json\" class=\"yoast-schema-graph\">{\"@context\":\"https:\/\/schema.org\",\"@graph\":[{\"@type\":\"WebPage\",\"@id\":\"https:\/\/climatemaster.ge\/fr\/produit\/co2-blast-freezer\/\",\"url\":\"https:\/\/climatemaster.ge\/fr\/produit\/co2-blast-freezer\/\",\"name\":\"Surg\u00e9lateur rapide au CO2 - Climate Master\",\"isPartOf\":{\"@id\":\"https:\/\/climatemaster.ge\/#website\"},\"primaryImageOfPage\":{\"@id\":\"https:\/\/climatemaster.ge\/fr\/produit\/co2-blast-freezer\/#primaryimage\"},\"image\":{\"@id\":\"https:\/\/climatemaster.ge\/fr\/produit\/co2-blast-freezer\/#primaryimage\"},\"thumbnailUrl\":\"https:\/\/climatemaster.ge\/wp-content\/uploads\/2025\/05\/CO2-BLAST-FREEZER.jpg\",\"datePublished\":\"2025-05-25T11:56:18+00:00\",\"dateModified\":\"2025-05-25T12:00:09+00:00\",\"breadcrumb\":{\"@id\":\"https:\/\/climatemaster.ge\/fr\/produit\/co2-blast-freezer\/#breadcrumb\"},\"inLanguage\":\"fr-FR\",\"potentialAction\":[{\"@type\":\"ReadAction\",\"target\":[\"https:\/\/climatemaster.ge\/fr\/produit\/co2-blast-freezer\/\"]}]},{\"@type\":\"ImageObject\",\"inLanguage\":\"fr-FR\",\"@id\":\"https:\/\/climatemaster.ge\/fr\/produit\/co2-blast-freezer\/#primaryimage\",\"url\":\"https:\/\/climatemaster.ge\/wp-content\/uploads\/2025\/05\/CO2-BLAST-FREEZER.jpg\",\"contentUrl\":\"https:\/\/climatemaster.ge\/wp-content\/uploads\/2025\/05\/CO2-BLAST-FREEZER.jpg\",\"width\":903,\"height\":747},{\"@type\":\"BreadcrumbList\",\"@id\":\"https:\/\/climatemaster.ge\/fr\/produit\/co2-blast-freezer\/#breadcrumb\",\"itemListElement\":[{\"@type\":\"ListItem\",\"position\":1,\"name\":\"Home\",\"item\":\"https:\/\/climatemaster.ge\/\"},{\"@type\":\"ListItem\",\"position\":2,\"name\":\"Products\",\"item\":\"https:\/\/climatemaster.ge\/products\/\"},{\"@type\":\"ListItem\",\"position\":3,\"name\":\"Surg\u00e9lateur rapide au CO2\"}]},{\"@type\":\"WebSite\",\"@id\":\"https:\/\/climatemaster.ge\/#website\",\"url\":\"https:\/\/climatemaster.ge\/\",\"name\":\"Climate Master\",\"description\":\"\",\"publisher\":{\"@id\":\"https:\/\/climatemaster.ge\/#organization\"},\"potentialAction\":[{\"@type\":\"SearchAction\",\"target\":{\"@type\":\"EntryPoint\",\"urlTemplate\":\"https:\/\/climatemaster.ge\/?s={search_term_string}\"},\"query-input\":{\"@type\":\"PropertyValueSpecification\",\"valueRequired\":true,\"valueName\":\"search_term_string\"}}],\"inLanguage\":\"fr-FR\"},{\"@type\":\"Organization\",\"@id\":\"https:\/\/climatemaster.ge\/#organization\",\"name\":\"Climate Master\",\"url\":\"https:\/\/climatemaster.ge\/\",\"logo\":{\"@type\":\"ImageObject\",\"inLanguage\":\"fr-FR\",\"@id\":\"https:\/\/climatemaster.ge\/#\/schema\/logo\/image\/\",\"url\":\"https:\/\/climatemaster.ge\/wp-content\/uploads\/2026\/03\/Untitled-2.png\",\"contentUrl\":\"https:\/\/climatemaster.ge\/wp-content\/uploads\/2026\/03\/Untitled-2.png\",\"width\":600,\"height\":338,\"caption\":\"Climate Master\"},\"image\":{\"@id\":\"https:\/\/climatemaster.ge\/#\/schema\/logo\/image\/\"}}]}<\/script>\n<!-- \/ Yoast SEO plugin. -->","yoast_head_json":{"title":"Surg\u00e9lateur rapide au CO2 - Climate Master","robots":{"index":"index","follow":"follow","max-snippet":"max-snippet:-1","max-image-preview":"max-image-preview:large","max-video-preview":"max-video-preview:-1"},"canonical":"https:\/\/climatemaster.ge\/fr\/produit\/co2-blast-freezer\/","og_locale":"fr_FR","og_type":"article","og_title":"Surg\u00e9lateur rapide au CO2 - Climate Master","og_description":"KEB\/KEV\u00a0: Surg\u00e9lateurs rapides au CO2 et \u00e0 saumure Puissance frigorifique de 15 kW \u00e0 95 kW  Les surg\u00e9lateurs rapides au CO2 et \u00e0 saumure d'ENEX sont con\u00e7us pour les applications de refroidissement et de cong\u00e9lation rapides n\u00e9cessitant une distribution d'air uniforme dans la chambre froide. Ils sont compatibles avec le r\u00e9frig\u00e9rant R744, un fluide hautement durable. Ils assurent un processus rapide et homog\u00e8ne qui entra\u00eene la formation de petits cristaux de glace, permettant aux cellules alimentaires de conserver leurs propri\u00e9t\u00e9s organoleptiques.","og_url":"https:\/\/climatemaster.ge\/fr\/produit\/co2-blast-freezer\/","og_site_name":"Climate Master","article_modified_time":"2025-05-25T12:00:09+00:00","og_image":[{"width":903,"height":747,"url":"https:\/\/climatemaster.ge\/wp-content\/uploads\/2025\/05\/CO2-BLAST-FREEZER.jpg","type":"image\/jpeg"}],"twitter_card":"summary_large_image","twitter_misc":{"Dur\u00e9e de lecture estim\u00e9e":"1 minute"},"schema":{"@context":"https:\/\/schema.org","@graph":[{"@type":"WebPage","@id":"https:\/\/climatemaster.ge\/fr\/produit\/co2-blast-freezer\/","url":"https:\/\/climatemaster.ge\/fr\/produit\/co2-blast-freezer\/","name":"Surg\u00e9lateur rapide au CO2 - Climate Master","isPartOf":{"@id":"https:\/\/climatemaster.ge\/#website"},"primaryImageOfPage":{"@id":"https:\/\/climatemaster.ge\/fr\/produit\/co2-blast-freezer\/#primaryimage"},"image":{"@id":"https:\/\/climatemaster.ge\/fr\/produit\/co2-blast-freezer\/#primaryimage"},"thumbnailUrl":"https:\/\/climatemaster.ge\/wp-content\/uploads\/2025\/05\/CO2-BLAST-FREEZER.jpg","datePublished":"2025-05-25T11:56:18+00:00","dateModified":"2025-05-25T12:00:09+00:00","breadcrumb":{"@id":"https:\/\/climatemaster.ge\/fr\/produit\/co2-blast-freezer\/#breadcrumb"},"inLanguage":"fr-FR","potentialAction":[{"@type":"ReadAction","target":["https:\/\/climatemaster.ge\/fr\/produit\/co2-blast-freezer\/"]}]},{"@type":"ImageObject","inLanguage":"fr-FR","@id":"https:\/\/climatemaster.ge\/fr\/produit\/co2-blast-freezer\/#primaryimage","url":"https:\/\/climatemaster.ge\/wp-content\/uploads\/2025\/05\/CO2-BLAST-FREEZER.jpg","contentUrl":"https:\/\/climatemaster.ge\/wp-content\/uploads\/2025\/05\/CO2-BLAST-FREEZER.jpg","width":903,"height":747},{"@type":"BreadcrumbList","@id":"https:\/\/climatemaster.ge\/fr\/produit\/co2-blast-freezer\/#breadcrumb","itemListElement":[{"@type":"ListItem","position":1,"name":"Home","item":"https:\/\/climatemaster.ge\/"},{"@type":"ListItem","position":2,"name":"Products","item":"https:\/\/climatemaster.ge\/products\/"},{"@type":"ListItem","position":3,"name":"Surg\u00e9lateur rapide au CO2"}]},{"@type":"WebSite","@id":"https:\/\/climatemaster.ge\/#website","url":"https:\/\/climatemaster.ge\/","name":"Climate Master","description":"","publisher":{"@id":"https:\/\/climatemaster.ge\/#organization"},"potentialAction":[{"@type":"SearchAction","target":{"@type":"EntryPoint","urlTemplate":"https:\/\/climatemaster.ge\/?s={search_term_string}"},"query-input":{"@type":"PropertyValueSpecification","valueRequired":true,"valueName":"search_term_string"}}],"inLanguage":"fr-FR"},{"@type":"Organization","@id":"https:\/\/climatemaster.ge\/#organization","name":"Climate Master","url":"https:\/\/climatemaster.ge\/","logo":{"@type":"ImageObject","inLanguage":"fr-FR","@id":"https:\/\/climatemaster.ge\/#\/schema\/logo\/image\/","url":"https:\/\/climatemaster.ge\/wp-content\/uploads\/2026\/03\/Untitled-2.png","contentUrl":"https:\/\/climatemaster.ge\/wp-content\/uploads\/2026\/03\/Untitled-2.png","width":600,"height":338,"caption":"Climate Master"},"image":{"@id":"https:\/\/climatemaster.ge\/#\/schema\/logo\/image\/"}}]}},"_links":{"self":[{"href":"https:\/\/climatemaster.ge\/fr\/wp-json\/wp\/v2\/product\/33273","targetHints":{"allow":["GET"]}}],"collection":[{"href":"https:\/\/climatemaster.ge\/fr\/wp-json\/wp\/v2\/product"}],"about":[{"href":"https:\/\/climatemaster.ge\/fr\/wp-json\/wp\/v2\/types\/product"}],"wp:featuredmedia":[{"embeddable":true,"href":"https:\/\/climatemaster.ge\/fr\/wp-json\/wp\/v2\/media\/33268"}],"wp:attachment":[{"href":"https:\/\/climatemaster.ge\/fr\/wp-json\/wp\/v2\/media?parent=33273"}],"wp:term":[{"taxonomy":"product_brand","embeddable":true,"href":"https:\/\/climatemaster.ge\/fr\/wp-json\/wp\/v2\/product_brand?post=33273"},{"taxonomy":"product_cat","embeddable":true,"href":"https:\/\/climatemaster.ge\/fr\/wp-json\/wp\/v2\/product_cat?post=33273"},{"taxonomy":"product_tag","embeddable":true,"href":"https:\/\/climatemaster.ge\/fr\/wp-json\/wp\/v2\/product_tag?post=33273"}],"curies":[{"name":"wp","href":"https:\/\/api.w.org\/{rel}","templated":true}]}}