{"id":33261,"date":"2025-05-25T15:51:26","date_gmt":"2025-05-25T11:51:26","guid":{"rendered":"https:\/\/airsystems.ge\/shop\/product\/industrial-dual-discharge\/"},"modified":"2025-05-25T15:53:31","modified_gmt":"2025-05-25T11:53:31","slug":"industrial-dual-discharge","status":"publish","type":"product","link":"https:\/\/climatemaster.ge\/fr\/produit\/industrial-dual-discharge\/","title":{"rendered":"Double d\u00e9charge industrielle"},"content":{"rendered":"<p><a class=\"elementor-button elementor-button-link elementor-size-sm\" href=\"https:\/\/www.enextechnologies.com\/wp-content\/uploads\/2024\/08\/EXA-EXR-EXC.pdf\" target=\"_blank\" rel=\"noopener\"><span class=\"elementor-button-content-wrapper\"><span class=\"elementor-button-text\">DOWNLOAD<\/span><\/span><\/a><\/p>\n","protected":false},"excerpt":{"rendered":"<div class=\"elementor-element elementor-element-f80f489 elementor-widget elementor-widget-heading\" data-id=\"f80f489\" data-element_type=\"widget\" data-widget_type=\"heading.default\">\n<div class=\"elementor-widget-container\">\n<div class=\"elementor-heading-title elementor-size-default\">\n<p>EXA &#8211; EXR &#8211; EXC &#8211; \u00c9vaporateur double d\u00e9charge industriel<br \/>\nEXA &#8211; EXR &#8211; EXC<br \/>\nLes \u00e9vaporateurs Kobol ont \u00e9t\u00e9 d\u00e9velopp\u00e9s pour les petites installations comme pour les installations industrielles, garantissant une puissance frigorifique de 0,7 kW \u00e0 168,5 kW. Nous proposons plus de 200 mod\u00e8les pour aider nos clients \u00e0 choisir le meilleur choix pour chaque segment de refroidissement et chaque application. Tous nos \u00e9vaporateurs utilisent des composants de haute qualit\u00e9 qui garantissent une longue dur\u00e9e de vie et des performances \u00e9lev\u00e9es en toutes circonstances. Prot\u00e9g\u00e9s contre la corrosion, ils sont disponibles en diff\u00e9rentes finitions et peuvent \u00eatre con\u00e7us pour fonctionner comme refroidisseurs de saumure avec de l&rsquo;eau glycol\u00e9e et pour les \u00e9vaporateurs au CO\u2082.<\/p>\n<p>Cette gamme de produits est con\u00e7ue pour les applications industrielles et comprend 36 mod\u00e8les pour les applications \u00e0 haute, moyenne et basse temp\u00e9rature.<\/p>\n<\/div>\n<\/div>\n<\/div>\n","protected":false},"featured_media":33244,"template":"","meta":[],"product_brand":[],"product_cat":[682,1642],"product_tag":[],"class_list":{"0":"post-33261","1":"product","2":"type-product","3":"status-publish","4":"has-post-thumbnail","6":"product_cat-climatiseurs-fr-industriels","7":"product_cat-evaporateur","9":"first","10":"instock","11":"shipping-taxable","12":"product-type-simple"},"yoast_head":"<!-- This site is optimized with the Yoast SEO plugin v27.1.1 - https:\/\/yoast.com\/product\/yoast-seo-wordpress\/ -->\n<title>Double d\u00e9charge industrielle - Climate Master<\/title>\n<meta name=\"robots\" content=\"index, follow, max-snippet:-1, max-image-preview:large, max-video-preview:-1\" \/>\n<link rel=\"canonical\" href=\"https:\/\/climatemaster.ge\/fr\/produit\/industrial-dual-discharge\/\" \/>\n<meta property=\"og:locale\" content=\"fr_FR\" \/>\n<meta property=\"og:type\" content=\"article\" \/>\n<meta property=\"og:title\" content=\"Double d\u00e9charge industrielle - Climate Master\" \/>\n<meta property=\"og:description\" content=\"EXA - EXR - EXC - \u00c9vaporateur double d\u00e9charge industriel EXA - EXR - EXC Les \u00e9vaporateurs Kobol ont \u00e9t\u00e9 d\u00e9velopp\u00e9s pour les petites installations comme pour les installations industrielles, garantissant une puissance frigorifique de 0,7 kW \u00e0 168,5 kW. Nous proposons plus de 200 mod\u00e8les pour aider nos clients \u00e0 choisir le meilleur choix pour chaque segment de refroidissement et chaque application. Tous nos \u00e9vaporateurs utilisent des composants de haute qualit\u00e9 qui garantissent une longue dur\u00e9e de vie et des performances \u00e9lev\u00e9es en toutes circonstances. Prot\u00e9g\u00e9s contre la corrosion, ils sont disponibles en diff\u00e9rentes finitions et peuvent \u00eatre con\u00e7us pour fonctionner comme refroidisseurs de saumure avec de l&#039;eau glycol\u00e9e et pour les \u00e9vaporateurs au CO\u2082.  Cette gamme de produits est con\u00e7ue pour les applications industrielles et comprend 36 mod\u00e8les pour les applications \u00e0 haute, moyenne et basse temp\u00e9rature.\" \/>\n<meta property=\"og:url\" content=\"https:\/\/climatemaster.ge\/fr\/produit\/industrial-dual-discharge\/\" \/>\n<meta property=\"og:site_name\" content=\"Climate Master\" \/>\n<meta property=\"article:modified_time\" content=\"2025-05-25T11:53:31+00:00\" \/>\n<meta property=\"og:image\" content=\"https:\/\/climatemaster.ge\/wp-content\/uploads\/2025\/05\/dobe_flujo_industrial_main.png\" \/>\n\t<meta property=\"og:image:width\" content=\"1280\" \/>\n\t<meta property=\"og:image:height\" content=\"511\" \/>\n\t<meta property=\"og:image:type\" content=\"image\/png\" \/>\n<meta name=\"twitter:card\" content=\"summary_large_image\" \/>\n<script type=\"application\/ld+json\" class=\"yoast-schema-graph\">{\"@context\":\"https:\/\/schema.org\",\"@graph\":[{\"@type\":\"WebPage\",\"@id\":\"https:\/\/climatemaster.ge\/fr\/produit\/industrial-dual-discharge\/\",\"url\":\"https:\/\/climatemaster.ge\/fr\/produit\/industrial-dual-discharge\/\",\"name\":\"Double d\u00e9charge industrielle - Climate Master\",\"isPartOf\":{\"@id\":\"https:\/\/climatemaster.ge\/#website\"},\"primaryImageOfPage\":{\"@id\":\"https:\/\/climatemaster.ge\/fr\/produit\/industrial-dual-discharge\/#primaryimage\"},\"image\":{\"@id\":\"https:\/\/climatemaster.ge\/fr\/produit\/industrial-dual-discharge\/#primaryimage\"},\"thumbnailUrl\":\"https:\/\/climatemaster.ge\/wp-content\/uploads\/2025\/05\/dobe_flujo_industrial_main.png\",\"datePublished\":\"2025-05-25T11:51:26+00:00\",\"dateModified\":\"2025-05-25T11:53:31+00:00\",\"breadcrumb\":{\"@id\":\"https:\/\/climatemaster.ge\/fr\/produit\/industrial-dual-discharge\/#breadcrumb\"},\"inLanguage\":\"fr-FR\",\"potentialAction\":[{\"@type\":\"ReadAction\",\"target\":[\"https:\/\/climatemaster.ge\/fr\/produit\/industrial-dual-discharge\/\"]}]},{\"@type\":\"ImageObject\",\"inLanguage\":\"fr-FR\",\"@id\":\"https:\/\/climatemaster.ge\/fr\/produit\/industrial-dual-discharge\/#primaryimage\",\"url\":\"https:\/\/climatemaster.ge\/wp-content\/uploads\/2025\/05\/dobe_flujo_industrial_main.png\",\"contentUrl\":\"https:\/\/climatemaster.ge\/wp-content\/uploads\/2025\/05\/dobe_flujo_industrial_main.png\",\"width\":1280,\"height\":511},{\"@type\":\"BreadcrumbList\",\"@id\":\"https:\/\/climatemaster.ge\/fr\/produit\/industrial-dual-discharge\/#breadcrumb\",\"itemListElement\":[{\"@type\":\"ListItem\",\"position\":1,\"name\":\"Home\",\"item\":\"https:\/\/climatemaster.ge\/\"},{\"@type\":\"ListItem\",\"position\":2,\"name\":\"Products\",\"item\":\"https:\/\/climatemaster.ge\/products\/\"},{\"@type\":\"ListItem\",\"position\":3,\"name\":\"Double d\u00e9charge industrielle\"}]},{\"@type\":\"WebSite\",\"@id\":\"https:\/\/climatemaster.ge\/#website\",\"url\":\"https:\/\/climatemaster.ge\/\",\"name\":\"Climate Master\",\"description\":\"\",\"publisher\":{\"@id\":\"https:\/\/climatemaster.ge\/#organization\"},\"potentialAction\":[{\"@type\":\"SearchAction\",\"target\":{\"@type\":\"EntryPoint\",\"urlTemplate\":\"https:\/\/climatemaster.ge\/?s={search_term_string}\"},\"query-input\":{\"@type\":\"PropertyValueSpecification\",\"valueRequired\":true,\"valueName\":\"search_term_string\"}}],\"inLanguage\":\"fr-FR\"},{\"@type\":\"Organization\",\"@id\":\"https:\/\/climatemaster.ge\/#organization\",\"name\":\"Climate Master\",\"url\":\"https:\/\/climatemaster.ge\/\",\"logo\":{\"@type\":\"ImageObject\",\"inLanguage\":\"fr-FR\",\"@id\":\"https:\/\/climatemaster.ge\/#\/schema\/logo\/image\/\",\"url\":\"https:\/\/climatemaster.ge\/wp-content\/uploads\/2026\/03\/Untitled-2.png\",\"contentUrl\":\"https:\/\/climatemaster.ge\/wp-content\/uploads\/2026\/03\/Untitled-2.png\",\"width\":600,\"height\":338,\"caption\":\"Climate Master\"},\"image\":{\"@id\":\"https:\/\/climatemaster.ge\/#\/schema\/logo\/image\/\"}}]}<\/script>\n<!-- \/ Yoast SEO plugin. -->","yoast_head_json":{"title":"Double d\u00e9charge industrielle - Climate Master","robots":{"index":"index","follow":"follow","max-snippet":"max-snippet:-1","max-image-preview":"max-image-preview:large","max-video-preview":"max-video-preview:-1"},"canonical":"https:\/\/climatemaster.ge\/fr\/produit\/industrial-dual-discharge\/","og_locale":"fr_FR","og_type":"article","og_title":"Double d\u00e9charge industrielle - Climate Master","og_description":"EXA - EXR - EXC - \u00c9vaporateur double d\u00e9charge industriel EXA - EXR - EXC Les \u00e9vaporateurs Kobol ont \u00e9t\u00e9 d\u00e9velopp\u00e9s pour les petites installations comme pour les installations industrielles, garantissant une puissance frigorifique de 0,7 kW \u00e0 168,5 kW. Nous proposons plus de 200 mod\u00e8les pour aider nos clients \u00e0 choisir le meilleur choix pour chaque segment de refroidissement et chaque application. Tous nos \u00e9vaporateurs utilisent des composants de haute qualit\u00e9 qui garantissent une longue dur\u00e9e de vie et des performances \u00e9lev\u00e9es en toutes circonstances. Prot\u00e9g\u00e9s contre la corrosion, ils sont disponibles en diff\u00e9rentes finitions et peuvent \u00eatre con\u00e7us pour fonctionner comme refroidisseurs de saumure avec de l'eau glycol\u00e9e et pour les \u00e9vaporateurs au CO\u2082.  Cette gamme de produits est con\u00e7ue pour les applications industrielles et comprend 36 mod\u00e8les pour les applications \u00e0 haute, moyenne et basse temp\u00e9rature.","og_url":"https:\/\/climatemaster.ge\/fr\/produit\/industrial-dual-discharge\/","og_site_name":"Climate Master","article_modified_time":"2025-05-25T11:53:31+00:00","og_image":[{"width":1280,"height":511,"url":"https:\/\/climatemaster.ge\/wp-content\/uploads\/2025\/05\/dobe_flujo_industrial_main.png","type":"image\/png"}],"twitter_card":"summary_large_image","schema":{"@context":"https:\/\/schema.org","@graph":[{"@type":"WebPage","@id":"https:\/\/climatemaster.ge\/fr\/produit\/industrial-dual-discharge\/","url":"https:\/\/climatemaster.ge\/fr\/produit\/industrial-dual-discharge\/","name":"Double d\u00e9charge industrielle - Climate Master","isPartOf":{"@id":"https:\/\/climatemaster.ge\/#website"},"primaryImageOfPage":{"@id":"https:\/\/climatemaster.ge\/fr\/produit\/industrial-dual-discharge\/#primaryimage"},"image":{"@id":"https:\/\/climatemaster.ge\/fr\/produit\/industrial-dual-discharge\/#primaryimage"},"thumbnailUrl":"https:\/\/climatemaster.ge\/wp-content\/uploads\/2025\/05\/dobe_flujo_industrial_main.png","datePublished":"2025-05-25T11:51:26+00:00","dateModified":"2025-05-25T11:53:31+00:00","breadcrumb":{"@id":"https:\/\/climatemaster.ge\/fr\/produit\/industrial-dual-discharge\/#breadcrumb"},"inLanguage":"fr-FR","potentialAction":[{"@type":"ReadAction","target":["https:\/\/climatemaster.ge\/fr\/produit\/industrial-dual-discharge\/"]}]},{"@type":"ImageObject","inLanguage":"fr-FR","@id":"https:\/\/climatemaster.ge\/fr\/produit\/industrial-dual-discharge\/#primaryimage","url":"https:\/\/climatemaster.ge\/wp-content\/uploads\/2025\/05\/dobe_flujo_industrial_main.png","contentUrl":"https:\/\/climatemaster.ge\/wp-content\/uploads\/2025\/05\/dobe_flujo_industrial_main.png","width":1280,"height":511},{"@type":"BreadcrumbList","@id":"https:\/\/climatemaster.ge\/fr\/produit\/industrial-dual-discharge\/#breadcrumb","itemListElement":[{"@type":"ListItem","position":1,"name":"Home","item":"https:\/\/climatemaster.ge\/"},{"@type":"ListItem","position":2,"name":"Products","item":"https:\/\/climatemaster.ge\/products\/"},{"@type":"ListItem","position":3,"name":"Double d\u00e9charge industrielle"}]},{"@type":"WebSite","@id":"https:\/\/climatemaster.ge\/#website","url":"https:\/\/climatemaster.ge\/","name":"Climate Master","description":"","publisher":{"@id":"https:\/\/climatemaster.ge\/#organization"},"potentialAction":[{"@type":"SearchAction","target":{"@type":"EntryPoint","urlTemplate":"https:\/\/climatemaster.ge\/?s={search_term_string}"},"query-input":{"@type":"PropertyValueSpecification","valueRequired":true,"valueName":"search_term_string"}}],"inLanguage":"fr-FR"},{"@type":"Organization","@id":"https:\/\/climatemaster.ge\/#organization","name":"Climate Master","url":"https:\/\/climatemaster.ge\/","logo":{"@type":"ImageObject","inLanguage":"fr-FR","@id":"https:\/\/climatemaster.ge\/#\/schema\/logo\/image\/","url":"https:\/\/climatemaster.ge\/wp-content\/uploads\/2026\/03\/Untitled-2.png","contentUrl":"https:\/\/climatemaster.ge\/wp-content\/uploads\/2026\/03\/Untitled-2.png","width":600,"height":338,"caption":"Climate Master"},"image":{"@id":"https:\/\/climatemaster.ge\/#\/schema\/logo\/image\/"}}]}},"_links":{"self":[{"href":"https:\/\/climatemaster.ge\/fr\/wp-json\/wp\/v2\/product\/33261","targetHints":{"allow":["GET"]}}],"collection":[{"href":"https:\/\/climatemaster.ge\/fr\/wp-json\/wp\/v2\/product"}],"about":[{"href":"https:\/\/climatemaster.ge\/fr\/wp-json\/wp\/v2\/types\/product"}],"wp:featuredmedia":[{"embeddable":true,"href":"https:\/\/climatemaster.ge\/fr\/wp-json\/wp\/v2\/media\/33244"}],"wp:attachment":[{"href":"https:\/\/climatemaster.ge\/fr\/wp-json\/wp\/v2\/media?parent=33261"}],"wp:term":[{"taxonomy":"product_brand","embeddable":true,"href":"https:\/\/climatemaster.ge\/fr\/wp-json\/wp\/v2\/product_brand?post=33261"},{"taxonomy":"product_cat","embeddable":true,"href":"https:\/\/climatemaster.ge\/fr\/wp-json\/wp\/v2\/product_cat?post=33261"},{"taxonomy":"product_tag","embeddable":true,"href":"https:\/\/climatemaster.ge\/fr\/wp-json\/wp\/v2\/product_tag?post=33261"}],"curies":[{"name":"wp","href":"https:\/\/api.w.org\/{rel}","templated":true}]}}