{"id":33135,"date":"2025-05-25T15:18:59","date_gmt":"2025-05-25T11:18:59","guid":{"rendered":"https:\/\/airsystems.ge\/shop\/product\/dual-discharge-industrial-evaporators-for-freezing-tunnels\/"},"modified":"2025-05-25T15:22:36","modified_gmt":"2025-05-25T11:22:36","slug":"dual-discharge-industrial-evaporators-for-freezing-tunnels","status":"publish","type":"product","link":"https:\/\/climatemaster.ge\/fr\/produit\/dual-discharge-industrial-evaporators-for-freezing-tunnels\/","title":{"rendered":"\u00c9vaporateurs industriels \u00e0 double soufflage pour tunnels de surg\u00e9lation"},"content":{"rendered":"<div class=\"elementor-element elementor-element-6799186e elementor-widget elementor-widget-heading\" data-id=\"6799186e\" data-element_type=\"widget\" data-widget_type=\"heading.default\">\n<div class=\"elementor-widget-container\">\n<p><strong>Caract\u00e9ristiques<\/strong><\/p>\n<p>G\u00e9om\u00e9trie des tubes\u00a0: Tubes 7\/8\u2033 65,43 x 56,66, d\u00e9cal\u00e9s de 7\/8\u2033<br \/>\nMat\u00e9riau des tubes\u00a0: Acier inoxydable AISI 304 (ou AISI 316 sur demande)<br \/>\nAilettes ondul\u00e9es en aluminium (0,25 mm d&rsquo;\u00e9paisseur) pour turbulencer l&rsquo;air traversant le serpentin et augmenter le transfert thermique<br \/>\nVis en acier inoxydable<br \/>\nCarrosserie en aluminium thermolaqu\u00e9 blanc<br \/>\nCuve isol\u00e9e en polyur\u00e9thane de s\u00e9rie pour \u00e9viter la condensation. Plateau enti\u00e8rement fabriqu\u00e9 en PRV (polyester renforc\u00e9 de fibres de verre), un mat\u00e9riau l\u00e9ger et r\u00e9sistant, rigide, r\u00e9sistant \u00e0 la corrosion et offrant une excellente isolation thermique, acoustique et \u00e9lectrique.<br \/>\nVentilateurs axiaux certifi\u00e9s ErP avec moteurs IP55.<br \/>\nL&rsquo;\u00e9quipement est livr\u00e9 pressuris\u00e9 et \u00e9quip\u00e9 de vannes Schrader +.<\/p>\n<p><strong>Accessoires<\/strong><\/p>\n<p>D\u00e9givrage par gaz chaud du plateau avec clapet anti-retour install\u00e9 (en option).<br \/>\nD\u00e9givrage \u00e0 eau.<br \/>\nD\u00e9givrage \u00e9lectrique de la batterie et\/ou du plateau.<br \/>\nD\u00e9givrage mixte.<br \/>\nAnneaux chauffants sur les ventilateurs.<br \/>\nVentilateurs avec moteurs \u00e9lectriques pour ESP sup\u00e9rieure \u00e0 200 Pa.<br \/>\nMoteurs sp\u00e9ciaux.<br \/>\nPaliers mixtes.<br \/>\nT\u00f4les prot\u00e9g\u00e9es par \u00e9poxy.<br \/>\nVentilateurs 100 % r\u00e9versibles.<br \/>\nCarrosserie en acier inoxydable.<br \/>\nPieds de support r\u00e9glables (pour installation sur rails).<\/p>\n<\/div>\n<\/div>\n","protected":false},"excerpt":{"rendered":"<div class=\"elementor-element elementor-element-6799186e elementor-widget elementor-widget-heading\" data-id=\"6799186e\" data-element_type=\"widget\" data-widget_type=\"heading.default\">\n<div class=\"elementor-widget-container\">\n<div class=\"elementor-heading-title elementor-size-default\">EDT<br \/>\nLes \u00e9vaporateurs EDT sont des \u00e9vaporateurs industriels \u00e0 double soufflage, sp\u00e9cialement con\u00e7us pour les tunnels de surg\u00e9lation, de pr\u00e9-refroidissement et m\u00eame les tunnels d&rsquo;a\u00e9ration dynamique. Cette gamme est hautement personnalisable.<\/div>\n<\/div>\n<\/div>\n","protected":false},"featured_media":33130,"template":"","meta":[],"product_brand":[],"product_cat":[682,1642],"product_tag":[],"class_list":{"0":"post-33135","1":"product","2":"type-product","3":"status-publish","4":"has-post-thumbnail","6":"product_cat-climatiseurs-fr-industriels","7":"product_cat-evaporateur","9":"first","10":"instock","11":"shipping-taxable","12":"product-type-simple"},"yoast_head":"<!-- This site is optimized with the Yoast SEO plugin v27.1.1 - https:\/\/yoast.com\/product\/yoast-seo-wordpress\/ -->\n<title>\u00c9vaporateurs industriels \u00e0 double soufflage pour tunnels de surg\u00e9lation - Climate Master<\/title>\n<meta name=\"robots\" content=\"index, follow, max-snippet:-1, max-image-preview:large, max-video-preview:-1\" \/>\n<link rel=\"canonical\" href=\"https:\/\/climatemaster.ge\/fr\/produit\/dual-discharge-industrial-evaporators-for-freezing-tunnels\/\" \/>\n<meta property=\"og:locale\" content=\"fr_FR\" \/>\n<meta property=\"og:type\" content=\"article\" \/>\n<meta property=\"og:title\" content=\"\u00c9vaporateurs industriels \u00e0 double soufflage pour tunnels de surg\u00e9lation - Climate Master\" \/>\n<meta property=\"og:description\" content=\"EDT Les \u00e9vaporateurs EDT sont des \u00e9vaporateurs industriels \u00e0 double soufflage, sp\u00e9cialement con\u00e7us pour les tunnels de surg\u00e9lation, de pr\u00e9-refroidissement et m\u00eame les tunnels d&#039;a\u00e9ration dynamique. Cette gamme est hautement personnalisable.\" \/>\n<meta property=\"og:url\" content=\"https:\/\/climatemaster.ge\/fr\/produit\/dual-discharge-industrial-evaporators-for-freezing-tunnels\/\" \/>\n<meta property=\"og:site_name\" content=\"Climate Master\" \/>\n<meta property=\"article:modified_time\" content=\"2025-05-25T11:22:36+00:00\" \/>\n<meta property=\"og:image\" content=\"https:\/\/climatemaster.ge\/wp-content\/uploads\/2025\/05\/Dual-Discharge-Industrial-Evaporators-For-Freezing-Tunnels-qdd9gb4mflqqpaqlbxa9f5dqcfgymexy049j3p8mk4.png\" \/>\n\t<meta property=\"og:image:width\" content=\"700\" \/>\n\t<meta property=\"og:image:height\" content=\"466\" \/>\n\t<meta property=\"og:image:type\" content=\"image\/png\" \/>\n<meta name=\"twitter:card\" content=\"summary_large_image\" \/>\n<meta name=\"twitter:label1\" content=\"Dur\u00e9e de lecture estim\u00e9e\" \/>\n\t<meta name=\"twitter:data1\" content=\"1 minute\" \/>\n<script type=\"application\/ld+json\" class=\"yoast-schema-graph\">{\"@context\":\"https:\/\/schema.org\",\"@graph\":[{\"@type\":\"WebPage\",\"@id\":\"https:\/\/climatemaster.ge\/fr\/produit\/dual-discharge-industrial-evaporators-for-freezing-tunnels\/\",\"url\":\"https:\/\/climatemaster.ge\/fr\/produit\/dual-discharge-industrial-evaporators-for-freezing-tunnels\/\",\"name\":\"\u00c9vaporateurs industriels \u00e0 double soufflage pour tunnels de surg\u00e9lation - Climate Master\",\"isPartOf\":{\"@id\":\"https:\/\/climatemaster.ge\/#website\"},\"primaryImageOfPage\":{\"@id\":\"https:\/\/climatemaster.ge\/fr\/produit\/dual-discharge-industrial-evaporators-for-freezing-tunnels\/#primaryimage\"},\"image\":{\"@id\":\"https:\/\/climatemaster.ge\/fr\/produit\/dual-discharge-industrial-evaporators-for-freezing-tunnels\/#primaryimage\"},\"thumbnailUrl\":\"https:\/\/climatemaster.ge\/wp-content\/uploads\/2025\/05\/Dual-Discharge-Industrial-Evaporators-For-Freezing-Tunnels-qdd9gb4mflqqpaqlbxa9f5dqcfgymexy049j3p8mk4.png\",\"datePublished\":\"2025-05-25T11:18:59+00:00\",\"dateModified\":\"2025-05-25T11:22:36+00:00\",\"breadcrumb\":{\"@id\":\"https:\/\/climatemaster.ge\/fr\/produit\/dual-discharge-industrial-evaporators-for-freezing-tunnels\/#breadcrumb\"},\"inLanguage\":\"fr-FR\",\"potentialAction\":[{\"@type\":\"ReadAction\",\"target\":[\"https:\/\/climatemaster.ge\/fr\/produit\/dual-discharge-industrial-evaporators-for-freezing-tunnels\/\"]}]},{\"@type\":\"ImageObject\",\"inLanguage\":\"fr-FR\",\"@id\":\"https:\/\/climatemaster.ge\/fr\/produit\/dual-discharge-industrial-evaporators-for-freezing-tunnels\/#primaryimage\",\"url\":\"https:\/\/climatemaster.ge\/wp-content\/uploads\/2025\/05\/Dual-Discharge-Industrial-Evaporators-For-Freezing-Tunnels-qdd9gb4mflqqpaqlbxa9f5dqcfgymexy049j3p8mk4.png\",\"contentUrl\":\"https:\/\/climatemaster.ge\/wp-content\/uploads\/2025\/05\/Dual-Discharge-Industrial-Evaporators-For-Freezing-Tunnels-qdd9gb4mflqqpaqlbxa9f5dqcfgymexy049j3p8mk4.png\",\"width\":700,\"height\":466},{\"@type\":\"BreadcrumbList\",\"@id\":\"https:\/\/climatemaster.ge\/fr\/produit\/dual-discharge-industrial-evaporators-for-freezing-tunnels\/#breadcrumb\",\"itemListElement\":[{\"@type\":\"ListItem\",\"position\":1,\"name\":\"Home\",\"item\":\"https:\/\/climatemaster.ge\/\"},{\"@type\":\"ListItem\",\"position\":2,\"name\":\"Products\",\"item\":\"https:\/\/climatemaster.ge\/products\/\"},{\"@type\":\"ListItem\",\"position\":3,\"name\":\"\u00c9vaporateurs industriels \u00e0 double soufflage pour tunnels de surg\u00e9lation\"}]},{\"@type\":\"WebSite\",\"@id\":\"https:\/\/climatemaster.ge\/#website\",\"url\":\"https:\/\/climatemaster.ge\/\",\"name\":\"Climate Master\",\"description\":\"\",\"publisher\":{\"@id\":\"https:\/\/climatemaster.ge\/#organization\"},\"potentialAction\":[{\"@type\":\"SearchAction\",\"target\":{\"@type\":\"EntryPoint\",\"urlTemplate\":\"https:\/\/climatemaster.ge\/?s={search_term_string}\"},\"query-input\":{\"@type\":\"PropertyValueSpecification\",\"valueRequired\":true,\"valueName\":\"search_term_string\"}}],\"inLanguage\":\"fr-FR\"},{\"@type\":\"Organization\",\"@id\":\"https:\/\/climatemaster.ge\/#organization\",\"name\":\"Climate Master\",\"url\":\"https:\/\/climatemaster.ge\/\",\"logo\":{\"@type\":\"ImageObject\",\"inLanguage\":\"fr-FR\",\"@id\":\"https:\/\/climatemaster.ge\/#\/schema\/logo\/image\/\",\"url\":\"https:\/\/climatemaster.ge\/wp-content\/uploads\/2026\/03\/Untitled-2.png\",\"contentUrl\":\"https:\/\/climatemaster.ge\/wp-content\/uploads\/2026\/03\/Untitled-2.png\",\"width\":600,\"height\":338,\"caption\":\"Climate Master\"},\"image\":{\"@id\":\"https:\/\/climatemaster.ge\/#\/schema\/logo\/image\/\"}}]}<\/script>\n<!-- \/ Yoast SEO plugin. -->","yoast_head_json":{"title":"\u00c9vaporateurs industriels \u00e0 double soufflage pour tunnels de surg\u00e9lation - Climate Master","robots":{"index":"index","follow":"follow","max-snippet":"max-snippet:-1","max-image-preview":"max-image-preview:large","max-video-preview":"max-video-preview:-1"},"canonical":"https:\/\/climatemaster.ge\/fr\/produit\/dual-discharge-industrial-evaporators-for-freezing-tunnels\/","og_locale":"fr_FR","og_type":"article","og_title":"\u00c9vaporateurs industriels \u00e0 double soufflage pour tunnels de surg\u00e9lation - Climate Master","og_description":"EDT Les \u00e9vaporateurs EDT sont des \u00e9vaporateurs industriels \u00e0 double soufflage, sp\u00e9cialement con\u00e7us pour les tunnels de surg\u00e9lation, de pr\u00e9-refroidissement et m\u00eame les tunnels d'a\u00e9ration dynamique. Cette gamme est hautement personnalisable.","og_url":"https:\/\/climatemaster.ge\/fr\/produit\/dual-discharge-industrial-evaporators-for-freezing-tunnels\/","og_site_name":"Climate Master","article_modified_time":"2025-05-25T11:22:36+00:00","og_image":[{"width":700,"height":466,"url":"https:\/\/climatemaster.ge\/wp-content\/uploads\/2025\/05\/Dual-Discharge-Industrial-Evaporators-For-Freezing-Tunnels-qdd9gb4mflqqpaqlbxa9f5dqcfgymexy049j3p8mk4.png","type":"image\/png"}],"twitter_card":"summary_large_image","twitter_misc":{"Dur\u00e9e de lecture estim\u00e9e":"1 minute"},"schema":{"@context":"https:\/\/schema.org","@graph":[{"@type":"WebPage","@id":"https:\/\/climatemaster.ge\/fr\/produit\/dual-discharge-industrial-evaporators-for-freezing-tunnels\/","url":"https:\/\/climatemaster.ge\/fr\/produit\/dual-discharge-industrial-evaporators-for-freezing-tunnels\/","name":"\u00c9vaporateurs industriels \u00e0 double soufflage pour tunnels de surg\u00e9lation - Climate Master","isPartOf":{"@id":"https:\/\/climatemaster.ge\/#website"},"primaryImageOfPage":{"@id":"https:\/\/climatemaster.ge\/fr\/produit\/dual-discharge-industrial-evaporators-for-freezing-tunnels\/#primaryimage"},"image":{"@id":"https:\/\/climatemaster.ge\/fr\/produit\/dual-discharge-industrial-evaporators-for-freezing-tunnels\/#primaryimage"},"thumbnailUrl":"https:\/\/climatemaster.ge\/wp-content\/uploads\/2025\/05\/Dual-Discharge-Industrial-Evaporators-For-Freezing-Tunnels-qdd9gb4mflqqpaqlbxa9f5dqcfgymexy049j3p8mk4.png","datePublished":"2025-05-25T11:18:59+00:00","dateModified":"2025-05-25T11:22:36+00:00","breadcrumb":{"@id":"https:\/\/climatemaster.ge\/fr\/produit\/dual-discharge-industrial-evaporators-for-freezing-tunnels\/#breadcrumb"},"inLanguage":"fr-FR","potentialAction":[{"@type":"ReadAction","target":["https:\/\/climatemaster.ge\/fr\/produit\/dual-discharge-industrial-evaporators-for-freezing-tunnels\/"]}]},{"@type":"ImageObject","inLanguage":"fr-FR","@id":"https:\/\/climatemaster.ge\/fr\/produit\/dual-discharge-industrial-evaporators-for-freezing-tunnels\/#primaryimage","url":"https:\/\/climatemaster.ge\/wp-content\/uploads\/2025\/05\/Dual-Discharge-Industrial-Evaporators-For-Freezing-Tunnels-qdd9gb4mflqqpaqlbxa9f5dqcfgymexy049j3p8mk4.png","contentUrl":"https:\/\/climatemaster.ge\/wp-content\/uploads\/2025\/05\/Dual-Discharge-Industrial-Evaporators-For-Freezing-Tunnels-qdd9gb4mflqqpaqlbxa9f5dqcfgymexy049j3p8mk4.png","width":700,"height":466},{"@type":"BreadcrumbList","@id":"https:\/\/climatemaster.ge\/fr\/produit\/dual-discharge-industrial-evaporators-for-freezing-tunnels\/#breadcrumb","itemListElement":[{"@type":"ListItem","position":1,"name":"Home","item":"https:\/\/climatemaster.ge\/"},{"@type":"ListItem","position":2,"name":"Products","item":"https:\/\/climatemaster.ge\/products\/"},{"@type":"ListItem","position":3,"name":"\u00c9vaporateurs industriels \u00e0 double soufflage pour tunnels de surg\u00e9lation"}]},{"@type":"WebSite","@id":"https:\/\/climatemaster.ge\/#website","url":"https:\/\/climatemaster.ge\/","name":"Climate Master","description":"","publisher":{"@id":"https:\/\/climatemaster.ge\/#organization"},"potentialAction":[{"@type":"SearchAction","target":{"@type":"EntryPoint","urlTemplate":"https:\/\/climatemaster.ge\/?s={search_term_string}"},"query-input":{"@type":"PropertyValueSpecification","valueRequired":true,"valueName":"search_term_string"}}],"inLanguage":"fr-FR"},{"@type":"Organization","@id":"https:\/\/climatemaster.ge\/#organization","name":"Climate Master","url":"https:\/\/climatemaster.ge\/","logo":{"@type":"ImageObject","inLanguage":"fr-FR","@id":"https:\/\/climatemaster.ge\/#\/schema\/logo\/image\/","url":"https:\/\/climatemaster.ge\/wp-content\/uploads\/2026\/03\/Untitled-2.png","contentUrl":"https:\/\/climatemaster.ge\/wp-content\/uploads\/2026\/03\/Untitled-2.png","width":600,"height":338,"caption":"Climate Master"},"image":{"@id":"https:\/\/climatemaster.ge\/#\/schema\/logo\/image\/"}}]}},"_links":{"self":[{"href":"https:\/\/climatemaster.ge\/fr\/wp-json\/wp\/v2\/product\/33135","targetHints":{"allow":["GET"]}}],"collection":[{"href":"https:\/\/climatemaster.ge\/fr\/wp-json\/wp\/v2\/product"}],"about":[{"href":"https:\/\/climatemaster.ge\/fr\/wp-json\/wp\/v2\/types\/product"}],"wp:featuredmedia":[{"embeddable":true,"href":"https:\/\/climatemaster.ge\/fr\/wp-json\/wp\/v2\/media\/33130"}],"wp:attachment":[{"href":"https:\/\/climatemaster.ge\/fr\/wp-json\/wp\/v2\/media?parent=33135"}],"wp:term":[{"taxonomy":"product_brand","embeddable":true,"href":"https:\/\/climatemaster.ge\/fr\/wp-json\/wp\/v2\/product_brand?post=33135"},{"taxonomy":"product_cat","embeddable":true,"href":"https:\/\/climatemaster.ge\/fr\/wp-json\/wp\/v2\/product_cat?post=33135"},{"taxonomy":"product_tag","embeddable":true,"href":"https:\/\/climatemaster.ge\/fr\/wp-json\/wp\/v2\/product_tag?post=33135"}],"curies":[{"name":"wp","href":"https:\/\/api.w.org\/{rel}","templated":true}]}}