{"id":32974,"date":"2025-05-25T13:57:53","date_gmt":"2025-05-25T09:57:53","guid":{"rendered":"https:\/\/airsystems.ge\/shop\/product\/industrial-cubic-evaporators-cu-al\/"},"modified":"2025-05-25T14:01:34","modified_gmt":"2025-05-25T10:01:34","slug":"industrial-cubic-evaporators-cu-al","status":"publish","type":"product","link":"https:\/\/climatemaster.ge\/fr\/produit\/industrial-cubic-evaporators-cu-al\/","title":{"rendered":"\u00c9vaporateurs cubiques industriels (Cu\/Al)"},"content":{"rendered":"","protected":false},"excerpt":{"rendered":"<div class=\"elementor-element elementor-element-6799186e elementor-widget elementor-widget-heading\" data-id=\"6799186e\" data-element_type=\"widget\" data-widget_type=\"heading.default\">\n<div class=\"elementor-widget-container\">\n<div class=\"elementor-heading-title elementor-size-default\">\n<p>EC<br \/>\nLes \u00e9vaporateurs industriels ENEX en cuivre\/aluminium ont \u00e9t\u00e9 d\u00e9velopp\u00e9s pour les installations de petite et grande taille, offrant une puissance frigorifique de 0,7 kW \u00e0 168,5 kW. Nous proposons plus de 200 mod\u00e8les pour aider nos clients \u00e0 choisir le meilleur choix pour chaque segment de refroidissement et chaque application. Tous nos \u00e9vaporateurs utilisent des composants de haute qualit\u00e9 qui garantissent une longue dur\u00e9e de vie et des performances \u00e9lev\u00e9es en toutes circonstances. Prot\u00e9g\u00e9s contre la corrosion, ils sont disponibles en diff\u00e9rentes finitions et peuvent \u00eatre con\u00e7us pour fonctionner comme refroidisseurs de saumure avec de l&rsquo;eau glycol\u00e9e et pour les \u00e9vaporateurs de CO\u2082.<\/p>\n<p>Notre gamme de refroidisseurs industriels comprend 124 mod\u00e8les con\u00e7us pour les applications de refroidissement industriel \u00e0 haute et moyenne temp\u00e9rature, avec des puissances frigorifiques de 12\u00a0000 \u00e0 168\u00a0500 W (s\u00e9rie IRP), et pour les applications de cong\u00e9lation industrielle \u00e0 basse temp\u00e9rature, avec des puissances frigorifiques de 9\u00a0500 \u00e0 139\u00a0000 W (s\u00e9rie ICP).<\/p>\n<\/div>\n<\/div>\n<\/div>\n","protected":false},"featured_media":32968,"template":"","meta":[],"product_brand":[],"product_cat":[682,1642],"product_tag":[],"class_list":{"0":"post-32974","1":"product","2":"type-product","3":"status-publish","4":"has-post-thumbnail","6":"product_cat-climatiseurs-fr-industriels","7":"product_cat-evaporateur","9":"first","10":"instock","11":"shipping-taxable","12":"product-type-simple"},"yoast_head":"<!-- This site is optimized with the Yoast SEO plugin v27.1.1 - https:\/\/yoast.com\/product\/yoast-seo-wordpress\/ -->\n<title>\u00c9vaporateurs cubiques industriels (Cu\/Al) - Climate Master<\/title>\n<meta name=\"robots\" content=\"index, follow, max-snippet:-1, max-image-preview:large, max-video-preview:-1\" \/>\n<link rel=\"canonical\" href=\"https:\/\/climatemaster.ge\/fr\/produit\/industrial-cubic-evaporators-cu-al\/\" \/>\n<meta property=\"og:locale\" content=\"fr_FR\" \/>\n<meta property=\"og:type\" content=\"article\" \/>\n<meta property=\"og:title\" content=\"\u00c9vaporateurs cubiques industriels (Cu\/Al) - Climate Master\" \/>\n<meta property=\"og:description\" content=\"EC Les \u00e9vaporateurs industriels ENEX en cuivre\/aluminium ont \u00e9t\u00e9 d\u00e9velopp\u00e9s pour les installations de petite et grande taille, offrant une puissance frigorifique de 0,7 kW \u00e0 168,5 kW. Nous proposons plus de 200 mod\u00e8les pour aider nos clients \u00e0 choisir le meilleur choix pour chaque segment de refroidissement et chaque application. Tous nos \u00e9vaporateurs utilisent des composants de haute qualit\u00e9 qui garantissent une longue dur\u00e9e de vie et des performances \u00e9lev\u00e9es en toutes circonstances. Prot\u00e9g\u00e9s contre la corrosion, ils sont disponibles en diff\u00e9rentes finitions et peuvent \u00eatre con\u00e7us pour fonctionner comme refroidisseurs de saumure avec de l&#039;eau glycol\u00e9e et pour les \u00e9vaporateurs de CO\u2082.  Notre gamme de refroidisseurs industriels comprend 124 mod\u00e8les con\u00e7us pour les applications de refroidissement industriel \u00e0 haute et moyenne temp\u00e9rature, avec des puissances frigorifiques de 12\u00a0000 \u00e0 168\u00a0500 W (s\u00e9rie IRP), et pour les applications de cong\u00e9lation industrielle \u00e0 basse temp\u00e9rature, avec des puissances frigorifiques de 9\u00a0500 \u00e0 139\u00a0000 W (s\u00e9rie ICP).\" \/>\n<meta property=\"og:url\" content=\"https:\/\/climatemaster.ge\/fr\/produit\/industrial-cubic-evaporators-cu-al\/\" \/>\n<meta property=\"og:site_name\" content=\"Climate Master\" \/>\n<meta property=\"article:modified_time\" content=\"2025-05-25T10:01:34+00:00\" \/>\n<meta property=\"og:image\" content=\"https:\/\/climatemaster.ge\/wp-content\/uploads\/2025\/05\/Industrial-Cubic-Evaporators-Cu_Al_-qdd9h8yt9n12b9dfubwtwwubqau6bioa4rr0dnugc4.png\" \/>\n\t<meta property=\"og:image:width\" content=\"700\" \/>\n\t<meta property=\"og:image:height\" content=\"466\" \/>\n\t<meta property=\"og:image:type\" content=\"image\/png\" \/>\n<meta name=\"twitter:card\" content=\"summary_large_image\" \/>\n<script type=\"application\/ld+json\" class=\"yoast-schema-graph\">{\"@context\":\"https:\/\/schema.org\",\"@graph\":[{\"@type\":\"WebPage\",\"@id\":\"https:\/\/climatemaster.ge\/fr\/produit\/industrial-cubic-evaporators-cu-al\/\",\"url\":\"https:\/\/climatemaster.ge\/fr\/produit\/industrial-cubic-evaporators-cu-al\/\",\"name\":\"\u00c9vaporateurs cubiques industriels (Cu\/Al) - Climate Master\",\"isPartOf\":{\"@id\":\"https:\/\/climatemaster.ge\/#website\"},\"primaryImageOfPage\":{\"@id\":\"https:\/\/climatemaster.ge\/fr\/produit\/industrial-cubic-evaporators-cu-al\/#primaryimage\"},\"image\":{\"@id\":\"https:\/\/climatemaster.ge\/fr\/produit\/industrial-cubic-evaporators-cu-al\/#primaryimage\"},\"thumbnailUrl\":\"https:\/\/climatemaster.ge\/wp-content\/uploads\/2025\/05\/Industrial-Cubic-Evaporators-Cu_Al_-qdd9h8yt9n12b9dfubwtwwubqau6bioa4rr0dnugc4.png\",\"datePublished\":\"2025-05-25T09:57:53+00:00\",\"dateModified\":\"2025-05-25T10:01:34+00:00\",\"breadcrumb\":{\"@id\":\"https:\/\/climatemaster.ge\/fr\/produit\/industrial-cubic-evaporators-cu-al\/#breadcrumb\"},\"inLanguage\":\"fr-FR\",\"potentialAction\":[{\"@type\":\"ReadAction\",\"target\":[\"https:\/\/climatemaster.ge\/fr\/produit\/industrial-cubic-evaporators-cu-al\/\"]}]},{\"@type\":\"ImageObject\",\"inLanguage\":\"fr-FR\",\"@id\":\"https:\/\/climatemaster.ge\/fr\/produit\/industrial-cubic-evaporators-cu-al\/#primaryimage\",\"url\":\"https:\/\/climatemaster.ge\/wp-content\/uploads\/2025\/05\/Industrial-Cubic-Evaporators-Cu_Al_-qdd9h8yt9n12b9dfubwtwwubqau6bioa4rr0dnugc4.png\",\"contentUrl\":\"https:\/\/climatemaster.ge\/wp-content\/uploads\/2025\/05\/Industrial-Cubic-Evaporators-Cu_Al_-qdd9h8yt9n12b9dfubwtwwubqau6bioa4rr0dnugc4.png\",\"width\":700,\"height\":466},{\"@type\":\"BreadcrumbList\",\"@id\":\"https:\/\/climatemaster.ge\/fr\/produit\/industrial-cubic-evaporators-cu-al\/#breadcrumb\",\"itemListElement\":[{\"@type\":\"ListItem\",\"position\":1,\"name\":\"Home\",\"item\":\"https:\/\/climatemaster.ge\/\"},{\"@type\":\"ListItem\",\"position\":2,\"name\":\"Products\",\"item\":\"https:\/\/climatemaster.ge\/products\/\"},{\"@type\":\"ListItem\",\"position\":3,\"name\":\"\u00c9vaporateurs cubiques industriels (Cu\/Al)\"}]},{\"@type\":\"WebSite\",\"@id\":\"https:\/\/climatemaster.ge\/#website\",\"url\":\"https:\/\/climatemaster.ge\/\",\"name\":\"Climate Master\",\"description\":\"\",\"publisher\":{\"@id\":\"https:\/\/climatemaster.ge\/#organization\"},\"potentialAction\":[{\"@type\":\"SearchAction\",\"target\":{\"@type\":\"EntryPoint\",\"urlTemplate\":\"https:\/\/climatemaster.ge\/?s={search_term_string}\"},\"query-input\":{\"@type\":\"PropertyValueSpecification\",\"valueRequired\":true,\"valueName\":\"search_term_string\"}}],\"inLanguage\":\"fr-FR\"},{\"@type\":\"Organization\",\"@id\":\"https:\/\/climatemaster.ge\/#organization\",\"name\":\"Climate Master\",\"url\":\"https:\/\/climatemaster.ge\/\",\"logo\":{\"@type\":\"ImageObject\",\"inLanguage\":\"fr-FR\",\"@id\":\"https:\/\/climatemaster.ge\/#\/schema\/logo\/image\/\",\"url\":\"https:\/\/climatemaster.ge\/wp-content\/uploads\/2026\/03\/Untitled-2.png\",\"contentUrl\":\"https:\/\/climatemaster.ge\/wp-content\/uploads\/2026\/03\/Untitled-2.png\",\"width\":600,\"height\":338,\"caption\":\"Climate Master\"},\"image\":{\"@id\":\"https:\/\/climatemaster.ge\/#\/schema\/logo\/image\/\"}}]}<\/script>\n<!-- \/ Yoast SEO plugin. -->","yoast_head_json":{"title":"\u00c9vaporateurs cubiques industriels (Cu\/Al) - Climate Master","robots":{"index":"index","follow":"follow","max-snippet":"max-snippet:-1","max-image-preview":"max-image-preview:large","max-video-preview":"max-video-preview:-1"},"canonical":"https:\/\/climatemaster.ge\/fr\/produit\/industrial-cubic-evaporators-cu-al\/","og_locale":"fr_FR","og_type":"article","og_title":"\u00c9vaporateurs cubiques industriels (Cu\/Al) - Climate Master","og_description":"EC Les \u00e9vaporateurs industriels ENEX en cuivre\/aluminium ont \u00e9t\u00e9 d\u00e9velopp\u00e9s pour les installations de petite et grande taille, offrant une puissance frigorifique de 0,7 kW \u00e0 168,5 kW. Nous proposons plus de 200 mod\u00e8les pour aider nos clients \u00e0 choisir le meilleur choix pour chaque segment de refroidissement et chaque application. Tous nos \u00e9vaporateurs utilisent des composants de haute qualit\u00e9 qui garantissent une longue dur\u00e9e de vie et des performances \u00e9lev\u00e9es en toutes circonstances. Prot\u00e9g\u00e9s contre la corrosion, ils sont disponibles en diff\u00e9rentes finitions et peuvent \u00eatre con\u00e7us pour fonctionner comme refroidisseurs de saumure avec de l'eau glycol\u00e9e et pour les \u00e9vaporateurs de CO\u2082.  Notre gamme de refroidisseurs industriels comprend 124 mod\u00e8les con\u00e7us pour les applications de refroidissement industriel \u00e0 haute et moyenne temp\u00e9rature, avec des puissances frigorifiques de 12\u00a0000 \u00e0 168\u00a0500 W (s\u00e9rie IRP), et pour les applications de cong\u00e9lation industrielle \u00e0 basse temp\u00e9rature, avec des puissances frigorifiques de 9\u00a0500 \u00e0 139\u00a0000 W (s\u00e9rie ICP).","og_url":"https:\/\/climatemaster.ge\/fr\/produit\/industrial-cubic-evaporators-cu-al\/","og_site_name":"Climate Master","article_modified_time":"2025-05-25T10:01:34+00:00","og_image":[{"width":700,"height":466,"url":"https:\/\/climatemaster.ge\/wp-content\/uploads\/2025\/05\/Industrial-Cubic-Evaporators-Cu_Al_-qdd9h8yt9n12b9dfubwtwwubqau6bioa4rr0dnugc4.png","type":"image\/png"}],"twitter_card":"summary_large_image","schema":{"@context":"https:\/\/schema.org","@graph":[{"@type":"WebPage","@id":"https:\/\/climatemaster.ge\/fr\/produit\/industrial-cubic-evaporators-cu-al\/","url":"https:\/\/climatemaster.ge\/fr\/produit\/industrial-cubic-evaporators-cu-al\/","name":"\u00c9vaporateurs cubiques industriels (Cu\/Al) - Climate Master","isPartOf":{"@id":"https:\/\/climatemaster.ge\/#website"},"primaryImageOfPage":{"@id":"https:\/\/climatemaster.ge\/fr\/produit\/industrial-cubic-evaporators-cu-al\/#primaryimage"},"image":{"@id":"https:\/\/climatemaster.ge\/fr\/produit\/industrial-cubic-evaporators-cu-al\/#primaryimage"},"thumbnailUrl":"https:\/\/climatemaster.ge\/wp-content\/uploads\/2025\/05\/Industrial-Cubic-Evaporators-Cu_Al_-qdd9h8yt9n12b9dfubwtwwubqau6bioa4rr0dnugc4.png","datePublished":"2025-05-25T09:57:53+00:00","dateModified":"2025-05-25T10:01:34+00:00","breadcrumb":{"@id":"https:\/\/climatemaster.ge\/fr\/produit\/industrial-cubic-evaporators-cu-al\/#breadcrumb"},"inLanguage":"fr-FR","potentialAction":[{"@type":"ReadAction","target":["https:\/\/climatemaster.ge\/fr\/produit\/industrial-cubic-evaporators-cu-al\/"]}]},{"@type":"ImageObject","inLanguage":"fr-FR","@id":"https:\/\/climatemaster.ge\/fr\/produit\/industrial-cubic-evaporators-cu-al\/#primaryimage","url":"https:\/\/climatemaster.ge\/wp-content\/uploads\/2025\/05\/Industrial-Cubic-Evaporators-Cu_Al_-qdd9h8yt9n12b9dfubwtwwubqau6bioa4rr0dnugc4.png","contentUrl":"https:\/\/climatemaster.ge\/wp-content\/uploads\/2025\/05\/Industrial-Cubic-Evaporators-Cu_Al_-qdd9h8yt9n12b9dfubwtwwubqau6bioa4rr0dnugc4.png","width":700,"height":466},{"@type":"BreadcrumbList","@id":"https:\/\/climatemaster.ge\/fr\/produit\/industrial-cubic-evaporators-cu-al\/#breadcrumb","itemListElement":[{"@type":"ListItem","position":1,"name":"Home","item":"https:\/\/climatemaster.ge\/"},{"@type":"ListItem","position":2,"name":"Products","item":"https:\/\/climatemaster.ge\/products\/"},{"@type":"ListItem","position":3,"name":"\u00c9vaporateurs cubiques industriels (Cu\/Al)"}]},{"@type":"WebSite","@id":"https:\/\/climatemaster.ge\/#website","url":"https:\/\/climatemaster.ge\/","name":"Climate Master","description":"","publisher":{"@id":"https:\/\/climatemaster.ge\/#organization"},"potentialAction":[{"@type":"SearchAction","target":{"@type":"EntryPoint","urlTemplate":"https:\/\/climatemaster.ge\/?s={search_term_string}"},"query-input":{"@type":"PropertyValueSpecification","valueRequired":true,"valueName":"search_term_string"}}],"inLanguage":"fr-FR"},{"@type":"Organization","@id":"https:\/\/climatemaster.ge\/#organization","name":"Climate Master","url":"https:\/\/climatemaster.ge\/","logo":{"@type":"ImageObject","inLanguage":"fr-FR","@id":"https:\/\/climatemaster.ge\/#\/schema\/logo\/image\/","url":"https:\/\/climatemaster.ge\/wp-content\/uploads\/2026\/03\/Untitled-2.png","contentUrl":"https:\/\/climatemaster.ge\/wp-content\/uploads\/2026\/03\/Untitled-2.png","width":600,"height":338,"caption":"Climate Master"},"image":{"@id":"https:\/\/climatemaster.ge\/#\/schema\/logo\/image\/"}}]}},"_links":{"self":[{"href":"https:\/\/climatemaster.ge\/fr\/wp-json\/wp\/v2\/product\/32974","targetHints":{"allow":["GET"]}}],"collection":[{"href":"https:\/\/climatemaster.ge\/fr\/wp-json\/wp\/v2\/product"}],"about":[{"href":"https:\/\/climatemaster.ge\/fr\/wp-json\/wp\/v2\/types\/product"}],"wp:featuredmedia":[{"embeddable":true,"href":"https:\/\/climatemaster.ge\/fr\/wp-json\/wp\/v2\/media\/32968"}],"wp:attachment":[{"href":"https:\/\/climatemaster.ge\/fr\/wp-json\/wp\/v2\/media?parent=32974"}],"wp:term":[{"taxonomy":"product_brand","embeddable":true,"href":"https:\/\/climatemaster.ge\/fr\/wp-json\/wp\/v2\/product_brand?post=32974"},{"taxonomy":"product_cat","embeddable":true,"href":"https:\/\/climatemaster.ge\/fr\/wp-json\/wp\/v2\/product_cat?post=32974"},{"taxonomy":"product_tag","embeddable":true,"href":"https:\/\/climatemaster.ge\/fr\/wp-json\/wp\/v2\/product_tag?post=32974"}],"curies":[{"name":"wp","href":"https:\/\/api.w.org\/{rel}","templated":true}]}}