{"id":32917,"date":"2025-05-24T17:38:04","date_gmt":"2025-05-24T13:38:04","guid":{"rendered":"https:\/\/airsystems.ge\/shop\/product\/ntc-cooling-towers\/"},"modified":"2025-05-24T17:43:18","modified_gmt":"2025-05-24T13:43:18","slug":"ntc-cooling-towers","status":"publish","type":"product","link":"https:\/\/climatemaster.ge\/fr\/produit\/ntc-cooling-towers\/","title":{"rendered":"Tours de refroidissement NTC"},"content":{"rendered":"<p><strong>Caract\u00e9ristiques<\/strong><\/p>\n<p>\u00c9conomies d&rsquo;\u00e9nergie maximales et faibles co\u00fbts d&rsquo;installation<br \/>\nVentilateurs axiaux \u00e9quip\u00e9s de moteurs EC et d&rsquo;une \u00e9lectronique commut\u00e9e de s\u00e9rie<br \/>\nCarcasse en polyester renforc\u00e9 de fibres de verre (PRV)<br \/>\nVis en acier inoxydable<br \/>\nFiltre anti-cavitation en acier inoxydable de s\u00e9rie<br \/>\nAcc\u00e8s tr\u00e8s facile \u00e0 toutes les pi\u00e8ces d&rsquo;entretien<\/p>\n<p><strong>Accessoires<\/strong><\/p>\n<p>Plusieurs circuits ind\u00e9pendants dans la batterie d&rsquo;\u00e9change thermique<br \/>\nBatterie d&rsquo;\u00e9change enti\u00e8rement en acier inoxydable, qualit\u00e9 AISI 304L et AISI 316L<br \/>\nR\u00e9sistance chauffante install\u00e9e dans le bassin de recirculation d&rsquo;eau<br \/>\nContr\u00f4le de niveau \u00e9lectronique en remplacement de la vanne \u00e0 flotteur m\u00e9canique<br \/>\nSyst\u00e8me de contr\u00f4le de la qualit\u00e9 de l&rsquo;eau E-CARE<br \/>\nPompe de r\u00e9serve mont\u00e9e avec clapet anti-retour<br \/>\nCouleur personnalisable<br \/>\nFeux de signalisation<br \/>\n\u00c9chelle et passerelles p\u00e9riph\u00e9riques pour la maintenance, fabriqu\u00e9es exclusivement en PRV<br \/>\nGarantie Premium \u00e9tendue de 5 ans avec service apr\u00e8s-vente 24h\/24<\/p>\n<p>&nbsp;<\/p>\n","protected":false},"excerpt":{"rendered":"<div class=\"elementor-element elementor-element-f80f489 elementor-widget elementor-widget-heading\" data-id=\"f80f489\" data-element_type=\"widget\" data-widget_type=\"heading.default\">\n<div class=\"elementor-widget-container\">\n<div class=\"elementor-heading-title elementor-size-default\">\n<p>Tours de refroidissement \u00e0 circuit ferm\u00e9<br \/>\nTours de refroidissement \u00e0 circuit ferm\u00e9 de derni\u00e8re g\u00e9n\u00e9ration, \u00e0 contre-courant et \u00e0 tirage forc\u00e9. Carcasse en polyester renforc\u00e9 de fibre de verre, ventilateurs axiaux EC de s\u00e9rie et batterie ultra-compacte avec une charge de r\u00e9frig\u00e9rant minimale.<\/p>\n<p>Les tours de refroidissement \u00e0 circuit ferm\u00e9 de la s\u00e9rie NTC sont en avance sur leur temps. Ce sont des tours de refroidissement \u00e0 contre-courant et \u00e0 tirage forc\u00e9, dot\u00e9es d&rsquo;une carcasse en polyester renforc\u00e9 de fibre de verre (PRV), des caract\u00e9ristiques qui garantissent une excellente r\u00e9sistance \u00e0 la corrosion et des performances optimales.<\/p>\n<p>Les tours de refroidissement NTC int\u00e8grent des moteurs \u00e9lectriques \u00e0 technologie EC innovante (contr\u00f4leur int\u00e9gr\u00e9) et se caract\u00e9risent par un tr\u00e8s faible niveau de pression acoustique, garantissant ainsi un fonctionnement tr\u00e8s silencieux. Les moteurs EC offrent un rendement sup\u00e9rieur, d\u00e9passant les exigences IE4.<\/p>\n<p>L&rsquo;\u00e9lectronique int\u00e9gr\u00e9e des moteurs EC permet un contr\u00f4le variable de la vitesse du ventilateur pour une \u00e9conomie d&rsquo;\u00e9nergie maximale de l&rsquo;installation, avec une consommation \u00e9lectrique r\u00e9duite par rapport aux moteurs AC avec variateur de fr\u00e9quence.<\/p>\n<p>Les tours NTC sont actuellement les \u00e9quipements les plus \u00e9co\u00e9nerg\u00e9tiques du march\u00e9, d\u00e9passant la norme ErP 2023.<\/p>\n<p>Les ventilateurs \u00e0 entra\u00eenement direct \u00e9liminent les risques de d\u00e9faillance m\u00e9canique des moteurs \u00e0 courroie.<br \/>\nLes batteries des tours NTC sont galvanis\u00e9es \u00e0 chaud par proc\u00e9d\u00e9 discontinu, conform\u00e9ment \u00e0 la norme UNE.EN ISO 1461:2010.<\/p>\n<p>L&rsquo;entr\u00e9e d&rsquo;air est unilat\u00e9rale, ce qui permet une int\u00e9gration modulaire, optimisant l&rsquo;espace au sol et l&#8217;emplacement du c\u00f4t\u00e9 silencieux vers les zones sensibles au bruit. Les ventilateurs sont install\u00e9s dans la section d&rsquo;aspiration d&rsquo;air sec, ce qui \u00e9vite la condensation et \u00e9limine les probl\u00e8mes de corrosion et les d\u00e9faillances m\u00e9caniques pr\u00e9matur\u00e9es.<\/p>\n<p>La g\u00e9om\u00e9trie incurv\u00e9e unique des \u00e9liminateurs de gouttelettes EOS offre quatre changements de direction du flux d&rsquo;air avec trois zones d&rsquo;impact et une structure cellulaire \u00e0 feuilles superpos\u00e9es qui retiennent les gouttelettes d&rsquo;eau pr\u00e9sentes dans le flux d&rsquo;air, r\u00e9duisant ainsi la tra\u00een\u00e9e \u00e0 moins de 0,001 %.<br \/>\nLe bassin d&rsquo;eau auto-drainant, avec deux pentes sur deux axes vers le raccord de vidange, permet une vidange compl\u00e8te. Le bassin est enti\u00e8rement diaphane, sans zones inaccessibles, et dispose d&rsquo;un grand espace int\u00e9rieur, facilitant l&rsquo;acc\u00e8s pour l&rsquo;inspection et le nettoyage. La gamme NTC est con\u00e7ue pour une installation et un fonctionnement corrects, m\u00eame dans les environnements de cat\u00e9gorie C5 (degr\u00e9 de corrosion maximal selon la norme ISO 9223:1992 \u2013 environnement marin ou industriel lourd).<\/p>\n<\/div>\n<\/div>\n<\/div>\n","protected":false},"featured_media":32912,"template":"","meta":[],"product_brand":[],"product_cat":[682,1629],"product_tag":[],"class_list":{"0":"post-32917","1":"product","2":"type-product","3":"status-publish","4":"has-post-thumbnail","6":"product_cat-climatiseurs-fr-industriels","7":"product_cat-condenseur","9":"first","10":"instock","11":"shipping-taxable","12":"product-type-simple"},"yoast_head":"<!-- This site is optimized with the Yoast SEO plugin v27.1.1 - https:\/\/yoast.com\/product\/yoast-seo-wordpress\/ -->\n<title>Tours de refroidissement NTC - Climate Master<\/title>\n<meta name=\"robots\" content=\"index, follow, max-snippet:-1, max-image-preview:large, max-video-preview:-1\" \/>\n<link rel=\"canonical\" href=\"https:\/\/climatemaster.ge\/fr\/produit\/ntc-cooling-towers\/\" \/>\n<meta property=\"og:locale\" content=\"fr_FR\" \/>\n<meta property=\"og:type\" content=\"article\" \/>\n<meta property=\"og:title\" content=\"Tours de refroidissement NTC - Climate Master\" \/>\n<meta property=\"og:description\" content=\"Tours de refroidissement \u00e0 circuit ferm\u00e9 Tours de refroidissement \u00e0 circuit ferm\u00e9 de derni\u00e8re g\u00e9n\u00e9ration, \u00e0 contre-courant et \u00e0 tirage forc\u00e9. Carcasse en polyester renforc\u00e9 de fibre de verre, ventilateurs axiaux EC de s\u00e9rie et batterie ultra-compacte avec une charge de r\u00e9frig\u00e9rant minimale.  Les tours de refroidissement \u00e0 circuit ferm\u00e9 de la s\u00e9rie NTC sont en avance sur leur temps. Ce sont des tours de refroidissement \u00e0 contre-courant et \u00e0 tirage forc\u00e9, dot\u00e9es d&#039;une carcasse en polyester renforc\u00e9 de fibre de verre (PRV), des caract\u00e9ristiques qui garantissent une excellente r\u00e9sistance \u00e0 la corrosion et des performances optimales.  Les tours de refroidissement NTC int\u00e8grent des moteurs \u00e9lectriques \u00e0 technologie EC innovante (contr\u00f4leur int\u00e9gr\u00e9) et se caract\u00e9risent par un tr\u00e8s faible niveau de pression acoustique, garantissant ainsi un fonctionnement tr\u00e8s silencieux. Les moteurs EC offrent un rendement sup\u00e9rieur, d\u00e9passant les exigences IE4.  L&#039;\u00e9lectronique int\u00e9gr\u00e9e des moteurs EC permet un contr\u00f4le variable de la vitesse du ventilateur pour une \u00e9conomie d&#039;\u00e9nergie maximale de l&#039;installation, avec une consommation \u00e9lectrique r\u00e9duite par rapport aux moteurs AC avec variateur de fr\u00e9quence.  Les tours NTC sont actuellement les \u00e9quipements les plus \u00e9co\u00e9nerg\u00e9tiques du march\u00e9, d\u00e9passant la norme ErP 2023.  Les ventilateurs \u00e0 entra\u00eenement direct \u00e9liminent les risques de d\u00e9faillance m\u00e9canique des moteurs \u00e0 courroie. Les batteries des tours NTC sont galvanis\u00e9es \u00e0 chaud par proc\u00e9d\u00e9 discontinu, conform\u00e9ment \u00e0 la norme UNE.EN ISO 1461:2010.  L&#039;entr\u00e9e d&#039;air est unilat\u00e9rale, ce qui permet une int\u00e9gration modulaire, optimisant l&#039;espace au sol et l&#039;emplacement du c\u00f4t\u00e9 silencieux vers les zones sensibles au bruit. Les ventilateurs sont install\u00e9s dans la section d&#039;aspiration d&#039;air sec, ce qui \u00e9vite la condensation et \u00e9limine les probl\u00e8mes de corrosion et les d\u00e9faillances m\u00e9caniques pr\u00e9matur\u00e9es.  La g\u00e9om\u00e9trie incurv\u00e9e unique des \u00e9liminateurs de gouttelettes EOS offre quatre changements de direction du flux d&#039;air avec trois zones d&#039;impact et une structure cellulaire \u00e0 feuilles superpos\u00e9es qui retiennent les gouttelettes d&#039;eau pr\u00e9sentes dans le flux d&#039;air, r\u00e9duisant ainsi la tra\u00een\u00e9e \u00e0 moins de 0,001 %. Le bassin d&#039;eau auto-drainant, avec deux pentes sur deux axes vers le raccord de vidange, permet une vidange compl\u00e8te. Le bassin est enti\u00e8rement diaphane, sans zones inaccessibles, et dispose d&#039;un grand espace int\u00e9rieur, facilitant l&#039;acc\u00e8s pour l&#039;inspection et le nettoyage. La gamme NTC est con\u00e7ue pour une installation et un fonctionnement corrects, m\u00eame dans les environnements de cat\u00e9gorie C5 (degr\u00e9 de corrosion maximal selon la norme ISO 9223:1992 \u2013 environnement marin ou industriel lourd).\" \/>\n<meta property=\"og:url\" content=\"https:\/\/climatemaster.ge\/fr\/produit\/ntc-cooling-towers\/\" \/>\n<meta property=\"og:site_name\" content=\"Climate Master\" \/>\n<meta property=\"article:modified_time\" content=\"2025-05-24T13:43:18+00:00\" \/>\n<meta property=\"og:image\" content=\"https:\/\/climatemaster.ge\/wp-content\/uploads\/2025\/05\/Closed-Circuit-Cooling-Towers-qdd9ey8y4ic3mr2p3ns8njp25en0qf2tws5lwfckjm.png\" \/>\n\t<meta property=\"og:image:width\" content=\"500\" \/>\n\t<meta property=\"og:image:height\" content=\"333\" \/>\n\t<meta property=\"og:image:type\" content=\"image\/png\" \/>\n<meta name=\"twitter:card\" content=\"summary_large_image\" \/>\n<meta name=\"twitter:label1\" content=\"Dur\u00e9e de lecture estim\u00e9e\" \/>\n\t<meta name=\"twitter:data1\" content=\"1 minute\" \/>\n<script type=\"application\/ld+json\" class=\"yoast-schema-graph\">{\"@context\":\"https:\/\/schema.org\",\"@graph\":[{\"@type\":\"WebPage\",\"@id\":\"https:\/\/climatemaster.ge\/fr\/produit\/ntc-cooling-towers\/\",\"url\":\"https:\/\/climatemaster.ge\/fr\/produit\/ntc-cooling-towers\/\",\"name\":\"Tours de refroidissement NTC - Climate Master\",\"isPartOf\":{\"@id\":\"https:\/\/climatemaster.ge\/#website\"},\"primaryImageOfPage\":{\"@id\":\"https:\/\/climatemaster.ge\/fr\/produit\/ntc-cooling-towers\/#primaryimage\"},\"image\":{\"@id\":\"https:\/\/climatemaster.ge\/fr\/produit\/ntc-cooling-towers\/#primaryimage\"},\"thumbnailUrl\":\"https:\/\/climatemaster.ge\/wp-content\/uploads\/2025\/05\/Closed-Circuit-Cooling-Towers-qdd9ey8y4ic3mr2p3ns8njp25en0qf2tws5lwfckjm.png\",\"datePublished\":\"2025-05-24T13:38:04+00:00\",\"dateModified\":\"2025-05-24T13:43:18+00:00\",\"breadcrumb\":{\"@id\":\"https:\/\/climatemaster.ge\/fr\/produit\/ntc-cooling-towers\/#breadcrumb\"},\"inLanguage\":\"fr-FR\",\"potentialAction\":[{\"@type\":\"ReadAction\",\"target\":[\"https:\/\/climatemaster.ge\/fr\/produit\/ntc-cooling-towers\/\"]}]},{\"@type\":\"ImageObject\",\"inLanguage\":\"fr-FR\",\"@id\":\"https:\/\/climatemaster.ge\/fr\/produit\/ntc-cooling-towers\/#primaryimage\",\"url\":\"https:\/\/climatemaster.ge\/wp-content\/uploads\/2025\/05\/Closed-Circuit-Cooling-Towers-qdd9ey8y4ic3mr2p3ns8njp25en0qf2tws5lwfckjm.png\",\"contentUrl\":\"https:\/\/climatemaster.ge\/wp-content\/uploads\/2025\/05\/Closed-Circuit-Cooling-Towers-qdd9ey8y4ic3mr2p3ns8njp25en0qf2tws5lwfckjm.png\",\"width\":500,\"height\":333},{\"@type\":\"BreadcrumbList\",\"@id\":\"https:\/\/climatemaster.ge\/fr\/produit\/ntc-cooling-towers\/#breadcrumb\",\"itemListElement\":[{\"@type\":\"ListItem\",\"position\":1,\"name\":\"Home\",\"item\":\"https:\/\/climatemaster.ge\/\"},{\"@type\":\"ListItem\",\"position\":2,\"name\":\"Products\",\"item\":\"https:\/\/climatemaster.ge\/products\/\"},{\"@type\":\"ListItem\",\"position\":3,\"name\":\"Tours de refroidissement NTC\"}]},{\"@type\":\"WebSite\",\"@id\":\"https:\/\/climatemaster.ge\/#website\",\"url\":\"https:\/\/climatemaster.ge\/\",\"name\":\"Climate Master\",\"description\":\"\",\"publisher\":{\"@id\":\"https:\/\/climatemaster.ge\/#organization\"},\"potentialAction\":[{\"@type\":\"SearchAction\",\"target\":{\"@type\":\"EntryPoint\",\"urlTemplate\":\"https:\/\/climatemaster.ge\/?s={search_term_string}\"},\"query-input\":{\"@type\":\"PropertyValueSpecification\",\"valueRequired\":true,\"valueName\":\"search_term_string\"}}],\"inLanguage\":\"fr-FR\"},{\"@type\":\"Organization\",\"@id\":\"https:\/\/climatemaster.ge\/#organization\",\"name\":\"Climate Master\",\"url\":\"https:\/\/climatemaster.ge\/\",\"logo\":{\"@type\":\"ImageObject\",\"inLanguage\":\"fr-FR\",\"@id\":\"https:\/\/climatemaster.ge\/#\/schema\/logo\/image\/\",\"url\":\"https:\/\/climatemaster.ge\/wp-content\/uploads\/2026\/03\/Untitled-2.png\",\"contentUrl\":\"https:\/\/climatemaster.ge\/wp-content\/uploads\/2026\/03\/Untitled-2.png\",\"width\":600,\"height\":338,\"caption\":\"Climate Master\"},\"image\":{\"@id\":\"https:\/\/climatemaster.ge\/#\/schema\/logo\/image\/\"}}]}<\/script>\n<!-- \/ Yoast SEO plugin. -->","yoast_head_json":{"title":"Tours de refroidissement NTC - Climate Master","robots":{"index":"index","follow":"follow","max-snippet":"max-snippet:-1","max-image-preview":"max-image-preview:large","max-video-preview":"max-video-preview:-1"},"canonical":"https:\/\/climatemaster.ge\/fr\/produit\/ntc-cooling-towers\/","og_locale":"fr_FR","og_type":"article","og_title":"Tours de refroidissement NTC - Climate Master","og_description":"Tours de refroidissement \u00e0 circuit ferm\u00e9 Tours de refroidissement \u00e0 circuit ferm\u00e9 de derni\u00e8re g\u00e9n\u00e9ration, \u00e0 contre-courant et \u00e0 tirage forc\u00e9. Carcasse en polyester renforc\u00e9 de fibre de verre, ventilateurs axiaux EC de s\u00e9rie et batterie ultra-compacte avec une charge de r\u00e9frig\u00e9rant minimale.  Les tours de refroidissement \u00e0 circuit ferm\u00e9 de la s\u00e9rie NTC sont en avance sur leur temps. Ce sont des tours de refroidissement \u00e0 contre-courant et \u00e0 tirage forc\u00e9, dot\u00e9es d'une carcasse en polyester renforc\u00e9 de fibre de verre (PRV), des caract\u00e9ristiques qui garantissent une excellente r\u00e9sistance \u00e0 la corrosion et des performances optimales.  Les tours de refroidissement NTC int\u00e8grent des moteurs \u00e9lectriques \u00e0 technologie EC innovante (contr\u00f4leur int\u00e9gr\u00e9) et se caract\u00e9risent par un tr\u00e8s faible niveau de pression acoustique, garantissant ainsi un fonctionnement tr\u00e8s silencieux. Les moteurs EC offrent un rendement sup\u00e9rieur, d\u00e9passant les exigences IE4.  L'\u00e9lectronique int\u00e9gr\u00e9e des moteurs EC permet un contr\u00f4le variable de la vitesse du ventilateur pour une \u00e9conomie d'\u00e9nergie maximale de l'installation, avec une consommation \u00e9lectrique r\u00e9duite par rapport aux moteurs AC avec variateur de fr\u00e9quence.  Les tours NTC sont actuellement les \u00e9quipements les plus \u00e9co\u00e9nerg\u00e9tiques du march\u00e9, d\u00e9passant la norme ErP 2023.  Les ventilateurs \u00e0 entra\u00eenement direct \u00e9liminent les risques de d\u00e9faillance m\u00e9canique des moteurs \u00e0 courroie. Les batteries des tours NTC sont galvanis\u00e9es \u00e0 chaud par proc\u00e9d\u00e9 discontinu, conform\u00e9ment \u00e0 la norme UNE.EN ISO 1461:2010.  L'entr\u00e9e d'air est unilat\u00e9rale, ce qui permet une int\u00e9gration modulaire, optimisant l'espace au sol et l'emplacement du c\u00f4t\u00e9 silencieux vers les zones sensibles au bruit. Les ventilateurs sont install\u00e9s dans la section d'aspiration d'air sec, ce qui \u00e9vite la condensation et \u00e9limine les probl\u00e8mes de corrosion et les d\u00e9faillances m\u00e9caniques pr\u00e9matur\u00e9es.  La g\u00e9om\u00e9trie incurv\u00e9e unique des \u00e9liminateurs de gouttelettes EOS offre quatre changements de direction du flux d'air avec trois zones d'impact et une structure cellulaire \u00e0 feuilles superpos\u00e9es qui retiennent les gouttelettes d'eau pr\u00e9sentes dans le flux d'air, r\u00e9duisant ainsi la tra\u00een\u00e9e \u00e0 moins de 0,001 %. Le bassin d'eau auto-drainant, avec deux pentes sur deux axes vers le raccord de vidange, permet une vidange compl\u00e8te. Le bassin est enti\u00e8rement diaphane, sans zones inaccessibles, et dispose d'un grand espace int\u00e9rieur, facilitant l'acc\u00e8s pour l'inspection et le nettoyage. La gamme NTC est con\u00e7ue pour une installation et un fonctionnement corrects, m\u00eame dans les environnements de cat\u00e9gorie C5 (degr\u00e9 de corrosion maximal selon la norme ISO 9223:1992 \u2013 environnement marin ou industriel lourd).","og_url":"https:\/\/climatemaster.ge\/fr\/produit\/ntc-cooling-towers\/","og_site_name":"Climate Master","article_modified_time":"2025-05-24T13:43:18+00:00","og_image":[{"width":500,"height":333,"url":"https:\/\/climatemaster.ge\/wp-content\/uploads\/2025\/05\/Closed-Circuit-Cooling-Towers-qdd9ey8y4ic3mr2p3ns8njp25en0qf2tws5lwfckjm.png","type":"image\/png"}],"twitter_card":"summary_large_image","twitter_misc":{"Dur\u00e9e de lecture estim\u00e9e":"1 minute"},"schema":{"@context":"https:\/\/schema.org","@graph":[{"@type":"WebPage","@id":"https:\/\/climatemaster.ge\/fr\/produit\/ntc-cooling-towers\/","url":"https:\/\/climatemaster.ge\/fr\/produit\/ntc-cooling-towers\/","name":"Tours de refroidissement NTC - Climate Master","isPartOf":{"@id":"https:\/\/climatemaster.ge\/#website"},"primaryImageOfPage":{"@id":"https:\/\/climatemaster.ge\/fr\/produit\/ntc-cooling-towers\/#primaryimage"},"image":{"@id":"https:\/\/climatemaster.ge\/fr\/produit\/ntc-cooling-towers\/#primaryimage"},"thumbnailUrl":"https:\/\/climatemaster.ge\/wp-content\/uploads\/2025\/05\/Closed-Circuit-Cooling-Towers-qdd9ey8y4ic3mr2p3ns8njp25en0qf2tws5lwfckjm.png","datePublished":"2025-05-24T13:38:04+00:00","dateModified":"2025-05-24T13:43:18+00:00","breadcrumb":{"@id":"https:\/\/climatemaster.ge\/fr\/produit\/ntc-cooling-towers\/#breadcrumb"},"inLanguage":"fr-FR","potentialAction":[{"@type":"ReadAction","target":["https:\/\/climatemaster.ge\/fr\/produit\/ntc-cooling-towers\/"]}]},{"@type":"ImageObject","inLanguage":"fr-FR","@id":"https:\/\/climatemaster.ge\/fr\/produit\/ntc-cooling-towers\/#primaryimage","url":"https:\/\/climatemaster.ge\/wp-content\/uploads\/2025\/05\/Closed-Circuit-Cooling-Towers-qdd9ey8y4ic3mr2p3ns8njp25en0qf2tws5lwfckjm.png","contentUrl":"https:\/\/climatemaster.ge\/wp-content\/uploads\/2025\/05\/Closed-Circuit-Cooling-Towers-qdd9ey8y4ic3mr2p3ns8njp25en0qf2tws5lwfckjm.png","width":500,"height":333},{"@type":"BreadcrumbList","@id":"https:\/\/climatemaster.ge\/fr\/produit\/ntc-cooling-towers\/#breadcrumb","itemListElement":[{"@type":"ListItem","position":1,"name":"Home","item":"https:\/\/climatemaster.ge\/"},{"@type":"ListItem","position":2,"name":"Products","item":"https:\/\/climatemaster.ge\/products\/"},{"@type":"ListItem","position":3,"name":"Tours de refroidissement NTC"}]},{"@type":"WebSite","@id":"https:\/\/climatemaster.ge\/#website","url":"https:\/\/climatemaster.ge\/","name":"Climate Master","description":"","publisher":{"@id":"https:\/\/climatemaster.ge\/#organization"},"potentialAction":[{"@type":"SearchAction","target":{"@type":"EntryPoint","urlTemplate":"https:\/\/climatemaster.ge\/?s={search_term_string}"},"query-input":{"@type":"PropertyValueSpecification","valueRequired":true,"valueName":"search_term_string"}}],"inLanguage":"fr-FR"},{"@type":"Organization","@id":"https:\/\/climatemaster.ge\/#organization","name":"Climate Master","url":"https:\/\/climatemaster.ge\/","logo":{"@type":"ImageObject","inLanguage":"fr-FR","@id":"https:\/\/climatemaster.ge\/#\/schema\/logo\/image\/","url":"https:\/\/climatemaster.ge\/wp-content\/uploads\/2026\/03\/Untitled-2.png","contentUrl":"https:\/\/climatemaster.ge\/wp-content\/uploads\/2026\/03\/Untitled-2.png","width":600,"height":338,"caption":"Climate Master"},"image":{"@id":"https:\/\/climatemaster.ge\/#\/schema\/logo\/image\/"}}]}},"_links":{"self":[{"href":"https:\/\/climatemaster.ge\/fr\/wp-json\/wp\/v2\/product\/32917","targetHints":{"allow":["GET"]}}],"collection":[{"href":"https:\/\/climatemaster.ge\/fr\/wp-json\/wp\/v2\/product"}],"about":[{"href":"https:\/\/climatemaster.ge\/fr\/wp-json\/wp\/v2\/types\/product"}],"wp:featuredmedia":[{"embeddable":true,"href":"https:\/\/climatemaster.ge\/fr\/wp-json\/wp\/v2\/media\/32912"}],"wp:attachment":[{"href":"https:\/\/climatemaster.ge\/fr\/wp-json\/wp\/v2\/media?parent=32917"}],"wp:term":[{"taxonomy":"product_brand","embeddable":true,"href":"https:\/\/climatemaster.ge\/fr\/wp-json\/wp\/v2\/product_brand?post=32917"},{"taxonomy":"product_cat","embeddable":true,"href":"https:\/\/climatemaster.ge\/fr\/wp-json\/wp\/v2\/product_cat?post=32917"},{"taxonomy":"product_tag","embeddable":true,"href":"https:\/\/climatemaster.ge\/fr\/wp-json\/wp\/v2\/product_tag?post=32917"}],"curies":[{"name":"wp","href":"https:\/\/api.w.org\/{rel}","templated":true}]}}