{"id":32859,"date":"2025-05-24T17:02:27","date_gmt":"2025-05-24T13:02:27","guid":{"rendered":"https:\/\/airsystems.ge\/shop\/product\/axial-condensers-chn-cah\/"},"modified":"2025-05-24T17:04:42","modified_gmt":"2025-05-24T13:04:42","slug":"axial-condensers-chn-cah","status":"publish","type":"product","link":"https:\/\/climatemaster.ge\/fr\/produit\/axial-condensers-chn-cah\/","title":{"rendered":"Condenseurs axiaux (CHN-CAH)"},"content":{"rendered":"<p><a class=\"elementor-button elementor-button-link elementor-size-sm\" href=\"https:\/\/www.enextechnologies.com\/wp-content\/uploads\/2024\/07\/CHN-CAH.pdf\" target=\"_blank\" rel=\"noopener\"><span class=\"elementor-button-content-wrapper\"><span class=\"elementor-button-text\">DOWNLOAD<\/span><\/span><\/a><\/p>\n","protected":false},"excerpt":{"rendered":"<div class=\"elementor-element elementor-element-6799186e elementor-widget elementor-widget-heading\" data-id=\"6799186e\" data-element_type=\"widget\" data-widget_type=\"heading.default\">\n<div class=\"elementor-widget-container\">\n<div class=\"elementor-heading-title elementor-size-default\">\n<p>CHN\/CAH<br \/>\nLes condenseurs Kobol sont r\u00e9put\u00e9s pour leurs performances et leur durabilit\u00e9 exceptionnelles. Une large gamme de configurations et d&rsquo;accessoires est disponible pour r\u00e9pondre \u00e0 toutes les sp\u00e9cifications, telles que des ailettes rev\u00eatues, des moteurs de ventilateur EC, des interrupteurs, des bo\u00eetiers insonoris\u00e9s et des circuits multiples. Nous proposons 550 mod\u00e8les, dont des condenseurs centrifuges, radiaux, axiaux et en V, de 2,8 kW \u00e0 1\u00a0100 kW. Cette large gamme d&rsquo;unit\u00e9s et d&rsquo;accessoires offre une gamme compl\u00e8te r\u00e9pondant \u00e0 la plupart des besoins de l&rsquo;industrie du refroidissement.<\/p>\n<p>Les condenseurs axiaux Kobol offrent un faible niveau sonore et une efficacit\u00e9 \u00e9nerg\u00e9tique \u00e9lev\u00e9e. La vitesse des ventilateurs peut \u00eatre contr\u00f4l\u00e9e \u00e9lectroniquement pour augmenter les \u00e9conomies d&rsquo;\u00e9nergie et ajuster la capacit\u00e9 de condensation selon les besoins. Cette gamme comprend 316 mod\u00e8les pour diff\u00e9rentes applications de refroidissement.<\/p>\n<\/div>\n<\/div>\n<\/div>\n","protected":false},"featured_media":32811,"template":"","meta":[],"product_brand":[],"product_cat":[682,1629],"product_tag":[],"class_list":{"0":"post-32859","1":"product","2":"type-product","3":"status-publish","4":"has-post-thumbnail","6":"product_cat-climatiseurs-fr-industriels","7":"product_cat-condenseur","9":"first","10":"instock","11":"shipping-taxable","12":"product-type-simple"},"yoast_head":"<!-- This site is optimized with the Yoast SEO plugin v27.1.1 - https:\/\/yoast.com\/product\/yoast-seo-wordpress\/ -->\n<title>Condenseurs axiaux (CHN-CAH) - Climate Master<\/title>\n<meta name=\"robots\" content=\"index, follow, max-snippet:-1, max-image-preview:large, max-video-preview:-1\" \/>\n<link rel=\"canonical\" href=\"https:\/\/climatemaster.ge\/fr\/produit\/axial-condensers-chn-cah\/\" \/>\n<meta property=\"og:locale\" content=\"fr_FR\" \/>\n<meta property=\"og:type\" content=\"article\" \/>\n<meta property=\"og:title\" content=\"Condenseurs axiaux (CHN-CAH) - Climate Master\" \/>\n<meta property=\"og:description\" content=\"CHN\/CAH Les condenseurs Kobol sont r\u00e9put\u00e9s pour leurs performances et leur durabilit\u00e9 exceptionnelles. Une large gamme de configurations et d&#039;accessoires est disponible pour r\u00e9pondre \u00e0 toutes les sp\u00e9cifications, telles que des ailettes rev\u00eatues, des moteurs de ventilateur EC, des interrupteurs, des bo\u00eetiers insonoris\u00e9s et des circuits multiples. Nous proposons 550 mod\u00e8les, dont des condenseurs centrifuges, radiaux, axiaux et en V, de 2,8 kW \u00e0 1\u00a0100 kW. Cette large gamme d&#039;unit\u00e9s et d&#039;accessoires offre une gamme compl\u00e8te r\u00e9pondant \u00e0 la plupart des besoins de l&#039;industrie du refroidissement.  Les condenseurs axiaux Kobol offrent un faible niveau sonore et une efficacit\u00e9 \u00e9nerg\u00e9tique \u00e9lev\u00e9e. La vitesse des ventilateurs peut \u00eatre contr\u00f4l\u00e9e \u00e9lectroniquement pour augmenter les \u00e9conomies d&#039;\u00e9nergie et ajuster la capacit\u00e9 de condensation selon les besoins. Cette gamme comprend 316 mod\u00e8les pour diff\u00e9rentes applications de refroidissement.\" \/>\n<meta property=\"og:url\" content=\"https:\/\/climatemaster.ge\/fr\/produit\/axial-condensers-chn-cah\/\" \/>\n<meta property=\"og:site_name\" content=\"Climate Master\" \/>\n<meta property=\"article:modified_time\" content=\"2025-05-24T13:04:42+00:00\" \/>\n<meta property=\"og:image\" content=\"https:\/\/climatemaster.ge\/wp-content\/uploads\/2025\/05\/axial_cah_main-1.png\" \/>\n\t<meta property=\"og:image:width\" content=\"1280\" \/>\n\t<meta property=\"og:image:height\" content=\"608\" \/>\n\t<meta property=\"og:image:type\" content=\"image\/png\" \/>\n<meta name=\"twitter:card\" content=\"summary_large_image\" \/>\n<script type=\"application\/ld+json\" class=\"yoast-schema-graph\">{\"@context\":\"https:\/\/schema.org\",\"@graph\":[{\"@type\":\"WebPage\",\"@id\":\"https:\/\/climatemaster.ge\/fr\/produit\/axial-condensers-chn-cah\/\",\"url\":\"https:\/\/climatemaster.ge\/fr\/produit\/axial-condensers-chn-cah\/\",\"name\":\"Condenseurs axiaux (CHN-CAH) - Climate Master\",\"isPartOf\":{\"@id\":\"https:\/\/climatemaster.ge\/#website\"},\"primaryImageOfPage\":{\"@id\":\"https:\/\/climatemaster.ge\/fr\/produit\/axial-condensers-chn-cah\/#primaryimage\"},\"image\":{\"@id\":\"https:\/\/climatemaster.ge\/fr\/produit\/axial-condensers-chn-cah\/#primaryimage\"},\"thumbnailUrl\":\"https:\/\/climatemaster.ge\/wp-content\/uploads\/2025\/05\/axial_cah_main-1.png\",\"datePublished\":\"2025-05-24T13:02:27+00:00\",\"dateModified\":\"2025-05-24T13:04:42+00:00\",\"breadcrumb\":{\"@id\":\"https:\/\/climatemaster.ge\/fr\/produit\/axial-condensers-chn-cah\/#breadcrumb\"},\"inLanguage\":\"fr-FR\",\"potentialAction\":[{\"@type\":\"ReadAction\",\"target\":[\"https:\/\/climatemaster.ge\/fr\/produit\/axial-condensers-chn-cah\/\"]}]},{\"@type\":\"ImageObject\",\"inLanguage\":\"fr-FR\",\"@id\":\"https:\/\/climatemaster.ge\/fr\/produit\/axial-condensers-chn-cah\/#primaryimage\",\"url\":\"https:\/\/climatemaster.ge\/wp-content\/uploads\/2025\/05\/axial_cah_main-1.png\",\"contentUrl\":\"https:\/\/climatemaster.ge\/wp-content\/uploads\/2025\/05\/axial_cah_main-1.png\",\"width\":1280,\"height\":608},{\"@type\":\"BreadcrumbList\",\"@id\":\"https:\/\/climatemaster.ge\/fr\/produit\/axial-condensers-chn-cah\/#breadcrumb\",\"itemListElement\":[{\"@type\":\"ListItem\",\"position\":1,\"name\":\"Home\",\"item\":\"https:\/\/climatemaster.ge\/\"},{\"@type\":\"ListItem\",\"position\":2,\"name\":\"Products\",\"item\":\"https:\/\/climatemaster.ge\/products\/\"},{\"@type\":\"ListItem\",\"position\":3,\"name\":\"Condenseurs axiaux (CHN-CAH)\"}]},{\"@type\":\"WebSite\",\"@id\":\"https:\/\/climatemaster.ge\/#website\",\"url\":\"https:\/\/climatemaster.ge\/\",\"name\":\"Climate Master\",\"description\":\"\",\"publisher\":{\"@id\":\"https:\/\/climatemaster.ge\/#organization\"},\"potentialAction\":[{\"@type\":\"SearchAction\",\"target\":{\"@type\":\"EntryPoint\",\"urlTemplate\":\"https:\/\/climatemaster.ge\/?s={search_term_string}\"},\"query-input\":{\"@type\":\"PropertyValueSpecification\",\"valueRequired\":true,\"valueName\":\"search_term_string\"}}],\"inLanguage\":\"fr-FR\"},{\"@type\":\"Organization\",\"@id\":\"https:\/\/climatemaster.ge\/#organization\",\"name\":\"Climate Master\",\"url\":\"https:\/\/climatemaster.ge\/\",\"logo\":{\"@type\":\"ImageObject\",\"inLanguage\":\"fr-FR\",\"@id\":\"https:\/\/climatemaster.ge\/#\/schema\/logo\/image\/\",\"url\":\"https:\/\/climatemaster.ge\/wp-content\/uploads\/2026\/03\/Untitled-2.png\",\"contentUrl\":\"https:\/\/climatemaster.ge\/wp-content\/uploads\/2026\/03\/Untitled-2.png\",\"width\":600,\"height\":338,\"caption\":\"Climate Master\"},\"image\":{\"@id\":\"https:\/\/climatemaster.ge\/#\/schema\/logo\/image\/\"}}]}<\/script>\n<!-- \/ Yoast SEO plugin. -->","yoast_head_json":{"title":"Condenseurs axiaux (CHN-CAH) - Climate Master","robots":{"index":"index","follow":"follow","max-snippet":"max-snippet:-1","max-image-preview":"max-image-preview:large","max-video-preview":"max-video-preview:-1"},"canonical":"https:\/\/climatemaster.ge\/fr\/produit\/axial-condensers-chn-cah\/","og_locale":"fr_FR","og_type":"article","og_title":"Condenseurs axiaux (CHN-CAH) - Climate Master","og_description":"CHN\/CAH Les condenseurs Kobol sont r\u00e9put\u00e9s pour leurs performances et leur durabilit\u00e9 exceptionnelles. Une large gamme de configurations et d'accessoires est disponible pour r\u00e9pondre \u00e0 toutes les sp\u00e9cifications, telles que des ailettes rev\u00eatues, des moteurs de ventilateur EC, des interrupteurs, des bo\u00eetiers insonoris\u00e9s et des circuits multiples. Nous proposons 550 mod\u00e8les, dont des condenseurs centrifuges, radiaux, axiaux et en V, de 2,8 kW \u00e0 1\u00a0100 kW. Cette large gamme d'unit\u00e9s et d'accessoires offre une gamme compl\u00e8te r\u00e9pondant \u00e0 la plupart des besoins de l'industrie du refroidissement.  Les condenseurs axiaux Kobol offrent un faible niveau sonore et une efficacit\u00e9 \u00e9nerg\u00e9tique \u00e9lev\u00e9e. La vitesse des ventilateurs peut \u00eatre contr\u00f4l\u00e9e \u00e9lectroniquement pour augmenter les \u00e9conomies d'\u00e9nergie et ajuster la capacit\u00e9 de condensation selon les besoins. Cette gamme comprend 316 mod\u00e8les pour diff\u00e9rentes applications de refroidissement.","og_url":"https:\/\/climatemaster.ge\/fr\/produit\/axial-condensers-chn-cah\/","og_site_name":"Climate Master","article_modified_time":"2025-05-24T13:04:42+00:00","og_image":[{"width":1280,"height":608,"url":"https:\/\/climatemaster.ge\/wp-content\/uploads\/2025\/05\/axial_cah_main-1.png","type":"image\/png"}],"twitter_card":"summary_large_image","schema":{"@context":"https:\/\/schema.org","@graph":[{"@type":"WebPage","@id":"https:\/\/climatemaster.ge\/fr\/produit\/axial-condensers-chn-cah\/","url":"https:\/\/climatemaster.ge\/fr\/produit\/axial-condensers-chn-cah\/","name":"Condenseurs axiaux (CHN-CAH) - Climate Master","isPartOf":{"@id":"https:\/\/climatemaster.ge\/#website"},"primaryImageOfPage":{"@id":"https:\/\/climatemaster.ge\/fr\/produit\/axial-condensers-chn-cah\/#primaryimage"},"image":{"@id":"https:\/\/climatemaster.ge\/fr\/produit\/axial-condensers-chn-cah\/#primaryimage"},"thumbnailUrl":"https:\/\/climatemaster.ge\/wp-content\/uploads\/2025\/05\/axial_cah_main-1.png","datePublished":"2025-05-24T13:02:27+00:00","dateModified":"2025-05-24T13:04:42+00:00","breadcrumb":{"@id":"https:\/\/climatemaster.ge\/fr\/produit\/axial-condensers-chn-cah\/#breadcrumb"},"inLanguage":"fr-FR","potentialAction":[{"@type":"ReadAction","target":["https:\/\/climatemaster.ge\/fr\/produit\/axial-condensers-chn-cah\/"]}]},{"@type":"ImageObject","inLanguage":"fr-FR","@id":"https:\/\/climatemaster.ge\/fr\/produit\/axial-condensers-chn-cah\/#primaryimage","url":"https:\/\/climatemaster.ge\/wp-content\/uploads\/2025\/05\/axial_cah_main-1.png","contentUrl":"https:\/\/climatemaster.ge\/wp-content\/uploads\/2025\/05\/axial_cah_main-1.png","width":1280,"height":608},{"@type":"BreadcrumbList","@id":"https:\/\/climatemaster.ge\/fr\/produit\/axial-condensers-chn-cah\/#breadcrumb","itemListElement":[{"@type":"ListItem","position":1,"name":"Home","item":"https:\/\/climatemaster.ge\/"},{"@type":"ListItem","position":2,"name":"Products","item":"https:\/\/climatemaster.ge\/products\/"},{"@type":"ListItem","position":3,"name":"Condenseurs axiaux (CHN-CAH)"}]},{"@type":"WebSite","@id":"https:\/\/climatemaster.ge\/#website","url":"https:\/\/climatemaster.ge\/","name":"Climate Master","description":"","publisher":{"@id":"https:\/\/climatemaster.ge\/#organization"},"potentialAction":[{"@type":"SearchAction","target":{"@type":"EntryPoint","urlTemplate":"https:\/\/climatemaster.ge\/?s={search_term_string}"},"query-input":{"@type":"PropertyValueSpecification","valueRequired":true,"valueName":"search_term_string"}}],"inLanguage":"fr-FR"},{"@type":"Organization","@id":"https:\/\/climatemaster.ge\/#organization","name":"Climate Master","url":"https:\/\/climatemaster.ge\/","logo":{"@type":"ImageObject","inLanguage":"fr-FR","@id":"https:\/\/climatemaster.ge\/#\/schema\/logo\/image\/","url":"https:\/\/climatemaster.ge\/wp-content\/uploads\/2026\/03\/Untitled-2.png","contentUrl":"https:\/\/climatemaster.ge\/wp-content\/uploads\/2026\/03\/Untitled-2.png","width":600,"height":338,"caption":"Climate Master"},"image":{"@id":"https:\/\/climatemaster.ge\/#\/schema\/logo\/image\/"}}]}},"_links":{"self":[{"href":"https:\/\/climatemaster.ge\/fr\/wp-json\/wp\/v2\/product\/32859","targetHints":{"allow":["GET"]}}],"collection":[{"href":"https:\/\/climatemaster.ge\/fr\/wp-json\/wp\/v2\/product"}],"about":[{"href":"https:\/\/climatemaster.ge\/fr\/wp-json\/wp\/v2\/types\/product"}],"wp:featuredmedia":[{"embeddable":true,"href":"https:\/\/climatemaster.ge\/fr\/wp-json\/wp\/v2\/media\/32811"}],"wp:attachment":[{"href":"https:\/\/climatemaster.ge\/fr\/wp-json\/wp\/v2\/media?parent=32859"}],"wp:term":[{"taxonomy":"product_brand","embeddable":true,"href":"https:\/\/climatemaster.ge\/fr\/wp-json\/wp\/v2\/product_brand?post=32859"},{"taxonomy":"product_cat","embeddable":true,"href":"https:\/\/climatemaster.ge\/fr\/wp-json\/wp\/v2\/product_cat?post=32859"},{"taxonomy":"product_tag","embeddable":true,"href":"https:\/\/climatemaster.ge\/fr\/wp-json\/wp\/v2\/product_tag?post=32859"}],"curies":[{"name":"wp","href":"https:\/\/api.w.org\/{rel}","templated":true}]}}