{"id":32801,"date":"2025-05-24T16:55:52","date_gmt":"2025-05-24T12:55:52","guid":{"rendered":"https:\/\/airsystems.ge\/shop\/product\/radial-condensers-crc\/"},"modified":"2025-05-24T16:58:10","modified_gmt":"2025-05-24T12:58:10","slug":"radial-condensers-crc","status":"publish","type":"product","link":"https:\/\/climatemaster.ge\/fr\/produit\/radial-condensers-crc\/","title":{"rendered":"Condenseurs radiaux (CRC)"},"content":{"rendered":"<p><a class=\"elementor-button elementor-button-link elementor-size-sm\" href=\"https:\/\/www.enextechnologies.com\/wp-content\/uploads\/2024\/07\/CRC.pdf\" target=\"_blank\" rel=\"noopener\"><span class=\"elementor-button-content-wrapper\"><span class=\"elementor-button-text\">DOWNLOAD<\/span><\/span><\/a><\/p>\n","protected":false},"excerpt":{"rendered":"<div class=\"elementor-element elementor-element-6799186e elementor-widget elementor-widget-heading\" data-id=\"6799186e\" data-element_type=\"widget\" data-widget_type=\"heading.default\">\n<div class=\"elementor-widget-container\">\n<div class=\"elementor-heading-title elementor-size-default\">\n<p>CRC<br \/>\nLes condenseurs Kobol sont r\u00e9put\u00e9s pour leurs performances et leur durabilit\u00e9 exceptionnelles. Une large gamme de configurations et d&rsquo;accessoires est disponible pour r\u00e9pondre \u00e0 toutes les sp\u00e9cifications, telles que des ailettes rev\u00eatues, des moteurs de ventilateur EC, des interrupteurs, des bo\u00eetiers insonoris\u00e9s et des circuits multiples. Nous proposons 550 mod\u00e8les, dont des condenseurs centrifuges, radiaux, axiaux et en V, de 2,8 kW \u00e0 1\u00a0100 kW. Cette large gamme d&rsquo;unit\u00e9s et d&rsquo;accessoires offre une gamme compl\u00e8te r\u00e9pondant \u00e0 la plupart des besoins de l&rsquo;industrie du refroidissement.<\/p>\n<p>Cette nouvelle gamme de condenseurs radiaux comprend 27 mod\u00e8les con\u00e7us et adapt\u00e9s aux besoins de refroidissement des applications commerciales, avec des puissances allant de 61 kW \u00e0 316 kW. \u00c9quip\u00e9s en usine de ventilateurs EC.<\/p>\n<\/div>\n<\/div>\n<\/div>\n","protected":false},"featured_media":32784,"template":"","meta":[],"product_brand":[],"product_cat":[682,1629],"product_tag":[],"class_list":{"0":"post-32801","1":"product","2":"type-product","3":"status-publish","4":"has-post-thumbnail","6":"product_cat-climatiseurs-fr-industriels","7":"product_cat-condenseur","9":"first","10":"instock","11":"shipping-taxable","12":"product-type-simple"},"yoast_head":"<!-- This site is optimized with the Yoast SEO plugin v27.1.1 - https:\/\/yoast.com\/product\/yoast-seo-wordpress\/ -->\n<title>Condenseurs radiaux (CRC) - Climate Master<\/title>\n<meta name=\"robots\" content=\"index, follow, max-snippet:-1, max-image-preview:large, max-video-preview:-1\" \/>\n<link rel=\"canonical\" href=\"https:\/\/climatemaster.ge\/fr\/produit\/radial-condensers-crc\/\" \/>\n<meta property=\"og:locale\" content=\"fr_FR\" \/>\n<meta property=\"og:type\" content=\"article\" \/>\n<meta property=\"og:title\" content=\"Condenseurs radiaux (CRC) - Climate Master\" \/>\n<meta property=\"og:description\" content=\"CRC Les condenseurs Kobol sont r\u00e9put\u00e9s pour leurs performances et leur durabilit\u00e9 exceptionnelles. Une large gamme de configurations et d&#039;accessoires est disponible pour r\u00e9pondre \u00e0 toutes les sp\u00e9cifications, telles que des ailettes rev\u00eatues, des moteurs de ventilateur EC, des interrupteurs, des bo\u00eetiers insonoris\u00e9s et des circuits multiples. Nous proposons 550 mod\u00e8les, dont des condenseurs centrifuges, radiaux, axiaux et en V, de 2,8 kW \u00e0 1\u00a0100 kW. Cette large gamme d&#039;unit\u00e9s et d&#039;accessoires offre une gamme compl\u00e8te r\u00e9pondant \u00e0 la plupart des besoins de l&#039;industrie du refroidissement.  Cette nouvelle gamme de condenseurs radiaux comprend 27 mod\u00e8les con\u00e7us et adapt\u00e9s aux besoins de refroidissement des applications commerciales, avec des puissances allant de 61 kW \u00e0 316 kW. \u00c9quip\u00e9s en usine de ventilateurs EC.\" \/>\n<meta property=\"og:url\" content=\"https:\/\/climatemaster.ge\/fr\/produit\/radial-condensers-crc\/\" \/>\n<meta property=\"og:site_name\" content=\"Climate Master\" \/>\n<meta property=\"article:modified_time\" content=\"2025-05-24T12:58:10+00:00\" \/>\n<meta property=\"og:image\" content=\"https:\/\/climatemaster.ge\/wp-content\/uploads\/2025\/05\/radial_gc_main.png\" \/>\n\t<meta property=\"og:image:width\" content=\"1280\" \/>\n\t<meta property=\"og:image:height\" content=\"925\" \/>\n\t<meta property=\"og:image:type\" content=\"image\/png\" \/>\n<meta name=\"twitter:card\" content=\"summary_large_image\" \/>\n<script type=\"application\/ld+json\" class=\"yoast-schema-graph\">{\"@context\":\"https:\/\/schema.org\",\"@graph\":[{\"@type\":\"WebPage\",\"@id\":\"https:\/\/climatemaster.ge\/fr\/produit\/radial-condensers-crc\/\",\"url\":\"https:\/\/climatemaster.ge\/fr\/produit\/radial-condensers-crc\/\",\"name\":\"Condenseurs radiaux (CRC) - Climate Master\",\"isPartOf\":{\"@id\":\"https:\/\/climatemaster.ge\/#website\"},\"primaryImageOfPage\":{\"@id\":\"https:\/\/climatemaster.ge\/fr\/produit\/radial-condensers-crc\/#primaryimage\"},\"image\":{\"@id\":\"https:\/\/climatemaster.ge\/fr\/produit\/radial-condensers-crc\/#primaryimage\"},\"thumbnailUrl\":\"https:\/\/climatemaster.ge\/wp-content\/uploads\/2025\/05\/radial_gc_main.png\",\"datePublished\":\"2025-05-24T12:55:52+00:00\",\"dateModified\":\"2025-05-24T12:58:10+00:00\",\"breadcrumb\":{\"@id\":\"https:\/\/climatemaster.ge\/fr\/produit\/radial-condensers-crc\/#breadcrumb\"},\"inLanguage\":\"fr-FR\",\"potentialAction\":[{\"@type\":\"ReadAction\",\"target\":[\"https:\/\/climatemaster.ge\/fr\/produit\/radial-condensers-crc\/\"]}]},{\"@type\":\"ImageObject\",\"inLanguage\":\"fr-FR\",\"@id\":\"https:\/\/climatemaster.ge\/fr\/produit\/radial-condensers-crc\/#primaryimage\",\"url\":\"https:\/\/climatemaster.ge\/wp-content\/uploads\/2025\/05\/radial_gc_main.png\",\"contentUrl\":\"https:\/\/climatemaster.ge\/wp-content\/uploads\/2025\/05\/radial_gc_main.png\",\"width\":1280,\"height\":925},{\"@type\":\"BreadcrumbList\",\"@id\":\"https:\/\/climatemaster.ge\/fr\/produit\/radial-condensers-crc\/#breadcrumb\",\"itemListElement\":[{\"@type\":\"ListItem\",\"position\":1,\"name\":\"Home\",\"item\":\"https:\/\/climatemaster.ge\/\"},{\"@type\":\"ListItem\",\"position\":2,\"name\":\"Products\",\"item\":\"https:\/\/climatemaster.ge\/products\/\"},{\"@type\":\"ListItem\",\"position\":3,\"name\":\"Condenseurs radiaux (CRC)\"}]},{\"@type\":\"WebSite\",\"@id\":\"https:\/\/climatemaster.ge\/#website\",\"url\":\"https:\/\/climatemaster.ge\/\",\"name\":\"Climate Master\",\"description\":\"\",\"publisher\":{\"@id\":\"https:\/\/climatemaster.ge\/#organization\"},\"potentialAction\":[{\"@type\":\"SearchAction\",\"target\":{\"@type\":\"EntryPoint\",\"urlTemplate\":\"https:\/\/climatemaster.ge\/?s={search_term_string}\"},\"query-input\":{\"@type\":\"PropertyValueSpecification\",\"valueRequired\":true,\"valueName\":\"search_term_string\"}}],\"inLanguage\":\"fr-FR\"},{\"@type\":\"Organization\",\"@id\":\"https:\/\/climatemaster.ge\/#organization\",\"name\":\"Climate Master\",\"url\":\"https:\/\/climatemaster.ge\/\",\"logo\":{\"@type\":\"ImageObject\",\"inLanguage\":\"fr-FR\",\"@id\":\"https:\/\/climatemaster.ge\/#\/schema\/logo\/image\/\",\"url\":\"https:\/\/climatemaster.ge\/wp-content\/uploads\/2026\/03\/Untitled-2.png\",\"contentUrl\":\"https:\/\/climatemaster.ge\/wp-content\/uploads\/2026\/03\/Untitled-2.png\",\"width\":600,\"height\":338,\"caption\":\"Climate Master\"},\"image\":{\"@id\":\"https:\/\/climatemaster.ge\/#\/schema\/logo\/image\/\"}}]}<\/script>\n<!-- \/ Yoast SEO plugin. -->","yoast_head_json":{"title":"Condenseurs radiaux (CRC) - Climate Master","robots":{"index":"index","follow":"follow","max-snippet":"max-snippet:-1","max-image-preview":"max-image-preview:large","max-video-preview":"max-video-preview:-1"},"canonical":"https:\/\/climatemaster.ge\/fr\/produit\/radial-condensers-crc\/","og_locale":"fr_FR","og_type":"article","og_title":"Condenseurs radiaux (CRC) - Climate Master","og_description":"CRC Les condenseurs Kobol sont r\u00e9put\u00e9s pour leurs performances et leur durabilit\u00e9 exceptionnelles. Une large gamme de configurations et d'accessoires est disponible pour r\u00e9pondre \u00e0 toutes les sp\u00e9cifications, telles que des ailettes rev\u00eatues, des moteurs de ventilateur EC, des interrupteurs, des bo\u00eetiers insonoris\u00e9s et des circuits multiples. Nous proposons 550 mod\u00e8les, dont des condenseurs centrifuges, radiaux, axiaux et en V, de 2,8 kW \u00e0 1\u00a0100 kW. Cette large gamme d'unit\u00e9s et d'accessoires offre une gamme compl\u00e8te r\u00e9pondant \u00e0 la plupart des besoins de l'industrie du refroidissement.  Cette nouvelle gamme de condenseurs radiaux comprend 27 mod\u00e8les con\u00e7us et adapt\u00e9s aux besoins de refroidissement des applications commerciales, avec des puissances allant de 61 kW \u00e0 316 kW. \u00c9quip\u00e9s en usine de ventilateurs EC.","og_url":"https:\/\/climatemaster.ge\/fr\/produit\/radial-condensers-crc\/","og_site_name":"Climate Master","article_modified_time":"2025-05-24T12:58:10+00:00","og_image":[{"width":1280,"height":925,"url":"https:\/\/climatemaster.ge\/wp-content\/uploads\/2025\/05\/radial_gc_main.png","type":"image\/png"}],"twitter_card":"summary_large_image","schema":{"@context":"https:\/\/schema.org","@graph":[{"@type":"WebPage","@id":"https:\/\/climatemaster.ge\/fr\/produit\/radial-condensers-crc\/","url":"https:\/\/climatemaster.ge\/fr\/produit\/radial-condensers-crc\/","name":"Condenseurs radiaux (CRC) - Climate Master","isPartOf":{"@id":"https:\/\/climatemaster.ge\/#website"},"primaryImageOfPage":{"@id":"https:\/\/climatemaster.ge\/fr\/produit\/radial-condensers-crc\/#primaryimage"},"image":{"@id":"https:\/\/climatemaster.ge\/fr\/produit\/radial-condensers-crc\/#primaryimage"},"thumbnailUrl":"https:\/\/climatemaster.ge\/wp-content\/uploads\/2025\/05\/radial_gc_main.png","datePublished":"2025-05-24T12:55:52+00:00","dateModified":"2025-05-24T12:58:10+00:00","breadcrumb":{"@id":"https:\/\/climatemaster.ge\/fr\/produit\/radial-condensers-crc\/#breadcrumb"},"inLanguage":"fr-FR","potentialAction":[{"@type":"ReadAction","target":["https:\/\/climatemaster.ge\/fr\/produit\/radial-condensers-crc\/"]}]},{"@type":"ImageObject","inLanguage":"fr-FR","@id":"https:\/\/climatemaster.ge\/fr\/produit\/radial-condensers-crc\/#primaryimage","url":"https:\/\/climatemaster.ge\/wp-content\/uploads\/2025\/05\/radial_gc_main.png","contentUrl":"https:\/\/climatemaster.ge\/wp-content\/uploads\/2025\/05\/radial_gc_main.png","width":1280,"height":925},{"@type":"BreadcrumbList","@id":"https:\/\/climatemaster.ge\/fr\/produit\/radial-condensers-crc\/#breadcrumb","itemListElement":[{"@type":"ListItem","position":1,"name":"Home","item":"https:\/\/climatemaster.ge\/"},{"@type":"ListItem","position":2,"name":"Products","item":"https:\/\/climatemaster.ge\/products\/"},{"@type":"ListItem","position":3,"name":"Condenseurs radiaux (CRC)"}]},{"@type":"WebSite","@id":"https:\/\/climatemaster.ge\/#website","url":"https:\/\/climatemaster.ge\/","name":"Climate Master","description":"","publisher":{"@id":"https:\/\/climatemaster.ge\/#organization"},"potentialAction":[{"@type":"SearchAction","target":{"@type":"EntryPoint","urlTemplate":"https:\/\/climatemaster.ge\/?s={search_term_string}"},"query-input":{"@type":"PropertyValueSpecification","valueRequired":true,"valueName":"search_term_string"}}],"inLanguage":"fr-FR"},{"@type":"Organization","@id":"https:\/\/climatemaster.ge\/#organization","name":"Climate Master","url":"https:\/\/climatemaster.ge\/","logo":{"@type":"ImageObject","inLanguage":"fr-FR","@id":"https:\/\/climatemaster.ge\/#\/schema\/logo\/image\/","url":"https:\/\/climatemaster.ge\/wp-content\/uploads\/2026\/03\/Untitled-2.png","contentUrl":"https:\/\/climatemaster.ge\/wp-content\/uploads\/2026\/03\/Untitled-2.png","width":600,"height":338,"caption":"Climate Master"},"image":{"@id":"https:\/\/climatemaster.ge\/#\/schema\/logo\/image\/"}}]}},"_links":{"self":[{"href":"https:\/\/climatemaster.ge\/fr\/wp-json\/wp\/v2\/product\/32801","targetHints":{"allow":["GET"]}}],"collection":[{"href":"https:\/\/climatemaster.ge\/fr\/wp-json\/wp\/v2\/product"}],"about":[{"href":"https:\/\/climatemaster.ge\/fr\/wp-json\/wp\/v2\/types\/product"}],"wp:featuredmedia":[{"embeddable":true,"href":"https:\/\/climatemaster.ge\/fr\/wp-json\/wp\/v2\/media\/32784"}],"wp:attachment":[{"href":"https:\/\/climatemaster.ge\/fr\/wp-json\/wp\/v2\/media?parent=32801"}],"wp:term":[{"taxonomy":"product_brand","embeddable":true,"href":"https:\/\/climatemaster.ge\/fr\/wp-json\/wp\/v2\/product_brand?post=32801"},{"taxonomy":"product_cat","embeddable":true,"href":"https:\/\/climatemaster.ge\/fr\/wp-json\/wp\/v2\/product_cat?post=32801"},{"taxonomy":"product_tag","embeddable":true,"href":"https:\/\/climatemaster.ge\/fr\/wp-json\/wp\/v2\/product_tag?post=32801"}],"curies":[{"name":"wp","href":"https:\/\/api.w.org\/{rel}","templated":true}]}}