{"id":32720,"date":"2025-05-24T16:32:29","date_gmt":"2025-05-24T12:32:29","guid":{"rendered":"https:\/\/airsystems.ge\/shop\/product\/flat-air-condensers-stst-al-cu-al\/"},"modified":"2025-05-24T16:34:47","modified_gmt":"2025-05-24T12:34:47","slug":"flat-air-condensers-stst-al-cu-al","status":"publish","type":"product","link":"https:\/\/climatemaster.ge\/fr\/produit\/flat-air-condensers-stst-al-cu-al\/","title":{"rendered":"Condenseurs \u00e0 air plats (Inox\/Al, Cu\/Al)"},"content":{"rendered":"","protected":false},"excerpt":{"rendered":"<div class=\"elementor-element elementor-element-6799186e elementor-widget elementor-widget-heading\" data-id=\"6799186e\" data-element_type=\"widget\" data-widget_type=\"heading.default\">\n<div class=\"elementor-widget-container\">\n<div class=\"elementor-heading-title elementor-size-default\">\n<p>CAP<br \/>\nCondenseur \u00e0 air plat pouvant accueillir jusqu&rsquo;\u00e0 24 ventilateurs et d&rsquo;une grande robustesse. Il peut \u00eatre install\u00e9 indiff\u00e9remment en position horizontale ou verticale.<\/p>\n<p>Fabriqu\u00e9 avec un tube en acier inoxydable et des ailettes en aluminium (Inox\/Al) ou en cuivre et des ailettes en aluminium (Cu\/Al). Compatible avec tous les fluides frigorig\u00e8nes. Conception modulaire de 2 \u00e0 24 ventilateurs axiaux (\u00d8800, 910, 1000). Pas des ailettes\u00a0: 2,1-2,3\u00a0mm<\/p>\n<p>Nos condenseurs \u00e0 air robustes sont fabriqu\u00e9s en t\u00f4le galvanis\u00e9e \u00e9paisse, peinte en polyester pour prot\u00e9ger l&rsquo;\u00e9quipement de la corrosion environnementale.<\/p>\n<p>La conception du circuit et le diam\u00e8tre des tubes sont optimis\u00e9s pour une perte de charge minimale, m\u00eame sur les mod\u00e8les les plus puissants. Cette gamme de condenseurs standard offre une grande flexibilit\u00e9 pour des applications sur mesure.<\/p>\n<\/div>\n<\/div>\n<\/div>\n","protected":false},"featured_media":32715,"template":"","meta":[],"product_brand":[],"product_cat":[682,1629],"product_tag":[],"class_list":{"0":"post-32720","1":"product","2":"type-product","3":"status-publish","4":"has-post-thumbnail","6":"product_cat-climatiseurs-fr-industriels","7":"product_cat-condenseur","9":"first","10":"instock","11":"shipping-taxable","12":"product-type-simple"},"yoast_head":"<!-- This site is optimized with the Yoast SEO plugin v27.1.1 - https:\/\/yoast.com\/product\/yoast-seo-wordpress\/ -->\n<title>Condenseurs \u00e0 air plats (Inox\/Al, Cu\/Al) - Climate Master<\/title>\n<meta name=\"robots\" content=\"index, follow, max-snippet:-1, max-image-preview:large, max-video-preview:-1\" \/>\n<link rel=\"canonical\" href=\"https:\/\/climatemaster.ge\/fr\/produit\/flat-air-condensers-stst-al-cu-al\/\" \/>\n<meta property=\"og:locale\" content=\"fr_FR\" \/>\n<meta property=\"og:type\" content=\"article\" \/>\n<meta property=\"og:title\" content=\"Condenseurs \u00e0 air plats (Inox\/Al, Cu\/Al) - Climate Master\" \/>\n<meta property=\"og:description\" content=\"CAP Condenseur \u00e0 air plat pouvant accueillir jusqu&#039;\u00e0 24 ventilateurs et d&#039;une grande robustesse. Il peut \u00eatre install\u00e9 indiff\u00e9remment en position horizontale ou verticale.  Fabriqu\u00e9 avec un tube en acier inoxydable et des ailettes en aluminium (Inox\/Al) ou en cuivre et des ailettes en aluminium (Cu\/Al). Compatible avec tous les fluides frigorig\u00e8nes. Conception modulaire de 2 \u00e0 24 ventilateurs axiaux (\u00d8800, 910, 1000). Pas des ailettes\u00a0: 2,1-2,3\u00a0mm  Nos condenseurs \u00e0 air robustes sont fabriqu\u00e9s en t\u00f4le galvanis\u00e9e \u00e9paisse, peinte en polyester pour prot\u00e9ger l&#039;\u00e9quipement de la corrosion environnementale.  La conception du circuit et le diam\u00e8tre des tubes sont optimis\u00e9s pour une perte de charge minimale, m\u00eame sur les mod\u00e8les les plus puissants. Cette gamme de condenseurs standard offre une grande flexibilit\u00e9 pour des applications sur mesure.\" \/>\n<meta property=\"og:url\" content=\"https:\/\/climatemaster.ge\/fr\/produit\/flat-air-condensers-stst-al-cu-al\/\" \/>\n<meta property=\"og:site_name\" content=\"Climate Master\" \/>\n<meta property=\"article:modified_time\" content=\"2025-05-24T12:34:47+00:00\" \/>\n<meta property=\"og:image\" content=\"https:\/\/climatemaster.ge\/wp-content\/uploads\/2025\/05\/Flat-Air-Condensers-qdd9hghisbbcw52imf5uguy0hdt413i4tsyw7vjayc-1.png\" \/>\n\t<meta property=\"og:image:width\" content=\"700\" \/>\n\t<meta property=\"og:image:height\" content=\"466\" \/>\n\t<meta property=\"og:image:type\" content=\"image\/png\" \/>\n<meta name=\"twitter:card\" content=\"summary_large_image\" \/>\n<script type=\"application\/ld+json\" class=\"yoast-schema-graph\">{\"@context\":\"https:\/\/schema.org\",\"@graph\":[{\"@type\":\"WebPage\",\"@id\":\"https:\/\/climatemaster.ge\/fr\/produit\/flat-air-condensers-stst-al-cu-al\/\",\"url\":\"https:\/\/climatemaster.ge\/fr\/produit\/flat-air-condensers-stst-al-cu-al\/\",\"name\":\"Condenseurs \u00e0 air plats (Inox\/Al, Cu\/Al) - Climate Master\",\"isPartOf\":{\"@id\":\"https:\/\/climatemaster.ge\/#website\"},\"primaryImageOfPage\":{\"@id\":\"https:\/\/climatemaster.ge\/fr\/produit\/flat-air-condensers-stst-al-cu-al\/#primaryimage\"},\"image\":{\"@id\":\"https:\/\/climatemaster.ge\/fr\/produit\/flat-air-condensers-stst-al-cu-al\/#primaryimage\"},\"thumbnailUrl\":\"https:\/\/climatemaster.ge\/wp-content\/uploads\/2025\/05\/Flat-Air-Condensers-qdd9hghisbbcw52imf5uguy0hdt413i4tsyw7vjayc-1.png\",\"datePublished\":\"2025-05-24T12:32:29+00:00\",\"dateModified\":\"2025-05-24T12:34:47+00:00\",\"breadcrumb\":{\"@id\":\"https:\/\/climatemaster.ge\/fr\/produit\/flat-air-condensers-stst-al-cu-al\/#breadcrumb\"},\"inLanguage\":\"fr-FR\",\"potentialAction\":[{\"@type\":\"ReadAction\",\"target\":[\"https:\/\/climatemaster.ge\/fr\/produit\/flat-air-condensers-stst-al-cu-al\/\"]}]},{\"@type\":\"ImageObject\",\"inLanguage\":\"fr-FR\",\"@id\":\"https:\/\/climatemaster.ge\/fr\/produit\/flat-air-condensers-stst-al-cu-al\/#primaryimage\",\"url\":\"https:\/\/climatemaster.ge\/wp-content\/uploads\/2025\/05\/Flat-Air-Condensers-qdd9hghisbbcw52imf5uguy0hdt413i4tsyw7vjayc-1.png\",\"contentUrl\":\"https:\/\/climatemaster.ge\/wp-content\/uploads\/2025\/05\/Flat-Air-Condensers-qdd9hghisbbcw52imf5uguy0hdt413i4tsyw7vjayc-1.png\",\"width\":700,\"height\":466},{\"@type\":\"BreadcrumbList\",\"@id\":\"https:\/\/climatemaster.ge\/fr\/produit\/flat-air-condensers-stst-al-cu-al\/#breadcrumb\",\"itemListElement\":[{\"@type\":\"ListItem\",\"position\":1,\"name\":\"Home\",\"item\":\"https:\/\/climatemaster.ge\/\"},{\"@type\":\"ListItem\",\"position\":2,\"name\":\"Products\",\"item\":\"https:\/\/climatemaster.ge\/products\/\"},{\"@type\":\"ListItem\",\"position\":3,\"name\":\"Condenseurs \u00e0 air plats (Inox\/Al, Cu\/Al)\"}]},{\"@type\":\"WebSite\",\"@id\":\"https:\/\/climatemaster.ge\/#website\",\"url\":\"https:\/\/climatemaster.ge\/\",\"name\":\"Climate Master\",\"description\":\"\",\"publisher\":{\"@id\":\"https:\/\/climatemaster.ge\/#organization\"},\"potentialAction\":[{\"@type\":\"SearchAction\",\"target\":{\"@type\":\"EntryPoint\",\"urlTemplate\":\"https:\/\/climatemaster.ge\/?s={search_term_string}\"},\"query-input\":{\"@type\":\"PropertyValueSpecification\",\"valueRequired\":true,\"valueName\":\"search_term_string\"}}],\"inLanguage\":\"fr-FR\"},{\"@type\":\"Organization\",\"@id\":\"https:\/\/climatemaster.ge\/#organization\",\"name\":\"Climate Master\",\"url\":\"https:\/\/climatemaster.ge\/\",\"logo\":{\"@type\":\"ImageObject\",\"inLanguage\":\"fr-FR\",\"@id\":\"https:\/\/climatemaster.ge\/#\/schema\/logo\/image\/\",\"url\":\"https:\/\/climatemaster.ge\/wp-content\/uploads\/2026\/03\/Untitled-2.png\",\"contentUrl\":\"https:\/\/climatemaster.ge\/wp-content\/uploads\/2026\/03\/Untitled-2.png\",\"width\":600,\"height\":338,\"caption\":\"Climate Master\"},\"image\":{\"@id\":\"https:\/\/climatemaster.ge\/#\/schema\/logo\/image\/\"}}]}<\/script>\n<!-- \/ Yoast SEO plugin. -->","yoast_head_json":{"title":"Condenseurs \u00e0 air plats (Inox\/Al, Cu\/Al) - Climate Master","robots":{"index":"index","follow":"follow","max-snippet":"max-snippet:-1","max-image-preview":"max-image-preview:large","max-video-preview":"max-video-preview:-1"},"canonical":"https:\/\/climatemaster.ge\/fr\/produit\/flat-air-condensers-stst-al-cu-al\/","og_locale":"fr_FR","og_type":"article","og_title":"Condenseurs \u00e0 air plats (Inox\/Al, Cu\/Al) - Climate Master","og_description":"CAP Condenseur \u00e0 air plat pouvant accueillir jusqu'\u00e0 24 ventilateurs et d'une grande robustesse. Il peut \u00eatre install\u00e9 indiff\u00e9remment en position horizontale ou verticale.  Fabriqu\u00e9 avec un tube en acier inoxydable et des ailettes en aluminium (Inox\/Al) ou en cuivre et des ailettes en aluminium (Cu\/Al). Compatible avec tous les fluides frigorig\u00e8nes. Conception modulaire de 2 \u00e0 24 ventilateurs axiaux (\u00d8800, 910, 1000). Pas des ailettes\u00a0: 2,1-2,3\u00a0mm  Nos condenseurs \u00e0 air robustes sont fabriqu\u00e9s en t\u00f4le galvanis\u00e9e \u00e9paisse, peinte en polyester pour prot\u00e9ger l'\u00e9quipement de la corrosion environnementale.  La conception du circuit et le diam\u00e8tre des tubes sont optimis\u00e9s pour une perte de charge minimale, m\u00eame sur les mod\u00e8les les plus puissants. Cette gamme de condenseurs standard offre une grande flexibilit\u00e9 pour des applications sur mesure.","og_url":"https:\/\/climatemaster.ge\/fr\/produit\/flat-air-condensers-stst-al-cu-al\/","og_site_name":"Climate Master","article_modified_time":"2025-05-24T12:34:47+00:00","og_image":[{"width":700,"height":466,"url":"https:\/\/climatemaster.ge\/wp-content\/uploads\/2025\/05\/Flat-Air-Condensers-qdd9hghisbbcw52imf5uguy0hdt413i4tsyw7vjayc-1.png","type":"image\/png"}],"twitter_card":"summary_large_image","schema":{"@context":"https:\/\/schema.org","@graph":[{"@type":"WebPage","@id":"https:\/\/climatemaster.ge\/fr\/produit\/flat-air-condensers-stst-al-cu-al\/","url":"https:\/\/climatemaster.ge\/fr\/produit\/flat-air-condensers-stst-al-cu-al\/","name":"Condenseurs \u00e0 air plats (Inox\/Al, Cu\/Al) - Climate Master","isPartOf":{"@id":"https:\/\/climatemaster.ge\/#website"},"primaryImageOfPage":{"@id":"https:\/\/climatemaster.ge\/fr\/produit\/flat-air-condensers-stst-al-cu-al\/#primaryimage"},"image":{"@id":"https:\/\/climatemaster.ge\/fr\/produit\/flat-air-condensers-stst-al-cu-al\/#primaryimage"},"thumbnailUrl":"https:\/\/climatemaster.ge\/wp-content\/uploads\/2025\/05\/Flat-Air-Condensers-qdd9hghisbbcw52imf5uguy0hdt413i4tsyw7vjayc-1.png","datePublished":"2025-05-24T12:32:29+00:00","dateModified":"2025-05-24T12:34:47+00:00","breadcrumb":{"@id":"https:\/\/climatemaster.ge\/fr\/produit\/flat-air-condensers-stst-al-cu-al\/#breadcrumb"},"inLanguage":"fr-FR","potentialAction":[{"@type":"ReadAction","target":["https:\/\/climatemaster.ge\/fr\/produit\/flat-air-condensers-stst-al-cu-al\/"]}]},{"@type":"ImageObject","inLanguage":"fr-FR","@id":"https:\/\/climatemaster.ge\/fr\/produit\/flat-air-condensers-stst-al-cu-al\/#primaryimage","url":"https:\/\/climatemaster.ge\/wp-content\/uploads\/2025\/05\/Flat-Air-Condensers-qdd9hghisbbcw52imf5uguy0hdt413i4tsyw7vjayc-1.png","contentUrl":"https:\/\/climatemaster.ge\/wp-content\/uploads\/2025\/05\/Flat-Air-Condensers-qdd9hghisbbcw52imf5uguy0hdt413i4tsyw7vjayc-1.png","width":700,"height":466},{"@type":"BreadcrumbList","@id":"https:\/\/climatemaster.ge\/fr\/produit\/flat-air-condensers-stst-al-cu-al\/#breadcrumb","itemListElement":[{"@type":"ListItem","position":1,"name":"Home","item":"https:\/\/climatemaster.ge\/"},{"@type":"ListItem","position":2,"name":"Products","item":"https:\/\/climatemaster.ge\/products\/"},{"@type":"ListItem","position":3,"name":"Condenseurs \u00e0 air plats (Inox\/Al, Cu\/Al)"}]},{"@type":"WebSite","@id":"https:\/\/climatemaster.ge\/#website","url":"https:\/\/climatemaster.ge\/","name":"Climate Master","description":"","publisher":{"@id":"https:\/\/climatemaster.ge\/#organization"},"potentialAction":[{"@type":"SearchAction","target":{"@type":"EntryPoint","urlTemplate":"https:\/\/climatemaster.ge\/?s={search_term_string}"},"query-input":{"@type":"PropertyValueSpecification","valueRequired":true,"valueName":"search_term_string"}}],"inLanguage":"fr-FR"},{"@type":"Organization","@id":"https:\/\/climatemaster.ge\/#organization","name":"Climate Master","url":"https:\/\/climatemaster.ge\/","logo":{"@type":"ImageObject","inLanguage":"fr-FR","@id":"https:\/\/climatemaster.ge\/#\/schema\/logo\/image\/","url":"https:\/\/climatemaster.ge\/wp-content\/uploads\/2026\/03\/Untitled-2.png","contentUrl":"https:\/\/climatemaster.ge\/wp-content\/uploads\/2026\/03\/Untitled-2.png","width":600,"height":338,"caption":"Climate Master"},"image":{"@id":"https:\/\/climatemaster.ge\/#\/schema\/logo\/image\/"}}]}},"_links":{"self":[{"href":"https:\/\/climatemaster.ge\/fr\/wp-json\/wp\/v2\/product\/32720","targetHints":{"allow":["GET"]}}],"collection":[{"href":"https:\/\/climatemaster.ge\/fr\/wp-json\/wp\/v2\/product"}],"about":[{"href":"https:\/\/climatemaster.ge\/fr\/wp-json\/wp\/v2\/types\/product"}],"wp:featuredmedia":[{"embeddable":true,"href":"https:\/\/climatemaster.ge\/fr\/wp-json\/wp\/v2\/media\/32715"}],"wp:attachment":[{"href":"https:\/\/climatemaster.ge\/fr\/wp-json\/wp\/v2\/media?parent=32720"}],"wp:term":[{"taxonomy":"product_brand","embeddable":true,"href":"https:\/\/climatemaster.ge\/fr\/wp-json\/wp\/v2\/product_brand?post=32720"},{"taxonomy":"product_cat","embeddable":true,"href":"https:\/\/climatemaster.ge\/fr\/wp-json\/wp\/v2\/product_cat?post=32720"},{"taxonomy":"product_tag","embeddable":true,"href":"https:\/\/climatemaster.ge\/fr\/wp-json\/wp\/v2\/product_tag?post=32720"}],"curies":[{"name":"wp","href":"https:\/\/api.w.org\/{rel}","templated":true}]}}