{"id":32692,"date":"2025-05-24T16:15:09","date_gmt":"2025-05-24T12:15:09","guid":{"rendered":"https:\/\/airsystems.ge\/shop\/product\/evaporative-condensers\/"},"modified":"2025-05-24T16:21:15","modified_gmt":"2025-05-24T12:21:15","slug":"evaporative-condensers","status":"publish","type":"product","link":"https:\/\/climatemaster.ge\/fr\/produit\/evaporative-condensers\/","title":{"rendered":"Condenseur \u00e9vaporatif"},"content":{"rendered":"<p><strong>Caract\u00e9ristiques<\/strong><\/p>\n<p>\u00c9conomies d&rsquo;\u00e9nergie maximales et faibles co\u00fbts d&rsquo;installation<br \/>\nVentilateurs axiaux \u00e9quip\u00e9s de moteurs EC et d&rsquo;une \u00e9lectronique commut\u00e9e de s\u00e9rie<br \/>\nCarcasse en polyester renforc\u00e9 de fibres de verre (PRV)<br \/>\nVis en acier inoxydable<br \/>\nFiltre anti-cavitation en acier inoxydable de s\u00e9rie<br \/>\nAcc\u00e8s tr\u00e8s facile \u00e0 toutes les pi\u00e8ces d&rsquo;entretien<\/p>\n<p><strong>Accessoires<\/strong><\/p>\n<p>Plusieurs circuits ind\u00e9pendants dans la batterie d&rsquo;\u00e9change thermique<br \/>\nBatterie d&rsquo;\u00e9change enti\u00e8rement en acier inoxydable, qualit\u00e9 AISI 304L et AISI 316L<br \/>\nR\u00e9sistance chauffante install\u00e9e dans le bassin de recirculation d&rsquo;eau<br \/>\nContr\u00f4le de niveau \u00e9lectronique en remplacement de la vanne \u00e0 flotteur m\u00e9canique<br \/>\nSyst\u00e8me de contr\u00f4le de la qualit\u00e9 de l&rsquo;eau E-CARE<br \/>\nPompe de r\u00e9serve mont\u00e9e avec clapet anti-retour<br \/>\nCouleur personnalisable<br \/>\nFeux de signalisation<br \/>\n\u00c9chelle de maintenance et passerelles p\u00e9riph\u00e9riques exclusivement en PRV<br \/>\nGarantie Premium \u00e9tendue de 5 ans avec service apr\u00e8s-vente 24h\/24<\/p>\n<p><iframe loading=\"lazy\" title=\"EOS condensers BON AREA\" src=\"https:\/\/player.vimeo.com\/video\/715567743?dnt=1&amp;app_id=122963\" width=\"500\" height=\"281\" frameborder=\"0\" allow=\"autoplay; fullscreen; picture-in-picture; clipboard-write; encrypted-media\"><\/iframe><\/p>\n","protected":false},"excerpt":{"rendered":"<p>NCX<br \/>\nCondenseurs \u00e9vaporatifs innovants.<br \/>\nConception \u00e0 contre-courant \u00e0 tirage forc\u00e9 avec enveloppe en PRV.<br \/>\nVentilateurs axiaux EC de s\u00e9rie.<br \/>\nBatterie ultra-compacte avec charge de r\u00e9frig\u00e9rant minimale.<\/p>\n<p>Les condenseurs NCX sont actuellement les \u00e9quipements offrant la meilleure efficacit\u00e9 \u00e9nerg\u00e9tique du march\u00e9, d\u00e9passant la norme ErP 2023.<\/p>\n<p>Les condenseurs de la s\u00e9rie NCX sont des condenseurs \u00e9vaporatifs en avance sur leur temps. Ce sont des condenseurs \u00e0 contre-courant \u00e0 tirage forc\u00e9 avec enveloppe en polyester renforc\u00e9 de fibre de verre (PRV), des caract\u00e9ristiques qui garantissent une excellente r\u00e9sistance \u00e0 la corrosion et des performances optimales.<\/p>\n<p>Les condenseurs \u00e9vaporatifs NCX int\u00e8grent des moteurs \u00e9lectriques innovants \u00e0 technologie EC (contr\u00f4leurs int\u00e9gr\u00e9s) pour un niveau de pression acoustique tr\u00e8s faible et un fonctionnement extr\u00eamement silencieux.<\/p>\n<p>Le rendement sup\u00e9rieur des moteurs EC d\u00e9passe les exigences IE4. L&rsquo;\u00e9lectronique int\u00e9gr\u00e9e des moteurs EC permet un contr\u00f4le de la vitesse variable du ventilateur pour des \u00e9conomies d&rsquo;\u00e9nergie maximales dans l&rsquo;installation et une consommation \u00e9lectrique r\u00e9duite par rapport aux moteurs AC avec variateur de fr\u00e9quence.<\/p>\n<p>Les batteries de condenseurs \u00e9vaporatifs NCX sont galvanis\u00e9es \u00e0 chaud selon un proc\u00e9d\u00e9 discontinu, conform\u00e9ment \u00e0 la norme UNE.EN ISO 1461:2010. Ultra-compactes et innovantes, elles pr\u00e9sentent un volume de r\u00e9frig\u00e9rant interne jusqu&rsquo;\u00e0 33 % inf\u00e9rieur \u00e0 celui des solutions concurrentes actuellement disponibles.<\/p>\n<p>L&rsquo;entr\u00e9e d&rsquo;air est unilat\u00e9rale, ce qui permet une int\u00e9gration modulaire et optimise l&rsquo;espace requis dans l&rsquo;installation. De plus, l&rsquo;entr\u00e9e d&rsquo;air unilat\u00e9rale permet d&rsquo;orienter le c\u00f4t\u00e9 silencieux vers les zones sensibles au bruit. Les ventilateurs sont install\u00e9s dans la section d&rsquo;aspiration d&rsquo;air sec, ce qui \u00e9vite la condensation et \u00e9limine les probl\u00e8mes de corrosion et de d\u00e9faillance m\u00e9canique pr\u00e9matur\u00e9e.<\/p>\n<p>La g\u00e9om\u00e9trie incurv\u00e9e unique des \u00e9liminateurs de gouttelettes offre quatre changements de direction du flux d&rsquo;air avec trois zones d&rsquo;impact et une structure cellulaire \u00e0 feuilles superpos\u00e9es qui retiennent les gouttelettes d&rsquo;eau pr\u00e9sentes dans le flux d&rsquo;air, r\u00e9duisant ainsi la tra\u00een\u00e9e \u00e0 moins de 0,001 %. Le bassin d&rsquo;eau EOS PLUS auto-drainant, avec deux pentes sur deux axes vers le raccord de vidange, permet une vidange compl\u00e8te. Le bassin est enti\u00e8rement diaphane, sans zones inaccessibles, et son grand espace int\u00e9rieur permet un acc\u00e8s facile et pratique pour l&rsquo;inspection et le nettoyage. La gamme NCX est con\u00e7ue pour une installation et un fonctionnement corrects, m\u00eame dans des environnements de cat\u00e9gorie C5 (degr\u00e9 de corrosion maximal selon la norme ISO 9223:1992, environnement marin ou industriel lourd).<\/p>\n","protected":false},"featured_media":32687,"template":"","meta":[],"product_brand":[],"product_cat":[682,1629],"product_tag":[],"class_list":{"0":"post-32692","1":"product","2":"type-product","3":"status-publish","4":"has-post-thumbnail","6":"product_cat-climatiseurs-fr-industriels","7":"product_cat-condenseur","9":"first","10":"instock","11":"shipping-taxable","12":"product-type-simple"},"yoast_head":"<!-- This site is optimized with the Yoast SEO plugin v27.1.1 - https:\/\/yoast.com\/product\/yoast-seo-wordpress\/ -->\n<title>Condenseur \u00e9vaporatif - Climate Master<\/title>\n<meta name=\"robots\" content=\"index, follow, max-snippet:-1, max-image-preview:large, max-video-preview:-1\" \/>\n<link rel=\"canonical\" href=\"https:\/\/climatemaster.ge\/fr\/produit\/evaporative-condensers\/\" \/>\n<meta property=\"og:locale\" content=\"fr_FR\" \/>\n<meta property=\"og:type\" content=\"article\" \/>\n<meta property=\"og:title\" content=\"Condenseur \u00e9vaporatif - Climate Master\" \/>\n<meta property=\"og:description\" content=\"NCX Condenseurs \u00e9vaporatifs innovants. Conception \u00e0 contre-courant \u00e0 tirage forc\u00e9 avec enveloppe en PRV. Ventilateurs axiaux EC de s\u00e9rie. Batterie ultra-compacte avec charge de r\u00e9frig\u00e9rant minimale.  Les condenseurs NCX sont actuellement les \u00e9quipements offrant la meilleure efficacit\u00e9 \u00e9nerg\u00e9tique du march\u00e9, d\u00e9passant la norme ErP 2023.  Les condenseurs de la s\u00e9rie NCX sont des condenseurs \u00e9vaporatifs en avance sur leur temps. Ce sont des condenseurs \u00e0 contre-courant \u00e0 tirage forc\u00e9 avec enveloppe en polyester renforc\u00e9 de fibre de verre (PRV), des caract\u00e9ristiques qui garantissent une excellente r\u00e9sistance \u00e0 la corrosion et des performances optimales.  Les condenseurs \u00e9vaporatifs NCX int\u00e8grent des moteurs \u00e9lectriques innovants \u00e0 technologie EC (contr\u00f4leurs int\u00e9gr\u00e9s) pour un niveau de pression acoustique tr\u00e8s faible et un fonctionnement extr\u00eamement silencieux.  Le rendement sup\u00e9rieur des moteurs EC d\u00e9passe les exigences IE4. L&#039;\u00e9lectronique int\u00e9gr\u00e9e des moteurs EC permet un contr\u00f4le de la vitesse variable du ventilateur pour des \u00e9conomies d&#039;\u00e9nergie maximales dans l&#039;installation et une consommation \u00e9lectrique r\u00e9duite par rapport aux moteurs AC avec variateur de fr\u00e9quence.  Les batteries de condenseurs \u00e9vaporatifs NCX sont galvanis\u00e9es \u00e0 chaud selon un proc\u00e9d\u00e9 discontinu, conform\u00e9ment \u00e0 la norme UNE.EN ISO 1461:2010. Ultra-compactes et innovantes, elles pr\u00e9sentent un volume de r\u00e9frig\u00e9rant interne jusqu&#039;\u00e0 33 % inf\u00e9rieur \u00e0 celui des solutions concurrentes actuellement disponibles.  L&#039;entr\u00e9e d&#039;air est unilat\u00e9rale, ce qui permet une int\u00e9gration modulaire et optimise l&#039;espace requis dans l&#039;installation. De plus, l&#039;entr\u00e9e d&#039;air unilat\u00e9rale permet d&#039;orienter le c\u00f4t\u00e9 silencieux vers les zones sensibles au bruit. Les ventilateurs sont install\u00e9s dans la section d&#039;aspiration d&#039;air sec, ce qui \u00e9vite la condensation et \u00e9limine les probl\u00e8mes de corrosion et de d\u00e9faillance m\u00e9canique pr\u00e9matur\u00e9e.  La g\u00e9om\u00e9trie incurv\u00e9e unique des \u00e9liminateurs de gouttelettes offre quatre changements de direction du flux d&#039;air avec trois zones d&#039;impact et une structure cellulaire \u00e0 feuilles superpos\u00e9es qui retiennent les gouttelettes d&#039;eau pr\u00e9sentes dans le flux d&#039;air, r\u00e9duisant ainsi la tra\u00een\u00e9e \u00e0 moins de 0,001 %. Le bassin d&#039;eau EOS PLUS auto-drainant, avec deux pentes sur deux axes vers le raccord de vidange, permet une vidange compl\u00e8te. Le bassin est enti\u00e8rement diaphane, sans zones inaccessibles, et son grand espace int\u00e9rieur permet un acc\u00e8s facile et pratique pour l&#039;inspection et le nettoyage. La gamme NCX est con\u00e7ue pour une installation et un fonctionnement corrects, m\u00eame dans des environnements de cat\u00e9gorie C5 (degr\u00e9 de corrosion maximal selon la norme ISO 9223:1992, environnement marin ou industriel lourd).\" \/>\n<meta property=\"og:url\" content=\"https:\/\/climatemaster.ge\/fr\/produit\/evaporative-condensers\/\" \/>\n<meta property=\"og:site_name\" content=\"Climate Master\" \/>\n<meta property=\"article:modified_time\" content=\"2025-05-24T12:21:15+00:00\" \/>\n<meta property=\"og:image\" content=\"https:\/\/climatemaster.ge\/wp-content\/uploads\/2025\/05\/Evaporative-Condensers-qdd9gfts5x5b5xqbhn4oon6onv2db182egfmdn3epg.png\" \/>\n\t<meta property=\"og:image:width\" content=\"600\" \/>\n\t<meta property=\"og:image:height\" content=\"466\" \/>\n\t<meta property=\"og:image:type\" content=\"image\/png\" \/>\n<meta name=\"twitter:card\" content=\"summary_large_image\" \/>\n<meta name=\"twitter:label1\" content=\"Dur\u00e9e de lecture estim\u00e9e\" \/>\n\t<meta name=\"twitter:data1\" content=\"1 minute\" \/>\n<script type=\"application\/ld+json\" class=\"yoast-schema-graph\">{\"@context\":\"https:\/\/schema.org\",\"@graph\":[{\"@type\":\"WebPage\",\"@id\":\"https:\/\/climatemaster.ge\/fr\/produit\/evaporative-condensers\/\",\"url\":\"https:\/\/climatemaster.ge\/fr\/produit\/evaporative-condensers\/\",\"name\":\"Condenseur \u00e9vaporatif - Climate Master\",\"isPartOf\":{\"@id\":\"https:\/\/climatemaster.ge\/#website\"},\"primaryImageOfPage\":{\"@id\":\"https:\/\/climatemaster.ge\/fr\/produit\/evaporative-condensers\/#primaryimage\"},\"image\":{\"@id\":\"https:\/\/climatemaster.ge\/fr\/produit\/evaporative-condensers\/#primaryimage\"},\"thumbnailUrl\":\"https:\/\/climatemaster.ge\/wp-content\/uploads\/2025\/05\/Evaporative-Condensers-qdd9gfts5x5b5xqbhn4oon6onv2db182egfmdn3epg.png\",\"datePublished\":\"2025-05-24T12:15:09+00:00\",\"dateModified\":\"2025-05-24T12:21:15+00:00\",\"breadcrumb\":{\"@id\":\"https:\/\/climatemaster.ge\/fr\/produit\/evaporative-condensers\/#breadcrumb\"},\"inLanguage\":\"fr-FR\",\"potentialAction\":[{\"@type\":\"ReadAction\",\"target\":[\"https:\/\/climatemaster.ge\/fr\/produit\/evaporative-condensers\/\"]}]},{\"@type\":\"ImageObject\",\"inLanguage\":\"fr-FR\",\"@id\":\"https:\/\/climatemaster.ge\/fr\/produit\/evaporative-condensers\/#primaryimage\",\"url\":\"https:\/\/climatemaster.ge\/wp-content\/uploads\/2025\/05\/Evaporative-Condensers-qdd9gfts5x5b5xqbhn4oon6onv2db182egfmdn3epg.png\",\"contentUrl\":\"https:\/\/climatemaster.ge\/wp-content\/uploads\/2025\/05\/Evaporative-Condensers-qdd9gfts5x5b5xqbhn4oon6onv2db182egfmdn3epg.png\",\"width\":600,\"height\":466},{\"@type\":\"BreadcrumbList\",\"@id\":\"https:\/\/climatemaster.ge\/fr\/produit\/evaporative-condensers\/#breadcrumb\",\"itemListElement\":[{\"@type\":\"ListItem\",\"position\":1,\"name\":\"Home\",\"item\":\"https:\/\/climatemaster.ge\/\"},{\"@type\":\"ListItem\",\"position\":2,\"name\":\"Products\",\"item\":\"https:\/\/climatemaster.ge\/products\/\"},{\"@type\":\"ListItem\",\"position\":3,\"name\":\"Condenseur \u00e9vaporatif\"}]},{\"@type\":\"WebSite\",\"@id\":\"https:\/\/climatemaster.ge\/#website\",\"url\":\"https:\/\/climatemaster.ge\/\",\"name\":\"Climate Master\",\"description\":\"\",\"publisher\":{\"@id\":\"https:\/\/climatemaster.ge\/#organization\"},\"potentialAction\":[{\"@type\":\"SearchAction\",\"target\":{\"@type\":\"EntryPoint\",\"urlTemplate\":\"https:\/\/climatemaster.ge\/?s={search_term_string}\"},\"query-input\":{\"@type\":\"PropertyValueSpecification\",\"valueRequired\":true,\"valueName\":\"search_term_string\"}}],\"inLanguage\":\"fr-FR\"},{\"@type\":\"Organization\",\"@id\":\"https:\/\/climatemaster.ge\/#organization\",\"name\":\"Climate Master\",\"url\":\"https:\/\/climatemaster.ge\/\",\"logo\":{\"@type\":\"ImageObject\",\"inLanguage\":\"fr-FR\",\"@id\":\"https:\/\/climatemaster.ge\/#\/schema\/logo\/image\/\",\"url\":\"https:\/\/climatemaster.ge\/wp-content\/uploads\/2026\/03\/Untitled-2.png\",\"contentUrl\":\"https:\/\/climatemaster.ge\/wp-content\/uploads\/2026\/03\/Untitled-2.png\",\"width\":600,\"height\":338,\"caption\":\"Climate Master\"},\"image\":{\"@id\":\"https:\/\/climatemaster.ge\/#\/schema\/logo\/image\/\"}}]}<\/script>\n<!-- \/ Yoast SEO plugin. -->","yoast_head_json":{"title":"Condenseur \u00e9vaporatif - Climate Master","robots":{"index":"index","follow":"follow","max-snippet":"max-snippet:-1","max-image-preview":"max-image-preview:large","max-video-preview":"max-video-preview:-1"},"canonical":"https:\/\/climatemaster.ge\/fr\/produit\/evaporative-condensers\/","og_locale":"fr_FR","og_type":"article","og_title":"Condenseur \u00e9vaporatif - Climate Master","og_description":"NCX Condenseurs \u00e9vaporatifs innovants. Conception \u00e0 contre-courant \u00e0 tirage forc\u00e9 avec enveloppe en PRV. Ventilateurs axiaux EC de s\u00e9rie. Batterie ultra-compacte avec charge de r\u00e9frig\u00e9rant minimale.  Les condenseurs NCX sont actuellement les \u00e9quipements offrant la meilleure efficacit\u00e9 \u00e9nerg\u00e9tique du march\u00e9, d\u00e9passant la norme ErP 2023.  Les condenseurs de la s\u00e9rie NCX sont des condenseurs \u00e9vaporatifs en avance sur leur temps. Ce sont des condenseurs \u00e0 contre-courant \u00e0 tirage forc\u00e9 avec enveloppe en polyester renforc\u00e9 de fibre de verre (PRV), des caract\u00e9ristiques qui garantissent une excellente r\u00e9sistance \u00e0 la corrosion et des performances optimales.  Les condenseurs \u00e9vaporatifs NCX int\u00e8grent des moteurs \u00e9lectriques innovants \u00e0 technologie EC (contr\u00f4leurs int\u00e9gr\u00e9s) pour un niveau de pression acoustique tr\u00e8s faible et un fonctionnement extr\u00eamement silencieux.  Le rendement sup\u00e9rieur des moteurs EC d\u00e9passe les exigences IE4. L'\u00e9lectronique int\u00e9gr\u00e9e des moteurs EC permet un contr\u00f4le de la vitesse variable du ventilateur pour des \u00e9conomies d'\u00e9nergie maximales dans l'installation et une consommation \u00e9lectrique r\u00e9duite par rapport aux moteurs AC avec variateur de fr\u00e9quence.  Les batteries de condenseurs \u00e9vaporatifs NCX sont galvanis\u00e9es \u00e0 chaud selon un proc\u00e9d\u00e9 discontinu, conform\u00e9ment \u00e0 la norme UNE.EN ISO 1461:2010. Ultra-compactes et innovantes, elles pr\u00e9sentent un volume de r\u00e9frig\u00e9rant interne jusqu'\u00e0 33 % inf\u00e9rieur \u00e0 celui des solutions concurrentes actuellement disponibles.  L'entr\u00e9e d'air est unilat\u00e9rale, ce qui permet une int\u00e9gration modulaire et optimise l'espace requis dans l'installation. De plus, l'entr\u00e9e d'air unilat\u00e9rale permet d'orienter le c\u00f4t\u00e9 silencieux vers les zones sensibles au bruit. Les ventilateurs sont install\u00e9s dans la section d'aspiration d'air sec, ce qui \u00e9vite la condensation et \u00e9limine les probl\u00e8mes de corrosion et de d\u00e9faillance m\u00e9canique pr\u00e9matur\u00e9e.  La g\u00e9om\u00e9trie incurv\u00e9e unique des \u00e9liminateurs de gouttelettes offre quatre changements de direction du flux d'air avec trois zones d'impact et une structure cellulaire \u00e0 feuilles superpos\u00e9es qui retiennent les gouttelettes d'eau pr\u00e9sentes dans le flux d'air, r\u00e9duisant ainsi la tra\u00een\u00e9e \u00e0 moins de 0,001 %. Le bassin d'eau EOS PLUS auto-drainant, avec deux pentes sur deux axes vers le raccord de vidange, permet une vidange compl\u00e8te. Le bassin est enti\u00e8rement diaphane, sans zones inaccessibles, et son grand espace int\u00e9rieur permet un acc\u00e8s facile et pratique pour l'inspection et le nettoyage. La gamme NCX est con\u00e7ue pour une installation et un fonctionnement corrects, m\u00eame dans des environnements de cat\u00e9gorie C5 (degr\u00e9 de corrosion maximal selon la norme ISO 9223:1992, environnement marin ou industriel lourd).","og_url":"https:\/\/climatemaster.ge\/fr\/produit\/evaporative-condensers\/","og_site_name":"Climate Master","article_modified_time":"2025-05-24T12:21:15+00:00","og_image":[{"width":600,"height":466,"url":"https:\/\/climatemaster.ge\/wp-content\/uploads\/2025\/05\/Evaporative-Condensers-qdd9gfts5x5b5xqbhn4oon6onv2db182egfmdn3epg.png","type":"image\/png"}],"twitter_card":"summary_large_image","twitter_misc":{"Dur\u00e9e de lecture estim\u00e9e":"1 minute"},"schema":{"@context":"https:\/\/schema.org","@graph":[{"@type":"WebPage","@id":"https:\/\/climatemaster.ge\/fr\/produit\/evaporative-condensers\/","url":"https:\/\/climatemaster.ge\/fr\/produit\/evaporative-condensers\/","name":"Condenseur \u00e9vaporatif - Climate Master","isPartOf":{"@id":"https:\/\/climatemaster.ge\/#website"},"primaryImageOfPage":{"@id":"https:\/\/climatemaster.ge\/fr\/produit\/evaporative-condensers\/#primaryimage"},"image":{"@id":"https:\/\/climatemaster.ge\/fr\/produit\/evaporative-condensers\/#primaryimage"},"thumbnailUrl":"https:\/\/climatemaster.ge\/wp-content\/uploads\/2025\/05\/Evaporative-Condensers-qdd9gfts5x5b5xqbhn4oon6onv2db182egfmdn3epg.png","datePublished":"2025-05-24T12:15:09+00:00","dateModified":"2025-05-24T12:21:15+00:00","breadcrumb":{"@id":"https:\/\/climatemaster.ge\/fr\/produit\/evaporative-condensers\/#breadcrumb"},"inLanguage":"fr-FR","potentialAction":[{"@type":"ReadAction","target":["https:\/\/climatemaster.ge\/fr\/produit\/evaporative-condensers\/"]}]},{"@type":"ImageObject","inLanguage":"fr-FR","@id":"https:\/\/climatemaster.ge\/fr\/produit\/evaporative-condensers\/#primaryimage","url":"https:\/\/climatemaster.ge\/wp-content\/uploads\/2025\/05\/Evaporative-Condensers-qdd9gfts5x5b5xqbhn4oon6onv2db182egfmdn3epg.png","contentUrl":"https:\/\/climatemaster.ge\/wp-content\/uploads\/2025\/05\/Evaporative-Condensers-qdd9gfts5x5b5xqbhn4oon6onv2db182egfmdn3epg.png","width":600,"height":466},{"@type":"BreadcrumbList","@id":"https:\/\/climatemaster.ge\/fr\/produit\/evaporative-condensers\/#breadcrumb","itemListElement":[{"@type":"ListItem","position":1,"name":"Home","item":"https:\/\/climatemaster.ge\/"},{"@type":"ListItem","position":2,"name":"Products","item":"https:\/\/climatemaster.ge\/products\/"},{"@type":"ListItem","position":3,"name":"Condenseur \u00e9vaporatif"}]},{"@type":"WebSite","@id":"https:\/\/climatemaster.ge\/#website","url":"https:\/\/climatemaster.ge\/","name":"Climate Master","description":"","publisher":{"@id":"https:\/\/climatemaster.ge\/#organization"},"potentialAction":[{"@type":"SearchAction","target":{"@type":"EntryPoint","urlTemplate":"https:\/\/climatemaster.ge\/?s={search_term_string}"},"query-input":{"@type":"PropertyValueSpecification","valueRequired":true,"valueName":"search_term_string"}}],"inLanguage":"fr-FR"},{"@type":"Organization","@id":"https:\/\/climatemaster.ge\/#organization","name":"Climate Master","url":"https:\/\/climatemaster.ge\/","logo":{"@type":"ImageObject","inLanguage":"fr-FR","@id":"https:\/\/climatemaster.ge\/#\/schema\/logo\/image\/","url":"https:\/\/climatemaster.ge\/wp-content\/uploads\/2026\/03\/Untitled-2.png","contentUrl":"https:\/\/climatemaster.ge\/wp-content\/uploads\/2026\/03\/Untitled-2.png","width":600,"height":338,"caption":"Climate Master"},"image":{"@id":"https:\/\/climatemaster.ge\/#\/schema\/logo\/image\/"}}]}},"_links":{"self":[{"href":"https:\/\/climatemaster.ge\/fr\/wp-json\/wp\/v2\/product\/32692","targetHints":{"allow":["GET"]}}],"collection":[{"href":"https:\/\/climatemaster.ge\/fr\/wp-json\/wp\/v2\/product"}],"about":[{"href":"https:\/\/climatemaster.ge\/fr\/wp-json\/wp\/v2\/types\/product"}],"wp:featuredmedia":[{"embeddable":true,"href":"https:\/\/climatemaster.ge\/fr\/wp-json\/wp\/v2\/media\/32687"}],"wp:attachment":[{"href":"https:\/\/climatemaster.ge\/fr\/wp-json\/wp\/v2\/media?parent=32692"}],"wp:term":[{"taxonomy":"product_brand","embeddable":true,"href":"https:\/\/climatemaster.ge\/fr\/wp-json\/wp\/v2\/product_brand?post=32692"},{"taxonomy":"product_cat","embeddable":true,"href":"https:\/\/climatemaster.ge\/fr\/wp-json\/wp\/v2\/product_cat?post=32692"},{"taxonomy":"product_tag","embeddable":true,"href":"https:\/\/climatemaster.ge\/fr\/wp-json\/wp\/v2\/product_tag?post=32692"}],"curies":[{"name":"wp","href":"https:\/\/api.w.org\/{rel}","templated":true}]}}