{"id":32673,"date":"2025-05-24T15:47:38","date_gmt":"2025-05-24T11:47:38","guid":{"rendered":"https:\/\/airsystems.ge\/shop\/product\/flat-gas-cooler\/"},"modified":"2025-05-24T15:51:27","modified_gmt":"2025-05-24T11:51:27","slug":"flat-gas-cooler","status":"publish","type":"product","link":"https:\/\/climatemaster.ge\/fr\/produit\/flat-gas-cooler\/","title":{"rendered":"Refroidisseur de gaz plat"},"content":{"rendered":"<p>CARACT\u00c9RISTIQUES<\/p>\n<p>\u2022 Batterie \u00e0 ailettes\u00a0: Fabriqu\u00e9e avec des tubes en cuivre de 7\u00a0mm et des ailettes en aluminium \u00e0 persiennes. Syst\u00e8me de \u00ab\u00a0floating pack\u00a0\u00bb permettant \u00e0 la batterie de l\u00e9viter pour \u00e9viter les fuites.<br \/>\n\u2022 Collecteurs\u00a0: Acier inoxydable + K65<br \/>\n\u2022 Ventilateurs\u00a0: \u00c9quip\u00e9s de s\u00e9rie de moteurs de ventilateur EC. Ventilateurs axiaux \u00e0 rotor externe (380-480 V III 50\/60 Hz) Conformes \u00e0 la directive ErP \u2013 \u00d8 450, 630, 800, 910 mm<br \/>\n\u2022 Carrosserie\u00a0: Aluminium pr\u00e9laqu\u00e9<br \/>\n\u2022 Large choix de niveaux sonores<br \/>\n\u2022 Pression de conception\u00a0: PS = 140 bar, PT = 200 bar<\/p>\n<p>OPTIONS<\/p>\n<p>MAT\u00c9RIAU DES AILETTES<br \/>\n\u2022 Ailettes en cuivre<br \/>\n\u2022 Ailettes rev\u00eatues<br \/>\n\u2022 Autre mat\u00e9riau d&rsquo;ailettes non standard<\/p>\n<p>CARROSSERIE<br \/>\n\u2022 Acier inoxydable AISI 304<br \/>\n\u2022 Anti-amortisseurs<\/p>\n<p>OPTIONS \u00c9LECTRIQUES<br \/>\n\u2022 Ventilateurs AC<br \/>\n\u2022 C\u00e2blage blind\u00e9<br \/>\n\u2022 Interrupteur de service (80 V par ventilateur)<br \/>\n\u2022 Variateur de vitesse<br \/>\n\u2022 Diffuseur de ventilateur<br \/>\n\u2022 C\u00e2blage dans un bo\u00eetier centralis\u00e9 + interrupteurs magn\u00e9tothermiques (inclus avec les ventilateurs EC)<\/p>\n<p>AUTRES<br \/>\n\u2022 Traitement AquaAero<br \/>\n\u2022 Traitement Blygold<br \/>\n\u2022 Syst\u00e8me adiabatique par pulv\u00e9risation<\/p>\n<p>&nbsp;<\/p>\n<div class=\"elementor-element elementor-element-6e19ed90 hidebutton mc-bl elementor-align-left elementor-widget elementor-widget-button\" data-id=\"6e19ed90\" data-element_type=\"widget\" data-widget_type=\"button.default\">\n<div class=\"elementor-widget-container\">\n<div class=\"elementor-button-wrapper\"><a class=\"elementor-button elementor-button-link elementor-size-sm\" href=\"https:\/\/www.enextechnologies.com\/wp-content\/uploads\/2024\/10\/OP_Flat-Gas-cooler_ENG.pdf\" target=\"_blank\" rel=\"noopener\"><span class=\"elementor-button-content-wrapper\"><span class=\"elementor-button-text\">ONE PAGER<\/span><\/span><\/a><\/div>\n<\/div>\n<\/div>\n<div class=\"elementor-element elementor-element-13f5f820 hidebutton mc-bl elementor-align-left elementor-widget elementor-widget-button\" data-id=\"13f5f820\" data-element_type=\"widget\" data-widget_type=\"button.default\">\n<div class=\"elementor-widget-container\">\n<div class=\"elementor-button-wrapper\"><a class=\"elementor-button elementor-button-link elementor-size-sm\" href=\"https:\/\/www.enextechnologies.com\/wp-content\/uploads\/2024\/10\/Brochure_FLAT_EN_EX_rev1-1223.pdf\" target=\"_blank\" rel=\"noopener\"><span class=\"elementor-button-content-wrapper\"><span class=\"elementor-button-text\">BROCHURE<\/span><\/span><\/a><\/div>\n<\/div>\n<\/div>\n","protected":false},"excerpt":{"rendered":"<div class=\"elementor-element elementor-element-70da8153 elementor-widget elementor-widget-theme-page-title elementor-page-title elementor-widget-heading\" data-id=\"70da8153\" data-element_type=\"widget\" data-widget_type=\"theme-page-title.default\">\n<div class=\"elementor-widget-container\">\n<p>Refroidisseur de gaz plat<\/p>\n<p>GM\/GN\/GO\/GP\u00a0: Refroidisseurs de gaz plats avec ventilateurs axiaux pour utilisation en ext\u00e9rieur<br \/>\nPuissance frigorifique de 15 kW \u00e0 900 kW<\/p>\n<p>Les refroidisseurs de gaz plats ENEX avec ventilateurs axiaux pour utilisation en ext\u00e9rieur sont adapt\u00e9s aux syst\u00e8mes transcritiques R744 hautement durables. Ils offrent un faible niveau sonore et une large gamme de capacit\u00e9s pour r\u00e9pondre parfaitement aux exigences du syst\u00e8me. Leur pression nominale de 140\u00a0bars permet un fonctionnement \u00e0 haute pression et une performance accrue du cycle.<\/p>\n<\/div>\n<\/div>\n","protected":false},"featured_media":32668,"template":"","meta":[],"product_brand":[],"product_cat":[682,1624],"product_tag":[],"class_list":{"0":"post-32673","1":"product","2":"type-product","3":"status-publish","4":"has-post-thumbnail","6":"product_cat-climatiseurs-fr-industriels","7":"product_cat-refroidisseurs-de-gaz-co","9":"first","10":"instock","11":"shipping-taxable","12":"product-type-simple"},"yoast_head":"<!-- This site is optimized with the Yoast SEO plugin v27.1.1 - https:\/\/yoast.com\/product\/yoast-seo-wordpress\/ -->\n<title>Refroidisseur de gaz plat - Climate Master<\/title>\n<meta name=\"robots\" content=\"index, follow, max-snippet:-1, max-image-preview:large, max-video-preview:-1\" \/>\n<link rel=\"canonical\" href=\"https:\/\/climatemaster.ge\/fr\/produit\/flat-gas-cooler\/\" \/>\n<meta property=\"og:locale\" content=\"fr_FR\" \/>\n<meta property=\"og:type\" content=\"article\" \/>\n<meta property=\"og:title\" content=\"Refroidisseur de gaz plat - Climate Master\" \/>\n<meta property=\"og:description\" content=\"Refroidisseur de gaz plat  GM\/GN\/GO\/GP\u00a0: Refroidisseurs de gaz plats avec ventilateurs axiaux pour utilisation en ext\u00e9rieur Puissance frigorifique de 15 kW \u00e0 900 kW  Les refroidisseurs de gaz plats ENEX avec ventilateurs axiaux pour utilisation en ext\u00e9rieur sont adapt\u00e9s aux syst\u00e8mes transcritiques R744 hautement durables. Ils offrent un faible niveau sonore et une large gamme de capacit\u00e9s pour r\u00e9pondre parfaitement aux exigences du syst\u00e8me. Leur pression nominale de 140\u00a0bars permet un fonctionnement \u00e0 haute pression et une performance accrue du cycle.\" \/>\n<meta property=\"og:url\" content=\"https:\/\/climatemaster.ge\/fr\/produit\/flat-gas-cooler\/\" \/>\n<meta property=\"og:site_name\" content=\"Climate Master\" \/>\n<meta property=\"article:modified_time\" content=\"2025-05-24T11:51:27+00:00\" \/>\n<meta property=\"og:image\" content=\"https:\/\/climatemaster.ge\/wp-content\/uploads\/2025\/05\/FLAT-gas-cooler.png\" \/>\n\t<meta property=\"og:image:width\" content=\"1000\" \/>\n\t<meta property=\"og:image:height\" content=\"656\" \/>\n\t<meta property=\"og:image:type\" content=\"image\/png\" \/>\n<meta name=\"twitter:card\" content=\"summary_large_image\" \/>\n<meta name=\"twitter:label1\" content=\"Dur\u00e9e de lecture estim\u00e9e\" \/>\n\t<meta name=\"twitter:data1\" content=\"1 minute\" \/>\n<script type=\"application\/ld+json\" class=\"yoast-schema-graph\">{\"@context\":\"https:\/\/schema.org\",\"@graph\":[{\"@type\":\"WebPage\",\"@id\":\"https:\/\/climatemaster.ge\/fr\/produit\/flat-gas-cooler\/\",\"url\":\"https:\/\/climatemaster.ge\/fr\/produit\/flat-gas-cooler\/\",\"name\":\"Refroidisseur de gaz plat - Climate Master\",\"isPartOf\":{\"@id\":\"https:\/\/climatemaster.ge\/#website\"},\"primaryImageOfPage\":{\"@id\":\"https:\/\/climatemaster.ge\/fr\/produit\/flat-gas-cooler\/#primaryimage\"},\"image\":{\"@id\":\"https:\/\/climatemaster.ge\/fr\/produit\/flat-gas-cooler\/#primaryimage\"},\"thumbnailUrl\":\"https:\/\/climatemaster.ge\/wp-content\/uploads\/2025\/05\/FLAT-gas-cooler.png\",\"datePublished\":\"2025-05-24T11:47:38+00:00\",\"dateModified\":\"2025-05-24T11:51:27+00:00\",\"breadcrumb\":{\"@id\":\"https:\/\/climatemaster.ge\/fr\/produit\/flat-gas-cooler\/#breadcrumb\"},\"inLanguage\":\"fr-FR\",\"potentialAction\":[{\"@type\":\"ReadAction\",\"target\":[\"https:\/\/climatemaster.ge\/fr\/produit\/flat-gas-cooler\/\"]}]},{\"@type\":\"ImageObject\",\"inLanguage\":\"fr-FR\",\"@id\":\"https:\/\/climatemaster.ge\/fr\/produit\/flat-gas-cooler\/#primaryimage\",\"url\":\"https:\/\/climatemaster.ge\/wp-content\/uploads\/2025\/05\/FLAT-gas-cooler.png\",\"contentUrl\":\"https:\/\/climatemaster.ge\/wp-content\/uploads\/2025\/05\/FLAT-gas-cooler.png\",\"width\":1000,\"height\":656},{\"@type\":\"BreadcrumbList\",\"@id\":\"https:\/\/climatemaster.ge\/fr\/produit\/flat-gas-cooler\/#breadcrumb\",\"itemListElement\":[{\"@type\":\"ListItem\",\"position\":1,\"name\":\"Home\",\"item\":\"https:\/\/climatemaster.ge\/\"},{\"@type\":\"ListItem\",\"position\":2,\"name\":\"Products\",\"item\":\"https:\/\/climatemaster.ge\/products\/\"},{\"@type\":\"ListItem\",\"position\":3,\"name\":\"Refroidisseur de gaz plat\"}]},{\"@type\":\"WebSite\",\"@id\":\"https:\/\/climatemaster.ge\/#website\",\"url\":\"https:\/\/climatemaster.ge\/\",\"name\":\"Climate Master\",\"description\":\"\",\"publisher\":{\"@id\":\"https:\/\/climatemaster.ge\/#organization\"},\"potentialAction\":[{\"@type\":\"SearchAction\",\"target\":{\"@type\":\"EntryPoint\",\"urlTemplate\":\"https:\/\/climatemaster.ge\/?s={search_term_string}\"},\"query-input\":{\"@type\":\"PropertyValueSpecification\",\"valueRequired\":true,\"valueName\":\"search_term_string\"}}],\"inLanguage\":\"fr-FR\"},{\"@type\":\"Organization\",\"@id\":\"https:\/\/climatemaster.ge\/#organization\",\"name\":\"Climate Master\",\"url\":\"https:\/\/climatemaster.ge\/\",\"logo\":{\"@type\":\"ImageObject\",\"inLanguage\":\"fr-FR\",\"@id\":\"https:\/\/climatemaster.ge\/#\/schema\/logo\/image\/\",\"url\":\"https:\/\/climatemaster.ge\/wp-content\/uploads\/2026\/03\/Untitled-2.png\",\"contentUrl\":\"https:\/\/climatemaster.ge\/wp-content\/uploads\/2026\/03\/Untitled-2.png\",\"width\":600,\"height\":338,\"caption\":\"Climate Master\"},\"image\":{\"@id\":\"https:\/\/climatemaster.ge\/#\/schema\/logo\/image\/\"}}]}<\/script>\n<!-- \/ Yoast SEO plugin. -->","yoast_head_json":{"title":"Refroidisseur de gaz plat - Climate Master","robots":{"index":"index","follow":"follow","max-snippet":"max-snippet:-1","max-image-preview":"max-image-preview:large","max-video-preview":"max-video-preview:-1"},"canonical":"https:\/\/climatemaster.ge\/fr\/produit\/flat-gas-cooler\/","og_locale":"fr_FR","og_type":"article","og_title":"Refroidisseur de gaz plat - Climate Master","og_description":"Refroidisseur de gaz plat  GM\/GN\/GO\/GP\u00a0: Refroidisseurs de gaz plats avec ventilateurs axiaux pour utilisation en ext\u00e9rieur Puissance frigorifique de 15 kW \u00e0 900 kW  Les refroidisseurs de gaz plats ENEX avec ventilateurs axiaux pour utilisation en ext\u00e9rieur sont adapt\u00e9s aux syst\u00e8mes transcritiques R744 hautement durables. Ils offrent un faible niveau sonore et une large gamme de capacit\u00e9s pour r\u00e9pondre parfaitement aux exigences du syst\u00e8me. Leur pression nominale de 140\u00a0bars permet un fonctionnement \u00e0 haute pression et une performance accrue du cycle.","og_url":"https:\/\/climatemaster.ge\/fr\/produit\/flat-gas-cooler\/","og_site_name":"Climate Master","article_modified_time":"2025-05-24T11:51:27+00:00","og_image":[{"width":1000,"height":656,"url":"https:\/\/climatemaster.ge\/wp-content\/uploads\/2025\/05\/FLAT-gas-cooler.png","type":"image\/png"}],"twitter_card":"summary_large_image","twitter_misc":{"Dur\u00e9e de lecture estim\u00e9e":"1 minute"},"schema":{"@context":"https:\/\/schema.org","@graph":[{"@type":"WebPage","@id":"https:\/\/climatemaster.ge\/fr\/produit\/flat-gas-cooler\/","url":"https:\/\/climatemaster.ge\/fr\/produit\/flat-gas-cooler\/","name":"Refroidisseur de gaz plat - Climate Master","isPartOf":{"@id":"https:\/\/climatemaster.ge\/#website"},"primaryImageOfPage":{"@id":"https:\/\/climatemaster.ge\/fr\/produit\/flat-gas-cooler\/#primaryimage"},"image":{"@id":"https:\/\/climatemaster.ge\/fr\/produit\/flat-gas-cooler\/#primaryimage"},"thumbnailUrl":"https:\/\/climatemaster.ge\/wp-content\/uploads\/2025\/05\/FLAT-gas-cooler.png","datePublished":"2025-05-24T11:47:38+00:00","dateModified":"2025-05-24T11:51:27+00:00","breadcrumb":{"@id":"https:\/\/climatemaster.ge\/fr\/produit\/flat-gas-cooler\/#breadcrumb"},"inLanguage":"fr-FR","potentialAction":[{"@type":"ReadAction","target":["https:\/\/climatemaster.ge\/fr\/produit\/flat-gas-cooler\/"]}]},{"@type":"ImageObject","inLanguage":"fr-FR","@id":"https:\/\/climatemaster.ge\/fr\/produit\/flat-gas-cooler\/#primaryimage","url":"https:\/\/climatemaster.ge\/wp-content\/uploads\/2025\/05\/FLAT-gas-cooler.png","contentUrl":"https:\/\/climatemaster.ge\/wp-content\/uploads\/2025\/05\/FLAT-gas-cooler.png","width":1000,"height":656},{"@type":"BreadcrumbList","@id":"https:\/\/climatemaster.ge\/fr\/produit\/flat-gas-cooler\/#breadcrumb","itemListElement":[{"@type":"ListItem","position":1,"name":"Home","item":"https:\/\/climatemaster.ge\/"},{"@type":"ListItem","position":2,"name":"Products","item":"https:\/\/climatemaster.ge\/products\/"},{"@type":"ListItem","position":3,"name":"Refroidisseur de gaz plat"}]},{"@type":"WebSite","@id":"https:\/\/climatemaster.ge\/#website","url":"https:\/\/climatemaster.ge\/","name":"Climate Master","description":"","publisher":{"@id":"https:\/\/climatemaster.ge\/#organization"},"potentialAction":[{"@type":"SearchAction","target":{"@type":"EntryPoint","urlTemplate":"https:\/\/climatemaster.ge\/?s={search_term_string}"},"query-input":{"@type":"PropertyValueSpecification","valueRequired":true,"valueName":"search_term_string"}}],"inLanguage":"fr-FR"},{"@type":"Organization","@id":"https:\/\/climatemaster.ge\/#organization","name":"Climate Master","url":"https:\/\/climatemaster.ge\/","logo":{"@type":"ImageObject","inLanguage":"fr-FR","@id":"https:\/\/climatemaster.ge\/#\/schema\/logo\/image\/","url":"https:\/\/climatemaster.ge\/wp-content\/uploads\/2026\/03\/Untitled-2.png","contentUrl":"https:\/\/climatemaster.ge\/wp-content\/uploads\/2026\/03\/Untitled-2.png","width":600,"height":338,"caption":"Climate Master"},"image":{"@id":"https:\/\/climatemaster.ge\/#\/schema\/logo\/image\/"}}]}},"_links":{"self":[{"href":"https:\/\/climatemaster.ge\/fr\/wp-json\/wp\/v2\/product\/32673","targetHints":{"allow":["GET"]}}],"collection":[{"href":"https:\/\/climatemaster.ge\/fr\/wp-json\/wp\/v2\/product"}],"about":[{"href":"https:\/\/climatemaster.ge\/fr\/wp-json\/wp\/v2\/types\/product"}],"wp:featuredmedia":[{"embeddable":true,"href":"https:\/\/climatemaster.ge\/fr\/wp-json\/wp\/v2\/media\/32668"}],"wp:attachment":[{"href":"https:\/\/climatemaster.ge\/fr\/wp-json\/wp\/v2\/media?parent=32673"}],"wp:term":[{"taxonomy":"product_brand","embeddable":true,"href":"https:\/\/climatemaster.ge\/fr\/wp-json\/wp\/v2\/product_brand?post=32673"},{"taxonomy":"product_cat","embeddable":true,"href":"https:\/\/climatemaster.ge\/fr\/wp-json\/wp\/v2\/product_cat?post=32673"},{"taxonomy":"product_tag","embeddable":true,"href":"https:\/\/climatemaster.ge\/fr\/wp-json\/wp\/v2\/product_tag?post=32673"}],"curies":[{"name":"wp","href":"https:\/\/api.w.org\/{rel}","templated":true}]}}