{"id":32660,"date":"2025-05-24T15:39:38","date_gmt":"2025-05-24T11:39:38","guid":{"rendered":"https:\/\/airsystems.ge\/shop\/product\/co%e2%82%82-radial-gas-coolers-kgr-400-630\/"},"modified":"2025-05-24T15:42:25","modified_gmt":"2025-05-24T11:42:25","slug":"co%e2%82%82-radial-gas-coolers-kgr-400-630","status":"publish","type":"product","link":"https:\/\/climatemaster.ge\/fr\/produit\/co%e2%82%82-radial-gas-coolers-kgr-400-630\/","title":{"rendered":"Refroidisseurs de gaz radiaux CO\u2082 (KGR-400\/630)"},"content":{"rendered":"<p><a class=\"elementor-button elementor-button-link elementor-size-sm\" href=\"https:\/\/www.enextechnologies.com\/wp-content\/uploads\/2024\/08\/One-Pager-KGR-GAS-COOLER-ENG.pdf\" target=\"_blank\" rel=\"noopener\"><span class=\"elementor-button-content-wrapper\"><span class=\"elementor-button-text\">ONE PAGER<\/span><\/span><\/a><\/p>\n","protected":false},"excerpt":{"rendered":"<div class=\"elementor-element elementor-element-f80f489 elementor-widget elementor-widget-heading\" data-id=\"f80f489\" data-element_type=\"widget\" data-widget_type=\"heading.default\">\n<div class=\"elementor-widget-container\">\n<div class=\"elementor-heading-title elementor-size-default\">\n<p>KGR\u00a0: Refroidisseurs de gaz en V avec ventilateurs centrifuges pour usage int\u00e9rieur<\/p>\n<p>KGR<br \/>\nNos condenseurs sont r\u00e9put\u00e9s pour leurs performances et leur durabilit\u00e9 exceptionnelles. Un large choix de configurations et d&rsquo;accessoires est disponible pour r\u00e9pondre \u00e0 toutes les sp\u00e9cifications, telles que des ailettes rev\u00eatues, des moteurs de ventilateur EC, des interrupteurs, des bo\u00eetiers insonoris\u00e9s\u2026<\/p>\n<p>Nous proposons plus de 100 mod\u00e8les diff\u00e9rents, dont des refroidisseurs de gaz axiaux et radiaux, offrant des puissances comprises entre 15 kW et 1\u00a0200 kW. Cette large gamme d&rsquo;unit\u00e9s et leurs accessoires offre une gamme compl\u00e8te r\u00e9pondant \u00e0 la plupart des besoins de l&rsquo;industrie du refroidissement.<\/p>\n<p>Cette gamme de refroidisseurs de gaz radiaux comprend 16 mod\u00e8les con\u00e7us pour les installations int\u00e9rieures et les applications de refroidissement commercial, avec des puissances comprises entre 15 kW et 350 kW. Elle offre une grande vari\u00e9t\u00e9 de mod\u00e8les, adaptables aux besoins de refroidissement de chaque installation. \u00c9quip\u00e9s en usine de ventilateurs EC.<\/p>\n<\/div>\n<\/div>\n<\/div>\n","protected":false},"featured_media":32643,"template":"","meta":[],"product_brand":[],"product_cat":[682,1624],"product_tag":[],"class_list":{"0":"post-32660","1":"product","2":"type-product","3":"status-publish","4":"has-post-thumbnail","6":"product_cat-climatiseurs-fr-industriels","7":"product_cat-refroidisseurs-de-gaz-co","9":"first","10":"instock","11":"shipping-taxable","12":"product-type-simple"},"yoast_head":"<!-- This site is optimized with the Yoast SEO plugin v27.1.1 - https:\/\/yoast.com\/product\/yoast-seo-wordpress\/ -->\n<title>Refroidisseurs de gaz radiaux CO\u2082 (KGR-400\/630) - Climate Master<\/title>\n<meta name=\"robots\" content=\"index, follow, max-snippet:-1, max-image-preview:large, max-video-preview:-1\" \/>\n<link rel=\"canonical\" href=\"https:\/\/climatemaster.ge\/fr\/produit\/co\u2082-radial-gas-coolers-kgr-400-630\/\" \/>\n<meta property=\"og:locale\" content=\"fr_FR\" \/>\n<meta property=\"og:type\" content=\"article\" \/>\n<meta property=\"og:title\" content=\"Refroidisseurs de gaz radiaux CO\u2082 (KGR-400\/630) - Climate Master\" \/>\n<meta property=\"og:description\" content=\"KGR\u00a0: Refroidisseurs de gaz en V avec ventilateurs centrifuges pour usage int\u00e9rieur  KGR Nos condenseurs sont r\u00e9put\u00e9s pour leurs performances et leur durabilit\u00e9 exceptionnelles. Un large choix de configurations et d&#039;accessoires est disponible pour r\u00e9pondre \u00e0 toutes les sp\u00e9cifications, telles que des ailettes rev\u00eatues, des moteurs de ventilateur EC, des interrupteurs, des bo\u00eetiers insonoris\u00e9s\u2026  Nous proposons plus de 100 mod\u00e8les diff\u00e9rents, dont des refroidisseurs de gaz axiaux et radiaux, offrant des puissances comprises entre 15 kW et 1\u00a0200 kW. Cette large gamme d&#039;unit\u00e9s et leurs accessoires offre une gamme compl\u00e8te r\u00e9pondant \u00e0 la plupart des besoins de l&#039;industrie du refroidissement.  Cette gamme de refroidisseurs de gaz radiaux comprend 16 mod\u00e8les con\u00e7us pour les installations int\u00e9rieures et les applications de refroidissement commercial, avec des puissances comprises entre 15 kW et 350 kW. Elle offre une grande vari\u00e9t\u00e9 de mod\u00e8les, adaptables aux besoins de refroidissement de chaque installation. \u00c9quip\u00e9s en usine de ventilateurs EC.\" \/>\n<meta property=\"og:url\" content=\"https:\/\/climatemaster.ge\/fr\/produit\/co\u2082-radial-gas-coolers-kgr-400-630\/\" \/>\n<meta property=\"og:site_name\" content=\"Climate Master\" \/>\n<meta property=\"article:modified_time\" content=\"2025-05-24T11:42:25+00:00\" \/>\n<meta property=\"og:image\" content=\"https:\/\/climatemaster.ge\/wp-content\/uploads\/2025\/05\/drycooler_radial_main-1.png\" \/>\n\t<meta property=\"og:image:width\" content=\"829\" \/>\n\t<meta property=\"og:image:height\" content=\"609\" \/>\n\t<meta property=\"og:image:type\" content=\"image\/png\" \/>\n<meta name=\"twitter:card\" content=\"summary_large_image\" \/>\n<script type=\"application\/ld+json\" class=\"yoast-schema-graph\">{\"@context\":\"https:\/\/schema.org\",\"@graph\":[{\"@type\":\"WebPage\",\"@id\":\"https:\/\/climatemaster.ge\/fr\/produit\/co%e2%82%82-radial-gas-coolers-kgr-400-630\/\",\"url\":\"https:\/\/climatemaster.ge\/fr\/produit\/co%e2%82%82-radial-gas-coolers-kgr-400-630\/\",\"name\":\"Refroidisseurs de gaz radiaux CO\u2082 (KGR-400\/630) - Climate Master\",\"isPartOf\":{\"@id\":\"https:\/\/climatemaster.ge\/#website\"},\"primaryImageOfPage\":{\"@id\":\"https:\/\/climatemaster.ge\/fr\/produit\/co%e2%82%82-radial-gas-coolers-kgr-400-630\/#primaryimage\"},\"image\":{\"@id\":\"https:\/\/climatemaster.ge\/fr\/produit\/co%e2%82%82-radial-gas-coolers-kgr-400-630\/#primaryimage\"},\"thumbnailUrl\":\"https:\/\/climatemaster.ge\/wp-content\/uploads\/2025\/05\/drycooler_radial_main-1.png\",\"datePublished\":\"2025-05-24T11:39:38+00:00\",\"dateModified\":\"2025-05-24T11:42:25+00:00\",\"breadcrumb\":{\"@id\":\"https:\/\/climatemaster.ge\/fr\/produit\/co%e2%82%82-radial-gas-coolers-kgr-400-630\/#breadcrumb\"},\"inLanguage\":\"fr-FR\",\"potentialAction\":[{\"@type\":\"ReadAction\",\"target\":[\"https:\/\/climatemaster.ge\/fr\/produit\/co%e2%82%82-radial-gas-coolers-kgr-400-630\/\"]}]},{\"@type\":\"ImageObject\",\"inLanguage\":\"fr-FR\",\"@id\":\"https:\/\/climatemaster.ge\/fr\/produit\/co%e2%82%82-radial-gas-coolers-kgr-400-630\/#primaryimage\",\"url\":\"https:\/\/climatemaster.ge\/wp-content\/uploads\/2025\/05\/drycooler_radial_main-1.png\",\"contentUrl\":\"https:\/\/climatemaster.ge\/wp-content\/uploads\/2025\/05\/drycooler_radial_main-1.png\",\"width\":829,\"height\":609},{\"@type\":\"BreadcrumbList\",\"@id\":\"https:\/\/climatemaster.ge\/fr\/produit\/co%e2%82%82-radial-gas-coolers-kgr-400-630\/#breadcrumb\",\"itemListElement\":[{\"@type\":\"ListItem\",\"position\":1,\"name\":\"Home\",\"item\":\"https:\/\/climatemaster.ge\/\"},{\"@type\":\"ListItem\",\"position\":2,\"name\":\"Products\",\"item\":\"https:\/\/climatemaster.ge\/products\/\"},{\"@type\":\"ListItem\",\"position\":3,\"name\":\"Refroidisseurs de gaz radiaux CO\u2082 (KGR-400\/630)\"}]},{\"@type\":\"WebSite\",\"@id\":\"https:\/\/climatemaster.ge\/#website\",\"url\":\"https:\/\/climatemaster.ge\/\",\"name\":\"Climate Master\",\"description\":\"\",\"publisher\":{\"@id\":\"https:\/\/climatemaster.ge\/#organization\"},\"potentialAction\":[{\"@type\":\"SearchAction\",\"target\":{\"@type\":\"EntryPoint\",\"urlTemplate\":\"https:\/\/climatemaster.ge\/?s={search_term_string}\"},\"query-input\":{\"@type\":\"PropertyValueSpecification\",\"valueRequired\":true,\"valueName\":\"search_term_string\"}}],\"inLanguage\":\"fr-FR\"},{\"@type\":\"Organization\",\"@id\":\"https:\/\/climatemaster.ge\/#organization\",\"name\":\"Climate Master\",\"url\":\"https:\/\/climatemaster.ge\/\",\"logo\":{\"@type\":\"ImageObject\",\"inLanguage\":\"fr-FR\",\"@id\":\"https:\/\/climatemaster.ge\/#\/schema\/logo\/image\/\",\"url\":\"https:\/\/climatemaster.ge\/wp-content\/uploads\/2026\/03\/Untitled-2.png\",\"contentUrl\":\"https:\/\/climatemaster.ge\/wp-content\/uploads\/2026\/03\/Untitled-2.png\",\"width\":600,\"height\":338,\"caption\":\"Climate Master\"},\"image\":{\"@id\":\"https:\/\/climatemaster.ge\/#\/schema\/logo\/image\/\"}}]}<\/script>\n<!-- \/ Yoast SEO plugin. -->","yoast_head_json":{"title":"Refroidisseurs de gaz radiaux CO\u2082 (KGR-400\/630) - Climate Master","robots":{"index":"index","follow":"follow","max-snippet":"max-snippet:-1","max-image-preview":"max-image-preview:large","max-video-preview":"max-video-preview:-1"},"canonical":"https:\/\/climatemaster.ge\/fr\/produit\/co\u2082-radial-gas-coolers-kgr-400-630\/","og_locale":"fr_FR","og_type":"article","og_title":"Refroidisseurs de gaz radiaux CO\u2082 (KGR-400\/630) - Climate Master","og_description":"KGR\u00a0: Refroidisseurs de gaz en V avec ventilateurs centrifuges pour usage int\u00e9rieur  KGR Nos condenseurs sont r\u00e9put\u00e9s pour leurs performances et leur durabilit\u00e9 exceptionnelles. Un large choix de configurations et d'accessoires est disponible pour r\u00e9pondre \u00e0 toutes les sp\u00e9cifications, telles que des ailettes rev\u00eatues, des moteurs de ventilateur EC, des interrupteurs, des bo\u00eetiers insonoris\u00e9s\u2026  Nous proposons plus de 100 mod\u00e8les diff\u00e9rents, dont des refroidisseurs de gaz axiaux et radiaux, offrant des puissances comprises entre 15 kW et 1\u00a0200 kW. Cette large gamme d'unit\u00e9s et leurs accessoires offre une gamme compl\u00e8te r\u00e9pondant \u00e0 la plupart des besoins de l'industrie du refroidissement.  Cette gamme de refroidisseurs de gaz radiaux comprend 16 mod\u00e8les con\u00e7us pour les installations int\u00e9rieures et les applications de refroidissement commercial, avec des puissances comprises entre 15 kW et 350 kW. Elle offre une grande vari\u00e9t\u00e9 de mod\u00e8les, adaptables aux besoins de refroidissement de chaque installation. \u00c9quip\u00e9s en usine de ventilateurs EC.","og_url":"https:\/\/climatemaster.ge\/fr\/produit\/co\u2082-radial-gas-coolers-kgr-400-630\/","og_site_name":"Climate Master","article_modified_time":"2025-05-24T11:42:25+00:00","og_image":[{"width":829,"height":609,"url":"https:\/\/climatemaster.ge\/wp-content\/uploads\/2025\/05\/drycooler_radial_main-1.png","type":"image\/png"}],"twitter_card":"summary_large_image","schema":{"@context":"https:\/\/schema.org","@graph":[{"@type":"WebPage","@id":"https:\/\/climatemaster.ge\/fr\/produit\/co%e2%82%82-radial-gas-coolers-kgr-400-630\/","url":"https:\/\/climatemaster.ge\/fr\/produit\/co%e2%82%82-radial-gas-coolers-kgr-400-630\/","name":"Refroidisseurs de gaz radiaux CO\u2082 (KGR-400\/630) - Climate Master","isPartOf":{"@id":"https:\/\/climatemaster.ge\/#website"},"primaryImageOfPage":{"@id":"https:\/\/climatemaster.ge\/fr\/produit\/co%e2%82%82-radial-gas-coolers-kgr-400-630\/#primaryimage"},"image":{"@id":"https:\/\/climatemaster.ge\/fr\/produit\/co%e2%82%82-radial-gas-coolers-kgr-400-630\/#primaryimage"},"thumbnailUrl":"https:\/\/climatemaster.ge\/wp-content\/uploads\/2025\/05\/drycooler_radial_main-1.png","datePublished":"2025-05-24T11:39:38+00:00","dateModified":"2025-05-24T11:42:25+00:00","breadcrumb":{"@id":"https:\/\/climatemaster.ge\/fr\/produit\/co%e2%82%82-radial-gas-coolers-kgr-400-630\/#breadcrumb"},"inLanguage":"fr-FR","potentialAction":[{"@type":"ReadAction","target":["https:\/\/climatemaster.ge\/fr\/produit\/co%e2%82%82-radial-gas-coolers-kgr-400-630\/"]}]},{"@type":"ImageObject","inLanguage":"fr-FR","@id":"https:\/\/climatemaster.ge\/fr\/produit\/co%e2%82%82-radial-gas-coolers-kgr-400-630\/#primaryimage","url":"https:\/\/climatemaster.ge\/wp-content\/uploads\/2025\/05\/drycooler_radial_main-1.png","contentUrl":"https:\/\/climatemaster.ge\/wp-content\/uploads\/2025\/05\/drycooler_radial_main-1.png","width":829,"height":609},{"@type":"BreadcrumbList","@id":"https:\/\/climatemaster.ge\/fr\/produit\/co%e2%82%82-radial-gas-coolers-kgr-400-630\/#breadcrumb","itemListElement":[{"@type":"ListItem","position":1,"name":"Home","item":"https:\/\/climatemaster.ge\/"},{"@type":"ListItem","position":2,"name":"Products","item":"https:\/\/climatemaster.ge\/products\/"},{"@type":"ListItem","position":3,"name":"Refroidisseurs de gaz radiaux CO\u2082 (KGR-400\/630)"}]},{"@type":"WebSite","@id":"https:\/\/climatemaster.ge\/#website","url":"https:\/\/climatemaster.ge\/","name":"Climate Master","description":"","publisher":{"@id":"https:\/\/climatemaster.ge\/#organization"},"potentialAction":[{"@type":"SearchAction","target":{"@type":"EntryPoint","urlTemplate":"https:\/\/climatemaster.ge\/?s={search_term_string}"},"query-input":{"@type":"PropertyValueSpecification","valueRequired":true,"valueName":"search_term_string"}}],"inLanguage":"fr-FR"},{"@type":"Organization","@id":"https:\/\/climatemaster.ge\/#organization","name":"Climate Master","url":"https:\/\/climatemaster.ge\/","logo":{"@type":"ImageObject","inLanguage":"fr-FR","@id":"https:\/\/climatemaster.ge\/#\/schema\/logo\/image\/","url":"https:\/\/climatemaster.ge\/wp-content\/uploads\/2026\/03\/Untitled-2.png","contentUrl":"https:\/\/climatemaster.ge\/wp-content\/uploads\/2026\/03\/Untitled-2.png","width":600,"height":338,"caption":"Climate Master"},"image":{"@id":"https:\/\/climatemaster.ge\/#\/schema\/logo\/image\/"}}]}},"_links":{"self":[{"href":"https:\/\/climatemaster.ge\/fr\/wp-json\/wp\/v2\/product\/32660","targetHints":{"allow":["GET"]}}],"collection":[{"href":"https:\/\/climatemaster.ge\/fr\/wp-json\/wp\/v2\/product"}],"about":[{"href":"https:\/\/climatemaster.ge\/fr\/wp-json\/wp\/v2\/types\/product"}],"wp:featuredmedia":[{"embeddable":true,"href":"https:\/\/climatemaster.ge\/fr\/wp-json\/wp\/v2\/media\/32643"}],"wp:attachment":[{"href":"https:\/\/climatemaster.ge\/fr\/wp-json\/wp\/v2\/media?parent=32660"}],"wp:term":[{"taxonomy":"product_brand","embeddable":true,"href":"https:\/\/climatemaster.ge\/fr\/wp-json\/wp\/v2\/product_brand?post=32660"},{"taxonomy":"product_cat","embeddable":true,"href":"https:\/\/climatemaster.ge\/fr\/wp-json\/wp\/v2\/product_cat?post=32660"},{"taxonomy":"product_tag","embeddable":true,"href":"https:\/\/climatemaster.ge\/fr\/wp-json\/wp\/v2\/product_tag?post=32660"}],"curies":[{"name":"wp","href":"https:\/\/api.w.org\/{rel}","templated":true}]}}