{"id":32615,"date":"2025-05-23T21:47:19","date_gmt":"2025-05-23T17:47:19","guid":{"rendered":"https:\/\/airsystems.ge\/shop\/product\/industrial-air-conditioner-indoor-packaged-unit-id-series-indoor-packaged-air-conditioning-units-air-cooled-type-20c-to-45c\/"},"modified":"2025-05-23T21:50:43","modified_gmt":"2025-05-23T17:50:43","slug":"industrial-air-conditioner-indoor-packaged-unit-id-series-indoor-packaged-air-conditioning-units-air-cooled-type-20c-to-45c","status":"publish","type":"product","link":"https:\/\/climatemaster.ge\/fr\/produit\/industrial-air-conditioner-indoor-packaged-unit-id-series-indoor-packaged-air-conditioning-units-air-cooled-type-20c-to-45c\/","title":{"rendered":"Climatiseurs industriels monoblocs  Unit\u00e9 int\u00e9rieure monobloc \u2013 S\u00e9rie ID Climatiseurs int\u00e9rieurs monoblocs \u00e0 condensation par air -20 \u00b0C \u00e0 +45 \u00b0C"},"content":{"rendered":"<p><a class=\"elementor-button elementor-button-link elementor-size-sm\" href=\"https:\/\/www.enextechnologies.com\/wp-content\/uploads\/2024\/09\/ID-SERIE_ENG.pdf\" target=\"_blank\" rel=\"noopener\"><span class=\"elementor-button-content-wrapper\"><span class=\"elementor-button-text\">BROCHURE<\/span><\/span><\/a><\/p>\n","protected":false},"excerpt":{"rendered":"<p>Puissance frigorifique de 6,3 kW \u00e0 17,2 kW<\/p>\n<p>Climatiseurs ext\u00e9rieurs monoblocs \u00e0 condensation par air, id\u00e9aux pour les installations en int\u00e9rieur, les abris pour stations de base radio et les centres de traitement de donn\u00e9es. L&rsquo;air de refroidissement est extrait par le haut et dirig\u00e9 vers le bas.<\/p>\n<p>Caract\u00e9ristiques principales<\/p>\n<p>Ch\u00e2ssis et panneaux en acier galvanis\u00e9<br \/>\nBatterie de condenseurs \u00e0 microcanaux aluminium-aluminium<br \/>\nVentilateurs de la section d&rsquo;\u00e9vaporation type EC, 48 Vcc<br \/>\nVitesse variable du ventilateur de la section de condensation en fonction de la pression de condensation<br \/>\nSur demande\u00a0: carte Ethernet, port s\u00e9rie RS232\/485, SNMP et Web<\/p>\n","protected":false},"featured_media":32634,"template":"","meta":[],"product_brand":[],"product_cat":[1618,682],"product_tag":[],"class_list":{"0":"post-32615","1":"product","2":"type-product","3":"status-publish","4":"has-post-thumbnail","6":"product_cat-climatiseur-industriel-monobloc","7":"product_cat-climatiseurs-fr-industriels","9":"first","10":"instock","11":"shipping-taxable","12":"product-type-simple"},"yoast_head":"<!-- This site is optimized with the Yoast SEO plugin v27.1.1 - https:\/\/yoast.com\/product\/yoast-seo-wordpress\/ -->\n<title>Climatiseurs industriels monoblocs Unit\u00e9 int\u00e9rieure monobloc \u2013 S\u00e9rie ID Climatiseurs int\u00e9rieurs monoblocs \u00e0 condensation par air -20 \u00b0C \u00e0 +45 \u00b0C - Climate Master<\/title>\n<meta name=\"robots\" content=\"index, follow, max-snippet:-1, max-image-preview:large, max-video-preview:-1\" \/>\n<link rel=\"canonical\" href=\"https:\/\/climatemaster.ge\/fr\/produit\/industrial-air-conditioner-indoor-packaged-unit-id-series-indoor-packaged-air-conditioning-units-air-cooled-type-20c-to-45c\/\" \/>\n<meta property=\"og:locale\" content=\"fr_FR\" \/>\n<meta property=\"og:type\" content=\"article\" \/>\n<meta property=\"og:title\" content=\"Climatiseurs industriels monoblocs Unit\u00e9 int\u00e9rieure monobloc \u2013 S\u00e9rie ID Climatiseurs int\u00e9rieurs monoblocs \u00e0 condensation par air -20 \u00b0C \u00e0 +45 \u00b0C - Climate Master\" \/>\n<meta property=\"og:description\" content=\"Puissance frigorifique de 6,3 kW \u00e0 17,2 kW  Climatiseurs ext\u00e9rieurs monoblocs \u00e0 condensation par air, id\u00e9aux pour les installations en int\u00e9rieur, les abris pour stations de base radio et les centres de traitement de donn\u00e9es. L&#039;air de refroidissement est extrait par le haut et dirig\u00e9 vers le bas.  Caract\u00e9ristiques principales  Ch\u00e2ssis et panneaux en acier galvanis\u00e9 Batterie de condenseurs \u00e0 microcanaux aluminium-aluminium Ventilateurs de la section d&#039;\u00e9vaporation type EC, 48 Vcc Vitesse variable du ventilateur de la section de condensation en fonction de la pression de condensation Sur demande\u00a0: carte Ethernet, port s\u00e9rie RS232\/485, SNMP et Web\" \/>\n<meta property=\"og:url\" content=\"https:\/\/climatemaster.ge\/fr\/produit\/industrial-air-conditioner-indoor-packaged-unit-id-series-indoor-packaged-air-conditioning-units-air-cooled-type-20c-to-45c\/\" \/>\n<meta property=\"og:site_name\" content=\"Climate Master\" \/>\n<meta property=\"article:modified_time\" content=\"2025-05-23T17:50:43+00:00\" \/>\n<meta property=\"og:image\" content=\"https:\/\/climatemaster.ge\/wp-content\/uploads\/2025\/05\/monoblocco-da-interno-serie-ID-1-1-scaled.png\" \/>\n\t<meta property=\"og:image:width\" content=\"2251\" \/>\n\t<meta property=\"og:image:height\" content=\"2560\" \/>\n\t<meta property=\"og:image:type\" content=\"image\/png\" \/>\n<meta name=\"twitter:card\" content=\"summary_large_image\" \/>\n<script type=\"application\/ld+json\" class=\"yoast-schema-graph\">{\"@context\":\"https:\/\/schema.org\",\"@graph\":[{\"@type\":\"WebPage\",\"@id\":\"https:\/\/climatemaster.ge\/fr\/produit\/industrial-air-conditioner-indoor-packaged-unit-id-series-indoor-packaged-air-conditioning-units-air-cooled-type-20c-to-45c\/\",\"url\":\"https:\/\/climatemaster.ge\/fr\/produit\/industrial-air-conditioner-indoor-packaged-unit-id-series-indoor-packaged-air-conditioning-units-air-cooled-type-20c-to-45c\/\",\"name\":\"Climatiseurs industriels monoblocs Unit\u00e9 int\u00e9rieure monobloc \u2013 S\u00e9rie ID Climatiseurs int\u00e9rieurs monoblocs \u00e0 condensation par air -20 \u00b0C \u00e0 +45 \u00b0C - Climate Master\",\"isPartOf\":{\"@id\":\"https:\/\/climatemaster.ge\/#website\"},\"primaryImageOfPage\":{\"@id\":\"https:\/\/climatemaster.ge\/fr\/produit\/industrial-air-conditioner-indoor-packaged-unit-id-series-indoor-packaged-air-conditioning-units-air-cooled-type-20c-to-45c\/#primaryimage\"},\"image\":{\"@id\":\"https:\/\/climatemaster.ge\/fr\/produit\/industrial-air-conditioner-indoor-packaged-unit-id-series-indoor-packaged-air-conditioning-units-air-cooled-type-20c-to-45c\/#primaryimage\"},\"thumbnailUrl\":\"https:\/\/climatemaster.ge\/wp-content\/uploads\/2025\/05\/monoblocco-da-interno-serie-ID-1-1-scaled.png\",\"datePublished\":\"2025-05-23T17:47:19+00:00\",\"dateModified\":\"2025-05-23T17:50:43+00:00\",\"breadcrumb\":{\"@id\":\"https:\/\/climatemaster.ge\/fr\/produit\/industrial-air-conditioner-indoor-packaged-unit-id-series-indoor-packaged-air-conditioning-units-air-cooled-type-20c-to-45c\/#breadcrumb\"},\"inLanguage\":\"fr-FR\",\"potentialAction\":[{\"@type\":\"ReadAction\",\"target\":[\"https:\/\/climatemaster.ge\/fr\/produit\/industrial-air-conditioner-indoor-packaged-unit-id-series-indoor-packaged-air-conditioning-units-air-cooled-type-20c-to-45c\/\"]}]},{\"@type\":\"ImageObject\",\"inLanguage\":\"fr-FR\",\"@id\":\"https:\/\/climatemaster.ge\/fr\/produit\/industrial-air-conditioner-indoor-packaged-unit-id-series-indoor-packaged-air-conditioning-units-air-cooled-type-20c-to-45c\/#primaryimage\",\"url\":\"https:\/\/climatemaster.ge\/wp-content\/uploads\/2025\/05\/monoblocco-da-interno-serie-ID-1-1-scaled.png\",\"contentUrl\":\"https:\/\/climatemaster.ge\/wp-content\/uploads\/2025\/05\/monoblocco-da-interno-serie-ID-1-1-scaled.png\",\"width\":2251,\"height\":2560},{\"@type\":\"BreadcrumbList\",\"@id\":\"https:\/\/climatemaster.ge\/fr\/produit\/industrial-air-conditioner-indoor-packaged-unit-id-series-indoor-packaged-air-conditioning-units-air-cooled-type-20c-to-45c\/#breadcrumb\",\"itemListElement\":[{\"@type\":\"ListItem\",\"position\":1,\"name\":\"Home\",\"item\":\"https:\/\/climatemaster.ge\/\"},{\"@type\":\"ListItem\",\"position\":2,\"name\":\"Products\",\"item\":\"https:\/\/climatemaster.ge\/products\/\"},{\"@type\":\"ListItem\",\"position\":3,\"name\":\"Climatiseurs industriels monoblocs Unit\u00e9 int\u00e9rieure monobloc \u2013 S\u00e9rie ID Climatiseurs int\u00e9rieurs monoblocs \u00e0 condensation par air -20 \u00b0C \u00e0 +45 \u00b0C\"}]},{\"@type\":\"WebSite\",\"@id\":\"https:\/\/climatemaster.ge\/#website\",\"url\":\"https:\/\/climatemaster.ge\/\",\"name\":\"Climate Master\",\"description\":\"\",\"publisher\":{\"@id\":\"https:\/\/climatemaster.ge\/#organization\"},\"potentialAction\":[{\"@type\":\"SearchAction\",\"target\":{\"@type\":\"EntryPoint\",\"urlTemplate\":\"https:\/\/climatemaster.ge\/?s={search_term_string}\"},\"query-input\":{\"@type\":\"PropertyValueSpecification\",\"valueRequired\":true,\"valueName\":\"search_term_string\"}}],\"inLanguage\":\"fr-FR\"},{\"@type\":\"Organization\",\"@id\":\"https:\/\/climatemaster.ge\/#organization\",\"name\":\"Climate Master\",\"url\":\"https:\/\/climatemaster.ge\/\",\"logo\":{\"@type\":\"ImageObject\",\"inLanguage\":\"fr-FR\",\"@id\":\"https:\/\/climatemaster.ge\/#\/schema\/logo\/image\/\",\"url\":\"https:\/\/climatemaster.ge\/wp-content\/uploads\/2026\/03\/Untitled-2.png\",\"contentUrl\":\"https:\/\/climatemaster.ge\/wp-content\/uploads\/2026\/03\/Untitled-2.png\",\"width\":600,\"height\":338,\"caption\":\"Climate Master\"},\"image\":{\"@id\":\"https:\/\/climatemaster.ge\/#\/schema\/logo\/image\/\"}}]}<\/script>\n<!-- \/ Yoast SEO plugin. -->","yoast_head_json":{"title":"Climatiseurs industriels monoblocs Unit\u00e9 int\u00e9rieure monobloc \u2013 S\u00e9rie ID Climatiseurs int\u00e9rieurs monoblocs \u00e0 condensation par air -20 \u00b0C \u00e0 +45 \u00b0C - Climate Master","robots":{"index":"index","follow":"follow","max-snippet":"max-snippet:-1","max-image-preview":"max-image-preview:large","max-video-preview":"max-video-preview:-1"},"canonical":"https:\/\/climatemaster.ge\/fr\/produit\/industrial-air-conditioner-indoor-packaged-unit-id-series-indoor-packaged-air-conditioning-units-air-cooled-type-20c-to-45c\/","og_locale":"fr_FR","og_type":"article","og_title":"Climatiseurs industriels monoblocs Unit\u00e9 int\u00e9rieure monobloc \u2013 S\u00e9rie ID Climatiseurs int\u00e9rieurs monoblocs \u00e0 condensation par air -20 \u00b0C \u00e0 +45 \u00b0C - Climate Master","og_description":"Puissance frigorifique de 6,3 kW \u00e0 17,2 kW  Climatiseurs ext\u00e9rieurs monoblocs \u00e0 condensation par air, id\u00e9aux pour les installations en int\u00e9rieur, les abris pour stations de base radio et les centres de traitement de donn\u00e9es. L'air de refroidissement est extrait par le haut et dirig\u00e9 vers le bas.  Caract\u00e9ristiques principales  Ch\u00e2ssis et panneaux en acier galvanis\u00e9 Batterie de condenseurs \u00e0 microcanaux aluminium-aluminium Ventilateurs de la section d'\u00e9vaporation type EC, 48 Vcc Vitesse variable du ventilateur de la section de condensation en fonction de la pression de condensation Sur demande\u00a0: carte Ethernet, port s\u00e9rie RS232\/485, SNMP et Web","og_url":"https:\/\/climatemaster.ge\/fr\/produit\/industrial-air-conditioner-indoor-packaged-unit-id-series-indoor-packaged-air-conditioning-units-air-cooled-type-20c-to-45c\/","og_site_name":"Climate Master","article_modified_time":"2025-05-23T17:50:43+00:00","og_image":[{"width":2251,"height":2560,"url":"https:\/\/climatemaster.ge\/wp-content\/uploads\/2025\/05\/monoblocco-da-interno-serie-ID-1-1-scaled.png","type":"image\/png"}],"twitter_card":"summary_large_image","schema":{"@context":"https:\/\/schema.org","@graph":[{"@type":"WebPage","@id":"https:\/\/climatemaster.ge\/fr\/produit\/industrial-air-conditioner-indoor-packaged-unit-id-series-indoor-packaged-air-conditioning-units-air-cooled-type-20c-to-45c\/","url":"https:\/\/climatemaster.ge\/fr\/produit\/industrial-air-conditioner-indoor-packaged-unit-id-series-indoor-packaged-air-conditioning-units-air-cooled-type-20c-to-45c\/","name":"Climatiseurs industriels monoblocs Unit\u00e9 int\u00e9rieure monobloc \u2013 S\u00e9rie ID Climatiseurs int\u00e9rieurs monoblocs \u00e0 condensation par air -20 \u00b0C \u00e0 +45 \u00b0C - Climate Master","isPartOf":{"@id":"https:\/\/climatemaster.ge\/#website"},"primaryImageOfPage":{"@id":"https:\/\/climatemaster.ge\/fr\/produit\/industrial-air-conditioner-indoor-packaged-unit-id-series-indoor-packaged-air-conditioning-units-air-cooled-type-20c-to-45c\/#primaryimage"},"image":{"@id":"https:\/\/climatemaster.ge\/fr\/produit\/industrial-air-conditioner-indoor-packaged-unit-id-series-indoor-packaged-air-conditioning-units-air-cooled-type-20c-to-45c\/#primaryimage"},"thumbnailUrl":"https:\/\/climatemaster.ge\/wp-content\/uploads\/2025\/05\/monoblocco-da-interno-serie-ID-1-1-scaled.png","datePublished":"2025-05-23T17:47:19+00:00","dateModified":"2025-05-23T17:50:43+00:00","breadcrumb":{"@id":"https:\/\/climatemaster.ge\/fr\/produit\/industrial-air-conditioner-indoor-packaged-unit-id-series-indoor-packaged-air-conditioning-units-air-cooled-type-20c-to-45c\/#breadcrumb"},"inLanguage":"fr-FR","potentialAction":[{"@type":"ReadAction","target":["https:\/\/climatemaster.ge\/fr\/produit\/industrial-air-conditioner-indoor-packaged-unit-id-series-indoor-packaged-air-conditioning-units-air-cooled-type-20c-to-45c\/"]}]},{"@type":"ImageObject","inLanguage":"fr-FR","@id":"https:\/\/climatemaster.ge\/fr\/produit\/industrial-air-conditioner-indoor-packaged-unit-id-series-indoor-packaged-air-conditioning-units-air-cooled-type-20c-to-45c\/#primaryimage","url":"https:\/\/climatemaster.ge\/wp-content\/uploads\/2025\/05\/monoblocco-da-interno-serie-ID-1-1-scaled.png","contentUrl":"https:\/\/climatemaster.ge\/wp-content\/uploads\/2025\/05\/monoblocco-da-interno-serie-ID-1-1-scaled.png","width":2251,"height":2560},{"@type":"BreadcrumbList","@id":"https:\/\/climatemaster.ge\/fr\/produit\/industrial-air-conditioner-indoor-packaged-unit-id-series-indoor-packaged-air-conditioning-units-air-cooled-type-20c-to-45c\/#breadcrumb","itemListElement":[{"@type":"ListItem","position":1,"name":"Home","item":"https:\/\/climatemaster.ge\/"},{"@type":"ListItem","position":2,"name":"Products","item":"https:\/\/climatemaster.ge\/products\/"},{"@type":"ListItem","position":3,"name":"Climatiseurs industriels monoblocs Unit\u00e9 int\u00e9rieure monobloc \u2013 S\u00e9rie ID Climatiseurs int\u00e9rieurs monoblocs \u00e0 condensation par air -20 \u00b0C \u00e0 +45 \u00b0C"}]},{"@type":"WebSite","@id":"https:\/\/climatemaster.ge\/#website","url":"https:\/\/climatemaster.ge\/","name":"Climate Master","description":"","publisher":{"@id":"https:\/\/climatemaster.ge\/#organization"},"potentialAction":[{"@type":"SearchAction","target":{"@type":"EntryPoint","urlTemplate":"https:\/\/climatemaster.ge\/?s={search_term_string}"},"query-input":{"@type":"PropertyValueSpecification","valueRequired":true,"valueName":"search_term_string"}}],"inLanguage":"fr-FR"},{"@type":"Organization","@id":"https:\/\/climatemaster.ge\/#organization","name":"Climate Master","url":"https:\/\/climatemaster.ge\/","logo":{"@type":"ImageObject","inLanguage":"fr-FR","@id":"https:\/\/climatemaster.ge\/#\/schema\/logo\/image\/","url":"https:\/\/climatemaster.ge\/wp-content\/uploads\/2026\/03\/Untitled-2.png","contentUrl":"https:\/\/climatemaster.ge\/wp-content\/uploads\/2026\/03\/Untitled-2.png","width":600,"height":338,"caption":"Climate Master"},"image":{"@id":"https:\/\/climatemaster.ge\/#\/schema\/logo\/image\/"}}]}},"_links":{"self":[{"href":"https:\/\/climatemaster.ge\/fr\/wp-json\/wp\/v2\/product\/32615","targetHints":{"allow":["GET"]}}],"collection":[{"href":"https:\/\/climatemaster.ge\/fr\/wp-json\/wp\/v2\/product"}],"about":[{"href":"https:\/\/climatemaster.ge\/fr\/wp-json\/wp\/v2\/types\/product"}],"wp:featuredmedia":[{"embeddable":true,"href":"https:\/\/climatemaster.ge\/fr\/wp-json\/wp\/v2\/media\/32634"}],"wp:attachment":[{"href":"https:\/\/climatemaster.ge\/fr\/wp-json\/wp\/v2\/media?parent=32615"}],"wp:term":[{"taxonomy":"product_brand","embeddable":true,"href":"https:\/\/climatemaster.ge\/fr\/wp-json\/wp\/v2\/product_brand?post=32615"},{"taxonomy":"product_cat","embeddable":true,"href":"https:\/\/climatemaster.ge\/fr\/wp-json\/wp\/v2\/product_cat?post=32615"},{"taxonomy":"product_tag","embeddable":true,"href":"https:\/\/climatemaster.ge\/fr\/wp-json\/wp\/v2\/product_tag?post=32615"}],"curies":[{"name":"wp","href":"https:\/\/api.w.org\/{rel}","templated":true}]}}