{"id":32574,"date":"2025-05-23T21:33:24","date_gmt":"2025-05-23T17:33:24","guid":{"rendered":"https:\/\/airsystems.ge\/shop\/product\/indoor-air-conditioning-cu-alx-series-indoor-packaged-air-conditioners-20c-to-55c\/"},"modified":"2025-05-23T21:35:36","modified_gmt":"2025-05-23T17:35:36","slug":"indoor-air-conditioning-cu-alx-series-indoor-packaged-air-conditioners-20c-to-55c","status":"publish","type":"product","link":"https:\/\/climatemaster.ge\/fr\/produit\/indoor-air-conditioning-cu-alx-series-indoor-packaged-air-conditioners-20c-to-55c\/","title":{"rendered":"Climatiseurs d&rsquo;int\u00e9rieur s\u00e9rie CU_ALX Climatiseurs d&rsquo;int\u00e9rieur monoblocs -20 \u00b0C \u00e0 +55 \u00b0C"},"content":{"rendered":"","protected":false},"excerpt":{"rendered":"<p>Puissance frigorifique de 0,6 kW \u00e0 2,5 kW<\/p>\n<p>Les climatiseurs de la s\u00e9rie CU_ALX sont des unit\u00e9s int\u00e9rieures monoblocs, id\u00e9ales pour le refroidissement des tableaux \u00e9lectriques et similaires, con\u00e7ues pour une installation murale ext\u00e9rieure (positionnement dorsal).<\/p>\n<p>Caract\u00e9ristiques principales<\/p>\n<p>Ch\u00e2ssis et panneaux en acier galvanis\u00e9<br \/>\nBatterie de condensation \u00e0 microcanaux aluminium-aluminium<br \/>\nVentilateurs radiaux 230 Vca<br \/>\n\u00c9vaporation automatique des condensats (mod\u00e8le 250 exclu)<br \/>\nR\u00e9gulation de temp\u00e9rature analogique (mod\u00e8le ALX) ou num\u00e9rique (mod\u00e8le ALXC)<br \/>\nInstallation murale ext\u00e9rieure (positionnement dorsal)<\/p>\n","protected":false},"featured_media":32569,"template":"","meta":[],"product_brand":[],"product_cat":[1618,682],"product_tag":[],"class_list":{"0":"post-32574","1":"product","2":"type-product","3":"status-publish","4":"has-post-thumbnail","6":"product_cat-climatiseur-industriel-monobloc","7":"product_cat-climatiseurs-fr-industriels","9":"first","10":"instock","11":"shipping-taxable","12":"product-type-simple"},"yoast_head":"<!-- This site is optimized with the Yoast SEO plugin v27.1.1 - https:\/\/yoast.com\/product\/yoast-seo-wordpress\/ -->\n<title>Climatiseurs d&#039;int\u00e9rieur s\u00e9rie CU_ALX Climatiseurs d&#039;int\u00e9rieur monoblocs -20 \u00b0C \u00e0 +55 \u00b0C - Climate Master<\/title>\n<meta name=\"robots\" content=\"index, follow, max-snippet:-1, max-image-preview:large, max-video-preview:-1\" \/>\n<link rel=\"canonical\" href=\"https:\/\/climatemaster.ge\/fr\/produit\/indoor-air-conditioning-cu-alx-series-indoor-packaged-air-conditioners-20c-to-55c\/\" \/>\n<meta property=\"og:locale\" content=\"fr_FR\" \/>\n<meta property=\"og:type\" content=\"article\" \/>\n<meta property=\"og:title\" content=\"Climatiseurs d&#039;int\u00e9rieur s\u00e9rie CU_ALX Climatiseurs d&#039;int\u00e9rieur monoblocs -20 \u00b0C \u00e0 +55 \u00b0C - Climate Master\" \/>\n<meta property=\"og:description\" content=\"Puissance frigorifique de 0,6 kW \u00e0 2,5 kW  Les climatiseurs de la s\u00e9rie CU_ALX sont des unit\u00e9s int\u00e9rieures monoblocs, id\u00e9ales pour le refroidissement des tableaux \u00e9lectriques et similaires, con\u00e7ues pour une installation murale ext\u00e9rieure (positionnement dorsal).  Caract\u00e9ristiques principales  Ch\u00e2ssis et panneaux en acier galvanis\u00e9 Batterie de condensation \u00e0 microcanaux aluminium-aluminium Ventilateurs radiaux 230 Vca \u00c9vaporation automatique des condensats (mod\u00e8le 250 exclu) R\u00e9gulation de temp\u00e9rature analogique (mod\u00e8le ALX) ou num\u00e9rique (mod\u00e8le ALXC) Installation murale ext\u00e9rieure (positionnement dorsal)\" \/>\n<meta property=\"og:url\" content=\"https:\/\/climatemaster.ge\/fr\/produit\/indoor-air-conditioning-cu-alx-series-indoor-packaged-air-conditioners-20c-to-55c\/\" \/>\n<meta property=\"og:site_name\" content=\"Climate Master\" \/>\n<meta property=\"article:modified_time\" content=\"2025-05-23T17:35:36+00:00\" \/>\n<meta property=\"og:image\" content=\"https:\/\/climatemaster.ge\/wp-content\/uploads\/2025\/05\/condizionatori-da-interno-sere-CU-ALX.png\" \/>\n\t<meta property=\"og:image:width\" content=\"2560\" \/>\n\t<meta property=\"og:image:height\" content=\"1920\" \/>\n\t<meta property=\"og:image:type\" content=\"image\/png\" \/>\n<meta name=\"twitter:card\" content=\"summary_large_image\" \/>\n<script type=\"application\/ld+json\" class=\"yoast-schema-graph\">{\"@context\":\"https:\/\/schema.org\",\"@graph\":[{\"@type\":\"WebPage\",\"@id\":\"https:\/\/climatemaster.ge\/fr\/produit\/indoor-air-conditioning-cu-alx-series-indoor-packaged-air-conditioners-20c-to-55c\/\",\"url\":\"https:\/\/climatemaster.ge\/fr\/produit\/indoor-air-conditioning-cu-alx-series-indoor-packaged-air-conditioners-20c-to-55c\/\",\"name\":\"Climatiseurs d'int\u00e9rieur s\u00e9rie CU_ALX Climatiseurs d'int\u00e9rieur monoblocs -20 \u00b0C \u00e0 +55 \u00b0C - Climate Master\",\"isPartOf\":{\"@id\":\"https:\/\/climatemaster.ge\/#website\"},\"primaryImageOfPage\":{\"@id\":\"https:\/\/climatemaster.ge\/fr\/produit\/indoor-air-conditioning-cu-alx-series-indoor-packaged-air-conditioners-20c-to-55c\/#primaryimage\"},\"image\":{\"@id\":\"https:\/\/climatemaster.ge\/fr\/produit\/indoor-air-conditioning-cu-alx-series-indoor-packaged-air-conditioners-20c-to-55c\/#primaryimage\"},\"thumbnailUrl\":\"https:\/\/climatemaster.ge\/wp-content\/uploads\/2025\/05\/condizionatori-da-interno-sere-CU-ALX.png\",\"datePublished\":\"2025-05-23T17:33:24+00:00\",\"dateModified\":\"2025-05-23T17:35:36+00:00\",\"breadcrumb\":{\"@id\":\"https:\/\/climatemaster.ge\/fr\/produit\/indoor-air-conditioning-cu-alx-series-indoor-packaged-air-conditioners-20c-to-55c\/#breadcrumb\"},\"inLanguage\":\"fr-FR\",\"potentialAction\":[{\"@type\":\"ReadAction\",\"target\":[\"https:\/\/climatemaster.ge\/fr\/produit\/indoor-air-conditioning-cu-alx-series-indoor-packaged-air-conditioners-20c-to-55c\/\"]}]},{\"@type\":\"ImageObject\",\"inLanguage\":\"fr-FR\",\"@id\":\"https:\/\/climatemaster.ge\/fr\/produit\/indoor-air-conditioning-cu-alx-series-indoor-packaged-air-conditioners-20c-to-55c\/#primaryimage\",\"url\":\"https:\/\/climatemaster.ge\/wp-content\/uploads\/2025\/05\/condizionatori-da-interno-sere-CU-ALX.png\",\"contentUrl\":\"https:\/\/climatemaster.ge\/wp-content\/uploads\/2025\/05\/condizionatori-da-interno-sere-CU-ALX.png\",\"width\":2560,\"height\":1920},{\"@type\":\"BreadcrumbList\",\"@id\":\"https:\/\/climatemaster.ge\/fr\/produit\/indoor-air-conditioning-cu-alx-series-indoor-packaged-air-conditioners-20c-to-55c\/#breadcrumb\",\"itemListElement\":[{\"@type\":\"ListItem\",\"position\":1,\"name\":\"Home\",\"item\":\"https:\/\/climatemaster.ge\/\"},{\"@type\":\"ListItem\",\"position\":2,\"name\":\"Products\",\"item\":\"https:\/\/climatemaster.ge\/products\/\"},{\"@type\":\"ListItem\",\"position\":3,\"name\":\"Climatiseurs d&rsquo;int\u00e9rieur s\u00e9rie CU_ALX Climatiseurs d&rsquo;int\u00e9rieur monoblocs -20 \u00b0C \u00e0 +55 \u00b0C\"}]},{\"@type\":\"WebSite\",\"@id\":\"https:\/\/climatemaster.ge\/#website\",\"url\":\"https:\/\/climatemaster.ge\/\",\"name\":\"Climate Master\",\"description\":\"\",\"publisher\":{\"@id\":\"https:\/\/climatemaster.ge\/#organization\"},\"potentialAction\":[{\"@type\":\"SearchAction\",\"target\":{\"@type\":\"EntryPoint\",\"urlTemplate\":\"https:\/\/climatemaster.ge\/?s={search_term_string}\"},\"query-input\":{\"@type\":\"PropertyValueSpecification\",\"valueRequired\":true,\"valueName\":\"search_term_string\"}}],\"inLanguage\":\"fr-FR\"},{\"@type\":\"Organization\",\"@id\":\"https:\/\/climatemaster.ge\/#organization\",\"name\":\"Climate Master\",\"url\":\"https:\/\/climatemaster.ge\/\",\"logo\":{\"@type\":\"ImageObject\",\"inLanguage\":\"fr-FR\",\"@id\":\"https:\/\/climatemaster.ge\/#\/schema\/logo\/image\/\",\"url\":\"https:\/\/climatemaster.ge\/wp-content\/uploads\/2026\/03\/Untitled-2.png\",\"contentUrl\":\"https:\/\/climatemaster.ge\/wp-content\/uploads\/2026\/03\/Untitled-2.png\",\"width\":600,\"height\":338,\"caption\":\"Climate Master\"},\"image\":{\"@id\":\"https:\/\/climatemaster.ge\/#\/schema\/logo\/image\/\"}}]}<\/script>\n<!-- \/ Yoast SEO plugin. -->","yoast_head_json":{"title":"Climatiseurs d'int\u00e9rieur s\u00e9rie CU_ALX Climatiseurs d'int\u00e9rieur monoblocs -20 \u00b0C \u00e0 +55 \u00b0C - Climate Master","robots":{"index":"index","follow":"follow","max-snippet":"max-snippet:-1","max-image-preview":"max-image-preview:large","max-video-preview":"max-video-preview:-1"},"canonical":"https:\/\/climatemaster.ge\/fr\/produit\/indoor-air-conditioning-cu-alx-series-indoor-packaged-air-conditioners-20c-to-55c\/","og_locale":"fr_FR","og_type":"article","og_title":"Climatiseurs d'int\u00e9rieur s\u00e9rie CU_ALX Climatiseurs d'int\u00e9rieur monoblocs -20 \u00b0C \u00e0 +55 \u00b0C - Climate Master","og_description":"Puissance frigorifique de 0,6 kW \u00e0 2,5 kW  Les climatiseurs de la s\u00e9rie CU_ALX sont des unit\u00e9s int\u00e9rieures monoblocs, id\u00e9ales pour le refroidissement des tableaux \u00e9lectriques et similaires, con\u00e7ues pour une installation murale ext\u00e9rieure (positionnement dorsal).  Caract\u00e9ristiques principales  Ch\u00e2ssis et panneaux en acier galvanis\u00e9 Batterie de condensation \u00e0 microcanaux aluminium-aluminium Ventilateurs radiaux 230 Vca \u00c9vaporation automatique des condensats (mod\u00e8le 250 exclu) R\u00e9gulation de temp\u00e9rature analogique (mod\u00e8le ALX) ou num\u00e9rique (mod\u00e8le ALXC) Installation murale ext\u00e9rieure (positionnement dorsal)","og_url":"https:\/\/climatemaster.ge\/fr\/produit\/indoor-air-conditioning-cu-alx-series-indoor-packaged-air-conditioners-20c-to-55c\/","og_site_name":"Climate Master","article_modified_time":"2025-05-23T17:35:36+00:00","og_image":[{"width":2560,"height":1920,"url":"https:\/\/climatemaster.ge\/wp-content\/uploads\/2025\/05\/condizionatori-da-interno-sere-CU-ALX.png","type":"image\/png"}],"twitter_card":"summary_large_image","schema":{"@context":"https:\/\/schema.org","@graph":[{"@type":"WebPage","@id":"https:\/\/climatemaster.ge\/fr\/produit\/indoor-air-conditioning-cu-alx-series-indoor-packaged-air-conditioners-20c-to-55c\/","url":"https:\/\/climatemaster.ge\/fr\/produit\/indoor-air-conditioning-cu-alx-series-indoor-packaged-air-conditioners-20c-to-55c\/","name":"Climatiseurs d'int\u00e9rieur s\u00e9rie CU_ALX Climatiseurs d'int\u00e9rieur monoblocs -20 \u00b0C \u00e0 +55 \u00b0C - Climate Master","isPartOf":{"@id":"https:\/\/climatemaster.ge\/#website"},"primaryImageOfPage":{"@id":"https:\/\/climatemaster.ge\/fr\/produit\/indoor-air-conditioning-cu-alx-series-indoor-packaged-air-conditioners-20c-to-55c\/#primaryimage"},"image":{"@id":"https:\/\/climatemaster.ge\/fr\/produit\/indoor-air-conditioning-cu-alx-series-indoor-packaged-air-conditioners-20c-to-55c\/#primaryimage"},"thumbnailUrl":"https:\/\/climatemaster.ge\/wp-content\/uploads\/2025\/05\/condizionatori-da-interno-sere-CU-ALX.png","datePublished":"2025-05-23T17:33:24+00:00","dateModified":"2025-05-23T17:35:36+00:00","breadcrumb":{"@id":"https:\/\/climatemaster.ge\/fr\/produit\/indoor-air-conditioning-cu-alx-series-indoor-packaged-air-conditioners-20c-to-55c\/#breadcrumb"},"inLanguage":"fr-FR","potentialAction":[{"@type":"ReadAction","target":["https:\/\/climatemaster.ge\/fr\/produit\/indoor-air-conditioning-cu-alx-series-indoor-packaged-air-conditioners-20c-to-55c\/"]}]},{"@type":"ImageObject","inLanguage":"fr-FR","@id":"https:\/\/climatemaster.ge\/fr\/produit\/indoor-air-conditioning-cu-alx-series-indoor-packaged-air-conditioners-20c-to-55c\/#primaryimage","url":"https:\/\/climatemaster.ge\/wp-content\/uploads\/2025\/05\/condizionatori-da-interno-sere-CU-ALX.png","contentUrl":"https:\/\/climatemaster.ge\/wp-content\/uploads\/2025\/05\/condizionatori-da-interno-sere-CU-ALX.png","width":2560,"height":1920},{"@type":"BreadcrumbList","@id":"https:\/\/climatemaster.ge\/fr\/produit\/indoor-air-conditioning-cu-alx-series-indoor-packaged-air-conditioners-20c-to-55c\/#breadcrumb","itemListElement":[{"@type":"ListItem","position":1,"name":"Home","item":"https:\/\/climatemaster.ge\/"},{"@type":"ListItem","position":2,"name":"Products","item":"https:\/\/climatemaster.ge\/products\/"},{"@type":"ListItem","position":3,"name":"Climatiseurs d&rsquo;int\u00e9rieur s\u00e9rie CU_ALX Climatiseurs d&rsquo;int\u00e9rieur monoblocs -20 \u00b0C \u00e0 +55 \u00b0C"}]},{"@type":"WebSite","@id":"https:\/\/climatemaster.ge\/#website","url":"https:\/\/climatemaster.ge\/","name":"Climate Master","description":"","publisher":{"@id":"https:\/\/climatemaster.ge\/#organization"},"potentialAction":[{"@type":"SearchAction","target":{"@type":"EntryPoint","urlTemplate":"https:\/\/climatemaster.ge\/?s={search_term_string}"},"query-input":{"@type":"PropertyValueSpecification","valueRequired":true,"valueName":"search_term_string"}}],"inLanguage":"fr-FR"},{"@type":"Organization","@id":"https:\/\/climatemaster.ge\/#organization","name":"Climate Master","url":"https:\/\/climatemaster.ge\/","logo":{"@type":"ImageObject","inLanguage":"fr-FR","@id":"https:\/\/climatemaster.ge\/#\/schema\/logo\/image\/","url":"https:\/\/climatemaster.ge\/wp-content\/uploads\/2026\/03\/Untitled-2.png","contentUrl":"https:\/\/climatemaster.ge\/wp-content\/uploads\/2026\/03\/Untitled-2.png","width":600,"height":338,"caption":"Climate Master"},"image":{"@id":"https:\/\/climatemaster.ge\/#\/schema\/logo\/image\/"}}]}},"_links":{"self":[{"href":"https:\/\/climatemaster.ge\/fr\/wp-json\/wp\/v2\/product\/32574","targetHints":{"allow":["GET"]}}],"collection":[{"href":"https:\/\/climatemaster.ge\/fr\/wp-json\/wp\/v2\/product"}],"about":[{"href":"https:\/\/climatemaster.ge\/fr\/wp-json\/wp\/v2\/types\/product"}],"wp:featuredmedia":[{"embeddable":true,"href":"https:\/\/climatemaster.ge\/fr\/wp-json\/wp\/v2\/media\/32569"}],"wp:attachment":[{"href":"https:\/\/climatemaster.ge\/fr\/wp-json\/wp\/v2\/media?parent=32574"}],"wp:term":[{"taxonomy":"product_brand","embeddable":true,"href":"https:\/\/climatemaster.ge\/fr\/wp-json\/wp\/v2\/product_brand?post=32574"},{"taxonomy":"product_cat","embeddable":true,"href":"https:\/\/climatemaster.ge\/fr\/wp-json\/wp\/v2\/product_cat?post=32574"},{"taxonomy":"product_tag","embeddable":true,"href":"https:\/\/climatemaster.ge\/fr\/wp-json\/wp\/v2\/product_tag?post=32574"}],"curies":[{"name":"wp","href":"https:\/\/api.w.org\/{rel}","templated":true}]}}