{"id":32560,"date":"2025-05-23T21:27:43","date_gmt":"2025-05-23T17:27:43","guid":{"rendered":"https:\/\/airsystems.ge\/shop\/product\/industrial-air-conditioner-packaged-series-industrial-packaged-acus-packaged-self-cooling-air-conditioners-for-containers-or-electrical-cabins-40c-to-85c\/"},"modified":"2025-05-23T21:29:54","modified_gmt":"2025-05-23T17:29:54","slug":"industrial-air-conditioner-packaged-series-industrial-packaged-acus-packaged-self-cooling-air-conditioners-for-containers-or-electrical-cabins-40c-to-85c","status":"publish","type":"product","link":"https:\/\/climatemaster.ge\/fr\/produit\/industrial-air-conditioner-packaged-series-industrial-packaged-acus-packaged-self-cooling-air-conditioners-for-containers-or-electrical-cabins-40c-to-85c\/","title":{"rendered":"Climatiseurs industriels monoblocs  S\u00e9rie ACUS Climatiseurs monoblocs auto-rafra\u00eechissants pour conteneurs ou cabines \u00e9lectriques -40 \u00b0C \u00e0 +85 \u00b0C"},"content":{"rendered":"<p><a class=\"elementor-button elementor-button-link elementor-size-sm\" href=\"https:\/\/www.enextechnologies.com\/wp-content\/uploads\/2024\/08\/ACUS-SERIE_ENG.pdf\" target=\"_blank\" rel=\"noopener\"><span class=\"elementor-button-content-wrapper\"><span class=\"elementor-button-text\">BROCHURE<\/span><\/span><\/a><\/p>\n","protected":false},"excerpt":{"rendered":"<p>Puissance frigorifique\u00a0: 9,0 kW<\/p>\n<p>Climatiseurs monoblocs auto-rafra\u00eechissants pour usage int\u00e9rieur, sp\u00e9cialement con\u00e7us et fabriqu\u00e9s pour fonctionner dans des conditions extr\u00eames, en pr\u00e9sence de poussi\u00e8re, de vibrations et de temp\u00e9ratures \u00e9lev\u00e9es. Id\u00e9als pour le refroidissement des conteneurs et des cabines \u00e9lectriques par gaines.<\/p>\n<p>Caract\u00e9ristiques principales<\/p>\n<p>Ch\u00e2ssis et panneaux en acier galvanis\u00e9<br \/>\nHaute r\u00e9sistance \u00e0 la corrosion<br \/>\nR\u00e9sistance \u00e0 la poussi\u00e8re et aux vibrations<br \/>\nCoffret \u00e9lectrique int\u00e9gr\u00e9<br \/>\nLe ventilateur du condenseur est r\u00e9gul\u00e9 par pressostat<br \/>\nPanneau d&rsquo;interface utilisateur \u00e0 distance<br \/>\nD\u00e9bit d&rsquo;air extrait\/trait\u00e9 r\u00e9glable<\/p>\n","protected":false},"featured_media":32555,"template":"","meta":[],"product_brand":[],"product_cat":[1618,682],"product_tag":[],"class_list":{"0":"post-32560","1":"product","2":"type-product","3":"status-publish","4":"has-post-thumbnail","6":"product_cat-climatiseur-industriel-monobloc","7":"product_cat-climatiseurs-fr-industriels","9":"first","10":"instock","11":"shipping-taxable","12":"product-type-simple"},"yoast_head":"<!-- This site is optimized with the Yoast SEO plugin v27.1.1 - https:\/\/yoast.com\/product\/yoast-seo-wordpress\/ -->\n<title>Climatiseurs industriels monoblocs S\u00e9rie ACUS Climatiseurs monoblocs auto-rafra\u00eechissants pour conteneurs ou cabines \u00e9lectriques -40 \u00b0C \u00e0 +85 \u00b0C - Climate Master<\/title>\n<meta name=\"robots\" content=\"index, follow, max-snippet:-1, max-image-preview:large, max-video-preview:-1\" \/>\n<link rel=\"canonical\" href=\"https:\/\/climatemaster.ge\/fr\/produit\/industrial-air-conditioner-packaged-series-industrial-packaged-acus-packaged-self-cooling-air-conditioners-for-containers-or-electrical-cabins-40c-to-85c\/\" \/>\n<meta property=\"og:locale\" content=\"fr_FR\" \/>\n<meta property=\"og:type\" content=\"article\" \/>\n<meta property=\"og:title\" content=\"Climatiseurs industriels monoblocs S\u00e9rie ACUS Climatiseurs monoblocs auto-rafra\u00eechissants pour conteneurs ou cabines \u00e9lectriques -40 \u00b0C \u00e0 +85 \u00b0C - Climate Master\" \/>\n<meta property=\"og:description\" content=\"Puissance frigorifique\u00a0: 9,0 kW  Climatiseurs monoblocs auto-rafra\u00eechissants pour usage int\u00e9rieur, sp\u00e9cialement con\u00e7us et fabriqu\u00e9s pour fonctionner dans des conditions extr\u00eames, en pr\u00e9sence de poussi\u00e8re, de vibrations et de temp\u00e9ratures \u00e9lev\u00e9es. Id\u00e9als pour le refroidissement des conteneurs et des cabines \u00e9lectriques par gaines.  Caract\u00e9ristiques principales  Ch\u00e2ssis et panneaux en acier galvanis\u00e9 Haute r\u00e9sistance \u00e0 la corrosion R\u00e9sistance \u00e0 la poussi\u00e8re et aux vibrations Coffret \u00e9lectrique int\u00e9gr\u00e9 Le ventilateur du condenseur est r\u00e9gul\u00e9 par pressostat Panneau d&#039;interface utilisateur \u00e0 distance D\u00e9bit d&#039;air extrait\/trait\u00e9 r\u00e9glable\" \/>\n<meta property=\"og:url\" content=\"https:\/\/climatemaster.ge\/fr\/produit\/industrial-air-conditioner-packaged-series-industrial-packaged-acus-packaged-self-cooling-air-conditioners-for-containers-or-electrical-cabins-40c-to-85c\/\" \/>\n<meta property=\"og:site_name\" content=\"Climate Master\" \/>\n<meta property=\"article:modified_time\" content=\"2025-05-23T17:29:54+00:00\" \/>\n<meta property=\"og:image\" content=\"https:\/\/climatemaster.ge\/wp-content\/uploads\/2025\/05\/monoblocco-industriale-serie-ACUS.png\" \/>\n\t<meta property=\"og:image:width\" content=\"2560\" \/>\n\t<meta property=\"og:image:height\" content=\"1920\" \/>\n\t<meta property=\"og:image:type\" content=\"image\/png\" \/>\n<meta name=\"twitter:card\" content=\"summary_large_image\" \/>\n<script type=\"application\/ld+json\" class=\"yoast-schema-graph\">{\"@context\":\"https:\/\/schema.org\",\"@graph\":[{\"@type\":\"WebPage\",\"@id\":\"https:\/\/climatemaster.ge\/fr\/produit\/industrial-air-conditioner-packaged-series-industrial-packaged-acus-packaged-self-cooling-air-conditioners-for-containers-or-electrical-cabins-40c-to-85c\/\",\"url\":\"https:\/\/climatemaster.ge\/fr\/produit\/industrial-air-conditioner-packaged-series-industrial-packaged-acus-packaged-self-cooling-air-conditioners-for-containers-or-electrical-cabins-40c-to-85c\/\",\"name\":\"Climatiseurs industriels monoblocs S\u00e9rie ACUS Climatiseurs monoblocs auto-rafra\u00eechissants pour conteneurs ou cabines \u00e9lectriques -40 \u00b0C \u00e0 +85 \u00b0C - Climate Master\",\"isPartOf\":{\"@id\":\"https:\/\/climatemaster.ge\/#website\"},\"primaryImageOfPage\":{\"@id\":\"https:\/\/climatemaster.ge\/fr\/produit\/industrial-air-conditioner-packaged-series-industrial-packaged-acus-packaged-self-cooling-air-conditioners-for-containers-or-electrical-cabins-40c-to-85c\/#primaryimage\"},\"image\":{\"@id\":\"https:\/\/climatemaster.ge\/fr\/produit\/industrial-air-conditioner-packaged-series-industrial-packaged-acus-packaged-self-cooling-air-conditioners-for-containers-or-electrical-cabins-40c-to-85c\/#primaryimage\"},\"thumbnailUrl\":\"https:\/\/climatemaster.ge\/wp-content\/uploads\/2025\/05\/monoblocco-industriale-serie-ACUS.png\",\"datePublished\":\"2025-05-23T17:27:43+00:00\",\"dateModified\":\"2025-05-23T17:29:54+00:00\",\"breadcrumb\":{\"@id\":\"https:\/\/climatemaster.ge\/fr\/produit\/industrial-air-conditioner-packaged-series-industrial-packaged-acus-packaged-self-cooling-air-conditioners-for-containers-or-electrical-cabins-40c-to-85c\/#breadcrumb\"},\"inLanguage\":\"fr-FR\",\"potentialAction\":[{\"@type\":\"ReadAction\",\"target\":[\"https:\/\/climatemaster.ge\/fr\/produit\/industrial-air-conditioner-packaged-series-industrial-packaged-acus-packaged-self-cooling-air-conditioners-for-containers-or-electrical-cabins-40c-to-85c\/\"]}]},{\"@type\":\"ImageObject\",\"inLanguage\":\"fr-FR\",\"@id\":\"https:\/\/climatemaster.ge\/fr\/produit\/industrial-air-conditioner-packaged-series-industrial-packaged-acus-packaged-self-cooling-air-conditioners-for-containers-or-electrical-cabins-40c-to-85c\/#primaryimage\",\"url\":\"https:\/\/climatemaster.ge\/wp-content\/uploads\/2025\/05\/monoblocco-industriale-serie-ACUS.png\",\"contentUrl\":\"https:\/\/climatemaster.ge\/wp-content\/uploads\/2025\/05\/monoblocco-industriale-serie-ACUS.png\",\"width\":2560,\"height\":1920},{\"@type\":\"BreadcrumbList\",\"@id\":\"https:\/\/climatemaster.ge\/fr\/produit\/industrial-air-conditioner-packaged-series-industrial-packaged-acus-packaged-self-cooling-air-conditioners-for-containers-or-electrical-cabins-40c-to-85c\/#breadcrumb\",\"itemListElement\":[{\"@type\":\"ListItem\",\"position\":1,\"name\":\"Home\",\"item\":\"https:\/\/climatemaster.ge\/\"},{\"@type\":\"ListItem\",\"position\":2,\"name\":\"Products\",\"item\":\"https:\/\/climatemaster.ge\/products\/\"},{\"@type\":\"ListItem\",\"position\":3,\"name\":\"Climatiseurs industriels monoblocs S\u00e9rie ACUS Climatiseurs monoblocs auto-rafra\u00eechissants pour conteneurs ou cabines \u00e9lectriques -40 \u00b0C \u00e0 +85 \u00b0C\"}]},{\"@type\":\"WebSite\",\"@id\":\"https:\/\/climatemaster.ge\/#website\",\"url\":\"https:\/\/climatemaster.ge\/\",\"name\":\"Climate Master\",\"description\":\"\",\"publisher\":{\"@id\":\"https:\/\/climatemaster.ge\/#organization\"},\"potentialAction\":[{\"@type\":\"SearchAction\",\"target\":{\"@type\":\"EntryPoint\",\"urlTemplate\":\"https:\/\/climatemaster.ge\/?s={search_term_string}\"},\"query-input\":{\"@type\":\"PropertyValueSpecification\",\"valueRequired\":true,\"valueName\":\"search_term_string\"}}],\"inLanguage\":\"fr-FR\"},{\"@type\":\"Organization\",\"@id\":\"https:\/\/climatemaster.ge\/#organization\",\"name\":\"Climate Master\",\"url\":\"https:\/\/climatemaster.ge\/\",\"logo\":{\"@type\":\"ImageObject\",\"inLanguage\":\"fr-FR\",\"@id\":\"https:\/\/climatemaster.ge\/#\/schema\/logo\/image\/\",\"url\":\"https:\/\/climatemaster.ge\/wp-content\/uploads\/2026\/03\/Untitled-2.png\",\"contentUrl\":\"https:\/\/climatemaster.ge\/wp-content\/uploads\/2026\/03\/Untitled-2.png\",\"width\":600,\"height\":338,\"caption\":\"Climate Master\"},\"image\":{\"@id\":\"https:\/\/climatemaster.ge\/#\/schema\/logo\/image\/\"}}]}<\/script>\n<!-- \/ Yoast SEO plugin. -->","yoast_head_json":{"title":"Climatiseurs industriels monoblocs S\u00e9rie ACUS Climatiseurs monoblocs auto-rafra\u00eechissants pour conteneurs ou cabines \u00e9lectriques -40 \u00b0C \u00e0 +85 \u00b0C - Climate Master","robots":{"index":"index","follow":"follow","max-snippet":"max-snippet:-1","max-image-preview":"max-image-preview:large","max-video-preview":"max-video-preview:-1"},"canonical":"https:\/\/climatemaster.ge\/fr\/produit\/industrial-air-conditioner-packaged-series-industrial-packaged-acus-packaged-self-cooling-air-conditioners-for-containers-or-electrical-cabins-40c-to-85c\/","og_locale":"fr_FR","og_type":"article","og_title":"Climatiseurs industriels monoblocs S\u00e9rie ACUS Climatiseurs monoblocs auto-rafra\u00eechissants pour conteneurs ou cabines \u00e9lectriques -40 \u00b0C \u00e0 +85 \u00b0C - Climate Master","og_description":"Puissance frigorifique\u00a0: 9,0 kW  Climatiseurs monoblocs auto-rafra\u00eechissants pour usage int\u00e9rieur, sp\u00e9cialement con\u00e7us et fabriqu\u00e9s pour fonctionner dans des conditions extr\u00eames, en pr\u00e9sence de poussi\u00e8re, de vibrations et de temp\u00e9ratures \u00e9lev\u00e9es. Id\u00e9als pour le refroidissement des conteneurs et des cabines \u00e9lectriques par gaines.  Caract\u00e9ristiques principales  Ch\u00e2ssis et panneaux en acier galvanis\u00e9 Haute r\u00e9sistance \u00e0 la corrosion R\u00e9sistance \u00e0 la poussi\u00e8re et aux vibrations Coffret \u00e9lectrique int\u00e9gr\u00e9 Le ventilateur du condenseur est r\u00e9gul\u00e9 par pressostat Panneau d'interface utilisateur \u00e0 distance D\u00e9bit d'air extrait\/trait\u00e9 r\u00e9glable","og_url":"https:\/\/climatemaster.ge\/fr\/produit\/industrial-air-conditioner-packaged-series-industrial-packaged-acus-packaged-self-cooling-air-conditioners-for-containers-or-electrical-cabins-40c-to-85c\/","og_site_name":"Climate Master","article_modified_time":"2025-05-23T17:29:54+00:00","og_image":[{"width":2560,"height":1920,"url":"https:\/\/climatemaster.ge\/wp-content\/uploads\/2025\/05\/monoblocco-industriale-serie-ACUS.png","type":"image\/png"}],"twitter_card":"summary_large_image","schema":{"@context":"https:\/\/schema.org","@graph":[{"@type":"WebPage","@id":"https:\/\/climatemaster.ge\/fr\/produit\/industrial-air-conditioner-packaged-series-industrial-packaged-acus-packaged-self-cooling-air-conditioners-for-containers-or-electrical-cabins-40c-to-85c\/","url":"https:\/\/climatemaster.ge\/fr\/produit\/industrial-air-conditioner-packaged-series-industrial-packaged-acus-packaged-self-cooling-air-conditioners-for-containers-or-electrical-cabins-40c-to-85c\/","name":"Climatiseurs industriels monoblocs S\u00e9rie ACUS Climatiseurs monoblocs auto-rafra\u00eechissants pour conteneurs ou cabines \u00e9lectriques -40 \u00b0C \u00e0 +85 \u00b0C - Climate Master","isPartOf":{"@id":"https:\/\/climatemaster.ge\/#website"},"primaryImageOfPage":{"@id":"https:\/\/climatemaster.ge\/fr\/produit\/industrial-air-conditioner-packaged-series-industrial-packaged-acus-packaged-self-cooling-air-conditioners-for-containers-or-electrical-cabins-40c-to-85c\/#primaryimage"},"image":{"@id":"https:\/\/climatemaster.ge\/fr\/produit\/industrial-air-conditioner-packaged-series-industrial-packaged-acus-packaged-self-cooling-air-conditioners-for-containers-or-electrical-cabins-40c-to-85c\/#primaryimage"},"thumbnailUrl":"https:\/\/climatemaster.ge\/wp-content\/uploads\/2025\/05\/monoblocco-industriale-serie-ACUS.png","datePublished":"2025-05-23T17:27:43+00:00","dateModified":"2025-05-23T17:29:54+00:00","breadcrumb":{"@id":"https:\/\/climatemaster.ge\/fr\/produit\/industrial-air-conditioner-packaged-series-industrial-packaged-acus-packaged-self-cooling-air-conditioners-for-containers-or-electrical-cabins-40c-to-85c\/#breadcrumb"},"inLanguage":"fr-FR","potentialAction":[{"@type":"ReadAction","target":["https:\/\/climatemaster.ge\/fr\/produit\/industrial-air-conditioner-packaged-series-industrial-packaged-acus-packaged-self-cooling-air-conditioners-for-containers-or-electrical-cabins-40c-to-85c\/"]}]},{"@type":"ImageObject","inLanguage":"fr-FR","@id":"https:\/\/climatemaster.ge\/fr\/produit\/industrial-air-conditioner-packaged-series-industrial-packaged-acus-packaged-self-cooling-air-conditioners-for-containers-or-electrical-cabins-40c-to-85c\/#primaryimage","url":"https:\/\/climatemaster.ge\/wp-content\/uploads\/2025\/05\/monoblocco-industriale-serie-ACUS.png","contentUrl":"https:\/\/climatemaster.ge\/wp-content\/uploads\/2025\/05\/monoblocco-industriale-serie-ACUS.png","width":2560,"height":1920},{"@type":"BreadcrumbList","@id":"https:\/\/climatemaster.ge\/fr\/produit\/industrial-air-conditioner-packaged-series-industrial-packaged-acus-packaged-self-cooling-air-conditioners-for-containers-or-electrical-cabins-40c-to-85c\/#breadcrumb","itemListElement":[{"@type":"ListItem","position":1,"name":"Home","item":"https:\/\/climatemaster.ge\/"},{"@type":"ListItem","position":2,"name":"Products","item":"https:\/\/climatemaster.ge\/products\/"},{"@type":"ListItem","position":3,"name":"Climatiseurs industriels monoblocs S\u00e9rie ACUS Climatiseurs monoblocs auto-rafra\u00eechissants pour conteneurs ou cabines \u00e9lectriques -40 \u00b0C \u00e0 +85 \u00b0C"}]},{"@type":"WebSite","@id":"https:\/\/climatemaster.ge\/#website","url":"https:\/\/climatemaster.ge\/","name":"Climate Master","description":"","publisher":{"@id":"https:\/\/climatemaster.ge\/#organization"},"potentialAction":[{"@type":"SearchAction","target":{"@type":"EntryPoint","urlTemplate":"https:\/\/climatemaster.ge\/?s={search_term_string}"},"query-input":{"@type":"PropertyValueSpecification","valueRequired":true,"valueName":"search_term_string"}}],"inLanguage":"fr-FR"},{"@type":"Organization","@id":"https:\/\/climatemaster.ge\/#organization","name":"Climate Master","url":"https:\/\/climatemaster.ge\/","logo":{"@type":"ImageObject","inLanguage":"fr-FR","@id":"https:\/\/climatemaster.ge\/#\/schema\/logo\/image\/","url":"https:\/\/climatemaster.ge\/wp-content\/uploads\/2026\/03\/Untitled-2.png","contentUrl":"https:\/\/climatemaster.ge\/wp-content\/uploads\/2026\/03\/Untitled-2.png","width":600,"height":338,"caption":"Climate Master"},"image":{"@id":"https:\/\/climatemaster.ge\/#\/schema\/logo\/image\/"}}]}},"_links":{"self":[{"href":"https:\/\/climatemaster.ge\/fr\/wp-json\/wp\/v2\/product\/32560","targetHints":{"allow":["GET"]}}],"collection":[{"href":"https:\/\/climatemaster.ge\/fr\/wp-json\/wp\/v2\/product"}],"about":[{"href":"https:\/\/climatemaster.ge\/fr\/wp-json\/wp\/v2\/types\/product"}],"wp:featuredmedia":[{"embeddable":true,"href":"https:\/\/climatemaster.ge\/fr\/wp-json\/wp\/v2\/media\/32555"}],"wp:attachment":[{"href":"https:\/\/climatemaster.ge\/fr\/wp-json\/wp\/v2\/media?parent=32560"}],"wp:term":[{"taxonomy":"product_brand","embeddable":true,"href":"https:\/\/climatemaster.ge\/fr\/wp-json\/wp\/v2\/product_brand?post=32560"},{"taxonomy":"product_cat","embeddable":true,"href":"https:\/\/climatemaster.ge\/fr\/wp-json\/wp\/v2\/product_cat?post=32560"},{"taxonomy":"product_tag","embeddable":true,"href":"https:\/\/climatemaster.ge\/fr\/wp-json\/wp\/v2\/product_tag?post=32560"}],"curies":[{"name":"wp","href":"https:\/\/api.w.org\/{rel}","templated":true}]}}