{"id":32545,"date":"2025-05-23T21:20:26","date_gmt":"2025-05-23T17:20:26","guid":{"rendered":"https:\/\/airsystems.ge\/shop\/product\/indoor-packaged-unit-sp-series-air-cooled-underfloor-packaged-indoor-air-conditioners\/"},"modified":"2025-05-23T21:23:56","modified_gmt":"2025-05-23T17:23:56","slug":"indoor-packaged-unit-sp-series-air-cooled-underfloor-packaged-indoor-air-conditioners","status":"publish","type":"product","link":"https:\/\/climatemaster.ge\/fr\/produit\/indoor-packaged-unit-sp-series-air-cooled-underfloor-packaged-indoor-air-conditioners\/","title":{"rendered":"Climatiseurs industriels monoblocs  Unit\u00e9 int\u00e9rieure monobloc \u2013 S\u00e9rie SP Climatiseurs int\u00e9rieurs monoblocs \u00e0 condensation par air, sous plancher, -20 \u00b0C \u00e0 +45 \u00b0C"},"content":{"rendered":"<p><a class=\"elementor-button elementor-button-link elementor-size-sm\" href=\"https:\/\/www.enextechnologies.com\/wp-content\/uploads\/2024\/08\/SP-SERIE_ENG.pdf\" target=\"_blank\" rel=\"noopener\"><span class=\"elementor-button-content-wrapper\"><span class=\"elementor-button-text\">BROCHURE<\/span><\/span><\/a><\/p>\n","protected":false},"excerpt":{"rendered":"<div class=\"elementor-element elementor-element-391e72ec elementor-widget elementor-widget-theme-post-content\" data-id=\"391e72ec\" data-element_type=\"widget\" data-widget_type=\"theme-post-content.default\">\n<div class=\"elementor-widget-container\">\n<p>Puissance frigorifique de 6,1 kW \u00e0 17 kW<\/p>\n<p>Climatiseurs int\u00e9rieurs monoblocs \u00e0 condensation par air, sous plancher, id\u00e9aux pour les installations en locaux, les abris de stations de base radio et les locaux techniques en g\u00e9n\u00e9ral. L&rsquo;air de refroidissement est pr\u00e9lev\u00e9 par le haut et achemin\u00e9 vers le plancher.<\/p>\n<p>Caract\u00e9ristiques principales<\/p>\n<p>Ch\u00e2ssis et panneaux en acier galvanis\u00e9<br \/>\nBatterie de condenseurs \u00e0 microcanaux aluminium-aluminium<br \/>\nVentilateurs de la section d&rsquo;\u00e9vaporation type EC, 48 Vcc<br \/>\nVitesse variable du ventilateur de la section de condensation en fonction de la pression de condensation<br \/>\nSur demande\u00a0: carte Ethernet, RS232\/485, SNMP et Web<\/p>\n<\/div>\n<\/div>\n<div class=\"elementor-element elementor-element-427e8a79 e-flex e-con-boxed e-con e-child\" data-id=\"427e8a79\" data-element_type=\"container\">\n<div class=\"e-con-inner\">\n<div class=\"elementor-element elementor-element-6e19ed90 hidebutton mc-bl elementor-align-left elementor-widget elementor-widget-button\" data-id=\"6e19ed90\" data-element_type=\"widget\" data-widget_type=\"button.default\"><\/div>\n<\/div>\n<\/div>\n","protected":false},"featured_media":32540,"template":"","meta":[],"product_brand":[],"product_cat":[1618,682],"product_tag":[],"class_list":{"0":"post-32545","1":"product","2":"type-product","3":"status-publish","4":"has-post-thumbnail","6":"product_cat-climatiseur-industriel-monobloc","7":"product_cat-climatiseurs-fr-industriels","9":"first","10":"instock","11":"shipping-taxable","12":"product-type-simple"},"yoast_head":"<!-- This site is optimized with the Yoast SEO plugin v27.1.1 - https:\/\/yoast.com\/product\/yoast-seo-wordpress\/ -->\n<title>Climatiseurs industriels monoblocs Unit\u00e9 int\u00e9rieure monobloc \u2013 S\u00e9rie SP Climatiseurs int\u00e9rieurs monoblocs \u00e0 condensation par air, sous plancher, -20 \u00b0C \u00e0 +45 \u00b0C - Climate Master<\/title>\n<meta name=\"robots\" content=\"index, follow, max-snippet:-1, max-image-preview:large, max-video-preview:-1\" \/>\n<link rel=\"canonical\" href=\"https:\/\/climatemaster.ge\/fr\/produit\/indoor-packaged-unit-sp-series-air-cooled-underfloor-packaged-indoor-air-conditioners\/\" \/>\n<meta property=\"og:locale\" content=\"fr_FR\" \/>\n<meta property=\"og:type\" content=\"article\" \/>\n<meta property=\"og:title\" content=\"Climatiseurs industriels monoblocs Unit\u00e9 int\u00e9rieure monobloc \u2013 S\u00e9rie SP Climatiseurs int\u00e9rieurs monoblocs \u00e0 condensation par air, sous plancher, -20 \u00b0C \u00e0 +45 \u00b0C - Climate Master\" \/>\n<meta property=\"og:description\" content=\"Puissance frigorifique de 6,1 kW \u00e0 17 kW  Climatiseurs int\u00e9rieurs monoblocs \u00e0 condensation par air, sous plancher, id\u00e9aux pour les installations en locaux, les abris de stations de base radio et les locaux techniques en g\u00e9n\u00e9ral. L&#039;air de refroidissement est pr\u00e9lev\u00e9 par le haut et achemin\u00e9 vers le plancher.  Caract\u00e9ristiques principales  Ch\u00e2ssis et panneaux en acier galvanis\u00e9 Batterie de condenseurs \u00e0 microcanaux aluminium-aluminium Ventilateurs de la section d&#039;\u00e9vaporation type EC, 48 Vcc Vitesse variable du ventilateur de la section de condensation en fonction de la pression de condensation Sur demande\u00a0: carte Ethernet, RS232\/485, SNMP et Web\" \/>\n<meta property=\"og:url\" content=\"https:\/\/climatemaster.ge\/fr\/produit\/indoor-packaged-unit-sp-series-air-cooled-underfloor-packaged-indoor-air-conditioners\/\" \/>\n<meta property=\"og:site_name\" content=\"Climate Master\" \/>\n<meta property=\"article:modified_time\" content=\"2025-05-23T17:23:56+00:00\" \/>\n<meta property=\"og:image\" content=\"https:\/\/climatemaster.ge\/wp-content\/uploads\/2025\/05\/monoblocco-da-interno-serie-SP.png\" \/>\n\t<meta property=\"og:image:width\" content=\"2560\" \/>\n\t<meta property=\"og:image:height\" content=\"2221\" \/>\n\t<meta property=\"og:image:type\" content=\"image\/png\" \/>\n<meta name=\"twitter:card\" content=\"summary_large_image\" \/>\n<script type=\"application\/ld+json\" class=\"yoast-schema-graph\">{\"@context\":\"https:\/\/schema.org\",\"@graph\":[{\"@type\":\"WebPage\",\"@id\":\"https:\/\/climatemaster.ge\/fr\/produit\/indoor-packaged-unit-sp-series-air-cooled-underfloor-packaged-indoor-air-conditioners\/\",\"url\":\"https:\/\/climatemaster.ge\/fr\/produit\/indoor-packaged-unit-sp-series-air-cooled-underfloor-packaged-indoor-air-conditioners\/\",\"name\":\"Climatiseurs industriels monoblocs Unit\u00e9 int\u00e9rieure monobloc \u2013 S\u00e9rie SP Climatiseurs int\u00e9rieurs monoblocs \u00e0 condensation par air, sous plancher, -20 \u00b0C \u00e0 +45 \u00b0C - Climate Master\",\"isPartOf\":{\"@id\":\"https:\/\/climatemaster.ge\/#website\"},\"primaryImageOfPage\":{\"@id\":\"https:\/\/climatemaster.ge\/fr\/produit\/indoor-packaged-unit-sp-series-air-cooled-underfloor-packaged-indoor-air-conditioners\/#primaryimage\"},\"image\":{\"@id\":\"https:\/\/climatemaster.ge\/fr\/produit\/indoor-packaged-unit-sp-series-air-cooled-underfloor-packaged-indoor-air-conditioners\/#primaryimage\"},\"thumbnailUrl\":\"https:\/\/climatemaster.ge\/wp-content\/uploads\/2025\/05\/monoblocco-da-interno-serie-SP.png\",\"datePublished\":\"2025-05-23T17:20:26+00:00\",\"dateModified\":\"2025-05-23T17:23:56+00:00\",\"breadcrumb\":{\"@id\":\"https:\/\/climatemaster.ge\/fr\/produit\/indoor-packaged-unit-sp-series-air-cooled-underfloor-packaged-indoor-air-conditioners\/#breadcrumb\"},\"inLanguage\":\"fr-FR\",\"potentialAction\":[{\"@type\":\"ReadAction\",\"target\":[\"https:\/\/climatemaster.ge\/fr\/produit\/indoor-packaged-unit-sp-series-air-cooled-underfloor-packaged-indoor-air-conditioners\/\"]}]},{\"@type\":\"ImageObject\",\"inLanguage\":\"fr-FR\",\"@id\":\"https:\/\/climatemaster.ge\/fr\/produit\/indoor-packaged-unit-sp-series-air-cooled-underfloor-packaged-indoor-air-conditioners\/#primaryimage\",\"url\":\"https:\/\/climatemaster.ge\/wp-content\/uploads\/2025\/05\/monoblocco-da-interno-serie-SP.png\",\"contentUrl\":\"https:\/\/climatemaster.ge\/wp-content\/uploads\/2025\/05\/monoblocco-da-interno-serie-SP.png\",\"width\":2560,\"height\":2221},{\"@type\":\"BreadcrumbList\",\"@id\":\"https:\/\/climatemaster.ge\/fr\/produit\/indoor-packaged-unit-sp-series-air-cooled-underfloor-packaged-indoor-air-conditioners\/#breadcrumb\",\"itemListElement\":[{\"@type\":\"ListItem\",\"position\":1,\"name\":\"Home\",\"item\":\"https:\/\/climatemaster.ge\/\"},{\"@type\":\"ListItem\",\"position\":2,\"name\":\"Products\",\"item\":\"https:\/\/climatemaster.ge\/products\/\"},{\"@type\":\"ListItem\",\"position\":3,\"name\":\"Climatiseurs industriels monoblocs Unit\u00e9 int\u00e9rieure monobloc \u2013 S\u00e9rie SP Climatiseurs int\u00e9rieurs monoblocs \u00e0 condensation par air, sous plancher, -20 \u00b0C \u00e0 +45 \u00b0C\"}]},{\"@type\":\"WebSite\",\"@id\":\"https:\/\/climatemaster.ge\/#website\",\"url\":\"https:\/\/climatemaster.ge\/\",\"name\":\"Climate Master\",\"description\":\"\",\"publisher\":{\"@id\":\"https:\/\/climatemaster.ge\/#organization\"},\"potentialAction\":[{\"@type\":\"SearchAction\",\"target\":{\"@type\":\"EntryPoint\",\"urlTemplate\":\"https:\/\/climatemaster.ge\/?s={search_term_string}\"},\"query-input\":{\"@type\":\"PropertyValueSpecification\",\"valueRequired\":true,\"valueName\":\"search_term_string\"}}],\"inLanguage\":\"fr-FR\"},{\"@type\":\"Organization\",\"@id\":\"https:\/\/climatemaster.ge\/#organization\",\"name\":\"Climate Master\",\"url\":\"https:\/\/climatemaster.ge\/\",\"logo\":{\"@type\":\"ImageObject\",\"inLanguage\":\"fr-FR\",\"@id\":\"https:\/\/climatemaster.ge\/#\/schema\/logo\/image\/\",\"url\":\"https:\/\/climatemaster.ge\/wp-content\/uploads\/2026\/03\/Untitled-2.png\",\"contentUrl\":\"https:\/\/climatemaster.ge\/wp-content\/uploads\/2026\/03\/Untitled-2.png\",\"width\":600,\"height\":338,\"caption\":\"Climate Master\"},\"image\":{\"@id\":\"https:\/\/climatemaster.ge\/#\/schema\/logo\/image\/\"}}]}<\/script>\n<!-- \/ Yoast SEO plugin. -->","yoast_head_json":{"title":"Climatiseurs industriels monoblocs Unit\u00e9 int\u00e9rieure monobloc \u2013 S\u00e9rie SP Climatiseurs int\u00e9rieurs monoblocs \u00e0 condensation par air, sous plancher, -20 \u00b0C \u00e0 +45 \u00b0C - Climate Master","robots":{"index":"index","follow":"follow","max-snippet":"max-snippet:-1","max-image-preview":"max-image-preview:large","max-video-preview":"max-video-preview:-1"},"canonical":"https:\/\/climatemaster.ge\/fr\/produit\/indoor-packaged-unit-sp-series-air-cooled-underfloor-packaged-indoor-air-conditioners\/","og_locale":"fr_FR","og_type":"article","og_title":"Climatiseurs industriels monoblocs Unit\u00e9 int\u00e9rieure monobloc \u2013 S\u00e9rie SP Climatiseurs int\u00e9rieurs monoblocs \u00e0 condensation par air, sous plancher, -20 \u00b0C \u00e0 +45 \u00b0C - Climate Master","og_description":"Puissance frigorifique de 6,1 kW \u00e0 17 kW  Climatiseurs int\u00e9rieurs monoblocs \u00e0 condensation par air, sous plancher, id\u00e9aux pour les installations en locaux, les abris de stations de base radio et les locaux techniques en g\u00e9n\u00e9ral. L'air de refroidissement est pr\u00e9lev\u00e9 par le haut et achemin\u00e9 vers le plancher.  Caract\u00e9ristiques principales  Ch\u00e2ssis et panneaux en acier galvanis\u00e9 Batterie de condenseurs \u00e0 microcanaux aluminium-aluminium Ventilateurs de la section d'\u00e9vaporation type EC, 48 Vcc Vitesse variable du ventilateur de la section de condensation en fonction de la pression de condensation Sur demande\u00a0: carte Ethernet, RS232\/485, SNMP et Web","og_url":"https:\/\/climatemaster.ge\/fr\/produit\/indoor-packaged-unit-sp-series-air-cooled-underfloor-packaged-indoor-air-conditioners\/","og_site_name":"Climate Master","article_modified_time":"2025-05-23T17:23:56+00:00","og_image":[{"width":2560,"height":2221,"url":"https:\/\/climatemaster.ge\/wp-content\/uploads\/2025\/05\/monoblocco-da-interno-serie-SP.png","type":"image\/png"}],"twitter_card":"summary_large_image","schema":{"@context":"https:\/\/schema.org","@graph":[{"@type":"WebPage","@id":"https:\/\/climatemaster.ge\/fr\/produit\/indoor-packaged-unit-sp-series-air-cooled-underfloor-packaged-indoor-air-conditioners\/","url":"https:\/\/climatemaster.ge\/fr\/produit\/indoor-packaged-unit-sp-series-air-cooled-underfloor-packaged-indoor-air-conditioners\/","name":"Climatiseurs industriels monoblocs Unit\u00e9 int\u00e9rieure monobloc \u2013 S\u00e9rie SP Climatiseurs int\u00e9rieurs monoblocs \u00e0 condensation par air, sous plancher, -20 \u00b0C \u00e0 +45 \u00b0C - Climate Master","isPartOf":{"@id":"https:\/\/climatemaster.ge\/#website"},"primaryImageOfPage":{"@id":"https:\/\/climatemaster.ge\/fr\/produit\/indoor-packaged-unit-sp-series-air-cooled-underfloor-packaged-indoor-air-conditioners\/#primaryimage"},"image":{"@id":"https:\/\/climatemaster.ge\/fr\/produit\/indoor-packaged-unit-sp-series-air-cooled-underfloor-packaged-indoor-air-conditioners\/#primaryimage"},"thumbnailUrl":"https:\/\/climatemaster.ge\/wp-content\/uploads\/2025\/05\/monoblocco-da-interno-serie-SP.png","datePublished":"2025-05-23T17:20:26+00:00","dateModified":"2025-05-23T17:23:56+00:00","breadcrumb":{"@id":"https:\/\/climatemaster.ge\/fr\/produit\/indoor-packaged-unit-sp-series-air-cooled-underfloor-packaged-indoor-air-conditioners\/#breadcrumb"},"inLanguage":"fr-FR","potentialAction":[{"@type":"ReadAction","target":["https:\/\/climatemaster.ge\/fr\/produit\/indoor-packaged-unit-sp-series-air-cooled-underfloor-packaged-indoor-air-conditioners\/"]}]},{"@type":"ImageObject","inLanguage":"fr-FR","@id":"https:\/\/climatemaster.ge\/fr\/produit\/indoor-packaged-unit-sp-series-air-cooled-underfloor-packaged-indoor-air-conditioners\/#primaryimage","url":"https:\/\/climatemaster.ge\/wp-content\/uploads\/2025\/05\/monoblocco-da-interno-serie-SP.png","contentUrl":"https:\/\/climatemaster.ge\/wp-content\/uploads\/2025\/05\/monoblocco-da-interno-serie-SP.png","width":2560,"height":2221},{"@type":"BreadcrumbList","@id":"https:\/\/climatemaster.ge\/fr\/produit\/indoor-packaged-unit-sp-series-air-cooled-underfloor-packaged-indoor-air-conditioners\/#breadcrumb","itemListElement":[{"@type":"ListItem","position":1,"name":"Home","item":"https:\/\/climatemaster.ge\/"},{"@type":"ListItem","position":2,"name":"Products","item":"https:\/\/climatemaster.ge\/products\/"},{"@type":"ListItem","position":3,"name":"Climatiseurs industriels monoblocs Unit\u00e9 int\u00e9rieure monobloc \u2013 S\u00e9rie SP Climatiseurs int\u00e9rieurs monoblocs \u00e0 condensation par air, sous plancher, -20 \u00b0C \u00e0 +45 \u00b0C"}]},{"@type":"WebSite","@id":"https:\/\/climatemaster.ge\/#website","url":"https:\/\/climatemaster.ge\/","name":"Climate Master","description":"","publisher":{"@id":"https:\/\/climatemaster.ge\/#organization"},"potentialAction":[{"@type":"SearchAction","target":{"@type":"EntryPoint","urlTemplate":"https:\/\/climatemaster.ge\/?s={search_term_string}"},"query-input":{"@type":"PropertyValueSpecification","valueRequired":true,"valueName":"search_term_string"}}],"inLanguage":"fr-FR"},{"@type":"Organization","@id":"https:\/\/climatemaster.ge\/#organization","name":"Climate Master","url":"https:\/\/climatemaster.ge\/","logo":{"@type":"ImageObject","inLanguage":"fr-FR","@id":"https:\/\/climatemaster.ge\/#\/schema\/logo\/image\/","url":"https:\/\/climatemaster.ge\/wp-content\/uploads\/2026\/03\/Untitled-2.png","contentUrl":"https:\/\/climatemaster.ge\/wp-content\/uploads\/2026\/03\/Untitled-2.png","width":600,"height":338,"caption":"Climate Master"},"image":{"@id":"https:\/\/climatemaster.ge\/#\/schema\/logo\/image\/"}}]}},"_links":{"self":[{"href":"https:\/\/climatemaster.ge\/fr\/wp-json\/wp\/v2\/product\/32545","targetHints":{"allow":["GET"]}}],"collection":[{"href":"https:\/\/climatemaster.ge\/fr\/wp-json\/wp\/v2\/product"}],"about":[{"href":"https:\/\/climatemaster.ge\/fr\/wp-json\/wp\/v2\/types\/product"}],"wp:featuredmedia":[{"embeddable":true,"href":"https:\/\/climatemaster.ge\/fr\/wp-json\/wp\/v2\/media\/32540"}],"wp:attachment":[{"href":"https:\/\/climatemaster.ge\/fr\/wp-json\/wp\/v2\/media?parent=32545"}],"wp:term":[{"taxonomy":"product_brand","embeddable":true,"href":"https:\/\/climatemaster.ge\/fr\/wp-json\/wp\/v2\/product_brand?post=32545"},{"taxonomy":"product_cat","embeddable":true,"href":"https:\/\/climatemaster.ge\/fr\/wp-json\/wp\/v2\/product_cat?post=32545"},{"taxonomy":"product_tag","embeddable":true,"href":"https:\/\/climatemaster.ge\/fr\/wp-json\/wp\/v2\/product_tag?post=32545"}],"curies":[{"name":"wp","href":"https:\/\/api.w.org\/{rel}","templated":true}]}}