{"id":32474,"date":"2025-05-23T20:15:36","date_gmt":"2025-05-23T16:15:36","guid":{"rendered":"https:\/\/airsystems.ge\/shop\/product\/v-shaped-dry-cooler-dv-dx-kdv-v-shaped-dry-coolers-with-axial-fans-for-outdoor-use\/"},"modified":"2025-05-23T20:19:26","modified_gmt":"2025-05-23T16:19:26","slug":"v-shaped-dry-cooler-dv-dx-kdv-v-shaped-dry-coolers-with-axial-fans-for-outdoor-use","status":"publish","type":"product","link":"https:\/\/climatemaster.ge\/fr\/produit\/v-shaped-dry-cooler-dv-dx-kdv-v-shaped-dry-coolers-with-axial-fans-for-outdoor-use\/","title":{"rendered":"A\u00e9ror\u00e9frig\u00e9rants en V DV\/DX\/KDV\u00a0: A\u00e9ror\u00e9frig\u00e9rants en V avec ventilateurs axiaux pour utilisation en ext\u00e9rieur"},"content":{"rendered":"<p>CARACT\u00c9RISTIQUES<\/p>\n<p>\u2022 Utilise du r\u00e9frig\u00e9rant naturel H2O et de l&rsquo;eau glycol\u00e9e<br \/>\n\u2022 Batterie \u00e0 ailettes\u00a0: Construite avec des tubes en cuivre de 1\/2\u00a0pouce et des ailettes en aluminium \u00e0 persiennes. Con\u00e7ue avec un syst\u00e8me de flottement, la batterie est suspendue pour \u00e9viter les fuites.<br \/>\n\u2022 Ventilateurs\u00a0: \u00c9quip\u00e9s de s\u00e9rie de moteurs CA.<br \/>\nVentilateurs axiaux \u00e0 rotor externe (380-480\u00a0V III 50\/60\u00a0Hz) Conformes \u00e0 la directive ErP \u00d8\u00a0800, 910\u00a0mm<br \/>\n\u2022 Bo\u00eetier\u00a0: Aluminium pr\u00e9laqu\u00e9<br \/>\n\u2022 Pression de conception\u00a0: PS\u00a0=\u00a030\u00a0bar, PT\u00a0=\u00a043\u00a0bar<br \/>\nOPTIONS<\/p>\n<p>MAT\u00c9RIAU DES AILETTES<br \/>\n\u2022 Ailettes en cuivre<br \/>\n\u2022 Ailettes rev\u00eatues<br \/>\n\u2022 Autre mat\u00e9riau d&rsquo;ailette non standard<br \/>\nBO\u00ceTIER<br \/>\n\u2022 Anti-amortisseurs<br \/>\nOPTIONS \u00c9LECTRIQUES<br \/>\n\u2022 Ventilateurs EC<br \/>\n\u2022 Variateur de vitesse<br \/>\n\u2022 C\u00e2blage dans un bo\u00eetier centralis\u00e9 (inclus avec les ventilateurs EC)<br \/>\n\u2022 Interrupteur de service, c\u00e2blage + magn\u00e9tothermique<br \/>\nAUTRES<br \/>\n\u2022 AquaAero<br \/>\n\u2022 Blygold<br \/>\n\u2022 Spray Syst\u00e8me adiabatique<br \/>\n\u2022 Syst\u00e8me adiabatique \u00e0 coussinets (bient\u00f4t disponible)<br \/>\n\u2022 Diffuseur \u00e0 ventilateur<\/p>\n<p><a class=\"elementor-button elementor-button-link elementor-size-sm\" href=\"https:\/\/www.enextechnologies.com\/wp-content\/uploads\/2024\/10\/One-Pager-V-SHAPED-DRY-COOLER-DV-DX-KDV-ENG.pdf\" target=\"_blank\" rel=\"noopener\"><span class=\"elementor-button-content-wrapper\"><span class=\"elementor-button-text\">ONE PAGER<\/span><\/span><\/a><\/p>\n","protected":false},"excerpt":{"rendered":"<div class=\"elementor-element elementor-element-70da8153 elementor-widget elementor-widget-theme-page-title elementor-page-title elementor-widget-heading\" data-id=\"70da8153\" data-element_type=\"widget\" data-widget_type=\"theme-page-title.default\">\n<div class=\"elementor-widget-container\">\n<p>KDV J10<br \/>\nPuissance frigorifique de 90 kW \u00e0 1\u00a0200 kW<\/p>\n<p>Les a\u00e9ror\u00e9frig\u00e9rants en V de ROEN EST avec ventilateurs axiaux sont adapt\u00e9s aux applications ext\u00e9rieures et utilisent le fluide frigorig\u00e8ne R718 et les saumures hautement durables. Configurables pour un faible niveau sonore et une capacit\u00e9 parfaitement adapt\u00e9e aux exigences du syst\u00e8me, ils n\u00e9cessitent peu d&rsquo;entretien par rapport aux tours de refroidissement et aux syst\u00e8mes humides. Compar\u00e9s aux tours de refroidissement et aux syst\u00e8mes humides, nos a\u00e9ror\u00e9frig\u00e9rants en V n\u00e9cessitent peu d&rsquo;entretien et sont tr\u00e8s efficaces pour pr\u00e9venir la contamination par les l\u00e9gionelles. Leur forme en V est id\u00e9ale pour les installations isol\u00e9es o\u00f9 l&rsquo;encombrement est limit\u00e9.<\/p>\n<\/div>\n<\/div>\n","protected":false},"featured_media":32457,"template":"","meta":[],"product_brand":[],"product_cat":[682,1612],"product_tag":[],"class_list":{"0":"post-32474","1":"product","2":"type-product","3":"status-publish","4":"has-post-thumbnail","6":"product_cat-climatiseurs-fr-industriels","7":"product_cat-refroidisseur-sec","9":"first","10":"instock","11":"shipping-taxable","12":"product-type-simple"},"yoast_head":"<!-- This site is optimized with the Yoast SEO plugin v27.1.1 - https:\/\/yoast.com\/product\/yoast-seo-wordpress\/ -->\n<title>A\u00e9ror\u00e9frig\u00e9rants en V DV\/DX\/KDV\u00a0: A\u00e9ror\u00e9frig\u00e9rants en V avec ventilateurs axiaux pour utilisation en ext\u00e9rieur - Climate Master<\/title>\n<meta name=\"robots\" content=\"index, follow, max-snippet:-1, max-image-preview:large, max-video-preview:-1\" \/>\n<link rel=\"canonical\" href=\"https:\/\/climatemaster.ge\/fr\/produit\/v-shaped-dry-cooler-dv-dx-kdv-v-shaped-dry-coolers-with-axial-fans-for-outdoor-use\/\" \/>\n<meta property=\"og:locale\" content=\"fr_FR\" \/>\n<meta property=\"og:type\" content=\"article\" \/>\n<meta property=\"og:title\" content=\"A\u00e9ror\u00e9frig\u00e9rants en V DV\/DX\/KDV\u00a0: A\u00e9ror\u00e9frig\u00e9rants en V avec ventilateurs axiaux pour utilisation en ext\u00e9rieur - Climate Master\" \/>\n<meta property=\"og:description\" content=\"KDV J10 Puissance frigorifique de 90 kW \u00e0 1\u00a0200 kW  Les a\u00e9ror\u00e9frig\u00e9rants en V de ROEN EST avec ventilateurs axiaux sont adapt\u00e9s aux applications ext\u00e9rieures et utilisent le fluide frigorig\u00e8ne R718 et les saumures hautement durables. Configurables pour un faible niveau sonore et une capacit\u00e9 parfaitement adapt\u00e9e aux exigences du syst\u00e8me, ils n\u00e9cessitent peu d&#039;entretien par rapport aux tours de refroidissement et aux syst\u00e8mes humides. Compar\u00e9s aux tours de refroidissement et aux syst\u00e8mes humides, nos a\u00e9ror\u00e9frig\u00e9rants en V n\u00e9cessitent peu d&#039;entretien et sont tr\u00e8s efficaces pour pr\u00e9venir la contamination par les l\u00e9gionelles. Leur forme en V est id\u00e9ale pour les installations isol\u00e9es o\u00f9 l&#039;encombrement est limit\u00e9.\" \/>\n<meta property=\"og:url\" content=\"https:\/\/climatemaster.ge\/fr\/produit\/v-shaped-dry-cooler-dv-dx-kdv-v-shaped-dry-coolers-with-axial-fans-for-outdoor-use\/\" \/>\n<meta property=\"og:site_name\" content=\"Climate Master\" \/>\n<meta property=\"article:modified_time\" content=\"2025-05-23T16:19:26+00:00\" \/>\n<meta property=\"og:image\" content=\"https:\/\/climatemaster.ge\/wp-content\/uploads\/2025\/05\/New-V-shape.979.jpg\" \/>\n\t<meta property=\"og:image:width\" content=\"1601\" \/>\n\t<meta property=\"og:image:height\" content=\"1145\" \/>\n\t<meta property=\"og:image:type\" content=\"image\/jpeg\" \/>\n<meta name=\"twitter:card\" content=\"summary_large_image\" \/>\n<meta name=\"twitter:label1\" content=\"Dur\u00e9e de lecture estim\u00e9e\" \/>\n\t<meta name=\"twitter:data1\" content=\"1 minute\" \/>\n<script type=\"application\/ld+json\" class=\"yoast-schema-graph\">{\"@context\":\"https:\/\/schema.org\",\"@graph\":[{\"@type\":\"WebPage\",\"@id\":\"https:\/\/climatemaster.ge\/fr\/produit\/v-shaped-dry-cooler-dv-dx-kdv-v-shaped-dry-coolers-with-axial-fans-for-outdoor-use\/\",\"url\":\"https:\/\/climatemaster.ge\/fr\/produit\/v-shaped-dry-cooler-dv-dx-kdv-v-shaped-dry-coolers-with-axial-fans-for-outdoor-use\/\",\"name\":\"A\u00e9ror\u00e9frig\u00e9rants en V DV\/DX\/KDV\u00a0: A\u00e9ror\u00e9frig\u00e9rants en V avec ventilateurs axiaux pour utilisation en ext\u00e9rieur - Climate Master\",\"isPartOf\":{\"@id\":\"https:\/\/climatemaster.ge\/#website\"},\"primaryImageOfPage\":{\"@id\":\"https:\/\/climatemaster.ge\/fr\/produit\/v-shaped-dry-cooler-dv-dx-kdv-v-shaped-dry-coolers-with-axial-fans-for-outdoor-use\/#primaryimage\"},\"image\":{\"@id\":\"https:\/\/climatemaster.ge\/fr\/produit\/v-shaped-dry-cooler-dv-dx-kdv-v-shaped-dry-coolers-with-axial-fans-for-outdoor-use\/#primaryimage\"},\"thumbnailUrl\":\"https:\/\/climatemaster.ge\/wp-content\/uploads\/2025\/05\/New-V-shape.979.jpg\",\"datePublished\":\"2025-05-23T16:15:36+00:00\",\"dateModified\":\"2025-05-23T16:19:26+00:00\",\"breadcrumb\":{\"@id\":\"https:\/\/climatemaster.ge\/fr\/produit\/v-shaped-dry-cooler-dv-dx-kdv-v-shaped-dry-coolers-with-axial-fans-for-outdoor-use\/#breadcrumb\"},\"inLanguage\":\"fr-FR\",\"potentialAction\":[{\"@type\":\"ReadAction\",\"target\":[\"https:\/\/climatemaster.ge\/fr\/produit\/v-shaped-dry-cooler-dv-dx-kdv-v-shaped-dry-coolers-with-axial-fans-for-outdoor-use\/\"]}]},{\"@type\":\"ImageObject\",\"inLanguage\":\"fr-FR\",\"@id\":\"https:\/\/climatemaster.ge\/fr\/produit\/v-shaped-dry-cooler-dv-dx-kdv-v-shaped-dry-coolers-with-axial-fans-for-outdoor-use\/#primaryimage\",\"url\":\"https:\/\/climatemaster.ge\/wp-content\/uploads\/2025\/05\/New-V-shape.979.jpg\",\"contentUrl\":\"https:\/\/climatemaster.ge\/wp-content\/uploads\/2025\/05\/New-V-shape.979.jpg\",\"width\":1601,\"height\":1145},{\"@type\":\"BreadcrumbList\",\"@id\":\"https:\/\/climatemaster.ge\/fr\/produit\/v-shaped-dry-cooler-dv-dx-kdv-v-shaped-dry-coolers-with-axial-fans-for-outdoor-use\/#breadcrumb\",\"itemListElement\":[{\"@type\":\"ListItem\",\"position\":1,\"name\":\"Home\",\"item\":\"https:\/\/climatemaster.ge\/\"},{\"@type\":\"ListItem\",\"position\":2,\"name\":\"Products\",\"item\":\"https:\/\/climatemaster.ge\/products\/\"},{\"@type\":\"ListItem\",\"position\":3,\"name\":\"A\u00e9ror\u00e9frig\u00e9rants en V DV\/DX\/KDV\u00a0: A\u00e9ror\u00e9frig\u00e9rants en V avec ventilateurs axiaux pour utilisation en ext\u00e9rieur\"}]},{\"@type\":\"WebSite\",\"@id\":\"https:\/\/climatemaster.ge\/#website\",\"url\":\"https:\/\/climatemaster.ge\/\",\"name\":\"Climate Master\",\"description\":\"\",\"publisher\":{\"@id\":\"https:\/\/climatemaster.ge\/#organization\"},\"potentialAction\":[{\"@type\":\"SearchAction\",\"target\":{\"@type\":\"EntryPoint\",\"urlTemplate\":\"https:\/\/climatemaster.ge\/?s={search_term_string}\"},\"query-input\":{\"@type\":\"PropertyValueSpecification\",\"valueRequired\":true,\"valueName\":\"search_term_string\"}}],\"inLanguage\":\"fr-FR\"},{\"@type\":\"Organization\",\"@id\":\"https:\/\/climatemaster.ge\/#organization\",\"name\":\"Climate Master\",\"url\":\"https:\/\/climatemaster.ge\/\",\"logo\":{\"@type\":\"ImageObject\",\"inLanguage\":\"fr-FR\",\"@id\":\"https:\/\/climatemaster.ge\/#\/schema\/logo\/image\/\",\"url\":\"https:\/\/climatemaster.ge\/wp-content\/uploads\/2026\/03\/Untitled-2.png\",\"contentUrl\":\"https:\/\/climatemaster.ge\/wp-content\/uploads\/2026\/03\/Untitled-2.png\",\"width\":600,\"height\":338,\"caption\":\"Climate Master\"},\"image\":{\"@id\":\"https:\/\/climatemaster.ge\/#\/schema\/logo\/image\/\"}}]}<\/script>\n<!-- \/ Yoast SEO plugin. -->","yoast_head_json":{"title":"A\u00e9ror\u00e9frig\u00e9rants en V DV\/DX\/KDV\u00a0: A\u00e9ror\u00e9frig\u00e9rants en V avec ventilateurs axiaux pour utilisation en ext\u00e9rieur - Climate Master","robots":{"index":"index","follow":"follow","max-snippet":"max-snippet:-1","max-image-preview":"max-image-preview:large","max-video-preview":"max-video-preview:-1"},"canonical":"https:\/\/climatemaster.ge\/fr\/produit\/v-shaped-dry-cooler-dv-dx-kdv-v-shaped-dry-coolers-with-axial-fans-for-outdoor-use\/","og_locale":"fr_FR","og_type":"article","og_title":"A\u00e9ror\u00e9frig\u00e9rants en V DV\/DX\/KDV\u00a0: A\u00e9ror\u00e9frig\u00e9rants en V avec ventilateurs axiaux pour utilisation en ext\u00e9rieur - Climate Master","og_description":"KDV J10 Puissance frigorifique de 90 kW \u00e0 1\u00a0200 kW  Les a\u00e9ror\u00e9frig\u00e9rants en V de ROEN EST avec ventilateurs axiaux sont adapt\u00e9s aux applications ext\u00e9rieures et utilisent le fluide frigorig\u00e8ne R718 et les saumures hautement durables. Configurables pour un faible niveau sonore et une capacit\u00e9 parfaitement adapt\u00e9e aux exigences du syst\u00e8me, ils n\u00e9cessitent peu d'entretien par rapport aux tours de refroidissement et aux syst\u00e8mes humides. Compar\u00e9s aux tours de refroidissement et aux syst\u00e8mes humides, nos a\u00e9ror\u00e9frig\u00e9rants en V n\u00e9cessitent peu d'entretien et sont tr\u00e8s efficaces pour pr\u00e9venir la contamination par les l\u00e9gionelles. Leur forme en V est id\u00e9ale pour les installations isol\u00e9es o\u00f9 l'encombrement est limit\u00e9.","og_url":"https:\/\/climatemaster.ge\/fr\/produit\/v-shaped-dry-cooler-dv-dx-kdv-v-shaped-dry-coolers-with-axial-fans-for-outdoor-use\/","og_site_name":"Climate Master","article_modified_time":"2025-05-23T16:19:26+00:00","og_image":[{"width":1601,"height":1145,"url":"https:\/\/climatemaster.ge\/wp-content\/uploads\/2025\/05\/New-V-shape.979.jpg","type":"image\/jpeg"}],"twitter_card":"summary_large_image","twitter_misc":{"Dur\u00e9e de lecture estim\u00e9e":"1 minute"},"schema":{"@context":"https:\/\/schema.org","@graph":[{"@type":"WebPage","@id":"https:\/\/climatemaster.ge\/fr\/produit\/v-shaped-dry-cooler-dv-dx-kdv-v-shaped-dry-coolers-with-axial-fans-for-outdoor-use\/","url":"https:\/\/climatemaster.ge\/fr\/produit\/v-shaped-dry-cooler-dv-dx-kdv-v-shaped-dry-coolers-with-axial-fans-for-outdoor-use\/","name":"A\u00e9ror\u00e9frig\u00e9rants en V DV\/DX\/KDV\u00a0: A\u00e9ror\u00e9frig\u00e9rants en V avec ventilateurs axiaux pour utilisation en ext\u00e9rieur - Climate Master","isPartOf":{"@id":"https:\/\/climatemaster.ge\/#website"},"primaryImageOfPage":{"@id":"https:\/\/climatemaster.ge\/fr\/produit\/v-shaped-dry-cooler-dv-dx-kdv-v-shaped-dry-coolers-with-axial-fans-for-outdoor-use\/#primaryimage"},"image":{"@id":"https:\/\/climatemaster.ge\/fr\/produit\/v-shaped-dry-cooler-dv-dx-kdv-v-shaped-dry-coolers-with-axial-fans-for-outdoor-use\/#primaryimage"},"thumbnailUrl":"https:\/\/climatemaster.ge\/wp-content\/uploads\/2025\/05\/New-V-shape.979.jpg","datePublished":"2025-05-23T16:15:36+00:00","dateModified":"2025-05-23T16:19:26+00:00","breadcrumb":{"@id":"https:\/\/climatemaster.ge\/fr\/produit\/v-shaped-dry-cooler-dv-dx-kdv-v-shaped-dry-coolers-with-axial-fans-for-outdoor-use\/#breadcrumb"},"inLanguage":"fr-FR","potentialAction":[{"@type":"ReadAction","target":["https:\/\/climatemaster.ge\/fr\/produit\/v-shaped-dry-cooler-dv-dx-kdv-v-shaped-dry-coolers-with-axial-fans-for-outdoor-use\/"]}]},{"@type":"ImageObject","inLanguage":"fr-FR","@id":"https:\/\/climatemaster.ge\/fr\/produit\/v-shaped-dry-cooler-dv-dx-kdv-v-shaped-dry-coolers-with-axial-fans-for-outdoor-use\/#primaryimage","url":"https:\/\/climatemaster.ge\/wp-content\/uploads\/2025\/05\/New-V-shape.979.jpg","contentUrl":"https:\/\/climatemaster.ge\/wp-content\/uploads\/2025\/05\/New-V-shape.979.jpg","width":1601,"height":1145},{"@type":"BreadcrumbList","@id":"https:\/\/climatemaster.ge\/fr\/produit\/v-shaped-dry-cooler-dv-dx-kdv-v-shaped-dry-coolers-with-axial-fans-for-outdoor-use\/#breadcrumb","itemListElement":[{"@type":"ListItem","position":1,"name":"Home","item":"https:\/\/climatemaster.ge\/"},{"@type":"ListItem","position":2,"name":"Products","item":"https:\/\/climatemaster.ge\/products\/"},{"@type":"ListItem","position":3,"name":"A\u00e9ror\u00e9frig\u00e9rants en V DV\/DX\/KDV\u00a0: A\u00e9ror\u00e9frig\u00e9rants en V avec ventilateurs axiaux pour utilisation en ext\u00e9rieur"}]},{"@type":"WebSite","@id":"https:\/\/climatemaster.ge\/#website","url":"https:\/\/climatemaster.ge\/","name":"Climate Master","description":"","publisher":{"@id":"https:\/\/climatemaster.ge\/#organization"},"potentialAction":[{"@type":"SearchAction","target":{"@type":"EntryPoint","urlTemplate":"https:\/\/climatemaster.ge\/?s={search_term_string}"},"query-input":{"@type":"PropertyValueSpecification","valueRequired":true,"valueName":"search_term_string"}}],"inLanguage":"fr-FR"},{"@type":"Organization","@id":"https:\/\/climatemaster.ge\/#organization","name":"Climate Master","url":"https:\/\/climatemaster.ge\/","logo":{"@type":"ImageObject","inLanguage":"fr-FR","@id":"https:\/\/climatemaster.ge\/#\/schema\/logo\/image\/","url":"https:\/\/climatemaster.ge\/wp-content\/uploads\/2026\/03\/Untitled-2.png","contentUrl":"https:\/\/climatemaster.ge\/wp-content\/uploads\/2026\/03\/Untitled-2.png","width":600,"height":338,"caption":"Climate Master"},"image":{"@id":"https:\/\/climatemaster.ge\/#\/schema\/logo\/image\/"}}]}},"_links":{"self":[{"href":"https:\/\/climatemaster.ge\/fr\/wp-json\/wp\/v2\/product\/32474","targetHints":{"allow":["GET"]}}],"collection":[{"href":"https:\/\/climatemaster.ge\/fr\/wp-json\/wp\/v2\/product"}],"about":[{"href":"https:\/\/climatemaster.ge\/fr\/wp-json\/wp\/v2\/types\/product"}],"wp:featuredmedia":[{"embeddable":true,"href":"https:\/\/climatemaster.ge\/fr\/wp-json\/wp\/v2\/media\/32457"}],"wp:attachment":[{"href":"https:\/\/climatemaster.ge\/fr\/wp-json\/wp\/v2\/media?parent=32474"}],"wp:term":[{"taxonomy":"product_brand","embeddable":true,"href":"https:\/\/climatemaster.ge\/fr\/wp-json\/wp\/v2\/product_brand?post=32474"},{"taxonomy":"product_cat","embeddable":true,"href":"https:\/\/climatemaster.ge\/fr\/wp-json\/wp\/v2\/product_cat?post=32474"},{"taxonomy":"product_tag","embeddable":true,"href":"https:\/\/climatemaster.ge\/fr\/wp-json\/wp\/v2\/product_tag?post=32474"}],"curies":[{"name":"wp","href":"https:\/\/api.w.org\/{rel}","templated":true}]}}