{"id":32251,"date":"2025-05-21T11:19:49","date_gmt":"2025-05-21T07:19:49","guid":{"rendered":"https:\/\/airsystems.ge\/shop\/product\/obstacle-light-lanthan-hf102\/"},"modified":"2025-05-21T11:23:15","modified_gmt":"2025-05-21T07:23:15","slug":"obstacle-light-lanthan-hf102","status":"publish","type":"product","link":"https:\/\/climatemaster.ge\/fr\/produit\/obstacle-light-lanthan-hf102\/","title":{"rendered":"Balise d&rsquo;obstacle Lanthan HF102"},"content":{"rendered":"<ul>\n<li>Vendu uniquement avec les syst\u00e8mes de mesure complets<br \/>\nIntensit\u00e9 lumineuse\u00a0: 10\u00a0candelas, couleur\u00a0: rouge<br \/>\nConsommation\u00a0: &lt;\u00a01,7\u00a0W<br \/>\nFaible consommation, id\u00e9al pour les syst\u00e8mes autonomes<br \/>\nMat\u00e9riaux\u00a0: Aluminium EN AW 6082 \/ PMMA<br \/>\nSans entretien gr\u00e2ce \u00e0 la technologie LED \u00e0 s\u00e9curit\u00e9 int\u00e9gr\u00e9e<br \/>\nAutonomie\u00a0: &gt;\u00a050\u00a0000\u00a0heures<br \/>\nTension de fonctionnement \u00e9tendue (10&#8230;50\u00a0VDC)<\/li>\n<\/ul>\n<table border=\"1\" width=\"594\" cellspacing=\"1\" cellpadding=\"1\">\n<thead>\n<tr>\n<th scope=\"col\">Characteristic<\/th>\n<th scope=\"col\">Description \/ Value<\/th>\n<\/tr>\n<\/thead>\n<tbody>\n<tr>\n<td>Intensity of light<\/td>\n<td>&gt;10 cd red, 360\u00b0 horizontal<br \/>\naccording to ICAO Annex 14, Low intensity, Type A<\/td>\n<\/tr>\n<tr>\n<td>Lifespan<\/td>\n<td>&gt;50,000h<\/td>\n<\/tr>\n<tr>\n<td>Supply voltage<\/td>\n<td>10 &#8230; 50V<\/td>\n<\/tr>\n<tr>\n<td>Nominal power<\/td>\n<td>&lt; 1.7W (12V\/140mA; 24V\/70mA)<\/td>\n<\/tr>\n<tr>\n<td>Surge protection<\/td>\n<td>integrated<\/td>\n<\/tr>\n<tr>\n<td>Failure detection<\/td>\n<td>integrated (failure indication after 50,000h)<\/td>\n<\/tr>\n<tr>\n<td colspan=\"1\" rowspan=\"2\">Fail-safe level<\/td>\n<td>Light o.k.: 1.5V below supply voltage (open circuit)<\/td>\n<\/tr>\n<tr>\n<td>Light failure: 0V<\/td>\n<\/tr>\n<tr>\n<td>Temperature range<\/td>\n<td>-40 &#8230; +55\u00b0C<\/td>\n<\/tr>\n<tr>\n<td>Protection class<\/td>\n<td>IP 67, with venting element<\/td>\n<\/tr>\n<tr>\n<td>Housing<\/td>\n<td>Aluminium,\u00a0 seawater-resistant<br \/>\nPMMA, UV-resistant<\/td>\n<\/tr>\n<tr>\n<td>Dimensions<\/td>\n<td>ca. 64 x 80 mm (body without plug)<\/td>\n<\/tr>\n<tr>\n<td>Weight<\/td>\n<td>300g (0.66 lbs)<\/td>\n<\/tr>\n<tr>\n<td>Manufacturer<\/td>\n<td>Lanthan<\/td>\n<\/tr>\n<\/tbody>\n<\/table>\n","protected":false},"excerpt":{"rendered":"<h3>R\u00e9f\u00e9rence<\/h3>\n<p>M92100<\/p>\n","protected":false},"featured_media":32240,"template":"","meta":[],"product_brand":[],"product_cat":[1542,1335,1600],"product_tag":[],"class_list":{"0":"post-32251","1":"product","2":"type-product","3":"status-publish","4":"has-post-thumbnail","6":"product_cat-accessoires-pour-enregistreurs-de-donnees","7":"product_cat-energies-renouvelables-mesure-de-lenergie-eolienne-et-solaire-fr","8":"product_cat-feux-dobstacles","10":"first","11":"instock","12":"shipping-taxable","13":"product-type-simple"},"yoast_head":"<!-- This site is optimized with the Yoast SEO plugin v27.1.1 - https:\/\/yoast.com\/product\/yoast-seo-wordpress\/ -->\n<title>Balise d&#039;obstacle Lanthan HF102 - Climate Master<\/title>\n<meta name=\"robots\" content=\"index, follow, max-snippet:-1, max-image-preview:large, max-video-preview:-1\" \/>\n<link rel=\"canonical\" href=\"https:\/\/climatemaster.ge\/fr\/produit\/obstacle-light-lanthan-hf102\/\" \/>\n<meta property=\"og:locale\" content=\"fr_FR\" \/>\n<meta property=\"og:type\" content=\"article\" \/>\n<meta property=\"og:title\" content=\"Balise d&#039;obstacle Lanthan HF102 - Climate Master\" \/>\n<meta property=\"og:description\" content=\"R\u00e9f\u00e9rence M92100\" \/>\n<meta property=\"og:url\" content=\"https:\/\/climatemaster.ge\/fr\/produit\/obstacle-light-lanthan-hf102\/\" \/>\n<meta property=\"og:site_name\" content=\"Climate Master\" \/>\n<meta property=\"article:modified_time\" content=\"2025-05-21T07:23:15+00:00\" \/>\n<meta property=\"og:image\" content=\"https:\/\/climatemaster.ge\/wp-content\/uploads\/2025\/05\/obstaclelight_lanthanhf102.jpg__490x490_q85_crop_subsampling-2_upscale.jpg\" \/>\n\t<meta property=\"og:image:width\" content=\"490\" \/>\n\t<meta property=\"og:image:height\" content=\"490\" \/>\n\t<meta property=\"og:image:type\" content=\"image\/jpeg\" \/>\n<meta name=\"twitter:card\" content=\"summary_large_image\" \/>\n<meta name=\"twitter:label1\" content=\"Dur\u00e9e de lecture estim\u00e9e\" \/>\n\t<meta name=\"twitter:data1\" content=\"1 minute\" \/>\n<script type=\"application\/ld+json\" class=\"yoast-schema-graph\">{\"@context\":\"https:\/\/schema.org\",\"@graph\":[{\"@type\":\"WebPage\",\"@id\":\"https:\/\/climatemaster.ge\/fr\/produit\/obstacle-light-lanthan-hf102\/\",\"url\":\"https:\/\/climatemaster.ge\/fr\/produit\/obstacle-light-lanthan-hf102\/\",\"name\":\"Balise d'obstacle Lanthan HF102 - Climate Master\",\"isPartOf\":{\"@id\":\"https:\/\/climatemaster.ge\/#website\"},\"primaryImageOfPage\":{\"@id\":\"https:\/\/climatemaster.ge\/fr\/produit\/obstacle-light-lanthan-hf102\/#primaryimage\"},\"image\":{\"@id\":\"https:\/\/climatemaster.ge\/fr\/produit\/obstacle-light-lanthan-hf102\/#primaryimage\"},\"thumbnailUrl\":\"https:\/\/climatemaster.ge\/wp-content\/uploads\/2025\/05\/obstaclelight_lanthanhf102.jpg__490x490_q85_crop_subsampling-2_upscale.jpg\",\"datePublished\":\"2025-05-21T07:19:49+00:00\",\"dateModified\":\"2025-05-21T07:23:15+00:00\",\"breadcrumb\":{\"@id\":\"https:\/\/climatemaster.ge\/fr\/produit\/obstacle-light-lanthan-hf102\/#breadcrumb\"},\"inLanguage\":\"fr-FR\",\"potentialAction\":[{\"@type\":\"ReadAction\",\"target\":[\"https:\/\/climatemaster.ge\/fr\/produit\/obstacle-light-lanthan-hf102\/\"]}]},{\"@type\":\"ImageObject\",\"inLanguage\":\"fr-FR\",\"@id\":\"https:\/\/climatemaster.ge\/fr\/produit\/obstacle-light-lanthan-hf102\/#primaryimage\",\"url\":\"https:\/\/climatemaster.ge\/wp-content\/uploads\/2025\/05\/obstaclelight_lanthanhf102.jpg__490x490_q85_crop_subsampling-2_upscale.jpg\",\"contentUrl\":\"https:\/\/climatemaster.ge\/wp-content\/uploads\/2025\/05\/obstaclelight_lanthanhf102.jpg__490x490_q85_crop_subsampling-2_upscale.jpg\",\"width\":490,\"height\":490},{\"@type\":\"BreadcrumbList\",\"@id\":\"https:\/\/climatemaster.ge\/fr\/produit\/obstacle-light-lanthan-hf102\/#breadcrumb\",\"itemListElement\":[{\"@type\":\"ListItem\",\"position\":1,\"name\":\"Home\",\"item\":\"https:\/\/climatemaster.ge\/\"},{\"@type\":\"ListItem\",\"position\":2,\"name\":\"Products\",\"item\":\"https:\/\/climatemaster.ge\/products\/\"},{\"@type\":\"ListItem\",\"position\":3,\"name\":\"Balise d&rsquo;obstacle Lanthan HF102\"}]},{\"@type\":\"WebSite\",\"@id\":\"https:\/\/climatemaster.ge\/#website\",\"url\":\"https:\/\/climatemaster.ge\/\",\"name\":\"Climate Master\",\"description\":\"\",\"publisher\":{\"@id\":\"https:\/\/climatemaster.ge\/#organization\"},\"potentialAction\":[{\"@type\":\"SearchAction\",\"target\":{\"@type\":\"EntryPoint\",\"urlTemplate\":\"https:\/\/climatemaster.ge\/?s={search_term_string}\"},\"query-input\":{\"@type\":\"PropertyValueSpecification\",\"valueRequired\":true,\"valueName\":\"search_term_string\"}}],\"inLanguage\":\"fr-FR\"},{\"@type\":\"Organization\",\"@id\":\"https:\/\/climatemaster.ge\/#organization\",\"name\":\"Climate Master\",\"url\":\"https:\/\/climatemaster.ge\/\",\"logo\":{\"@type\":\"ImageObject\",\"inLanguage\":\"fr-FR\",\"@id\":\"https:\/\/climatemaster.ge\/#\/schema\/logo\/image\/\",\"url\":\"https:\/\/climatemaster.ge\/wp-content\/uploads\/2026\/03\/Untitled-2.png\",\"contentUrl\":\"https:\/\/climatemaster.ge\/wp-content\/uploads\/2026\/03\/Untitled-2.png\",\"width\":600,\"height\":338,\"caption\":\"Climate Master\"},\"image\":{\"@id\":\"https:\/\/climatemaster.ge\/#\/schema\/logo\/image\/\"}}]}<\/script>\n<!-- \/ Yoast SEO plugin. -->","yoast_head_json":{"title":"Balise d'obstacle Lanthan HF102 - Climate Master","robots":{"index":"index","follow":"follow","max-snippet":"max-snippet:-1","max-image-preview":"max-image-preview:large","max-video-preview":"max-video-preview:-1"},"canonical":"https:\/\/climatemaster.ge\/fr\/produit\/obstacle-light-lanthan-hf102\/","og_locale":"fr_FR","og_type":"article","og_title":"Balise d'obstacle Lanthan HF102 - Climate Master","og_description":"R\u00e9f\u00e9rence M92100","og_url":"https:\/\/climatemaster.ge\/fr\/produit\/obstacle-light-lanthan-hf102\/","og_site_name":"Climate Master","article_modified_time":"2025-05-21T07:23:15+00:00","og_image":[{"width":490,"height":490,"url":"https:\/\/climatemaster.ge\/wp-content\/uploads\/2025\/05\/obstaclelight_lanthanhf102.jpg__490x490_q85_crop_subsampling-2_upscale.jpg","type":"image\/jpeg"}],"twitter_card":"summary_large_image","twitter_misc":{"Dur\u00e9e de lecture estim\u00e9e":"1 minute"},"schema":{"@context":"https:\/\/schema.org","@graph":[{"@type":"WebPage","@id":"https:\/\/climatemaster.ge\/fr\/produit\/obstacle-light-lanthan-hf102\/","url":"https:\/\/climatemaster.ge\/fr\/produit\/obstacle-light-lanthan-hf102\/","name":"Balise d'obstacle Lanthan HF102 - Climate Master","isPartOf":{"@id":"https:\/\/climatemaster.ge\/#website"},"primaryImageOfPage":{"@id":"https:\/\/climatemaster.ge\/fr\/produit\/obstacle-light-lanthan-hf102\/#primaryimage"},"image":{"@id":"https:\/\/climatemaster.ge\/fr\/produit\/obstacle-light-lanthan-hf102\/#primaryimage"},"thumbnailUrl":"https:\/\/climatemaster.ge\/wp-content\/uploads\/2025\/05\/obstaclelight_lanthanhf102.jpg__490x490_q85_crop_subsampling-2_upscale.jpg","datePublished":"2025-05-21T07:19:49+00:00","dateModified":"2025-05-21T07:23:15+00:00","breadcrumb":{"@id":"https:\/\/climatemaster.ge\/fr\/produit\/obstacle-light-lanthan-hf102\/#breadcrumb"},"inLanguage":"fr-FR","potentialAction":[{"@type":"ReadAction","target":["https:\/\/climatemaster.ge\/fr\/produit\/obstacle-light-lanthan-hf102\/"]}]},{"@type":"ImageObject","inLanguage":"fr-FR","@id":"https:\/\/climatemaster.ge\/fr\/produit\/obstacle-light-lanthan-hf102\/#primaryimage","url":"https:\/\/climatemaster.ge\/wp-content\/uploads\/2025\/05\/obstaclelight_lanthanhf102.jpg__490x490_q85_crop_subsampling-2_upscale.jpg","contentUrl":"https:\/\/climatemaster.ge\/wp-content\/uploads\/2025\/05\/obstaclelight_lanthanhf102.jpg__490x490_q85_crop_subsampling-2_upscale.jpg","width":490,"height":490},{"@type":"BreadcrumbList","@id":"https:\/\/climatemaster.ge\/fr\/produit\/obstacle-light-lanthan-hf102\/#breadcrumb","itemListElement":[{"@type":"ListItem","position":1,"name":"Home","item":"https:\/\/climatemaster.ge\/"},{"@type":"ListItem","position":2,"name":"Products","item":"https:\/\/climatemaster.ge\/products\/"},{"@type":"ListItem","position":3,"name":"Balise d&rsquo;obstacle Lanthan HF102"}]},{"@type":"WebSite","@id":"https:\/\/climatemaster.ge\/#website","url":"https:\/\/climatemaster.ge\/","name":"Climate Master","description":"","publisher":{"@id":"https:\/\/climatemaster.ge\/#organization"},"potentialAction":[{"@type":"SearchAction","target":{"@type":"EntryPoint","urlTemplate":"https:\/\/climatemaster.ge\/?s={search_term_string}"},"query-input":{"@type":"PropertyValueSpecification","valueRequired":true,"valueName":"search_term_string"}}],"inLanguage":"fr-FR"},{"@type":"Organization","@id":"https:\/\/climatemaster.ge\/#organization","name":"Climate Master","url":"https:\/\/climatemaster.ge\/","logo":{"@type":"ImageObject","inLanguage":"fr-FR","@id":"https:\/\/climatemaster.ge\/#\/schema\/logo\/image\/","url":"https:\/\/climatemaster.ge\/wp-content\/uploads\/2026\/03\/Untitled-2.png","contentUrl":"https:\/\/climatemaster.ge\/wp-content\/uploads\/2026\/03\/Untitled-2.png","width":600,"height":338,"caption":"Climate Master"},"image":{"@id":"https:\/\/climatemaster.ge\/#\/schema\/logo\/image\/"}}]}},"_links":{"self":[{"href":"https:\/\/climatemaster.ge\/fr\/wp-json\/wp\/v2\/product\/32251","targetHints":{"allow":["GET"]}}],"collection":[{"href":"https:\/\/climatemaster.ge\/fr\/wp-json\/wp\/v2\/product"}],"about":[{"href":"https:\/\/climatemaster.ge\/fr\/wp-json\/wp\/v2\/types\/product"}],"wp:featuredmedia":[{"embeddable":true,"href":"https:\/\/climatemaster.ge\/fr\/wp-json\/wp\/v2\/media\/32240"}],"wp:attachment":[{"href":"https:\/\/climatemaster.ge\/fr\/wp-json\/wp\/v2\/media?parent=32251"}],"wp:term":[{"taxonomy":"product_brand","embeddable":true,"href":"https:\/\/climatemaster.ge\/fr\/wp-json\/wp\/v2\/product_brand?post=32251"},{"taxonomy":"product_cat","embeddable":true,"href":"https:\/\/climatemaster.ge\/fr\/wp-json\/wp\/v2\/product_cat?post=32251"},{"taxonomy":"product_tag","embeddable":true,"href":"https:\/\/climatemaster.ge\/fr\/wp-json\/wp\/v2\/product_tag?post=32251"}],"curies":[{"name":"wp","href":"https:\/\/api.w.org\/{rel}","templated":true}]}}