{"id":32162,"date":"2025-05-21T10:46:56","date_gmt":"2025-05-21T06:46:56","guid":{"rendered":"https:\/\/airsystems.ge\/shop\/product\/overvoltage-protection-module-for-2-datalines\/"},"modified":"2025-05-21T10:50:42","modified_gmt":"2025-05-21T06:50:42","slug":"overvoltage-protection-module-for-2-datalines","status":"publish","type":"product","link":"https:\/\/climatemaster.ge\/fr\/produit\/overvoltage-protection-module-for-2-datalines\/","title":{"rendered":"Module de protection contre les surtensions pour 2 lignes de donn\u00e9es"},"content":{"rendered":"<ul>\n<li>Dispositif de protection contre les surtensions quasi sans courant de fuite pour 2 lignes de donn\u00e9es ou de signaux, r\u00e9seaux de bus 2 fils<br \/>\nProtection primaire par GDT robuste de 20 kA (8\/20 \u03bcs)<br \/>\nProtection fine par diodes de suppression ultra-rapides<br \/>\nFiltre passe-bas contre les harmoniques haute fr\u00e9quence<br \/>\nProtection contre les surtensions transversales et longitudinales<br \/>\nBo\u00eetier rigide et compact en polycarbonate pour montage sur rail DIN ou direct<br \/>\nBornes \u00e0 vis universelles robustes et r\u00e9sistantes \u00e0 la corrosion<\/li>\n<\/ul>\n<table border=\"1\" width=\"594\" cellspacing=\"1\" cellpadding=\"1\">\n<thead>\n<tr>\n<th scope=\"col\">Characteristic<\/th>\n<th scope=\"col\">Description \/ Value<\/th>\n<\/tr>\n<\/thead>\n<tbody>\n<tr>\n<td>Nominal operating voltage<\/td>\n<td>UN = 24 V DC<\/td>\n<\/tr>\n<tr>\n<td>Max. continuous operating voltage<\/td>\n<td>Umax = 28 V DC<\/td>\n<\/tr>\n<tr>\n<td>Max. continuous operating current<\/td>\n<td>Imax = 500mA<\/td>\n<\/tr>\n<tr>\n<td>Protection level line-ground at 1kV\/\u00b5s and In<\/td>\n<td>URes \u2264 36 V<\/td>\n<\/tr>\n<tr>\n<td>C2 nominal impulse discharge current (10x at wave form 8\/20 \u00b5s)<\/td>\n<td>In = 20 kA<\/td>\n<\/tr>\n<tr>\n<td>Operating temperature range<\/td>\n<td>-25 &#8230; +85 \u00b0C<\/td>\n<\/tr>\n<tr>\n<td>Protection degree acc. to IEC EN 60529<\/td>\n<td>IP 20<\/td>\n<\/tr>\n<tr>\n<td>Manufacturer<\/td>\n<td>Leutron<\/td>\n<\/tr>\n<\/tbody>\n<\/table>\n","protected":false},"excerpt":{"rendered":"<h3>R\u00e9f\u00e9rence<\/h3>\n<p>M81110<\/p>\n","protected":false},"featured_media":32151,"template":"","meta":[],"product_brand":[],"product_cat":[1542,1335,1594],"product_tag":[],"class_list":{"0":"post-32162","1":"product","2":"type-product","3":"status-publish","4":"has-post-thumbnail","6":"product_cat-accessoires-pour-enregistreurs-de-donnees","7":"product_cat-energies-renouvelables-mesure-de-lenergie-eolienne-et-solaire-fr","8":"product_cat-modules-de-protection-contre-les-surtensions","10":"first","11":"instock","12":"shipping-taxable","13":"product-type-simple"},"yoast_head":"<!-- This site is optimized with the Yoast SEO plugin v27.1.1 - https:\/\/yoast.com\/product\/yoast-seo-wordpress\/ -->\n<title>Module de protection contre les surtensions pour 2 lignes de donn\u00e9es - Climate Master<\/title>\n<meta name=\"robots\" content=\"index, follow, max-snippet:-1, max-image-preview:large, max-video-preview:-1\" \/>\n<link rel=\"canonical\" href=\"https:\/\/climatemaster.ge\/fr\/produit\/overvoltage-protection-module-for-2-datalines\/\" \/>\n<meta property=\"og:locale\" content=\"fr_FR\" \/>\n<meta property=\"og:type\" content=\"article\" \/>\n<meta property=\"og:title\" content=\"Module de protection contre les surtensions pour 2 lignes de donn\u00e9es - Climate Master\" \/>\n<meta property=\"og:description\" content=\"R\u00e9f\u00e9rence M81110\" \/>\n<meta property=\"og:url\" content=\"https:\/\/climatemaster.ge\/fr\/produit\/overvoltage-protection-module-for-2-datalines\/\" \/>\n<meta property=\"og:site_name\" content=\"Climate Master\" \/>\n<meta property=\"article:modified_time\" content=\"2025-05-21T06:50:42+00:00\" \/>\n<meta property=\"og:image\" content=\"https:\/\/climatemaster.ge\/wp-content\/uploads\/2025\/05\/ovp-leutron-datapro-2x1-24v.png__490x490_q85_crop_subsampling-2_upscale.png\" \/>\n\t<meta property=\"og:image:width\" content=\"490\" \/>\n\t<meta property=\"og:image:height\" content=\"490\" \/>\n\t<meta property=\"og:image:type\" content=\"image\/png\" \/>\n<meta name=\"twitter:card\" content=\"summary_large_image\" \/>\n<meta name=\"twitter:label1\" content=\"Dur\u00e9e de lecture estim\u00e9e\" \/>\n\t<meta name=\"twitter:data1\" content=\"1 minute\" \/>\n<script type=\"application\/ld+json\" class=\"yoast-schema-graph\">{\"@context\":\"https:\/\/schema.org\",\"@graph\":[{\"@type\":\"WebPage\",\"@id\":\"https:\/\/climatemaster.ge\/fr\/produit\/overvoltage-protection-module-for-2-datalines\/\",\"url\":\"https:\/\/climatemaster.ge\/fr\/produit\/overvoltage-protection-module-for-2-datalines\/\",\"name\":\"Module de protection contre les surtensions pour 2 lignes de donn\u00e9es - Climate Master\",\"isPartOf\":{\"@id\":\"https:\/\/climatemaster.ge\/#website\"},\"primaryImageOfPage\":{\"@id\":\"https:\/\/climatemaster.ge\/fr\/produit\/overvoltage-protection-module-for-2-datalines\/#primaryimage\"},\"image\":{\"@id\":\"https:\/\/climatemaster.ge\/fr\/produit\/overvoltage-protection-module-for-2-datalines\/#primaryimage\"},\"thumbnailUrl\":\"https:\/\/climatemaster.ge\/wp-content\/uploads\/2025\/05\/ovp-leutron-datapro-2x1-24v.png__490x490_q85_crop_subsampling-2_upscale.png\",\"datePublished\":\"2025-05-21T06:46:56+00:00\",\"dateModified\":\"2025-05-21T06:50:42+00:00\",\"breadcrumb\":{\"@id\":\"https:\/\/climatemaster.ge\/fr\/produit\/overvoltage-protection-module-for-2-datalines\/#breadcrumb\"},\"inLanguage\":\"fr-FR\",\"potentialAction\":[{\"@type\":\"ReadAction\",\"target\":[\"https:\/\/climatemaster.ge\/fr\/produit\/overvoltage-protection-module-for-2-datalines\/\"]}]},{\"@type\":\"ImageObject\",\"inLanguage\":\"fr-FR\",\"@id\":\"https:\/\/climatemaster.ge\/fr\/produit\/overvoltage-protection-module-for-2-datalines\/#primaryimage\",\"url\":\"https:\/\/climatemaster.ge\/wp-content\/uploads\/2025\/05\/ovp-leutron-datapro-2x1-24v.png__490x490_q85_crop_subsampling-2_upscale.png\",\"contentUrl\":\"https:\/\/climatemaster.ge\/wp-content\/uploads\/2025\/05\/ovp-leutron-datapro-2x1-24v.png__490x490_q85_crop_subsampling-2_upscale.png\",\"width\":490,\"height\":490},{\"@type\":\"BreadcrumbList\",\"@id\":\"https:\/\/climatemaster.ge\/fr\/produit\/overvoltage-protection-module-for-2-datalines\/#breadcrumb\",\"itemListElement\":[{\"@type\":\"ListItem\",\"position\":1,\"name\":\"Home\",\"item\":\"https:\/\/climatemaster.ge\/\"},{\"@type\":\"ListItem\",\"position\":2,\"name\":\"Products\",\"item\":\"https:\/\/climatemaster.ge\/products\/\"},{\"@type\":\"ListItem\",\"position\":3,\"name\":\"Module de protection contre les surtensions pour 2 lignes de donn\u00e9es\"}]},{\"@type\":\"WebSite\",\"@id\":\"https:\/\/climatemaster.ge\/#website\",\"url\":\"https:\/\/climatemaster.ge\/\",\"name\":\"Climate Master\",\"description\":\"\",\"publisher\":{\"@id\":\"https:\/\/climatemaster.ge\/#organization\"},\"potentialAction\":[{\"@type\":\"SearchAction\",\"target\":{\"@type\":\"EntryPoint\",\"urlTemplate\":\"https:\/\/climatemaster.ge\/?s={search_term_string}\"},\"query-input\":{\"@type\":\"PropertyValueSpecification\",\"valueRequired\":true,\"valueName\":\"search_term_string\"}}],\"inLanguage\":\"fr-FR\"},{\"@type\":\"Organization\",\"@id\":\"https:\/\/climatemaster.ge\/#organization\",\"name\":\"Climate Master\",\"url\":\"https:\/\/climatemaster.ge\/\",\"logo\":{\"@type\":\"ImageObject\",\"inLanguage\":\"fr-FR\",\"@id\":\"https:\/\/climatemaster.ge\/#\/schema\/logo\/image\/\",\"url\":\"https:\/\/climatemaster.ge\/wp-content\/uploads\/2026\/03\/Untitled-2.png\",\"contentUrl\":\"https:\/\/climatemaster.ge\/wp-content\/uploads\/2026\/03\/Untitled-2.png\",\"width\":600,\"height\":338,\"caption\":\"Climate Master\"},\"image\":{\"@id\":\"https:\/\/climatemaster.ge\/#\/schema\/logo\/image\/\"}}]}<\/script>\n<!-- \/ Yoast SEO plugin. -->","yoast_head_json":{"title":"Module de protection contre les surtensions pour 2 lignes de donn\u00e9es - Climate Master","robots":{"index":"index","follow":"follow","max-snippet":"max-snippet:-1","max-image-preview":"max-image-preview:large","max-video-preview":"max-video-preview:-1"},"canonical":"https:\/\/climatemaster.ge\/fr\/produit\/overvoltage-protection-module-for-2-datalines\/","og_locale":"fr_FR","og_type":"article","og_title":"Module de protection contre les surtensions pour 2 lignes de donn\u00e9es - Climate Master","og_description":"R\u00e9f\u00e9rence M81110","og_url":"https:\/\/climatemaster.ge\/fr\/produit\/overvoltage-protection-module-for-2-datalines\/","og_site_name":"Climate Master","article_modified_time":"2025-05-21T06:50:42+00:00","og_image":[{"width":490,"height":490,"url":"https:\/\/climatemaster.ge\/wp-content\/uploads\/2025\/05\/ovp-leutron-datapro-2x1-24v.png__490x490_q85_crop_subsampling-2_upscale.png","type":"image\/png"}],"twitter_card":"summary_large_image","twitter_misc":{"Dur\u00e9e de lecture estim\u00e9e":"1 minute"},"schema":{"@context":"https:\/\/schema.org","@graph":[{"@type":"WebPage","@id":"https:\/\/climatemaster.ge\/fr\/produit\/overvoltage-protection-module-for-2-datalines\/","url":"https:\/\/climatemaster.ge\/fr\/produit\/overvoltage-protection-module-for-2-datalines\/","name":"Module de protection contre les surtensions pour 2 lignes de donn\u00e9es - Climate Master","isPartOf":{"@id":"https:\/\/climatemaster.ge\/#website"},"primaryImageOfPage":{"@id":"https:\/\/climatemaster.ge\/fr\/produit\/overvoltage-protection-module-for-2-datalines\/#primaryimage"},"image":{"@id":"https:\/\/climatemaster.ge\/fr\/produit\/overvoltage-protection-module-for-2-datalines\/#primaryimage"},"thumbnailUrl":"https:\/\/climatemaster.ge\/wp-content\/uploads\/2025\/05\/ovp-leutron-datapro-2x1-24v.png__490x490_q85_crop_subsampling-2_upscale.png","datePublished":"2025-05-21T06:46:56+00:00","dateModified":"2025-05-21T06:50:42+00:00","breadcrumb":{"@id":"https:\/\/climatemaster.ge\/fr\/produit\/overvoltage-protection-module-for-2-datalines\/#breadcrumb"},"inLanguage":"fr-FR","potentialAction":[{"@type":"ReadAction","target":["https:\/\/climatemaster.ge\/fr\/produit\/overvoltage-protection-module-for-2-datalines\/"]}]},{"@type":"ImageObject","inLanguage":"fr-FR","@id":"https:\/\/climatemaster.ge\/fr\/produit\/overvoltage-protection-module-for-2-datalines\/#primaryimage","url":"https:\/\/climatemaster.ge\/wp-content\/uploads\/2025\/05\/ovp-leutron-datapro-2x1-24v.png__490x490_q85_crop_subsampling-2_upscale.png","contentUrl":"https:\/\/climatemaster.ge\/wp-content\/uploads\/2025\/05\/ovp-leutron-datapro-2x1-24v.png__490x490_q85_crop_subsampling-2_upscale.png","width":490,"height":490},{"@type":"BreadcrumbList","@id":"https:\/\/climatemaster.ge\/fr\/produit\/overvoltage-protection-module-for-2-datalines\/#breadcrumb","itemListElement":[{"@type":"ListItem","position":1,"name":"Home","item":"https:\/\/climatemaster.ge\/"},{"@type":"ListItem","position":2,"name":"Products","item":"https:\/\/climatemaster.ge\/products\/"},{"@type":"ListItem","position":3,"name":"Module de protection contre les surtensions pour 2 lignes de donn\u00e9es"}]},{"@type":"WebSite","@id":"https:\/\/climatemaster.ge\/#website","url":"https:\/\/climatemaster.ge\/","name":"Climate Master","description":"","publisher":{"@id":"https:\/\/climatemaster.ge\/#organization"},"potentialAction":[{"@type":"SearchAction","target":{"@type":"EntryPoint","urlTemplate":"https:\/\/climatemaster.ge\/?s={search_term_string}"},"query-input":{"@type":"PropertyValueSpecification","valueRequired":true,"valueName":"search_term_string"}}],"inLanguage":"fr-FR"},{"@type":"Organization","@id":"https:\/\/climatemaster.ge\/#organization","name":"Climate Master","url":"https:\/\/climatemaster.ge\/","logo":{"@type":"ImageObject","inLanguage":"fr-FR","@id":"https:\/\/climatemaster.ge\/#\/schema\/logo\/image\/","url":"https:\/\/climatemaster.ge\/wp-content\/uploads\/2026\/03\/Untitled-2.png","contentUrl":"https:\/\/climatemaster.ge\/wp-content\/uploads\/2026\/03\/Untitled-2.png","width":600,"height":338,"caption":"Climate Master"},"image":{"@id":"https:\/\/climatemaster.ge\/#\/schema\/logo\/image\/"}}]}},"_links":{"self":[{"href":"https:\/\/climatemaster.ge\/fr\/wp-json\/wp\/v2\/product\/32162","targetHints":{"allow":["GET"]}}],"collection":[{"href":"https:\/\/climatemaster.ge\/fr\/wp-json\/wp\/v2\/product"}],"about":[{"href":"https:\/\/climatemaster.ge\/fr\/wp-json\/wp\/v2\/types\/product"}],"wp:featuredmedia":[{"embeddable":true,"href":"https:\/\/climatemaster.ge\/fr\/wp-json\/wp\/v2\/media\/32151"}],"wp:attachment":[{"href":"https:\/\/climatemaster.ge\/fr\/wp-json\/wp\/v2\/media?parent=32162"}],"wp:term":[{"taxonomy":"product_brand","embeddable":true,"href":"https:\/\/climatemaster.ge\/fr\/wp-json\/wp\/v2\/product_brand?post=32162"},{"taxonomy":"product_cat","embeddable":true,"href":"https:\/\/climatemaster.ge\/fr\/wp-json\/wp\/v2\/product_cat?post=32162"},{"taxonomy":"product_tag","embeddable":true,"href":"https:\/\/climatemaster.ge\/fr\/wp-json\/wp\/v2\/product_tag?post=32162"}],"curies":[{"name":"wp","href":"https:\/\/api.w.org\/{rel}","templated":true}]}}