{"id":31897,"date":"2025-04-22T21:21:10","date_gmt":"2025-04-22T17:21:10","guid":{"rendered":"https:\/\/airsystems.ge\/shop\/product\/mep-design\/"},"modified":"2025-05-20T12:12:08","modified_gmt":"2025-05-20T08:12:08","slug":"mep-design","status":"publish","type":"product","link":"https:\/\/climatemaster.ge\/fr\/produit\/mep-design\/","title":{"rendered":"Conception m\u00e9canique &#8211; Chauffage, ventilation et climatisation (CVC)"},"content":{"rendered":"","protected":false},"excerpt":{"rendered":"<p><strong>Le chauffage, la ventilation et la climatisation (CVC)<\/strong> utilisent diverses technologies pour contr\u00f4ler la <a href=\"https:\/\/airsystems.ge\/shop\/product-category\/air-conditioner-dehumidifier-heater-ventilat\/measurement-measuring-device-ru\/\">temp\u00e9rature<\/a>, <a href=\"https:\/\/airsystems.ge\/shop\/product-category\/air-conditioner-dehumidifier-heater-ventilat\/to-dry-dehumidifier-condensation-drying-adsorption-desiccant\/\">l&rsquo;humidit\u00e9<\/a> et la puret\u00e9 de l&rsquo;air dans un espace clos. Son objectif est d&rsquo;assurer un <a href=\"https:\/\/airsystems.ge\/shop\/product\/thermal-imaging-camera-ic200\/\">confort thermique<\/a> et une <a href=\"https:\/\/airsystems.ge\/shop\/product\/trotec-pc-220-particle-counter\/\">qualit\u00e9<\/a> d&rsquo;air int\u00e9rieur acceptable. La conception de syst\u00e8mes CVC est une sous-discipline du g\u00e9nie m\u00e9canique, bas\u00e9e sur les principes de la thermodynamique, de la m\u00e9canique des fluides et du transfert thermique.<\/p>\n","protected":false},"featured_media":30430,"template":"","meta":[],"product_brand":[],"product_cat":[1564,1319],"product_tag":[],"class_list":{"0":"post-31897","1":"product","2":"type-product","3":"status-publish","4":"has-post-thumbnail","6":"product_cat-conception-mecanique-chauffage-ventilation-et-climatisation-cvc","7":"product_cat-planification-de-la-conception-mep","9":"first","10":"instock","11":"shipping-taxable","12":"product-type-simple"},"yoast_head":"<!-- This site is optimized with the Yoast SEO plugin v27.1.1 - https:\/\/yoast.com\/product\/yoast-seo-wordpress\/ -->\n<title>Conception m\u00e9canique - Chauffage, ventilation et climatisation (CVC) - Climate Master<\/title>\n<meta name=\"robots\" content=\"index, follow, max-snippet:-1, max-image-preview:large, max-video-preview:-1\" \/>\n<link rel=\"canonical\" href=\"https:\/\/climatemaster.ge\/fr\/produit\/mep-design\/\" \/>\n<meta property=\"og:locale\" content=\"fr_FR\" \/>\n<meta property=\"og:type\" content=\"article\" \/>\n<meta property=\"og:title\" content=\"Conception m\u00e9canique - Chauffage, ventilation et climatisation (CVC) - Climate Master\" \/>\n<meta property=\"og:description\" content=\"Le chauffage, la ventilation et la climatisation (CVC) utilisent diverses technologies pour contr\u00f4ler la temp\u00e9rature, l&#039;humidit\u00e9 et la puret\u00e9 de l&#039;air dans un espace clos. Son objectif est d&#039;assurer un confort thermique et une qualit\u00e9 d&#039;air int\u00e9rieur acceptable. La conception de syst\u00e8mes CVC est une sous-discipline du g\u00e9nie m\u00e9canique, bas\u00e9e sur les principes de la thermodynamique, de la m\u00e9canique des fluides et du transfert thermique.\" \/>\n<meta property=\"og:url\" content=\"https:\/\/climatemaster.ge\/fr\/produit\/mep-design\/\" \/>\n<meta property=\"og:site_name\" content=\"Climate Master\" \/>\n<meta property=\"article:modified_time\" content=\"2025-05-20T08:12:08+00:00\" \/>\n<meta property=\"og:image\" content=\"https:\/\/climatemaster.ge\/wp-content\/uploads\/2025\/04\/mehanicheskaya_ventilaicia4.gif\" \/>\n\t<meta property=\"og:image:width\" content=\"700\" \/>\n\t<meta property=\"og:image:height\" content=\"428\" \/>\n\t<meta property=\"og:image:type\" content=\"image\/gif\" \/>\n<meta name=\"twitter:card\" content=\"summary_large_image\" \/>\n<script type=\"application\/ld+json\" class=\"yoast-schema-graph\">{\"@context\":\"https:\/\/schema.org\",\"@graph\":[{\"@type\":\"WebPage\",\"@id\":\"https:\/\/climatemaster.ge\/fr\/produit\/mep-design\/\",\"url\":\"https:\/\/climatemaster.ge\/fr\/produit\/mep-design\/\",\"name\":\"Conception m\u00e9canique - Chauffage, ventilation et climatisation (CVC) - Climate Master\",\"isPartOf\":{\"@id\":\"https:\/\/climatemaster.ge\/#website\"},\"primaryImageOfPage\":{\"@id\":\"https:\/\/climatemaster.ge\/fr\/produit\/mep-design\/#primaryimage\"},\"image\":{\"@id\":\"https:\/\/climatemaster.ge\/fr\/produit\/mep-design\/#primaryimage\"},\"thumbnailUrl\":\"https:\/\/climatemaster.ge\/wp-content\/uploads\/2025\/04\/mehanicheskaya_ventilaicia4.gif\",\"datePublished\":\"2025-04-22T17:21:10+00:00\",\"dateModified\":\"2025-05-20T08:12:08+00:00\",\"breadcrumb\":{\"@id\":\"https:\/\/climatemaster.ge\/fr\/produit\/mep-design\/#breadcrumb\"},\"inLanguage\":\"fr-FR\",\"potentialAction\":[{\"@type\":\"ReadAction\",\"target\":[\"https:\/\/climatemaster.ge\/fr\/produit\/mep-design\/\"]}]},{\"@type\":\"ImageObject\",\"inLanguage\":\"fr-FR\",\"@id\":\"https:\/\/climatemaster.ge\/fr\/produit\/mep-design\/#primaryimage\",\"url\":\"https:\/\/climatemaster.ge\/wp-content\/uploads\/2025\/04\/mehanicheskaya_ventilaicia4.gif\",\"contentUrl\":\"https:\/\/climatemaster.ge\/wp-content\/uploads\/2025\/04\/mehanicheskaya_ventilaicia4.gif\",\"width\":700,\"height\":428},{\"@type\":\"BreadcrumbList\",\"@id\":\"https:\/\/climatemaster.ge\/fr\/produit\/mep-design\/#breadcrumb\",\"itemListElement\":[{\"@type\":\"ListItem\",\"position\":1,\"name\":\"Home\",\"item\":\"https:\/\/climatemaster.ge\/\"},{\"@type\":\"ListItem\",\"position\":2,\"name\":\"Products\",\"item\":\"https:\/\/climatemaster.ge\/products\/\"},{\"@type\":\"ListItem\",\"position\":3,\"name\":\"Conception m\u00e9canique &#8211; Chauffage, ventilation et climatisation (CVC)\"}]},{\"@type\":\"WebSite\",\"@id\":\"https:\/\/climatemaster.ge\/#website\",\"url\":\"https:\/\/climatemaster.ge\/\",\"name\":\"Climate Master\",\"description\":\"\",\"publisher\":{\"@id\":\"https:\/\/climatemaster.ge\/#organization\"},\"potentialAction\":[{\"@type\":\"SearchAction\",\"target\":{\"@type\":\"EntryPoint\",\"urlTemplate\":\"https:\/\/climatemaster.ge\/?s={search_term_string}\"},\"query-input\":{\"@type\":\"PropertyValueSpecification\",\"valueRequired\":true,\"valueName\":\"search_term_string\"}}],\"inLanguage\":\"fr-FR\"},{\"@type\":\"Organization\",\"@id\":\"https:\/\/climatemaster.ge\/#organization\",\"name\":\"Climate Master\",\"url\":\"https:\/\/climatemaster.ge\/\",\"logo\":{\"@type\":\"ImageObject\",\"inLanguage\":\"fr-FR\",\"@id\":\"https:\/\/climatemaster.ge\/#\/schema\/logo\/image\/\",\"url\":\"https:\/\/climatemaster.ge\/wp-content\/uploads\/2026\/03\/Untitled-2.png\",\"contentUrl\":\"https:\/\/climatemaster.ge\/wp-content\/uploads\/2026\/03\/Untitled-2.png\",\"width\":600,\"height\":338,\"caption\":\"Climate Master\"},\"image\":{\"@id\":\"https:\/\/climatemaster.ge\/#\/schema\/logo\/image\/\"}}]}<\/script>\n<!-- \/ Yoast SEO plugin. -->","yoast_head_json":{"title":"Conception m\u00e9canique - Chauffage, ventilation et climatisation (CVC) - Climate Master","robots":{"index":"index","follow":"follow","max-snippet":"max-snippet:-1","max-image-preview":"max-image-preview:large","max-video-preview":"max-video-preview:-1"},"canonical":"https:\/\/climatemaster.ge\/fr\/produit\/mep-design\/","og_locale":"fr_FR","og_type":"article","og_title":"Conception m\u00e9canique - Chauffage, ventilation et climatisation (CVC) - Climate Master","og_description":"Le chauffage, la ventilation et la climatisation (CVC) utilisent diverses technologies pour contr\u00f4ler la temp\u00e9rature, l'humidit\u00e9 et la puret\u00e9 de l'air dans un espace clos. Son objectif est d'assurer un confort thermique et une qualit\u00e9 d'air int\u00e9rieur acceptable. La conception de syst\u00e8mes CVC est une sous-discipline du g\u00e9nie m\u00e9canique, bas\u00e9e sur les principes de la thermodynamique, de la m\u00e9canique des fluides et du transfert thermique.","og_url":"https:\/\/climatemaster.ge\/fr\/produit\/mep-design\/","og_site_name":"Climate Master","article_modified_time":"2025-05-20T08:12:08+00:00","og_image":[{"width":700,"height":428,"url":"https:\/\/climatemaster.ge\/wp-content\/uploads\/2025\/04\/mehanicheskaya_ventilaicia4.gif","type":"image\/gif"}],"twitter_card":"summary_large_image","schema":{"@context":"https:\/\/schema.org","@graph":[{"@type":"WebPage","@id":"https:\/\/climatemaster.ge\/fr\/produit\/mep-design\/","url":"https:\/\/climatemaster.ge\/fr\/produit\/mep-design\/","name":"Conception m\u00e9canique - Chauffage, ventilation et climatisation (CVC) - Climate Master","isPartOf":{"@id":"https:\/\/climatemaster.ge\/#website"},"primaryImageOfPage":{"@id":"https:\/\/climatemaster.ge\/fr\/produit\/mep-design\/#primaryimage"},"image":{"@id":"https:\/\/climatemaster.ge\/fr\/produit\/mep-design\/#primaryimage"},"thumbnailUrl":"https:\/\/climatemaster.ge\/wp-content\/uploads\/2025\/04\/mehanicheskaya_ventilaicia4.gif","datePublished":"2025-04-22T17:21:10+00:00","dateModified":"2025-05-20T08:12:08+00:00","breadcrumb":{"@id":"https:\/\/climatemaster.ge\/fr\/produit\/mep-design\/#breadcrumb"},"inLanguage":"fr-FR","potentialAction":[{"@type":"ReadAction","target":["https:\/\/climatemaster.ge\/fr\/produit\/mep-design\/"]}]},{"@type":"ImageObject","inLanguage":"fr-FR","@id":"https:\/\/climatemaster.ge\/fr\/produit\/mep-design\/#primaryimage","url":"https:\/\/climatemaster.ge\/wp-content\/uploads\/2025\/04\/mehanicheskaya_ventilaicia4.gif","contentUrl":"https:\/\/climatemaster.ge\/wp-content\/uploads\/2025\/04\/mehanicheskaya_ventilaicia4.gif","width":700,"height":428},{"@type":"BreadcrumbList","@id":"https:\/\/climatemaster.ge\/fr\/produit\/mep-design\/#breadcrumb","itemListElement":[{"@type":"ListItem","position":1,"name":"Home","item":"https:\/\/climatemaster.ge\/"},{"@type":"ListItem","position":2,"name":"Products","item":"https:\/\/climatemaster.ge\/products\/"},{"@type":"ListItem","position":3,"name":"Conception m\u00e9canique &#8211; Chauffage, ventilation et climatisation (CVC)"}]},{"@type":"WebSite","@id":"https:\/\/climatemaster.ge\/#website","url":"https:\/\/climatemaster.ge\/","name":"Climate Master","description":"","publisher":{"@id":"https:\/\/climatemaster.ge\/#organization"},"potentialAction":[{"@type":"SearchAction","target":{"@type":"EntryPoint","urlTemplate":"https:\/\/climatemaster.ge\/?s={search_term_string}"},"query-input":{"@type":"PropertyValueSpecification","valueRequired":true,"valueName":"search_term_string"}}],"inLanguage":"fr-FR"},{"@type":"Organization","@id":"https:\/\/climatemaster.ge\/#organization","name":"Climate Master","url":"https:\/\/climatemaster.ge\/","logo":{"@type":"ImageObject","inLanguage":"fr-FR","@id":"https:\/\/climatemaster.ge\/#\/schema\/logo\/image\/","url":"https:\/\/climatemaster.ge\/wp-content\/uploads\/2026\/03\/Untitled-2.png","contentUrl":"https:\/\/climatemaster.ge\/wp-content\/uploads\/2026\/03\/Untitled-2.png","width":600,"height":338,"caption":"Climate Master"},"image":{"@id":"https:\/\/climatemaster.ge\/#\/schema\/logo\/image\/"}}]}},"_links":{"self":[{"href":"https:\/\/climatemaster.ge\/fr\/wp-json\/wp\/v2\/product\/31897","targetHints":{"allow":["GET"]}}],"collection":[{"href":"https:\/\/climatemaster.ge\/fr\/wp-json\/wp\/v2\/product"}],"about":[{"href":"https:\/\/climatemaster.ge\/fr\/wp-json\/wp\/v2\/types\/product"}],"wp:featuredmedia":[{"embeddable":true,"href":"https:\/\/climatemaster.ge\/fr\/wp-json\/wp\/v2\/media\/30430"}],"wp:attachment":[{"href":"https:\/\/climatemaster.ge\/fr\/wp-json\/wp\/v2\/media?parent=31897"}],"wp:term":[{"taxonomy":"product_brand","embeddable":true,"href":"https:\/\/climatemaster.ge\/fr\/wp-json\/wp\/v2\/product_brand?post=31897"},{"taxonomy":"product_cat","embeddable":true,"href":"https:\/\/climatemaster.ge\/fr\/wp-json\/wp\/v2\/product_cat?post=31897"},{"taxonomy":"product_tag","embeddable":true,"href":"https:\/\/climatemaster.ge\/fr\/wp-json\/wp\/v2\/product_tag?post=31897"}],"curies":[{"name":"wp","href":"https:\/\/api.w.org\/{rel}","templated":true}]}}