{"id":31734,"date":"2025-05-17T17:22:54","date_gmt":"2025-05-17T13:22:54","guid":{"rendered":"https:\/\/airsystems.ge\/shop\/product\/solar-and-fuel-cell-power-pack-for-lidar\/"},"modified":"2025-05-17T17:25:16","modified_gmt":"2025-05-17T13:25:16","slug":"solar-and-fuel-cell-power-pack-for-lidar","status":"publish","type":"product","link":"https:\/\/climatemaster.ge\/fr\/produit\/solar-and-fuel-cell-power-pack-for-lidar\/","title":{"rendered":"Bloc d&rsquo;alimentation solaire et pile \u00e0 combustible pour LIDAR"},"content":{"rendered":"<p>Alimentation solaire et pile \u00e0 combustible au m\u00e9thanol pour appareils LiDAR<br \/>\n3 options\u00a0:<br \/>\nSolaire et pile \u00e0 combustible (standard)<br \/>\nSolaire seul (pour les pays ensoleill\u00e9s entre 40\u00b0N et 40\u00b0S)<br \/>\nPile \u00e0 combustible seule (pour une mobilit\u00e9 maximale)<br \/>\nProduit sur mesure pour tous les mod\u00e8les LiDAR<\/p>\n<p>L&rsquo;alimentation solaire et pile \u00e0 combustible au m\u00e9thanol est sp\u00e9cialement con\u00e7ue pour les appareils LiDAR.<\/p>\n<p>Cette alimentation est recommand\u00e9e pour tous les climats, \u00e0 l&rsquo;exception des conditions arctiques avec peu d&rsquo;ensoleillement.<\/p>\n<p>Le syst\u00e8me associe une puissante pile \u00e0 combustible EFOY Pro au m\u00e9thanol \u00e0 deux modules solaires de 460\u00a0W (4\u00a0en option). Le syst\u00e8me est \u00e9quip\u00e9 de deux cartouches de pile \u00e0 combustible de 28\u00a0litres.<\/p>\n<p>La pile \u00e0 combustible EFOY Pro est \u00e9quip\u00e9e d&rsquo;une plateforme de surveillance web EFOY Cloud. Des alarmes, telles que le niveau de carburant bas ou la tension de batterie faible, peuvent \u00eatre configur\u00e9es. Ainsi, le syst\u00e8me informe automatiquement par e-mail ou SMS en cas de d\u00e9clenchement d&rsquo;alarme.<\/p>\n<p>De plus, nous contr\u00f4lons la sortie d&rsquo;alimentation via un relais marche\/arr\u00eat d\u00e9clench\u00e9 sur le cloud Victron.<\/p>\n<table border=\"1\" width=\"689\" cellspacing=\"1\" cellpadding=\"1\">\n<thead>\n<tr>\n<th colspan=\"2\" scope=\"col\">Summary<\/th>\n<\/tr>\n<\/thead>\n<tbody>\n<tr>\n<td colspan=\"2\">Energy system enclosure, incl. assembly and wiring<\/td>\n<\/tr>\n<tr>\n<td colspan=\"2\">Hybrid Power Pack, including<br \/>\n\u2022 Flight case with 130 Ah 24V Battery,<br \/>\n\u2022 EFOY Pro2800 fuel cell with FM2 fuel manager<br \/>\n\u2022 2 x 460 W Solar Modules<br \/>\n\u2022 PV frame for 2 x 460 W system Unistrut steel framing with all accessories, cable extension, connectors<\/td>\n<\/tr>\n<tr>\n<td colspan=\"2\">Remote control through Victron cloud with load control to switch the power supply ON and OFF<\/td>\n<\/tr>\n<\/tbody>\n<\/table>\n<p>&nbsp;<\/p>\n<table border=\"1\" width=\"684\" cellspacing=\"1\" cellpadding=\"1\">\n<thead>\n<tr>\n<th scope=\"col\"><span style=\"font-weight: 400;\">Characteristic<\/span><\/th>\n<th scope=\"col\"><span style=\"font-weight: 400;\">Description<\/span><\/th>\n<\/tr>\n<\/thead>\n<tbody>\n<tr>\n<td>Total output peak power<\/td>\n<td>200 W<\/td>\n<\/tr>\n<tr>\n<td>Output voltage<\/td>\n<td>24 VDC<\/td>\n<\/tr>\n<tr>\n<td>Battery bank<\/td>\n<td>130 Ah \/ 24 V<br \/>\n(two Victron Lead GEL battery batteries 130 Ah\/12 V each)<br \/>\nVictron low voltage battery protector<\/td>\n<\/tr>\n<tr>\n<td colspan=\"2\">Solar supply<\/td>\n<\/tr>\n<tr>\n<td>Solar supply<\/td>\n<td>2 solar modules @ 460 &#8211; 490 W \/ 24 V<br \/>\n(Total: 920 &#8211; 980 W)<br \/>\nPV Solar array extension cable with MC4 connectors and splitters<br \/>\nPV frame for 2 x 460 W system Unistrut steel framing4 solar modules instead of 2 is possible as an option<br \/>\n(with a Unistrut framing for 4)<\/p>\n<p>Solar charger: Victron SmartSolar 150\/35 charging controller<\/td>\n<\/tr>\n<tr>\n<td colspan=\"2\">Fuel cell<\/td>\n<\/tr>\n<tr>\n<td>Fuel cell reference<\/td>\n<td>EFOY Pro2800 fuel cell with FM2 fuel manager<\/td>\n<\/tr>\n<tr>\n<td>Power output<\/td>\n<td>125 W<\/td>\n<\/tr>\n<tr>\n<td>Nominal voltage<\/td>\n<td>12\/24 V DC<\/td>\n<\/tr>\n<tr>\n<td>Fuel cell cartridge<\/td>\n<td>2 x 28 liters Methanol, M28 cartridge + FM2 adapter<br \/>\nFuel Sensor FS2<\/td>\n<\/tr>\n<tr>\n<td><\/td>\n<td>Operational panel to display status Modem 4G<br \/>\nprotection box<br \/>\nRemote monitoring set:<br \/>\nIndustrial router (no SIM card)<br \/>\nEFOY cloud monitoring WEB platform<\/td>\n<\/tr>\n<tr>\n<td><\/td>\n<td>https:\/\/www.efoy-pro.com\/en\/efoy\/efoy-efoypro\/<br \/>\n(Dimensions etc.)<\/td>\n<\/tr>\n<tr>\n<td>Nominal Methanol consumption<\/td>\n<td>0.9 liters\/kWh<\/td>\n<\/tr>\n<tr>\n<td>Classification of Methanol<\/td>\n<td>Index: 603-00100-X;\u00a0 EINECS, ELINCS, NLP: 200-659-6; CAS 67-56-1<\/td>\n<\/tr>\n<tr>\n<td colspan=\"2\"><\/td>\n<\/tr>\n<tr>\n<td>Operating temperature<\/td>\n<td>-20\u00b0C &#8230; +40\u00b0C<\/td>\n<\/tr>\n<tr>\n<td>Total dimensions<\/td>\n<td>Power Pack 120 x 80 x 51 cm (LxWxH)<br \/>\nSolar Module: 100 x 200 cm (LxWxH)<\/td>\n<\/tr>\n<tr>\n<td>Total weight<\/td>\n<td>Approx. 216 kg<\/td>\n<\/tr>\n<\/tbody>\n<\/table>\n","protected":false},"excerpt":{"rendered":"<h3>R\u00e9f\u00e9rence<\/h3>\n<p>M58160<\/p>\n","protected":false},"featured_media":31729,"template":"","meta":[],"product_brand":[],"product_cat":[1335,1512,1518],"product_tag":[],"class_list":{"0":"post-31734","1":"product","2":"type-product","3":"status-publish","4":"has-post-thumbnail","6":"product_cat-energies-renouvelables-mesure-de-lenergie-eolienne-et-solaire-fr","7":"product_cat-lidar-sensing-teledetection-fr","8":"product_cat-solutions-energetiques","10":"first","11":"instock","12":"shipping-taxable","13":"product-type-simple"},"yoast_head":"<!-- This site is optimized with the Yoast SEO plugin v27.1.1 - https:\/\/yoast.com\/product\/yoast-seo-wordpress\/ -->\n<title>Bloc d&#039;alimentation solaire et pile \u00e0 combustible pour LIDAR - Climate Master<\/title>\n<meta name=\"robots\" content=\"index, follow, max-snippet:-1, max-image-preview:large, max-video-preview:-1\" \/>\n<link rel=\"canonical\" href=\"https:\/\/climatemaster.ge\/fr\/produit\/solar-and-fuel-cell-power-pack-for-lidar\/\" \/>\n<meta property=\"og:locale\" content=\"fr_FR\" \/>\n<meta property=\"og:type\" content=\"article\" \/>\n<meta property=\"og:title\" content=\"Bloc d&#039;alimentation solaire et pile \u00e0 combustible pour LIDAR - Climate Master\" \/>\n<meta property=\"og:description\" content=\"R\u00e9f\u00e9rence M58160\" \/>\n<meta property=\"og:url\" content=\"https:\/\/climatemaster.ge\/fr\/produit\/solar-and-fuel-cell-power-pack-for-lidar\/\" \/>\n<meta property=\"og:site_name\" content=\"Climate Master\" \/>\n<meta property=\"article:modified_time\" content=\"2025-05-17T13:25:16+00:00\" \/>\n<meta property=\"og:image\" content=\"https:\/\/climatemaster.ge\/wp-content\/uploads\/2025\/05\/lidar_power_supply.png__490x490_q85_crop_subsampling-2_upscale.png\" \/>\n\t<meta property=\"og:image:width\" content=\"490\" \/>\n\t<meta property=\"og:image:height\" content=\"490\" \/>\n\t<meta property=\"og:image:type\" content=\"image\/png\" \/>\n<meta name=\"twitter:card\" content=\"summary_large_image\" \/>\n<meta name=\"twitter:label1\" content=\"Dur\u00e9e de lecture estim\u00e9e\" \/>\n\t<meta name=\"twitter:data1\" content=\"2 minutes\" \/>\n<script type=\"application\/ld+json\" class=\"yoast-schema-graph\">{\"@context\":\"https:\/\/schema.org\",\"@graph\":[{\"@type\":\"WebPage\",\"@id\":\"https:\/\/climatemaster.ge\/fr\/produit\/solar-and-fuel-cell-power-pack-for-lidar\/\",\"url\":\"https:\/\/climatemaster.ge\/fr\/produit\/solar-and-fuel-cell-power-pack-for-lidar\/\",\"name\":\"Bloc d'alimentation solaire et pile \u00e0 combustible pour LIDAR - Climate Master\",\"isPartOf\":{\"@id\":\"https:\/\/climatemaster.ge\/#website\"},\"primaryImageOfPage\":{\"@id\":\"https:\/\/climatemaster.ge\/fr\/produit\/solar-and-fuel-cell-power-pack-for-lidar\/#primaryimage\"},\"image\":{\"@id\":\"https:\/\/climatemaster.ge\/fr\/produit\/solar-and-fuel-cell-power-pack-for-lidar\/#primaryimage\"},\"thumbnailUrl\":\"https:\/\/climatemaster.ge\/wp-content\/uploads\/2025\/05\/lidar_power_supply.png__490x490_q85_crop_subsampling-2_upscale.png\",\"datePublished\":\"2025-05-17T13:22:54+00:00\",\"dateModified\":\"2025-05-17T13:25:16+00:00\",\"breadcrumb\":{\"@id\":\"https:\/\/climatemaster.ge\/fr\/produit\/solar-and-fuel-cell-power-pack-for-lidar\/#breadcrumb\"},\"inLanguage\":\"fr-FR\",\"potentialAction\":[{\"@type\":\"ReadAction\",\"target\":[\"https:\/\/climatemaster.ge\/fr\/produit\/solar-and-fuel-cell-power-pack-for-lidar\/\"]}]},{\"@type\":\"ImageObject\",\"inLanguage\":\"fr-FR\",\"@id\":\"https:\/\/climatemaster.ge\/fr\/produit\/solar-and-fuel-cell-power-pack-for-lidar\/#primaryimage\",\"url\":\"https:\/\/climatemaster.ge\/wp-content\/uploads\/2025\/05\/lidar_power_supply.png__490x490_q85_crop_subsampling-2_upscale.png\",\"contentUrl\":\"https:\/\/climatemaster.ge\/wp-content\/uploads\/2025\/05\/lidar_power_supply.png__490x490_q85_crop_subsampling-2_upscale.png\",\"width\":490,\"height\":490},{\"@type\":\"BreadcrumbList\",\"@id\":\"https:\/\/climatemaster.ge\/fr\/produit\/solar-and-fuel-cell-power-pack-for-lidar\/#breadcrumb\",\"itemListElement\":[{\"@type\":\"ListItem\",\"position\":1,\"name\":\"Home\",\"item\":\"https:\/\/climatemaster.ge\/\"},{\"@type\":\"ListItem\",\"position\":2,\"name\":\"Products\",\"item\":\"https:\/\/climatemaster.ge\/products\/\"},{\"@type\":\"ListItem\",\"position\":3,\"name\":\"Bloc d&rsquo;alimentation solaire et pile \u00e0 combustible pour LIDAR\"}]},{\"@type\":\"WebSite\",\"@id\":\"https:\/\/climatemaster.ge\/#website\",\"url\":\"https:\/\/climatemaster.ge\/\",\"name\":\"Climate Master\",\"description\":\"\",\"publisher\":{\"@id\":\"https:\/\/climatemaster.ge\/#organization\"},\"potentialAction\":[{\"@type\":\"SearchAction\",\"target\":{\"@type\":\"EntryPoint\",\"urlTemplate\":\"https:\/\/climatemaster.ge\/?s={search_term_string}\"},\"query-input\":{\"@type\":\"PropertyValueSpecification\",\"valueRequired\":true,\"valueName\":\"search_term_string\"}}],\"inLanguage\":\"fr-FR\"},{\"@type\":\"Organization\",\"@id\":\"https:\/\/climatemaster.ge\/#organization\",\"name\":\"Climate Master\",\"url\":\"https:\/\/climatemaster.ge\/\",\"logo\":{\"@type\":\"ImageObject\",\"inLanguage\":\"fr-FR\",\"@id\":\"https:\/\/climatemaster.ge\/#\/schema\/logo\/image\/\",\"url\":\"https:\/\/climatemaster.ge\/wp-content\/uploads\/2026\/03\/Untitled-2.png\",\"contentUrl\":\"https:\/\/climatemaster.ge\/wp-content\/uploads\/2026\/03\/Untitled-2.png\",\"width\":600,\"height\":338,\"caption\":\"Climate Master\"},\"image\":{\"@id\":\"https:\/\/climatemaster.ge\/#\/schema\/logo\/image\/\"}}]}<\/script>\n<!-- \/ Yoast SEO plugin. -->","yoast_head_json":{"title":"Bloc d'alimentation solaire et pile \u00e0 combustible pour LIDAR - Climate Master","robots":{"index":"index","follow":"follow","max-snippet":"max-snippet:-1","max-image-preview":"max-image-preview:large","max-video-preview":"max-video-preview:-1"},"canonical":"https:\/\/climatemaster.ge\/fr\/produit\/solar-and-fuel-cell-power-pack-for-lidar\/","og_locale":"fr_FR","og_type":"article","og_title":"Bloc d'alimentation solaire et pile \u00e0 combustible pour LIDAR - Climate Master","og_description":"R\u00e9f\u00e9rence M58160","og_url":"https:\/\/climatemaster.ge\/fr\/produit\/solar-and-fuel-cell-power-pack-for-lidar\/","og_site_name":"Climate Master","article_modified_time":"2025-05-17T13:25:16+00:00","og_image":[{"width":490,"height":490,"url":"https:\/\/climatemaster.ge\/wp-content\/uploads\/2025\/05\/lidar_power_supply.png__490x490_q85_crop_subsampling-2_upscale.png","type":"image\/png"}],"twitter_card":"summary_large_image","twitter_misc":{"Dur\u00e9e de lecture estim\u00e9e":"2 minutes"},"schema":{"@context":"https:\/\/schema.org","@graph":[{"@type":"WebPage","@id":"https:\/\/climatemaster.ge\/fr\/produit\/solar-and-fuel-cell-power-pack-for-lidar\/","url":"https:\/\/climatemaster.ge\/fr\/produit\/solar-and-fuel-cell-power-pack-for-lidar\/","name":"Bloc d'alimentation solaire et pile \u00e0 combustible pour LIDAR - Climate Master","isPartOf":{"@id":"https:\/\/climatemaster.ge\/#website"},"primaryImageOfPage":{"@id":"https:\/\/climatemaster.ge\/fr\/produit\/solar-and-fuel-cell-power-pack-for-lidar\/#primaryimage"},"image":{"@id":"https:\/\/climatemaster.ge\/fr\/produit\/solar-and-fuel-cell-power-pack-for-lidar\/#primaryimage"},"thumbnailUrl":"https:\/\/climatemaster.ge\/wp-content\/uploads\/2025\/05\/lidar_power_supply.png__490x490_q85_crop_subsampling-2_upscale.png","datePublished":"2025-05-17T13:22:54+00:00","dateModified":"2025-05-17T13:25:16+00:00","breadcrumb":{"@id":"https:\/\/climatemaster.ge\/fr\/produit\/solar-and-fuel-cell-power-pack-for-lidar\/#breadcrumb"},"inLanguage":"fr-FR","potentialAction":[{"@type":"ReadAction","target":["https:\/\/climatemaster.ge\/fr\/produit\/solar-and-fuel-cell-power-pack-for-lidar\/"]}]},{"@type":"ImageObject","inLanguage":"fr-FR","@id":"https:\/\/climatemaster.ge\/fr\/produit\/solar-and-fuel-cell-power-pack-for-lidar\/#primaryimage","url":"https:\/\/climatemaster.ge\/wp-content\/uploads\/2025\/05\/lidar_power_supply.png__490x490_q85_crop_subsampling-2_upscale.png","contentUrl":"https:\/\/climatemaster.ge\/wp-content\/uploads\/2025\/05\/lidar_power_supply.png__490x490_q85_crop_subsampling-2_upscale.png","width":490,"height":490},{"@type":"BreadcrumbList","@id":"https:\/\/climatemaster.ge\/fr\/produit\/solar-and-fuel-cell-power-pack-for-lidar\/#breadcrumb","itemListElement":[{"@type":"ListItem","position":1,"name":"Home","item":"https:\/\/climatemaster.ge\/"},{"@type":"ListItem","position":2,"name":"Products","item":"https:\/\/climatemaster.ge\/products\/"},{"@type":"ListItem","position":3,"name":"Bloc d&rsquo;alimentation solaire et pile \u00e0 combustible pour LIDAR"}]},{"@type":"WebSite","@id":"https:\/\/climatemaster.ge\/#website","url":"https:\/\/climatemaster.ge\/","name":"Climate Master","description":"","publisher":{"@id":"https:\/\/climatemaster.ge\/#organization"},"potentialAction":[{"@type":"SearchAction","target":{"@type":"EntryPoint","urlTemplate":"https:\/\/climatemaster.ge\/?s={search_term_string}"},"query-input":{"@type":"PropertyValueSpecification","valueRequired":true,"valueName":"search_term_string"}}],"inLanguage":"fr-FR"},{"@type":"Organization","@id":"https:\/\/climatemaster.ge\/#organization","name":"Climate Master","url":"https:\/\/climatemaster.ge\/","logo":{"@type":"ImageObject","inLanguage":"fr-FR","@id":"https:\/\/climatemaster.ge\/#\/schema\/logo\/image\/","url":"https:\/\/climatemaster.ge\/wp-content\/uploads\/2026\/03\/Untitled-2.png","contentUrl":"https:\/\/climatemaster.ge\/wp-content\/uploads\/2026\/03\/Untitled-2.png","width":600,"height":338,"caption":"Climate Master"},"image":{"@id":"https:\/\/climatemaster.ge\/#\/schema\/logo\/image\/"}}]}},"_links":{"self":[{"href":"https:\/\/climatemaster.ge\/fr\/wp-json\/wp\/v2\/product\/31734","targetHints":{"allow":["GET"]}}],"collection":[{"href":"https:\/\/climatemaster.ge\/fr\/wp-json\/wp\/v2\/product"}],"about":[{"href":"https:\/\/climatemaster.ge\/fr\/wp-json\/wp\/v2\/types\/product"}],"wp:featuredmedia":[{"embeddable":true,"href":"https:\/\/climatemaster.ge\/fr\/wp-json\/wp\/v2\/media\/31729"}],"wp:attachment":[{"href":"https:\/\/climatemaster.ge\/fr\/wp-json\/wp\/v2\/media?parent=31734"}],"wp:term":[{"taxonomy":"product_brand","embeddable":true,"href":"https:\/\/climatemaster.ge\/fr\/wp-json\/wp\/v2\/product_brand?post=31734"},{"taxonomy":"product_cat","embeddable":true,"href":"https:\/\/climatemaster.ge\/fr\/wp-json\/wp\/v2\/product_cat?post=31734"},{"taxonomy":"product_tag","embeddable":true,"href":"https:\/\/climatemaster.ge\/fr\/wp-json\/wp\/v2\/product_tag?post=31734"}],"curies":[{"name":"wp","href":"https:\/\/api.w.org\/{rel}","templated":true}]}}