{"id":31582,"date":"2025-05-14T23:49:23","date_gmt":"2025-05-14T19:49:23","guid":{"rendered":"https:\/\/airsystems.ge\/shop\/product\/sun-tracking-system-dni\/"},"modified":"2025-05-14T23:52:37","modified_gmt":"2025-05-14T19:52:37","slug":"sun-tracking-system-dni","status":"publish","type":"product","link":"https:\/\/climatemaster.ge\/fr\/produit\/sun-tracking-system-dni\/","title":{"rendered":"Syst\u00e8me de suivi solaire DNI"},"content":{"rendered":"<ul>\n<li>Les suiveurs solaires haute pr\u00e9cision EKO Instruments offrent une fiabilit\u00e9 de suivi \u00e9lev\u00e9e, des fonctionnalit\u00e9s am\u00e9lior\u00e9es et une configuration enti\u00e8rement automatis\u00e9e gr\u00e2ce \u00e0 un r\u00e9cepteur GPS int\u00e9gr\u00e9.<br \/>\nCes suiveurs solaires compacts sont parfaitement adapt\u00e9s \u00e0 tous types de capteurs de mesure du rayonnement global, diffus et direct.<br \/>\nIls sont livr\u00e9s avec un petit tr\u00e9pied offrant une surface stable pour l&rsquo;\u00e9quipement de mesure et un support de pyrh\u00e9liom\u00e8tre r\u00e9glable pour un alignement pr\u00e9cis.<\/li>\n<\/ul>\n<p>Du lever au coucher du soleil, le suiveur solaire compact EKO garantit un suivi solaire pr\u00e9cis et le pointage des capteurs solaires connect\u00e9s. Chaque syst\u00e8me est \u00e9quip\u00e9 d&rsquo;un pyrh\u00e9liom\u00e8tre MS-57 de premi\u00e8re classe conforme \u00e0 la norme ISO 9060 pour mesurer l&rsquo;irradiation normale directe. Pour mesurer l&rsquo;irradiation horizontale diffuse, le syst\u00e8me est \u00e9quip\u00e9 d&rsquo;un pyranom\u00e8tre MS-80A ombr\u00e9 conforme \u00e0 la norme ISO 9060. Le syst\u00e8me complet est livr\u00e9 avec un second pyranom\u00e8tre MS-80A pour mesurer l&rsquo;irradiation horizontale globale. Selon vos besoins, le syst\u00e8me de suivi solaire peut \u00eatre compl\u00e9t\u00e9 par un enregistreur de donn\u00e9es Ammonit Meteo-40 plus, ainsi que par un syst\u00e8me d&rsquo;alimentation et de communication externe.<\/p>\n<table border=\"1\" width=\"608\" cellspacing=\"1\" cellpadding=\"1\">\n<thead>\n<tr>\n<th scope=\"col\"><span style=\"font-weight: 400;\">System<\/span><\/th>\n<th scope=\"col\"><span style=\"font-weight: 400;\">DNI Measurement<\/span><\/th>\n<\/tr>\n<\/thead>\n<tbody>\n<tr>\n<td>Order No.<\/td>\n<td>S64911<\/td>\n<\/tr>\n<tr>\n<td>Description<\/td>\n<td>Sun tracking system for DNI<\/td>\n<\/tr>\n<tr>\n<td>Components<\/td>\n<td>Single arm tracker with GPS receiver and table tripod<br \/>\nFirst Class\u00a0pyrheliometer MS-57\u00a0for DNI<\/td>\n<\/tr>\n<\/tbody>\n<\/table>\n","protected":false},"excerpt":{"rendered":"<p><strong>Num\u00e9ro de commande<\/strong><br \/>\nS64911<\/p>\n","protected":false},"featured_media":31577,"template":"","meta":[],"product_brand":[],"product_cat":[1470,1335,1482],"product_tag":[],"class_list":{"0":"post-31582","1":"product","2":"type-product","3":"status-publish","4":"has-post-thumbnail","6":"product_cat-capteur-solaire","7":"product_cat-energies-renouvelables-mesure-de-lenergie-eolienne-et-solaire-fr","8":"product_cat-systeme-de-suivi-du-soleil","10":"first","11":"instock","12":"shipping-taxable","13":"product-type-simple"},"yoast_head":"<!-- This site is optimized with the Yoast SEO plugin v27.1.1 - https:\/\/yoast.com\/product\/yoast-seo-wordpress\/ -->\n<title>Syst\u00e8me de suivi solaire DNI - Climate Master<\/title>\n<meta name=\"robots\" content=\"index, follow, max-snippet:-1, max-image-preview:large, max-video-preview:-1\" \/>\n<link rel=\"canonical\" href=\"https:\/\/climatemaster.ge\/fr\/produit\/sun-tracking-system-dni\/\" \/>\n<meta property=\"og:locale\" content=\"fr_FR\" \/>\n<meta property=\"og:type\" content=\"article\" \/>\n<meta property=\"og:title\" content=\"Syst\u00e8me de suivi solaire DNI - Climate Master\" \/>\n<meta property=\"og:description\" content=\"Num\u00e9ro de commande S64911\" \/>\n<meta property=\"og:url\" content=\"https:\/\/climatemaster.ge\/fr\/produit\/sun-tracking-system-dni\/\" \/>\n<meta property=\"og:site_name\" content=\"Climate Master\" \/>\n<meta property=\"article:modified_time\" content=\"2025-05-14T19:52:37+00:00\" \/>\n<meta property=\"og:image\" content=\"https:\/\/climatemaster.ge\/wp-content\/uploads\/2025\/05\/eko_str-21g.jpg__490x490_q85_crop_subsampling-2_upscale.jpg\" \/>\n\t<meta property=\"og:image:width\" content=\"490\" \/>\n\t<meta property=\"og:image:height\" content=\"490\" \/>\n\t<meta property=\"og:image:type\" content=\"image\/jpeg\" \/>\n<meta name=\"twitter:card\" content=\"summary_large_image\" \/>\n<meta name=\"twitter:label1\" content=\"Dur\u00e9e de lecture estim\u00e9e\" \/>\n\t<meta name=\"twitter:data1\" content=\"1 minute\" \/>\n<script type=\"application\/ld+json\" class=\"yoast-schema-graph\">{\"@context\":\"https:\/\/schema.org\",\"@graph\":[{\"@type\":\"WebPage\",\"@id\":\"https:\/\/climatemaster.ge\/fr\/produit\/sun-tracking-system-dni\/\",\"url\":\"https:\/\/climatemaster.ge\/fr\/produit\/sun-tracking-system-dni\/\",\"name\":\"Syst\u00e8me de suivi solaire DNI - Climate Master\",\"isPartOf\":{\"@id\":\"https:\/\/climatemaster.ge\/#website\"},\"primaryImageOfPage\":{\"@id\":\"https:\/\/climatemaster.ge\/fr\/produit\/sun-tracking-system-dni\/#primaryimage\"},\"image\":{\"@id\":\"https:\/\/climatemaster.ge\/fr\/produit\/sun-tracking-system-dni\/#primaryimage\"},\"thumbnailUrl\":\"https:\/\/climatemaster.ge\/wp-content\/uploads\/2025\/05\/eko_str-21g.jpg__490x490_q85_crop_subsampling-2_upscale.jpg\",\"datePublished\":\"2025-05-14T19:49:23+00:00\",\"dateModified\":\"2025-05-14T19:52:37+00:00\",\"breadcrumb\":{\"@id\":\"https:\/\/climatemaster.ge\/fr\/produit\/sun-tracking-system-dni\/#breadcrumb\"},\"inLanguage\":\"fr-FR\",\"potentialAction\":[{\"@type\":\"ReadAction\",\"target\":[\"https:\/\/climatemaster.ge\/fr\/produit\/sun-tracking-system-dni\/\"]}]},{\"@type\":\"ImageObject\",\"inLanguage\":\"fr-FR\",\"@id\":\"https:\/\/climatemaster.ge\/fr\/produit\/sun-tracking-system-dni\/#primaryimage\",\"url\":\"https:\/\/climatemaster.ge\/wp-content\/uploads\/2025\/05\/eko_str-21g.jpg__490x490_q85_crop_subsampling-2_upscale.jpg\",\"contentUrl\":\"https:\/\/climatemaster.ge\/wp-content\/uploads\/2025\/05\/eko_str-21g.jpg__490x490_q85_crop_subsampling-2_upscale.jpg\",\"width\":490,\"height\":490},{\"@type\":\"BreadcrumbList\",\"@id\":\"https:\/\/climatemaster.ge\/fr\/produit\/sun-tracking-system-dni\/#breadcrumb\",\"itemListElement\":[{\"@type\":\"ListItem\",\"position\":1,\"name\":\"Home\",\"item\":\"https:\/\/climatemaster.ge\/\"},{\"@type\":\"ListItem\",\"position\":2,\"name\":\"Products\",\"item\":\"https:\/\/climatemaster.ge\/products\/\"},{\"@type\":\"ListItem\",\"position\":3,\"name\":\"Syst\u00e8me de suivi solaire DNI\"}]},{\"@type\":\"WebSite\",\"@id\":\"https:\/\/climatemaster.ge\/#website\",\"url\":\"https:\/\/climatemaster.ge\/\",\"name\":\"Climate Master\",\"description\":\"\",\"publisher\":{\"@id\":\"https:\/\/climatemaster.ge\/#organization\"},\"potentialAction\":[{\"@type\":\"SearchAction\",\"target\":{\"@type\":\"EntryPoint\",\"urlTemplate\":\"https:\/\/climatemaster.ge\/?s={search_term_string}\"},\"query-input\":{\"@type\":\"PropertyValueSpecification\",\"valueRequired\":true,\"valueName\":\"search_term_string\"}}],\"inLanguage\":\"fr-FR\"},{\"@type\":\"Organization\",\"@id\":\"https:\/\/climatemaster.ge\/#organization\",\"name\":\"Climate Master\",\"url\":\"https:\/\/climatemaster.ge\/\",\"logo\":{\"@type\":\"ImageObject\",\"inLanguage\":\"fr-FR\",\"@id\":\"https:\/\/climatemaster.ge\/#\/schema\/logo\/image\/\",\"url\":\"https:\/\/climatemaster.ge\/wp-content\/uploads\/2026\/03\/Untitled-2.png\",\"contentUrl\":\"https:\/\/climatemaster.ge\/wp-content\/uploads\/2026\/03\/Untitled-2.png\",\"width\":600,\"height\":338,\"caption\":\"Climate Master\"},\"image\":{\"@id\":\"https:\/\/climatemaster.ge\/#\/schema\/logo\/image\/\"}}]}<\/script>\n<!-- \/ Yoast SEO plugin. -->","yoast_head_json":{"title":"Syst\u00e8me de suivi solaire DNI - Climate Master","robots":{"index":"index","follow":"follow","max-snippet":"max-snippet:-1","max-image-preview":"max-image-preview:large","max-video-preview":"max-video-preview:-1"},"canonical":"https:\/\/climatemaster.ge\/fr\/produit\/sun-tracking-system-dni\/","og_locale":"fr_FR","og_type":"article","og_title":"Syst\u00e8me de suivi solaire DNI - Climate Master","og_description":"Num\u00e9ro de commande S64911","og_url":"https:\/\/climatemaster.ge\/fr\/produit\/sun-tracking-system-dni\/","og_site_name":"Climate Master","article_modified_time":"2025-05-14T19:52:37+00:00","og_image":[{"width":490,"height":490,"url":"https:\/\/climatemaster.ge\/wp-content\/uploads\/2025\/05\/eko_str-21g.jpg__490x490_q85_crop_subsampling-2_upscale.jpg","type":"image\/jpeg"}],"twitter_card":"summary_large_image","twitter_misc":{"Dur\u00e9e de lecture estim\u00e9e":"1 minute"},"schema":{"@context":"https:\/\/schema.org","@graph":[{"@type":"WebPage","@id":"https:\/\/climatemaster.ge\/fr\/produit\/sun-tracking-system-dni\/","url":"https:\/\/climatemaster.ge\/fr\/produit\/sun-tracking-system-dni\/","name":"Syst\u00e8me de suivi solaire DNI - Climate Master","isPartOf":{"@id":"https:\/\/climatemaster.ge\/#website"},"primaryImageOfPage":{"@id":"https:\/\/climatemaster.ge\/fr\/produit\/sun-tracking-system-dni\/#primaryimage"},"image":{"@id":"https:\/\/climatemaster.ge\/fr\/produit\/sun-tracking-system-dni\/#primaryimage"},"thumbnailUrl":"https:\/\/climatemaster.ge\/wp-content\/uploads\/2025\/05\/eko_str-21g.jpg__490x490_q85_crop_subsampling-2_upscale.jpg","datePublished":"2025-05-14T19:49:23+00:00","dateModified":"2025-05-14T19:52:37+00:00","breadcrumb":{"@id":"https:\/\/climatemaster.ge\/fr\/produit\/sun-tracking-system-dni\/#breadcrumb"},"inLanguage":"fr-FR","potentialAction":[{"@type":"ReadAction","target":["https:\/\/climatemaster.ge\/fr\/produit\/sun-tracking-system-dni\/"]}]},{"@type":"ImageObject","inLanguage":"fr-FR","@id":"https:\/\/climatemaster.ge\/fr\/produit\/sun-tracking-system-dni\/#primaryimage","url":"https:\/\/climatemaster.ge\/wp-content\/uploads\/2025\/05\/eko_str-21g.jpg__490x490_q85_crop_subsampling-2_upscale.jpg","contentUrl":"https:\/\/climatemaster.ge\/wp-content\/uploads\/2025\/05\/eko_str-21g.jpg__490x490_q85_crop_subsampling-2_upscale.jpg","width":490,"height":490},{"@type":"BreadcrumbList","@id":"https:\/\/climatemaster.ge\/fr\/produit\/sun-tracking-system-dni\/#breadcrumb","itemListElement":[{"@type":"ListItem","position":1,"name":"Home","item":"https:\/\/climatemaster.ge\/"},{"@type":"ListItem","position":2,"name":"Products","item":"https:\/\/climatemaster.ge\/products\/"},{"@type":"ListItem","position":3,"name":"Syst\u00e8me de suivi solaire DNI"}]},{"@type":"WebSite","@id":"https:\/\/climatemaster.ge\/#website","url":"https:\/\/climatemaster.ge\/","name":"Climate Master","description":"","publisher":{"@id":"https:\/\/climatemaster.ge\/#organization"},"potentialAction":[{"@type":"SearchAction","target":{"@type":"EntryPoint","urlTemplate":"https:\/\/climatemaster.ge\/?s={search_term_string}"},"query-input":{"@type":"PropertyValueSpecification","valueRequired":true,"valueName":"search_term_string"}}],"inLanguage":"fr-FR"},{"@type":"Organization","@id":"https:\/\/climatemaster.ge\/#organization","name":"Climate Master","url":"https:\/\/climatemaster.ge\/","logo":{"@type":"ImageObject","inLanguage":"fr-FR","@id":"https:\/\/climatemaster.ge\/#\/schema\/logo\/image\/","url":"https:\/\/climatemaster.ge\/wp-content\/uploads\/2026\/03\/Untitled-2.png","contentUrl":"https:\/\/climatemaster.ge\/wp-content\/uploads\/2026\/03\/Untitled-2.png","width":600,"height":338,"caption":"Climate Master"},"image":{"@id":"https:\/\/climatemaster.ge\/#\/schema\/logo\/image\/"}}]}},"_links":{"self":[{"href":"https:\/\/climatemaster.ge\/fr\/wp-json\/wp\/v2\/product\/31582","targetHints":{"allow":["GET"]}}],"collection":[{"href":"https:\/\/climatemaster.ge\/fr\/wp-json\/wp\/v2\/product"}],"about":[{"href":"https:\/\/climatemaster.ge\/fr\/wp-json\/wp\/v2\/types\/product"}],"wp:featuredmedia":[{"embeddable":true,"href":"https:\/\/climatemaster.ge\/fr\/wp-json\/wp\/v2\/media\/31577"}],"wp:attachment":[{"href":"https:\/\/climatemaster.ge\/fr\/wp-json\/wp\/v2\/media?parent=31582"}],"wp:term":[{"taxonomy":"product_brand","embeddable":true,"href":"https:\/\/climatemaster.ge\/fr\/wp-json\/wp\/v2\/product_brand?post=31582"},{"taxonomy":"product_cat","embeddable":true,"href":"https:\/\/climatemaster.ge\/fr\/wp-json\/wp\/v2\/product_cat?post=31582"},{"taxonomy":"product_tag","embeddable":true,"href":"https:\/\/climatemaster.ge\/fr\/wp-json\/wp\/v2\/product_tag?post=31582"}],"curies":[{"name":"wp","href":"https:\/\/api.w.org\/{rel}","templated":true}]}}