{"id":31459,"date":"2025-05-11T18:30:56","date_gmt":"2025-05-11T14:30:56","guid":{"rendered":"https:\/\/airsystems.ge\/shop\/product\/calibration-wind-vane-thies-first-class\/"},"modified":"2025-05-11T18:33:29","modified_gmt":"2025-05-11T14:33:29","slug":"calibration-wind-vane-thies-first-class","status":"publish","type":"product","link":"https:\/\/climatemaster.ge\/fr\/produit\/calibration-wind-vane-thies-first-class\/","title":{"rendered":"\u00c9talonnage de la girouette Thies First Class"},"content":{"rendered":"","protected":false},"excerpt":{"rendered":"<p>R\u00e9f\u00e9rence\u00a0: S21095T \/ S21095TH \/ S21095P \/ S21095PH<\/p>\n<p>S21095T \u00c9talonnage de la girouette Thies First Class TMR<br \/>\nS21095TH \u00c9talonnage de la girouette Thies First Class TMR chauffante<br \/>\nS21095P \u00c9talonnage de la girouette Thies First Class POT<br \/>\nS21095PH \u00c9talonnage de la girouette Thies First Class POT chauffante<\/p>\n<p>R\u00e9alis\u00e9 par la soufflerie Ammonit<br \/>\n&#8211; Laboratoire accr\u00e9dit\u00e9 DAkkS &#8211; selon la proc\u00e9dure Measnet, certificat inclus<\/p>\n","protected":false},"featured_media":31454,"template":"","meta":[],"product_brand":[],"product_cat":[1415,1335,1464],"product_tag":[],"class_list":{"0":"post-31459","1":"product","2":"type-product","3":"status-publish","4":"has-post-thumbnail","6":"product_cat-capteur-de-vent","7":"product_cat-energies-renouvelables-mesure-de-lenergie-eolienne-et-solaire-fr","8":"product_cat-etalonnage","10":"first","11":"instock","12":"shipping-taxable","13":"product-type-simple"},"yoast_head":"<!-- This site is optimized with the Yoast SEO plugin v27.1.1 - https:\/\/yoast.com\/product\/yoast-seo-wordpress\/ -->\n<title>\u00c9talonnage de la girouette Thies First Class - Climate Master<\/title>\n<meta name=\"robots\" content=\"index, follow, max-snippet:-1, max-image-preview:large, max-video-preview:-1\" \/>\n<link rel=\"canonical\" href=\"https:\/\/climatemaster.ge\/fr\/produit\/calibration-wind-vane-thies-first-class\/\" \/>\n<meta property=\"og:locale\" content=\"fr_FR\" \/>\n<meta property=\"og:type\" content=\"article\" \/>\n<meta property=\"og:title\" content=\"\u00c9talonnage de la girouette Thies First Class - Climate Master\" \/>\n<meta property=\"og:description\" content=\"R\u00e9f\u00e9rence\u00a0: S21095T \/ S21095TH \/ S21095P \/ S21095PH  S21095T \u00c9talonnage de la girouette Thies First Class TMR S21095TH \u00c9talonnage de la girouette Thies First Class TMR chauffante S21095P \u00c9talonnage de la girouette Thies First Class POT S21095PH \u00c9talonnage de la girouette Thies First Class POT chauffante  R\u00e9alis\u00e9 par la soufflerie Ammonit - Laboratoire accr\u00e9dit\u00e9 DAkkS - selon la proc\u00e9dure Measnet, certificat inclus\" \/>\n<meta property=\"og:url\" content=\"https:\/\/climatemaster.ge\/fr\/produit\/calibration-wind-vane-thies-first-class\/\" \/>\n<meta property=\"og:site_name\" content=\"Climate Master\" \/>\n<meta property=\"article:modified_time\" content=\"2025-05-11T14:33:29+00:00\" \/>\n<meta property=\"og:image\" content=\"https:\/\/climatemaster.ge\/wp-content\/uploads\/2025\/05\/calibration_ammonit_wind_tunnel.png__490x490_q85_crop_subsampling-2_upscale.jpg\" \/>\n\t<meta property=\"og:image:width\" content=\"490\" \/>\n\t<meta property=\"og:image:height\" content=\"490\" \/>\n\t<meta property=\"og:image:type\" content=\"image\/jpeg\" \/>\n<meta name=\"twitter:card\" content=\"summary_large_image\" \/>\n<script type=\"application\/ld+json\" class=\"yoast-schema-graph\">{\"@context\":\"https:\/\/schema.org\",\"@graph\":[{\"@type\":\"WebPage\",\"@id\":\"https:\/\/climatemaster.ge\/fr\/produit\/calibration-wind-vane-thies-first-class\/\",\"url\":\"https:\/\/climatemaster.ge\/fr\/produit\/calibration-wind-vane-thies-first-class\/\",\"name\":\"\u00c9talonnage de la girouette Thies First Class - Climate Master\",\"isPartOf\":{\"@id\":\"https:\/\/climatemaster.ge\/#website\"},\"primaryImageOfPage\":{\"@id\":\"https:\/\/climatemaster.ge\/fr\/produit\/calibration-wind-vane-thies-first-class\/#primaryimage\"},\"image\":{\"@id\":\"https:\/\/climatemaster.ge\/fr\/produit\/calibration-wind-vane-thies-first-class\/#primaryimage\"},\"thumbnailUrl\":\"https:\/\/climatemaster.ge\/wp-content\/uploads\/2025\/05\/calibration_ammonit_wind_tunnel.png__490x490_q85_crop_subsampling-2_upscale.jpg\",\"datePublished\":\"2025-05-11T14:30:56+00:00\",\"dateModified\":\"2025-05-11T14:33:29+00:00\",\"breadcrumb\":{\"@id\":\"https:\/\/climatemaster.ge\/fr\/produit\/calibration-wind-vane-thies-first-class\/#breadcrumb\"},\"inLanguage\":\"fr-FR\",\"potentialAction\":[{\"@type\":\"ReadAction\",\"target\":[\"https:\/\/climatemaster.ge\/fr\/produit\/calibration-wind-vane-thies-first-class\/\"]}]},{\"@type\":\"ImageObject\",\"inLanguage\":\"fr-FR\",\"@id\":\"https:\/\/climatemaster.ge\/fr\/produit\/calibration-wind-vane-thies-first-class\/#primaryimage\",\"url\":\"https:\/\/climatemaster.ge\/wp-content\/uploads\/2025\/05\/calibration_ammonit_wind_tunnel.png__490x490_q85_crop_subsampling-2_upscale.jpg\",\"contentUrl\":\"https:\/\/climatemaster.ge\/wp-content\/uploads\/2025\/05\/calibration_ammonit_wind_tunnel.png__490x490_q85_crop_subsampling-2_upscale.jpg\",\"width\":490,\"height\":490},{\"@type\":\"BreadcrumbList\",\"@id\":\"https:\/\/climatemaster.ge\/fr\/produit\/calibration-wind-vane-thies-first-class\/#breadcrumb\",\"itemListElement\":[{\"@type\":\"ListItem\",\"position\":1,\"name\":\"Home\",\"item\":\"https:\/\/climatemaster.ge\/\"},{\"@type\":\"ListItem\",\"position\":2,\"name\":\"Products\",\"item\":\"https:\/\/climatemaster.ge\/products\/\"},{\"@type\":\"ListItem\",\"position\":3,\"name\":\"\u00c9talonnage de la girouette Thies First Class\"}]},{\"@type\":\"WebSite\",\"@id\":\"https:\/\/climatemaster.ge\/#website\",\"url\":\"https:\/\/climatemaster.ge\/\",\"name\":\"Climate Master\",\"description\":\"\",\"publisher\":{\"@id\":\"https:\/\/climatemaster.ge\/#organization\"},\"potentialAction\":[{\"@type\":\"SearchAction\",\"target\":{\"@type\":\"EntryPoint\",\"urlTemplate\":\"https:\/\/climatemaster.ge\/?s={search_term_string}\"},\"query-input\":{\"@type\":\"PropertyValueSpecification\",\"valueRequired\":true,\"valueName\":\"search_term_string\"}}],\"inLanguage\":\"fr-FR\"},{\"@type\":\"Organization\",\"@id\":\"https:\/\/climatemaster.ge\/#organization\",\"name\":\"Climate Master\",\"url\":\"https:\/\/climatemaster.ge\/\",\"logo\":{\"@type\":\"ImageObject\",\"inLanguage\":\"fr-FR\",\"@id\":\"https:\/\/climatemaster.ge\/#\/schema\/logo\/image\/\",\"url\":\"https:\/\/climatemaster.ge\/wp-content\/uploads\/2026\/03\/Untitled-2.png\",\"contentUrl\":\"https:\/\/climatemaster.ge\/wp-content\/uploads\/2026\/03\/Untitled-2.png\",\"width\":600,\"height\":338,\"caption\":\"Climate Master\"},\"image\":{\"@id\":\"https:\/\/climatemaster.ge\/#\/schema\/logo\/image\/\"}}]}<\/script>\n<!-- \/ Yoast SEO plugin. -->","yoast_head_json":{"title":"\u00c9talonnage de la girouette Thies First Class - Climate Master","robots":{"index":"index","follow":"follow","max-snippet":"max-snippet:-1","max-image-preview":"max-image-preview:large","max-video-preview":"max-video-preview:-1"},"canonical":"https:\/\/climatemaster.ge\/fr\/produit\/calibration-wind-vane-thies-first-class\/","og_locale":"fr_FR","og_type":"article","og_title":"\u00c9talonnage de la girouette Thies First Class - Climate Master","og_description":"R\u00e9f\u00e9rence\u00a0: S21095T \/ S21095TH \/ S21095P \/ S21095PH  S21095T \u00c9talonnage de la girouette Thies First Class TMR S21095TH \u00c9talonnage de la girouette Thies First Class TMR chauffante S21095P \u00c9talonnage de la girouette Thies First Class POT S21095PH \u00c9talonnage de la girouette Thies First Class POT chauffante  R\u00e9alis\u00e9 par la soufflerie Ammonit - Laboratoire accr\u00e9dit\u00e9 DAkkS - selon la proc\u00e9dure Measnet, certificat inclus","og_url":"https:\/\/climatemaster.ge\/fr\/produit\/calibration-wind-vane-thies-first-class\/","og_site_name":"Climate Master","article_modified_time":"2025-05-11T14:33:29+00:00","og_image":[{"width":490,"height":490,"url":"https:\/\/climatemaster.ge\/wp-content\/uploads\/2025\/05\/calibration_ammonit_wind_tunnel.png__490x490_q85_crop_subsampling-2_upscale.jpg","type":"image\/jpeg"}],"twitter_card":"summary_large_image","schema":{"@context":"https:\/\/schema.org","@graph":[{"@type":"WebPage","@id":"https:\/\/climatemaster.ge\/fr\/produit\/calibration-wind-vane-thies-first-class\/","url":"https:\/\/climatemaster.ge\/fr\/produit\/calibration-wind-vane-thies-first-class\/","name":"\u00c9talonnage de la girouette Thies First Class - Climate Master","isPartOf":{"@id":"https:\/\/climatemaster.ge\/#website"},"primaryImageOfPage":{"@id":"https:\/\/climatemaster.ge\/fr\/produit\/calibration-wind-vane-thies-first-class\/#primaryimage"},"image":{"@id":"https:\/\/climatemaster.ge\/fr\/produit\/calibration-wind-vane-thies-first-class\/#primaryimage"},"thumbnailUrl":"https:\/\/climatemaster.ge\/wp-content\/uploads\/2025\/05\/calibration_ammonit_wind_tunnel.png__490x490_q85_crop_subsampling-2_upscale.jpg","datePublished":"2025-05-11T14:30:56+00:00","dateModified":"2025-05-11T14:33:29+00:00","breadcrumb":{"@id":"https:\/\/climatemaster.ge\/fr\/produit\/calibration-wind-vane-thies-first-class\/#breadcrumb"},"inLanguage":"fr-FR","potentialAction":[{"@type":"ReadAction","target":["https:\/\/climatemaster.ge\/fr\/produit\/calibration-wind-vane-thies-first-class\/"]}]},{"@type":"ImageObject","inLanguage":"fr-FR","@id":"https:\/\/climatemaster.ge\/fr\/produit\/calibration-wind-vane-thies-first-class\/#primaryimage","url":"https:\/\/climatemaster.ge\/wp-content\/uploads\/2025\/05\/calibration_ammonit_wind_tunnel.png__490x490_q85_crop_subsampling-2_upscale.jpg","contentUrl":"https:\/\/climatemaster.ge\/wp-content\/uploads\/2025\/05\/calibration_ammonit_wind_tunnel.png__490x490_q85_crop_subsampling-2_upscale.jpg","width":490,"height":490},{"@type":"BreadcrumbList","@id":"https:\/\/climatemaster.ge\/fr\/produit\/calibration-wind-vane-thies-first-class\/#breadcrumb","itemListElement":[{"@type":"ListItem","position":1,"name":"Home","item":"https:\/\/climatemaster.ge\/"},{"@type":"ListItem","position":2,"name":"Products","item":"https:\/\/climatemaster.ge\/products\/"},{"@type":"ListItem","position":3,"name":"\u00c9talonnage de la girouette Thies First Class"}]},{"@type":"WebSite","@id":"https:\/\/climatemaster.ge\/#website","url":"https:\/\/climatemaster.ge\/","name":"Climate Master","description":"","publisher":{"@id":"https:\/\/climatemaster.ge\/#organization"},"potentialAction":[{"@type":"SearchAction","target":{"@type":"EntryPoint","urlTemplate":"https:\/\/climatemaster.ge\/?s={search_term_string}"},"query-input":{"@type":"PropertyValueSpecification","valueRequired":true,"valueName":"search_term_string"}}],"inLanguage":"fr-FR"},{"@type":"Organization","@id":"https:\/\/climatemaster.ge\/#organization","name":"Climate Master","url":"https:\/\/climatemaster.ge\/","logo":{"@type":"ImageObject","inLanguage":"fr-FR","@id":"https:\/\/climatemaster.ge\/#\/schema\/logo\/image\/","url":"https:\/\/climatemaster.ge\/wp-content\/uploads\/2026\/03\/Untitled-2.png","contentUrl":"https:\/\/climatemaster.ge\/wp-content\/uploads\/2026\/03\/Untitled-2.png","width":600,"height":338,"caption":"Climate Master"},"image":{"@id":"https:\/\/climatemaster.ge\/#\/schema\/logo\/image\/"}}]}},"_links":{"self":[{"href":"https:\/\/climatemaster.ge\/fr\/wp-json\/wp\/v2\/product\/31459","targetHints":{"allow":["GET"]}}],"collection":[{"href":"https:\/\/climatemaster.ge\/fr\/wp-json\/wp\/v2\/product"}],"about":[{"href":"https:\/\/climatemaster.ge\/fr\/wp-json\/wp\/v2\/types\/product"}],"wp:featuredmedia":[{"embeddable":true,"href":"https:\/\/climatemaster.ge\/fr\/wp-json\/wp\/v2\/media\/31454"}],"wp:attachment":[{"href":"https:\/\/climatemaster.ge\/fr\/wp-json\/wp\/v2\/media?parent=31459"}],"wp:term":[{"taxonomy":"product_brand","embeddable":true,"href":"https:\/\/climatemaster.ge\/fr\/wp-json\/wp\/v2\/product_brand?post=31459"},{"taxonomy":"product_cat","embeddable":true,"href":"https:\/\/climatemaster.ge\/fr\/wp-json\/wp\/v2\/product_cat?post=31459"},{"taxonomy":"product_tag","embeddable":true,"href":"https:\/\/climatemaster.ge\/fr\/wp-json\/wp\/v2\/product_tag?post=31459"}],"curies":[{"name":"wp","href":"https:\/\/api.w.org\/{rel}","templated":true}]}}