{"id":31392,"date":"2025-05-11T17:31:09","date_gmt":"2025-05-11T13:31:09","guid":{"rendered":"https:\/\/airsystems.ge\/shop\/product\/compact-weather-station-lufft-ws300-umb\/"},"modified":"2025-05-11T17:33:39","modified_gmt":"2025-05-11T13:33:39","slug":"compact-weather-station-lufft-ws300-umb","status":"publish","type":"product","link":"https:\/\/climatemaster.ge\/fr\/produit\/compact-weather-station-lufft-ws300-umb\/","title":{"rendered":"Station m\u00e9t\u00e9o compacte Lufft WS300-UMB"},"content":{"rendered":"<p>Les stations m\u00e9t\u00e9o compactes Lufft avec bus de mesure universel (UMB) sont con\u00e7ues pour l&rsquo;enregistrement de donn\u00e9es environnementales. La s\u00e9rie WS propose une gamme compl\u00e8te de capteurs environnementaux pour l&rsquo;enregistrement de la vitesse et de la direction du vent, ainsi que de la pression atmosph\u00e9rique, de la temp\u00e9rature, de l&rsquo;humidit\u00e9 relative et des pr\u00e9cipitations. Les stations m\u00e9t\u00e9o compactes se distinguent notamment par leur rapport qualit\u00e9-prix in\u00e9gal\u00e9. Le mod\u00e8le haut de gamme, la WS600-UMB, int\u00e8gre des capteurs de temp\u00e9rature, d&rsquo;humidit\u00e9, de pr\u00e9cipitations, de pression atmosph\u00e9rique, de direction et de vitesse du vent.<\/p>\n<p>Les donn\u00e9es de vent sont mesur\u00e9es par ultrasons 2D. La temp\u00e9rature est mesur\u00e9e par CTN, tandis que la pression atmosph\u00e9rique et l&rsquo;humidit\u00e9 relative sont mesur\u00e9es capacitivement.<\/p>\n<p>Le raccordement \u00e9lectrique de toutes les stations m\u00e9t\u00e9o compactes UMB s&rsquo;effectue via un syst\u00e8me de connecteur standard, ce qui minimise les co\u00fbts d&rsquo;installation et de maintenance. Toutes les stations m\u00e9t\u00e9o compactes UMB peuvent \u00eatre interrog\u00e9es via un protocole standard. Une fois l&rsquo;interrogation des donn\u00e9es int\u00e9gr\u00e9e pour un capteur, des capteurs suppl\u00e9mentaires peuvent \u00eatre ajout\u00e9s par un simple param\u00e9trage du syst\u00e8me d&rsquo;interrogation des donn\u00e9es.<\/p>\n<p>L&rsquo;interrogation des donn\u00e9es des capteurs par canal fournit un grand nombre de variables calcul\u00e9es aux formats m\u00e9trique et am\u00e9ricain, \u00e9vitant ainsi toute conversion par l&rsquo;utilisateur. Les capteurs peuvent \u00eatre configur\u00e9s, test\u00e9s et mis \u00e0 jour gr\u00e2ce au logiciel de configuration gratuit (UMBConfig-Tool).<\/p>\n<table border=\"1\" width=\"662\" cellspacing=\"1\" cellpadding=\"1\">\n<thead>\n<tr>\n<th colspan=\"2\" scope=\"col\"><span style=\"font-weight: 400;\">Air pressure<\/span><\/th>\n<\/tr>\n<\/thead>\n<tbody>\n<tr>\n<td>Measuring range<\/td>\n<td>300 .. 1200 hPa<\/td>\n<\/tr>\n<tr>\n<td>Accuracy<\/td>\n<td>\u00b10.5h Pa (0 &#8230; 40\u00b0C)<\/td>\n<\/tr>\n<tr>\n<th colspan=\"2\"><span style=\"font-weight: 400;\">Temperature<\/span><\/th>\n<\/tr>\n<tr>\n<td>Measuring range<\/td>\n<td>-50 &#8230; 60\u00b0C<\/td>\n<\/tr>\n<tr>\n<td>Accuracy<\/td>\n<td>\u00b10.2\u00b0C (-20 &#8230; 50\u00b0C), otherwise \u00b10.5\u00b0C<\/td>\n<\/tr>\n<tr>\n<th colspan=\"2\"><span style=\"font-weight: 400;\">Rel. humidity<\/span><\/th>\n<\/tr>\n<tr>\n<td>Measuring range<\/td>\n<td>0 &#8230; 100% RH<\/td>\n<\/tr>\n<tr>\n<td>Accuracy<\/td>\n<td>\u00b12% RH<\/td>\n<\/tr>\n<tr>\n<th colspan=\"2\"><span style=\"font-weight: 400;\">General<\/span><\/th>\n<\/tr>\n<tr>\n<td>Power supply<\/td>\n<td>12-24 V DC \u00b110%<\/td>\n<\/tr>\n<tr>\n<td>Heating<\/td>\n<td>20 VA @ 24 V DC<\/td>\n<\/tr>\n<tr>\n<td>Interface<\/td>\n<td>RS485, 2-wire, half-duplex (MODBUS communication protocol)<\/td>\n<\/tr>\n<tr>\n<td>Connection<\/td>\n<td>8-pole screw connector<\/td>\n<\/tr>\n<tr>\n<td>Operating temperature range<\/td>\n<td>-50 &#8230; 60\u00b0C<\/td>\n<\/tr>\n<tr>\n<td>Operating humidity range<\/td>\n<td>0 &#8230; 100% RH<\/td>\n<\/tr>\n<tr>\n<td>Dimension \/ Weight<\/td>\n<td>\u00d8 150 mm, height: 223 mm \/ 1.0 kg<\/td>\n<\/tr>\n<tr>\n<td>Protection type housing<\/td>\n<td>IP66<\/td>\n<\/tr>\n<tr>\n<td>Cable length<\/td>\n<td>10 m\u00a0 (contact us for other cable length)<\/td>\n<\/tr>\n<tr>\n<td>Accessories<\/td>\n<td>RS485 module for data logger Meteo-40 (Order-No: M83551)<\/td>\n<\/tr>\n<tr>\n<td>Manufacturer<\/td>\n<td>G. Lufft Mess- und Regeltechnik GmbH<\/td>\n<\/tr>\n<\/tbody>\n<\/table>\n","protected":false},"excerpt":{"rendered":"<p><strong>R\u00e9f\u00e9rence<\/strong><br \/>\nS55300<\/p>\n<p>Station m\u00e9t\u00e9orologique compacte pour la mesure de la vitesse et de la direction du vent (ultrasons 2D) ou de la pression atmosph\u00e9rique, de la temp\u00e9rature et de l&rsquo;humidit\u00e9 relative.<br \/>\nInterface RS485<br \/>\nProtocole de communication MODBUS<\/p>\n","protected":false},"featured_media":31375,"template":"","meta":[],"product_brand":[],"product_cat":[1415,1335,1458],"product_tag":[],"class_list":{"0":"post-31392","1":"product","2":"type-product","3":"status-publish","4":"has-post-thumbnail","6":"product_cat-capteur-de-vent","7":"product_cat-energies-renouvelables-mesure-de-lenergie-eolienne-et-solaire-fr","8":"product_cat-station-meteo","10":"first","11":"instock","12":"shipping-taxable","13":"product-type-simple"},"yoast_head":"<!-- This site is optimized with the Yoast SEO plugin v27.1.1 - https:\/\/yoast.com\/product\/yoast-seo-wordpress\/ -->\n<title>Station m\u00e9t\u00e9o compacte Lufft WS300-UMB - Climate Master<\/title>\n<meta name=\"robots\" content=\"index, follow, max-snippet:-1, max-image-preview:large, max-video-preview:-1\" \/>\n<link rel=\"canonical\" href=\"https:\/\/climatemaster.ge\/fr\/produit\/compact-weather-station-lufft-ws300-umb\/\" \/>\n<meta property=\"og:locale\" content=\"fr_FR\" \/>\n<meta property=\"og:type\" content=\"article\" \/>\n<meta property=\"og:title\" content=\"Station m\u00e9t\u00e9o compacte Lufft WS300-UMB - Climate Master\" \/>\n<meta property=\"og:description\" content=\"R\u00e9f\u00e9rence S55300  Station m\u00e9t\u00e9orologique compacte pour la mesure de la vitesse et de la direction du vent (ultrasons 2D) ou de la pression atmosph\u00e9rique, de la temp\u00e9rature et de l&#039;humidit\u00e9 relative. Interface RS485 Protocole de communication MODBUS\" \/>\n<meta property=\"og:url\" content=\"https:\/\/climatemaster.ge\/fr\/produit\/compact-weather-station-lufft-ws300-umb\/\" \/>\n<meta property=\"og:site_name\" content=\"Climate Master\" \/>\n<meta property=\"article:modified_time\" content=\"2025-05-11T13:33:39+00:00\" \/>\n<meta property=\"og:image\" content=\"https:\/\/climatemaster.ge\/wp-content\/uploads\/2025\/05\/weatherstation-lufft-ws300.png__490x490_q85_crop_subsampling-2_upscale.png\" \/>\n\t<meta property=\"og:image:width\" content=\"490\" \/>\n\t<meta property=\"og:image:height\" content=\"490\" \/>\n\t<meta property=\"og:image:type\" content=\"image\/png\" \/>\n<meta name=\"twitter:card\" content=\"summary_large_image\" \/>\n<meta name=\"twitter:label1\" content=\"Dur\u00e9e de lecture estim\u00e9e\" \/>\n\t<meta name=\"twitter:data1\" content=\"2 minutes\" \/>\n<script type=\"application\/ld+json\" class=\"yoast-schema-graph\">{\"@context\":\"https:\/\/schema.org\",\"@graph\":[{\"@type\":\"WebPage\",\"@id\":\"https:\/\/climatemaster.ge\/fr\/produit\/compact-weather-station-lufft-ws300-umb\/\",\"url\":\"https:\/\/climatemaster.ge\/fr\/produit\/compact-weather-station-lufft-ws300-umb\/\",\"name\":\"Station m\u00e9t\u00e9o compacte Lufft WS300-UMB - Climate Master\",\"isPartOf\":{\"@id\":\"https:\/\/climatemaster.ge\/#website\"},\"primaryImageOfPage\":{\"@id\":\"https:\/\/climatemaster.ge\/fr\/produit\/compact-weather-station-lufft-ws300-umb\/#primaryimage\"},\"image\":{\"@id\":\"https:\/\/climatemaster.ge\/fr\/produit\/compact-weather-station-lufft-ws300-umb\/#primaryimage\"},\"thumbnailUrl\":\"https:\/\/climatemaster.ge\/wp-content\/uploads\/2025\/05\/weatherstation-lufft-ws300.png__490x490_q85_crop_subsampling-2_upscale.png\",\"datePublished\":\"2025-05-11T13:31:09+00:00\",\"dateModified\":\"2025-05-11T13:33:39+00:00\",\"breadcrumb\":{\"@id\":\"https:\/\/climatemaster.ge\/fr\/produit\/compact-weather-station-lufft-ws300-umb\/#breadcrumb\"},\"inLanguage\":\"fr-FR\",\"potentialAction\":[{\"@type\":\"ReadAction\",\"target\":[\"https:\/\/climatemaster.ge\/fr\/produit\/compact-weather-station-lufft-ws300-umb\/\"]}]},{\"@type\":\"ImageObject\",\"inLanguage\":\"fr-FR\",\"@id\":\"https:\/\/climatemaster.ge\/fr\/produit\/compact-weather-station-lufft-ws300-umb\/#primaryimage\",\"url\":\"https:\/\/climatemaster.ge\/wp-content\/uploads\/2025\/05\/weatherstation-lufft-ws300.png__490x490_q85_crop_subsampling-2_upscale.png\",\"contentUrl\":\"https:\/\/climatemaster.ge\/wp-content\/uploads\/2025\/05\/weatherstation-lufft-ws300.png__490x490_q85_crop_subsampling-2_upscale.png\",\"width\":490,\"height\":490},{\"@type\":\"BreadcrumbList\",\"@id\":\"https:\/\/climatemaster.ge\/fr\/produit\/compact-weather-station-lufft-ws300-umb\/#breadcrumb\",\"itemListElement\":[{\"@type\":\"ListItem\",\"position\":1,\"name\":\"Home\",\"item\":\"https:\/\/climatemaster.ge\/\"},{\"@type\":\"ListItem\",\"position\":2,\"name\":\"Products\",\"item\":\"https:\/\/climatemaster.ge\/products\/\"},{\"@type\":\"ListItem\",\"position\":3,\"name\":\"Station m\u00e9t\u00e9o compacte Lufft WS300-UMB\"}]},{\"@type\":\"WebSite\",\"@id\":\"https:\/\/climatemaster.ge\/#website\",\"url\":\"https:\/\/climatemaster.ge\/\",\"name\":\"Climate Master\",\"description\":\"\",\"publisher\":{\"@id\":\"https:\/\/climatemaster.ge\/#organization\"},\"potentialAction\":[{\"@type\":\"SearchAction\",\"target\":{\"@type\":\"EntryPoint\",\"urlTemplate\":\"https:\/\/climatemaster.ge\/?s={search_term_string}\"},\"query-input\":{\"@type\":\"PropertyValueSpecification\",\"valueRequired\":true,\"valueName\":\"search_term_string\"}}],\"inLanguage\":\"fr-FR\"},{\"@type\":\"Organization\",\"@id\":\"https:\/\/climatemaster.ge\/#organization\",\"name\":\"Climate Master\",\"url\":\"https:\/\/climatemaster.ge\/\",\"logo\":{\"@type\":\"ImageObject\",\"inLanguage\":\"fr-FR\",\"@id\":\"https:\/\/climatemaster.ge\/#\/schema\/logo\/image\/\",\"url\":\"https:\/\/climatemaster.ge\/wp-content\/uploads\/2026\/03\/Untitled-2.png\",\"contentUrl\":\"https:\/\/climatemaster.ge\/wp-content\/uploads\/2026\/03\/Untitled-2.png\",\"width\":600,\"height\":338,\"caption\":\"Climate Master\"},\"image\":{\"@id\":\"https:\/\/climatemaster.ge\/#\/schema\/logo\/image\/\"}}]}<\/script>\n<!-- \/ Yoast SEO plugin. -->","yoast_head_json":{"title":"Station m\u00e9t\u00e9o compacte Lufft WS300-UMB - Climate Master","robots":{"index":"index","follow":"follow","max-snippet":"max-snippet:-1","max-image-preview":"max-image-preview:large","max-video-preview":"max-video-preview:-1"},"canonical":"https:\/\/climatemaster.ge\/fr\/produit\/compact-weather-station-lufft-ws300-umb\/","og_locale":"fr_FR","og_type":"article","og_title":"Station m\u00e9t\u00e9o compacte Lufft WS300-UMB - Climate Master","og_description":"R\u00e9f\u00e9rence S55300  Station m\u00e9t\u00e9orologique compacte pour la mesure de la vitesse et de la direction du vent (ultrasons 2D) ou de la pression atmosph\u00e9rique, de la temp\u00e9rature et de l'humidit\u00e9 relative. Interface RS485 Protocole de communication MODBUS","og_url":"https:\/\/climatemaster.ge\/fr\/produit\/compact-weather-station-lufft-ws300-umb\/","og_site_name":"Climate Master","article_modified_time":"2025-05-11T13:33:39+00:00","og_image":[{"width":490,"height":490,"url":"https:\/\/climatemaster.ge\/wp-content\/uploads\/2025\/05\/weatherstation-lufft-ws300.png__490x490_q85_crop_subsampling-2_upscale.png","type":"image\/png"}],"twitter_card":"summary_large_image","twitter_misc":{"Dur\u00e9e de lecture estim\u00e9e":"2 minutes"},"schema":{"@context":"https:\/\/schema.org","@graph":[{"@type":"WebPage","@id":"https:\/\/climatemaster.ge\/fr\/produit\/compact-weather-station-lufft-ws300-umb\/","url":"https:\/\/climatemaster.ge\/fr\/produit\/compact-weather-station-lufft-ws300-umb\/","name":"Station m\u00e9t\u00e9o compacte Lufft WS300-UMB - Climate Master","isPartOf":{"@id":"https:\/\/climatemaster.ge\/#website"},"primaryImageOfPage":{"@id":"https:\/\/climatemaster.ge\/fr\/produit\/compact-weather-station-lufft-ws300-umb\/#primaryimage"},"image":{"@id":"https:\/\/climatemaster.ge\/fr\/produit\/compact-weather-station-lufft-ws300-umb\/#primaryimage"},"thumbnailUrl":"https:\/\/climatemaster.ge\/wp-content\/uploads\/2025\/05\/weatherstation-lufft-ws300.png__490x490_q85_crop_subsampling-2_upscale.png","datePublished":"2025-05-11T13:31:09+00:00","dateModified":"2025-05-11T13:33:39+00:00","breadcrumb":{"@id":"https:\/\/climatemaster.ge\/fr\/produit\/compact-weather-station-lufft-ws300-umb\/#breadcrumb"},"inLanguage":"fr-FR","potentialAction":[{"@type":"ReadAction","target":["https:\/\/climatemaster.ge\/fr\/produit\/compact-weather-station-lufft-ws300-umb\/"]}]},{"@type":"ImageObject","inLanguage":"fr-FR","@id":"https:\/\/climatemaster.ge\/fr\/produit\/compact-weather-station-lufft-ws300-umb\/#primaryimage","url":"https:\/\/climatemaster.ge\/wp-content\/uploads\/2025\/05\/weatherstation-lufft-ws300.png__490x490_q85_crop_subsampling-2_upscale.png","contentUrl":"https:\/\/climatemaster.ge\/wp-content\/uploads\/2025\/05\/weatherstation-lufft-ws300.png__490x490_q85_crop_subsampling-2_upscale.png","width":490,"height":490},{"@type":"BreadcrumbList","@id":"https:\/\/climatemaster.ge\/fr\/produit\/compact-weather-station-lufft-ws300-umb\/#breadcrumb","itemListElement":[{"@type":"ListItem","position":1,"name":"Home","item":"https:\/\/climatemaster.ge\/"},{"@type":"ListItem","position":2,"name":"Products","item":"https:\/\/climatemaster.ge\/products\/"},{"@type":"ListItem","position":3,"name":"Station m\u00e9t\u00e9o compacte Lufft WS300-UMB"}]},{"@type":"WebSite","@id":"https:\/\/climatemaster.ge\/#website","url":"https:\/\/climatemaster.ge\/","name":"Climate Master","description":"","publisher":{"@id":"https:\/\/climatemaster.ge\/#organization"},"potentialAction":[{"@type":"SearchAction","target":{"@type":"EntryPoint","urlTemplate":"https:\/\/climatemaster.ge\/?s={search_term_string}"},"query-input":{"@type":"PropertyValueSpecification","valueRequired":true,"valueName":"search_term_string"}}],"inLanguage":"fr-FR"},{"@type":"Organization","@id":"https:\/\/climatemaster.ge\/#organization","name":"Climate Master","url":"https:\/\/climatemaster.ge\/","logo":{"@type":"ImageObject","inLanguage":"fr-FR","@id":"https:\/\/climatemaster.ge\/#\/schema\/logo\/image\/","url":"https:\/\/climatemaster.ge\/wp-content\/uploads\/2026\/03\/Untitled-2.png","contentUrl":"https:\/\/climatemaster.ge\/wp-content\/uploads\/2026\/03\/Untitled-2.png","width":600,"height":338,"caption":"Climate Master"},"image":{"@id":"https:\/\/climatemaster.ge\/#\/schema\/logo\/image\/"}}]}},"_links":{"self":[{"href":"https:\/\/climatemaster.ge\/fr\/wp-json\/wp\/v2\/product\/31392","targetHints":{"allow":["GET"]}}],"collection":[{"href":"https:\/\/climatemaster.ge\/fr\/wp-json\/wp\/v2\/product"}],"about":[{"href":"https:\/\/climatemaster.ge\/fr\/wp-json\/wp\/v2\/types\/product"}],"wp:featuredmedia":[{"embeddable":true,"href":"https:\/\/climatemaster.ge\/fr\/wp-json\/wp\/v2\/media\/31375"}],"wp:attachment":[{"href":"https:\/\/climatemaster.ge\/fr\/wp-json\/wp\/v2\/media?parent=31392"}],"wp:term":[{"taxonomy":"product_brand","embeddable":true,"href":"https:\/\/climatemaster.ge\/fr\/wp-json\/wp\/v2\/product_brand?post=31392"},{"taxonomy":"product_cat","embeddable":true,"href":"https:\/\/climatemaster.ge\/fr\/wp-json\/wp\/v2\/product_cat?post=31392"},{"taxonomy":"product_tag","embeddable":true,"href":"https:\/\/climatemaster.ge\/fr\/wp-json\/wp\/v2\/product_tag?post=31392"}],"curies":[{"name":"wp","href":"https:\/\/api.w.org\/{rel}","templated":true}]}}