{"id":31137,"date":"2025-05-11T12:48:09","date_gmt":"2025-05-11T08:48:09","guid":{"rendered":"https:\/\/airsystems.ge\/shop\/product\/precipitation-sensor-young\/"},"modified":"2025-05-11T12:50:41","modified_gmt":"2025-05-11T08:50:41","slug":"precipitation-sensor-young","status":"publish","type":"product","link":"https:\/\/climatemaster.ge\/fr\/produit\/precipitation-sensor-young\/","title":{"rendered":"Capteur de pr\u00e9cipitations Young"},"content":{"rendered":"<p><strong>Conforme aux sp\u00e9cifications de l&rsquo;Organisation m\u00e9t\u00e9orologique mondiale (OMM)<\/strong><\/p>\n<p>La surface de captage de 200 cm\u00b2 et la r\u00e9solution de mesure de 0,1 mm sont conformes aux recommandations de l&rsquo;OMM.<\/p>\n<p>La conception utilise un m\u00e9canisme \u00e0 auget basculant \u00e9prouv\u00e9 pour une mesure simple et efficace des pr\u00e9cipitations. La g\u00e9om\u00e9trie et le mat\u00e9riau de l&rsquo;auget ont \u00e9t\u00e9 sp\u00e9cialement s\u00e9lectionn\u00e9s pour une \u00e9vacuation maximale de l&rsquo;eau, r\u00e9duisant ainsi la contamination et les erreurs.<\/p>\n<p>Les vis de nivellement et le niveau \u00e0 bulle int\u00e9gr\u00e9s permettent un r\u00e9glage facile et pr\u00e9cis sur le terrain. Les pr\u00e9cipitations mesur\u00e9es sont \u00e9vacu\u00e9es par un tube collecteur pour v\u00e9rifier le total des pr\u00e9cipitations.<\/p>\n<p>Le mod\u00e8le S73100H est chauff\u00e9 pour une utilisation par temps froid. Une version non chauff\u00e9e, le S73100, est disponible pour une utilisation sous climat temp\u00e9r\u00e9. Pour dissuader les oiseaux de se percher sur le bord de l&rsquo;entonnoir, un fil anti-oiseaux peut \u00eatre fix\u00e9 au pluviom\u00e8tre.<\/p>\n<p><strong>Emplacement du pluviom\u00e8tre<\/strong><\/p>\n<p>La mesure des pr\u00e9cipitations est fortement influenc\u00e9e par l&#8217;emplacement du pluviom\u00e8tre. Choisissez un emplacement naturellement prot\u00e9g\u00e9 des rafales et des vents lat\u00e9raux. \u00c9vitez les sites sujets \u00e0 la contamination par des d\u00e9bris tels que des feuilles mortes, de la terre, etc.<\/p>\n<table border=\"1\" width=\"662\" cellspacing=\"1\" cellpadding=\"1\">\n<thead>\n<tr>\n<th colspan=\"2\" scope=\"col\"><span style=\"font-weight: 400;\">Characteristic<\/span><\/th>\n<\/tr>\n<\/thead>\n<tbody>\n<tr>\n<td>Collector surface<\/td>\n<td>200 cm\u00b2<\/td>\n<\/tr>\n<tr>\n<td>Resolution<\/td>\n<td>0.1 mm per tipping-bucket pulse<\/td>\n<\/tr>\n<tr>\n<td>Accuracy<\/td>\n<td>2 % up to 25 mm\/hr<\/td>\n<\/tr>\n<tr>\n<td>Measuring range<\/td>\n<td>max. 11 mm\/min.<\/td>\n<\/tr>\n<tr>\n<td>Measuring principle<\/td>\n<td>tipping-bucket<\/td>\n<\/tr>\n<tr>\n<td>Electrical output<\/td>\n<td>Magnetic reed switch (N.O.), rating 24 VAC\/DC, 500 mA<\/td>\n<\/tr>\n<tr>\n<td>Ambient temperature<\/td>\n<td>-20 &#8230; +50 \u00b0C (with heating)<\/td>\n<\/tr>\n<tr>\n<td>Heating<\/td>\n<td>18 W, 24 VAC<\/td>\n<\/tr>\n<tr>\n<td>Mounting<\/td>\n<td>Clamp for 1\u201d iron pipe (o.d. 1.24\u201d) or 3 bolts on 160\u00a0 mm dia. circle<\/td>\n<\/tr>\n<tr>\n<td>Dimensions<\/td>\n<td>\u00d8 180 x 300 mm (390 mm with mounting base)<\/td>\n<\/tr>\n<tr>\n<td>Manufacturer<\/td>\n<td>Young<\/td>\n<\/tr>\n<tr>\n<td>Accessories<\/td>\n<td>Module M83200 or M83570<\/td>\n<\/tr>\n<\/tbody>\n<\/table>\n","protected":false},"excerpt":{"rendered":"<h3>R\u00e9f\u00e9rence<\/h3>\n<p>S73100\/S73100H<\/p>\n","protected":false},"featured_media":31126,"template":"","meta":[],"product_brand":[],"product_cat":[1446,1415,1335],"product_tag":[],"class_list":{"0":"post-31137","1":"product","2":"type-product","3":"status-publish","4":"has-post-thumbnail","6":"product_cat-capteur-de-precipitations","7":"product_cat-capteur-de-vent","8":"product_cat-energies-renouvelables-mesure-de-lenergie-eolienne-et-solaire-fr","10":"first","11":"instock","12":"shipping-taxable","13":"product-type-simple"},"yoast_head":"<!-- This site is optimized with the Yoast SEO plugin v27.1.1 - https:\/\/yoast.com\/product\/yoast-seo-wordpress\/ -->\n<title>Capteur de pr\u00e9cipitations Young - Climate Master<\/title>\n<meta name=\"robots\" content=\"index, follow, max-snippet:-1, max-image-preview:large, max-video-preview:-1\" \/>\n<link rel=\"canonical\" href=\"https:\/\/climatemaster.ge\/fr\/produit\/precipitation-sensor-young\/\" \/>\n<meta property=\"og:locale\" content=\"fr_FR\" \/>\n<meta property=\"og:type\" content=\"article\" \/>\n<meta property=\"og:title\" content=\"Capteur de pr\u00e9cipitations Young - Climate Master\" \/>\n<meta property=\"og:description\" content=\"R\u00e9f\u00e9rence S73100\/S73100H\" \/>\n<meta property=\"og:url\" content=\"https:\/\/climatemaster.ge\/fr\/produit\/precipitation-sensor-young\/\" \/>\n<meta property=\"og:site_name\" content=\"Climate Master\" \/>\n<meta property=\"article:modified_time\" content=\"2025-05-11T08:50:41+00:00\" \/>\n<meta property=\"og:image\" content=\"https:\/\/climatemaster.ge\/wp-content\/uploads\/2025\/05\/precipitation-young-raingaugea-1.png__490x490_q85_crop_subsampling-2_upscale-1.png\" \/>\n\t<meta property=\"og:image:width\" content=\"490\" \/>\n\t<meta property=\"og:image:height\" content=\"490\" \/>\n\t<meta property=\"og:image:type\" content=\"image\/png\" \/>\n<meta name=\"twitter:card\" content=\"summary_large_image\" \/>\n<meta name=\"twitter:label1\" content=\"Dur\u00e9e de lecture estim\u00e9e\" \/>\n\t<meta name=\"twitter:data1\" content=\"1 minute\" \/>\n<script type=\"application\/ld+json\" class=\"yoast-schema-graph\">{\"@context\":\"https:\/\/schema.org\",\"@graph\":[{\"@type\":\"WebPage\",\"@id\":\"https:\/\/climatemaster.ge\/fr\/produit\/precipitation-sensor-young\/\",\"url\":\"https:\/\/climatemaster.ge\/fr\/produit\/precipitation-sensor-young\/\",\"name\":\"Capteur de pr\u00e9cipitations Young - Climate Master\",\"isPartOf\":{\"@id\":\"https:\/\/climatemaster.ge\/#website\"},\"primaryImageOfPage\":{\"@id\":\"https:\/\/climatemaster.ge\/fr\/produit\/precipitation-sensor-young\/#primaryimage\"},\"image\":{\"@id\":\"https:\/\/climatemaster.ge\/fr\/produit\/precipitation-sensor-young\/#primaryimage\"},\"thumbnailUrl\":\"https:\/\/climatemaster.ge\/wp-content\/uploads\/2025\/05\/precipitation-young-raingaugea-1.png__490x490_q85_crop_subsampling-2_upscale-1.png\",\"datePublished\":\"2025-05-11T08:48:09+00:00\",\"dateModified\":\"2025-05-11T08:50:41+00:00\",\"breadcrumb\":{\"@id\":\"https:\/\/climatemaster.ge\/fr\/produit\/precipitation-sensor-young\/#breadcrumb\"},\"inLanguage\":\"fr-FR\",\"potentialAction\":[{\"@type\":\"ReadAction\",\"target\":[\"https:\/\/climatemaster.ge\/fr\/produit\/precipitation-sensor-young\/\"]}]},{\"@type\":\"ImageObject\",\"inLanguage\":\"fr-FR\",\"@id\":\"https:\/\/climatemaster.ge\/fr\/produit\/precipitation-sensor-young\/#primaryimage\",\"url\":\"https:\/\/climatemaster.ge\/wp-content\/uploads\/2025\/05\/precipitation-young-raingaugea-1.png__490x490_q85_crop_subsampling-2_upscale-1.png\",\"contentUrl\":\"https:\/\/climatemaster.ge\/wp-content\/uploads\/2025\/05\/precipitation-young-raingaugea-1.png__490x490_q85_crop_subsampling-2_upscale-1.png\",\"width\":490,\"height\":490},{\"@type\":\"BreadcrumbList\",\"@id\":\"https:\/\/climatemaster.ge\/fr\/produit\/precipitation-sensor-young\/#breadcrumb\",\"itemListElement\":[{\"@type\":\"ListItem\",\"position\":1,\"name\":\"Home\",\"item\":\"https:\/\/climatemaster.ge\/\"},{\"@type\":\"ListItem\",\"position\":2,\"name\":\"Products\",\"item\":\"https:\/\/climatemaster.ge\/products\/\"},{\"@type\":\"ListItem\",\"position\":3,\"name\":\"Capteur de pr\u00e9cipitations Young\"}]},{\"@type\":\"WebSite\",\"@id\":\"https:\/\/climatemaster.ge\/#website\",\"url\":\"https:\/\/climatemaster.ge\/\",\"name\":\"Climate Master\",\"description\":\"\",\"publisher\":{\"@id\":\"https:\/\/climatemaster.ge\/#organization\"},\"potentialAction\":[{\"@type\":\"SearchAction\",\"target\":{\"@type\":\"EntryPoint\",\"urlTemplate\":\"https:\/\/climatemaster.ge\/?s={search_term_string}\"},\"query-input\":{\"@type\":\"PropertyValueSpecification\",\"valueRequired\":true,\"valueName\":\"search_term_string\"}}],\"inLanguage\":\"fr-FR\"},{\"@type\":\"Organization\",\"@id\":\"https:\/\/climatemaster.ge\/#organization\",\"name\":\"Climate Master\",\"url\":\"https:\/\/climatemaster.ge\/\",\"logo\":{\"@type\":\"ImageObject\",\"inLanguage\":\"fr-FR\",\"@id\":\"https:\/\/climatemaster.ge\/#\/schema\/logo\/image\/\",\"url\":\"https:\/\/climatemaster.ge\/wp-content\/uploads\/2026\/03\/Untitled-2.png\",\"contentUrl\":\"https:\/\/climatemaster.ge\/wp-content\/uploads\/2026\/03\/Untitled-2.png\",\"width\":600,\"height\":338,\"caption\":\"Climate Master\"},\"image\":{\"@id\":\"https:\/\/climatemaster.ge\/#\/schema\/logo\/image\/\"}}]}<\/script>\n<!-- \/ Yoast SEO plugin. -->","yoast_head_json":{"title":"Capteur de pr\u00e9cipitations Young - Climate Master","robots":{"index":"index","follow":"follow","max-snippet":"max-snippet:-1","max-image-preview":"max-image-preview:large","max-video-preview":"max-video-preview:-1"},"canonical":"https:\/\/climatemaster.ge\/fr\/produit\/precipitation-sensor-young\/","og_locale":"fr_FR","og_type":"article","og_title":"Capteur de pr\u00e9cipitations Young - Climate Master","og_description":"R\u00e9f\u00e9rence S73100\/S73100H","og_url":"https:\/\/climatemaster.ge\/fr\/produit\/precipitation-sensor-young\/","og_site_name":"Climate Master","article_modified_time":"2025-05-11T08:50:41+00:00","og_image":[{"width":490,"height":490,"url":"https:\/\/climatemaster.ge\/wp-content\/uploads\/2025\/05\/precipitation-young-raingaugea-1.png__490x490_q85_crop_subsampling-2_upscale-1.png","type":"image\/png"}],"twitter_card":"summary_large_image","twitter_misc":{"Dur\u00e9e de lecture estim\u00e9e":"1 minute"},"schema":{"@context":"https:\/\/schema.org","@graph":[{"@type":"WebPage","@id":"https:\/\/climatemaster.ge\/fr\/produit\/precipitation-sensor-young\/","url":"https:\/\/climatemaster.ge\/fr\/produit\/precipitation-sensor-young\/","name":"Capteur de pr\u00e9cipitations Young - Climate Master","isPartOf":{"@id":"https:\/\/climatemaster.ge\/#website"},"primaryImageOfPage":{"@id":"https:\/\/climatemaster.ge\/fr\/produit\/precipitation-sensor-young\/#primaryimage"},"image":{"@id":"https:\/\/climatemaster.ge\/fr\/produit\/precipitation-sensor-young\/#primaryimage"},"thumbnailUrl":"https:\/\/climatemaster.ge\/wp-content\/uploads\/2025\/05\/precipitation-young-raingaugea-1.png__490x490_q85_crop_subsampling-2_upscale-1.png","datePublished":"2025-05-11T08:48:09+00:00","dateModified":"2025-05-11T08:50:41+00:00","breadcrumb":{"@id":"https:\/\/climatemaster.ge\/fr\/produit\/precipitation-sensor-young\/#breadcrumb"},"inLanguage":"fr-FR","potentialAction":[{"@type":"ReadAction","target":["https:\/\/climatemaster.ge\/fr\/produit\/precipitation-sensor-young\/"]}]},{"@type":"ImageObject","inLanguage":"fr-FR","@id":"https:\/\/climatemaster.ge\/fr\/produit\/precipitation-sensor-young\/#primaryimage","url":"https:\/\/climatemaster.ge\/wp-content\/uploads\/2025\/05\/precipitation-young-raingaugea-1.png__490x490_q85_crop_subsampling-2_upscale-1.png","contentUrl":"https:\/\/climatemaster.ge\/wp-content\/uploads\/2025\/05\/precipitation-young-raingaugea-1.png__490x490_q85_crop_subsampling-2_upscale-1.png","width":490,"height":490},{"@type":"BreadcrumbList","@id":"https:\/\/climatemaster.ge\/fr\/produit\/precipitation-sensor-young\/#breadcrumb","itemListElement":[{"@type":"ListItem","position":1,"name":"Home","item":"https:\/\/climatemaster.ge\/"},{"@type":"ListItem","position":2,"name":"Products","item":"https:\/\/climatemaster.ge\/products\/"},{"@type":"ListItem","position":3,"name":"Capteur de pr\u00e9cipitations Young"}]},{"@type":"WebSite","@id":"https:\/\/climatemaster.ge\/#website","url":"https:\/\/climatemaster.ge\/","name":"Climate Master","description":"","publisher":{"@id":"https:\/\/climatemaster.ge\/#organization"},"potentialAction":[{"@type":"SearchAction","target":{"@type":"EntryPoint","urlTemplate":"https:\/\/climatemaster.ge\/?s={search_term_string}"},"query-input":{"@type":"PropertyValueSpecification","valueRequired":true,"valueName":"search_term_string"}}],"inLanguage":"fr-FR"},{"@type":"Organization","@id":"https:\/\/climatemaster.ge\/#organization","name":"Climate Master","url":"https:\/\/climatemaster.ge\/","logo":{"@type":"ImageObject","inLanguage":"fr-FR","@id":"https:\/\/climatemaster.ge\/#\/schema\/logo\/image\/","url":"https:\/\/climatemaster.ge\/wp-content\/uploads\/2026\/03\/Untitled-2.png","contentUrl":"https:\/\/climatemaster.ge\/wp-content\/uploads\/2026\/03\/Untitled-2.png","width":600,"height":338,"caption":"Climate Master"},"image":{"@id":"https:\/\/climatemaster.ge\/#\/schema\/logo\/image\/"}}]}},"_links":{"self":[{"href":"https:\/\/climatemaster.ge\/fr\/wp-json\/wp\/v2\/product\/31137","targetHints":{"allow":["GET"]}}],"collection":[{"href":"https:\/\/climatemaster.ge\/fr\/wp-json\/wp\/v2\/product"}],"about":[{"href":"https:\/\/climatemaster.ge\/fr\/wp-json\/wp\/v2\/types\/product"}],"wp:featuredmedia":[{"embeddable":true,"href":"https:\/\/climatemaster.ge\/fr\/wp-json\/wp\/v2\/media\/31126"}],"wp:attachment":[{"href":"https:\/\/climatemaster.ge\/fr\/wp-json\/wp\/v2\/media?parent=31137"}],"wp:term":[{"taxonomy":"product_brand","embeddable":true,"href":"https:\/\/climatemaster.ge\/fr\/wp-json\/wp\/v2\/product_brand?post=31137"},{"taxonomy":"product_cat","embeddable":true,"href":"https:\/\/climatemaster.ge\/fr\/wp-json\/wp\/v2\/product_cat?post=31137"},{"taxonomy":"product_tag","embeddable":true,"href":"https:\/\/climatemaster.ge\/fr\/wp-json\/wp\/v2\/product_tag?post=31137"}],"curies":[{"name":"wp","href":"https:\/\/api.w.org\/{rel}","templated":true}]}}