{"id":30984,"date":"2025-05-11T12:22:17","date_gmt":"2025-05-11T08:22:17","guid":{"rendered":"https:\/\/airsystems.ge\/shop\/product\/pth-thies-compact-meteo\/"},"modified":"2025-05-11T11:06:29","modified_gmt":"2025-05-11T07:06:29","slug":"pth-thies-compact-meteo","status":"publish","type":"product","link":"https:\/\/climatemaster.ge\/fr\/produit\/pth-thies-compact-meteo\/","title":{"rendered":"PTH Thies Compact &#8211; M\u00e9t\u00e9o"},"content":{"rendered":"<ul>\n<li>Mesure de l&rsquo;humidit\u00e9 relative, de la temp\u00e9rature de l&rsquo;air et de la pression atmosph\u00e9rique<br \/>\nHaute pr\u00e9cision<br \/>\nRobustesse \u00e0 long terme<br \/>\nCapuchon de filtre fritt\u00e9<br \/>\nBo\u00eetier en acier inoxydable<\/p>\n<p>Les transmetteurs Hygro-Thermo-Baro COMPACT sont con\u00e7us pour mesurer l&rsquo;humidit\u00e9 relative, la temp\u00e9rature de l&rsquo;air et la pression atmosph\u00e9rique.<\/p>\n<p>Le capteur PTH Thies Compact &#8211; M\u00e9t\u00e9o est destin\u00e9 \u00e0 \u00eatre utilis\u00e9 dans les stations de mesure m\u00e9t\u00e9orologiques pour se connecter \u00e0 des syst\u00e8mes d&rsquo;enregistrement de donn\u00e9es. Gr\u00e2ce \u00e0 son interface universelle, il peut \u00e9galement \u00eatre utilis\u00e9 comme solution unique pour toutes les applications.<\/p>\n<p>L&rsquo;utilisation de capteurs de haute qualit\u00e9 pour les param\u00e8tres \u00e0 mesurer permet au capteur d&rsquo;atteindre les caract\u00e9ristiques suivantes\u00a0:<\/p>\n<p>haute stabilit\u00e9 \u00e0 long terme,<br \/>\ncaract\u00e9ristique quasi lin\u00e9aire,<br \/>\nbon comportement dynamique,<br \/>\nr\u00e9sistance \u00e0 la condensation,<br \/>\nfaibles coefficients de temp\u00e9rature,<br \/>\nfaible hyst\u00e9r\u00e9sis.<\/li>\n<\/ul>\n<table border=\"1\" cellspacing=\"1\" cellpadding=\"1\">\n<thead>\n<tr>\n<th scope=\"col\"><span style=\"font-weight: 400;\">Characteristic<\/span><\/th>\n<th scope=\"col\"><span style=\"font-weight: 400;\">Value<\/span><\/th>\n<\/tr>\n<\/thead>\n<tbody>\n<tr>\n<td colspan=\"2\">Temperature<\/td>\n<\/tr>\n<tr>\n<td>Measuring range<\/td>\n<td>-40 \u2026 +80 \u00b0C<\/td>\n<\/tr>\n<tr>\n<td>Accuracy<\/td>\n<td>\u00b10.1 \u00b0C @ -40 &#8230; +80 \u00b0C @ moved air &gt;2 m\/s<\/td>\n<\/tr>\n<tr>\n<td colspan=\"2\">Rel. Humidity<\/td>\n<\/tr>\n<tr>\n<td>Measuring range<\/td>\n<td>0 \u2026 100 % rel. Humidity<\/td>\n<\/tr>\n<tr>\n<td>Accuracy<\/td>\n<td>Typ. \u00b11,5 % r. H. @ 25 \u00b0C and &lt; 80 % r. H.<br \/>\n2 % r. H. over the complete measuring range<\/td>\n<\/tr>\n<tr>\n<td colspan=\"2\">Air pressure<\/td>\n<\/tr>\n<tr>\n<td>Measuring range<\/td>\n<td>600 \u2026 1100 hPa<\/td>\n<\/tr>\n<tr>\n<td>Accuracy<\/td>\n<td>\u00b10.25 hPa @ -20 \u2026 +80 \u00b0C @ 800 \u2026 1100 hPa<br \/>\n\u00b10.50 hPa @ -20 \u2026 +80 \u00b0C @ 600 \u2026 800 hPa<\/td>\n<\/tr>\n<tr>\n<td colspan=\"2\">Output Digital<\/td>\n<\/tr>\n<tr>\n<td>Interface<\/td>\n<td>RS485 HD<\/td>\n<\/tr>\n<tr>\n<td>Communication protocol<\/td>\n<td>Modbus RTU (on request Thies ASCII)<\/td>\n<\/tr>\n<tr>\n<td>Baud rate<\/td>\n<td>38400 (on request 2400 &#8230; 57600)<\/td>\n<\/tr>\n<tr>\n<td>Device-ID<\/td>\n<td>1 (on request others)<\/td>\n<\/tr>\n<tr>\n<td>RS485 data format<\/td>\n<td>8N1<\/td>\n<\/tr>\n<tr>\n<td colspan=\"2\">Output Analog 3 x 0 &#8230; 1 V<\/td>\n<\/tr>\n<tr>\n<td>Temperature<\/td>\n<td>-40 \u2026 +80 \u00b0C<\/td>\n<\/tr>\n<tr>\n<td>Offset<\/td>\n<td>-40 \u00b0C<\/td>\n<\/tr>\n<tr>\n<td>Slope<\/td>\n<td>120 \u00b0C\/V<\/td>\n<\/tr>\n<tr>\n<td>Rel. Humidity<\/td>\n<td>0 \u2026 100 %<\/td>\n<\/tr>\n<tr>\n<td>Offset<\/td>\n<td>0 %<\/td>\n<\/tr>\n<tr>\n<td>Slope<\/td>\n<td>100 %\/V<\/td>\n<\/tr>\n<tr>\n<td>Air\u00a0 pressure<\/td>\n<td>600 \u2026 1100 hPa<\/td>\n<\/tr>\n<tr>\n<td>Offset<\/td>\n<td>600 hPa<\/td>\n<\/tr>\n<tr>\n<td>Slope<\/td>\n<td>500 hPa\/V<\/td>\n<\/tr>\n<tr>\n<td colspan=\"2\">Power supply<\/td>\n<\/tr>\n<tr>\n<td>Operating voltage<\/td>\n<td>6 &#8230; 30 VDC<\/td>\n<\/tr>\n<tr>\n<td>Current consumption<\/td>\n<td>Typ. 3 mA @ 12 V \/ max. 8,5 mA @ 12 V<\/td>\n<\/tr>\n<tr>\n<td colspan=\"2\">General<\/td>\n<\/tr>\n<tr>\n<td>Ambient conditions<\/td>\n<td>-40 &#8230; +85 \u00b0C<\/td>\n<\/tr>\n<tr>\n<td>Housing<\/td>\n<td>Stainless steel<\/td>\n<\/tr>\n<tr>\n<td>Type of protection<\/td>\n<td>IP 67 (applies to the total sensor)<\/td>\n<\/tr>\n<tr>\n<td>Dimension<\/td>\n<td>see dimensional drawing<\/td>\n<\/tr>\n<tr>\n<td>Weight<\/td>\n<td>approx. 0.45 kg<\/td>\n<\/tr>\n<tr>\n<td>Manufacturer<\/td>\n<td>Thies Clima<\/td>\n<\/tr>\n<tr>\n<td>Admissible environmental<br \/>\nconditions<\/td>\n<td>-40 &#8230; +85 \u00b0C<br \/>\n0 &#8230; 100 % rel. humidity, including condensation<\/td>\n<\/tr>\n<tr>\n<td>Filter<\/td>\n<td>Sintered filter cap<\/td>\n<\/tr>\n<tr>\n<td>Accessories<\/td>\n<td><span style=\"color: #333333;\"><a href=\"https:\/\/www.ammonit.com\/en\/products\/wind-sensors\/temperature-humidity-sensors\/product-details\/weather-and-radiation-shield-for-air-temperature-h\/\" target=\"_blank\" rel=\"noopener\">S50050<\/a>\u00a0Weather and Radiation Shield<\/span><\/td>\n<\/tr>\n<\/tbody>\n<\/table>\n","protected":false},"excerpt":{"rendered":"<h3>R\u00e9f\u00e9rence<\/h3>\n<p>S59000A<\/p>\n","protected":false},"featured_media":30973,"template":"","meta":[],"product_brand":[],"product_cat":[1440,1434],"product_tag":[],"class_list":{"0":"post-30984","1":"product","2":"type-product","3":"status-publish","4":"has-post-thumbnail","6":"product_cat-air-pressure-sensors-fr-capteur-de-vent","7":"product_cat-capteur-de-temperature-et-dhumidite","9":"first","10":"instock","11":"shipping-taxable","12":"product-type-simple"},"yoast_head":"<!-- This site is optimized with the Yoast SEO plugin v27.1.1 - https:\/\/yoast.com\/product\/yoast-seo-wordpress\/ -->\n<title>PTH Thies Compact - M\u00e9t\u00e9o - Climate Master<\/title>\n<meta name=\"robots\" content=\"index, follow, max-snippet:-1, max-image-preview:large, max-video-preview:-1\" \/>\n<link rel=\"canonical\" href=\"https:\/\/climatemaster.ge\/fr\/produit\/pth-thies-compact-meteo\/\" \/>\n<meta property=\"og:locale\" content=\"fr_FR\" \/>\n<meta property=\"og:type\" content=\"article\" \/>\n<meta property=\"og:title\" content=\"PTH Thies Compact - M\u00e9t\u00e9o - Climate Master\" \/>\n<meta property=\"og:description\" content=\"R\u00e9f\u00e9rence S59000A\" \/>\n<meta property=\"og:url\" content=\"https:\/\/climatemaster.ge\/fr\/produit\/pth-thies-compact-meteo\/\" \/>\n<meta property=\"og:site_name\" content=\"Climate Master\" \/>\n<meta property=\"og:image\" content=\"https:\/\/climatemaster.ge\/wp-content\/uploads\/2025\/05\/hygro_thermo_baro_compact_thies_sintered.jpg__490x490_q85_crop_subsampling-2_upscale.jpg\" \/>\n\t<meta property=\"og:image:width\" content=\"490\" \/>\n\t<meta property=\"og:image:height\" content=\"490\" \/>\n\t<meta property=\"og:image:type\" content=\"image\/jpeg\" \/>\n<meta name=\"twitter:card\" content=\"summary_large_image\" \/>\n<meta name=\"twitter:label1\" content=\"Dur\u00e9e de lecture estim\u00e9e\" \/>\n\t<meta name=\"twitter:data1\" content=\"2 minutes\" \/>\n<script type=\"application\/ld+json\" class=\"yoast-schema-graph\">{\"@context\":\"https:\/\/schema.org\",\"@graph\":[{\"@type\":\"WebPage\",\"@id\":\"https:\/\/climatemaster.ge\/fr\/produit\/pth-thies-compact-meteo\/\",\"url\":\"https:\/\/climatemaster.ge\/fr\/produit\/pth-thies-compact-meteo\/\",\"name\":\"PTH Thies Compact - M\u00e9t\u00e9o - Climate Master\",\"isPartOf\":{\"@id\":\"https:\/\/climatemaster.ge\/#website\"},\"primaryImageOfPage\":{\"@id\":\"https:\/\/climatemaster.ge\/fr\/produit\/pth-thies-compact-meteo\/#primaryimage\"},\"image\":{\"@id\":\"https:\/\/climatemaster.ge\/fr\/produit\/pth-thies-compact-meteo\/#primaryimage\"},\"thumbnailUrl\":\"https:\/\/climatemaster.ge\/wp-content\/uploads\/2025\/05\/hygro_thermo_baro_compact_thies_sintered.jpg__490x490_q85_crop_subsampling-2_upscale.jpg\",\"datePublished\":\"2025-05-11T08:22:17+00:00\",\"breadcrumb\":{\"@id\":\"https:\/\/climatemaster.ge\/fr\/produit\/pth-thies-compact-meteo\/#breadcrumb\"},\"inLanguage\":\"fr-FR\",\"potentialAction\":[{\"@type\":\"ReadAction\",\"target\":[\"https:\/\/climatemaster.ge\/fr\/produit\/pth-thies-compact-meteo\/\"]}]},{\"@type\":\"ImageObject\",\"inLanguage\":\"fr-FR\",\"@id\":\"https:\/\/climatemaster.ge\/fr\/produit\/pth-thies-compact-meteo\/#primaryimage\",\"url\":\"https:\/\/climatemaster.ge\/wp-content\/uploads\/2025\/05\/hygro_thermo_baro_compact_thies_sintered.jpg__490x490_q85_crop_subsampling-2_upscale.jpg\",\"contentUrl\":\"https:\/\/climatemaster.ge\/wp-content\/uploads\/2025\/05\/hygro_thermo_baro_compact_thies_sintered.jpg__490x490_q85_crop_subsampling-2_upscale.jpg\",\"width\":490,\"height\":490},{\"@type\":\"BreadcrumbList\",\"@id\":\"https:\/\/climatemaster.ge\/fr\/produit\/pth-thies-compact-meteo\/#breadcrumb\",\"itemListElement\":[{\"@type\":\"ListItem\",\"position\":1,\"name\":\"Home\",\"item\":\"https:\/\/climatemaster.ge\/\"},{\"@type\":\"ListItem\",\"position\":2,\"name\":\"Products\",\"item\":\"https:\/\/climatemaster.ge\/products\/\"},{\"@type\":\"ListItem\",\"position\":3,\"name\":\"PTH Thies Compact &#8211; M\u00e9t\u00e9o\"}]},{\"@type\":\"WebSite\",\"@id\":\"https:\/\/climatemaster.ge\/#website\",\"url\":\"https:\/\/climatemaster.ge\/\",\"name\":\"Climate Master\",\"description\":\"\",\"publisher\":{\"@id\":\"https:\/\/climatemaster.ge\/#organization\"},\"potentialAction\":[{\"@type\":\"SearchAction\",\"target\":{\"@type\":\"EntryPoint\",\"urlTemplate\":\"https:\/\/climatemaster.ge\/?s={search_term_string}\"},\"query-input\":{\"@type\":\"PropertyValueSpecification\",\"valueRequired\":true,\"valueName\":\"search_term_string\"}}],\"inLanguage\":\"fr-FR\"},{\"@type\":\"Organization\",\"@id\":\"https:\/\/climatemaster.ge\/#organization\",\"name\":\"Climate Master\",\"url\":\"https:\/\/climatemaster.ge\/\",\"logo\":{\"@type\":\"ImageObject\",\"inLanguage\":\"fr-FR\",\"@id\":\"https:\/\/climatemaster.ge\/#\/schema\/logo\/image\/\",\"url\":\"https:\/\/climatemaster.ge\/wp-content\/uploads\/2026\/03\/Untitled-2.png\",\"contentUrl\":\"https:\/\/climatemaster.ge\/wp-content\/uploads\/2026\/03\/Untitled-2.png\",\"width\":600,\"height\":338,\"caption\":\"Climate Master\"},\"image\":{\"@id\":\"https:\/\/climatemaster.ge\/#\/schema\/logo\/image\/\"}}]}<\/script>\n<!-- \/ Yoast SEO plugin. -->","yoast_head_json":{"title":"PTH Thies Compact - M\u00e9t\u00e9o - Climate Master","robots":{"index":"index","follow":"follow","max-snippet":"max-snippet:-1","max-image-preview":"max-image-preview:large","max-video-preview":"max-video-preview:-1"},"canonical":"https:\/\/climatemaster.ge\/fr\/produit\/pth-thies-compact-meteo\/","og_locale":"fr_FR","og_type":"article","og_title":"PTH Thies Compact - M\u00e9t\u00e9o - Climate Master","og_description":"R\u00e9f\u00e9rence S59000A","og_url":"https:\/\/climatemaster.ge\/fr\/produit\/pth-thies-compact-meteo\/","og_site_name":"Climate Master","og_image":[{"width":490,"height":490,"url":"https:\/\/climatemaster.ge\/wp-content\/uploads\/2025\/05\/hygro_thermo_baro_compact_thies_sintered.jpg__490x490_q85_crop_subsampling-2_upscale.jpg","type":"image\/jpeg"}],"twitter_card":"summary_large_image","twitter_misc":{"Dur\u00e9e de lecture estim\u00e9e":"2 minutes"},"schema":{"@context":"https:\/\/schema.org","@graph":[{"@type":"WebPage","@id":"https:\/\/climatemaster.ge\/fr\/produit\/pth-thies-compact-meteo\/","url":"https:\/\/climatemaster.ge\/fr\/produit\/pth-thies-compact-meteo\/","name":"PTH Thies Compact - M\u00e9t\u00e9o - Climate Master","isPartOf":{"@id":"https:\/\/climatemaster.ge\/#website"},"primaryImageOfPage":{"@id":"https:\/\/climatemaster.ge\/fr\/produit\/pth-thies-compact-meteo\/#primaryimage"},"image":{"@id":"https:\/\/climatemaster.ge\/fr\/produit\/pth-thies-compact-meteo\/#primaryimage"},"thumbnailUrl":"https:\/\/climatemaster.ge\/wp-content\/uploads\/2025\/05\/hygro_thermo_baro_compact_thies_sintered.jpg__490x490_q85_crop_subsampling-2_upscale.jpg","datePublished":"2025-05-11T08:22:17+00:00","breadcrumb":{"@id":"https:\/\/climatemaster.ge\/fr\/produit\/pth-thies-compact-meteo\/#breadcrumb"},"inLanguage":"fr-FR","potentialAction":[{"@type":"ReadAction","target":["https:\/\/climatemaster.ge\/fr\/produit\/pth-thies-compact-meteo\/"]}]},{"@type":"ImageObject","inLanguage":"fr-FR","@id":"https:\/\/climatemaster.ge\/fr\/produit\/pth-thies-compact-meteo\/#primaryimage","url":"https:\/\/climatemaster.ge\/wp-content\/uploads\/2025\/05\/hygro_thermo_baro_compact_thies_sintered.jpg__490x490_q85_crop_subsampling-2_upscale.jpg","contentUrl":"https:\/\/climatemaster.ge\/wp-content\/uploads\/2025\/05\/hygro_thermo_baro_compact_thies_sintered.jpg__490x490_q85_crop_subsampling-2_upscale.jpg","width":490,"height":490},{"@type":"BreadcrumbList","@id":"https:\/\/climatemaster.ge\/fr\/produit\/pth-thies-compact-meteo\/#breadcrumb","itemListElement":[{"@type":"ListItem","position":1,"name":"Home","item":"https:\/\/climatemaster.ge\/"},{"@type":"ListItem","position":2,"name":"Products","item":"https:\/\/climatemaster.ge\/products\/"},{"@type":"ListItem","position":3,"name":"PTH Thies Compact &#8211; M\u00e9t\u00e9o"}]},{"@type":"WebSite","@id":"https:\/\/climatemaster.ge\/#website","url":"https:\/\/climatemaster.ge\/","name":"Climate Master","description":"","publisher":{"@id":"https:\/\/climatemaster.ge\/#organization"},"potentialAction":[{"@type":"SearchAction","target":{"@type":"EntryPoint","urlTemplate":"https:\/\/climatemaster.ge\/?s={search_term_string}"},"query-input":{"@type":"PropertyValueSpecification","valueRequired":true,"valueName":"search_term_string"}}],"inLanguage":"fr-FR"},{"@type":"Organization","@id":"https:\/\/climatemaster.ge\/#organization","name":"Climate Master","url":"https:\/\/climatemaster.ge\/","logo":{"@type":"ImageObject","inLanguage":"fr-FR","@id":"https:\/\/climatemaster.ge\/#\/schema\/logo\/image\/","url":"https:\/\/climatemaster.ge\/wp-content\/uploads\/2026\/03\/Untitled-2.png","contentUrl":"https:\/\/climatemaster.ge\/wp-content\/uploads\/2026\/03\/Untitled-2.png","width":600,"height":338,"caption":"Climate Master"},"image":{"@id":"https:\/\/climatemaster.ge\/#\/schema\/logo\/image\/"}}]}},"_links":{"self":[{"href":"https:\/\/climatemaster.ge\/fr\/wp-json\/wp\/v2\/product\/30984","targetHints":{"allow":["GET"]}}],"collection":[{"href":"https:\/\/climatemaster.ge\/fr\/wp-json\/wp\/v2\/product"}],"about":[{"href":"https:\/\/climatemaster.ge\/fr\/wp-json\/wp\/v2\/types\/product"}],"wp:featuredmedia":[{"embeddable":true,"href":"https:\/\/climatemaster.ge\/fr\/wp-json\/wp\/v2\/media\/30973"}],"wp:attachment":[{"href":"https:\/\/climatemaster.ge\/fr\/wp-json\/wp\/v2\/media?parent=30984"}],"wp:term":[{"taxonomy":"product_brand","embeddable":true,"href":"https:\/\/climatemaster.ge\/fr\/wp-json\/wp\/v2\/product_brand?post=30984"},{"taxonomy":"product_cat","embeddable":true,"href":"https:\/\/climatemaster.ge\/fr\/wp-json\/wp\/v2\/product_cat?post=30984"},{"taxonomy":"product_tag","embeddable":true,"href":"https:\/\/climatemaster.ge\/fr\/wp-json\/wp\/v2\/product_tag?post=30984"}],"curies":[{"name":"wp","href":"https:\/\/api.w.org\/{rel}","templated":true}]}}