{"id":30926,"date":"2025-05-10T23:17:08","date_gmt":"2025-05-10T19:17:08","guid":{"rendered":"https:\/\/airsystems.ge\/shop\/product\/wind-vane-thies-first-class-pot-heatable\/"},"modified":"2025-05-10T23:22:37","modified_gmt":"2025-05-10T19:22:37","slug":"wind-vane-thies-first-class-pot-heatable","status":"publish","type":"product","link":"https:\/\/climatemaster.ge\/fr\/produit\/wind-vane-thies-first-class-pot-heatable\/","title":{"rendered":"Girouette Thies First Class POT chauffante"},"content":{"rendered":"<ul>\n<li>Version am\u00e9lior\u00e9e de la girouette First Class<br \/>\nGirouette robuste pour les exigences les plus \u00e9lev\u00e9es<br \/>\nAucune usure du potentiom\u00e8tre due aux contraintes m\u00e9caniques<\/p>\n<p><strong>Principe de mesure<\/strong><\/p>\n<p>L&rsquo;\u00e9lectronique imite le comportement d&rsquo;un potentiom\u00e8tre m\u00e9canique, tout en \u00e9vitant l&rsquo;usure et le vieillissement des composants m\u00e9caniques.<\/p>\n<p>Le c\u00e2blage est compatible avec celui d&rsquo;une girouette \u00e0 potentiom\u00e8tre classique afin de conserver la haute pr\u00e9cision de mesure de la girouette potentiom\u00e9trique lors de l&rsquo;utilisation de l&rsquo;enregistreur de donn\u00e9es Ammonit Meteo-40.<\/p>\n<p>La girouette est disponible avec un syst\u00e8me de chauffage \u00e0 r\u00e9gulation \u00e9lectronique afin d&rsquo;\u00e9viter la formation de glace sur les roulements. Pour utiliser ce chauffage, le c\u00e2ble de raccordement doit comporter des conducteurs suppl\u00e9mentaires et une alimentation \u00e9lectrique suffisante (raccordement secteur).<\/p>\n<p><strong>Chauffage<\/strong><\/p>\n<p>La temp\u00e9rature de surface du col du bo\u00eetier est &gt; 0 \u00b0C \u00e0 20 m\/s jusqu&rsquo;\u00e0 -10 \u00b0C de temp\u00e9rature ambiante. \u00c0 10 m\/s jusqu&rsquo;\u00e0 -20 \u00b0C, la norme antigel Thies 012002 est appliqu\u00e9e sur le col du bo\u00eetier. Le chauffage est r\u00e9gul\u00e9 par un capteur de temp\u00e9rature.<\/li>\n<\/ul>\n","protected":false},"excerpt":{"rendered":"<h3>R\u00e9f\u00e9rence<\/h3>\n<p>S21230H<\/p>\n","protected":false},"featured_media":30921,"template":"","meta":[],"product_brand":[],"product_cat":[1415,1335,1427],"product_tag":[],"class_list":{"0":"post-30926","1":"product","2":"type-product","3":"status-publish","4":"has-post-thumbnail","6":"product_cat-capteur-de-vent","7":"product_cat-energies-renouvelables-mesure-de-lenergie-eolienne-et-solaire-fr","8":"product_cat-girouettes","10":"first","11":"instock","12":"shipping-taxable","13":"product-type-simple"},"yoast_head":"<!-- This site is optimized with the Yoast SEO plugin v27.1.1 - https:\/\/yoast.com\/product\/yoast-seo-wordpress\/ -->\n<title>Girouette Thies First Class POT chauffante - Climate Master<\/title>\n<meta name=\"robots\" content=\"index, follow, max-snippet:-1, max-image-preview:large, max-video-preview:-1\" \/>\n<link rel=\"canonical\" href=\"https:\/\/climatemaster.ge\/fr\/produit\/wind-vane-thies-first-class-pot-heatable\/\" \/>\n<meta property=\"og:locale\" content=\"fr_FR\" \/>\n<meta property=\"og:type\" content=\"article\" \/>\n<meta property=\"og:title\" content=\"Girouette Thies First Class POT chauffante - Climate Master\" \/>\n<meta property=\"og:description\" content=\"R\u00e9f\u00e9rence S21230H\" \/>\n<meta property=\"og:url\" content=\"https:\/\/climatemaster.ge\/fr\/produit\/wind-vane-thies-first-class-pot-heatable\/\" \/>\n<meta property=\"og:site_name\" content=\"Climate Master\" \/>\n<meta property=\"article:modified_time\" content=\"2025-05-10T19:22:37+00:00\" \/>\n<meta property=\"og:image\" content=\"https:\/\/climatemaster.ge\/wp-content\/uploads\/2025\/05\/windvane-thies-firstclass.png__490x490_q85_crop_subsampling-2_upscale.png\" \/>\n\t<meta property=\"og:image:width\" content=\"490\" \/>\n\t<meta property=\"og:image:height\" content=\"490\" \/>\n\t<meta property=\"og:image:type\" content=\"image\/png\" \/>\n<meta name=\"twitter:card\" content=\"summary_large_image\" \/>\n<meta name=\"twitter:label1\" content=\"Dur\u00e9e de lecture estim\u00e9e\" \/>\n\t<meta name=\"twitter:data1\" content=\"1 minute\" \/>\n<script type=\"application\/ld+json\" class=\"yoast-schema-graph\">{\"@context\":\"https:\/\/schema.org\",\"@graph\":[{\"@type\":\"WebPage\",\"@id\":\"https:\/\/climatemaster.ge\/fr\/produit\/wind-vane-thies-first-class-pot-heatable\/\",\"url\":\"https:\/\/climatemaster.ge\/fr\/produit\/wind-vane-thies-first-class-pot-heatable\/\",\"name\":\"Girouette Thies First Class POT chauffante - Climate Master\",\"isPartOf\":{\"@id\":\"https:\/\/climatemaster.ge\/#website\"},\"primaryImageOfPage\":{\"@id\":\"https:\/\/climatemaster.ge\/fr\/produit\/wind-vane-thies-first-class-pot-heatable\/#primaryimage\"},\"image\":{\"@id\":\"https:\/\/climatemaster.ge\/fr\/produit\/wind-vane-thies-first-class-pot-heatable\/#primaryimage\"},\"thumbnailUrl\":\"https:\/\/climatemaster.ge\/wp-content\/uploads\/2025\/05\/windvane-thies-firstclass.png__490x490_q85_crop_subsampling-2_upscale.png\",\"datePublished\":\"2025-05-10T19:17:08+00:00\",\"dateModified\":\"2025-05-10T19:22:37+00:00\",\"breadcrumb\":{\"@id\":\"https:\/\/climatemaster.ge\/fr\/produit\/wind-vane-thies-first-class-pot-heatable\/#breadcrumb\"},\"inLanguage\":\"fr-FR\",\"potentialAction\":[{\"@type\":\"ReadAction\",\"target\":[\"https:\/\/climatemaster.ge\/fr\/produit\/wind-vane-thies-first-class-pot-heatable\/\"]}]},{\"@type\":\"ImageObject\",\"inLanguage\":\"fr-FR\",\"@id\":\"https:\/\/climatemaster.ge\/fr\/produit\/wind-vane-thies-first-class-pot-heatable\/#primaryimage\",\"url\":\"https:\/\/climatemaster.ge\/wp-content\/uploads\/2025\/05\/windvane-thies-firstclass.png__490x490_q85_crop_subsampling-2_upscale.png\",\"contentUrl\":\"https:\/\/climatemaster.ge\/wp-content\/uploads\/2025\/05\/windvane-thies-firstclass.png__490x490_q85_crop_subsampling-2_upscale.png\",\"width\":490,\"height\":490},{\"@type\":\"BreadcrumbList\",\"@id\":\"https:\/\/climatemaster.ge\/fr\/produit\/wind-vane-thies-first-class-pot-heatable\/#breadcrumb\",\"itemListElement\":[{\"@type\":\"ListItem\",\"position\":1,\"name\":\"Home\",\"item\":\"https:\/\/climatemaster.ge\/\"},{\"@type\":\"ListItem\",\"position\":2,\"name\":\"Products\",\"item\":\"https:\/\/climatemaster.ge\/products\/\"},{\"@type\":\"ListItem\",\"position\":3,\"name\":\"Girouette Thies First Class POT chauffante\"}]},{\"@type\":\"WebSite\",\"@id\":\"https:\/\/climatemaster.ge\/#website\",\"url\":\"https:\/\/climatemaster.ge\/\",\"name\":\"Climate Master\",\"description\":\"\",\"publisher\":{\"@id\":\"https:\/\/climatemaster.ge\/#organization\"},\"potentialAction\":[{\"@type\":\"SearchAction\",\"target\":{\"@type\":\"EntryPoint\",\"urlTemplate\":\"https:\/\/climatemaster.ge\/?s={search_term_string}\"},\"query-input\":{\"@type\":\"PropertyValueSpecification\",\"valueRequired\":true,\"valueName\":\"search_term_string\"}}],\"inLanguage\":\"fr-FR\"},{\"@type\":\"Organization\",\"@id\":\"https:\/\/climatemaster.ge\/#organization\",\"name\":\"Climate Master\",\"url\":\"https:\/\/climatemaster.ge\/\",\"logo\":{\"@type\":\"ImageObject\",\"inLanguage\":\"fr-FR\",\"@id\":\"https:\/\/climatemaster.ge\/#\/schema\/logo\/image\/\",\"url\":\"https:\/\/climatemaster.ge\/wp-content\/uploads\/2026\/03\/Untitled-2.png\",\"contentUrl\":\"https:\/\/climatemaster.ge\/wp-content\/uploads\/2026\/03\/Untitled-2.png\",\"width\":600,\"height\":338,\"caption\":\"Climate Master\"},\"image\":{\"@id\":\"https:\/\/climatemaster.ge\/#\/schema\/logo\/image\/\"}}]}<\/script>\n<!-- \/ Yoast SEO plugin. -->","yoast_head_json":{"title":"Girouette Thies First Class POT chauffante - Climate Master","robots":{"index":"index","follow":"follow","max-snippet":"max-snippet:-1","max-image-preview":"max-image-preview:large","max-video-preview":"max-video-preview:-1"},"canonical":"https:\/\/climatemaster.ge\/fr\/produit\/wind-vane-thies-first-class-pot-heatable\/","og_locale":"fr_FR","og_type":"article","og_title":"Girouette Thies First Class POT chauffante - Climate Master","og_description":"R\u00e9f\u00e9rence S21230H","og_url":"https:\/\/climatemaster.ge\/fr\/produit\/wind-vane-thies-first-class-pot-heatable\/","og_site_name":"Climate Master","article_modified_time":"2025-05-10T19:22:37+00:00","og_image":[{"width":490,"height":490,"url":"https:\/\/climatemaster.ge\/wp-content\/uploads\/2025\/05\/windvane-thies-firstclass.png__490x490_q85_crop_subsampling-2_upscale.png","type":"image\/png"}],"twitter_card":"summary_large_image","twitter_misc":{"Dur\u00e9e de lecture estim\u00e9e":"1 minute"},"schema":{"@context":"https:\/\/schema.org","@graph":[{"@type":"WebPage","@id":"https:\/\/climatemaster.ge\/fr\/produit\/wind-vane-thies-first-class-pot-heatable\/","url":"https:\/\/climatemaster.ge\/fr\/produit\/wind-vane-thies-first-class-pot-heatable\/","name":"Girouette Thies First Class POT chauffante - Climate Master","isPartOf":{"@id":"https:\/\/climatemaster.ge\/#website"},"primaryImageOfPage":{"@id":"https:\/\/climatemaster.ge\/fr\/produit\/wind-vane-thies-first-class-pot-heatable\/#primaryimage"},"image":{"@id":"https:\/\/climatemaster.ge\/fr\/produit\/wind-vane-thies-first-class-pot-heatable\/#primaryimage"},"thumbnailUrl":"https:\/\/climatemaster.ge\/wp-content\/uploads\/2025\/05\/windvane-thies-firstclass.png__490x490_q85_crop_subsampling-2_upscale.png","datePublished":"2025-05-10T19:17:08+00:00","dateModified":"2025-05-10T19:22:37+00:00","breadcrumb":{"@id":"https:\/\/climatemaster.ge\/fr\/produit\/wind-vane-thies-first-class-pot-heatable\/#breadcrumb"},"inLanguage":"fr-FR","potentialAction":[{"@type":"ReadAction","target":["https:\/\/climatemaster.ge\/fr\/produit\/wind-vane-thies-first-class-pot-heatable\/"]}]},{"@type":"ImageObject","inLanguage":"fr-FR","@id":"https:\/\/climatemaster.ge\/fr\/produit\/wind-vane-thies-first-class-pot-heatable\/#primaryimage","url":"https:\/\/climatemaster.ge\/wp-content\/uploads\/2025\/05\/windvane-thies-firstclass.png__490x490_q85_crop_subsampling-2_upscale.png","contentUrl":"https:\/\/climatemaster.ge\/wp-content\/uploads\/2025\/05\/windvane-thies-firstclass.png__490x490_q85_crop_subsampling-2_upscale.png","width":490,"height":490},{"@type":"BreadcrumbList","@id":"https:\/\/climatemaster.ge\/fr\/produit\/wind-vane-thies-first-class-pot-heatable\/#breadcrumb","itemListElement":[{"@type":"ListItem","position":1,"name":"Home","item":"https:\/\/climatemaster.ge\/"},{"@type":"ListItem","position":2,"name":"Products","item":"https:\/\/climatemaster.ge\/products\/"},{"@type":"ListItem","position":3,"name":"Girouette Thies First Class POT chauffante"}]},{"@type":"WebSite","@id":"https:\/\/climatemaster.ge\/#website","url":"https:\/\/climatemaster.ge\/","name":"Climate Master","description":"","publisher":{"@id":"https:\/\/climatemaster.ge\/#organization"},"potentialAction":[{"@type":"SearchAction","target":{"@type":"EntryPoint","urlTemplate":"https:\/\/climatemaster.ge\/?s={search_term_string}"},"query-input":{"@type":"PropertyValueSpecification","valueRequired":true,"valueName":"search_term_string"}}],"inLanguage":"fr-FR"},{"@type":"Organization","@id":"https:\/\/climatemaster.ge\/#organization","name":"Climate Master","url":"https:\/\/climatemaster.ge\/","logo":{"@type":"ImageObject","inLanguage":"fr-FR","@id":"https:\/\/climatemaster.ge\/#\/schema\/logo\/image\/","url":"https:\/\/climatemaster.ge\/wp-content\/uploads\/2026\/03\/Untitled-2.png","contentUrl":"https:\/\/climatemaster.ge\/wp-content\/uploads\/2026\/03\/Untitled-2.png","width":600,"height":338,"caption":"Climate Master"},"image":{"@id":"https:\/\/climatemaster.ge\/#\/schema\/logo\/image\/"}}]}},"_links":{"self":[{"href":"https:\/\/climatemaster.ge\/fr\/wp-json\/wp\/v2\/product\/30926","targetHints":{"allow":["GET"]}}],"collection":[{"href":"https:\/\/climatemaster.ge\/fr\/wp-json\/wp\/v2\/product"}],"about":[{"href":"https:\/\/climatemaster.ge\/fr\/wp-json\/wp\/v2\/types\/product"}],"wp:featuredmedia":[{"embeddable":true,"href":"https:\/\/climatemaster.ge\/fr\/wp-json\/wp\/v2\/media\/30921"}],"wp:attachment":[{"href":"https:\/\/climatemaster.ge\/fr\/wp-json\/wp\/v2\/media?parent=30926"}],"wp:term":[{"taxonomy":"product_brand","embeddable":true,"href":"https:\/\/climatemaster.ge\/fr\/wp-json\/wp\/v2\/product_brand?post=30926"},{"taxonomy":"product_cat","embeddable":true,"href":"https:\/\/climatemaster.ge\/fr\/wp-json\/wp\/v2\/product_cat?post=30926"},{"taxonomy":"product_tag","embeddable":true,"href":"https:\/\/climatemaster.ge\/fr\/wp-json\/wp\/v2\/product_tag?post=30926"}],"curies":[{"name":"wp","href":"https:\/\/api.w.org\/{rel}","templated":true}]}}