{"id":30836,"date":"2025-05-10T20:56:02","date_gmt":"2025-05-10T16:56:02","guid":{"rendered":"https:\/\/airsystems.ge\/shop\/product\/anemometer-thies-first-class-advanced-x\/"},"modified":"2025-05-10T21:46:05","modified_gmt":"2025-05-10T17:46:05","slug":"anemometer-thies-first-class-advanced-x","status":"publish","type":"product","link":"https:\/\/climatemaster.ge\/fr\/produit\/anemometer-thies-first-class-advanced-x\/","title":{"rendered":"An\u00e9mom\u00e8tre Thies First Class Advanced X"},"content":{"rendered":"<h3>An\u00e9mom\u00e8tre \u00e0 coupelle intelligent \u00e0 balayage optique<\/h3>\n<p>Le Thies First Class Advanced X est class\u00e9 selon la norme CEI 61400-12-1 Ed. 2.0 (2017-03). Il a \u00e9t\u00e9 con\u00e7u pour mesurer\u00a0:<\/p>\n<p>La vitesse horizontale du vent<br \/>\nLa pression atmosph\u00e9rique absolue et relative<br \/>\nL&rsquo;inclinaison X, Y et Z<br \/>\nL&rsquo;acc\u00e9l\u00e9ration, la fr\u00e9quence et l&rsquo;amplitude des vibrations en X, Y et Z<\/p>\n<p>Cet an\u00e9mom\u00e8tre est con\u00e7u pour mesurer les ressources \u00e9oliennes pour les rapports d&rsquo;\u00e9valuation et les courbes de puissance. Le capteur se caract\u00e9rise par un \u00e9cart minimal par rapport \u00e0 la ligne cosinus, un comportement dynamique optimis\u00e9 m\u00eame en cas de turbulences tr\u00e8s intenses, une survitesse minimale, une faible valeur de d\u00e9marrage et un comportement d&rsquo;entr\u00e9e oblique optimis\u00e9. Il ne n\u00e9cessite qu&rsquo;une maintenance minimale gr\u00e2ce \u00e0 sa faible inertie et \u00e0 son \u00e9toile \u00e0 coupelle \u00e0 roulement \u00e0 billes. En hiver, le chauffage \u00e0 r\u00e9gulation \u00e9lectronique garantit le bon fonctionnement des roulements \u00e0 billes et emp\u00eache le givrage de l&rsquo;arbre et de la rainure.<\/p>\n<p><strong>Correction intelligente des valeurs mesur\u00e9es<\/strong><\/p>\n<p>Le capteur int\u00e8gre une correction automatique de la vitesse du vent en fonction de la pression atmosph\u00e9rique. La vitesse de rotation de l&rsquo;\u00e9toile d\u00e9pend de la densit\u00e9 de l&rsquo;air et donc de la pression atmosph\u00e9rique. La correction est appliqu\u00e9e pour une plage de 700 \u00e0 1100 hPa. La sortie de l&rsquo;an\u00e9mom\u00e8tre couvre les valeurs de mesure originales et corrig\u00e9es.<\/p>\n<p><strong>\u00c9talonnage<\/strong><\/p>\n<p>Pour l&rsquo;\u00e9valuation des ressources \u00e9oliennes, les an\u00e9mom\u00e8tres doivent \u00eatre \u00e9talonn\u00e9s conform\u00e9ment \u00e0 MEASNET. Ce First Class Advanced X permet d&rsquo;enregistrer les valeurs de pente et de d\u00e9calage d\u00e9termin\u00e9es lors de l&rsquo;\u00e9talonnage. Aucune correction suppl\u00e9mentaire n&rsquo;est donc n\u00e9cessaire. Nous recommandons d&rsquo;\u00e9talonner les an\u00e9mom\u00e8tres dans la soufflerie d&rsquo;Ammonit Wind Tunnel GmbH (ammonit-windtunnel.com).<\/p>\n<p><strong>Configuration de la sortie du compteur en mode de classification CEI<\/strong><\/p>\n<p>Lorsque l&rsquo;an\u00e9mom\u00e8tre est configur\u00e9 avec le param\u00e8tre FO = 4, la sortie du compteur fournit la vitesse du vent corrig\u00e9e en fonction de la pression atmosph\u00e9rique, ce qui permet d&rsquo;obtenir le r\u00e9sultat de classification CEI d\u00e9crit ci-dessous. Vitesse du vent [m\/s] = 0,1 [m] \u00d7 f [Hz]<\/p>\n<p><strong>Configuration basse consommation du capteur conforme au mode de classification CEI (Chauffage d\u00e9sactiv\u00e9)<\/strong><\/p>\n<p>Par d\u00e9faut, le capteur est livr\u00e9 dans une configuration basse consommation et class\u00e9e CEI (Chauffage d\u00e9sactiv\u00e9).<br \/>\nSi votre campagne de mesure ne dispose pas de ressources \u00e9nerg\u00e9tiques importantes (notamment hors r\u00e9seau), nous vous recommandons de conserver cette configuration par d\u00e9faut. Le compteur et la sortie s\u00e9rie fournissent alors la vitesse du vent corrig\u00e9e de la pression atmosph\u00e9rique, ce qui permet d&rsquo;obtenir un excellent r\u00e9sultat de classification CEI (Chauffage d\u00e9sactiv\u00e9), tout en conservant une faible consommation \u00e9lectrique (typiquement 14 mA \u00e0 12 V).<\/p>\n<p><strong>Valeur de classification S pour les pays \u00e0 climat chaud<\/strong><\/p>\n<p>Veuillez noter que si votre campagne de mesure a lieu dans un pays \u00e0 climat chaud (aucune saison inf\u00e9rieure \u00e0 10 \u00b0C), la valeur de classification S pour ce climat correspond au mode de classification CEI (Chauffage activ\u00e9), m\u00eame si le capteur est configur\u00e9 en mode basse consommation.<\/p>\n<p><strong>Configuration haute puissance du capteur pour un mode de classification CEI (chauffage activ\u00e9)<\/strong><\/p>\n<p>Si vous disposez d&rsquo;importantes ressources de puissance pour vos mesures (jusqu&rsquo;\u00e0 20 W disponibles par an\u00e9mom\u00e8tre) et que votre climat est caract\u00e9ris\u00e9 par des hivers froids, veuillez nous en informer. Nous configurerons le capteur pour qu&rsquo;il soit conforme au mode de classification CEI (chauffage activ\u00e9).<br \/>\nVeuillez noter que vous aurez besoin de la version S11200H (version chauffage) et d&rsquo;un c\u00e2ble sp\u00e9cial avec noyaux chauffants.<\/p>\n<p><strong>Classification selon la norme CEI 61400-12-1, \u00e9dition 2.0 (2017-03)<\/strong><\/p>\n<p>L&rsquo;influence directe de la densit\u00e9 de l&rsquo;air a \u00e9t\u00e9 mesur\u00e9e \u00e0 l&rsquo;aide d&rsquo;une soufflerie \u00e0 densit\u00e9 d&rsquo;air variable sp\u00e9cialement con\u00e7ue, au lieu d&rsquo;\u00eatre calcul\u00e9e \u00e0 partir de mesures de couple.<\/p>\n<table border=\"1\" width=\"371\" cellspacing=\"1\" cellpadding=\"1\">\n<tbody>\n<tr>\n<td><\/td>\n<td><strong>Classe A<\/strong><\/td>\n<td><strong>Classe B<\/strong><\/td>\n<\/tr>\n<tr>\n<td>Chauffage activ\u00e9<\/td>\n<td>0.65<\/td>\n<td>0.9<\/td>\n<\/tr>\n<tr>\n<td>Chauffage d\u00e9sactiv\u00e9<\/td>\n<td>1.1<\/td>\n<td>1.8<\/td>\n<\/tr>\n<\/tbody>\n<\/table>\n<p>Source\u00a0: Rapport de synth\u00e8se AK 151023-1.1 Classification des an\u00e9mom\u00e8tres \u00e0 coupelles, Deutsche WindGuard Tunnel Services GmbH, Varel, Allemagne, 2017.<\/p>\n<h3>Incertitude type de fonctionnement selon la norme CEI 61400-12-1<\/h3>\n<p>L&rsquo;incertitude type de fonctionnement d\u00e9crit l&rsquo;\u00e9cart maximal entre la vitesse du vent mesur\u00e9e par l&rsquo;an\u00e9mom\u00e8tre et la vitesse r\u00e9elle du vent. Le tableau indique l&rsquo;incertitude type op\u00e9rationnelle \u00e0 10 m\/s\u00a0:<\/p>\n<table border=\"1\" width=\"375\" cellspacing=\"1\" cellpadding=\"1\">\n<tbody>\n<tr>\n<td><\/td>\n<td><strong>Classe A<\/strong><\/td>\n<td><strong>Classe B<\/strong><\/td>\n<\/tr>\n<tr>\n<td>Chauffage activ\u00e9<\/td>\n<td>0.04 m\/s<\/td>\n<td>0.05 m\/s<\/td>\n<\/tr>\n<tr>\n<td>Chauffage d\u00e9sactiv\u00e9<\/td>\n<td>0.06 m\/s<\/td>\n<td>0.10 m\/s<\/td>\n<\/tr>\n<\/tbody>\n<\/table>\n<h3>Lin\u00e9arit\u00e9 (MEASNET)<\/h3>\n<p>La lin\u00e9arit\u00e9 requise par MEASNET pour les an\u00e9mom\u00e8tres est r &gt; 0,999 95. Le Thies First Class Advanced II offre r &gt; 0,999 99 (4 &#8230; 20 m\/s).<\/p>\n<p>&nbsp;<\/p>\n<p><img decoding=\"async\" class=\"img-fluid\" src=\"https:\/\/www.ammonit.com\/media\/filer_public_thumbnails\/filer_public\/d5\/4d\/d54d4534-29dd-4cb9-bafc-7d774eea70ca\/anemometer_thiesfirstclassadvancedx_s11200-h_dimensional_drawing.png__311x437_q85_subsampling-2.jpg\" alt=\"\" \/><\/p>\n<table id=\"table005\" width=\"637\">\n<colgroup>\n<col \/>\n<col \/><\/colgroup>\n<thead>\n<tr>\n<th colspan=\"2\" scope=\"col\"><span style=\"font-weight: 400;\">Characteristics<\/span><\/th>\n<\/tr>\n<\/thead>\n<tbody>\n<tr>\n<td>Physical functionality<\/td>\n<td>Optically-scanned cup anemometer<\/td>\n<\/tr>\n<tr>\n<td>Delivered signal<\/td>\n<td>Frequency output (pulse) and RS485 (Modbus)<\/td>\n<\/tr>\n<tr>\n<td colspan=\"2\">Accuracy<\/td>\n<\/tr>\n<tr>\n<td>Accuracy wind speed<\/td>\n<td>\u00b11% of measured value or &lt;\u00a0\u00b10.2 m\/s @ 0.3 &#8230; 50\/s<\/td>\n<\/tr>\n<tr>\n<td>Accuracy housing temperature<\/td>\n<td>\u00b11\u00b0 (Measurement range: -40 &#8230; +80 \u00b0C)<\/td>\n<\/tr>\n<tr>\n<td>Accuracy air pressure<\/td>\n<td>\u00b11 hPa @ 20\u00b0C (Measurement range: 300 &#8230; 1100 hPa)<\/td>\n<\/tr>\n<tr>\n<td>Accuracy inclination (X, Y, Z)<\/td>\n<td>\u00b11\u00b0 (Measurement range: -89.9\u00b0 &#8230; +89.9\u00b0)<\/td>\n<\/tr>\n<tr>\n<td>Accuracy vibration (X, Y, Z)<\/td>\n<td>\u00b10.4 Hz (Measurement range: 0 &#8230; 50 Hz)<\/td>\n<\/tr>\n<tr>\n<td>Accuracy acceleration<\/td>\n<td>\u00b130 mg (Measurement range:\u00a0\u00b18 g)<\/td>\n<\/tr>\n<tr>\n<td>Linearity<\/td>\n<td>Correlation factor\u00a0r\u00a0between frequency\u00a0f\u00a0and wind speed\u00a0y<\/p>\n<p>r &gt; 0.999 99 (4 &#8230; 20 m\/s)<\/td>\n<\/tr>\n<tr>\n<td>Starting velocity<\/td>\n<td>&lt; 0.3 m\/s<\/td>\n<\/tr>\n<tr>\n<td>Resolution<\/td>\n<td>0.05 m wind run<\/td>\n<\/tr>\n<tr>\n<td>Distance constant<\/td>\n<td>&lt; 3 m (acc. to ASTM D 5096 &#8211; 96) 3 m acc. to ISO 17713-1<\/td>\n<\/tr>\n<tr>\n<td>Turbulent flow into cups<\/td>\n<td>Deviation\u00a0\u0394v turbulent compared with stationary horizontal flow<\/p>\n<p>-0.5 % &lt;\u00a0\u0394v &lt; +2 %<\/p>\n<p>Frequency &lt; 2 Hz<\/td>\n<\/tr>\n<tr>\n<td>Wind load<\/td>\n<td>Approx. 100 N @ 75 m\/s<\/td>\n<\/tr>\n<tr>\n<td colspan=\"2\">Operating range<\/td>\n<\/tr>\n<tr>\n<td>Measuring range<\/td>\n<td>0.3 &#8230; 75 m\/s<\/td>\n<\/tr>\n<tr>\n<td>Survival speed<\/td>\n<td>80 m\/s (mind. 30 min)<\/td>\n<\/tr>\n<tr>\n<td>Permissible ambient conditions<\/td>\n<td>-40 &#8230; +80 \u00b0C, 0 &#8230; 100% RH including condensation<\/td>\n<\/tr>\n<tr>\n<td colspan=\"2\">Electrical data<\/td>\n<\/tr>\n<tr>\n<td>Output signal (frequency)<\/td>\n<td>Form rectangle, 1082 Hz @ 50 m\/s, supply voltage max. 15 V<\/td>\n<\/tr>\n<tr>\n<td>Output signal (RS485)<\/td>\n<td>Modbus protocol, bus-compatible<\/p>\n<p>Half duplex, data format: 8N1<\/p>\n<p>Baud rate: 2400, 4800, 9600, 19200, 38400, 57600<\/td>\n<\/tr>\n<tr>\n<td>Electrical supply for optoelec. scanning<\/td>\n<td>Voltage: 3.7 &#8230; 42 VDC (galvanic isolation from housing)<\/p>\n<p>Current: typically 14 mA, max. 100 mA<\/p>\n<p>(with heating for pressure sensor on)<\/p>\n<p>approx. 0,9 mA (power saving mode SM1,HT0)<\/td>\n<\/tr>\n<tr>\n<td>Electrical supply for heating<br \/>\n(only S11200H)<\/td>\n<td>Voltage: 24 V AC\/DC (galvanic isolation from housing)<\/p>\n<p>Idling voltage: max. 32 VAC, max. 48 VDC<\/p>\n<p>Power consumption: 25 W<\/td>\n<\/tr>\n<tr>\n<td colspan=\"2\">General<\/td>\n<\/tr>\n<tr>\n<td>Connection<\/td>\n<td>8-pole plug-connection for shielded cable in the shaft<\/td>\n<\/tr>\n<tr>\n<td>Mounting<\/td>\n<td>on mast tube R1\u201d (Outer diameter \u2264 34 mm, Inner diameter \u2265 22 mm)<\/td>\n<\/tr>\n<tr>\n<td>Dimensions<\/td>\n<td>290 x 240 mm<\/td>\n<\/tr>\n<tr>\n<td>Fixing boring<\/td>\n<td>35 x 25 mm<\/td>\n<\/tr>\n<tr>\n<td>Weight<\/td>\n<td>approx. 0.5 kg<\/td>\n<\/tr>\n<tr>\n<td>Material Housing<\/p>\n<p>Cup star<\/td>\n<td>Anodised aluminiun<\/p>\n<p>Carbon-fibre-reinforced plastic<\/td>\n<\/tr>\n<tr>\n<td>Type of bearings<\/td>\n<td>Metallic ball bearings<\/td>\n<\/tr>\n<tr>\n<td>Protection<\/td>\n<td>IP 55 (DIN 40050)<\/td>\n<\/tr>\n<tr>\n<td>Patent<\/td>\n<td>EP 1 398 637, DE 103 27 632, EP 1 489 427<\/td>\n<\/tr>\n<tr>\n<td>EMC<\/td>\n<td>EN 61000-6-2, EN 61000-6-3, EN 61010-1, EN 63000 2019-05<\/td>\n<\/tr>\n<tr>\n<td>Manufacturer<\/td>\n<td>Thies<\/td>\n<\/tr>\n<tr>\n<td>Accessory<\/td>\n<td>Module set M83575 (incl. isolated repeater)<\/td>\n<\/tr>\n<\/tbody>\n<\/table>\n","protected":false},"excerpt":{"rendered":"<h3>Num\u00e9ro de commande<\/h3>\n<p>S11201\/S11201H<\/p>\n<h3>Class\u00e9 selon la norme CEI 61400-12-1 \u00c9dition 2.0 (2017-03)<\/h3>\n<p>L&rsquo;an\u00e9mom\u00e8tre Thies FCA X pr\u00e9sente les meilleures valeurs de classification du march\u00e9. Son capteur de pression int\u00e9gr\u00e9 corrige automatiquement la mesure de la vitesse du vent en fonction de la pression atmosph\u00e9rique. La nouvelle version basse consommation affiche d\u00e9sormais une consommation encore plus faible (typiquement 14 mA \u00e0 12 V) en mode CEI et permet de connecter jusqu&rsquo;\u00e0 huit capteurs sur un m\u00eame bus.<\/p>\n<p>L&rsquo;ancienne version utilisant le m\u00eame protocole de communication que la nouvelle, ils peuvent \u00eatre utilis\u00e9s sur le m\u00eame bus.<\/p>\n","protected":false},"featured_media":30831,"template":"","meta":[],"product_brand":[],"product_cat":[1421],"product_tag":[],"class_list":{"0":"post-30836","1":"product","2":"type-product","3":"status-publish","4":"has-post-thumbnail","6":"product_cat-anemometre","8":"first","9":"instock","10":"shipping-taxable","11":"product-type-simple"},"yoast_head":"<!-- This site is optimized with the Yoast SEO plugin v27.1.1 - https:\/\/yoast.com\/product\/yoast-seo-wordpress\/ -->\n<title>An\u00e9mom\u00e8tre Thies First Class Advanced X - Climate Master<\/title>\n<meta name=\"robots\" content=\"index, follow, max-snippet:-1, max-image-preview:large, max-video-preview:-1\" \/>\n<link rel=\"canonical\" href=\"https:\/\/climatemaster.ge\/fr\/produit\/anemometer-thies-first-class-advanced-x\/\" \/>\n<meta property=\"og:locale\" content=\"fr_FR\" \/>\n<meta property=\"og:type\" content=\"article\" \/>\n<meta property=\"og:title\" content=\"An\u00e9mom\u00e8tre Thies First Class Advanced X - Climate Master\" \/>\n<meta property=\"og:description\" content=\"Num\u00e9ro de commande S11201\/S11201H Class\u00e9 selon la norme CEI 61400-12-1 \u00c9dition 2.0 (2017-03) L&#039;an\u00e9mom\u00e8tre Thies FCA X pr\u00e9sente les meilleures valeurs de classification du march\u00e9. Son capteur de pression int\u00e9gr\u00e9 corrige automatiquement la mesure de la vitesse du vent en fonction de la pression atmosph\u00e9rique. La nouvelle version basse consommation affiche d\u00e9sormais une consommation encore plus faible (typiquement 14 mA \u00e0 12 V) en mode CEI et permet de connecter jusqu&#039;\u00e0 huit capteurs sur un m\u00eame bus.  L&#039;ancienne version utilisant le m\u00eame protocole de communication que la nouvelle, ils peuvent \u00eatre utilis\u00e9s sur le m\u00eame bus.\" \/>\n<meta property=\"og:url\" content=\"https:\/\/climatemaster.ge\/fr\/produit\/anemometer-thies-first-class-advanced-x\/\" \/>\n<meta property=\"og:site_name\" content=\"Climate Master\" \/>\n<meta property=\"article:modified_time\" content=\"2025-05-10T17:46:05+00:00\" \/>\n<meta property=\"og:image\" content=\"https:\/\/climatemaster.ge\/wp-content\/uploads\/2025\/05\/Anemometer-Thies-First-Class-Advanced-X.png\" \/>\n\t<meta property=\"og:image:width\" content=\"490\" \/>\n\t<meta property=\"og:image:height\" content=\"490\" \/>\n\t<meta property=\"og:image:type\" content=\"image\/png\" \/>\n<meta name=\"twitter:card\" content=\"summary_large_image\" \/>\n<meta name=\"twitter:label1\" content=\"Dur\u00e9e de lecture estim\u00e9e\" \/>\n\t<meta name=\"twitter:data1\" content=\"5 minutes\" \/>\n<script type=\"application\/ld+json\" class=\"yoast-schema-graph\">{\"@context\":\"https:\/\/schema.org\",\"@graph\":[{\"@type\":\"WebPage\",\"@id\":\"https:\/\/climatemaster.ge\/fr\/produit\/anemometer-thies-first-class-advanced-x\/\",\"url\":\"https:\/\/climatemaster.ge\/fr\/produit\/anemometer-thies-first-class-advanced-x\/\",\"name\":\"An\u00e9mom\u00e8tre Thies First Class Advanced X - Climate Master\",\"isPartOf\":{\"@id\":\"https:\/\/climatemaster.ge\/#website\"},\"primaryImageOfPage\":{\"@id\":\"https:\/\/climatemaster.ge\/fr\/produit\/anemometer-thies-first-class-advanced-x\/#primaryimage\"},\"image\":{\"@id\":\"https:\/\/climatemaster.ge\/fr\/produit\/anemometer-thies-first-class-advanced-x\/#primaryimage\"},\"thumbnailUrl\":\"https:\/\/climatemaster.ge\/wp-content\/uploads\/2025\/05\/Anemometer-Thies-First-Class-Advanced-X.png\",\"datePublished\":\"2025-05-10T16:56:02+00:00\",\"dateModified\":\"2025-05-10T17:46:05+00:00\",\"breadcrumb\":{\"@id\":\"https:\/\/climatemaster.ge\/fr\/produit\/anemometer-thies-first-class-advanced-x\/#breadcrumb\"},\"inLanguage\":\"fr-FR\",\"potentialAction\":[{\"@type\":\"ReadAction\",\"target\":[\"https:\/\/climatemaster.ge\/fr\/produit\/anemometer-thies-first-class-advanced-x\/\"]}]},{\"@type\":\"ImageObject\",\"inLanguage\":\"fr-FR\",\"@id\":\"https:\/\/climatemaster.ge\/fr\/produit\/anemometer-thies-first-class-advanced-x\/#primaryimage\",\"url\":\"https:\/\/climatemaster.ge\/wp-content\/uploads\/2025\/05\/Anemometer-Thies-First-Class-Advanced-X.png\",\"contentUrl\":\"https:\/\/climatemaster.ge\/wp-content\/uploads\/2025\/05\/Anemometer-Thies-First-Class-Advanced-X.png\",\"width\":490,\"height\":490},{\"@type\":\"BreadcrumbList\",\"@id\":\"https:\/\/climatemaster.ge\/fr\/produit\/anemometer-thies-first-class-advanced-x\/#breadcrumb\",\"itemListElement\":[{\"@type\":\"ListItem\",\"position\":1,\"name\":\"Home\",\"item\":\"https:\/\/climatemaster.ge\/\"},{\"@type\":\"ListItem\",\"position\":2,\"name\":\"Products\",\"item\":\"https:\/\/climatemaster.ge\/products\/\"},{\"@type\":\"ListItem\",\"position\":3,\"name\":\"An\u00e9mom\u00e8tre Thies First Class Advanced X\"}]},{\"@type\":\"WebSite\",\"@id\":\"https:\/\/climatemaster.ge\/#website\",\"url\":\"https:\/\/climatemaster.ge\/\",\"name\":\"Climate Master\",\"description\":\"\",\"publisher\":{\"@id\":\"https:\/\/climatemaster.ge\/#organization\"},\"potentialAction\":[{\"@type\":\"SearchAction\",\"target\":{\"@type\":\"EntryPoint\",\"urlTemplate\":\"https:\/\/climatemaster.ge\/?s={search_term_string}\"},\"query-input\":{\"@type\":\"PropertyValueSpecification\",\"valueRequired\":true,\"valueName\":\"search_term_string\"}}],\"inLanguage\":\"fr-FR\"},{\"@type\":\"Organization\",\"@id\":\"https:\/\/climatemaster.ge\/#organization\",\"name\":\"Climate Master\",\"url\":\"https:\/\/climatemaster.ge\/\",\"logo\":{\"@type\":\"ImageObject\",\"inLanguage\":\"fr-FR\",\"@id\":\"https:\/\/climatemaster.ge\/#\/schema\/logo\/image\/\",\"url\":\"https:\/\/climatemaster.ge\/wp-content\/uploads\/2026\/03\/Untitled-2.png\",\"contentUrl\":\"https:\/\/climatemaster.ge\/wp-content\/uploads\/2026\/03\/Untitled-2.png\",\"width\":600,\"height\":338,\"caption\":\"Climate Master\"},\"image\":{\"@id\":\"https:\/\/climatemaster.ge\/#\/schema\/logo\/image\/\"}}]}<\/script>\n<!-- \/ Yoast SEO plugin. -->","yoast_head_json":{"title":"An\u00e9mom\u00e8tre Thies First Class Advanced X - Climate Master","robots":{"index":"index","follow":"follow","max-snippet":"max-snippet:-1","max-image-preview":"max-image-preview:large","max-video-preview":"max-video-preview:-1"},"canonical":"https:\/\/climatemaster.ge\/fr\/produit\/anemometer-thies-first-class-advanced-x\/","og_locale":"fr_FR","og_type":"article","og_title":"An\u00e9mom\u00e8tre Thies First Class Advanced X - Climate Master","og_description":"Num\u00e9ro de commande S11201\/S11201H Class\u00e9 selon la norme CEI 61400-12-1 \u00c9dition 2.0 (2017-03) L'an\u00e9mom\u00e8tre Thies FCA X pr\u00e9sente les meilleures valeurs de classification du march\u00e9. Son capteur de pression int\u00e9gr\u00e9 corrige automatiquement la mesure de la vitesse du vent en fonction de la pression atmosph\u00e9rique. La nouvelle version basse consommation affiche d\u00e9sormais une consommation encore plus faible (typiquement 14 mA \u00e0 12 V) en mode CEI et permet de connecter jusqu'\u00e0 huit capteurs sur un m\u00eame bus.  L'ancienne version utilisant le m\u00eame protocole de communication que la nouvelle, ils peuvent \u00eatre utilis\u00e9s sur le m\u00eame bus.","og_url":"https:\/\/climatemaster.ge\/fr\/produit\/anemometer-thies-first-class-advanced-x\/","og_site_name":"Climate Master","article_modified_time":"2025-05-10T17:46:05+00:00","og_image":[{"width":490,"height":490,"url":"https:\/\/climatemaster.ge\/wp-content\/uploads\/2025\/05\/Anemometer-Thies-First-Class-Advanced-X.png","type":"image\/png"}],"twitter_card":"summary_large_image","twitter_misc":{"Dur\u00e9e de lecture estim\u00e9e":"5 minutes"},"schema":{"@context":"https:\/\/schema.org","@graph":[{"@type":"WebPage","@id":"https:\/\/climatemaster.ge\/fr\/produit\/anemometer-thies-first-class-advanced-x\/","url":"https:\/\/climatemaster.ge\/fr\/produit\/anemometer-thies-first-class-advanced-x\/","name":"An\u00e9mom\u00e8tre Thies First Class Advanced X - Climate Master","isPartOf":{"@id":"https:\/\/climatemaster.ge\/#website"},"primaryImageOfPage":{"@id":"https:\/\/climatemaster.ge\/fr\/produit\/anemometer-thies-first-class-advanced-x\/#primaryimage"},"image":{"@id":"https:\/\/climatemaster.ge\/fr\/produit\/anemometer-thies-first-class-advanced-x\/#primaryimage"},"thumbnailUrl":"https:\/\/climatemaster.ge\/wp-content\/uploads\/2025\/05\/Anemometer-Thies-First-Class-Advanced-X.png","datePublished":"2025-05-10T16:56:02+00:00","dateModified":"2025-05-10T17:46:05+00:00","breadcrumb":{"@id":"https:\/\/climatemaster.ge\/fr\/produit\/anemometer-thies-first-class-advanced-x\/#breadcrumb"},"inLanguage":"fr-FR","potentialAction":[{"@type":"ReadAction","target":["https:\/\/climatemaster.ge\/fr\/produit\/anemometer-thies-first-class-advanced-x\/"]}]},{"@type":"ImageObject","inLanguage":"fr-FR","@id":"https:\/\/climatemaster.ge\/fr\/produit\/anemometer-thies-first-class-advanced-x\/#primaryimage","url":"https:\/\/climatemaster.ge\/wp-content\/uploads\/2025\/05\/Anemometer-Thies-First-Class-Advanced-X.png","contentUrl":"https:\/\/climatemaster.ge\/wp-content\/uploads\/2025\/05\/Anemometer-Thies-First-Class-Advanced-X.png","width":490,"height":490},{"@type":"BreadcrumbList","@id":"https:\/\/climatemaster.ge\/fr\/produit\/anemometer-thies-first-class-advanced-x\/#breadcrumb","itemListElement":[{"@type":"ListItem","position":1,"name":"Home","item":"https:\/\/climatemaster.ge\/"},{"@type":"ListItem","position":2,"name":"Products","item":"https:\/\/climatemaster.ge\/products\/"},{"@type":"ListItem","position":3,"name":"An\u00e9mom\u00e8tre Thies First Class Advanced X"}]},{"@type":"WebSite","@id":"https:\/\/climatemaster.ge\/#website","url":"https:\/\/climatemaster.ge\/","name":"Climate Master","description":"","publisher":{"@id":"https:\/\/climatemaster.ge\/#organization"},"potentialAction":[{"@type":"SearchAction","target":{"@type":"EntryPoint","urlTemplate":"https:\/\/climatemaster.ge\/?s={search_term_string}"},"query-input":{"@type":"PropertyValueSpecification","valueRequired":true,"valueName":"search_term_string"}}],"inLanguage":"fr-FR"},{"@type":"Organization","@id":"https:\/\/climatemaster.ge\/#organization","name":"Climate Master","url":"https:\/\/climatemaster.ge\/","logo":{"@type":"ImageObject","inLanguage":"fr-FR","@id":"https:\/\/climatemaster.ge\/#\/schema\/logo\/image\/","url":"https:\/\/climatemaster.ge\/wp-content\/uploads\/2026\/03\/Untitled-2.png","contentUrl":"https:\/\/climatemaster.ge\/wp-content\/uploads\/2026\/03\/Untitled-2.png","width":600,"height":338,"caption":"Climate Master"},"image":{"@id":"https:\/\/climatemaster.ge\/#\/schema\/logo\/image\/"}}]}},"_links":{"self":[{"href":"https:\/\/climatemaster.ge\/fr\/wp-json\/wp\/v2\/product\/30836","targetHints":{"allow":["GET"]}}],"collection":[{"href":"https:\/\/climatemaster.ge\/fr\/wp-json\/wp\/v2\/product"}],"about":[{"href":"https:\/\/climatemaster.ge\/fr\/wp-json\/wp\/v2\/types\/product"}],"wp:featuredmedia":[{"embeddable":true,"href":"https:\/\/climatemaster.ge\/fr\/wp-json\/wp\/v2\/media\/30831"}],"wp:attachment":[{"href":"https:\/\/climatemaster.ge\/fr\/wp-json\/wp\/v2\/media?parent=30836"}],"wp:term":[{"taxonomy":"product_brand","embeddable":true,"href":"https:\/\/climatemaster.ge\/fr\/wp-json\/wp\/v2\/product_brand?post=30836"},{"taxonomy":"product_cat","embeddable":true,"href":"https:\/\/climatemaster.ge\/fr\/wp-json\/wp\/v2\/product_cat?post=30836"},{"taxonomy":"product_tag","embeddable":true,"href":"https:\/\/climatemaster.ge\/fr\/wp-json\/wp\/v2\/product_tag?post=30836"}],"curies":[{"name":"wp","href":"https:\/\/api.w.org\/{rel}","templated":true}]}}