{"id":30714,"date":"2025-05-06T09:02:21","date_gmt":"2025-05-06T05:02:21","guid":{"rendered":"https:\/\/airsystems.ge\/shop\/product\/uv-protective-glasses\/"},"modified":"2025-05-06T09:15:27","modified_gmt":"2025-05-06T05:15:27","slug":"uv-protective-glasses","status":"publish","type":"product","link":"https:\/\/climatemaster.ge\/fr\/produit\/uv-protective-glasses\/","title":{"rendered":"UV Lunettes de protection UV"},"content":{"rendered":"<p><strong>Caract\u00e9ristiques<\/strong><\/p>\n<p>\u2022 Fabriqu\u00e9 en polycarbonate pour une r\u00e9sistance \u00e9lev\u00e9e aux chocs et une protection UV efficace.<br \/>\n\u2022 Teinte transparente et neutre offrant une bonne protection contre l&rsquo;\u00e9blouissement.<br \/>\n\u2022 R\u00e9sistant aux rayures, id\u00e9al comme surlunettes<\/p>\n<p><strong>Protection optimale contre les rayons UV<\/strong><\/p>\n<p>Lorsque vous travaillez avec des lampes UV, il est imp\u00e9ratif de porter des lunettes pour prot\u00e9ger vos yeux des rayons UV nocifs. Par exemple, lors de l&rsquo;utilisation de lampes UVA portables, d&rsquo;UV-TrackMaster ou du d\u00e9tecteur de fuites UV-Torchlight 15F. Dans le cas contraire, des effets nocifs tels qu&rsquo;une inflammation de la corn\u00e9e, une cataracte ou une inflammation de la r\u00e9tine peuvent survenir.<\/p>\n<p><strong>Caract\u00e9ristiques techniques<\/strong><\/p>\n<p>Norme EN166\/169\u00a0: Conforme<br \/>\nProtection UV\u00a0: 100\u00a0%<br \/>\nTeinte\u00a0: incolore, couleur neutre<br \/>\nMat\u00e9riau\u00a0: Polycarbonate<br \/>\nDomaine d&rsquo;application : Industrie, Ext\u00e9rieur<\/p>\n","protected":false},"excerpt":{"rendered":"<p>Lunettes de s\u00e9curit\u00e9 universelles. Elles prot\u00e8gent contre les rayons UV lors de la d\u00e9tection non destructive de fuites par traceur. Elles sont \u00e9galement parfaitement adapt\u00e9es \u00e0 une utilisation dans l&rsquo;industrie manufacturi\u00e8re. Elles prot\u00e8gent contre des risques sp\u00e9cifiques tels que l&rsquo;abrasion, les particules en suspension dans l&rsquo;air, les risques biologiques, etc.<\/p>\n<p><strong>Cat\u00e9gorie EG PSA<\/strong><\/p>\n<p>Cat\u00e9gorie II, EN 166\/169\u00a0; Directive europ\u00e9enne 89\/686\/CEE, classe optique 1, F &#8211; Impact \u00e0 faible \u00e9nergie (45 m\/s)\u00a0:<br \/>\nCes lunettes sont conformes \u00e0 la norme EN 166\/169, qui prescrit une protection UV \u00e0 100\u00a0% contre les rayonnements d&rsquo;une longueur d&rsquo;onde de 380 \u00e0 400 nanom\u00e8tres. Cette norme, \u00e9tablie par l&rsquo;Union europ\u00e9enne pour les lunettes de s\u00e9curit\u00e9 professionnelles, constitue un crit\u00e8re de qualit\u00e9 important pour les lunettes de protection UV.<\/p>\n","protected":false},"featured_media":30740,"template":"","meta":[],"product_brand":[],"product_cat":[420,421,433,441],"product_tag":[],"class_list":{"0":"post-30714","1":"product","2":"type-product","3":"status-publish","4":"has-post-thumbnail","6":"product_cat-trotec-fr","7":"product_cat-mesure-outils-instruments-appareils","8":"product_cat-detection-des-fuites","9":"product_cat-rayonnement-uv-a","11":"first","12":"instock","13":"shipping-taxable","14":"purchasable","15":"product-type-simple"},"yoast_head":"<!-- This site is optimized with the Yoast SEO plugin v27.1.1 - https:\/\/yoast.com\/product\/yoast-seo-wordpress\/ -->\n<title>UV Lunettes de protection UV - Climate Master<\/title>\n<meta name=\"robots\" content=\"index, follow, max-snippet:-1, max-image-preview:large, max-video-preview:-1\" \/>\n<link rel=\"canonical\" href=\"https:\/\/climatemaster.ge\/fr\/produit\/uv-protective-glasses\/\" \/>\n<meta property=\"og:locale\" content=\"fr_FR\" \/>\n<meta property=\"og:type\" content=\"article\" \/>\n<meta property=\"og:title\" content=\"UV Lunettes de protection UV - Climate Master\" \/>\n<meta property=\"og:description\" content=\"Lunettes de s\u00e9curit\u00e9 universelles. Elles prot\u00e8gent contre les rayons UV lors de la d\u00e9tection non destructive de fuites par traceur. Elles sont \u00e9galement parfaitement adapt\u00e9es \u00e0 une utilisation dans l&#039;industrie manufacturi\u00e8re. Elles prot\u00e8gent contre des risques sp\u00e9cifiques tels que l&#039;abrasion, les particules en suspension dans l&#039;air, les risques biologiques, etc.  Cat\u00e9gorie EG PSA  Cat\u00e9gorie II, EN 166\/169\u00a0; Directive europ\u00e9enne 89\/686\/CEE, classe optique 1, F - Impact \u00e0 faible \u00e9nergie (45 m\/s)\u00a0: Ces lunettes sont conformes \u00e0 la norme EN 166\/169, qui prescrit une protection UV \u00e0 100\u00a0% contre les rayonnements d&#039;une longueur d&#039;onde de 380 \u00e0 400 nanom\u00e8tres. Cette norme, \u00e9tablie par l&#039;Union europ\u00e9enne pour les lunettes de s\u00e9curit\u00e9 professionnelles, constitue un crit\u00e8re de qualit\u00e9 important pour les lunettes de protection UV.\" \/>\n<meta property=\"og:url\" content=\"https:\/\/climatemaster.ge\/fr\/produit\/uv-protective-glasses\/\" \/>\n<meta property=\"og:site_name\" content=\"Climate Master\" \/>\n<meta property=\"article:modified_time\" content=\"2025-05-06T05:15:27+00:00\" \/>\n<meta property=\"og:image\" content=\"https:\/\/climatemaster.ge\/wp-content\/uploads\/2025\/05\/uv-schutzbrille-default-title-55697008034133.webp\" \/>\n\t<meta property=\"og:image:width\" content=\"590\" \/>\n\t<meta property=\"og:image:height\" content=\"590\" \/>\n\t<meta property=\"og:image:type\" content=\"image\/webp\" \/>\n<meta name=\"twitter:card\" content=\"summary_large_image\" \/>\n<meta name=\"twitter:label1\" content=\"Dur\u00e9e de lecture estim\u00e9e\" \/>\n\t<meta name=\"twitter:data1\" content=\"1 minute\" \/>\n<script type=\"application\/ld+json\" class=\"yoast-schema-graph\">{\"@context\":\"https:\/\/schema.org\",\"@graph\":[{\"@type\":\"WebPage\",\"@id\":\"https:\/\/climatemaster.ge\/fr\/produit\/uv-protective-glasses\/\",\"url\":\"https:\/\/climatemaster.ge\/fr\/produit\/uv-protective-glasses\/\",\"name\":\"UV Lunettes de protection UV - Climate Master\",\"isPartOf\":{\"@id\":\"https:\/\/climatemaster.ge\/#website\"},\"primaryImageOfPage\":{\"@id\":\"https:\/\/climatemaster.ge\/fr\/produit\/uv-protective-glasses\/#primaryimage\"},\"image\":{\"@id\":\"https:\/\/climatemaster.ge\/fr\/produit\/uv-protective-glasses\/#primaryimage\"},\"thumbnailUrl\":\"https:\/\/climatemaster.ge\/wp-content\/uploads\/2025\/05\/uv-schutzbrille-default-title-55697008034133.webp\",\"datePublished\":\"2025-05-06T05:02:21+00:00\",\"dateModified\":\"2025-05-06T05:15:27+00:00\",\"breadcrumb\":{\"@id\":\"https:\/\/climatemaster.ge\/fr\/produit\/uv-protective-glasses\/#breadcrumb\"},\"inLanguage\":\"fr-FR\",\"potentialAction\":[{\"@type\":\"ReadAction\",\"target\":[\"https:\/\/climatemaster.ge\/fr\/produit\/uv-protective-glasses\/\"]}]},{\"@type\":\"ImageObject\",\"inLanguage\":\"fr-FR\",\"@id\":\"https:\/\/climatemaster.ge\/fr\/produit\/uv-protective-glasses\/#primaryimage\",\"url\":\"https:\/\/climatemaster.ge\/wp-content\/uploads\/2025\/05\/uv-schutzbrille-default-title-55697008034133.webp\",\"contentUrl\":\"https:\/\/climatemaster.ge\/wp-content\/uploads\/2025\/05\/uv-schutzbrille-default-title-55697008034133.webp\",\"width\":590,\"height\":590},{\"@type\":\"BreadcrumbList\",\"@id\":\"https:\/\/climatemaster.ge\/fr\/produit\/uv-protective-glasses\/#breadcrumb\",\"itemListElement\":[{\"@type\":\"ListItem\",\"position\":1,\"name\":\"Home\",\"item\":\"https:\/\/climatemaster.ge\/\"},{\"@type\":\"ListItem\",\"position\":2,\"name\":\"Products\",\"item\":\"https:\/\/climatemaster.ge\/products\/\"},{\"@type\":\"ListItem\",\"position\":3,\"name\":\"UV Lunettes de protection UV\"}]},{\"@type\":\"WebSite\",\"@id\":\"https:\/\/climatemaster.ge\/#website\",\"url\":\"https:\/\/climatemaster.ge\/\",\"name\":\"Climate Master\",\"description\":\"\",\"publisher\":{\"@id\":\"https:\/\/climatemaster.ge\/#organization\"},\"potentialAction\":[{\"@type\":\"SearchAction\",\"target\":{\"@type\":\"EntryPoint\",\"urlTemplate\":\"https:\/\/climatemaster.ge\/?s={search_term_string}\"},\"query-input\":{\"@type\":\"PropertyValueSpecification\",\"valueRequired\":true,\"valueName\":\"search_term_string\"}}],\"inLanguage\":\"fr-FR\"},{\"@type\":\"Organization\",\"@id\":\"https:\/\/climatemaster.ge\/#organization\",\"name\":\"Climate Master\",\"url\":\"https:\/\/climatemaster.ge\/\",\"logo\":{\"@type\":\"ImageObject\",\"inLanguage\":\"fr-FR\",\"@id\":\"https:\/\/climatemaster.ge\/#\/schema\/logo\/image\/\",\"url\":\"https:\/\/climatemaster.ge\/wp-content\/uploads\/2026\/03\/Untitled-2.png\",\"contentUrl\":\"https:\/\/climatemaster.ge\/wp-content\/uploads\/2026\/03\/Untitled-2.png\",\"width\":600,\"height\":338,\"caption\":\"Climate Master\"},\"image\":{\"@id\":\"https:\/\/climatemaster.ge\/#\/schema\/logo\/image\/\"}}]}<\/script>\n<!-- \/ Yoast SEO plugin. -->","yoast_head_json":{"title":"UV Lunettes de protection UV - Climate Master","robots":{"index":"index","follow":"follow","max-snippet":"max-snippet:-1","max-image-preview":"max-image-preview:large","max-video-preview":"max-video-preview:-1"},"canonical":"https:\/\/climatemaster.ge\/fr\/produit\/uv-protective-glasses\/","og_locale":"fr_FR","og_type":"article","og_title":"UV Lunettes de protection UV - Climate Master","og_description":"Lunettes de s\u00e9curit\u00e9 universelles. Elles prot\u00e8gent contre les rayons UV lors de la d\u00e9tection non destructive de fuites par traceur. Elles sont \u00e9galement parfaitement adapt\u00e9es \u00e0 une utilisation dans l'industrie manufacturi\u00e8re. Elles prot\u00e8gent contre des risques sp\u00e9cifiques tels que l'abrasion, les particules en suspension dans l'air, les risques biologiques, etc.  Cat\u00e9gorie EG PSA  Cat\u00e9gorie II, EN 166\/169\u00a0; Directive europ\u00e9enne 89\/686\/CEE, classe optique 1, F - Impact \u00e0 faible \u00e9nergie (45 m\/s)\u00a0: Ces lunettes sont conformes \u00e0 la norme EN 166\/169, qui prescrit une protection UV \u00e0 100\u00a0% contre les rayonnements d'une longueur d'onde de 380 \u00e0 400 nanom\u00e8tres. Cette norme, \u00e9tablie par l'Union europ\u00e9enne pour les lunettes de s\u00e9curit\u00e9 professionnelles, constitue un crit\u00e8re de qualit\u00e9 important pour les lunettes de protection UV.","og_url":"https:\/\/climatemaster.ge\/fr\/produit\/uv-protective-glasses\/","og_site_name":"Climate Master","article_modified_time":"2025-05-06T05:15:27+00:00","og_image":[{"width":590,"height":590,"url":"https:\/\/climatemaster.ge\/wp-content\/uploads\/2025\/05\/uv-schutzbrille-default-title-55697008034133.webp","type":"image\/webp"}],"twitter_card":"summary_large_image","twitter_misc":{"Dur\u00e9e de lecture estim\u00e9e":"1 minute"},"schema":{"@context":"https:\/\/schema.org","@graph":[{"@type":"WebPage","@id":"https:\/\/climatemaster.ge\/fr\/produit\/uv-protective-glasses\/","url":"https:\/\/climatemaster.ge\/fr\/produit\/uv-protective-glasses\/","name":"UV Lunettes de protection UV - Climate Master","isPartOf":{"@id":"https:\/\/climatemaster.ge\/#website"},"primaryImageOfPage":{"@id":"https:\/\/climatemaster.ge\/fr\/produit\/uv-protective-glasses\/#primaryimage"},"image":{"@id":"https:\/\/climatemaster.ge\/fr\/produit\/uv-protective-glasses\/#primaryimage"},"thumbnailUrl":"https:\/\/climatemaster.ge\/wp-content\/uploads\/2025\/05\/uv-schutzbrille-default-title-55697008034133.webp","datePublished":"2025-05-06T05:02:21+00:00","dateModified":"2025-05-06T05:15:27+00:00","breadcrumb":{"@id":"https:\/\/climatemaster.ge\/fr\/produit\/uv-protective-glasses\/#breadcrumb"},"inLanguage":"fr-FR","potentialAction":[{"@type":"ReadAction","target":["https:\/\/climatemaster.ge\/fr\/produit\/uv-protective-glasses\/"]}]},{"@type":"ImageObject","inLanguage":"fr-FR","@id":"https:\/\/climatemaster.ge\/fr\/produit\/uv-protective-glasses\/#primaryimage","url":"https:\/\/climatemaster.ge\/wp-content\/uploads\/2025\/05\/uv-schutzbrille-default-title-55697008034133.webp","contentUrl":"https:\/\/climatemaster.ge\/wp-content\/uploads\/2025\/05\/uv-schutzbrille-default-title-55697008034133.webp","width":590,"height":590},{"@type":"BreadcrumbList","@id":"https:\/\/climatemaster.ge\/fr\/produit\/uv-protective-glasses\/#breadcrumb","itemListElement":[{"@type":"ListItem","position":1,"name":"Home","item":"https:\/\/climatemaster.ge\/"},{"@type":"ListItem","position":2,"name":"Products","item":"https:\/\/climatemaster.ge\/products\/"},{"@type":"ListItem","position":3,"name":"UV Lunettes de protection UV"}]},{"@type":"WebSite","@id":"https:\/\/climatemaster.ge\/#website","url":"https:\/\/climatemaster.ge\/","name":"Climate Master","description":"","publisher":{"@id":"https:\/\/climatemaster.ge\/#organization"},"potentialAction":[{"@type":"SearchAction","target":{"@type":"EntryPoint","urlTemplate":"https:\/\/climatemaster.ge\/?s={search_term_string}"},"query-input":{"@type":"PropertyValueSpecification","valueRequired":true,"valueName":"search_term_string"}}],"inLanguage":"fr-FR"},{"@type":"Organization","@id":"https:\/\/climatemaster.ge\/#organization","name":"Climate Master","url":"https:\/\/climatemaster.ge\/","logo":{"@type":"ImageObject","inLanguage":"fr-FR","@id":"https:\/\/climatemaster.ge\/#\/schema\/logo\/image\/","url":"https:\/\/climatemaster.ge\/wp-content\/uploads\/2026\/03\/Untitled-2.png","contentUrl":"https:\/\/climatemaster.ge\/wp-content\/uploads\/2026\/03\/Untitled-2.png","width":600,"height":338,"caption":"Climate Master"},"image":{"@id":"https:\/\/climatemaster.ge\/#\/schema\/logo\/image\/"}}]}},"_links":{"self":[{"href":"https:\/\/climatemaster.ge\/fr\/wp-json\/wp\/v2\/product\/30714","targetHints":{"allow":["GET"]}}],"collection":[{"href":"https:\/\/climatemaster.ge\/fr\/wp-json\/wp\/v2\/product"}],"about":[{"href":"https:\/\/climatemaster.ge\/fr\/wp-json\/wp\/v2\/types\/product"}],"wp:featuredmedia":[{"embeddable":true,"href":"https:\/\/climatemaster.ge\/fr\/wp-json\/wp\/v2\/media\/30740"}],"wp:attachment":[{"href":"https:\/\/climatemaster.ge\/fr\/wp-json\/wp\/v2\/media?parent=30714"}],"wp:term":[{"taxonomy":"product_brand","embeddable":true,"href":"https:\/\/climatemaster.ge\/fr\/wp-json\/wp\/v2\/product_brand?post=30714"},{"taxonomy":"product_cat","embeddable":true,"href":"https:\/\/climatemaster.ge\/fr\/wp-json\/wp\/v2\/product_cat?post=30714"},{"taxonomy":"product_tag","embeddable":true,"href":"https:\/\/climatemaster.ge\/fr\/wp-json\/wp\/v2\/product_tag?post=30714"}],"curies":[{"name":"wp","href":"https:\/\/api.w.org\/{rel}","templated":true}]}}