{"id":30614,"date":"2025-05-02T19:14:23","date_gmt":"2025-05-02T15:14:23","guid":{"rendered":"https:\/\/airsystems.ge\/shop\/product\/lidar\/"},"modified":"2025-05-02T19:26:34","modified_gmt":"2025-05-02T15:26:34","slug":"lidar","status":"publish","type":"product","link":"https:\/\/climatemaster.ge\/fr\/produit\/lidar\/","title":{"rendered":"LiDAR"},"content":{"rendered":"<p>D&rsquo;une part, il compl\u00e8te le m\u00e2t de mesure traditionnel pour la navigation dans les parcs \u00e9oliens et l&rsquo;extrapolation de hauteur.<\/p>\n<p>D&rsquo;autre part, il est utilis\u00e9 comme mesure autonome du vent.<\/p>\n<p>Ces applications sont pr\u00e9sent\u00e9es dans le guide <a href=\"http:\/\/chrome-extension:\/\/efaidnbmnnnibpcajpcglclefindmkaj\/https:\/\/www.measnet.com\/wp-content\/uploads\/2022\/09\/Measnet_Evaluation-of-Site-Especific-Wind-Conditions_v3-1.pdf\">Measnet<\/a> pour l&rsquo;\u00e9valuation des sites.<\/p>\n<table border=\"1\" width=\"642\" cellspacing=\"1\" cellpadding=\"1\">\n<tbody>\n<tr>\n<td>C.7 RSD avec m\u00e2t de contr\u00f4le<\/td>\n<td><\/td>\n<\/tr>\n<tr>\n<td>C8. Application autonome du RSD<\/td>\n<td><\/td>\n<\/tr>\n<tr>\n<td>C9 : Mesures du vent pour une meilleure couverture spatiale d&rsquo;un parc \u00e9olien<\/td>\n<td>(Un m\u00e2t est d\u00e9j\u00e0 pr\u00e9sent, mais vous souhaitez mesurer les conditions de vent \u00e0 d&rsquo;autres endroits du parc \u00e9olien (\u00ab\u00a0d\u00e9placement du parc \u00e9olien\u00a0\u00bb)<\/td>\n<\/tr>\n<tr>\n<td>C10. Mesures de cisaillement du vent pour l&rsquo;extrapolation verticale des mesures du m\u00e2t<\/td>\n<td>(Un m\u00e2t est d\u00e9j\u00e0 pr\u00e9sent, mais vous souhaitez mesurer les conditions de vent au-dessus du m\u00e2t (\u00ab\u00a0extrapolation de la hauteur\u00a0\u00bb))<\/td>\n<\/tr>\n<\/tbody>\n<\/table>\n","protected":false},"excerpt":{"rendered":"<h1>Le LiDAR dans l&rsquo;industrie \u00e9olienne<\/h1>\n<p><img decoding=\"async\" class=\"img-fluid\" src=\"https:\/\/www.ammonit.com\/media\/filer_public_thumbnails\/filer_public\/b2\/91\/b291f28b-9708-4c5c-ab15-e343fe7a5d12\/ammonit_meteolaser_grafik_2023.jpg__216x216_q85_subsampling-2.jpg\" alt=\"\" \/><\/p>\n<ul>\n<li>Le <a href=\"https:\/\/www.ammonit.com\/en\/products\/remote-sensing\/product-details\/meteolaser_lidar\/\">LiDAR<\/a> signifie \u00ab\u00a0Light Detection and Ranging\u00a0\u00bb (d\u00e9tection et t\u00e9l\u00e9m\u00e9trie par la lumi\u00e8re).<br \/>\nLe LiDAR utilise l&rsquo;effet Doppler de la lumi\u00e8re laser pour mesurer les conditions de vent.<br \/>\nLe LiDAR est de plus en plus populaire dans l&rsquo;industrie \u00e9olienne.<\/li>\n<\/ul>\n","protected":false},"featured_media":30609,"template":"","meta":[],"product_brand":[],"product_cat":[1335,1401,1397],"product_tag":[],"class_list":{"0":"post-30614","1":"product","2":"type-product","3":"status-publish","4":"has-post-thumbnail","6":"product_cat-energies-renouvelables-mesure-de-lenergie-eolienne-et-solaire-fr","7":"product_cat-lidar-fr","8":"product_cat-teledetection","10":"first","11":"instock","12":"shipping-taxable","13":"product-type-simple"},"yoast_head":"<!-- This site is optimized with the Yoast SEO plugin v27.1.1 - https:\/\/yoast.com\/product\/yoast-seo-wordpress\/ -->\n<title>LiDAR - Climate Master<\/title>\n<meta name=\"robots\" content=\"index, follow, max-snippet:-1, max-image-preview:large, max-video-preview:-1\" \/>\n<link rel=\"canonical\" href=\"https:\/\/climatemaster.ge\/fr\/produit\/lidar\/\" \/>\n<meta property=\"og:locale\" content=\"fr_FR\" \/>\n<meta property=\"og:type\" content=\"article\" \/>\n<meta property=\"og:title\" content=\"LiDAR - Climate Master\" \/>\n<meta property=\"og:description\" content=\"Le LiDAR dans l&#039;industrie \u00e9olienne    Le LiDAR signifie \u00ab\u00a0Light Detection and Ranging\u00a0\u00bb (d\u00e9tection et t\u00e9l\u00e9m\u00e9trie par la lumi\u00e8re). Le LiDAR utilise l&#039;effet Doppler de la lumi\u00e8re laser pour mesurer les conditions de vent. Le LiDAR est de plus en plus populaire dans l&#039;industrie \u00e9olienne.\" \/>\n<meta property=\"og:url\" content=\"https:\/\/climatemaster.ge\/fr\/produit\/lidar\/\" \/>\n<meta property=\"og:site_name\" content=\"Climate Master\" \/>\n<meta property=\"article:modified_time\" content=\"2025-05-02T15:26:34+00:00\" \/>\n<meta property=\"og:image\" content=\"https:\/\/climatemaster.ge\/wp-content\/uploads\/2025\/05\/ammonit_meteolaser_grafik_2023.jpg__216x216_q85_subsampling-2.jpg\" \/>\n\t<meta property=\"og:image:width\" content=\"216\" \/>\n\t<meta property=\"og:image:height\" content=\"216\" \/>\n\t<meta property=\"og:image:type\" content=\"image\/jpeg\" \/>\n<meta name=\"twitter:card\" content=\"summary_large_image\" \/>\n<meta name=\"twitter:label1\" content=\"Dur\u00e9e de lecture estim\u00e9e\" \/>\n\t<meta name=\"twitter:data1\" content=\"1 minute\" \/>\n<script type=\"application\/ld+json\" class=\"yoast-schema-graph\">{\"@context\":\"https:\/\/schema.org\",\"@graph\":[{\"@type\":\"WebPage\",\"@id\":\"https:\/\/climatemaster.ge\/fr\/produit\/lidar\/\",\"url\":\"https:\/\/climatemaster.ge\/fr\/produit\/lidar\/\",\"name\":\"LiDAR - Climate Master\",\"isPartOf\":{\"@id\":\"https:\/\/climatemaster.ge\/#website\"},\"primaryImageOfPage\":{\"@id\":\"https:\/\/climatemaster.ge\/fr\/produit\/lidar\/#primaryimage\"},\"image\":{\"@id\":\"https:\/\/climatemaster.ge\/fr\/produit\/lidar\/#primaryimage\"},\"thumbnailUrl\":\"https:\/\/climatemaster.ge\/wp-content\/uploads\/2025\/05\/ammonit_meteolaser_grafik_2023.jpg__216x216_q85_subsampling-2.jpg\",\"datePublished\":\"2025-05-02T15:14:23+00:00\",\"dateModified\":\"2025-05-02T15:26:34+00:00\",\"breadcrumb\":{\"@id\":\"https:\/\/climatemaster.ge\/fr\/produit\/lidar\/#breadcrumb\"},\"inLanguage\":\"fr-FR\",\"potentialAction\":[{\"@type\":\"ReadAction\",\"target\":[\"https:\/\/climatemaster.ge\/fr\/produit\/lidar\/\"]}]},{\"@type\":\"ImageObject\",\"inLanguage\":\"fr-FR\",\"@id\":\"https:\/\/climatemaster.ge\/fr\/produit\/lidar\/#primaryimage\",\"url\":\"https:\/\/climatemaster.ge\/wp-content\/uploads\/2025\/05\/ammonit_meteolaser_grafik_2023.jpg__216x216_q85_subsampling-2.jpg\",\"contentUrl\":\"https:\/\/climatemaster.ge\/wp-content\/uploads\/2025\/05\/ammonit_meteolaser_grafik_2023.jpg__216x216_q85_subsampling-2.jpg\",\"width\":216,\"height\":216},{\"@type\":\"BreadcrumbList\",\"@id\":\"https:\/\/climatemaster.ge\/fr\/produit\/lidar\/#breadcrumb\",\"itemListElement\":[{\"@type\":\"ListItem\",\"position\":1,\"name\":\"Home\",\"item\":\"https:\/\/climatemaster.ge\/\"},{\"@type\":\"ListItem\",\"position\":2,\"name\":\"Products\",\"item\":\"https:\/\/climatemaster.ge\/products\/\"},{\"@type\":\"ListItem\",\"position\":3,\"name\":\"LiDAR\"}]},{\"@type\":\"WebSite\",\"@id\":\"https:\/\/climatemaster.ge\/#website\",\"url\":\"https:\/\/climatemaster.ge\/\",\"name\":\"Climate Master\",\"description\":\"\",\"publisher\":{\"@id\":\"https:\/\/climatemaster.ge\/#organization\"},\"potentialAction\":[{\"@type\":\"SearchAction\",\"target\":{\"@type\":\"EntryPoint\",\"urlTemplate\":\"https:\/\/climatemaster.ge\/?s={search_term_string}\"},\"query-input\":{\"@type\":\"PropertyValueSpecification\",\"valueRequired\":true,\"valueName\":\"search_term_string\"}}],\"inLanguage\":\"fr-FR\"},{\"@type\":\"Organization\",\"@id\":\"https:\/\/climatemaster.ge\/#organization\",\"name\":\"Climate Master\",\"url\":\"https:\/\/climatemaster.ge\/\",\"logo\":{\"@type\":\"ImageObject\",\"inLanguage\":\"fr-FR\",\"@id\":\"https:\/\/climatemaster.ge\/#\/schema\/logo\/image\/\",\"url\":\"https:\/\/climatemaster.ge\/wp-content\/uploads\/2026\/03\/Untitled-2.png\",\"contentUrl\":\"https:\/\/climatemaster.ge\/wp-content\/uploads\/2026\/03\/Untitled-2.png\",\"width\":600,\"height\":338,\"caption\":\"Climate Master\"},\"image\":{\"@id\":\"https:\/\/climatemaster.ge\/#\/schema\/logo\/image\/\"}}]}<\/script>\n<!-- \/ Yoast SEO plugin. -->","yoast_head_json":{"title":"LiDAR - Climate Master","robots":{"index":"index","follow":"follow","max-snippet":"max-snippet:-1","max-image-preview":"max-image-preview:large","max-video-preview":"max-video-preview:-1"},"canonical":"https:\/\/climatemaster.ge\/fr\/produit\/lidar\/","og_locale":"fr_FR","og_type":"article","og_title":"LiDAR - Climate Master","og_description":"Le LiDAR dans l'industrie \u00e9olienne    Le LiDAR signifie \u00ab\u00a0Light Detection and Ranging\u00a0\u00bb (d\u00e9tection et t\u00e9l\u00e9m\u00e9trie par la lumi\u00e8re). Le LiDAR utilise l'effet Doppler de la lumi\u00e8re laser pour mesurer les conditions de vent. Le LiDAR est de plus en plus populaire dans l'industrie \u00e9olienne.","og_url":"https:\/\/climatemaster.ge\/fr\/produit\/lidar\/","og_site_name":"Climate Master","article_modified_time":"2025-05-02T15:26:34+00:00","og_image":[{"width":216,"height":216,"url":"https:\/\/climatemaster.ge\/wp-content\/uploads\/2025\/05\/ammonit_meteolaser_grafik_2023.jpg__216x216_q85_subsampling-2.jpg","type":"image\/jpeg"}],"twitter_card":"summary_large_image","twitter_misc":{"Dur\u00e9e de lecture estim\u00e9e":"1 minute"},"schema":{"@context":"https:\/\/schema.org","@graph":[{"@type":"WebPage","@id":"https:\/\/climatemaster.ge\/fr\/produit\/lidar\/","url":"https:\/\/climatemaster.ge\/fr\/produit\/lidar\/","name":"LiDAR - Climate Master","isPartOf":{"@id":"https:\/\/climatemaster.ge\/#website"},"primaryImageOfPage":{"@id":"https:\/\/climatemaster.ge\/fr\/produit\/lidar\/#primaryimage"},"image":{"@id":"https:\/\/climatemaster.ge\/fr\/produit\/lidar\/#primaryimage"},"thumbnailUrl":"https:\/\/climatemaster.ge\/wp-content\/uploads\/2025\/05\/ammonit_meteolaser_grafik_2023.jpg__216x216_q85_subsampling-2.jpg","datePublished":"2025-05-02T15:14:23+00:00","dateModified":"2025-05-02T15:26:34+00:00","breadcrumb":{"@id":"https:\/\/climatemaster.ge\/fr\/produit\/lidar\/#breadcrumb"},"inLanguage":"fr-FR","potentialAction":[{"@type":"ReadAction","target":["https:\/\/climatemaster.ge\/fr\/produit\/lidar\/"]}]},{"@type":"ImageObject","inLanguage":"fr-FR","@id":"https:\/\/climatemaster.ge\/fr\/produit\/lidar\/#primaryimage","url":"https:\/\/climatemaster.ge\/wp-content\/uploads\/2025\/05\/ammonit_meteolaser_grafik_2023.jpg__216x216_q85_subsampling-2.jpg","contentUrl":"https:\/\/climatemaster.ge\/wp-content\/uploads\/2025\/05\/ammonit_meteolaser_grafik_2023.jpg__216x216_q85_subsampling-2.jpg","width":216,"height":216},{"@type":"BreadcrumbList","@id":"https:\/\/climatemaster.ge\/fr\/produit\/lidar\/#breadcrumb","itemListElement":[{"@type":"ListItem","position":1,"name":"Home","item":"https:\/\/climatemaster.ge\/"},{"@type":"ListItem","position":2,"name":"Products","item":"https:\/\/climatemaster.ge\/products\/"},{"@type":"ListItem","position":3,"name":"LiDAR"}]},{"@type":"WebSite","@id":"https:\/\/climatemaster.ge\/#website","url":"https:\/\/climatemaster.ge\/","name":"Climate Master","description":"","publisher":{"@id":"https:\/\/climatemaster.ge\/#organization"},"potentialAction":[{"@type":"SearchAction","target":{"@type":"EntryPoint","urlTemplate":"https:\/\/climatemaster.ge\/?s={search_term_string}"},"query-input":{"@type":"PropertyValueSpecification","valueRequired":true,"valueName":"search_term_string"}}],"inLanguage":"fr-FR"},{"@type":"Organization","@id":"https:\/\/climatemaster.ge\/#organization","name":"Climate Master","url":"https:\/\/climatemaster.ge\/","logo":{"@type":"ImageObject","inLanguage":"fr-FR","@id":"https:\/\/climatemaster.ge\/#\/schema\/logo\/image\/","url":"https:\/\/climatemaster.ge\/wp-content\/uploads\/2026\/03\/Untitled-2.png","contentUrl":"https:\/\/climatemaster.ge\/wp-content\/uploads\/2026\/03\/Untitled-2.png","width":600,"height":338,"caption":"Climate Master"},"image":{"@id":"https:\/\/climatemaster.ge\/#\/schema\/logo\/image\/"}}]}},"_links":{"self":[{"href":"https:\/\/climatemaster.ge\/fr\/wp-json\/wp\/v2\/product\/30614","targetHints":{"allow":["GET"]}}],"collection":[{"href":"https:\/\/climatemaster.ge\/fr\/wp-json\/wp\/v2\/product"}],"about":[{"href":"https:\/\/climatemaster.ge\/fr\/wp-json\/wp\/v2\/types\/product"}],"wp:featuredmedia":[{"embeddable":true,"href":"https:\/\/climatemaster.ge\/fr\/wp-json\/wp\/v2\/media\/30609"}],"wp:attachment":[{"href":"https:\/\/climatemaster.ge\/fr\/wp-json\/wp\/v2\/media?parent=30614"}],"wp:term":[{"taxonomy":"product_brand","embeddable":true,"href":"https:\/\/climatemaster.ge\/fr\/wp-json\/wp\/v2\/product_brand?post=30614"},{"taxonomy":"product_cat","embeddable":true,"href":"https:\/\/climatemaster.ge\/fr\/wp-json\/wp\/v2\/product_cat?post=30614"},{"taxonomy":"product_tag","embeddable":true,"href":"https:\/\/climatemaster.ge\/fr\/wp-json\/wp\/v2\/product_tag?post=30614"}],"curies":[{"name":"wp","href":"https:\/\/api.w.org\/{rel}","templated":true}]}}