{"id":30578,"date":"2025-05-02T17:45:30","date_gmt":"2025-05-02T13:45:30","guid":{"rendered":"https:\/\/airsystems.ge\/shop\/product\/soiling-measurement\/"},"modified":"2025-05-02T17:56:56","modified_gmt":"2025-05-02T13:56:56","slug":"soiling-measurement","status":"publish","type":"product","link":"https:\/\/climatemaster.ge\/fr\/produit\/soiling-measurement\/","title":{"rendered":"Mesure de l&rsquo;encrassement"},"content":{"rendered":"<p>Il est donc n\u00e9cessaire de collecter des donn\u00e9es sp\u00e9cifiques au site sur le degr\u00e9 de pollution. Ces donn\u00e9es vous permettent\u00a0:<\/p>\n<ul>\n<li>Analyser les pertes par encrassement<br \/>\nSurveiller les pertes par encrassement et d\u00e9tecter leur influence sur d&rsquo;autres probl\u00e8mes au niveau du syst\u00e8me<br \/>\nOptimiser les programmes de lavage<br \/>\nPr\u00e9voir les taux d&rsquo;encrassement typiques pour les mod\u00e8les de pr\u00e9vision<\/li>\n<\/ul>\n<p>Vous souhaitez surveiller l&rsquo;encrassement de votre centrale solaire\u00a0? Contactez-nous.<\/p>\n<h3>Composants de nos syst\u00e8mes de mesure de l&rsquo;encrassement<\/h3>\n<ul>\n<li><a href=\"https:\/\/www.ammonit.com\/en\/products\/solar-sensors\/soiling-sensors\/\">Kit d&rsquo;encrassement<\/a><\/li>\n<li><a href=\"https:\/\/www.ammonit.com\/en\/products\/data-loggers\/\">Enregistreurs de donn\u00e9es<\/a> pour l&rsquo;enregistrement et le calcul des donn\u00e9es de mesure<\/li>\n<\/ul>\n","protected":false},"excerpt":{"rendered":"<h1>Mesure de l&rsquo;encrassement<\/h1>\n<p>La pollution des modules solaires est appel\u00e9e encrassement. Elle peut affecter consid\u00e9rablement la production d&rsquo;\u00e9nergie d&rsquo;un parc solaire. En l&rsquo;absence d&rsquo;averses ou de nettoyage r\u00e9gulier, un film de salet\u00e9 sur les modules solaires r\u00e9duit consid\u00e9rablement la production de la centrale.<\/p>\n","protected":false},"featured_media":30573,"template":"","meta":[],"product_brand":[],"product_cat":[1384],"product_tag":[],"class_list":{"0":"post-30578","1":"product","2":"type-product","3":"status-publish","4":"has-post-thumbnail","6":"product_cat-mesure-de-lencrassement","8":"first","9":"instock","10":"shipping-taxable","11":"product-type-simple"},"yoast_head":"<!-- This site is optimized with the Yoast SEO plugin v27.1.1 - https:\/\/yoast.com\/product\/yoast-seo-wordpress\/ -->\n<title>Mesure de l&#039;encrassement - Climate Master<\/title>\n<meta name=\"robots\" content=\"index, follow, max-snippet:-1, max-image-preview:large, max-video-preview:-1\" \/>\n<link rel=\"canonical\" href=\"https:\/\/climatemaster.ge\/fr\/produit\/soiling-measurement\/\" \/>\n<meta property=\"og:locale\" content=\"fr_FR\" \/>\n<meta property=\"og:type\" content=\"article\" \/>\n<meta property=\"og:title\" content=\"Mesure de l&#039;encrassement - Climate Master\" \/>\n<meta property=\"og:description\" content=\"Mesure de l&#039;encrassement La pollution des modules solaires est appel\u00e9e encrassement. Elle peut affecter consid\u00e9rablement la production d&#039;\u00e9nergie d&#039;un parc solaire. En l&#039;absence d&#039;averses ou de nettoyage r\u00e9gulier, un film de salet\u00e9 sur les modules solaires r\u00e9duit consid\u00e9rablement la production de la centrale.\" \/>\n<meta property=\"og:url\" content=\"https:\/\/climatemaster.ge\/fr\/produit\/soiling-measurement\/\" \/>\n<meta property=\"og:site_name\" content=\"Climate Master\" \/>\n<meta property=\"article:modified_time\" content=\"2025-05-02T13:56:56+00:00\" \/>\n<meta property=\"og:image\" content=\"https:\/\/climatemaster.ge\/wp-content\/uploads\/2025\/05\/ammonit-soiling-measurement.jpg__1500x500_q85_subsampling-2.jpg\" \/>\n\t<meta property=\"og:image:width\" content=\"1500\" \/>\n\t<meta property=\"og:image:height\" content=\"500\" \/>\n\t<meta property=\"og:image:type\" content=\"image\/jpeg\" \/>\n<meta name=\"twitter:card\" content=\"summary_large_image\" \/>\n<meta name=\"twitter:label1\" content=\"Dur\u00e9e de lecture estim\u00e9e\" \/>\n\t<meta name=\"twitter:data1\" content=\"1 minute\" \/>\n<script type=\"application\/ld+json\" class=\"yoast-schema-graph\">{\"@context\":\"https:\/\/schema.org\",\"@graph\":[{\"@type\":\"WebPage\",\"@id\":\"https:\/\/climatemaster.ge\/fr\/produit\/soiling-measurement\/\",\"url\":\"https:\/\/climatemaster.ge\/fr\/produit\/soiling-measurement\/\",\"name\":\"Mesure de l'encrassement - Climate Master\",\"isPartOf\":{\"@id\":\"https:\/\/climatemaster.ge\/#website\"},\"primaryImageOfPage\":{\"@id\":\"https:\/\/climatemaster.ge\/fr\/produit\/soiling-measurement\/#primaryimage\"},\"image\":{\"@id\":\"https:\/\/climatemaster.ge\/fr\/produit\/soiling-measurement\/#primaryimage\"},\"thumbnailUrl\":\"https:\/\/climatemaster.ge\/wp-content\/uploads\/2025\/05\/ammonit-soiling-measurement.jpg__1500x500_q85_subsampling-2.jpg\",\"datePublished\":\"2025-05-02T13:45:30+00:00\",\"dateModified\":\"2025-05-02T13:56:56+00:00\",\"breadcrumb\":{\"@id\":\"https:\/\/climatemaster.ge\/fr\/produit\/soiling-measurement\/#breadcrumb\"},\"inLanguage\":\"fr-FR\",\"potentialAction\":[{\"@type\":\"ReadAction\",\"target\":[\"https:\/\/climatemaster.ge\/fr\/produit\/soiling-measurement\/\"]}]},{\"@type\":\"ImageObject\",\"inLanguage\":\"fr-FR\",\"@id\":\"https:\/\/climatemaster.ge\/fr\/produit\/soiling-measurement\/#primaryimage\",\"url\":\"https:\/\/climatemaster.ge\/wp-content\/uploads\/2025\/05\/ammonit-soiling-measurement.jpg__1500x500_q85_subsampling-2.jpg\",\"contentUrl\":\"https:\/\/climatemaster.ge\/wp-content\/uploads\/2025\/05\/ammonit-soiling-measurement.jpg__1500x500_q85_subsampling-2.jpg\",\"width\":1500,\"height\":500},{\"@type\":\"BreadcrumbList\",\"@id\":\"https:\/\/climatemaster.ge\/fr\/produit\/soiling-measurement\/#breadcrumb\",\"itemListElement\":[{\"@type\":\"ListItem\",\"position\":1,\"name\":\"Home\",\"item\":\"https:\/\/climatemaster.ge\/\"},{\"@type\":\"ListItem\",\"position\":2,\"name\":\"Products\",\"item\":\"https:\/\/climatemaster.ge\/products\/\"},{\"@type\":\"ListItem\",\"position\":3,\"name\":\"Mesure de l&rsquo;encrassement\"}]},{\"@type\":\"WebSite\",\"@id\":\"https:\/\/climatemaster.ge\/#website\",\"url\":\"https:\/\/climatemaster.ge\/\",\"name\":\"Climate Master\",\"description\":\"\",\"publisher\":{\"@id\":\"https:\/\/climatemaster.ge\/#organization\"},\"potentialAction\":[{\"@type\":\"SearchAction\",\"target\":{\"@type\":\"EntryPoint\",\"urlTemplate\":\"https:\/\/climatemaster.ge\/?s={search_term_string}\"},\"query-input\":{\"@type\":\"PropertyValueSpecification\",\"valueRequired\":true,\"valueName\":\"search_term_string\"}}],\"inLanguage\":\"fr-FR\"},{\"@type\":\"Organization\",\"@id\":\"https:\/\/climatemaster.ge\/#organization\",\"name\":\"Climate Master\",\"url\":\"https:\/\/climatemaster.ge\/\",\"logo\":{\"@type\":\"ImageObject\",\"inLanguage\":\"fr-FR\",\"@id\":\"https:\/\/climatemaster.ge\/#\/schema\/logo\/image\/\",\"url\":\"https:\/\/climatemaster.ge\/wp-content\/uploads\/2026\/03\/Untitled-2.png\",\"contentUrl\":\"https:\/\/climatemaster.ge\/wp-content\/uploads\/2026\/03\/Untitled-2.png\",\"width\":600,\"height\":338,\"caption\":\"Climate Master\"},\"image\":{\"@id\":\"https:\/\/climatemaster.ge\/#\/schema\/logo\/image\/\"}}]}<\/script>\n<!-- \/ Yoast SEO plugin. -->","yoast_head_json":{"title":"Mesure de l'encrassement - Climate Master","robots":{"index":"index","follow":"follow","max-snippet":"max-snippet:-1","max-image-preview":"max-image-preview:large","max-video-preview":"max-video-preview:-1"},"canonical":"https:\/\/climatemaster.ge\/fr\/produit\/soiling-measurement\/","og_locale":"fr_FR","og_type":"article","og_title":"Mesure de l'encrassement - Climate Master","og_description":"Mesure de l'encrassement La pollution des modules solaires est appel\u00e9e encrassement. Elle peut affecter consid\u00e9rablement la production d'\u00e9nergie d'un parc solaire. En l'absence d'averses ou de nettoyage r\u00e9gulier, un film de salet\u00e9 sur les modules solaires r\u00e9duit consid\u00e9rablement la production de la centrale.","og_url":"https:\/\/climatemaster.ge\/fr\/produit\/soiling-measurement\/","og_site_name":"Climate Master","article_modified_time":"2025-05-02T13:56:56+00:00","og_image":[{"width":1500,"height":500,"url":"https:\/\/climatemaster.ge\/wp-content\/uploads\/2025\/05\/ammonit-soiling-measurement.jpg__1500x500_q85_subsampling-2.jpg","type":"image\/jpeg"}],"twitter_card":"summary_large_image","twitter_misc":{"Dur\u00e9e de lecture estim\u00e9e":"1 minute"},"schema":{"@context":"https:\/\/schema.org","@graph":[{"@type":"WebPage","@id":"https:\/\/climatemaster.ge\/fr\/produit\/soiling-measurement\/","url":"https:\/\/climatemaster.ge\/fr\/produit\/soiling-measurement\/","name":"Mesure de l'encrassement - Climate Master","isPartOf":{"@id":"https:\/\/climatemaster.ge\/#website"},"primaryImageOfPage":{"@id":"https:\/\/climatemaster.ge\/fr\/produit\/soiling-measurement\/#primaryimage"},"image":{"@id":"https:\/\/climatemaster.ge\/fr\/produit\/soiling-measurement\/#primaryimage"},"thumbnailUrl":"https:\/\/climatemaster.ge\/wp-content\/uploads\/2025\/05\/ammonit-soiling-measurement.jpg__1500x500_q85_subsampling-2.jpg","datePublished":"2025-05-02T13:45:30+00:00","dateModified":"2025-05-02T13:56:56+00:00","breadcrumb":{"@id":"https:\/\/climatemaster.ge\/fr\/produit\/soiling-measurement\/#breadcrumb"},"inLanguage":"fr-FR","potentialAction":[{"@type":"ReadAction","target":["https:\/\/climatemaster.ge\/fr\/produit\/soiling-measurement\/"]}]},{"@type":"ImageObject","inLanguage":"fr-FR","@id":"https:\/\/climatemaster.ge\/fr\/produit\/soiling-measurement\/#primaryimage","url":"https:\/\/climatemaster.ge\/wp-content\/uploads\/2025\/05\/ammonit-soiling-measurement.jpg__1500x500_q85_subsampling-2.jpg","contentUrl":"https:\/\/climatemaster.ge\/wp-content\/uploads\/2025\/05\/ammonit-soiling-measurement.jpg__1500x500_q85_subsampling-2.jpg","width":1500,"height":500},{"@type":"BreadcrumbList","@id":"https:\/\/climatemaster.ge\/fr\/produit\/soiling-measurement\/#breadcrumb","itemListElement":[{"@type":"ListItem","position":1,"name":"Home","item":"https:\/\/climatemaster.ge\/"},{"@type":"ListItem","position":2,"name":"Products","item":"https:\/\/climatemaster.ge\/products\/"},{"@type":"ListItem","position":3,"name":"Mesure de l&rsquo;encrassement"}]},{"@type":"WebSite","@id":"https:\/\/climatemaster.ge\/#website","url":"https:\/\/climatemaster.ge\/","name":"Climate Master","description":"","publisher":{"@id":"https:\/\/climatemaster.ge\/#organization"},"potentialAction":[{"@type":"SearchAction","target":{"@type":"EntryPoint","urlTemplate":"https:\/\/climatemaster.ge\/?s={search_term_string}"},"query-input":{"@type":"PropertyValueSpecification","valueRequired":true,"valueName":"search_term_string"}}],"inLanguage":"fr-FR"},{"@type":"Organization","@id":"https:\/\/climatemaster.ge\/#organization","name":"Climate Master","url":"https:\/\/climatemaster.ge\/","logo":{"@type":"ImageObject","inLanguage":"fr-FR","@id":"https:\/\/climatemaster.ge\/#\/schema\/logo\/image\/","url":"https:\/\/climatemaster.ge\/wp-content\/uploads\/2026\/03\/Untitled-2.png","contentUrl":"https:\/\/climatemaster.ge\/wp-content\/uploads\/2026\/03\/Untitled-2.png","width":600,"height":338,"caption":"Climate Master"},"image":{"@id":"https:\/\/climatemaster.ge\/#\/schema\/logo\/image\/"}}]}},"_links":{"self":[{"href":"https:\/\/climatemaster.ge\/fr\/wp-json\/wp\/v2\/product\/30578","targetHints":{"allow":["GET"]}}],"collection":[{"href":"https:\/\/climatemaster.ge\/fr\/wp-json\/wp\/v2\/product"}],"about":[{"href":"https:\/\/climatemaster.ge\/fr\/wp-json\/wp\/v2\/types\/product"}],"wp:featuredmedia":[{"embeddable":true,"href":"https:\/\/climatemaster.ge\/fr\/wp-json\/wp\/v2\/media\/30573"}],"wp:attachment":[{"href":"https:\/\/climatemaster.ge\/fr\/wp-json\/wp\/v2\/media?parent=30578"}],"wp:term":[{"taxonomy":"product_brand","embeddable":true,"href":"https:\/\/climatemaster.ge\/fr\/wp-json\/wp\/v2\/product_brand?post=30578"},{"taxonomy":"product_cat","embeddable":true,"href":"https:\/\/climatemaster.ge\/fr\/wp-json\/wp\/v2\/product_cat?post=30578"},{"taxonomy":"product_tag","embeddable":true,"href":"https:\/\/climatemaster.ge\/fr\/wp-json\/wp\/v2\/product_tag?post=30578"}],"curies":[{"name":"wp","href":"https:\/\/api.w.org\/{rel}","templated":true}]}}