{"id":30561,"date":"2025-05-02T16:18:31","date_gmt":"2025-05-02T12:18:31","guid":{"rendered":"https:\/\/airsystems.ge\/shop\/product\/solar-resource-assessment\/"},"modified":"2025-05-02T17:17:24","modified_gmt":"2025-05-02T13:17:24","slug":"solar-resource-assessment","status":"publish","type":"product","link":"https:\/\/climatemaster.ge\/fr\/produit\/solar-resource-assessment\/","title":{"rendered":"\u00c9valuation des ressources solaires"},"content":{"rendered":"<p>Diff\u00e9rentes mesures sont n\u00e9cessaires\u00a0:<\/p>\n<table border=\"1\" width=\"742\" cellspacing=\"1\" cellpadding=\"1\">\n<tbody>\n<tr>\n<td><\/td>\n<td><\/td>\n<td><strong>\u00a0 Instrument de mesure<\/strong><\/td>\n<td>\u00a0 <strong>Application<\/strong><\/td>\n<\/tr>\n<tr>\n<td>GHI<\/td>\n<td>Irradiation horizontale globale<\/td>\n<td>Pyranom\u00e8tre, cellule de r\u00e9f\u00e9rence.<\/td>\n<td>\u00a0 PV et CSP<\/td>\n<\/tr>\n<tr>\n<td>GTI<\/td>\n<td>Irradiation inclin\u00e9e globale<\/td>\n<td>Pyranom\u00e8tre (inclin\u00e9), cellule de r\u00e9f\u00e9rence (inclin\u00e9e)<\/td>\n<td>\u00a0 PV<\/td>\n<\/tr>\n<tr>\n<td>DHI<\/td>\n<td>Irradiation horizontale diffuse<\/td>\n<td>Irradiom\u00e8tre \u00e0 bande d&rsquo;ombre rotative, pyranom\u00e8tre avec anneau ou bille d&rsquo;ombre<\/td>\n<td>\u00a0 PV<\/td>\n<\/tr>\n<tr>\n<td>DNI<\/td>\n<td>Irradiation normale directe<\/td>\n<td>Pyrh\u00e9liom\u00e8tre install\u00e9 sur un suiveur solaire, Irradiom\u00e8tre \u00e0 bande d&rsquo;ombre rotative<\/td>\n<td>\u00a0 CSP et grandes PV photovolta\u00efques<\/td>\n<\/tr>\n<\/tbody>\n<\/table>\n<p>Des questions sur les syst\u00e8mes de mesure solaire\u00a0? Notre \u00e9quipe commerciale est \u00e0 votre disposition.<\/p>\n<h3>Composants de nos syst\u00e8mes de mesure solaire<\/h3>\n<ul>\n<li><a href=\"https:\/\/www.ammonit.com\/en\/products\/data-loggers\/\">Enregistreurs de donn\u00e9es pour<\/a> l&rsquo;enregistrement et le calcul des donn\u00e9es de mesure<\/li>\n<li><a href=\"https:\/\/www.ammonit.com\/en\/products\/solar-sensors\/pyranometers\/\">Pyranom\u00e8tre pour la mesure<\/a> de l&rsquo;irradiation globale et diffuse (GHI + DHI)<\/li>\n<li><a href=\"https:\/\/www.ammonit.com\/en\/products\/solar-sensors\/pyrheliometers\/\">Pyrh\u00e9liom\u00e8tre<\/a> pour la mesure de l&rsquo;irradiation normale directe (DNI)<\/li>\n<li>Cellule de r\u00e9f\u00e9rence<\/li>\n<li><a href=\"https:\/\/www.ammonit.com\/en\/products\/solar-sensors\/sun-tracking-systems\/\">Suiveur solaire<\/a> avec pyrh\u00e9liom\u00e8tre int\u00e9gr\u00e9 pour la mesure de l&rsquo;irradiation normale directe (DNI) ou avec pyranom\u00e8tre int\u00e9gr\u00e9 avec anneau\/sph\u00e8re d&rsquo;ombre pour la mesure de l&rsquo;irradiation horizontale diffuse<\/li>\n<li><a href=\"https:\/\/www.ammonit.com\/en\/products\/wind-sensors\/anemometers\/\">An\u00e9mom\u00e8tre<\/a>\u00a0\u00a0pour la mesure de la vitesse du vent (en option)<\/li>\n<li><a href=\"https:\/\/www.ammonit.com\/en\/products\/wind-sensors\/wind-vanes\/\">Girouette pour<\/a> la d\u00e9termination de la direction du vent (en option)<\/li>\n<li><a href=\"https:\/\/www.ammonit.com\/en\/products\/wind-sensors\/temperature-humidity-sensors\/\">Capteur de temp\u00e9rature, d&rsquo;humidit\u00e9<\/a> et de <a href=\"https:\/\/www.ammonit.com\/en\/products\/wind-sensors\/air-pressure-sensors\/\">pression atmosph\u00e9rique pour<\/a> la mesure de la densit\u00e9 de l&rsquo;air (en option)<\/li>\n<li><a href=\"https:\/\/www.ammonit.com\/en\/products\/wind-sensors\/precipitation-sensors\/\">Capteur de pr\u00e9cipitations<\/a> (en option)<\/li>\n<li><a href=\"https:\/\/www.ammonit.com\/en\/products\/data-logger-accessories\/communication-systems\/\">Syst\u00e8me de communication<\/a> pour le transfert des donn\u00e9es de mesure<\/li>\n<li><a href=\"https:\/\/www.ammonit.com\/en\/products\/data-logger-accessories\/power-supply\/\" target=\"_blank\" rel=\"noopener\">Syst\u00e8me d&rsquo;alimentationPower supply system<\/a><\/li>\n<\/ul>\n","protected":false},"excerpt":{"rendered":"<h1>\u00c9valuation des ressources solaires<\/h1>\n<p>Pour concevoir des centrales solaires rentables, il est essentiel de mesurer l&rsquo;irradiation locale. Selon le type de centrale solaire envisag\u00e9,<\/p>\n<p>PV (Photovolta\u00efque) ou<br \/>\nCSP (\u00c9nergie solaire concentr\u00e9e)<\/p>\n","protected":false},"featured_media":30556,"template":"","meta":[],"product_brand":[],"product_cat":[1373,1378],"product_tag":[],"class_list":{"0":"post-30561","1":"product","2":"type-product","3":"status-publish","4":"has-post-thumbnail","6":"product_cat-energie-solaire","7":"product_cat-evaluation-des-ressources-solaires","9":"first","10":"instock","11":"shipping-taxable","12":"product-type-simple"},"yoast_head":"<!-- This site is optimized with the Yoast SEO plugin v27.1.1 - https:\/\/yoast.com\/product\/yoast-seo-wordpress\/ -->\n<title>\u00c9valuation des ressources solaires - Climate Master<\/title>\n<meta name=\"robots\" content=\"index, follow, max-snippet:-1, max-image-preview:large, max-video-preview:-1\" \/>\n<link rel=\"canonical\" href=\"https:\/\/climatemaster.ge\/fr\/produit\/solar-resource-assessment\/\" \/>\n<meta property=\"og:locale\" content=\"fr_FR\" \/>\n<meta property=\"og:type\" content=\"article\" \/>\n<meta property=\"og:title\" content=\"\u00c9valuation des ressources solaires - Climate Master\" \/>\n<meta property=\"og:description\" content=\"\u00c9valuation des ressources solaires Pour concevoir des centrales solaires rentables, il est essentiel de mesurer l&#039;irradiation locale. Selon le type de centrale solaire envisag\u00e9,  PV (Photovolta\u00efque) ou CSP (\u00c9nergie solaire concentr\u00e9e)\" \/>\n<meta property=\"og:url\" content=\"https:\/\/climatemaster.ge\/fr\/produit\/solar-resource-assessment\/\" \/>\n<meta property=\"og:site_name\" content=\"Climate Master\" \/>\n<meta property=\"article:modified_time\" content=\"2025-05-02T13:17:24+00:00\" \/>\n<meta property=\"og:image\" content=\"https:\/\/climatemaster.ge\/wp-content\/uploads\/2025\/05\/ammonit-solar-ressource-assessment.jpg__1200x298_q85_subsampling-2.jpg\" \/>\n\t<meta property=\"og:image:width\" content=\"1200\" \/>\n\t<meta property=\"og:image:height\" content=\"298\" \/>\n\t<meta property=\"og:image:type\" content=\"image\/jpeg\" \/>\n<meta name=\"twitter:card\" content=\"summary_large_image\" \/>\n<meta name=\"twitter:label1\" content=\"Dur\u00e9e de lecture estim\u00e9e\" \/>\n\t<meta name=\"twitter:data1\" content=\"1 minute\" \/>\n<script type=\"application\/ld+json\" class=\"yoast-schema-graph\">{\"@context\":\"https:\/\/schema.org\",\"@graph\":[{\"@type\":\"WebPage\",\"@id\":\"https:\/\/climatemaster.ge\/fr\/produit\/solar-resource-assessment\/\",\"url\":\"https:\/\/climatemaster.ge\/fr\/produit\/solar-resource-assessment\/\",\"name\":\"\u00c9valuation des ressources solaires - Climate Master\",\"isPartOf\":{\"@id\":\"https:\/\/climatemaster.ge\/#website\"},\"primaryImageOfPage\":{\"@id\":\"https:\/\/climatemaster.ge\/fr\/produit\/solar-resource-assessment\/#primaryimage\"},\"image\":{\"@id\":\"https:\/\/climatemaster.ge\/fr\/produit\/solar-resource-assessment\/#primaryimage\"},\"thumbnailUrl\":\"https:\/\/climatemaster.ge\/wp-content\/uploads\/2025\/05\/ammonit-solar-ressource-assessment.jpg__1200x298_q85_subsampling-2.jpg\",\"datePublished\":\"2025-05-02T12:18:31+00:00\",\"dateModified\":\"2025-05-02T13:17:24+00:00\",\"breadcrumb\":{\"@id\":\"https:\/\/climatemaster.ge\/fr\/produit\/solar-resource-assessment\/#breadcrumb\"},\"inLanguage\":\"fr-FR\",\"potentialAction\":[{\"@type\":\"ReadAction\",\"target\":[\"https:\/\/climatemaster.ge\/fr\/produit\/solar-resource-assessment\/\"]}]},{\"@type\":\"ImageObject\",\"inLanguage\":\"fr-FR\",\"@id\":\"https:\/\/climatemaster.ge\/fr\/produit\/solar-resource-assessment\/#primaryimage\",\"url\":\"https:\/\/climatemaster.ge\/wp-content\/uploads\/2025\/05\/ammonit-solar-ressource-assessment.jpg__1200x298_q85_subsampling-2.jpg\",\"contentUrl\":\"https:\/\/climatemaster.ge\/wp-content\/uploads\/2025\/05\/ammonit-solar-ressource-assessment.jpg__1200x298_q85_subsampling-2.jpg\",\"width\":1200,\"height\":298},{\"@type\":\"BreadcrumbList\",\"@id\":\"https:\/\/climatemaster.ge\/fr\/produit\/solar-resource-assessment\/#breadcrumb\",\"itemListElement\":[{\"@type\":\"ListItem\",\"position\":1,\"name\":\"Home\",\"item\":\"https:\/\/climatemaster.ge\/\"},{\"@type\":\"ListItem\",\"position\":2,\"name\":\"Products\",\"item\":\"https:\/\/climatemaster.ge\/products\/\"},{\"@type\":\"ListItem\",\"position\":3,\"name\":\"\u00c9valuation des ressources solaires\"}]},{\"@type\":\"WebSite\",\"@id\":\"https:\/\/climatemaster.ge\/#website\",\"url\":\"https:\/\/climatemaster.ge\/\",\"name\":\"Climate Master\",\"description\":\"\",\"publisher\":{\"@id\":\"https:\/\/climatemaster.ge\/#organization\"},\"potentialAction\":[{\"@type\":\"SearchAction\",\"target\":{\"@type\":\"EntryPoint\",\"urlTemplate\":\"https:\/\/climatemaster.ge\/?s={search_term_string}\"},\"query-input\":{\"@type\":\"PropertyValueSpecification\",\"valueRequired\":true,\"valueName\":\"search_term_string\"}}],\"inLanguage\":\"fr-FR\"},{\"@type\":\"Organization\",\"@id\":\"https:\/\/climatemaster.ge\/#organization\",\"name\":\"Climate Master\",\"url\":\"https:\/\/climatemaster.ge\/\",\"logo\":{\"@type\":\"ImageObject\",\"inLanguage\":\"fr-FR\",\"@id\":\"https:\/\/climatemaster.ge\/#\/schema\/logo\/image\/\",\"url\":\"https:\/\/climatemaster.ge\/wp-content\/uploads\/2026\/03\/Untitled-2.png\",\"contentUrl\":\"https:\/\/climatemaster.ge\/wp-content\/uploads\/2026\/03\/Untitled-2.png\",\"width\":600,\"height\":338,\"caption\":\"Climate Master\"},\"image\":{\"@id\":\"https:\/\/climatemaster.ge\/#\/schema\/logo\/image\/\"}}]}<\/script>\n<!-- \/ Yoast SEO plugin. -->","yoast_head_json":{"title":"\u00c9valuation des ressources solaires - Climate Master","robots":{"index":"index","follow":"follow","max-snippet":"max-snippet:-1","max-image-preview":"max-image-preview:large","max-video-preview":"max-video-preview:-1"},"canonical":"https:\/\/climatemaster.ge\/fr\/produit\/solar-resource-assessment\/","og_locale":"fr_FR","og_type":"article","og_title":"\u00c9valuation des ressources solaires - Climate Master","og_description":"\u00c9valuation des ressources solaires Pour concevoir des centrales solaires rentables, il est essentiel de mesurer l'irradiation locale. Selon le type de centrale solaire envisag\u00e9,  PV (Photovolta\u00efque) ou CSP (\u00c9nergie solaire concentr\u00e9e)","og_url":"https:\/\/climatemaster.ge\/fr\/produit\/solar-resource-assessment\/","og_site_name":"Climate Master","article_modified_time":"2025-05-02T13:17:24+00:00","og_image":[{"width":1200,"height":298,"url":"https:\/\/climatemaster.ge\/wp-content\/uploads\/2025\/05\/ammonit-solar-ressource-assessment.jpg__1200x298_q85_subsampling-2.jpg","type":"image\/jpeg"}],"twitter_card":"summary_large_image","twitter_misc":{"Dur\u00e9e de lecture estim\u00e9e":"1 minute"},"schema":{"@context":"https:\/\/schema.org","@graph":[{"@type":"WebPage","@id":"https:\/\/climatemaster.ge\/fr\/produit\/solar-resource-assessment\/","url":"https:\/\/climatemaster.ge\/fr\/produit\/solar-resource-assessment\/","name":"\u00c9valuation des ressources solaires - Climate Master","isPartOf":{"@id":"https:\/\/climatemaster.ge\/#website"},"primaryImageOfPage":{"@id":"https:\/\/climatemaster.ge\/fr\/produit\/solar-resource-assessment\/#primaryimage"},"image":{"@id":"https:\/\/climatemaster.ge\/fr\/produit\/solar-resource-assessment\/#primaryimage"},"thumbnailUrl":"https:\/\/climatemaster.ge\/wp-content\/uploads\/2025\/05\/ammonit-solar-ressource-assessment.jpg__1200x298_q85_subsampling-2.jpg","datePublished":"2025-05-02T12:18:31+00:00","dateModified":"2025-05-02T13:17:24+00:00","breadcrumb":{"@id":"https:\/\/climatemaster.ge\/fr\/produit\/solar-resource-assessment\/#breadcrumb"},"inLanguage":"fr-FR","potentialAction":[{"@type":"ReadAction","target":["https:\/\/climatemaster.ge\/fr\/produit\/solar-resource-assessment\/"]}]},{"@type":"ImageObject","inLanguage":"fr-FR","@id":"https:\/\/climatemaster.ge\/fr\/produit\/solar-resource-assessment\/#primaryimage","url":"https:\/\/climatemaster.ge\/wp-content\/uploads\/2025\/05\/ammonit-solar-ressource-assessment.jpg__1200x298_q85_subsampling-2.jpg","contentUrl":"https:\/\/climatemaster.ge\/wp-content\/uploads\/2025\/05\/ammonit-solar-ressource-assessment.jpg__1200x298_q85_subsampling-2.jpg","width":1200,"height":298},{"@type":"BreadcrumbList","@id":"https:\/\/climatemaster.ge\/fr\/produit\/solar-resource-assessment\/#breadcrumb","itemListElement":[{"@type":"ListItem","position":1,"name":"Home","item":"https:\/\/climatemaster.ge\/"},{"@type":"ListItem","position":2,"name":"Products","item":"https:\/\/climatemaster.ge\/products\/"},{"@type":"ListItem","position":3,"name":"\u00c9valuation des ressources solaires"}]},{"@type":"WebSite","@id":"https:\/\/climatemaster.ge\/#website","url":"https:\/\/climatemaster.ge\/","name":"Climate Master","description":"","publisher":{"@id":"https:\/\/climatemaster.ge\/#organization"},"potentialAction":[{"@type":"SearchAction","target":{"@type":"EntryPoint","urlTemplate":"https:\/\/climatemaster.ge\/?s={search_term_string}"},"query-input":{"@type":"PropertyValueSpecification","valueRequired":true,"valueName":"search_term_string"}}],"inLanguage":"fr-FR"},{"@type":"Organization","@id":"https:\/\/climatemaster.ge\/#organization","name":"Climate Master","url":"https:\/\/climatemaster.ge\/","logo":{"@type":"ImageObject","inLanguage":"fr-FR","@id":"https:\/\/climatemaster.ge\/#\/schema\/logo\/image\/","url":"https:\/\/climatemaster.ge\/wp-content\/uploads\/2026\/03\/Untitled-2.png","contentUrl":"https:\/\/climatemaster.ge\/wp-content\/uploads\/2026\/03\/Untitled-2.png","width":600,"height":338,"caption":"Climate Master"},"image":{"@id":"https:\/\/climatemaster.ge\/#\/schema\/logo\/image\/"}}]}},"_links":{"self":[{"href":"https:\/\/climatemaster.ge\/fr\/wp-json\/wp\/v2\/product\/30561","targetHints":{"allow":["GET"]}}],"collection":[{"href":"https:\/\/climatemaster.ge\/fr\/wp-json\/wp\/v2\/product"}],"about":[{"href":"https:\/\/climatemaster.ge\/fr\/wp-json\/wp\/v2\/types\/product"}],"wp:featuredmedia":[{"embeddable":true,"href":"https:\/\/climatemaster.ge\/fr\/wp-json\/wp\/v2\/media\/30556"}],"wp:attachment":[{"href":"https:\/\/climatemaster.ge\/fr\/wp-json\/wp\/v2\/media?parent=30561"}],"wp:term":[{"taxonomy":"product_brand","embeddable":true,"href":"https:\/\/climatemaster.ge\/fr\/wp-json\/wp\/v2\/product_brand?post=30561"},{"taxonomy":"product_cat","embeddable":true,"href":"https:\/\/climatemaster.ge\/fr\/wp-json\/wp\/v2\/product_cat?post=30561"},{"taxonomy":"product_tag","embeddable":true,"href":"https:\/\/climatemaster.ge\/fr\/wp-json\/wp\/v2\/product_tag?post=30561"}],"curies":[{"name":"wp","href":"https:\/\/api.w.org\/{rel}","templated":true}]}}