{"id":30395,"date":"2025-01-01T22:03:24","date_gmt":"2025-01-01T18:03:24","guid":{"rendered":"https:\/\/airsystems.ge\/shop\/product\/evaporating-coils\/"},"modified":"2025-06-07T16:02:27","modified_gmt":"2025-06-07T12:02:27","slug":"evaporating-coils","status":"publish","type":"product","link":"https:\/\/climatemaster.ge\/fr\/produit\/evaporating-coils\/","title":{"rendered":"\u00c9vaporateurs Spirales Nichrome-FeCrAl"},"content":{"rendered":"<div class=\"elementor-element elementor-element-391e72ec elementor-widget elementor-widget-theme-post-content\" data-id=\"391e72ec\" data-element_type=\"widget\" data-widget_type=\"theme-post-content.default\">\n<div class=\"elementor-widget-container\">\n<p>Caract\u00e9ristiques principales\u00a0:<\/p>\n<p>Compatible avec tous les r\u00e9frig\u00e9rants synth\u00e9tiques, y compris l&rsquo;A2L.<br \/>\nPersonnalisation \u00e0 360\u00b0.<br \/>\nPression de conception maximale de 45\u00a0bar, \u00e9galement utilisable en mode r\u00e9versible.<br \/>\n5 g\u00e9om\u00e9tries disponibles pour r\u00e9pondre \u00e0 tous les besoins en termes de performances et de r\u00e9duction du volume interne.<br \/>\n21 tubes disponibles, lisses et nervur\u00e9s.<br \/>\n4 mat\u00e9riaux d&rsquo;ailettes disponibles, dont une ailette en aluminium avec traitement hydrophile.<br \/>\nEspacement des ailettes de 1,6 mm \u00e0 11 mm pour des intervalles de d\u00e9givrage optimaux.<br \/>\nDiff\u00e9rents mat\u00e9riaux disponibles pour le cadre\u00a0: acier galvanis\u00e9, aluminium, acier inoxydable et cuivre.<br \/>\nPossibilit\u00e9 de tests avec une machine \u00e0 h\u00e9lium.<br \/>\n10 traitements de surface disponibles pour prolonger la dur\u00e9e de vie du produit dans des environnements agressifs.<\/p>\n<\/div>\n<\/div>\n<div class=\"elementor-element elementor-element-427e8a79 e-flex e-con-boxed e-con e-child\" data-id=\"427e8a79\" data-element_type=\"container\">\n<div class=\"e-con-inner\">\n<div class=\"elementor-element elementor-element-6e19ed90 hidebutton mc-bl elementor-align-left elementor-widget elementor-widget-button\" data-id=\"6e19ed90\" data-element_type=\"widget\" data-widget_type=\"button.default\">\n<div class=\"elementor-widget-container\">\n<div class=\"elementor-button-wrapper\"><a class=\"elementor-button elementor-button-link elementor-size-sm\" href=\"https:\/\/www.enextechnologies.com\/wp-content\/uploads\/2025\/03\/HX_COILS_Catalog_ENG.pdf\" target=\"_blank\" rel=\"noopener\"><span class=\"elementor-button-content-wrapper\"><span class=\"elementor-button-text\">PRODUCT CATALOG<\/span><\/span><\/a><\/div>\n<\/div>\n<\/div>\n<\/div>\n<\/div>\n","protected":false},"excerpt":{"rendered":"<p>Les \u00e9changeurs de chaleur \u00e0 serpentin d&rsquo;\u00e9vaporation sont compatibles avec toutes les exigences de conception des r\u00e9frig\u00e9rants \u00e0 faible PRG actuellement disponibles. Ils sont fabriqu\u00e9s selon les sp\u00e9cifications du client en termes de performances thermodynamiques, structurelles et de conformation du ch\u00e2ssis, afin de s&rsquo;int\u00e9grer parfaitement \u00e0 la machine ou au syst\u00e8me du client.<\/p>\n","protected":false},"featured_media":30390,"template":"","meta":[],"product_brand":[],"product_cat":[682,1313],"product_tag":[],"class_list":{"0":"post-30395","1":"product","2":"type-product","3":"status-publish","4":"has-post-thumbnail","6":"product_cat-climatiseurs-fr-industriels","7":"product_cat-spirales-nichrome-fecral-fr","9":"first","10":"instock","11":"shipping-taxable","12":"product-type-simple"},"yoast_head":"<!-- This site is optimized with the Yoast SEO plugin v27.1.1 - https:\/\/yoast.com\/product\/yoast-seo-wordpress\/ -->\n<title>\u00c9vaporateurs Spirales Nichrome-FeCrAl - Climate Master<\/title>\n<meta name=\"robots\" content=\"index, follow, max-snippet:-1, max-image-preview:large, max-video-preview:-1\" \/>\n<link rel=\"canonical\" href=\"https:\/\/climatemaster.ge\/fr\/produit\/evaporating-coils\/\" \/>\n<meta property=\"og:locale\" content=\"fr_FR\" \/>\n<meta property=\"og:type\" content=\"article\" \/>\n<meta property=\"og:title\" content=\"\u00c9vaporateurs Spirales Nichrome-FeCrAl - Climate Master\" \/>\n<meta property=\"og:description\" content=\"Les \u00e9changeurs de chaleur \u00e0 serpentin d&#039;\u00e9vaporation sont compatibles avec toutes les exigences de conception des r\u00e9frig\u00e9rants \u00e0 faible PRG actuellement disponibles. Ils sont fabriqu\u00e9s selon les sp\u00e9cifications du client en termes de performances thermodynamiques, structurelles et de conformation du ch\u00e2ssis, afin de s&#039;int\u00e9grer parfaitement \u00e0 la machine ou au syst\u00e8me du client.\" \/>\n<meta property=\"og:url\" content=\"https:\/\/climatemaster.ge\/fr\/produit\/evaporating-coils\/\" \/>\n<meta property=\"og:site_name\" content=\"Climate Master\" \/>\n<meta property=\"article:modified_time\" content=\"2025-06-07T12:02:27+00:00\" \/>\n<meta property=\"og:image\" content=\"https:\/\/climatemaster.ge\/wp-content\/uploads\/2025\/04\/Evaporating-Coils-pymoy5653az1a7gwl6x1ff8okvsv9yptlgp14uimf4.png\" \/>\n\t<meta property=\"og:image:width\" content=\"345\" \/>\n\t<meta property=\"og:image:height\" content=\"500\" \/>\n\t<meta property=\"og:image:type\" content=\"image\/png\" \/>\n<meta name=\"twitter:card\" content=\"summary_large_image\" \/>\n<meta name=\"twitter:label1\" content=\"Dur\u00e9e de lecture estim\u00e9e\" \/>\n\t<meta name=\"twitter:data1\" content=\"1 minute\" \/>\n<script type=\"application\/ld+json\" class=\"yoast-schema-graph\">{\"@context\":\"https:\/\/schema.org\",\"@graph\":[{\"@type\":\"WebPage\",\"@id\":\"https:\/\/climatemaster.ge\/fr\/produit\/evaporating-coils\/\",\"url\":\"https:\/\/climatemaster.ge\/fr\/produit\/evaporating-coils\/\",\"name\":\"\u00c9vaporateurs Spirales Nichrome-FeCrAl - Climate Master\",\"isPartOf\":{\"@id\":\"https:\/\/climatemaster.ge\/#website\"},\"primaryImageOfPage\":{\"@id\":\"https:\/\/climatemaster.ge\/fr\/produit\/evaporating-coils\/#primaryimage\"},\"image\":{\"@id\":\"https:\/\/climatemaster.ge\/fr\/produit\/evaporating-coils\/#primaryimage\"},\"thumbnailUrl\":\"https:\/\/climatemaster.ge\/wp-content\/uploads\/2025\/04\/Evaporating-Coils-pymoy5653az1a7gwl6x1ff8okvsv9yptlgp14uimf4.png\",\"datePublished\":\"2025-01-01T18:03:24+00:00\",\"dateModified\":\"2025-06-07T12:02:27+00:00\",\"breadcrumb\":{\"@id\":\"https:\/\/climatemaster.ge\/fr\/produit\/evaporating-coils\/#breadcrumb\"},\"inLanguage\":\"fr-FR\",\"potentialAction\":[{\"@type\":\"ReadAction\",\"target\":[\"https:\/\/climatemaster.ge\/fr\/produit\/evaporating-coils\/\"]}]},{\"@type\":\"ImageObject\",\"inLanguage\":\"fr-FR\",\"@id\":\"https:\/\/climatemaster.ge\/fr\/produit\/evaporating-coils\/#primaryimage\",\"url\":\"https:\/\/climatemaster.ge\/wp-content\/uploads\/2025\/04\/Evaporating-Coils-pymoy5653az1a7gwl6x1ff8okvsv9yptlgp14uimf4.png\",\"contentUrl\":\"https:\/\/climatemaster.ge\/wp-content\/uploads\/2025\/04\/Evaporating-Coils-pymoy5653az1a7gwl6x1ff8okvsv9yptlgp14uimf4.png\",\"width\":345,\"height\":500},{\"@type\":\"BreadcrumbList\",\"@id\":\"https:\/\/climatemaster.ge\/fr\/produit\/evaporating-coils\/#breadcrumb\",\"itemListElement\":[{\"@type\":\"ListItem\",\"position\":1,\"name\":\"Home\",\"item\":\"https:\/\/climatemaster.ge\/\"},{\"@type\":\"ListItem\",\"position\":2,\"name\":\"Products\",\"item\":\"https:\/\/climatemaster.ge\/products\/\"},{\"@type\":\"ListItem\",\"position\":3,\"name\":\"\u00c9vaporateurs Spirales Nichrome-FeCrAl\"}]},{\"@type\":\"WebSite\",\"@id\":\"https:\/\/climatemaster.ge\/#website\",\"url\":\"https:\/\/climatemaster.ge\/\",\"name\":\"Climate Master\",\"description\":\"\",\"publisher\":{\"@id\":\"https:\/\/climatemaster.ge\/#organization\"},\"potentialAction\":[{\"@type\":\"SearchAction\",\"target\":{\"@type\":\"EntryPoint\",\"urlTemplate\":\"https:\/\/climatemaster.ge\/?s={search_term_string}\"},\"query-input\":{\"@type\":\"PropertyValueSpecification\",\"valueRequired\":true,\"valueName\":\"search_term_string\"}}],\"inLanguage\":\"fr-FR\"},{\"@type\":\"Organization\",\"@id\":\"https:\/\/climatemaster.ge\/#organization\",\"name\":\"Climate Master\",\"url\":\"https:\/\/climatemaster.ge\/\",\"logo\":{\"@type\":\"ImageObject\",\"inLanguage\":\"fr-FR\",\"@id\":\"https:\/\/climatemaster.ge\/#\/schema\/logo\/image\/\",\"url\":\"https:\/\/climatemaster.ge\/wp-content\/uploads\/2026\/03\/Untitled-2.png\",\"contentUrl\":\"https:\/\/climatemaster.ge\/wp-content\/uploads\/2026\/03\/Untitled-2.png\",\"width\":600,\"height\":338,\"caption\":\"Climate Master\"},\"image\":{\"@id\":\"https:\/\/climatemaster.ge\/#\/schema\/logo\/image\/\"}}]}<\/script>\n<!-- \/ Yoast SEO plugin. -->","yoast_head_json":{"title":"\u00c9vaporateurs Spirales Nichrome-FeCrAl - Climate Master","robots":{"index":"index","follow":"follow","max-snippet":"max-snippet:-1","max-image-preview":"max-image-preview:large","max-video-preview":"max-video-preview:-1"},"canonical":"https:\/\/climatemaster.ge\/fr\/produit\/evaporating-coils\/","og_locale":"fr_FR","og_type":"article","og_title":"\u00c9vaporateurs Spirales Nichrome-FeCrAl - Climate Master","og_description":"Les \u00e9changeurs de chaleur \u00e0 serpentin d'\u00e9vaporation sont compatibles avec toutes les exigences de conception des r\u00e9frig\u00e9rants \u00e0 faible PRG actuellement disponibles. Ils sont fabriqu\u00e9s selon les sp\u00e9cifications du client en termes de performances thermodynamiques, structurelles et de conformation du ch\u00e2ssis, afin de s'int\u00e9grer parfaitement \u00e0 la machine ou au syst\u00e8me du client.","og_url":"https:\/\/climatemaster.ge\/fr\/produit\/evaporating-coils\/","og_site_name":"Climate Master","article_modified_time":"2025-06-07T12:02:27+00:00","og_image":[{"width":345,"height":500,"url":"https:\/\/climatemaster.ge\/wp-content\/uploads\/2025\/04\/Evaporating-Coils-pymoy5653az1a7gwl6x1ff8okvsv9yptlgp14uimf4.png","type":"image\/png"}],"twitter_card":"summary_large_image","twitter_misc":{"Dur\u00e9e de lecture estim\u00e9e":"1 minute"},"schema":{"@context":"https:\/\/schema.org","@graph":[{"@type":"WebPage","@id":"https:\/\/climatemaster.ge\/fr\/produit\/evaporating-coils\/","url":"https:\/\/climatemaster.ge\/fr\/produit\/evaporating-coils\/","name":"\u00c9vaporateurs Spirales Nichrome-FeCrAl - Climate Master","isPartOf":{"@id":"https:\/\/climatemaster.ge\/#website"},"primaryImageOfPage":{"@id":"https:\/\/climatemaster.ge\/fr\/produit\/evaporating-coils\/#primaryimage"},"image":{"@id":"https:\/\/climatemaster.ge\/fr\/produit\/evaporating-coils\/#primaryimage"},"thumbnailUrl":"https:\/\/climatemaster.ge\/wp-content\/uploads\/2025\/04\/Evaporating-Coils-pymoy5653az1a7gwl6x1ff8okvsv9yptlgp14uimf4.png","datePublished":"2025-01-01T18:03:24+00:00","dateModified":"2025-06-07T12:02:27+00:00","breadcrumb":{"@id":"https:\/\/climatemaster.ge\/fr\/produit\/evaporating-coils\/#breadcrumb"},"inLanguage":"fr-FR","potentialAction":[{"@type":"ReadAction","target":["https:\/\/climatemaster.ge\/fr\/produit\/evaporating-coils\/"]}]},{"@type":"ImageObject","inLanguage":"fr-FR","@id":"https:\/\/climatemaster.ge\/fr\/produit\/evaporating-coils\/#primaryimage","url":"https:\/\/climatemaster.ge\/wp-content\/uploads\/2025\/04\/Evaporating-Coils-pymoy5653az1a7gwl6x1ff8okvsv9yptlgp14uimf4.png","contentUrl":"https:\/\/climatemaster.ge\/wp-content\/uploads\/2025\/04\/Evaporating-Coils-pymoy5653az1a7gwl6x1ff8okvsv9yptlgp14uimf4.png","width":345,"height":500},{"@type":"BreadcrumbList","@id":"https:\/\/climatemaster.ge\/fr\/produit\/evaporating-coils\/#breadcrumb","itemListElement":[{"@type":"ListItem","position":1,"name":"Home","item":"https:\/\/climatemaster.ge\/"},{"@type":"ListItem","position":2,"name":"Products","item":"https:\/\/climatemaster.ge\/products\/"},{"@type":"ListItem","position":3,"name":"\u00c9vaporateurs Spirales Nichrome-FeCrAl"}]},{"@type":"WebSite","@id":"https:\/\/climatemaster.ge\/#website","url":"https:\/\/climatemaster.ge\/","name":"Climate Master","description":"","publisher":{"@id":"https:\/\/climatemaster.ge\/#organization"},"potentialAction":[{"@type":"SearchAction","target":{"@type":"EntryPoint","urlTemplate":"https:\/\/climatemaster.ge\/?s={search_term_string}"},"query-input":{"@type":"PropertyValueSpecification","valueRequired":true,"valueName":"search_term_string"}}],"inLanguage":"fr-FR"},{"@type":"Organization","@id":"https:\/\/climatemaster.ge\/#organization","name":"Climate Master","url":"https:\/\/climatemaster.ge\/","logo":{"@type":"ImageObject","inLanguage":"fr-FR","@id":"https:\/\/climatemaster.ge\/#\/schema\/logo\/image\/","url":"https:\/\/climatemaster.ge\/wp-content\/uploads\/2026\/03\/Untitled-2.png","contentUrl":"https:\/\/climatemaster.ge\/wp-content\/uploads\/2026\/03\/Untitled-2.png","width":600,"height":338,"caption":"Climate Master"},"image":{"@id":"https:\/\/climatemaster.ge\/#\/schema\/logo\/image\/"}}]}},"_links":{"self":[{"href":"https:\/\/climatemaster.ge\/fr\/wp-json\/wp\/v2\/product\/30395","targetHints":{"allow":["GET"]}}],"collection":[{"href":"https:\/\/climatemaster.ge\/fr\/wp-json\/wp\/v2\/product"}],"about":[{"href":"https:\/\/climatemaster.ge\/fr\/wp-json\/wp\/v2\/types\/product"}],"wp:featuredmedia":[{"embeddable":true,"href":"https:\/\/climatemaster.ge\/fr\/wp-json\/wp\/v2\/media\/30390"}],"wp:attachment":[{"href":"https:\/\/climatemaster.ge\/fr\/wp-json\/wp\/v2\/media?parent=30395"}],"wp:term":[{"taxonomy":"product_brand","embeddable":true,"href":"https:\/\/climatemaster.ge\/fr\/wp-json\/wp\/v2\/product_brand?post=30395"},{"taxonomy":"product_cat","embeddable":true,"href":"https:\/\/climatemaster.ge\/fr\/wp-json\/wp\/v2\/product_cat?post=30395"},{"taxonomy":"product_tag","embeddable":true,"href":"https:\/\/climatemaster.ge\/fr\/wp-json\/wp\/v2\/product_tag?post=30395"}],"curies":[{"name":"wp","href":"https:\/\/api.w.org\/{rel}","templated":true}]}}