{"id":30383,"date":"2025-01-01T22:04:16","date_gmt":"2025-01-01T18:04:16","guid":{"rendered":"https:\/\/airsystems.ge\/shop\/product\/stainless-steel-coils\/"},"modified":"2025-06-07T15:56:45","modified_gmt":"2025-06-07T11:56:45","slug":"stainless-steel-coils","status":"publish","type":"product","link":"https:\/\/climatemaster.ge\/fr\/produit\/stainless-steel-coils\/","title":{"rendered":"Batteries en acier inoxydable Spirales Nichrome-FeCrAl"},"content":{"rendered":"<div class=\"elementor-element elementor-element-391e72ec elementor-widget elementor-widget-theme-post-content\" data-id=\"391e72ec\" data-element_type=\"widget\" data-widget_type=\"theme-post-content.default\">\n<div class=\"elementor-widget-container\">\n<p>Elles sont principalement utilis\u00e9es en cas de corrosion interne ou externe, ainsi que pour des raisons de temp\u00e9rature.<\/p>\n<p>Les batteries en acier inoxydable sont disponibles en 5 g\u00e9om\u00e9tries diff\u00e9rentes\u00a0:<\/p>\n<ul>\n<li>5\/8\u201d 60\u00d730<\/li>\n<li>5\/8\u201d 40\u00d735<\/li>\n<li>5\/8\u201d 50\u00d750<\/li>\n<li>5\/8 50\u00d725<\/li>\n<li>7\/8\u201d 65,42\u00d756,66<\/li>\n<\/ul>\n<p>Gr\u00e2ce \u00e0 la vari\u00e9t\u00e9 de leurs g\u00e9om\u00e9tries et \u00e0 leur compatibilit\u00e9 avec la plupart des fluides, nos \u00e9changeurs de chaleur sont enti\u00e8rement personnalisables en termes de conception et de mat\u00e9riaux. Notre offre couvre ainsi tous les besoins de nos clients.<\/p>\n<p>Ses batteries monophas\u00e9es sont compatibles avec la plupart des fluides \u00e0 l&rsquo;\u00e9tat liquide, comme l&rsquo;eau, les m\u00e9langes eau-glycol, l&rsquo;huile, les fluides diathermiques, etc. Elles sont id\u00e9ales comme batteries \u00e0 eau.<br \/>\nEn tant que serpentins \u00e0 changement de phase, notre gamme en acier inoxydable s&rsquo;int\u00e8gre parfaitement aux besoins des machines de nos clients, qu&rsquo;il s&rsquo;agisse d&rsquo;\u00e9vaporateurs, de condenseurs ou de pompes \u00e0 chaleur r\u00e9versibles.<br \/>\nElles sont \u00e9galement compatibles avec le NH3 et le CO2, ainsi qu&rsquo;avec tous les fluides frigorig\u00e8nes synth\u00e9tiques (y compris l&rsquo;A2L).<\/p>\n<p>Autres caract\u00e9ristiques\u00a0:<br \/>\n\u2013 Cat. II PED.<br \/>\n\u2013 Pression de conception maximale\u00a0: 140\u00a0bar<br \/>\n\u2013 Pas maximal des ailettes\u00a0: 11\u00a0mm<br \/>\n\u2013 Longueur maximale\u00a0: 11\u00a0m<br \/>\n\u2013 Aucune limite de poids<\/p>\n<\/div>\n<\/div>\n<div class=\"elementor-element elementor-element-427e8a79 e-flex e-con-boxed e-con e-child\" data-id=\"427e8a79\" data-element_type=\"container\">\n<div class=\"e-con-inner\">\n<div class=\"elementor-element elementor-element-6e19ed90 hidebutton mc-bl elementor-align-left elementor-widget elementor-widget-button\" data-id=\"6e19ed90\" data-element_type=\"widget\" data-widget_type=\"button.default\">\n<div class=\"elementor-widget-container\">\n<div class=\"elementor-button-wrapper\"><a class=\"elementor-button elementor-button-link elementor-size-sm\" href=\"https:\/\/www.enextechnologies.com\/wp-content\/uploads\/2025\/03\/HX_COILS_Catalog_ENG.pdf\" target=\"_blank\" rel=\"noopener\"><span class=\"elementor-button-content-wrapper\"><span class=\"elementor-button-text\">PRODUCT CATALOG<\/span><\/span><\/a><\/div>\n<\/div>\n<\/div>\n<\/div>\n<\/div>\n","protected":false},"excerpt":{"rendered":"<p>La large gamme de batteries en acier inoxydable pour \u00e9changeurs de chaleur \u00e0 ailettes d&rsquo;Enex Technologies figure parmi les plus compl\u00e8tes d&rsquo;Europe. Elle convient aux applications de r\u00e9frig\u00e9ration industrielle, de refroidissement informatique, de CVC et de refroidissement des \u00e9nergies et des proc\u00e9d\u00e9s.<\/p>\n","protected":false},"featured_media":30376,"template":"","meta":[],"product_brand":[],"product_cat":[682,1313],"product_tag":[],"class_list":{"0":"post-30383","1":"product","2":"type-product","3":"status-publish","4":"has-post-thumbnail","6":"product_cat-climatiseurs-fr-industriels","7":"product_cat-spirales-nichrome-fecral-fr","9":"first","10":"instock","11":"shipping-taxable","12":"product-type-simple"},"yoast_head":"<!-- This site is optimized with the Yoast SEO plugin v27.1.1 - https:\/\/yoast.com\/product\/yoast-seo-wordpress\/ -->\n<title>Batteries en acier inoxydable Spirales Nichrome-FeCrAl - Climate Master<\/title>\n<meta name=\"robots\" content=\"index, follow, max-snippet:-1, max-image-preview:large, max-video-preview:-1\" \/>\n<link rel=\"canonical\" href=\"https:\/\/climatemaster.ge\/fr\/produit\/stainless-steel-coils\/\" \/>\n<meta property=\"og:locale\" content=\"fr_FR\" \/>\n<meta property=\"og:type\" content=\"article\" \/>\n<meta property=\"og:title\" content=\"Batteries en acier inoxydable Spirales Nichrome-FeCrAl - Climate Master\" \/>\n<meta property=\"og:description\" content=\"La large gamme de batteries en acier inoxydable pour \u00e9changeurs de chaleur \u00e0 ailettes d&#039;Enex Technologies figure parmi les plus compl\u00e8tes d&#039;Europe. Elle convient aux applications de r\u00e9frig\u00e9ration industrielle, de refroidissement informatique, de CVC et de refroidissement des \u00e9nergies et des proc\u00e9d\u00e9s.\" \/>\n<meta property=\"og:url\" content=\"https:\/\/climatemaster.ge\/fr\/produit\/stainless-steel-coils\/\" \/>\n<meta property=\"og:site_name\" content=\"Climate Master\" \/>\n<meta property=\"article:modified_time\" content=\"2025-06-07T11:56:45+00:00\" \/>\n<meta property=\"og:image\" content=\"https:\/\/climatemaster.ge\/wp-content\/uploads\/2025\/04\/SS-coils_inox.jpg\" \/>\n\t<meta property=\"og:image:width\" content=\"500\" \/>\n\t<meta property=\"og:image:height\" content=\"723\" \/>\n\t<meta property=\"og:image:type\" content=\"image\/jpeg\" \/>\n<meta name=\"twitter:card\" content=\"summary_large_image\" \/>\n<meta name=\"twitter:label1\" content=\"Dur\u00e9e de lecture estim\u00e9e\" \/>\n\t<meta name=\"twitter:data1\" content=\"1 minute\" \/>\n<script type=\"application\/ld+json\" class=\"yoast-schema-graph\">{\"@context\":\"https:\/\/schema.org\",\"@graph\":[{\"@type\":\"WebPage\",\"@id\":\"https:\/\/climatemaster.ge\/fr\/produit\/stainless-steel-coils\/\",\"url\":\"https:\/\/climatemaster.ge\/fr\/produit\/stainless-steel-coils\/\",\"name\":\"Batteries en acier inoxydable Spirales Nichrome-FeCrAl - Climate Master\",\"isPartOf\":{\"@id\":\"https:\/\/climatemaster.ge\/#website\"},\"primaryImageOfPage\":{\"@id\":\"https:\/\/climatemaster.ge\/fr\/produit\/stainless-steel-coils\/#primaryimage\"},\"image\":{\"@id\":\"https:\/\/climatemaster.ge\/fr\/produit\/stainless-steel-coils\/#primaryimage\"},\"thumbnailUrl\":\"https:\/\/climatemaster.ge\/wp-content\/uploads\/2025\/04\/SS-coils_inox.jpg\",\"datePublished\":\"2025-01-01T18:04:16+00:00\",\"dateModified\":\"2025-06-07T11:56:45+00:00\",\"breadcrumb\":{\"@id\":\"https:\/\/climatemaster.ge\/fr\/produit\/stainless-steel-coils\/#breadcrumb\"},\"inLanguage\":\"fr-FR\",\"potentialAction\":[{\"@type\":\"ReadAction\",\"target\":[\"https:\/\/climatemaster.ge\/fr\/produit\/stainless-steel-coils\/\"]}]},{\"@type\":\"ImageObject\",\"inLanguage\":\"fr-FR\",\"@id\":\"https:\/\/climatemaster.ge\/fr\/produit\/stainless-steel-coils\/#primaryimage\",\"url\":\"https:\/\/climatemaster.ge\/wp-content\/uploads\/2025\/04\/SS-coils_inox.jpg\",\"contentUrl\":\"https:\/\/climatemaster.ge\/wp-content\/uploads\/2025\/04\/SS-coils_inox.jpg\",\"width\":500,\"height\":723},{\"@type\":\"BreadcrumbList\",\"@id\":\"https:\/\/climatemaster.ge\/fr\/produit\/stainless-steel-coils\/#breadcrumb\",\"itemListElement\":[{\"@type\":\"ListItem\",\"position\":1,\"name\":\"Home\",\"item\":\"https:\/\/climatemaster.ge\/\"},{\"@type\":\"ListItem\",\"position\":2,\"name\":\"Products\",\"item\":\"https:\/\/climatemaster.ge\/products\/\"},{\"@type\":\"ListItem\",\"position\":3,\"name\":\"Batteries en acier inoxydable Spirales Nichrome-FeCrAl\"}]},{\"@type\":\"WebSite\",\"@id\":\"https:\/\/climatemaster.ge\/#website\",\"url\":\"https:\/\/climatemaster.ge\/\",\"name\":\"Climate Master\",\"description\":\"\",\"publisher\":{\"@id\":\"https:\/\/climatemaster.ge\/#organization\"},\"potentialAction\":[{\"@type\":\"SearchAction\",\"target\":{\"@type\":\"EntryPoint\",\"urlTemplate\":\"https:\/\/climatemaster.ge\/?s={search_term_string}\"},\"query-input\":{\"@type\":\"PropertyValueSpecification\",\"valueRequired\":true,\"valueName\":\"search_term_string\"}}],\"inLanguage\":\"fr-FR\"},{\"@type\":\"Organization\",\"@id\":\"https:\/\/climatemaster.ge\/#organization\",\"name\":\"Climate Master\",\"url\":\"https:\/\/climatemaster.ge\/\",\"logo\":{\"@type\":\"ImageObject\",\"inLanguage\":\"fr-FR\",\"@id\":\"https:\/\/climatemaster.ge\/#\/schema\/logo\/image\/\",\"url\":\"https:\/\/climatemaster.ge\/wp-content\/uploads\/2026\/03\/Untitled-2.png\",\"contentUrl\":\"https:\/\/climatemaster.ge\/wp-content\/uploads\/2026\/03\/Untitled-2.png\",\"width\":600,\"height\":338,\"caption\":\"Climate Master\"},\"image\":{\"@id\":\"https:\/\/climatemaster.ge\/#\/schema\/logo\/image\/\"}}]}<\/script>\n<!-- \/ Yoast SEO plugin. -->","yoast_head_json":{"title":"Batteries en acier inoxydable Spirales Nichrome-FeCrAl - Climate Master","robots":{"index":"index","follow":"follow","max-snippet":"max-snippet:-1","max-image-preview":"max-image-preview:large","max-video-preview":"max-video-preview:-1"},"canonical":"https:\/\/climatemaster.ge\/fr\/produit\/stainless-steel-coils\/","og_locale":"fr_FR","og_type":"article","og_title":"Batteries en acier inoxydable Spirales Nichrome-FeCrAl - Climate Master","og_description":"La large gamme de batteries en acier inoxydable pour \u00e9changeurs de chaleur \u00e0 ailettes d'Enex Technologies figure parmi les plus compl\u00e8tes d'Europe. Elle convient aux applications de r\u00e9frig\u00e9ration industrielle, de refroidissement informatique, de CVC et de refroidissement des \u00e9nergies et des proc\u00e9d\u00e9s.","og_url":"https:\/\/climatemaster.ge\/fr\/produit\/stainless-steel-coils\/","og_site_name":"Climate Master","article_modified_time":"2025-06-07T11:56:45+00:00","og_image":[{"width":500,"height":723,"url":"https:\/\/climatemaster.ge\/wp-content\/uploads\/2025\/04\/SS-coils_inox.jpg","type":"image\/jpeg"}],"twitter_card":"summary_large_image","twitter_misc":{"Dur\u00e9e de lecture estim\u00e9e":"1 minute"},"schema":{"@context":"https:\/\/schema.org","@graph":[{"@type":"WebPage","@id":"https:\/\/climatemaster.ge\/fr\/produit\/stainless-steel-coils\/","url":"https:\/\/climatemaster.ge\/fr\/produit\/stainless-steel-coils\/","name":"Batteries en acier inoxydable Spirales Nichrome-FeCrAl - Climate Master","isPartOf":{"@id":"https:\/\/climatemaster.ge\/#website"},"primaryImageOfPage":{"@id":"https:\/\/climatemaster.ge\/fr\/produit\/stainless-steel-coils\/#primaryimage"},"image":{"@id":"https:\/\/climatemaster.ge\/fr\/produit\/stainless-steel-coils\/#primaryimage"},"thumbnailUrl":"https:\/\/climatemaster.ge\/wp-content\/uploads\/2025\/04\/SS-coils_inox.jpg","datePublished":"2025-01-01T18:04:16+00:00","dateModified":"2025-06-07T11:56:45+00:00","breadcrumb":{"@id":"https:\/\/climatemaster.ge\/fr\/produit\/stainless-steel-coils\/#breadcrumb"},"inLanguage":"fr-FR","potentialAction":[{"@type":"ReadAction","target":["https:\/\/climatemaster.ge\/fr\/produit\/stainless-steel-coils\/"]}]},{"@type":"ImageObject","inLanguage":"fr-FR","@id":"https:\/\/climatemaster.ge\/fr\/produit\/stainless-steel-coils\/#primaryimage","url":"https:\/\/climatemaster.ge\/wp-content\/uploads\/2025\/04\/SS-coils_inox.jpg","contentUrl":"https:\/\/climatemaster.ge\/wp-content\/uploads\/2025\/04\/SS-coils_inox.jpg","width":500,"height":723},{"@type":"BreadcrumbList","@id":"https:\/\/climatemaster.ge\/fr\/produit\/stainless-steel-coils\/#breadcrumb","itemListElement":[{"@type":"ListItem","position":1,"name":"Home","item":"https:\/\/climatemaster.ge\/"},{"@type":"ListItem","position":2,"name":"Products","item":"https:\/\/climatemaster.ge\/products\/"},{"@type":"ListItem","position":3,"name":"Batteries en acier inoxydable Spirales Nichrome-FeCrAl"}]},{"@type":"WebSite","@id":"https:\/\/climatemaster.ge\/#website","url":"https:\/\/climatemaster.ge\/","name":"Climate Master","description":"","publisher":{"@id":"https:\/\/climatemaster.ge\/#organization"},"potentialAction":[{"@type":"SearchAction","target":{"@type":"EntryPoint","urlTemplate":"https:\/\/climatemaster.ge\/?s={search_term_string}"},"query-input":{"@type":"PropertyValueSpecification","valueRequired":true,"valueName":"search_term_string"}}],"inLanguage":"fr-FR"},{"@type":"Organization","@id":"https:\/\/climatemaster.ge\/#organization","name":"Climate Master","url":"https:\/\/climatemaster.ge\/","logo":{"@type":"ImageObject","inLanguage":"fr-FR","@id":"https:\/\/climatemaster.ge\/#\/schema\/logo\/image\/","url":"https:\/\/climatemaster.ge\/wp-content\/uploads\/2026\/03\/Untitled-2.png","contentUrl":"https:\/\/climatemaster.ge\/wp-content\/uploads\/2026\/03\/Untitled-2.png","width":600,"height":338,"caption":"Climate Master"},"image":{"@id":"https:\/\/climatemaster.ge\/#\/schema\/logo\/image\/"}}]}},"_links":{"self":[{"href":"https:\/\/climatemaster.ge\/fr\/wp-json\/wp\/v2\/product\/30383","targetHints":{"allow":["GET"]}}],"collection":[{"href":"https:\/\/climatemaster.ge\/fr\/wp-json\/wp\/v2\/product"}],"about":[{"href":"https:\/\/climatemaster.ge\/fr\/wp-json\/wp\/v2\/types\/product"}],"wp:featuredmedia":[{"embeddable":true,"href":"https:\/\/climatemaster.ge\/fr\/wp-json\/wp\/v2\/media\/30376"}],"wp:attachment":[{"href":"https:\/\/climatemaster.ge\/fr\/wp-json\/wp\/v2\/media?parent=30383"}],"wp:term":[{"taxonomy":"product_brand","embeddable":true,"href":"https:\/\/climatemaster.ge\/fr\/wp-json\/wp\/v2\/product_brand?post=30383"},{"taxonomy":"product_cat","embeddable":true,"href":"https:\/\/climatemaster.ge\/fr\/wp-json\/wp\/v2\/product_cat?post=30383"},{"taxonomy":"product_tag","embeddable":true,"href":"https:\/\/climatemaster.ge\/fr\/wp-json\/wp\/v2\/product_tag?post=30383"}],"curies":[{"name":"wp","href":"https:\/\/api.w.org\/{rel}","templated":true}]}}