{"id":30301,"date":"2025-04-21T21:46:34","date_gmt":"2025-04-21T17:46:34","guid":{"rendered":"https:\/\/airsystems.ge\/shop\/product\/shell-tubes-shell-tube-heat-recovery-heat-exchanger\/"},"modified":"2025-04-21T21:57:28","modified_gmt":"2025-04-21T17:57:28","slug":"shell-tubes-shell-tube-heat-recovery-heat-exchanger","status":"publish","type":"product","link":"https:\/\/climatemaster.ge\/fr\/produit\/shell-tubes-shell-tube-heat-recovery-heat-exchanger\/","title":{"rendered":"\u00c9changeur tubulaire de r\u00e9cup\u00e9ration de chaleur \u00c9CHANGEUR DE CHALEUR"},"content":{"rendered":"<div class=\"elementor-element elementor-element-391e72ec elementor-widget elementor-widget-theme-post-content\" data-id=\"391e72ec\" data-element_type=\"widget\" data-widget_type=\"theme-post-content.default\">\n<div class=\"elementor-widget-container\">\n<p>Caract\u00e9ristiques principales\u00a0:<\/p>\n<p>Compatible avec la plupart des fluides liquides et gazeux utilis\u00e9s dans les applications classiques de r\u00e9cup\u00e9ration de chaleur<br \/>\nSous-gammes d\u00e9di\u00e9es et optimis\u00e9es pour l&rsquo;utilisation du biogaz, de l&rsquo;air comprim\u00e9 et de la vapeur<br \/>\nPossibilit\u00e9 de personnaliser tous les composants du faisceau tubulaire<br \/>\nVari\u00e9t\u00e9 de mat\u00e9riaux disponibles pour l&rsquo;\u00e9changeur tubulaire et les tubes, \u00e0 d\u00e9finir selon les sp\u00e9cifications du client ou pour garantir la compatibilit\u00e9 avec le fluide et les conditions de fonctionnement. Acier inoxydable, titane, acier au carbone, cupronickel, etc.<br \/>\n10 g\u00e9om\u00e9tries disponibles, ainsi qu&rsquo;une vari\u00e9t\u00e9 d&rsquo;\u00e9paisseurs et de formes de paroi de tube pour atteindre le niveau de performance souhait\u00e9, tout en conservant la compacit\u00e9 du faisceau tubulaire et des prix comp\u00e9titifs.<\/p>\n<p>\u00c9changeurs de chaleur tubulaires, pour fluides monophas\u00e9s et \u00e0 changement de phase, sp\u00e9cialement con\u00e7us pour les \u00e9quipements de chauffage, de r\u00e9cup\u00e9ration de chaleur, de climatisation, de process et de r\u00e9frig\u00e9ration.<\/p>\n<\/div>\n<\/div>\n<div class=\"elementor-element elementor-element-427e8a79 e-flex e-con-boxed e-con e-child\" data-id=\"427e8a79\" data-element_type=\"container\">\n<div class=\"e-con-inner\">\n<div class=\"elementor-element elementor-element-6e19ed90 hidebutton mc-bl elementor-align-left elementor-widget elementor-widget-button\" data-id=\"6e19ed90\" data-element_type=\"widget\" data-widget_type=\"button.default\">\n<div class=\"elementor-widget-container\">\n<div class=\"elementor-button-wrapper\"><a class=\"elementor-button elementor-button-link elementor-size-sm\" href=\"https:\/\/www.enextechnologies.com\/wp-content\/uploads\/2024\/08\/ROEN-EST-SHELL-_-TUBE.pdf\" target=\"_blank\" rel=\"noopener\"><span class=\"elementor-button-content-wrapper\"><span class=\"elementor-button-text\">DOWNLOAD<\/span><\/span><\/a><\/div>\n<\/div>\n<\/div>\n<\/div>\n<\/div>\n","protected":false},"excerpt":{"rendered":"<p><strong>\u00c9changeur tubulaire de r\u00e9cup\u00e9ration de chaleur<\/strong><\/p>\n<p>Les \u00e9changeurs tubulaires de r\u00e9cup\u00e9ration de chaleur Roen Est sont utilis\u00e9s pour toutes les applications n\u00e9cessitant la r\u00e9cup\u00e9ration de chaleur d&rsquo;un fluide primaire vers un fluide secondaire. Parmi celles-ci\u00a0: cog\u00e9n\u00e9ration, refroidisseurs de biogaz, s\u00e9cheurs d&rsquo;air, refroidisseurs d&rsquo;huile et condensation de vapeur.<\/p>\n","protected":false},"featured_media":30296,"template":"","meta":[],"product_brand":[],"product_cat":[682,1307],"product_tag":[],"class_list":{"0":"post-30301","1":"product","2":"type-product","3":"status-publish","4":"has-post-thumbnail","6":"product_cat-climatiseurs-fr-industriels","7":"product_cat-echangeur-de-chaleur-fr","9":"first","10":"instock","11":"shipping-taxable","12":"product-type-simple"},"yoast_head":"<!-- This site is optimized with the Yoast SEO plugin v27.1.1 - https:\/\/yoast.com\/product\/yoast-seo-wordpress\/ -->\n<title>\u00c9changeur tubulaire de r\u00e9cup\u00e9ration de chaleur \u00c9CHANGEUR DE CHALEUR - Climate Master<\/title>\n<meta name=\"robots\" content=\"index, follow, max-snippet:-1, max-image-preview:large, max-video-preview:-1\" \/>\n<link rel=\"canonical\" href=\"https:\/\/climatemaster.ge\/fr\/produit\/shell-tubes-shell-tube-heat-recovery-heat-exchanger\/\" \/>\n<meta property=\"og:locale\" content=\"fr_FR\" \/>\n<meta property=\"og:type\" content=\"article\" \/>\n<meta property=\"og:title\" content=\"\u00c9changeur tubulaire de r\u00e9cup\u00e9ration de chaleur \u00c9CHANGEUR DE CHALEUR - Climate Master\" \/>\n<meta property=\"og:description\" content=\"\u00c9changeur tubulaire de r\u00e9cup\u00e9ration de chaleur  Les \u00e9changeurs tubulaires de r\u00e9cup\u00e9ration de chaleur Roen Est sont utilis\u00e9s pour toutes les applications n\u00e9cessitant la r\u00e9cup\u00e9ration de chaleur d&#039;un fluide primaire vers un fluide secondaire. Parmi celles-ci\u00a0: cog\u00e9n\u00e9ration, refroidisseurs de biogaz, s\u00e9cheurs d&#039;air, refroidisseurs d&#039;huile et condensation de vapeur.\" \/>\n<meta property=\"og:url\" content=\"https:\/\/climatemaster.ge\/fr\/produit\/shell-tubes-shell-tube-heat-recovery-heat-exchanger\/\" \/>\n<meta property=\"og:site_name\" content=\"Climate Master\" \/>\n<meta property=\"article:modified_time\" content=\"2025-04-21T17:57:28+00:00\" \/>\n<meta property=\"og:image\" content=\"https:\/\/climatemaster.ge\/wp-content\/uploads\/2025\/04\/shell-tubes-pymp4kelvtk22ditsseiq4rs1wpafeijxd5zoc4bne.png\" \/>\n\t<meta property=\"og:image:width\" content=\"500\" \/>\n\t<meta property=\"og:image:height\" content=\"281\" \/>\n\t<meta property=\"og:image:type\" content=\"image\/png\" \/>\n<meta name=\"twitter:card\" content=\"summary_large_image\" \/>\n<meta name=\"twitter:label1\" content=\"Dur\u00e9e de lecture estim\u00e9e\" \/>\n\t<meta name=\"twitter:data1\" content=\"1 minute\" \/>\n<script type=\"application\/ld+json\" class=\"yoast-schema-graph\">{\"@context\":\"https:\/\/schema.org\",\"@graph\":[{\"@type\":\"WebPage\",\"@id\":\"https:\/\/climatemaster.ge\/fr\/produit\/shell-tubes-shell-tube-heat-recovery-heat-exchanger\/\",\"url\":\"https:\/\/climatemaster.ge\/fr\/produit\/shell-tubes-shell-tube-heat-recovery-heat-exchanger\/\",\"name\":\"\u00c9changeur tubulaire de r\u00e9cup\u00e9ration de chaleur \u00c9CHANGEUR DE CHALEUR - Climate Master\",\"isPartOf\":{\"@id\":\"https:\/\/climatemaster.ge\/#website\"},\"primaryImageOfPage\":{\"@id\":\"https:\/\/climatemaster.ge\/fr\/produit\/shell-tubes-shell-tube-heat-recovery-heat-exchanger\/#primaryimage\"},\"image\":{\"@id\":\"https:\/\/climatemaster.ge\/fr\/produit\/shell-tubes-shell-tube-heat-recovery-heat-exchanger\/#primaryimage\"},\"thumbnailUrl\":\"https:\/\/climatemaster.ge\/wp-content\/uploads\/2025\/04\/shell-tubes-pymp4kelvtk22ditsseiq4rs1wpafeijxd5zoc4bne.png\",\"datePublished\":\"2025-04-21T17:46:34+00:00\",\"dateModified\":\"2025-04-21T17:57:28+00:00\",\"breadcrumb\":{\"@id\":\"https:\/\/climatemaster.ge\/fr\/produit\/shell-tubes-shell-tube-heat-recovery-heat-exchanger\/#breadcrumb\"},\"inLanguage\":\"fr-FR\",\"potentialAction\":[{\"@type\":\"ReadAction\",\"target\":[\"https:\/\/climatemaster.ge\/fr\/produit\/shell-tubes-shell-tube-heat-recovery-heat-exchanger\/\"]}]},{\"@type\":\"ImageObject\",\"inLanguage\":\"fr-FR\",\"@id\":\"https:\/\/climatemaster.ge\/fr\/produit\/shell-tubes-shell-tube-heat-recovery-heat-exchanger\/#primaryimage\",\"url\":\"https:\/\/climatemaster.ge\/wp-content\/uploads\/2025\/04\/shell-tubes-pymp4kelvtk22ditsseiq4rs1wpafeijxd5zoc4bne.png\",\"contentUrl\":\"https:\/\/climatemaster.ge\/wp-content\/uploads\/2025\/04\/shell-tubes-pymp4kelvtk22ditsseiq4rs1wpafeijxd5zoc4bne.png\",\"width\":500,\"height\":281},{\"@type\":\"BreadcrumbList\",\"@id\":\"https:\/\/climatemaster.ge\/fr\/produit\/shell-tubes-shell-tube-heat-recovery-heat-exchanger\/#breadcrumb\",\"itemListElement\":[{\"@type\":\"ListItem\",\"position\":1,\"name\":\"Home\",\"item\":\"https:\/\/climatemaster.ge\/\"},{\"@type\":\"ListItem\",\"position\":2,\"name\":\"Products\",\"item\":\"https:\/\/climatemaster.ge\/products\/\"},{\"@type\":\"ListItem\",\"position\":3,\"name\":\"\u00c9changeur tubulaire de r\u00e9cup\u00e9ration de chaleur \u00c9CHANGEUR DE CHALEUR\"}]},{\"@type\":\"WebSite\",\"@id\":\"https:\/\/climatemaster.ge\/#website\",\"url\":\"https:\/\/climatemaster.ge\/\",\"name\":\"Climate Master\",\"description\":\"\",\"publisher\":{\"@id\":\"https:\/\/climatemaster.ge\/#organization\"},\"potentialAction\":[{\"@type\":\"SearchAction\",\"target\":{\"@type\":\"EntryPoint\",\"urlTemplate\":\"https:\/\/climatemaster.ge\/?s={search_term_string}\"},\"query-input\":{\"@type\":\"PropertyValueSpecification\",\"valueRequired\":true,\"valueName\":\"search_term_string\"}}],\"inLanguage\":\"fr-FR\"},{\"@type\":\"Organization\",\"@id\":\"https:\/\/climatemaster.ge\/#organization\",\"name\":\"Climate Master\",\"url\":\"https:\/\/climatemaster.ge\/\",\"logo\":{\"@type\":\"ImageObject\",\"inLanguage\":\"fr-FR\",\"@id\":\"https:\/\/climatemaster.ge\/#\/schema\/logo\/image\/\",\"url\":\"https:\/\/climatemaster.ge\/wp-content\/uploads\/2026\/03\/Untitled-2.png\",\"contentUrl\":\"https:\/\/climatemaster.ge\/wp-content\/uploads\/2026\/03\/Untitled-2.png\",\"width\":600,\"height\":338,\"caption\":\"Climate Master\"},\"image\":{\"@id\":\"https:\/\/climatemaster.ge\/#\/schema\/logo\/image\/\"}}]}<\/script>\n<!-- \/ Yoast SEO plugin. -->","yoast_head_json":{"title":"\u00c9changeur tubulaire de r\u00e9cup\u00e9ration de chaleur \u00c9CHANGEUR DE CHALEUR - Climate Master","robots":{"index":"index","follow":"follow","max-snippet":"max-snippet:-1","max-image-preview":"max-image-preview:large","max-video-preview":"max-video-preview:-1"},"canonical":"https:\/\/climatemaster.ge\/fr\/produit\/shell-tubes-shell-tube-heat-recovery-heat-exchanger\/","og_locale":"fr_FR","og_type":"article","og_title":"\u00c9changeur tubulaire de r\u00e9cup\u00e9ration de chaleur \u00c9CHANGEUR DE CHALEUR - Climate Master","og_description":"\u00c9changeur tubulaire de r\u00e9cup\u00e9ration de chaleur  Les \u00e9changeurs tubulaires de r\u00e9cup\u00e9ration de chaleur Roen Est sont utilis\u00e9s pour toutes les applications n\u00e9cessitant la r\u00e9cup\u00e9ration de chaleur d'un fluide primaire vers un fluide secondaire. Parmi celles-ci\u00a0: cog\u00e9n\u00e9ration, refroidisseurs de biogaz, s\u00e9cheurs d'air, refroidisseurs d'huile et condensation de vapeur.","og_url":"https:\/\/climatemaster.ge\/fr\/produit\/shell-tubes-shell-tube-heat-recovery-heat-exchanger\/","og_site_name":"Climate Master","article_modified_time":"2025-04-21T17:57:28+00:00","og_image":[{"width":500,"height":281,"url":"https:\/\/climatemaster.ge\/wp-content\/uploads\/2025\/04\/shell-tubes-pymp4kelvtk22ditsseiq4rs1wpafeijxd5zoc4bne.png","type":"image\/png"}],"twitter_card":"summary_large_image","twitter_misc":{"Dur\u00e9e de lecture estim\u00e9e":"1 minute"},"schema":{"@context":"https:\/\/schema.org","@graph":[{"@type":"WebPage","@id":"https:\/\/climatemaster.ge\/fr\/produit\/shell-tubes-shell-tube-heat-recovery-heat-exchanger\/","url":"https:\/\/climatemaster.ge\/fr\/produit\/shell-tubes-shell-tube-heat-recovery-heat-exchanger\/","name":"\u00c9changeur tubulaire de r\u00e9cup\u00e9ration de chaleur \u00c9CHANGEUR DE CHALEUR - Climate Master","isPartOf":{"@id":"https:\/\/climatemaster.ge\/#website"},"primaryImageOfPage":{"@id":"https:\/\/climatemaster.ge\/fr\/produit\/shell-tubes-shell-tube-heat-recovery-heat-exchanger\/#primaryimage"},"image":{"@id":"https:\/\/climatemaster.ge\/fr\/produit\/shell-tubes-shell-tube-heat-recovery-heat-exchanger\/#primaryimage"},"thumbnailUrl":"https:\/\/climatemaster.ge\/wp-content\/uploads\/2025\/04\/shell-tubes-pymp4kelvtk22ditsseiq4rs1wpafeijxd5zoc4bne.png","datePublished":"2025-04-21T17:46:34+00:00","dateModified":"2025-04-21T17:57:28+00:00","breadcrumb":{"@id":"https:\/\/climatemaster.ge\/fr\/produit\/shell-tubes-shell-tube-heat-recovery-heat-exchanger\/#breadcrumb"},"inLanguage":"fr-FR","potentialAction":[{"@type":"ReadAction","target":["https:\/\/climatemaster.ge\/fr\/produit\/shell-tubes-shell-tube-heat-recovery-heat-exchanger\/"]}]},{"@type":"ImageObject","inLanguage":"fr-FR","@id":"https:\/\/climatemaster.ge\/fr\/produit\/shell-tubes-shell-tube-heat-recovery-heat-exchanger\/#primaryimage","url":"https:\/\/climatemaster.ge\/wp-content\/uploads\/2025\/04\/shell-tubes-pymp4kelvtk22ditsseiq4rs1wpafeijxd5zoc4bne.png","contentUrl":"https:\/\/climatemaster.ge\/wp-content\/uploads\/2025\/04\/shell-tubes-pymp4kelvtk22ditsseiq4rs1wpafeijxd5zoc4bne.png","width":500,"height":281},{"@type":"BreadcrumbList","@id":"https:\/\/climatemaster.ge\/fr\/produit\/shell-tubes-shell-tube-heat-recovery-heat-exchanger\/#breadcrumb","itemListElement":[{"@type":"ListItem","position":1,"name":"Home","item":"https:\/\/climatemaster.ge\/"},{"@type":"ListItem","position":2,"name":"Products","item":"https:\/\/climatemaster.ge\/products\/"},{"@type":"ListItem","position":3,"name":"\u00c9changeur tubulaire de r\u00e9cup\u00e9ration de chaleur \u00c9CHANGEUR DE CHALEUR"}]},{"@type":"WebSite","@id":"https:\/\/climatemaster.ge\/#website","url":"https:\/\/climatemaster.ge\/","name":"Climate Master","description":"","publisher":{"@id":"https:\/\/climatemaster.ge\/#organization"},"potentialAction":[{"@type":"SearchAction","target":{"@type":"EntryPoint","urlTemplate":"https:\/\/climatemaster.ge\/?s={search_term_string}"},"query-input":{"@type":"PropertyValueSpecification","valueRequired":true,"valueName":"search_term_string"}}],"inLanguage":"fr-FR"},{"@type":"Organization","@id":"https:\/\/climatemaster.ge\/#organization","name":"Climate Master","url":"https:\/\/climatemaster.ge\/","logo":{"@type":"ImageObject","inLanguage":"fr-FR","@id":"https:\/\/climatemaster.ge\/#\/schema\/logo\/image\/","url":"https:\/\/climatemaster.ge\/wp-content\/uploads\/2026\/03\/Untitled-2.png","contentUrl":"https:\/\/climatemaster.ge\/wp-content\/uploads\/2026\/03\/Untitled-2.png","width":600,"height":338,"caption":"Climate Master"},"image":{"@id":"https:\/\/climatemaster.ge\/#\/schema\/logo\/image\/"}}]}},"_links":{"self":[{"href":"https:\/\/climatemaster.ge\/fr\/wp-json\/wp\/v2\/product\/30301","targetHints":{"allow":["GET"]}}],"collection":[{"href":"https:\/\/climatemaster.ge\/fr\/wp-json\/wp\/v2\/product"}],"about":[{"href":"https:\/\/climatemaster.ge\/fr\/wp-json\/wp\/v2\/types\/product"}],"wp:featuredmedia":[{"embeddable":true,"href":"https:\/\/climatemaster.ge\/fr\/wp-json\/wp\/v2\/media\/30296"}],"wp:attachment":[{"href":"https:\/\/climatemaster.ge\/fr\/wp-json\/wp\/v2\/media?parent=30301"}],"wp:term":[{"taxonomy":"product_brand","embeddable":true,"href":"https:\/\/climatemaster.ge\/fr\/wp-json\/wp\/v2\/product_brand?post=30301"},{"taxonomy":"product_cat","embeddable":true,"href":"https:\/\/climatemaster.ge\/fr\/wp-json\/wp\/v2\/product_cat?post=30301"},{"taxonomy":"product_tag","embeddable":true,"href":"https:\/\/climatemaster.ge\/fr\/wp-json\/wp\/v2\/product_tag?post=30301"}],"curies":[{"name":"wp","href":"https:\/\/api.w.org\/{rel}","templated":true}]}}