{"id":30203,"date":"2025-04-21T13:05:03","date_gmt":"2025-04-21T09:05:03","guid":{"rendered":"https:\/\/airsystems.ge\/shop\/product\/sr_dpv-split-system-air-conditioner-for-telecommunications-wall-mounting-without-free-cooling-20c-45c\/"},"modified":"2025-04-21T13:08:54","modified_gmt":"2025-04-21T09:08:54","slug":"sr_dpv-split-system-air-conditioner-for-telecommunications-wall-mounting-without-free-cooling-20c-45c","status":"publish","type":"product","link":"https:\/\/climatemaster.ge\/fr\/produit\/sr_dpv-split-system-air-conditioner-for-telecommunications-wall-mounting-without-free-cooling-20c-45c\/","title":{"rendered":"SR_DPV Climatiseurs split pour t\u00e9l\u00e9communications Montage mural &#8211; sans free cooling -20\u00b0C +45\u00b0C"},"content":{"rendered":"<div class=\"elementor-element elementor-element-391e72ec elementor-widget elementor-widget-theme-post-content\" data-id=\"391e72ec\" data-element_type=\"widget\" data-widget_type=\"theme-post-content.default\">\n<div class=\"elementor-widget-container\">\n<div class=\"elementor-element elementor-element-d7d8c59 elementor-widget elementor-widget-text-editor\" data-id=\"d7d8c59\" data-element_type=\"widget\" data-widget_type=\"text-editor.default\">\n<div class=\"elementor-widget-container\">\n<p><strong>Caract\u00e9ristiques techniques\u00a0:<\/strong><\/p>\n<p>Unit\u00e9 externe avec ch\u00e2ssis principal en acier peint<br \/>\nUnit\u00e9 interne avec ch\u00e2ssis principal et panneaux en aluminium<br \/>\nHaute r\u00e9sistance \u00e0 la corrosion<br \/>\nBatterie de condensation \u00e0 microcanaux en aluminium<br \/>\nRed\u00e9marrage automatique en cas de coupure de courant<br \/>\nVentilateurs de la section d&rsquo;\u00e9vaporation EC<br \/>\nVitesse variable des ventilateurs de la section de condensation en fonction de la pression de condensation<br \/>\nVanne thermostatique \u00e9lectronique<br \/>\nSection de traitement d&rsquo;air 48\u00a0VCC<\/p>\n<p><strong>Accessoires\u00a0:<\/strong><\/p>\n<p>Kit de fixation murale\/sol UE(1) (avec amortisseurs de vibrations)<br \/>\nR\u00e9sistance chauffante<br \/>\nCarte d&rsquo;interface RS232\/485<br \/>\nCarte d&rsquo;interface Ethernet<br \/>\nCarte d&rsquo;interface SNMP et Web<br \/>\nContr\u00f4le de l&rsquo;humidit\u00e9 (limite de d\u00e9shumidification\u00a0: 40\u00a0% HR \u00e0 30\u00a0\u00b0C)<\/p>\n<\/div>\n<\/div>\n<div class=\"elementor-element elementor-element-7881734 e-flex e-con-boxed e-con e-parent e-lazyloaded\" data-id=\"7881734\" data-element_type=\"container\">\n<div class=\"e-con-inner\">\n<div class=\"elementor-element elementor-element-b97be24 animated-slow elementor-widget elementor-widget-button animated fadeInUp\" data-id=\"b97be24\" data-element_type=\"widget\" data-settings=\"{&quot;_animation&quot;:&quot;fadeInUp&quot;,&quot;_animation_delay&quot;:200}\" data-widget_type=\"button.default\">\n<div class=\"elementor-widget-container\">\n<div class=\"elementor-button-wrapper\"><\/div>\n<\/div>\n<\/div>\n<\/div>\n<\/div>\n<\/div>\n<\/div>\n<div class=\"elementor-element elementor-element-427e8a79 e-flex e-con-boxed e-con e-child\" data-id=\"427e8a79\" data-element_type=\"container\">\n<div class=\"e-con-inner\">\n<div class=\"elementor-element elementor-element-6e19ed90 hidebutton mc-bl elementor-align-left elementor-widget elementor-widget-button\" data-id=\"6e19ed90\" data-element_type=\"widget\" data-widget_type=\"button.default\">\n<div class=\"elementor-widget-container\">\n<div class=\"elementor-button-wrapper\"><a class=\"elementor-button elementor-button-link elementor-size-sm\" href=\"https:\/\/www.enextechnologies.com\/wp-content\/uploads\/2024\/08\/B_AE__SR_DPV-ENG-A4-Rev.4-1-1.pdf\" target=\"_blank\" rel=\"noopener\"><span class=\"elementor-button-content-wrapper\"><span class=\"elementor-button-text\">BROCHURE AE_SR_DPV<\/span><\/span><\/a><\/div>\n<\/div>\n<\/div>\n<div class=\"elementor-element elementor-element-13f5f820 hidebutton mc-bl elementor-align-left elementor-widget elementor-widget-button\" data-id=\"13f5f820\" data-element_type=\"widget\" data-widget_type=\"button.default\">\n<div class=\"elementor-widget-container\">\n<div class=\"elementor-button-wrapper\"><a class=\"elementor-button elementor-button-link elementor-size-sm\" href=\"https:\/\/www.enextechnologies.com\/wp-content\/uploads\/2024\/08\/B_AE__SR_DPV_inverter-ENG-1-1-1.pdf\" target=\"_blank\" rel=\"noopener\"><span class=\"elementor-button-content-wrapper\"><span class=\"elementor-button-text\">BROCHURE AE_SR_DPV INVERTER<\/span><\/span><\/a><\/div>\n<\/div>\n<\/div>\n<\/div>\n<\/div>\n","protected":false},"excerpt":{"rendered":"<div class=\"elementor-element elementor-element-70da8153 elementor-widget elementor-widget-theme-page-title elementor-page-title elementor-widget-heading\" data-id=\"70da8153\" data-element_type=\"widget\" data-widget_type=\"theme-page-title.default\">\n<div class=\"elementor-widget-container\">\n<p>De 6,3 kW \u00e0 17,2 kW<\/p>\n<p>Climatiseurs split \u00e0 condensation par air, adapt\u00e9s aux installations en int\u00e9rieur, en abri pour station radio et en centre de traitement de donn\u00e9es.<\/p>\n<p>L&rsquo;unit\u00e9 int\u00e9rieure est fix\u00e9e au mur.<\/p>\n<p>Les climatiseurs sont \u00e9quip\u00e9s d&rsquo;un r\u00e9gulateur interne et de sondes de temp\u00e9rature et de pression, permettant d&rsquo;obtenir un syst\u00e8me de refroidissement ind\u00e9pendant ou coordonn\u00e9, assurant une redondance compl\u00e8te de toutes les fonctions de contr\u00f4le et de climatisation.<\/p>\n<p>Les climatiseurs sont \u00e9quip\u00e9s d&rsquo;un panneau de commande \u00e0 distance pour la gestion des commandes et des contr\u00f4les, avec sectionneurs et protection \u00e9lectrique interne contre les surintensit\u00e9s.<\/p>\n<\/div>\n<\/div>\n","protected":false},"featured_media":30198,"template":"","meta":[],"product_brand":[],"product_cat":[682,1275,1286],"product_tag":[],"class_list":{"0":"post-30203","1":"product","2":"type-product","3":"status-publish","4":"has-post-thumbnail","6":"product_cat-climatiseurs-fr-industriels","7":"product_cat-climatiseurs-split-pour-telecommunications","8":"product_cat-climatiseurs-split-pour-telecommunications-sans-free-cooling","10":"first","11":"instock","12":"shipping-taxable","13":"product-type-simple"},"yoast_head":"<!-- This site is optimized with the Yoast SEO plugin v27.1.1 - https:\/\/yoast.com\/product\/yoast-seo-wordpress\/ -->\n<title>SR_DPV Climatiseurs split pour t\u00e9l\u00e9communications Montage mural - sans free cooling -20\u00b0C +45\u00b0C - Climate Master<\/title>\n<meta name=\"robots\" content=\"index, follow, max-snippet:-1, max-image-preview:large, max-video-preview:-1\" \/>\n<link rel=\"canonical\" href=\"https:\/\/climatemaster.ge\/fr\/produit\/sr_dpv-split-system-air-conditioner-for-telecommunications-wall-mounting-without-free-cooling-20c-45c\/\" \/>\n<meta property=\"og:locale\" content=\"fr_FR\" \/>\n<meta property=\"og:type\" content=\"article\" \/>\n<meta property=\"og:title\" content=\"SR_DPV Climatiseurs split pour t\u00e9l\u00e9communications Montage mural - sans free cooling -20\u00b0C +45\u00b0C - Climate Master\" \/>\n<meta property=\"og:description\" content=\"De 6,3 kW \u00e0 17,2 kW  Climatiseurs split \u00e0 condensation par air, adapt\u00e9s aux installations en int\u00e9rieur, en abri pour station radio et en centre de traitement de donn\u00e9es.  L&#039;unit\u00e9 int\u00e9rieure est fix\u00e9e au mur.  Les climatiseurs sont \u00e9quip\u00e9s d&#039;un r\u00e9gulateur interne et de sondes de temp\u00e9rature et de pression, permettant d&#039;obtenir un syst\u00e8me de refroidissement ind\u00e9pendant ou coordonn\u00e9, assurant une redondance compl\u00e8te de toutes les fonctions de contr\u00f4le et de climatisation.  Les climatiseurs sont \u00e9quip\u00e9s d&#039;un panneau de commande \u00e0 distance pour la gestion des commandes et des contr\u00f4les, avec sectionneurs et protection \u00e9lectrique interne contre les surintensit\u00e9s.\" \/>\n<meta property=\"og:url\" content=\"https:\/\/climatemaster.ge\/fr\/produit\/sr_dpv-split-system-air-conditioner-for-telecommunications-wall-mounting-without-free-cooling-20c-45c\/\" \/>\n<meta property=\"og:site_name\" content=\"Climate Master\" \/>\n<meta property=\"article:modified_time\" content=\"2025-04-21T09:08:54+00:00\" \/>\n<meta property=\"og:image\" content=\"https:\/\/climatemaster.ge\/wp-content\/uploads\/2025\/04\/split-unita-esterna-10-kw_2.982-1.png\" \/>\n\t<meta property=\"og:image:width\" content=\"2560\" \/>\n\t<meta property=\"og:image:height\" content=\"1920\" \/>\n\t<meta property=\"og:image:type\" content=\"image\/png\" \/>\n<meta name=\"twitter:card\" content=\"summary_large_image\" \/>\n<meta name=\"twitter:label1\" content=\"Dur\u00e9e de lecture estim\u00e9e\" \/>\n\t<meta name=\"twitter:data1\" content=\"1 minute\" \/>\n<script type=\"application\/ld+json\" class=\"yoast-schema-graph\">{\"@context\":\"https:\/\/schema.org\",\"@graph\":[{\"@type\":\"WebPage\",\"@id\":\"https:\/\/climatemaster.ge\/fr\/produit\/sr_dpv-split-system-air-conditioner-for-telecommunications-wall-mounting-without-free-cooling-20c-45c\/\",\"url\":\"https:\/\/climatemaster.ge\/fr\/produit\/sr_dpv-split-system-air-conditioner-for-telecommunications-wall-mounting-without-free-cooling-20c-45c\/\",\"name\":\"SR_DPV Climatiseurs split pour t\u00e9l\u00e9communications Montage mural - sans free cooling -20\u00b0C +45\u00b0C - Climate Master\",\"isPartOf\":{\"@id\":\"https:\/\/climatemaster.ge\/#website\"},\"primaryImageOfPage\":{\"@id\":\"https:\/\/climatemaster.ge\/fr\/produit\/sr_dpv-split-system-air-conditioner-for-telecommunications-wall-mounting-without-free-cooling-20c-45c\/#primaryimage\"},\"image\":{\"@id\":\"https:\/\/climatemaster.ge\/fr\/produit\/sr_dpv-split-system-air-conditioner-for-telecommunications-wall-mounting-without-free-cooling-20c-45c\/#primaryimage\"},\"thumbnailUrl\":\"https:\/\/climatemaster.ge\/wp-content\/uploads\/2025\/04\/split-unita-esterna-10-kw_2.982-1.png\",\"datePublished\":\"2025-04-21T09:05:03+00:00\",\"dateModified\":\"2025-04-21T09:08:54+00:00\",\"breadcrumb\":{\"@id\":\"https:\/\/climatemaster.ge\/fr\/produit\/sr_dpv-split-system-air-conditioner-for-telecommunications-wall-mounting-without-free-cooling-20c-45c\/#breadcrumb\"},\"inLanguage\":\"fr-FR\",\"potentialAction\":[{\"@type\":\"ReadAction\",\"target\":[\"https:\/\/climatemaster.ge\/fr\/produit\/sr_dpv-split-system-air-conditioner-for-telecommunications-wall-mounting-without-free-cooling-20c-45c\/\"]}]},{\"@type\":\"ImageObject\",\"inLanguage\":\"fr-FR\",\"@id\":\"https:\/\/climatemaster.ge\/fr\/produit\/sr_dpv-split-system-air-conditioner-for-telecommunications-wall-mounting-without-free-cooling-20c-45c\/#primaryimage\",\"url\":\"https:\/\/climatemaster.ge\/wp-content\/uploads\/2025\/04\/split-unita-esterna-10-kw_2.982-1.png\",\"contentUrl\":\"https:\/\/climatemaster.ge\/wp-content\/uploads\/2025\/04\/split-unita-esterna-10-kw_2.982-1.png\",\"width\":2560,\"height\":1920},{\"@type\":\"BreadcrumbList\",\"@id\":\"https:\/\/climatemaster.ge\/fr\/produit\/sr_dpv-split-system-air-conditioner-for-telecommunications-wall-mounting-without-free-cooling-20c-45c\/#breadcrumb\",\"itemListElement\":[{\"@type\":\"ListItem\",\"position\":1,\"name\":\"Home\",\"item\":\"https:\/\/climatemaster.ge\/\"},{\"@type\":\"ListItem\",\"position\":2,\"name\":\"Products\",\"item\":\"https:\/\/climatemaster.ge\/products\/\"},{\"@type\":\"ListItem\",\"position\":3,\"name\":\"SR_DPV Climatiseurs split pour t\u00e9l\u00e9communications Montage mural &#8211; sans free cooling -20\u00b0C +45\u00b0C\"}]},{\"@type\":\"WebSite\",\"@id\":\"https:\/\/climatemaster.ge\/#website\",\"url\":\"https:\/\/climatemaster.ge\/\",\"name\":\"Climate Master\",\"description\":\"\",\"publisher\":{\"@id\":\"https:\/\/climatemaster.ge\/#organization\"},\"potentialAction\":[{\"@type\":\"SearchAction\",\"target\":{\"@type\":\"EntryPoint\",\"urlTemplate\":\"https:\/\/climatemaster.ge\/?s={search_term_string}\"},\"query-input\":{\"@type\":\"PropertyValueSpecification\",\"valueRequired\":true,\"valueName\":\"search_term_string\"}}],\"inLanguage\":\"fr-FR\"},{\"@type\":\"Organization\",\"@id\":\"https:\/\/climatemaster.ge\/#organization\",\"name\":\"Climate Master\",\"url\":\"https:\/\/climatemaster.ge\/\",\"logo\":{\"@type\":\"ImageObject\",\"inLanguage\":\"fr-FR\",\"@id\":\"https:\/\/climatemaster.ge\/#\/schema\/logo\/image\/\",\"url\":\"https:\/\/climatemaster.ge\/wp-content\/uploads\/2026\/03\/Untitled-2.png\",\"contentUrl\":\"https:\/\/climatemaster.ge\/wp-content\/uploads\/2026\/03\/Untitled-2.png\",\"width\":600,\"height\":338,\"caption\":\"Climate Master\"},\"image\":{\"@id\":\"https:\/\/climatemaster.ge\/#\/schema\/logo\/image\/\"}}]}<\/script>\n<!-- \/ Yoast SEO plugin. -->","yoast_head_json":{"title":"SR_DPV Climatiseurs split pour t\u00e9l\u00e9communications Montage mural - sans free cooling -20\u00b0C +45\u00b0C - Climate Master","robots":{"index":"index","follow":"follow","max-snippet":"max-snippet:-1","max-image-preview":"max-image-preview:large","max-video-preview":"max-video-preview:-1"},"canonical":"https:\/\/climatemaster.ge\/fr\/produit\/sr_dpv-split-system-air-conditioner-for-telecommunications-wall-mounting-without-free-cooling-20c-45c\/","og_locale":"fr_FR","og_type":"article","og_title":"SR_DPV Climatiseurs split pour t\u00e9l\u00e9communications Montage mural - sans free cooling -20\u00b0C +45\u00b0C - Climate Master","og_description":"De 6,3 kW \u00e0 17,2 kW  Climatiseurs split \u00e0 condensation par air, adapt\u00e9s aux installations en int\u00e9rieur, en abri pour station radio et en centre de traitement de donn\u00e9es.  L'unit\u00e9 int\u00e9rieure est fix\u00e9e au mur.  Les climatiseurs sont \u00e9quip\u00e9s d'un r\u00e9gulateur interne et de sondes de temp\u00e9rature et de pression, permettant d'obtenir un syst\u00e8me de refroidissement ind\u00e9pendant ou coordonn\u00e9, assurant une redondance compl\u00e8te de toutes les fonctions de contr\u00f4le et de climatisation.  Les climatiseurs sont \u00e9quip\u00e9s d'un panneau de commande \u00e0 distance pour la gestion des commandes et des contr\u00f4les, avec sectionneurs et protection \u00e9lectrique interne contre les surintensit\u00e9s.","og_url":"https:\/\/climatemaster.ge\/fr\/produit\/sr_dpv-split-system-air-conditioner-for-telecommunications-wall-mounting-without-free-cooling-20c-45c\/","og_site_name":"Climate Master","article_modified_time":"2025-04-21T09:08:54+00:00","og_image":[{"width":2560,"height":1920,"url":"https:\/\/climatemaster.ge\/wp-content\/uploads\/2025\/04\/split-unita-esterna-10-kw_2.982-1.png","type":"image\/png"}],"twitter_card":"summary_large_image","twitter_misc":{"Dur\u00e9e de lecture estim\u00e9e":"1 minute"},"schema":{"@context":"https:\/\/schema.org","@graph":[{"@type":"WebPage","@id":"https:\/\/climatemaster.ge\/fr\/produit\/sr_dpv-split-system-air-conditioner-for-telecommunications-wall-mounting-without-free-cooling-20c-45c\/","url":"https:\/\/climatemaster.ge\/fr\/produit\/sr_dpv-split-system-air-conditioner-for-telecommunications-wall-mounting-without-free-cooling-20c-45c\/","name":"SR_DPV Climatiseurs split pour t\u00e9l\u00e9communications Montage mural - sans free cooling -20\u00b0C +45\u00b0C - Climate Master","isPartOf":{"@id":"https:\/\/climatemaster.ge\/#website"},"primaryImageOfPage":{"@id":"https:\/\/climatemaster.ge\/fr\/produit\/sr_dpv-split-system-air-conditioner-for-telecommunications-wall-mounting-without-free-cooling-20c-45c\/#primaryimage"},"image":{"@id":"https:\/\/climatemaster.ge\/fr\/produit\/sr_dpv-split-system-air-conditioner-for-telecommunications-wall-mounting-without-free-cooling-20c-45c\/#primaryimage"},"thumbnailUrl":"https:\/\/climatemaster.ge\/wp-content\/uploads\/2025\/04\/split-unita-esterna-10-kw_2.982-1.png","datePublished":"2025-04-21T09:05:03+00:00","dateModified":"2025-04-21T09:08:54+00:00","breadcrumb":{"@id":"https:\/\/climatemaster.ge\/fr\/produit\/sr_dpv-split-system-air-conditioner-for-telecommunications-wall-mounting-without-free-cooling-20c-45c\/#breadcrumb"},"inLanguage":"fr-FR","potentialAction":[{"@type":"ReadAction","target":["https:\/\/climatemaster.ge\/fr\/produit\/sr_dpv-split-system-air-conditioner-for-telecommunications-wall-mounting-without-free-cooling-20c-45c\/"]}]},{"@type":"ImageObject","inLanguage":"fr-FR","@id":"https:\/\/climatemaster.ge\/fr\/produit\/sr_dpv-split-system-air-conditioner-for-telecommunications-wall-mounting-without-free-cooling-20c-45c\/#primaryimage","url":"https:\/\/climatemaster.ge\/wp-content\/uploads\/2025\/04\/split-unita-esterna-10-kw_2.982-1.png","contentUrl":"https:\/\/climatemaster.ge\/wp-content\/uploads\/2025\/04\/split-unita-esterna-10-kw_2.982-1.png","width":2560,"height":1920},{"@type":"BreadcrumbList","@id":"https:\/\/climatemaster.ge\/fr\/produit\/sr_dpv-split-system-air-conditioner-for-telecommunications-wall-mounting-without-free-cooling-20c-45c\/#breadcrumb","itemListElement":[{"@type":"ListItem","position":1,"name":"Home","item":"https:\/\/climatemaster.ge\/"},{"@type":"ListItem","position":2,"name":"Products","item":"https:\/\/climatemaster.ge\/products\/"},{"@type":"ListItem","position":3,"name":"SR_DPV Climatiseurs split pour t\u00e9l\u00e9communications Montage mural &#8211; sans free cooling -20\u00b0C +45\u00b0C"}]},{"@type":"WebSite","@id":"https:\/\/climatemaster.ge\/#website","url":"https:\/\/climatemaster.ge\/","name":"Climate Master","description":"","publisher":{"@id":"https:\/\/climatemaster.ge\/#organization"},"potentialAction":[{"@type":"SearchAction","target":{"@type":"EntryPoint","urlTemplate":"https:\/\/climatemaster.ge\/?s={search_term_string}"},"query-input":{"@type":"PropertyValueSpecification","valueRequired":true,"valueName":"search_term_string"}}],"inLanguage":"fr-FR"},{"@type":"Organization","@id":"https:\/\/climatemaster.ge\/#organization","name":"Climate Master","url":"https:\/\/climatemaster.ge\/","logo":{"@type":"ImageObject","inLanguage":"fr-FR","@id":"https:\/\/climatemaster.ge\/#\/schema\/logo\/image\/","url":"https:\/\/climatemaster.ge\/wp-content\/uploads\/2026\/03\/Untitled-2.png","contentUrl":"https:\/\/climatemaster.ge\/wp-content\/uploads\/2026\/03\/Untitled-2.png","width":600,"height":338,"caption":"Climate Master"},"image":{"@id":"https:\/\/climatemaster.ge\/#\/schema\/logo\/image\/"}}]}},"_links":{"self":[{"href":"https:\/\/climatemaster.ge\/fr\/wp-json\/wp\/v2\/product\/30203","targetHints":{"allow":["GET"]}}],"collection":[{"href":"https:\/\/climatemaster.ge\/fr\/wp-json\/wp\/v2\/product"}],"about":[{"href":"https:\/\/climatemaster.ge\/fr\/wp-json\/wp\/v2\/types\/product"}],"wp:featuredmedia":[{"embeddable":true,"href":"https:\/\/climatemaster.ge\/fr\/wp-json\/wp\/v2\/media\/30198"}],"wp:attachment":[{"href":"https:\/\/climatemaster.ge\/fr\/wp-json\/wp\/v2\/media?parent=30203"}],"wp:term":[{"taxonomy":"product_brand","embeddable":true,"href":"https:\/\/climatemaster.ge\/fr\/wp-json\/wp\/v2\/product_brand?post=30203"},{"taxonomy":"product_cat","embeddable":true,"href":"https:\/\/climatemaster.ge\/fr\/wp-json\/wp\/v2\/product_cat?post=30203"},{"taxonomy":"product_tag","embeddable":true,"href":"https:\/\/climatemaster.ge\/fr\/wp-json\/wp\/v2\/product_tag?post=30203"}],"curies":[{"name":"wp","href":"https:\/\/api.w.org\/{rel}","templated":true}]}}