{"id":30099,"date":"2025-04-20T22:13:17","date_gmt":"2025-04-20T18:13:17","guid":{"rendered":"https:\/\/airsystems.ge\/shop\/product\/wu-water-cooled-close-control-unit\/"},"modified":"2025-04-20T22:15:59","modified_gmt":"2025-04-20T18:15:59","slug":"wu-water-cooled-close-control-unit","status":"publish","type":"product","link":"https:\/\/climatemaster.ge\/fr\/produit\/wu-water-cooled-close-control-unit\/","title":{"rendered":"WU Unit\u00e9 de r\u00e9gulation \u00e0 condensation par eau"},"content":{"rendered":"","protected":false},"excerpt":{"rendered":"<p>Puissance frigorifique de 6,3 kW \u00e0 157,5 kW<\/p>\n<p>Les unit\u00e9s de r\u00e9gulation sont con\u00e7ues et fabriqu\u00e9es pour les installations technologiques de climatisation, les centres de donn\u00e9es et toutes les applications technologiques n\u00e9cessitant des conditions sp\u00e9cifiques et un contr\u00f4le rigoureux.<\/p>\n<p>Unit\u00e9s \u00e9quip\u00e9es de ventilateurs EC INVERTER, \u00e0 flux ascendant ou descendant. Ces unit\u00e9s sont \u00e9quip\u00e9es d&rsquo;une vanne modulante \u00e0 2 voies et d&rsquo;un servomoteur. L&rsquo;unit\u00e9 doit \u00eatre raccord\u00e9e \u00e0 un refroidisseur externe.<\/p>\n<p>Les \u00e9quipements Emibyte sont enti\u00e8rement con\u00e7us et test\u00e9s dans les laboratoires de validation d&rsquo;Emicon.<\/p>\n","protected":false},"featured_media":30094,"template":"","meta":[],"product_brand":[],"product_cat":[1258,1263,682],"product_tag":[],"class_list":{"0":"post-30099","1":"product","2":"type-product","3":"status-publish","4":"has-post-thumbnail","6":"product_cat-climatisation-de-precision-crac-crah","7":"product_cat-climatisation-de-precision-crah-fr","8":"product_cat-climatiseurs-fr-industriels","10":"first","11":"instock","12":"shipping-taxable","13":"product-type-simple"},"yoast_head":"<!-- This site is optimized with the Yoast SEO plugin v27.1.1 - https:\/\/yoast.com\/product\/yoast-seo-wordpress\/ -->\n<title>WU Unit\u00e9 de r\u00e9gulation \u00e0 condensation par eau - Climate Master<\/title>\n<meta name=\"robots\" content=\"index, follow, max-snippet:-1, max-image-preview:large, max-video-preview:-1\" \/>\n<link rel=\"canonical\" href=\"https:\/\/climatemaster.ge\/fr\/produit\/wu-water-cooled-close-control-unit\/\" \/>\n<meta property=\"og:locale\" content=\"fr_FR\" \/>\n<meta property=\"og:type\" content=\"article\" \/>\n<meta property=\"og:title\" content=\"WU Unit\u00e9 de r\u00e9gulation \u00e0 condensation par eau - Climate Master\" \/>\n<meta property=\"og:description\" content=\"Puissance frigorifique de 6,3 kW \u00e0 157,5 kW  Les unit\u00e9s de r\u00e9gulation sont con\u00e7ues et fabriqu\u00e9es pour les installations technologiques de climatisation, les centres de donn\u00e9es et toutes les applications technologiques n\u00e9cessitant des conditions sp\u00e9cifiques et un contr\u00f4le rigoureux.  Unit\u00e9s \u00e9quip\u00e9es de ventilateurs EC INVERTER, \u00e0 flux ascendant ou descendant. Ces unit\u00e9s sont \u00e9quip\u00e9es d&#039;une vanne modulante \u00e0 2 voies et d&#039;un servomoteur. L&#039;unit\u00e9 doit \u00eatre raccord\u00e9e \u00e0 un refroidisseur externe.  Les \u00e9quipements Emibyte sont enti\u00e8rement con\u00e7us et test\u00e9s dans les laboratoires de validation d&#039;Emicon.\" \/>\n<meta property=\"og:url\" content=\"https:\/\/climatemaster.ge\/fr\/produit\/wu-water-cooled-close-control-unit\/\" \/>\n<meta property=\"og:site_name\" content=\"Climate Master\" \/>\n<meta property=\"article:modified_time\" content=\"2025-04-20T18:15:59+00:00\" \/>\n<meta property=\"og:image\" content=\"https:\/\/climatemaster.ge\/wp-content\/uploads\/2025\/04\/WU-qj0yhcq7l4uco1x7q539vxm0lh2mhc5esknsro1x7c.png\" \/>\n\t<meta property=\"og:image:width\" content=\"700\" \/>\n\t<meta property=\"og:image:height\" content=\"700\" \/>\n\t<meta property=\"og:image:type\" content=\"image\/png\" \/>\n<meta name=\"twitter:card\" content=\"summary_large_image\" \/>\n<script type=\"application\/ld+json\" class=\"yoast-schema-graph\">{\"@context\":\"https:\/\/schema.org\",\"@graph\":[{\"@type\":\"WebPage\",\"@id\":\"https:\/\/climatemaster.ge\/fr\/produit\/wu-water-cooled-close-control-unit\/\",\"url\":\"https:\/\/climatemaster.ge\/fr\/produit\/wu-water-cooled-close-control-unit\/\",\"name\":\"WU Unit\u00e9 de r\u00e9gulation \u00e0 condensation par eau - Climate Master\",\"isPartOf\":{\"@id\":\"https:\/\/climatemaster.ge\/#website\"},\"primaryImageOfPage\":{\"@id\":\"https:\/\/climatemaster.ge\/fr\/produit\/wu-water-cooled-close-control-unit\/#primaryimage\"},\"image\":{\"@id\":\"https:\/\/climatemaster.ge\/fr\/produit\/wu-water-cooled-close-control-unit\/#primaryimage\"},\"thumbnailUrl\":\"https:\/\/climatemaster.ge\/wp-content\/uploads\/2025\/04\/WU-qj0yhcq7l4uco1x7q539vxm0lh2mhc5esknsro1x7c.png\",\"datePublished\":\"2025-04-20T18:13:17+00:00\",\"dateModified\":\"2025-04-20T18:15:59+00:00\",\"breadcrumb\":{\"@id\":\"https:\/\/climatemaster.ge\/fr\/produit\/wu-water-cooled-close-control-unit\/#breadcrumb\"},\"inLanguage\":\"fr-FR\",\"potentialAction\":[{\"@type\":\"ReadAction\",\"target\":[\"https:\/\/climatemaster.ge\/fr\/produit\/wu-water-cooled-close-control-unit\/\"]}]},{\"@type\":\"ImageObject\",\"inLanguage\":\"fr-FR\",\"@id\":\"https:\/\/climatemaster.ge\/fr\/produit\/wu-water-cooled-close-control-unit\/#primaryimage\",\"url\":\"https:\/\/climatemaster.ge\/wp-content\/uploads\/2025\/04\/WU-qj0yhcq7l4uco1x7q539vxm0lh2mhc5esknsro1x7c.png\",\"contentUrl\":\"https:\/\/climatemaster.ge\/wp-content\/uploads\/2025\/04\/WU-qj0yhcq7l4uco1x7q539vxm0lh2mhc5esknsro1x7c.png\",\"width\":700,\"height\":700},{\"@type\":\"BreadcrumbList\",\"@id\":\"https:\/\/climatemaster.ge\/fr\/produit\/wu-water-cooled-close-control-unit\/#breadcrumb\",\"itemListElement\":[{\"@type\":\"ListItem\",\"position\":1,\"name\":\"Home\",\"item\":\"https:\/\/climatemaster.ge\/\"},{\"@type\":\"ListItem\",\"position\":2,\"name\":\"Products\",\"item\":\"https:\/\/climatemaster.ge\/products\/\"},{\"@type\":\"ListItem\",\"position\":3,\"name\":\"WU Unit\u00e9 de r\u00e9gulation \u00e0 condensation par eau\"}]},{\"@type\":\"WebSite\",\"@id\":\"https:\/\/climatemaster.ge\/#website\",\"url\":\"https:\/\/climatemaster.ge\/\",\"name\":\"Climate Master\",\"description\":\"\",\"publisher\":{\"@id\":\"https:\/\/climatemaster.ge\/#organization\"},\"potentialAction\":[{\"@type\":\"SearchAction\",\"target\":{\"@type\":\"EntryPoint\",\"urlTemplate\":\"https:\/\/climatemaster.ge\/?s={search_term_string}\"},\"query-input\":{\"@type\":\"PropertyValueSpecification\",\"valueRequired\":true,\"valueName\":\"search_term_string\"}}],\"inLanguage\":\"fr-FR\"},{\"@type\":\"Organization\",\"@id\":\"https:\/\/climatemaster.ge\/#organization\",\"name\":\"Climate Master\",\"url\":\"https:\/\/climatemaster.ge\/\",\"logo\":{\"@type\":\"ImageObject\",\"inLanguage\":\"fr-FR\",\"@id\":\"https:\/\/climatemaster.ge\/#\/schema\/logo\/image\/\",\"url\":\"https:\/\/climatemaster.ge\/wp-content\/uploads\/2026\/03\/Untitled-2.png\",\"contentUrl\":\"https:\/\/climatemaster.ge\/wp-content\/uploads\/2026\/03\/Untitled-2.png\",\"width\":600,\"height\":338,\"caption\":\"Climate Master\"},\"image\":{\"@id\":\"https:\/\/climatemaster.ge\/#\/schema\/logo\/image\/\"}}]}<\/script>\n<!-- \/ Yoast SEO plugin. -->","yoast_head_json":{"title":"WU Unit\u00e9 de r\u00e9gulation \u00e0 condensation par eau - Climate Master","robots":{"index":"index","follow":"follow","max-snippet":"max-snippet:-1","max-image-preview":"max-image-preview:large","max-video-preview":"max-video-preview:-1"},"canonical":"https:\/\/climatemaster.ge\/fr\/produit\/wu-water-cooled-close-control-unit\/","og_locale":"fr_FR","og_type":"article","og_title":"WU Unit\u00e9 de r\u00e9gulation \u00e0 condensation par eau - Climate Master","og_description":"Puissance frigorifique de 6,3 kW \u00e0 157,5 kW  Les unit\u00e9s de r\u00e9gulation sont con\u00e7ues et fabriqu\u00e9es pour les installations technologiques de climatisation, les centres de donn\u00e9es et toutes les applications technologiques n\u00e9cessitant des conditions sp\u00e9cifiques et un contr\u00f4le rigoureux.  Unit\u00e9s \u00e9quip\u00e9es de ventilateurs EC INVERTER, \u00e0 flux ascendant ou descendant. Ces unit\u00e9s sont \u00e9quip\u00e9es d'une vanne modulante \u00e0 2 voies et d'un servomoteur. L'unit\u00e9 doit \u00eatre raccord\u00e9e \u00e0 un refroidisseur externe.  Les \u00e9quipements Emibyte sont enti\u00e8rement con\u00e7us et test\u00e9s dans les laboratoires de validation d'Emicon.","og_url":"https:\/\/climatemaster.ge\/fr\/produit\/wu-water-cooled-close-control-unit\/","og_site_name":"Climate Master","article_modified_time":"2025-04-20T18:15:59+00:00","og_image":[{"width":700,"height":700,"url":"https:\/\/climatemaster.ge\/wp-content\/uploads\/2025\/04\/WU-qj0yhcq7l4uco1x7q539vxm0lh2mhc5esknsro1x7c.png","type":"image\/png"}],"twitter_card":"summary_large_image","schema":{"@context":"https:\/\/schema.org","@graph":[{"@type":"WebPage","@id":"https:\/\/climatemaster.ge\/fr\/produit\/wu-water-cooled-close-control-unit\/","url":"https:\/\/climatemaster.ge\/fr\/produit\/wu-water-cooled-close-control-unit\/","name":"WU Unit\u00e9 de r\u00e9gulation \u00e0 condensation par eau - Climate Master","isPartOf":{"@id":"https:\/\/climatemaster.ge\/#website"},"primaryImageOfPage":{"@id":"https:\/\/climatemaster.ge\/fr\/produit\/wu-water-cooled-close-control-unit\/#primaryimage"},"image":{"@id":"https:\/\/climatemaster.ge\/fr\/produit\/wu-water-cooled-close-control-unit\/#primaryimage"},"thumbnailUrl":"https:\/\/climatemaster.ge\/wp-content\/uploads\/2025\/04\/WU-qj0yhcq7l4uco1x7q539vxm0lh2mhc5esknsro1x7c.png","datePublished":"2025-04-20T18:13:17+00:00","dateModified":"2025-04-20T18:15:59+00:00","breadcrumb":{"@id":"https:\/\/climatemaster.ge\/fr\/produit\/wu-water-cooled-close-control-unit\/#breadcrumb"},"inLanguage":"fr-FR","potentialAction":[{"@type":"ReadAction","target":["https:\/\/climatemaster.ge\/fr\/produit\/wu-water-cooled-close-control-unit\/"]}]},{"@type":"ImageObject","inLanguage":"fr-FR","@id":"https:\/\/climatemaster.ge\/fr\/produit\/wu-water-cooled-close-control-unit\/#primaryimage","url":"https:\/\/climatemaster.ge\/wp-content\/uploads\/2025\/04\/WU-qj0yhcq7l4uco1x7q539vxm0lh2mhc5esknsro1x7c.png","contentUrl":"https:\/\/climatemaster.ge\/wp-content\/uploads\/2025\/04\/WU-qj0yhcq7l4uco1x7q539vxm0lh2mhc5esknsro1x7c.png","width":700,"height":700},{"@type":"BreadcrumbList","@id":"https:\/\/climatemaster.ge\/fr\/produit\/wu-water-cooled-close-control-unit\/#breadcrumb","itemListElement":[{"@type":"ListItem","position":1,"name":"Home","item":"https:\/\/climatemaster.ge\/"},{"@type":"ListItem","position":2,"name":"Products","item":"https:\/\/climatemaster.ge\/products\/"},{"@type":"ListItem","position":3,"name":"WU Unit\u00e9 de r\u00e9gulation \u00e0 condensation par eau"}]},{"@type":"WebSite","@id":"https:\/\/climatemaster.ge\/#website","url":"https:\/\/climatemaster.ge\/","name":"Climate Master","description":"","publisher":{"@id":"https:\/\/climatemaster.ge\/#organization"},"potentialAction":[{"@type":"SearchAction","target":{"@type":"EntryPoint","urlTemplate":"https:\/\/climatemaster.ge\/?s={search_term_string}"},"query-input":{"@type":"PropertyValueSpecification","valueRequired":true,"valueName":"search_term_string"}}],"inLanguage":"fr-FR"},{"@type":"Organization","@id":"https:\/\/climatemaster.ge\/#organization","name":"Climate Master","url":"https:\/\/climatemaster.ge\/","logo":{"@type":"ImageObject","inLanguage":"fr-FR","@id":"https:\/\/climatemaster.ge\/#\/schema\/logo\/image\/","url":"https:\/\/climatemaster.ge\/wp-content\/uploads\/2026\/03\/Untitled-2.png","contentUrl":"https:\/\/climatemaster.ge\/wp-content\/uploads\/2026\/03\/Untitled-2.png","width":600,"height":338,"caption":"Climate Master"},"image":{"@id":"https:\/\/climatemaster.ge\/#\/schema\/logo\/image\/"}}]}},"_links":{"self":[{"href":"https:\/\/climatemaster.ge\/fr\/wp-json\/wp\/v2\/product\/30099","targetHints":{"allow":["GET"]}}],"collection":[{"href":"https:\/\/climatemaster.ge\/fr\/wp-json\/wp\/v2\/product"}],"about":[{"href":"https:\/\/climatemaster.ge\/fr\/wp-json\/wp\/v2\/types\/product"}],"wp:featuredmedia":[{"embeddable":true,"href":"https:\/\/climatemaster.ge\/fr\/wp-json\/wp\/v2\/media\/30094"}],"wp:attachment":[{"href":"https:\/\/climatemaster.ge\/fr\/wp-json\/wp\/v2\/media?parent=30099"}],"wp:term":[{"taxonomy":"product_brand","embeddable":true,"href":"https:\/\/climatemaster.ge\/fr\/wp-json\/wp\/v2\/product_brand?post=30099"},{"taxonomy":"product_cat","embeddable":true,"href":"https:\/\/climatemaster.ge\/fr\/wp-json\/wp\/v2\/product_cat?post=30099"},{"taxonomy":"product_tag","embeddable":true,"href":"https:\/\/climatemaster.ge\/fr\/wp-json\/wp\/v2\/product_tag?post=30099"}],"curies":[{"name":"wp","href":"https:\/\/api.w.org\/{rel}","templated":true}]}}