{"id":30086,"date":"2025-04-20T21:41:27","date_gmt":"2025-04-20T17:41:27","guid":{"rendered":"https:\/\/airsystems.ge\/shop\/product\/irdxi-direct-expansion-close-control-unit-air-condensed-for-high-density-racks-30-60-cm\/"},"modified":"2025-04-20T22:08:26","modified_gmt":"2025-04-20T18:08:26","slug":"irdxi-direct-expansion-close-control-unit-air-condensed-for-high-density-racks-30-60-cm","status":"publish","type":"product","link":"https:\/\/climatemaster.ge\/fr\/produit\/irdxi-direct-expansion-close-control-unit-air-condensed-for-high-density-racks-30-60-cm\/","title":{"rendered":"IRDXi Unit\u00e9 de contr\u00f4le rapproch\u00e9 \u00e0 d\u00e9tente directe et \u00e0 condensation par air pour racks haute densit\u00e9 (30 \u00e0 60 cm)"},"content":{"rendered":"","protected":false},"excerpt":{"rendered":"<div class=\"elementor-element elementor-element-70da8153 elementor-widget elementor-widget-theme-page-title elementor-page-title elementor-widget-heading\" data-id=\"70da8153\" data-element_type=\"widget\" data-widget_type=\"theme-page-title.default\">\n<div class=\"elementor-widget-container\">\n<p>Puissance de refroidissement de 12,9 kW \u00e0 52,7 kW<\/p>\n<p>Le climatiseur vertical int\u00e9rieur RACK COOLER est un syst\u00e8me de gestion efficace des points chauds du datacenter, garantissant une faible consommation d&rsquo;\u00e9nergie et des possibilit\u00e9s d&rsquo;utilisation optimales, m\u00eame sous des charges extr\u00eamement \u00e9lev\u00e9es, pour les racks HAUTE DENSIT\u00c9 jusqu&rsquo;\u00e0 40 kW\/m\u00b2.<\/p>\n<p>Dans la version \u00e0 d\u00e9tente directe refroidie par air, l&rsquo;unit\u00e9 int\u00e9rieure est \u00e9quip\u00e9e d&rsquo;un compresseur scroll herm\u00e9tique \u00e0 inverseur optimis\u00e9 pour le r\u00e9frig\u00e9rant R410A, de ventilateurs EC avec moteurs brushless \u00e0 commutation \u00e9lectronique de derni\u00e8re g\u00e9n\u00e9ration, \u00e0 associer \u00e0 des condenseurs externes en version standard ou silencieuse.<\/p>\n<\/div>\n<\/div>\n","protected":false},"featured_media":30081,"template":"","meta":[],"product_brand":[],"product_cat":[1269,1258,682],"product_tag":[],"class_list":{"0":"post-30086","1":"product","2":"type-product","3":"status-publish","4":"has-post-thumbnail","6":"product_cat-climatisation-de-precision-crac-fr","7":"product_cat-climatisation-de-precision-crac-crah","8":"product_cat-climatiseurs-fr-industriels","10":"first","11":"instock","12":"shipping-taxable","13":"product-type-simple"},"yoast_head":"<!-- This site is optimized with the Yoast SEO plugin v27.1.1 - https:\/\/yoast.com\/product\/yoast-seo-wordpress\/ -->\n<title>IRDXi Unit\u00e9 de contr\u00f4le rapproch\u00e9 \u00e0 d\u00e9tente directe et \u00e0 condensation par air pour racks haute densit\u00e9 (30 \u00e0 60 cm) - Climate Master<\/title>\n<meta name=\"robots\" content=\"index, follow, max-snippet:-1, max-image-preview:large, max-video-preview:-1\" \/>\n<link rel=\"canonical\" href=\"https:\/\/climatemaster.ge\/fr\/produit\/irdxi-direct-expansion-close-control-unit-air-condensed-for-high-density-racks-30-60-cm\/\" \/>\n<meta property=\"og:locale\" content=\"fr_FR\" \/>\n<meta property=\"og:type\" content=\"article\" \/>\n<meta property=\"og:title\" content=\"IRDXi Unit\u00e9 de contr\u00f4le rapproch\u00e9 \u00e0 d\u00e9tente directe et \u00e0 condensation par air pour racks haute densit\u00e9 (30 \u00e0 60 cm) - Climate Master\" \/>\n<meta property=\"og:description\" content=\"Puissance de refroidissement de 12,9 kW \u00e0 52,7 kW  Le climatiseur vertical int\u00e9rieur RACK COOLER est un syst\u00e8me de gestion efficace des points chauds du datacenter, garantissant une faible consommation d&#039;\u00e9nergie et des possibilit\u00e9s d&#039;utilisation optimales, m\u00eame sous des charges extr\u00eamement \u00e9lev\u00e9es, pour les racks HAUTE DENSIT\u00c9 jusqu&#039;\u00e0 40 kW\/m\u00b2.  Dans la version \u00e0 d\u00e9tente directe refroidie par air, l&#039;unit\u00e9 int\u00e9rieure est \u00e9quip\u00e9e d&#039;un compresseur scroll herm\u00e9tique \u00e0 inverseur optimis\u00e9 pour le r\u00e9frig\u00e9rant R410A, de ventilateurs EC avec moteurs brushless \u00e0 commutation \u00e9lectronique de derni\u00e8re g\u00e9n\u00e9ration, \u00e0 associer \u00e0 des condenseurs externes en version standard ou silencieuse.\" \/>\n<meta property=\"og:url\" content=\"https:\/\/climatemaster.ge\/fr\/produit\/irdxi-direct-expansion-close-control-unit-air-condensed-for-high-density-racks-30-60-cm\/\" \/>\n<meta property=\"og:site_name\" content=\"Climate Master\" \/>\n<meta property=\"article:modified_time\" content=\"2025-04-20T18:08:26+00:00\" \/>\n<meta property=\"og:image\" content=\"https:\/\/climatemaster.ge\/wp-content\/uploads\/2025\/04\/IRDXI-qj0y8i2opbf2iify7gszjlsdcbim836xr0boeh75ds.png\" \/>\n\t<meta property=\"og:image:width\" content=\"700\" \/>\n\t<meta property=\"og:image:height\" content=\"700\" \/>\n\t<meta property=\"og:image:type\" content=\"image\/png\" \/>\n<meta name=\"twitter:card\" content=\"summary_large_image\" \/>\n<script type=\"application\/ld+json\" class=\"yoast-schema-graph\">{\"@context\":\"https:\/\/schema.org\",\"@graph\":[{\"@type\":\"WebPage\",\"@id\":\"https:\/\/climatemaster.ge\/fr\/produit\/irdxi-direct-expansion-close-control-unit-air-condensed-for-high-density-racks-30-60-cm\/\",\"url\":\"https:\/\/climatemaster.ge\/fr\/produit\/irdxi-direct-expansion-close-control-unit-air-condensed-for-high-density-racks-30-60-cm\/\",\"name\":\"IRDXi Unit\u00e9 de contr\u00f4le rapproch\u00e9 \u00e0 d\u00e9tente directe et \u00e0 condensation par air pour racks haute densit\u00e9 (30 \u00e0 60 cm) - Climate Master\",\"isPartOf\":{\"@id\":\"https:\/\/climatemaster.ge\/#website\"},\"primaryImageOfPage\":{\"@id\":\"https:\/\/climatemaster.ge\/fr\/produit\/irdxi-direct-expansion-close-control-unit-air-condensed-for-high-density-racks-30-60-cm\/#primaryimage\"},\"image\":{\"@id\":\"https:\/\/climatemaster.ge\/fr\/produit\/irdxi-direct-expansion-close-control-unit-air-condensed-for-high-density-racks-30-60-cm\/#primaryimage\"},\"thumbnailUrl\":\"https:\/\/climatemaster.ge\/wp-content\/uploads\/2025\/04\/IRDXI-qj0y8i2opbf2iify7gszjlsdcbim836xr0boeh75ds.png\",\"datePublished\":\"2025-04-20T17:41:27+00:00\",\"dateModified\":\"2025-04-20T18:08:26+00:00\",\"breadcrumb\":{\"@id\":\"https:\/\/climatemaster.ge\/fr\/produit\/irdxi-direct-expansion-close-control-unit-air-condensed-for-high-density-racks-30-60-cm\/#breadcrumb\"},\"inLanguage\":\"fr-FR\",\"potentialAction\":[{\"@type\":\"ReadAction\",\"target\":[\"https:\/\/climatemaster.ge\/fr\/produit\/irdxi-direct-expansion-close-control-unit-air-condensed-for-high-density-racks-30-60-cm\/\"]}]},{\"@type\":\"ImageObject\",\"inLanguage\":\"fr-FR\",\"@id\":\"https:\/\/climatemaster.ge\/fr\/produit\/irdxi-direct-expansion-close-control-unit-air-condensed-for-high-density-racks-30-60-cm\/#primaryimage\",\"url\":\"https:\/\/climatemaster.ge\/wp-content\/uploads\/2025\/04\/IRDXI-qj0y8i2opbf2iify7gszjlsdcbim836xr0boeh75ds.png\",\"contentUrl\":\"https:\/\/climatemaster.ge\/wp-content\/uploads\/2025\/04\/IRDXI-qj0y8i2opbf2iify7gszjlsdcbim836xr0boeh75ds.png\",\"width\":700,\"height\":700},{\"@type\":\"BreadcrumbList\",\"@id\":\"https:\/\/climatemaster.ge\/fr\/produit\/irdxi-direct-expansion-close-control-unit-air-condensed-for-high-density-racks-30-60-cm\/#breadcrumb\",\"itemListElement\":[{\"@type\":\"ListItem\",\"position\":1,\"name\":\"Home\",\"item\":\"https:\/\/climatemaster.ge\/\"},{\"@type\":\"ListItem\",\"position\":2,\"name\":\"Products\",\"item\":\"https:\/\/climatemaster.ge\/products\/\"},{\"@type\":\"ListItem\",\"position\":3,\"name\":\"IRDXi Unit\u00e9 de contr\u00f4le rapproch\u00e9 \u00e0 d\u00e9tente directe et \u00e0 condensation par air pour racks haute densit\u00e9 (30 \u00e0 60 cm)\"}]},{\"@type\":\"WebSite\",\"@id\":\"https:\/\/climatemaster.ge\/#website\",\"url\":\"https:\/\/climatemaster.ge\/\",\"name\":\"Climate Master\",\"description\":\"\",\"publisher\":{\"@id\":\"https:\/\/climatemaster.ge\/#organization\"},\"potentialAction\":[{\"@type\":\"SearchAction\",\"target\":{\"@type\":\"EntryPoint\",\"urlTemplate\":\"https:\/\/climatemaster.ge\/?s={search_term_string}\"},\"query-input\":{\"@type\":\"PropertyValueSpecification\",\"valueRequired\":true,\"valueName\":\"search_term_string\"}}],\"inLanguage\":\"fr-FR\"},{\"@type\":\"Organization\",\"@id\":\"https:\/\/climatemaster.ge\/#organization\",\"name\":\"Climate Master\",\"url\":\"https:\/\/climatemaster.ge\/\",\"logo\":{\"@type\":\"ImageObject\",\"inLanguage\":\"fr-FR\",\"@id\":\"https:\/\/climatemaster.ge\/#\/schema\/logo\/image\/\",\"url\":\"https:\/\/climatemaster.ge\/wp-content\/uploads\/2026\/03\/Untitled-2.png\",\"contentUrl\":\"https:\/\/climatemaster.ge\/wp-content\/uploads\/2026\/03\/Untitled-2.png\",\"width\":600,\"height\":338,\"caption\":\"Climate Master\"},\"image\":{\"@id\":\"https:\/\/climatemaster.ge\/#\/schema\/logo\/image\/\"}}]}<\/script>\n<!-- \/ Yoast SEO plugin. -->","yoast_head_json":{"title":"IRDXi Unit\u00e9 de contr\u00f4le rapproch\u00e9 \u00e0 d\u00e9tente directe et \u00e0 condensation par air pour racks haute densit\u00e9 (30 \u00e0 60 cm) - Climate Master","robots":{"index":"index","follow":"follow","max-snippet":"max-snippet:-1","max-image-preview":"max-image-preview:large","max-video-preview":"max-video-preview:-1"},"canonical":"https:\/\/climatemaster.ge\/fr\/produit\/irdxi-direct-expansion-close-control-unit-air-condensed-for-high-density-racks-30-60-cm\/","og_locale":"fr_FR","og_type":"article","og_title":"IRDXi Unit\u00e9 de contr\u00f4le rapproch\u00e9 \u00e0 d\u00e9tente directe et \u00e0 condensation par air pour racks haute densit\u00e9 (30 \u00e0 60 cm) - Climate Master","og_description":"Puissance de refroidissement de 12,9 kW \u00e0 52,7 kW  Le climatiseur vertical int\u00e9rieur RACK COOLER est un syst\u00e8me de gestion efficace des points chauds du datacenter, garantissant une faible consommation d'\u00e9nergie et des possibilit\u00e9s d'utilisation optimales, m\u00eame sous des charges extr\u00eamement \u00e9lev\u00e9es, pour les racks HAUTE DENSIT\u00c9 jusqu'\u00e0 40 kW\/m\u00b2.  Dans la version \u00e0 d\u00e9tente directe refroidie par air, l'unit\u00e9 int\u00e9rieure est \u00e9quip\u00e9e d'un compresseur scroll herm\u00e9tique \u00e0 inverseur optimis\u00e9 pour le r\u00e9frig\u00e9rant R410A, de ventilateurs EC avec moteurs brushless \u00e0 commutation \u00e9lectronique de derni\u00e8re g\u00e9n\u00e9ration, \u00e0 associer \u00e0 des condenseurs externes en version standard ou silencieuse.","og_url":"https:\/\/climatemaster.ge\/fr\/produit\/irdxi-direct-expansion-close-control-unit-air-condensed-for-high-density-racks-30-60-cm\/","og_site_name":"Climate Master","article_modified_time":"2025-04-20T18:08:26+00:00","og_image":[{"width":700,"height":700,"url":"https:\/\/climatemaster.ge\/wp-content\/uploads\/2025\/04\/IRDXI-qj0y8i2opbf2iify7gszjlsdcbim836xr0boeh75ds.png","type":"image\/png"}],"twitter_card":"summary_large_image","schema":{"@context":"https:\/\/schema.org","@graph":[{"@type":"WebPage","@id":"https:\/\/climatemaster.ge\/fr\/produit\/irdxi-direct-expansion-close-control-unit-air-condensed-for-high-density-racks-30-60-cm\/","url":"https:\/\/climatemaster.ge\/fr\/produit\/irdxi-direct-expansion-close-control-unit-air-condensed-for-high-density-racks-30-60-cm\/","name":"IRDXi Unit\u00e9 de contr\u00f4le rapproch\u00e9 \u00e0 d\u00e9tente directe et \u00e0 condensation par air pour racks haute densit\u00e9 (30 \u00e0 60 cm) - Climate Master","isPartOf":{"@id":"https:\/\/climatemaster.ge\/#website"},"primaryImageOfPage":{"@id":"https:\/\/climatemaster.ge\/fr\/produit\/irdxi-direct-expansion-close-control-unit-air-condensed-for-high-density-racks-30-60-cm\/#primaryimage"},"image":{"@id":"https:\/\/climatemaster.ge\/fr\/produit\/irdxi-direct-expansion-close-control-unit-air-condensed-for-high-density-racks-30-60-cm\/#primaryimage"},"thumbnailUrl":"https:\/\/climatemaster.ge\/wp-content\/uploads\/2025\/04\/IRDXI-qj0y8i2opbf2iify7gszjlsdcbim836xr0boeh75ds.png","datePublished":"2025-04-20T17:41:27+00:00","dateModified":"2025-04-20T18:08:26+00:00","breadcrumb":{"@id":"https:\/\/climatemaster.ge\/fr\/produit\/irdxi-direct-expansion-close-control-unit-air-condensed-for-high-density-racks-30-60-cm\/#breadcrumb"},"inLanguage":"fr-FR","potentialAction":[{"@type":"ReadAction","target":["https:\/\/climatemaster.ge\/fr\/produit\/irdxi-direct-expansion-close-control-unit-air-condensed-for-high-density-racks-30-60-cm\/"]}]},{"@type":"ImageObject","inLanguage":"fr-FR","@id":"https:\/\/climatemaster.ge\/fr\/produit\/irdxi-direct-expansion-close-control-unit-air-condensed-for-high-density-racks-30-60-cm\/#primaryimage","url":"https:\/\/climatemaster.ge\/wp-content\/uploads\/2025\/04\/IRDXI-qj0y8i2opbf2iify7gszjlsdcbim836xr0boeh75ds.png","contentUrl":"https:\/\/climatemaster.ge\/wp-content\/uploads\/2025\/04\/IRDXI-qj0y8i2opbf2iify7gszjlsdcbim836xr0boeh75ds.png","width":700,"height":700},{"@type":"BreadcrumbList","@id":"https:\/\/climatemaster.ge\/fr\/produit\/irdxi-direct-expansion-close-control-unit-air-condensed-for-high-density-racks-30-60-cm\/#breadcrumb","itemListElement":[{"@type":"ListItem","position":1,"name":"Home","item":"https:\/\/climatemaster.ge\/"},{"@type":"ListItem","position":2,"name":"Products","item":"https:\/\/climatemaster.ge\/products\/"},{"@type":"ListItem","position":3,"name":"IRDXi Unit\u00e9 de contr\u00f4le rapproch\u00e9 \u00e0 d\u00e9tente directe et \u00e0 condensation par air pour racks haute densit\u00e9 (30 \u00e0 60 cm)"}]},{"@type":"WebSite","@id":"https:\/\/climatemaster.ge\/#website","url":"https:\/\/climatemaster.ge\/","name":"Climate Master","description":"","publisher":{"@id":"https:\/\/climatemaster.ge\/#organization"},"potentialAction":[{"@type":"SearchAction","target":{"@type":"EntryPoint","urlTemplate":"https:\/\/climatemaster.ge\/?s={search_term_string}"},"query-input":{"@type":"PropertyValueSpecification","valueRequired":true,"valueName":"search_term_string"}}],"inLanguage":"fr-FR"},{"@type":"Organization","@id":"https:\/\/climatemaster.ge\/#organization","name":"Climate Master","url":"https:\/\/climatemaster.ge\/","logo":{"@type":"ImageObject","inLanguage":"fr-FR","@id":"https:\/\/climatemaster.ge\/#\/schema\/logo\/image\/","url":"https:\/\/climatemaster.ge\/wp-content\/uploads\/2026\/03\/Untitled-2.png","contentUrl":"https:\/\/climatemaster.ge\/wp-content\/uploads\/2026\/03\/Untitled-2.png","width":600,"height":338,"caption":"Climate Master"},"image":{"@id":"https:\/\/climatemaster.ge\/#\/schema\/logo\/image\/"}}]}},"_links":{"self":[{"href":"https:\/\/climatemaster.ge\/fr\/wp-json\/wp\/v2\/product\/30086","targetHints":{"allow":["GET"]}}],"collection":[{"href":"https:\/\/climatemaster.ge\/fr\/wp-json\/wp\/v2\/product"}],"about":[{"href":"https:\/\/climatemaster.ge\/fr\/wp-json\/wp\/v2\/types\/product"}],"wp:featuredmedia":[{"embeddable":true,"href":"https:\/\/climatemaster.ge\/fr\/wp-json\/wp\/v2\/media\/30081"}],"wp:attachment":[{"href":"https:\/\/climatemaster.ge\/fr\/wp-json\/wp\/v2\/media?parent=30086"}],"wp:term":[{"taxonomy":"product_brand","embeddable":true,"href":"https:\/\/climatemaster.ge\/fr\/wp-json\/wp\/v2\/product_brand?post=30086"},{"taxonomy":"product_cat","embeddable":true,"href":"https:\/\/climatemaster.ge\/fr\/wp-json\/wp\/v2\/product_cat?post=30086"},{"taxonomy":"product_tag","embeddable":true,"href":"https:\/\/climatemaster.ge\/fr\/wp-json\/wp\/v2\/product_tag?post=30086"}],"curies":[{"name":"wp","href":"https:\/\/api.w.org\/{rel}","templated":true}]}}