{"id":30044,"date":"2025-04-20T21:03:10","date_gmt":"2025-04-20T17:03:10","guid":{"rendered":"https:\/\/airsystems.ge\/shop\/product\/dxi-hf-direct-expansion-close-control-unit-water-cooled-with-additional-freecooling-coil-and-inverter-compressor\/"},"modified":"2025-04-20T21:08:16","modified_gmt":"2025-04-20T17:08:16","slug":"dxi-hf-direct-expansion-close-control-unit-water-cooled-with-additional-freecooling-coil-and-inverter-compressor","status":"publish","type":"product","link":"https:\/\/climatemaster.ge\/fr\/produit\/dxi-hf-direct-expansion-close-control-unit-water-cooled-with-additional-freecooling-coil-and-inverter-compressor\/","title":{"rendered":"DXi.HF Unit\u00e9 de r\u00e9gulation \u00e0 d\u00e9tente directe, refroidie par eau, avec batterie freecooling suppl\u00e9mentaire et compresseur Inverter"},"content":{"rendered":"","protected":false},"excerpt":{"rendered":"<p>Climatiseurs de r\u00e9gulation pour installations verticales et refroidissement seul, avec chauffage par r\u00e9sistance en option, humidificateur et d\u00e9shumidificateur en option pour un contr\u00f4le pr\u00e9cis de la temp\u00e9rature et de l&rsquo;humidit\u00e9. Particuli\u00e8rement adapt\u00e9s \u00e0 la climatisation de pr\u00e9cision des serveurs, des salles informatiques et de toutes les applications technologiques en g\u00e9n\u00e9ral.<br \/>\nL&rsquo;unit\u00e9 FREECOOLING \u00e0 d\u00e9tente directe avec compresseur INVERTER est refroidie par eau et doit \u00eatre raccord\u00e9e \u00e0 un a\u00e9ror\u00e9frig\u00e9rant d\u00e9port\u00e9. Le compresseur INVERTER permet de moduler la puissance frigorifique en fonction de la charge thermique effective. Cette solution est adapt\u00e9e aux applications \u00e0 charges partielles \u00e9lev\u00e9es et optimise la puissance absorb\u00e9e en r\u00e9duisant le courant d&rsquo;appel. L&rsquo;unit\u00e9 est \u00e9galement \u00e9quip\u00e9e d&rsquo;un d\u00e9tendeur \u00e9lectronique, de ventilateurs EC INVERTER, d&rsquo;un condenseur et d&rsquo;une batterie freecooling suppl\u00e9mentaire.<\/p>\n","protected":false},"featured_media":30039,"template":"","meta":[],"product_brand":[],"product_cat":[1258,1263,682],"product_tag":[],"class_list":{"0":"post-30044","1":"product","2":"type-product","3":"status-publish","4":"has-post-thumbnail","6":"product_cat-climatisation-de-precision-crac-crah","7":"product_cat-climatisation-de-precision-crah-fr","8":"product_cat-climatiseurs-fr-industriels","10":"first","11":"instock","12":"shipping-taxable","13":"product-type-simple"},"yoast_head":"<!-- This site is optimized with the Yoast SEO plugin v27.1.1 - https:\/\/yoast.com\/product\/yoast-seo-wordpress\/ -->\n<title>DXi.HF Unit\u00e9 de r\u00e9gulation \u00e0 d\u00e9tente directe, refroidie par eau, avec batterie freecooling suppl\u00e9mentaire et compresseur Inverter - Climate Master<\/title>\n<meta name=\"robots\" content=\"index, follow, max-snippet:-1, max-image-preview:large, max-video-preview:-1\" \/>\n<link rel=\"canonical\" href=\"https:\/\/climatemaster.ge\/fr\/produit\/dxi-hf-direct-expansion-close-control-unit-water-cooled-with-additional-freecooling-coil-and-inverter-compressor\/\" \/>\n<meta property=\"og:locale\" content=\"fr_FR\" \/>\n<meta property=\"og:type\" content=\"article\" \/>\n<meta property=\"og:title\" content=\"DXi.HF Unit\u00e9 de r\u00e9gulation \u00e0 d\u00e9tente directe, refroidie par eau, avec batterie freecooling suppl\u00e9mentaire et compresseur Inverter - Climate Master\" \/>\n<meta property=\"og:description\" content=\"Climatiseurs de r\u00e9gulation pour installations verticales et refroidissement seul, avec chauffage par r\u00e9sistance en option, humidificateur et d\u00e9shumidificateur en option pour un contr\u00f4le pr\u00e9cis de la temp\u00e9rature et de l&#039;humidit\u00e9. Particuli\u00e8rement adapt\u00e9s \u00e0 la climatisation de pr\u00e9cision des serveurs, des salles informatiques et de toutes les applications technologiques en g\u00e9n\u00e9ral. L&#039;unit\u00e9 FREECOOLING \u00e0 d\u00e9tente directe avec compresseur INVERTER est refroidie par eau et doit \u00eatre raccord\u00e9e \u00e0 un a\u00e9ror\u00e9frig\u00e9rant d\u00e9port\u00e9. Le compresseur INVERTER permet de moduler la puissance frigorifique en fonction de la charge thermique effective. Cette solution est adapt\u00e9e aux applications \u00e0 charges partielles \u00e9lev\u00e9es et optimise la puissance absorb\u00e9e en r\u00e9duisant le courant d&#039;appel. L&#039;unit\u00e9 est \u00e9galement \u00e9quip\u00e9e d&#039;un d\u00e9tendeur \u00e9lectronique, de ventilateurs EC INVERTER, d&#039;un condenseur et d&#039;une batterie freecooling suppl\u00e9mentaire.\" \/>\n<meta property=\"og:url\" content=\"https:\/\/climatemaster.ge\/fr\/produit\/dxi-hf-direct-expansion-close-control-unit-water-cooled-with-additional-freecooling-coil-and-inverter-compressor\/\" \/>\n<meta property=\"og:site_name\" content=\"Climate Master\" \/>\n<meta property=\"article:modified_time\" content=\"2025-04-20T17:08:16+00:00\" \/>\n<meta property=\"og:image\" content=\"https:\/\/climatemaster.ge\/wp-content\/uploads\/2025\/04\/DXA-qh4ucv134jnc80daakorl9l7qlykalm6l6bnv22dq8-1.png\" \/>\n\t<meta property=\"og:image:width\" content=\"345\" \/>\n\t<meta property=\"og:image:height\" content=\"540\" \/>\n\t<meta property=\"og:image:type\" content=\"image\/png\" \/>\n<meta name=\"twitter:card\" content=\"summary_large_image\" \/>\n<script type=\"application\/ld+json\" class=\"yoast-schema-graph\">{\"@context\":\"https:\/\/schema.org\",\"@graph\":[{\"@type\":\"WebPage\",\"@id\":\"https:\/\/climatemaster.ge\/fr\/produit\/dxi-hf-direct-expansion-close-control-unit-water-cooled-with-additional-freecooling-coil-and-inverter-compressor\/\",\"url\":\"https:\/\/climatemaster.ge\/fr\/produit\/dxi-hf-direct-expansion-close-control-unit-water-cooled-with-additional-freecooling-coil-and-inverter-compressor\/\",\"name\":\"DXi.HF Unit\u00e9 de r\u00e9gulation \u00e0 d\u00e9tente directe, refroidie par eau, avec batterie freecooling suppl\u00e9mentaire et compresseur Inverter - Climate Master\",\"isPartOf\":{\"@id\":\"https:\/\/climatemaster.ge\/#website\"},\"primaryImageOfPage\":{\"@id\":\"https:\/\/climatemaster.ge\/fr\/produit\/dxi-hf-direct-expansion-close-control-unit-water-cooled-with-additional-freecooling-coil-and-inverter-compressor\/#primaryimage\"},\"image\":{\"@id\":\"https:\/\/climatemaster.ge\/fr\/produit\/dxi-hf-direct-expansion-close-control-unit-water-cooled-with-additional-freecooling-coil-and-inverter-compressor\/#primaryimage\"},\"thumbnailUrl\":\"https:\/\/climatemaster.ge\/wp-content\/uploads\/2025\/04\/DXA-qh4ucv134jnc80daakorl9l7qlykalm6l6bnv22dq8-1.png\",\"datePublished\":\"2025-04-20T17:03:10+00:00\",\"dateModified\":\"2025-04-20T17:08:16+00:00\",\"breadcrumb\":{\"@id\":\"https:\/\/climatemaster.ge\/fr\/produit\/dxi-hf-direct-expansion-close-control-unit-water-cooled-with-additional-freecooling-coil-and-inverter-compressor\/#breadcrumb\"},\"inLanguage\":\"fr-FR\",\"potentialAction\":[{\"@type\":\"ReadAction\",\"target\":[\"https:\/\/climatemaster.ge\/fr\/produit\/dxi-hf-direct-expansion-close-control-unit-water-cooled-with-additional-freecooling-coil-and-inverter-compressor\/\"]}]},{\"@type\":\"ImageObject\",\"inLanguage\":\"fr-FR\",\"@id\":\"https:\/\/climatemaster.ge\/fr\/produit\/dxi-hf-direct-expansion-close-control-unit-water-cooled-with-additional-freecooling-coil-and-inverter-compressor\/#primaryimage\",\"url\":\"https:\/\/climatemaster.ge\/wp-content\/uploads\/2025\/04\/DXA-qh4ucv134jnc80daakorl9l7qlykalm6l6bnv22dq8-1.png\",\"contentUrl\":\"https:\/\/climatemaster.ge\/wp-content\/uploads\/2025\/04\/DXA-qh4ucv134jnc80daakorl9l7qlykalm6l6bnv22dq8-1.png\",\"width\":345,\"height\":540},{\"@type\":\"BreadcrumbList\",\"@id\":\"https:\/\/climatemaster.ge\/fr\/produit\/dxi-hf-direct-expansion-close-control-unit-water-cooled-with-additional-freecooling-coil-and-inverter-compressor\/#breadcrumb\",\"itemListElement\":[{\"@type\":\"ListItem\",\"position\":1,\"name\":\"Home\",\"item\":\"https:\/\/climatemaster.ge\/\"},{\"@type\":\"ListItem\",\"position\":2,\"name\":\"Products\",\"item\":\"https:\/\/climatemaster.ge\/products\/\"},{\"@type\":\"ListItem\",\"position\":3,\"name\":\"DXi.HF Unit\u00e9 de r\u00e9gulation \u00e0 d\u00e9tente directe, refroidie par eau, avec batterie freecooling suppl\u00e9mentaire et compresseur Inverter\"}]},{\"@type\":\"WebSite\",\"@id\":\"https:\/\/climatemaster.ge\/#website\",\"url\":\"https:\/\/climatemaster.ge\/\",\"name\":\"Climate Master\",\"description\":\"\",\"publisher\":{\"@id\":\"https:\/\/climatemaster.ge\/#organization\"},\"potentialAction\":[{\"@type\":\"SearchAction\",\"target\":{\"@type\":\"EntryPoint\",\"urlTemplate\":\"https:\/\/climatemaster.ge\/?s={search_term_string}\"},\"query-input\":{\"@type\":\"PropertyValueSpecification\",\"valueRequired\":true,\"valueName\":\"search_term_string\"}}],\"inLanguage\":\"fr-FR\"},{\"@type\":\"Organization\",\"@id\":\"https:\/\/climatemaster.ge\/#organization\",\"name\":\"Climate Master\",\"url\":\"https:\/\/climatemaster.ge\/\",\"logo\":{\"@type\":\"ImageObject\",\"inLanguage\":\"fr-FR\",\"@id\":\"https:\/\/climatemaster.ge\/#\/schema\/logo\/image\/\",\"url\":\"https:\/\/climatemaster.ge\/wp-content\/uploads\/2026\/03\/Untitled-2.png\",\"contentUrl\":\"https:\/\/climatemaster.ge\/wp-content\/uploads\/2026\/03\/Untitled-2.png\",\"width\":600,\"height\":338,\"caption\":\"Climate Master\"},\"image\":{\"@id\":\"https:\/\/climatemaster.ge\/#\/schema\/logo\/image\/\"}}]}<\/script>\n<!-- \/ Yoast SEO plugin. -->","yoast_head_json":{"title":"DXi.HF Unit\u00e9 de r\u00e9gulation \u00e0 d\u00e9tente directe, refroidie par eau, avec batterie freecooling suppl\u00e9mentaire et compresseur Inverter - Climate Master","robots":{"index":"index","follow":"follow","max-snippet":"max-snippet:-1","max-image-preview":"max-image-preview:large","max-video-preview":"max-video-preview:-1"},"canonical":"https:\/\/climatemaster.ge\/fr\/produit\/dxi-hf-direct-expansion-close-control-unit-water-cooled-with-additional-freecooling-coil-and-inverter-compressor\/","og_locale":"fr_FR","og_type":"article","og_title":"DXi.HF Unit\u00e9 de r\u00e9gulation \u00e0 d\u00e9tente directe, refroidie par eau, avec batterie freecooling suppl\u00e9mentaire et compresseur Inverter - Climate Master","og_description":"Climatiseurs de r\u00e9gulation pour installations verticales et refroidissement seul, avec chauffage par r\u00e9sistance en option, humidificateur et d\u00e9shumidificateur en option pour un contr\u00f4le pr\u00e9cis de la temp\u00e9rature et de l'humidit\u00e9. Particuli\u00e8rement adapt\u00e9s \u00e0 la climatisation de pr\u00e9cision des serveurs, des salles informatiques et de toutes les applications technologiques en g\u00e9n\u00e9ral. L'unit\u00e9 FREECOOLING \u00e0 d\u00e9tente directe avec compresseur INVERTER est refroidie par eau et doit \u00eatre raccord\u00e9e \u00e0 un a\u00e9ror\u00e9frig\u00e9rant d\u00e9port\u00e9. Le compresseur INVERTER permet de moduler la puissance frigorifique en fonction de la charge thermique effective. Cette solution est adapt\u00e9e aux applications \u00e0 charges partielles \u00e9lev\u00e9es et optimise la puissance absorb\u00e9e en r\u00e9duisant le courant d'appel. L'unit\u00e9 est \u00e9galement \u00e9quip\u00e9e d'un d\u00e9tendeur \u00e9lectronique, de ventilateurs EC INVERTER, d'un condenseur et d'une batterie freecooling suppl\u00e9mentaire.","og_url":"https:\/\/climatemaster.ge\/fr\/produit\/dxi-hf-direct-expansion-close-control-unit-water-cooled-with-additional-freecooling-coil-and-inverter-compressor\/","og_site_name":"Climate Master","article_modified_time":"2025-04-20T17:08:16+00:00","og_image":[{"width":345,"height":540,"url":"https:\/\/climatemaster.ge\/wp-content\/uploads\/2025\/04\/DXA-qh4ucv134jnc80daakorl9l7qlykalm6l6bnv22dq8-1.png","type":"image\/png"}],"twitter_card":"summary_large_image","schema":{"@context":"https:\/\/schema.org","@graph":[{"@type":"WebPage","@id":"https:\/\/climatemaster.ge\/fr\/produit\/dxi-hf-direct-expansion-close-control-unit-water-cooled-with-additional-freecooling-coil-and-inverter-compressor\/","url":"https:\/\/climatemaster.ge\/fr\/produit\/dxi-hf-direct-expansion-close-control-unit-water-cooled-with-additional-freecooling-coil-and-inverter-compressor\/","name":"DXi.HF Unit\u00e9 de r\u00e9gulation \u00e0 d\u00e9tente directe, refroidie par eau, avec batterie freecooling suppl\u00e9mentaire et compresseur Inverter - Climate Master","isPartOf":{"@id":"https:\/\/climatemaster.ge\/#website"},"primaryImageOfPage":{"@id":"https:\/\/climatemaster.ge\/fr\/produit\/dxi-hf-direct-expansion-close-control-unit-water-cooled-with-additional-freecooling-coil-and-inverter-compressor\/#primaryimage"},"image":{"@id":"https:\/\/climatemaster.ge\/fr\/produit\/dxi-hf-direct-expansion-close-control-unit-water-cooled-with-additional-freecooling-coil-and-inverter-compressor\/#primaryimage"},"thumbnailUrl":"https:\/\/climatemaster.ge\/wp-content\/uploads\/2025\/04\/DXA-qh4ucv134jnc80daakorl9l7qlykalm6l6bnv22dq8-1.png","datePublished":"2025-04-20T17:03:10+00:00","dateModified":"2025-04-20T17:08:16+00:00","breadcrumb":{"@id":"https:\/\/climatemaster.ge\/fr\/produit\/dxi-hf-direct-expansion-close-control-unit-water-cooled-with-additional-freecooling-coil-and-inverter-compressor\/#breadcrumb"},"inLanguage":"fr-FR","potentialAction":[{"@type":"ReadAction","target":["https:\/\/climatemaster.ge\/fr\/produit\/dxi-hf-direct-expansion-close-control-unit-water-cooled-with-additional-freecooling-coil-and-inverter-compressor\/"]}]},{"@type":"ImageObject","inLanguage":"fr-FR","@id":"https:\/\/climatemaster.ge\/fr\/produit\/dxi-hf-direct-expansion-close-control-unit-water-cooled-with-additional-freecooling-coil-and-inverter-compressor\/#primaryimage","url":"https:\/\/climatemaster.ge\/wp-content\/uploads\/2025\/04\/DXA-qh4ucv134jnc80daakorl9l7qlykalm6l6bnv22dq8-1.png","contentUrl":"https:\/\/climatemaster.ge\/wp-content\/uploads\/2025\/04\/DXA-qh4ucv134jnc80daakorl9l7qlykalm6l6bnv22dq8-1.png","width":345,"height":540},{"@type":"BreadcrumbList","@id":"https:\/\/climatemaster.ge\/fr\/produit\/dxi-hf-direct-expansion-close-control-unit-water-cooled-with-additional-freecooling-coil-and-inverter-compressor\/#breadcrumb","itemListElement":[{"@type":"ListItem","position":1,"name":"Home","item":"https:\/\/climatemaster.ge\/"},{"@type":"ListItem","position":2,"name":"Products","item":"https:\/\/climatemaster.ge\/products\/"},{"@type":"ListItem","position":3,"name":"DXi.HF Unit\u00e9 de r\u00e9gulation \u00e0 d\u00e9tente directe, refroidie par eau, avec batterie freecooling suppl\u00e9mentaire et compresseur Inverter"}]},{"@type":"WebSite","@id":"https:\/\/climatemaster.ge\/#website","url":"https:\/\/climatemaster.ge\/","name":"Climate Master","description":"","publisher":{"@id":"https:\/\/climatemaster.ge\/#organization"},"potentialAction":[{"@type":"SearchAction","target":{"@type":"EntryPoint","urlTemplate":"https:\/\/climatemaster.ge\/?s={search_term_string}"},"query-input":{"@type":"PropertyValueSpecification","valueRequired":true,"valueName":"search_term_string"}}],"inLanguage":"fr-FR"},{"@type":"Organization","@id":"https:\/\/climatemaster.ge\/#organization","name":"Climate Master","url":"https:\/\/climatemaster.ge\/","logo":{"@type":"ImageObject","inLanguage":"fr-FR","@id":"https:\/\/climatemaster.ge\/#\/schema\/logo\/image\/","url":"https:\/\/climatemaster.ge\/wp-content\/uploads\/2026\/03\/Untitled-2.png","contentUrl":"https:\/\/climatemaster.ge\/wp-content\/uploads\/2026\/03\/Untitled-2.png","width":600,"height":338,"caption":"Climate Master"},"image":{"@id":"https:\/\/climatemaster.ge\/#\/schema\/logo\/image\/"}}]}},"_links":{"self":[{"href":"https:\/\/climatemaster.ge\/fr\/wp-json\/wp\/v2\/product\/30044","targetHints":{"allow":["GET"]}}],"collection":[{"href":"https:\/\/climatemaster.ge\/fr\/wp-json\/wp\/v2\/product"}],"about":[{"href":"https:\/\/climatemaster.ge\/fr\/wp-json\/wp\/v2\/types\/product"}],"wp:featuredmedia":[{"embeddable":true,"href":"https:\/\/climatemaster.ge\/fr\/wp-json\/wp\/v2\/media\/30039"}],"wp:attachment":[{"href":"https:\/\/climatemaster.ge\/fr\/wp-json\/wp\/v2\/media?parent=30044"}],"wp:term":[{"taxonomy":"product_brand","embeddable":true,"href":"https:\/\/climatemaster.ge\/fr\/wp-json\/wp\/v2\/product_brand?post=30044"},{"taxonomy":"product_cat","embeddable":true,"href":"https:\/\/climatemaster.ge\/fr\/wp-json\/wp\/v2\/product_cat?post=30044"},{"taxonomy":"product_tag","embeddable":true,"href":"https:\/\/climatemaster.ge\/fr\/wp-json\/wp\/v2\/product_tag?post=30044"}],"curies":[{"name":"wp","href":"https:\/\/api.w.org\/{rel}","templated":true}]}}