{"id":30002,"date":"2025-04-20T13:57:46","date_gmt":"2025-04-20T09:57:46","guid":{"rendered":"https:\/\/airsystems.ge\/shop\/product\/water-cooled-close-control-unit-wul-extended-version\/"},"modified":"2025-04-20T20:50:59","modified_gmt":"2025-04-20T16:50:59","slug":"water-cooled-close-control-unit-wul-extended-version","status":"publish","type":"product","link":"https:\/\/climatemaster.ge\/fr\/produit\/water-cooled-close-control-unit-wul-extended-version\/","title":{"rendered":"Unit\u00e9 de climatisation \u00e0 condensation par eau WUL\u00a0: Version \u00e9tendue"},"content":{"rendered":"","protected":false},"excerpt":{"rendered":"<div class=\"elementor-element elementor-element-f80f489 elementor-widget elementor-widget-heading\" data-id=\"f80f489\" data-element_type=\"widget\" data-widget_type=\"heading.default\">\n<div class=\"elementor-widget-container\">\n<div class=\"elementor-heading-title elementor-size-default\">\n<p>Puissance frigorifique de 60\u00a0kW \u00e0 216\u00a0kW<\/p>\n<p>Climatiseurs \u00e0 r\u00e9gulation de pr\u00e9cision pour installation verticale et refroidissement seul, avec option chauffage par r\u00e9sistance, humidificateur et d\u00e9shumidificateur pour un contr\u00f4le pr\u00e9cis de la temp\u00e9rature et de l&rsquo;humidit\u00e9. Particuli\u00e8rement adapt\u00e9s \u00e0 la climatisation de pr\u00e9cision des serveurs, des salles informatiques et de toutes les applications technologiques en g\u00e9n\u00e9ral.<br \/>\nLes unit\u00e9s se composent de deux modules\u00a0: le premier abrite l&rsquo;\u00e9changeur de chaleur, g\u00e9n\u00e9ralement plac\u00e9 au sol, le second accueille les ventilateurs EC Inverter. Soufflage d&rsquo;air descendant.<br \/>\nCes unit\u00e9s sont \u00e9quip\u00e9es d&rsquo;une vanne modulante \u00e0 deux voies et d&rsquo;un servomoteur. L&rsquo;unit\u00e9 doit \u00eatre raccord\u00e9e \u00e0 un refroidisseur externe.<\/p>\n<p>ACCESSOIRES<\/p>\n<p>\u2022 Terminal utilisateur d\u00e9port\u00e9<br \/>\n\u2022 Batterie de chauffage \u00e9lectrique<br \/>\n\u2022 Humidificateur<br \/>\n\u2022 Cadre antivibratoire avec supports en caoutchouc<br \/>\n\u2022 Carte \u00e9lectronique d&rsquo;interface<br \/>\n\u2022 Pl\u00e9num de distribution d&rsquo;air<br \/>\n\u2022 Refoulement de la pompe de condensation<br \/>\n\u2022 Carte d&rsquo;interface pour protocole TCP\/IP<br \/>\n\u2022 Longwork, Modbus, BacNet<br \/>\n\u2022 Terminal graphique tactile<br \/>\n\u2022 Alimentation \u00e9lectrique diff\u00e9rente de la norme<\/p>\n<\/div>\n<\/div>\n<\/div>\n","protected":false},"featured_media":29997,"template":"","meta":[],"product_brand":[],"product_cat":[1258,1263],"product_tag":[],"class_list":{"0":"post-30002","1":"product","2":"type-product","3":"status-publish","4":"has-post-thumbnail","6":"product_cat-climatisation-de-precision-crac-crah","7":"product_cat-climatisation-de-precision-crah-fr","9":"first","10":"instock","11":"shipping-taxable","12":"product-type-simple"},"yoast_head":"<!-- This site is optimized with the Yoast SEO plugin v27.1.1 - https:\/\/yoast.com\/product\/yoast-seo-wordpress\/ -->\n<title>Unit\u00e9 de climatisation \u00e0 condensation par eau WUL\u00a0: Version \u00e9tendue - Climate Master<\/title>\n<meta name=\"robots\" content=\"index, follow, max-snippet:-1, max-image-preview:large, max-video-preview:-1\" \/>\n<link rel=\"canonical\" href=\"https:\/\/climatemaster.ge\/fr\/produit\/water-cooled-close-control-unit-wul-extended-version\/\" \/>\n<meta property=\"og:locale\" content=\"fr_FR\" \/>\n<meta property=\"og:type\" content=\"article\" \/>\n<meta property=\"og:title\" content=\"Unit\u00e9 de climatisation \u00e0 condensation par eau WUL\u00a0: Version \u00e9tendue - Climate Master\" \/>\n<meta property=\"og:description\" content=\"Puissance frigorifique de 60\u00a0kW \u00e0 216\u00a0kW  Climatiseurs \u00e0 r\u00e9gulation de pr\u00e9cision pour installation verticale et refroidissement seul, avec option chauffage par r\u00e9sistance, humidificateur et d\u00e9shumidificateur pour un contr\u00f4le pr\u00e9cis de la temp\u00e9rature et de l&#039;humidit\u00e9. Particuli\u00e8rement adapt\u00e9s \u00e0 la climatisation de pr\u00e9cision des serveurs, des salles informatiques et de toutes les applications technologiques en g\u00e9n\u00e9ral. Les unit\u00e9s se composent de deux modules\u00a0: le premier abrite l&#039;\u00e9changeur de chaleur, g\u00e9n\u00e9ralement plac\u00e9 au sol, le second accueille les ventilateurs EC Inverter. Soufflage d&#039;air descendant. Ces unit\u00e9s sont \u00e9quip\u00e9es d&#039;une vanne modulante \u00e0 deux voies et d&#039;un servomoteur. L&#039;unit\u00e9 doit \u00eatre raccord\u00e9e \u00e0 un refroidisseur externe.  ACCESSOIRES  \u2022 Terminal utilisateur d\u00e9port\u00e9 \u2022 Batterie de chauffage \u00e9lectrique \u2022 Humidificateur \u2022 Cadre antivibratoire avec supports en caoutchouc \u2022 Carte \u00e9lectronique d&#039;interface \u2022 Pl\u00e9num de distribution d&#039;air \u2022 Refoulement de la pompe de condensation \u2022 Carte d&#039;interface pour protocole TCP\/IP \u2022 Longwork, Modbus, BacNet \u2022 Terminal graphique tactile \u2022 Alimentation \u00e9lectrique diff\u00e9rente de la norme\" \/>\n<meta property=\"og:url\" content=\"https:\/\/climatemaster.ge\/fr\/produit\/water-cooled-close-control-unit-wul-extended-version\/\" \/>\n<meta property=\"og:site_name\" content=\"Climate Master\" \/>\n<meta property=\"article:modified_time\" content=\"2025-04-20T16:50:59+00:00\" \/>\n<meta property=\"og:image\" content=\"https:\/\/climatemaster.ge\/wp-content\/uploads\/2025\/04\/WUL-1-qjepilo7dgse77kc5h2fusxknaeobh9rnkb3d8b6mw.png\" \/>\n\t<meta property=\"og:image:width\" content=\"700\" \/>\n\t<meta property=\"og:image:height\" content=\"700\" \/>\n\t<meta property=\"og:image:type\" content=\"image\/png\" \/>\n<meta name=\"twitter:card\" content=\"summary_large_image\" \/>\n<script type=\"application\/ld+json\" class=\"yoast-schema-graph\">{\"@context\":\"https:\/\/schema.org\",\"@graph\":[{\"@type\":\"WebPage\",\"@id\":\"https:\/\/climatemaster.ge\/fr\/produit\/water-cooled-close-control-unit-wul-extended-version\/\",\"url\":\"https:\/\/climatemaster.ge\/fr\/produit\/water-cooled-close-control-unit-wul-extended-version\/\",\"name\":\"Unit\u00e9 de climatisation \u00e0 condensation par eau WUL\u00a0: Version \u00e9tendue - Climate Master\",\"isPartOf\":{\"@id\":\"https:\/\/climatemaster.ge\/#website\"},\"primaryImageOfPage\":{\"@id\":\"https:\/\/climatemaster.ge\/fr\/produit\/water-cooled-close-control-unit-wul-extended-version\/#primaryimage\"},\"image\":{\"@id\":\"https:\/\/climatemaster.ge\/fr\/produit\/water-cooled-close-control-unit-wul-extended-version\/#primaryimage\"},\"thumbnailUrl\":\"https:\/\/climatemaster.ge\/wp-content\/uploads\/2025\/04\/WUL-1-qjepilo7dgse77kc5h2fusxknaeobh9rnkb3d8b6mw.png\",\"datePublished\":\"2025-04-20T09:57:46+00:00\",\"dateModified\":\"2025-04-20T16:50:59+00:00\",\"breadcrumb\":{\"@id\":\"https:\/\/climatemaster.ge\/fr\/produit\/water-cooled-close-control-unit-wul-extended-version\/#breadcrumb\"},\"inLanguage\":\"fr-FR\",\"potentialAction\":[{\"@type\":\"ReadAction\",\"target\":[\"https:\/\/climatemaster.ge\/fr\/produit\/water-cooled-close-control-unit-wul-extended-version\/\"]}]},{\"@type\":\"ImageObject\",\"inLanguage\":\"fr-FR\",\"@id\":\"https:\/\/climatemaster.ge\/fr\/produit\/water-cooled-close-control-unit-wul-extended-version\/#primaryimage\",\"url\":\"https:\/\/climatemaster.ge\/wp-content\/uploads\/2025\/04\/WUL-1-qjepilo7dgse77kc5h2fusxknaeobh9rnkb3d8b6mw.png\",\"contentUrl\":\"https:\/\/climatemaster.ge\/wp-content\/uploads\/2025\/04\/WUL-1-qjepilo7dgse77kc5h2fusxknaeobh9rnkb3d8b6mw.png\",\"width\":700,\"height\":700},{\"@type\":\"BreadcrumbList\",\"@id\":\"https:\/\/climatemaster.ge\/fr\/produit\/water-cooled-close-control-unit-wul-extended-version\/#breadcrumb\",\"itemListElement\":[{\"@type\":\"ListItem\",\"position\":1,\"name\":\"Home\",\"item\":\"https:\/\/climatemaster.ge\/\"},{\"@type\":\"ListItem\",\"position\":2,\"name\":\"Products\",\"item\":\"https:\/\/climatemaster.ge\/products\/\"},{\"@type\":\"ListItem\",\"position\":3,\"name\":\"Unit\u00e9 de climatisation \u00e0 condensation par eau WUL\u00a0: Version \u00e9tendue\"}]},{\"@type\":\"WebSite\",\"@id\":\"https:\/\/climatemaster.ge\/#website\",\"url\":\"https:\/\/climatemaster.ge\/\",\"name\":\"Climate Master\",\"description\":\"\",\"publisher\":{\"@id\":\"https:\/\/climatemaster.ge\/#organization\"},\"potentialAction\":[{\"@type\":\"SearchAction\",\"target\":{\"@type\":\"EntryPoint\",\"urlTemplate\":\"https:\/\/climatemaster.ge\/?s={search_term_string}\"},\"query-input\":{\"@type\":\"PropertyValueSpecification\",\"valueRequired\":true,\"valueName\":\"search_term_string\"}}],\"inLanguage\":\"fr-FR\"},{\"@type\":\"Organization\",\"@id\":\"https:\/\/climatemaster.ge\/#organization\",\"name\":\"Climate Master\",\"url\":\"https:\/\/climatemaster.ge\/\",\"logo\":{\"@type\":\"ImageObject\",\"inLanguage\":\"fr-FR\",\"@id\":\"https:\/\/climatemaster.ge\/#\/schema\/logo\/image\/\",\"url\":\"https:\/\/climatemaster.ge\/wp-content\/uploads\/2026\/03\/Untitled-2.png\",\"contentUrl\":\"https:\/\/climatemaster.ge\/wp-content\/uploads\/2026\/03\/Untitled-2.png\",\"width\":600,\"height\":338,\"caption\":\"Climate Master\"},\"image\":{\"@id\":\"https:\/\/climatemaster.ge\/#\/schema\/logo\/image\/\"}}]}<\/script>\n<!-- \/ Yoast SEO plugin. -->","yoast_head_json":{"title":"Unit\u00e9 de climatisation \u00e0 condensation par eau WUL\u00a0: Version \u00e9tendue - Climate Master","robots":{"index":"index","follow":"follow","max-snippet":"max-snippet:-1","max-image-preview":"max-image-preview:large","max-video-preview":"max-video-preview:-1"},"canonical":"https:\/\/climatemaster.ge\/fr\/produit\/water-cooled-close-control-unit-wul-extended-version\/","og_locale":"fr_FR","og_type":"article","og_title":"Unit\u00e9 de climatisation \u00e0 condensation par eau WUL\u00a0: Version \u00e9tendue - Climate Master","og_description":"Puissance frigorifique de 60\u00a0kW \u00e0 216\u00a0kW  Climatiseurs \u00e0 r\u00e9gulation de pr\u00e9cision pour installation verticale et refroidissement seul, avec option chauffage par r\u00e9sistance, humidificateur et d\u00e9shumidificateur pour un contr\u00f4le pr\u00e9cis de la temp\u00e9rature et de l'humidit\u00e9. Particuli\u00e8rement adapt\u00e9s \u00e0 la climatisation de pr\u00e9cision des serveurs, des salles informatiques et de toutes les applications technologiques en g\u00e9n\u00e9ral. Les unit\u00e9s se composent de deux modules\u00a0: le premier abrite l'\u00e9changeur de chaleur, g\u00e9n\u00e9ralement plac\u00e9 au sol, le second accueille les ventilateurs EC Inverter. Soufflage d'air descendant. Ces unit\u00e9s sont \u00e9quip\u00e9es d'une vanne modulante \u00e0 deux voies et d'un servomoteur. L'unit\u00e9 doit \u00eatre raccord\u00e9e \u00e0 un refroidisseur externe.  ACCESSOIRES  \u2022 Terminal utilisateur d\u00e9port\u00e9 \u2022 Batterie de chauffage \u00e9lectrique \u2022 Humidificateur \u2022 Cadre antivibratoire avec supports en caoutchouc \u2022 Carte \u00e9lectronique d'interface \u2022 Pl\u00e9num de distribution d'air \u2022 Refoulement de la pompe de condensation \u2022 Carte d'interface pour protocole TCP\/IP \u2022 Longwork, Modbus, BacNet \u2022 Terminal graphique tactile \u2022 Alimentation \u00e9lectrique diff\u00e9rente de la norme","og_url":"https:\/\/climatemaster.ge\/fr\/produit\/water-cooled-close-control-unit-wul-extended-version\/","og_site_name":"Climate Master","article_modified_time":"2025-04-20T16:50:59+00:00","og_image":[{"width":700,"height":700,"url":"https:\/\/climatemaster.ge\/wp-content\/uploads\/2025\/04\/WUL-1-qjepilo7dgse77kc5h2fusxknaeobh9rnkb3d8b6mw.png","type":"image\/png"}],"twitter_card":"summary_large_image","schema":{"@context":"https:\/\/schema.org","@graph":[{"@type":"WebPage","@id":"https:\/\/climatemaster.ge\/fr\/produit\/water-cooled-close-control-unit-wul-extended-version\/","url":"https:\/\/climatemaster.ge\/fr\/produit\/water-cooled-close-control-unit-wul-extended-version\/","name":"Unit\u00e9 de climatisation \u00e0 condensation par eau WUL\u00a0: Version \u00e9tendue - Climate Master","isPartOf":{"@id":"https:\/\/climatemaster.ge\/#website"},"primaryImageOfPage":{"@id":"https:\/\/climatemaster.ge\/fr\/produit\/water-cooled-close-control-unit-wul-extended-version\/#primaryimage"},"image":{"@id":"https:\/\/climatemaster.ge\/fr\/produit\/water-cooled-close-control-unit-wul-extended-version\/#primaryimage"},"thumbnailUrl":"https:\/\/climatemaster.ge\/wp-content\/uploads\/2025\/04\/WUL-1-qjepilo7dgse77kc5h2fusxknaeobh9rnkb3d8b6mw.png","datePublished":"2025-04-20T09:57:46+00:00","dateModified":"2025-04-20T16:50:59+00:00","breadcrumb":{"@id":"https:\/\/climatemaster.ge\/fr\/produit\/water-cooled-close-control-unit-wul-extended-version\/#breadcrumb"},"inLanguage":"fr-FR","potentialAction":[{"@type":"ReadAction","target":["https:\/\/climatemaster.ge\/fr\/produit\/water-cooled-close-control-unit-wul-extended-version\/"]}]},{"@type":"ImageObject","inLanguage":"fr-FR","@id":"https:\/\/climatemaster.ge\/fr\/produit\/water-cooled-close-control-unit-wul-extended-version\/#primaryimage","url":"https:\/\/climatemaster.ge\/wp-content\/uploads\/2025\/04\/WUL-1-qjepilo7dgse77kc5h2fusxknaeobh9rnkb3d8b6mw.png","contentUrl":"https:\/\/climatemaster.ge\/wp-content\/uploads\/2025\/04\/WUL-1-qjepilo7dgse77kc5h2fusxknaeobh9rnkb3d8b6mw.png","width":700,"height":700},{"@type":"BreadcrumbList","@id":"https:\/\/climatemaster.ge\/fr\/produit\/water-cooled-close-control-unit-wul-extended-version\/#breadcrumb","itemListElement":[{"@type":"ListItem","position":1,"name":"Home","item":"https:\/\/climatemaster.ge\/"},{"@type":"ListItem","position":2,"name":"Products","item":"https:\/\/climatemaster.ge\/products\/"},{"@type":"ListItem","position":3,"name":"Unit\u00e9 de climatisation \u00e0 condensation par eau WUL\u00a0: Version \u00e9tendue"}]},{"@type":"WebSite","@id":"https:\/\/climatemaster.ge\/#website","url":"https:\/\/climatemaster.ge\/","name":"Climate Master","description":"","publisher":{"@id":"https:\/\/climatemaster.ge\/#organization"},"potentialAction":[{"@type":"SearchAction","target":{"@type":"EntryPoint","urlTemplate":"https:\/\/climatemaster.ge\/?s={search_term_string}"},"query-input":{"@type":"PropertyValueSpecification","valueRequired":true,"valueName":"search_term_string"}}],"inLanguage":"fr-FR"},{"@type":"Organization","@id":"https:\/\/climatemaster.ge\/#organization","name":"Climate Master","url":"https:\/\/climatemaster.ge\/","logo":{"@type":"ImageObject","inLanguage":"fr-FR","@id":"https:\/\/climatemaster.ge\/#\/schema\/logo\/image\/","url":"https:\/\/climatemaster.ge\/wp-content\/uploads\/2026\/03\/Untitled-2.png","contentUrl":"https:\/\/climatemaster.ge\/wp-content\/uploads\/2026\/03\/Untitled-2.png","width":600,"height":338,"caption":"Climate Master"},"image":{"@id":"https:\/\/climatemaster.ge\/#\/schema\/logo\/image\/"}}]}},"_links":{"self":[{"href":"https:\/\/climatemaster.ge\/fr\/wp-json\/wp\/v2\/product\/30002","targetHints":{"allow":["GET"]}}],"collection":[{"href":"https:\/\/climatemaster.ge\/fr\/wp-json\/wp\/v2\/product"}],"about":[{"href":"https:\/\/climatemaster.ge\/fr\/wp-json\/wp\/v2\/types\/product"}],"wp:featuredmedia":[{"embeddable":true,"href":"https:\/\/climatemaster.ge\/fr\/wp-json\/wp\/v2\/media\/29997"}],"wp:attachment":[{"href":"https:\/\/climatemaster.ge\/fr\/wp-json\/wp\/v2\/media?parent=30002"}],"wp:term":[{"taxonomy":"product_brand","embeddable":true,"href":"https:\/\/climatemaster.ge\/fr\/wp-json\/wp\/v2\/product_brand?post=30002"},{"taxonomy":"product_cat","embeddable":true,"href":"https:\/\/climatemaster.ge\/fr\/wp-json\/wp\/v2\/product_cat?post=30002"},{"taxonomy":"product_tag","embeddable":true,"href":"https:\/\/climatemaster.ge\/fr\/wp-json\/wp\/v2\/product_tag?post=30002"}],"curies":[{"name":"wp","href":"https:\/\/api.w.org\/{rel}","templated":true}]}}