{"id":29634,"date":"2025-04-12T22:23:32","date_gmt":"2025-04-12T18:23:32","guid":{"rendered":"https:\/\/airsystems.ge\/shop\/product\/trotec-airozon-60000-ozone-disinfector\/"},"modified":"2025-04-12T22:35:28","modified_gmt":"2025-04-12T18:35:28","slug":"trotec-airozon-60000-ozone-disinfector","status":"publish","type":"product","link":"https:\/\/climatemaster.ge\/fr\/produit\/trotec-airozon-60000-ozone-disinfector\/","title":{"rendered":"Trotec Airozon 60000 \u2013 D\u00e9sinfecteur \u00e0 l&rsquo;ozone"},"content":{"rendered":"<section class=\"max-w-[1088px] mx-auto w-full px-5 my-10 md:my-12 lg:my-16 xl:my-20 xl:px-0\" data-block=\"bullet-list\">\n<div class=\"md:text-center\">\n<h3 class=\"text-black font-bold text-lg md:text-xl lg:text-2xl\">Caract\u00e9ristiques principales<\/h3>\n<\/div>\n<div class=\"mt-6 md:mt-10\">\n<div class=\"flex flex-wrap\">\n<div class=\"w-full md:w-1\/2 auto-bullets md:pr-16\">\n<ul>\n<li class=\"text-sm md:text-base text-black mt-3 flex items-start\">\n<div class=\"pl-5\">Appareil compact et robuste pour une d\u00e9sinfection professionnelle et une neutralisation des odeurs<br \/>\nD\u00e9bit d&rsquo;ozone jusqu&rsquo;\u00e0 60\u00a0000 mg\/h<br \/>\nD\u00e9sinfection scientifiquement prouv\u00e9e des locaux et des surfaces<br \/>\nPack de six \u00e9lectrodes d&rsquo;ozone de 10 g tr\u00e8s r\u00e9sistantes<br \/>\nConception stable et mobile pour une mobilit\u00e9 maximale<br \/>\nTraitement \u00e0 360\u00b0\u00a0: aucune zone morte<br \/>\nFonction minuterie pour r\u00e9gler la dur\u00e9e du traitement (de 0 minute \u00e0 100 heures)<br \/>\nCompteur horaire de fonctionnement pour la surveillance de la dur\u00e9e de fonctionnement<br \/>\nUne alarme sonore indique la fin du traitement<br \/>\nFiltre \u00e0 air G4 int\u00e9gr\u00e9 pour \u00e9viter la contamination des composants internes<\/div>\n<\/li>\n<\/ul>\n<\/div>\n<\/div>\n<\/div>\n<\/section>\n<section class=\"max-w-[1088px] mx-auto w-full px-5 my-10 md:my-12 lg:my-16 xl:my-20 xl:px-0\" data-block=\"product-specifications\">\n<div class=\"md:text-center\">\n<h3 class=\"text-black font-bold text-lg md:text-xl lg:text-2xl\"><strong>Product specifications<\/strong><\/h3>\n<\/div>\n<div class=\" md:mt-10\">\n<div class=\"\">\n<div class=\"lg:mt-0 \">\n<div id=\"spec-airozon-60000\" class=\"prose max-w-full md:overflow-auto\" data-spec-content=\"\">\n<div class=\"spreadsheet-container hidden md:block\">\n<table class=\"w-full table-fixed mb-0\">\n<thead>\n<tr>\n<th class=\"font-bold text-base\"><span class=\"block px-4\">Specifications<\/span><\/th>\n<th class=\"font-bold text-base text-center\"><span class=\"block px-10 md:px-20\">Units<\/span><\/th>\n<th class=\"font-bold text-base text-center will-change\"><span class=\"block px-4\">Airozon\u00a060000<\/span><\/th>\n<\/tr>\n<\/thead>\n<tbody>\n<tr class=\"bg-grey-200\/50 p-2\">\n<td colspan=\"1\"><span class=\"block px-4\">Air flow rate max.<\/span><\/td>\n<td class=\"text-center\">\n<div class=\"px-10 md:px-20 flex items-center justify-center\">m\u00b3\/h<\/div>\n<\/td>\n<td class=\"text-center will-change\">\n<div class=\"px-10 md:px-20 flex items-center justify-center\">2,500<\/div>\n<\/td>\n<\/tr>\n<tr class=\" p-2\">\n<td colspan=\"1\"><span class=\"block px-4\">Ozone output<\/span><\/td>\n<td class=\"text-center\">\n<div class=\"px-10 md:px-20 flex items-center justify-center\">mg\/h<\/div>\n<\/td>\n<td class=\"text-center will-change\">\n<div class=\"px-10 md:px-20 flex items-center justify-center\">60,000<\/div>\n<\/td>\n<\/tr>\n<tr class=\"bg-grey-200\/50 p-2\">\n<td colspan=\"1\"><span class=\"block px-4\">Power supply<\/span><\/td>\n<td class=\"text-center\">\n<div class=\"px-10 md:px-20 flex items-center justify-center\">V\/Hz<\/div>\n<\/td>\n<td class=\"text-center will-change\">\n<div class=\"px-10 md:px-20 flex items-center justify-center\">230\/1ph\/50-60<\/div>\n<\/td>\n<\/tr>\n<tr class=\" p-2\">\n<td colspan=\"1\"><span class=\"block px-4\">Power input max.<\/span><\/td>\n<td class=\"text-center\">\n<div class=\"px-10 md:px-20 flex items-center justify-center\">W<\/div>\n<\/td>\n<td class=\"text-center will-change\">\n<div class=\"px-10 md:px-20 flex items-center justify-center\">1,550<\/div>\n<\/td>\n<\/tr>\n<tr class=\"bg-grey-200\/50 p-2\">\n<td colspan=\"1\"><span class=\"block px-4\">Current consumption<\/span><\/td>\n<td class=\"text-center\">\n<div class=\"px-10 md:px-20 flex items-center justify-center\">A<\/div>\n<\/td>\n<td class=\"text-center will-change\">\n<div class=\"px-10 md:px-20 flex items-center justify-center\">6.8<\/div>\n<\/td>\n<\/tr>\n<tr class=\" p-2\">\n<td colspan=\"1\"><span class=\"block px-4\">Fuse<\/span><\/td>\n<td class=\"text-center\">\n<div class=\"px-10 md:px-20 flex items-center justify-center\">A<\/div>\n<\/td>\n<td class=\"text-center will-change\">\n<div class=\"px-10 md:px-20 flex items-center justify-center\">13<\/div>\n<\/td>\n<\/tr>\n<tr class=\"bg-grey-200\/50 p-2\">\n<td colspan=\"1\"><span class=\"block px-4\">Sound level @3m<\/span><\/td>\n<td class=\"text-center\">\n<div class=\"px-10 md:px-20 flex items-center justify-center\">dB(A)<\/div>\n<\/td>\n<td class=\"text-center will-change\">\n<div class=\"px-10 md:px-20 flex items-center justify-center\">74<\/div>\n<\/td>\n<\/tr>\n<tr class=\" p-2\">\n<td colspan=\"1\"><span class=\"block px-4\">Product size (l x w x h)<\/span><\/td>\n<td class=\"text-center\">\n<div class=\"px-10 md:px-20 flex items-center justify-center\">mm<\/div>\n<\/td>\n<td class=\"text-center will-change\">\n<div class=\"px-10 md:px-20 flex items-center justify-center\">555 x 615 x 845<\/div>\n<\/td>\n<\/tr>\n<tr class=\"bg-grey-200\/50 p-2\">\n<td colspan=\"1\"><span class=\"block px-4\">Weight<\/span><\/td>\n<td class=\"text-center\">\n<div class=\"px-10 md:px-20 flex items-center justify-center\">kg<\/div>\n<\/td>\n<td class=\"text-center will-change\">\n<div class=\"px-10 md:px-20 flex items-center justify-center\">59<\/div>\n<\/td>\n<\/tr>\n<\/tbody>\n<\/table>\n<\/div>\n<\/div>\n<\/div>\n<\/div>\n<\/div>\n<\/section>\n<section class=\"max-w-[1088px] mx-auto w-full px-5 my-10 md:my-12 lg:my-16 xl:my-20 xl:px-0\" data-block=\"link-list\">\n<div class=\"max-w-[1088px] mx-auto\">\n<div class=\"md:text-center\"><\/div>\n<div class=\"mt-6 max-w-4xl mx-auto\">\n<div class=\"flex flex-wrap md:ml-20\">\n<div class=\"w-full md:w-1\/2 auto-bullets md:pr-16\">\n<div class=\"QcsUad BDJ8fb BLojaf sMVRZe hCXDsb wneUed\">\n<div class=\"usGWQd\">\n<div class=\"KkbLmb\">\n<div class=\"lRu31\" dir=\"ltr\"><strong>Convient pour\u00a0:<\/strong><br \/>\nAutomobile<br \/>\nB\u00e2timents commerciaux<br \/>\nLoisirs et loisirs<br \/>\nSoci\u00e9t\u00e9s de location<br \/>\nImmeubles r\u00e9sidentiels<br \/>\nTransport et logistique<br \/>\nRestauration apr\u00e8s d\u00e9g\u00e2ts des eaux<\/div>\n<\/div>\n<\/div>\n<\/div>\n<\/div>\n<\/div>\n<\/div>\n<\/div>\n<\/section>\n","protected":false},"excerpt":{"rendered":"<div class=\"max-w-4xl\">\n<div class=\"text-xl font-bold mt-1 md:mt-2\">\n<p>D\u00e9sinfecteurs \u00e0 l&rsquo;ozone<\/p>\n<p>Le Trotec Airozon 60000 est un d\u00e9sinfecteur \u00e0 l&rsquo;ozone robuste, id\u00e9al pour une utilisation dans les environnements industriels et commerciaux tels que les usines agroalimentaires, les installations chimiques et les stations d&rsquo;\u00e9puration. Avec un d\u00e9bit d&rsquo;ozone maximal de 60\u00a0000 mg\/h, il \u00e9limine rapidement et efficacement les contaminants atmosph\u00e9riques les plus dangereux. Ce d\u00e9sinfecteur, robuste et fiable, est id\u00e9al pour une utilisation en environnements difficiles. Il est \u00e9galement dot\u00e9 d&rsquo;une minuterie int\u00e9gr\u00e9e et de fonctions de s\u00e9curit\u00e9 pour un traitement \u00e0 l&rsquo;ozone s\u00fbr et efficace. Gr\u00e2ce \u00e0 son d\u00e9bit d&rsquo;ozone impressionnant et \u00e0 sa construction robuste, l&rsquo;Airozon 60000 est le choix id\u00e9al pour les t\u00e2ches exigeantes de d\u00e9sinfection de l&rsquo;air en milieu industriel.<\/p>\n<\/div>\n<\/div>\n","protected":false},"featured_media":29623,"template":"","meta":[],"product_brand":[],"product_cat":[412,417],"product_tag":[],"class_list":{"0":"post-29634","1":"product","2":"type-product","3":"status-publish","4":"has-post-thumbnail","6":"product_cat-climatisation-deshumidificateur-dair-ventilateur-fr-ventilation","7":"product_cat-desinfection","9":"first","10":"instock","11":"shipping-taxable","12":"purchasable","13":"product-type-simple"},"yoast_head":"<!-- This site is optimized with the Yoast SEO plugin v27.1.1 - https:\/\/yoast.com\/product\/yoast-seo-wordpress\/ -->\n<title>Trotec Airozon 60000 \u2013 D\u00e9sinfecteur \u00e0 l&#039;ozone - Climate Master<\/title>\n<meta name=\"robots\" content=\"index, follow, max-snippet:-1, max-image-preview:large, max-video-preview:-1\" \/>\n<link rel=\"canonical\" href=\"https:\/\/climatemaster.ge\/fr\/produit\/trotec-airozon-60000-ozone-disinfector\/\" \/>\n<meta property=\"og:locale\" content=\"fr_FR\" \/>\n<meta property=\"og:type\" content=\"article\" \/>\n<meta property=\"og:title\" content=\"Trotec Airozon 60000 \u2013 D\u00e9sinfecteur \u00e0 l&#039;ozone - Climate Master\" \/>\n<meta property=\"og:description\" content=\"D\u00e9sinfecteurs \u00e0 l&#039;ozone  Le Trotec Airozon 60000 est un d\u00e9sinfecteur \u00e0 l&#039;ozone robuste, id\u00e9al pour une utilisation dans les environnements industriels et commerciaux tels que les usines agroalimentaires, les installations chimiques et les stations d&#039;\u00e9puration. Avec un d\u00e9bit d&#039;ozone maximal de 60\u00a0000 mg\/h, il \u00e9limine rapidement et efficacement les contaminants atmosph\u00e9riques les plus dangereux. Ce d\u00e9sinfecteur, robuste et fiable, est id\u00e9al pour une utilisation en environnements difficiles. Il est \u00e9galement dot\u00e9 d&#039;une minuterie int\u00e9gr\u00e9e et de fonctions de s\u00e9curit\u00e9 pour un traitement \u00e0 l&#039;ozone s\u00fbr et efficace. Gr\u00e2ce \u00e0 son d\u00e9bit d&#039;ozone impressionnant et \u00e0 sa construction robuste, l&#039;Airozon 60000 est le choix id\u00e9al pour les t\u00e2ches exigeantes de d\u00e9sinfection de l&#039;air en milieu industriel.\" \/>\n<meta property=\"og:url\" content=\"https:\/\/climatemaster.ge\/fr\/produit\/trotec-airozon-60000-ozone-disinfector\/\" \/>\n<meta property=\"og:site_name\" content=\"Climate Master\" \/>\n<meta property=\"article:modified_time\" content=\"2025-04-12T18:35:28+00:00\" \/>\n<meta property=\"og:image\" content=\"https:\/\/climatemaster.ge\/wp-content\/uploads\/2025\/04\/Trotec-Airozon-60000-main-leftt.jpg\" \/>\n\t<meta property=\"og:image:width\" content=\"1000\" \/>\n\t<meta property=\"og:image:height\" content=\"1000\" \/>\n\t<meta property=\"og:image:type\" content=\"image\/jpeg\" \/>\n<meta name=\"twitter:card\" content=\"summary_large_image\" \/>\n<meta name=\"twitter:label1\" content=\"Dur\u00e9e de lecture estim\u00e9e\" \/>\n\t<meta name=\"twitter:data1\" content=\"1 minute\" \/>\n<script type=\"application\/ld+json\" class=\"yoast-schema-graph\">{\"@context\":\"https:\/\/schema.org\",\"@graph\":[{\"@type\":\"WebPage\",\"@id\":\"https:\/\/climatemaster.ge\/fr\/produit\/trotec-airozon-60000-ozone-disinfector\/\",\"url\":\"https:\/\/climatemaster.ge\/fr\/produit\/trotec-airozon-60000-ozone-disinfector\/\",\"name\":\"Trotec Airozon 60000 \u2013 D\u00e9sinfecteur \u00e0 l'ozone - Climate Master\",\"isPartOf\":{\"@id\":\"https:\/\/climatemaster.ge\/#website\"},\"primaryImageOfPage\":{\"@id\":\"https:\/\/climatemaster.ge\/fr\/produit\/trotec-airozon-60000-ozone-disinfector\/#primaryimage\"},\"image\":{\"@id\":\"https:\/\/climatemaster.ge\/fr\/produit\/trotec-airozon-60000-ozone-disinfector\/#primaryimage\"},\"thumbnailUrl\":\"https:\/\/climatemaster.ge\/wp-content\/uploads\/2025\/04\/Trotec-Airozon-60000-main-leftt.jpg\",\"datePublished\":\"2025-04-12T18:23:32+00:00\",\"dateModified\":\"2025-04-12T18:35:28+00:00\",\"breadcrumb\":{\"@id\":\"https:\/\/climatemaster.ge\/fr\/produit\/trotec-airozon-60000-ozone-disinfector\/#breadcrumb\"},\"inLanguage\":\"fr-FR\",\"potentialAction\":[{\"@type\":\"ReadAction\",\"target\":[\"https:\/\/climatemaster.ge\/fr\/produit\/trotec-airozon-60000-ozone-disinfector\/\"]}]},{\"@type\":\"ImageObject\",\"inLanguage\":\"fr-FR\",\"@id\":\"https:\/\/climatemaster.ge\/fr\/produit\/trotec-airozon-60000-ozone-disinfector\/#primaryimage\",\"url\":\"https:\/\/climatemaster.ge\/wp-content\/uploads\/2025\/04\/Trotec-Airozon-60000-main-leftt.jpg\",\"contentUrl\":\"https:\/\/climatemaster.ge\/wp-content\/uploads\/2025\/04\/Trotec-Airozon-60000-main-leftt.jpg\",\"width\":1000,\"height\":1000},{\"@type\":\"BreadcrumbList\",\"@id\":\"https:\/\/climatemaster.ge\/fr\/produit\/trotec-airozon-60000-ozone-disinfector\/#breadcrumb\",\"itemListElement\":[{\"@type\":\"ListItem\",\"position\":1,\"name\":\"Home\",\"item\":\"https:\/\/climatemaster.ge\/\"},{\"@type\":\"ListItem\",\"position\":2,\"name\":\"Products\",\"item\":\"https:\/\/climatemaster.ge\/products\/\"},{\"@type\":\"ListItem\",\"position\":3,\"name\":\"Trotec Airozon 60000 \u2013 D\u00e9sinfecteur \u00e0 l&rsquo;ozone\"}]},{\"@type\":\"WebSite\",\"@id\":\"https:\/\/climatemaster.ge\/#website\",\"url\":\"https:\/\/climatemaster.ge\/\",\"name\":\"Climate Master\",\"description\":\"\",\"publisher\":{\"@id\":\"https:\/\/climatemaster.ge\/#organization\"},\"potentialAction\":[{\"@type\":\"SearchAction\",\"target\":{\"@type\":\"EntryPoint\",\"urlTemplate\":\"https:\/\/climatemaster.ge\/?s={search_term_string}\"},\"query-input\":{\"@type\":\"PropertyValueSpecification\",\"valueRequired\":true,\"valueName\":\"search_term_string\"}}],\"inLanguage\":\"fr-FR\"},{\"@type\":\"Organization\",\"@id\":\"https:\/\/climatemaster.ge\/#organization\",\"name\":\"Climate Master\",\"url\":\"https:\/\/climatemaster.ge\/\",\"logo\":{\"@type\":\"ImageObject\",\"inLanguage\":\"fr-FR\",\"@id\":\"https:\/\/climatemaster.ge\/#\/schema\/logo\/image\/\",\"url\":\"https:\/\/climatemaster.ge\/wp-content\/uploads\/2026\/03\/Untitled-2.png\",\"contentUrl\":\"https:\/\/climatemaster.ge\/wp-content\/uploads\/2026\/03\/Untitled-2.png\",\"width\":600,\"height\":338,\"caption\":\"Climate Master\"},\"image\":{\"@id\":\"https:\/\/climatemaster.ge\/#\/schema\/logo\/image\/\"}}]}<\/script>\n<!-- \/ Yoast SEO plugin. -->","yoast_head_json":{"title":"Trotec Airozon 60000 \u2013 D\u00e9sinfecteur \u00e0 l'ozone - Climate Master","robots":{"index":"index","follow":"follow","max-snippet":"max-snippet:-1","max-image-preview":"max-image-preview:large","max-video-preview":"max-video-preview:-1"},"canonical":"https:\/\/climatemaster.ge\/fr\/produit\/trotec-airozon-60000-ozone-disinfector\/","og_locale":"fr_FR","og_type":"article","og_title":"Trotec Airozon 60000 \u2013 D\u00e9sinfecteur \u00e0 l'ozone - Climate Master","og_description":"D\u00e9sinfecteurs \u00e0 l'ozone  Le Trotec Airozon 60000 est un d\u00e9sinfecteur \u00e0 l'ozone robuste, id\u00e9al pour une utilisation dans les environnements industriels et commerciaux tels que les usines agroalimentaires, les installations chimiques et les stations d'\u00e9puration. Avec un d\u00e9bit d'ozone maximal de 60\u00a0000 mg\/h, il \u00e9limine rapidement et efficacement les contaminants atmosph\u00e9riques les plus dangereux. Ce d\u00e9sinfecteur, robuste et fiable, est id\u00e9al pour une utilisation en environnements difficiles. Il est \u00e9galement dot\u00e9 d'une minuterie int\u00e9gr\u00e9e et de fonctions de s\u00e9curit\u00e9 pour un traitement \u00e0 l'ozone s\u00fbr et efficace. Gr\u00e2ce \u00e0 son d\u00e9bit d'ozone impressionnant et \u00e0 sa construction robuste, l'Airozon 60000 est le choix id\u00e9al pour les t\u00e2ches exigeantes de d\u00e9sinfection de l'air en milieu industriel.","og_url":"https:\/\/climatemaster.ge\/fr\/produit\/trotec-airozon-60000-ozone-disinfector\/","og_site_name":"Climate Master","article_modified_time":"2025-04-12T18:35:28+00:00","og_image":[{"width":1000,"height":1000,"url":"https:\/\/climatemaster.ge\/wp-content\/uploads\/2025\/04\/Trotec-Airozon-60000-main-leftt.jpg","type":"image\/jpeg"}],"twitter_card":"summary_large_image","twitter_misc":{"Dur\u00e9e de lecture estim\u00e9e":"1 minute"},"schema":{"@context":"https:\/\/schema.org","@graph":[{"@type":"WebPage","@id":"https:\/\/climatemaster.ge\/fr\/produit\/trotec-airozon-60000-ozone-disinfector\/","url":"https:\/\/climatemaster.ge\/fr\/produit\/trotec-airozon-60000-ozone-disinfector\/","name":"Trotec Airozon 60000 \u2013 D\u00e9sinfecteur \u00e0 l'ozone - Climate Master","isPartOf":{"@id":"https:\/\/climatemaster.ge\/#website"},"primaryImageOfPage":{"@id":"https:\/\/climatemaster.ge\/fr\/produit\/trotec-airozon-60000-ozone-disinfector\/#primaryimage"},"image":{"@id":"https:\/\/climatemaster.ge\/fr\/produit\/trotec-airozon-60000-ozone-disinfector\/#primaryimage"},"thumbnailUrl":"https:\/\/climatemaster.ge\/wp-content\/uploads\/2025\/04\/Trotec-Airozon-60000-main-leftt.jpg","datePublished":"2025-04-12T18:23:32+00:00","dateModified":"2025-04-12T18:35:28+00:00","breadcrumb":{"@id":"https:\/\/climatemaster.ge\/fr\/produit\/trotec-airozon-60000-ozone-disinfector\/#breadcrumb"},"inLanguage":"fr-FR","potentialAction":[{"@type":"ReadAction","target":["https:\/\/climatemaster.ge\/fr\/produit\/trotec-airozon-60000-ozone-disinfector\/"]}]},{"@type":"ImageObject","inLanguage":"fr-FR","@id":"https:\/\/climatemaster.ge\/fr\/produit\/trotec-airozon-60000-ozone-disinfector\/#primaryimage","url":"https:\/\/climatemaster.ge\/wp-content\/uploads\/2025\/04\/Trotec-Airozon-60000-main-leftt.jpg","contentUrl":"https:\/\/climatemaster.ge\/wp-content\/uploads\/2025\/04\/Trotec-Airozon-60000-main-leftt.jpg","width":1000,"height":1000},{"@type":"BreadcrumbList","@id":"https:\/\/climatemaster.ge\/fr\/produit\/trotec-airozon-60000-ozone-disinfector\/#breadcrumb","itemListElement":[{"@type":"ListItem","position":1,"name":"Home","item":"https:\/\/climatemaster.ge\/"},{"@type":"ListItem","position":2,"name":"Products","item":"https:\/\/climatemaster.ge\/products\/"},{"@type":"ListItem","position":3,"name":"Trotec Airozon 60000 \u2013 D\u00e9sinfecteur \u00e0 l&rsquo;ozone"}]},{"@type":"WebSite","@id":"https:\/\/climatemaster.ge\/#website","url":"https:\/\/climatemaster.ge\/","name":"Climate Master","description":"","publisher":{"@id":"https:\/\/climatemaster.ge\/#organization"},"potentialAction":[{"@type":"SearchAction","target":{"@type":"EntryPoint","urlTemplate":"https:\/\/climatemaster.ge\/?s={search_term_string}"},"query-input":{"@type":"PropertyValueSpecification","valueRequired":true,"valueName":"search_term_string"}}],"inLanguage":"fr-FR"},{"@type":"Organization","@id":"https:\/\/climatemaster.ge\/#organization","name":"Climate Master","url":"https:\/\/climatemaster.ge\/","logo":{"@type":"ImageObject","inLanguage":"fr-FR","@id":"https:\/\/climatemaster.ge\/#\/schema\/logo\/image\/","url":"https:\/\/climatemaster.ge\/wp-content\/uploads\/2026\/03\/Untitled-2.png","contentUrl":"https:\/\/climatemaster.ge\/wp-content\/uploads\/2026\/03\/Untitled-2.png","width":600,"height":338,"caption":"Climate Master"},"image":{"@id":"https:\/\/climatemaster.ge\/#\/schema\/logo\/image\/"}}]}},"_links":{"self":[{"href":"https:\/\/climatemaster.ge\/fr\/wp-json\/wp\/v2\/product\/29634","targetHints":{"allow":["GET"]}}],"collection":[{"href":"https:\/\/climatemaster.ge\/fr\/wp-json\/wp\/v2\/product"}],"about":[{"href":"https:\/\/climatemaster.ge\/fr\/wp-json\/wp\/v2\/types\/product"}],"wp:featuredmedia":[{"embeddable":true,"href":"https:\/\/climatemaster.ge\/fr\/wp-json\/wp\/v2\/media\/29623"}],"wp:attachment":[{"href":"https:\/\/climatemaster.ge\/fr\/wp-json\/wp\/v2\/media?parent=29634"}],"wp:term":[{"taxonomy":"product_brand","embeddable":true,"href":"https:\/\/climatemaster.ge\/fr\/wp-json\/wp\/v2\/product_brand?post=29634"},{"taxonomy":"product_cat","embeddable":true,"href":"https:\/\/climatemaster.ge\/fr\/wp-json\/wp\/v2\/product_cat?post=29634"},{"taxonomy":"product_tag","embeddable":true,"href":"https:\/\/climatemaster.ge\/fr\/wp-json\/wp\/v2\/product_tag?post=29634"}],"curies":[{"name":"wp","href":"https:\/\/api.w.org\/{rel}","templated":true}]}}