{"id":29542,"date":"2025-04-12T17:02:58","date_gmt":"2025-04-12T13:02:58","guid":{"rendered":"https:\/\/airsystems.ge\/shop\/product\/dantherm-ttr-2800-desiccant-dehumidifier\/"},"modified":"2025-04-12T17:10:31","modified_gmt":"2025-04-12T13:10:31","slug":"dantherm-ttr-2800-desiccant-dehumidifier","status":"publish","type":"product","link":"https:\/\/climatemaster.ge\/fr\/produit\/dantherm-ttr-2800-desiccant-dehumidifier\/","title":{"rendered":"Dantherm TTR 2800 \u2013 D\u00e9shumidificateur \u00e0 adsorption"},"content":{"rendered":"<section class=\"max-w-[1088px] mx-auto w-full px-5 my-10 md:my-12 lg:my-16 xl:my-20 xl:px-0\" data-block=\"bullet-list\">\n<div class=\"md:text-center\">\n<h3 class=\"text-black font-bold text-lg md:text-xl lg:text-2xl\">Caract\u00e9ristiques principales<\/h3>\n<\/div>\n<div class=\"mt-6 md:mt-10\">\n<div class=\"flex flex-wrap\">\n<div class=\"w-full md:w-1\/2 auto-bullets md:pr-16\">\n<ul>\n<li class=\"text-sm md:text-base text-black mt-3 flex items-start\">\n<div class=\"pl-5\">Bo\u00eetier robuste en acier inoxydable<br \/>\nFiltres \u00e0 air int\u00e9gr\u00e9s \u00e9quivalents G4, comme filtres Z-line, pour l&rsquo;air de process et l&rsquo;air de r\u00e9g\u00e9n\u00e9ration s\u00e9par\u00e9ment<br \/>\nSurveillance des filtres avec voyant d&rsquo;avertissement<br \/>\nContr\u00f4le de la rotation du rotor<br \/>\nContacts de signalisation libres de potentiel pour la maintenance\/le remplacement des filtres, les d\u00e9fauts et la mise en marche\/arr\u00eat<br \/>\nVentilateurs EC haute performance \u00e0 entra\u00eenement direct avec r\u00e9glage manuel de la vitesse, int\u00e9gr\u00e9s au bo\u00eetier (sans vannes d&rsquo;\u00e9tranglement suppl\u00e9mentaires), pour l&rsquo;air de process et l&rsquo;air de r\u00e9g\u00e9n\u00e9ration s\u00e9par\u00e9ment<br \/>\nRotor \u00e0 sorption de gel de silice avec secteur de purge interne pour la r\u00e9cup\u00e9ration de chaleur et kit d&rsquo;\u00e9tanch\u00e9it\u00e9 du rotor \u00e0 r\u00e9glage automatique<br \/>\nR\u00e9chauffeur d&rsquo;air de r\u00e9g\u00e9n\u00e9ration \u00e9lectrique compos\u00e9 d&rsquo;\u00e9l\u00e9ments chauffants tubulaires, \u00e9quip\u00e9 de limiteurs de temp\u00e9rature de s\u00e9curit\u00e9 et d&rsquo;un pressostat diff\u00e9rentiel, command\u00e9 par un ou plusieurs relais \u00e0 semi-conducteurs<br \/>\nTemps de descente en temp\u00e9rature contr\u00f4l\u00e9<\/div>\n<\/li>\n<\/ul>\n<\/div>\n<\/div>\n<\/div>\n<\/section>\n<section class=\"max-w-[1088px] mx-auto w-full px-5 my-10 md:my-12 lg:my-16 xl:my-20 xl:px-0\" data-block=\"product-specifications\">\n<div class=\"md:text-center\">\n<h3 class=\"text-black font-bold text-lg md:text-xl lg:text-2xl\"><strong>Product specifications<\/strong><\/h3>\n<\/div>\n<div class=\" md:mt-10\">\n<div class=\"\">\n<div class=\"lg:mt-0 \">\n<div id=\"spec-ttr-2800\" class=\"prose max-w-full md:overflow-auto\" data-spec-content=\"\">\n<div class=\"spreadsheet-container hidden md:block\">\n<table class=\"w-full table-fixed mb-0\">\n<thead>\n<tr>\n<th class=\"font-bold text-base\"><span class=\"block px-4\">Specifications<\/span><\/th>\n<th class=\"font-bold text-base text-center\"><span class=\"block px-10 md:px-20\">Units<\/span><\/th>\n<th class=\"font-bold text-base text-center will-change\"><span class=\"block px-4\">TTR\u00a02800<\/span><\/th>\n<\/tr>\n<\/thead>\n<tbody>\n<tr class=\"bg-grey-200\/50 p-2\">\n<td colspan=\"1\"><span class=\"block px-4\">Dehumidification capacity @ 20\u00b0C\/60% RH<\/span><\/td>\n<td class=\"text-center\">\n<div class=\"px-10 md:px-20 flex items-center justify-center\">kg\/h<\/div>\n<\/td>\n<td class=\"text-center will-change\">\n<div class=\"px-10 md:px-20 flex items-center justify-center\">15.7<\/div>\n<\/td>\n<\/tr>\n<tr class=\" p-2\">\n<td colspan=\"1\"><span class=\"block px-4\">Dry air flow free-blowing<\/span><\/td>\n<td class=\"text-center\">\n<div class=\"px-10 md:px-20 flex items-center justify-center\">m\u00b3\/h<\/div>\n<\/td>\n<td class=\"text-center will-change\">\n<div class=\"px-10 md:px-20 flex items-center justify-center\">3,150<\/div>\n<\/td>\n<\/tr>\n<tr class=\"bg-grey-200\/50 p-2\">\n<td colspan=\"1\"><span class=\"block px-4\">Dry air flow nominal<\/span><\/td>\n<td class=\"text-center\">\n<div class=\"px-10 md:px-20 flex items-center justify-center\">m\u00b3\/h<\/div>\n<\/td>\n<td class=\"text-center will-change\">\n<div class=\"px-10 md:px-20 flex items-center justify-center\">2,800<\/div>\n<\/td>\n<\/tr>\n<tr class=\" p-2\">\n<td colspan=\"1\"><span class=\"block px-4\">Available pressure<\/span><\/td>\n<td class=\"text-center\">\n<div class=\"px-10 md:px-20 flex items-center justify-center\">Pa<\/div>\n<\/td>\n<td class=\"text-center will-change\">\n<div class=\"px-10 md:px-20 flex items-center justify-center\">300<\/div>\n<\/td>\n<\/tr>\n<tr class=\"bg-grey-200\/50 p-2\">\n<td colspan=\"1\"><span class=\"block px-4\">Regeneration air flow<\/span><\/td>\n<td class=\"text-center\">\n<div class=\"px-10 md:px-20 flex items-center justify-center\">m\u00b3\/h<\/div>\n<\/td>\n<td class=\"text-center will-change\">\n<div class=\"px-10 md:px-20 flex items-center justify-center\">570<\/div>\n<\/td>\n<\/tr>\n<tr class=\" p-2\">\n<td colspan=\"1\"><span class=\"block px-4\">Available pressure<\/span><\/td>\n<td class=\"text-center\">\n<div class=\"px-10 md:px-20 flex items-center justify-center\">Pa<\/div>\n<\/td>\n<td class=\"text-center will-change\">\n<div class=\"px-10 md:px-20 flex items-center justify-center\">300<\/div>\n<\/td>\n<\/tr>\n<tr class=\"bg-grey-200\/50 p-2\">\n<td colspan=\"1\"><span class=\"block px-4\">Operating temperature range<\/span><\/td>\n<td class=\"text-center\">\n<div class=\"px-10 md:px-20 flex items-center justify-center\">\u00b0C<\/div>\n<\/td>\n<td class=\"text-center will-change\">\n<div class=\"px-10 md:px-20 flex items-center justify-center\">-20 to 40<\/div>\n<\/td>\n<\/tr>\n<tr class=\" p-2\">\n<td colspan=\"1\"><span class=\"block px-4\">Heating<\/span><\/td>\n<td class=\"text-center\">\n<div class=\"px-10 md:px-20 flex items-center justify-center\">kW<\/div>\n<\/td>\n<td class=\"text-center will-change\">\n<div class=\"px-10 md:px-20 flex items-center justify-center\">18.9<\/div>\n<\/td>\n<\/tr>\n<tr class=\"bg-grey-200\/50 p-2\">\n<td colspan=\"1\"><span class=\"block px-4\">Power consumption<\/span><\/td>\n<td class=\"text-center\">\n<div class=\"px-10 md:px-20 flex items-center justify-center\">kW<\/div>\n<\/td>\n<td class=\"text-center will-change\">\n<div class=\"px-10 md:px-20 flex items-center justify-center\">21.6<\/div>\n<\/td>\n<\/tr>\n<tr class=\" p-2\">\n<td colspan=\"1\"><span class=\"block px-4\">Power supply<\/span><\/td>\n<td class=\"text-center\">\n<div class=\"px-10 md:px-20 flex items-center justify-center\">V\/Hz<\/div>\n<\/td>\n<td class=\"text-center will-change\">\n<div class=\"px-10 md:px-20 flex items-center justify-center\">380-480\/3ph\/50-60+PE<\/div>\n<\/td>\n<\/tr>\n<tr class=\"bg-grey-200\/50 p-2\">\n<td colspan=\"1\"><span class=\"block px-4\">Electrical connection<\/span><\/td>\n<td class=\"text-center\">\n<div class=\"px-10 md:px-20 flex items-center justify-center\">A<\/div>\n<\/td>\n<td class=\"text-center will-change\">\n<div class=\"px-10 md:px-20 flex items-center justify-center\">32<\/div>\n<\/td>\n<\/tr>\n<tr class=\" p-2\">\n<td colspan=\"1\"><span class=\"block px-4\">Nominal current consumption<\/span><\/td>\n<td class=\"text-center\">\n<div class=\"px-10 md:px-20 flex items-center justify-center\">A<\/div>\n<\/td>\n<td class=\"text-center will-change\">\n<div class=\"px-10 md:px-20 flex items-center justify-center\">31.7<\/div>\n<\/td>\n<\/tr>\n<tr class=\"bg-grey-200\/50 p-2\">\n<td colspan=\"1\"><span class=\"block px-4\">Product size (l x w x h)<\/span><\/td>\n<td class=\"text-center\">\n<div class=\"px-10 md:px-20 flex items-center justify-center\">mm<\/div>\n<\/td>\n<td class=\"text-center will-change\">\n<div class=\"px-10 md:px-20 flex items-center justify-center\">1348 x 769 x 1323<\/div>\n<\/td>\n<\/tr>\n<tr class=\" p-2\">\n<td colspan=\"1\"><span class=\"block px-4\">Weight<\/span><\/td>\n<td class=\"text-center\">\n<div class=\"px-10 md:px-20 flex items-center justify-center\">kg<\/div>\n<\/td>\n<td class=\"text-center will-change\">\n<div class=\"px-10 md:px-20 flex items-center justify-center\">250<\/div>\n<\/td>\n<\/tr>\n<tr class=\"bg-grey-200\/50 p-2\">\n<td colspan=\"1\"><span class=\"block px-4\">Connections dry air input\/output<\/span><\/td>\n<td class=\"text-center\">\n<div class=\"px-10 md:px-20 flex items-center justify-center\">\u00d8mm<\/div>\n<\/td>\n<td class=\"text-center will-change\">\n<div class=\"px-10 md:px-20 flex items-center justify-center\">315\/315<\/div>\n<\/td>\n<\/tr>\n<tr class=\" p-2\">\n<td colspan=\"1\"><span class=\"block px-4\">Connections regeneration air input\/output<\/span><\/td>\n<td class=\"text-center\">\n<div class=\"px-10 md:px-20 flex items-center justify-center\">\u00d8mm<\/div>\n<\/td>\n<td class=\"text-center will-change\">\n<div class=\"px-10 md:px-20 flex items-center justify-center\">200\/200<\/div>\n<\/td>\n<\/tr>\n<\/tbody>\n<\/table>\n<\/div>\n<\/div>\n<\/div>\n<\/div>\n<\/div>\n<\/section>\n<section class=\"max-w-[1088px] mx-auto w-full px-5 my-10 md:my-12 lg:my-16 xl:my-20 xl:px-0\" data-block=\"link-list\">\n<div class=\"max-w-[1088px] mx-auto\">\n<div class=\"md:text-center\">\n<ul>\n<li class=\"flex items-center gap-5 text-sm text-black mt-3 md:text-base lg:text-lg\">Adapt\u00e9 aux applications suivantes\u00a0:<\/li>\n<\/ul>\n<\/div>\n<div class=\"mt-6 max-w-4xl mx-auto\">\n<div class=\"flex flex-wrap md:ml-20\">\n<div class=\"w-full md:w-1\/2 auto-bullets md:pr-16\">\n<ul>\n<li class=\"flex items-center gap-5 text-sm text-black mt-3 md:text-base lg:text-lg\">Agriculture<br \/>\nArchives et conservation<br \/>\nB\u00e2timents commerciaux<br \/>\nCentres de donn\u00e9es et t\u00e9l\u00e9communications<br \/>\nAgroalimentaire<br \/>\nSites patrimoniaux<br \/>\nIndustrie, usines et production<br \/>\nLoisirs et loisirs<br \/>\nMilitaire et a\u00e9rospatial<br \/>\nMus\u00e9es et galeries<br \/>\nIndustrie pharmaceutique et scientifique<br \/>\nTransport et logistique<br \/>\nEntrep\u00f4ts et stockage<br \/>\nRestauration apr\u00e8s d\u00e9g\u00e2ts des eaux<br \/>\nR\u00e9seaux d&rsquo;eau<\/li>\n<\/ul>\n<\/div>\n<\/div>\n<\/div>\n<\/div>\n<\/section>\n","protected":false},"excerpt":{"rendered":"<div class=\"max-w-4xl\">\n<div class=\"text-xl font-bold mt-1 md:mt-2\">\n<p>D\u00e9shumidificateur \u00e0 adsorption industriel<\/p>\n<p>Le d\u00e9shumidificateur \u00e0 adsorption industriel TTR 2800 peut traiter pr\u00e8s de 400 kg de d\u00e9shumidification par jour, m\u00eame dans des conditions ambiantes froides avec un point de ros\u00e9e bas. Il constitue ainsi la solution id\u00e9ale pour diverses t\u00e2ches de d\u00e9shumidification de l&rsquo;air et du gaz dans les entreprises industrielles, de transport ou de services publics, afin de prot\u00e9ger les produits, les machines, les stocks et les b\u00e2timents contre la corrosion, la condensation et la formation de moisissures. Le TTR 2800 est dot\u00e9 d&rsquo;un bo\u00eetier standard en acier inoxydable et d&rsquo;un bo\u00eetier de commande \u00e9lectrique avec protection IP44, ce qui le rend r\u00e9sistant \u00e0 la corrosion et adapt\u00e9 au maintien au sec ou \u00e0 la production d&rsquo;air sec \u00e0 basse temp\u00e9rature ou dans des conditions exigeantes pour les mat\u00e9riaux, y compris les zones sensibles \u00e0 l&rsquo;hygi\u00e8ne.<\/p>\n<p>Contactez notre \u00e9quipe pour d\u00e9terminer le d\u00e9shumidificateur \u00e0 adsorption ou le type de d\u00e9shumidificateur commercial le mieux adapt\u00e9 \u00e0 votre application.<\/p>\n<\/div>\n<\/div>\n","protected":false},"featured_media":29537,"template":"","meta":[],"product_brand":[],"product_cat":[412,416,495],"product_tag":[],"class_list":{"0":"post-29542","1":"product","2":"type-product","3":"status-publish","4":"has-post-thumbnail","6":"product_cat-climatisation-deshumidificateur-dair-ventilateur-fr-ventilation","7":"product_cat-deshumidificateurs","8":"product_cat-deshumidificateurs-deshydratants-adsorption","10":"first","11":"instock","12":"shipping-taxable","13":"purchasable","14":"product-type-simple"},"yoast_head":"<!-- This site is optimized with the Yoast SEO plugin v27.1.1 - https:\/\/yoast.com\/product\/yoast-seo-wordpress\/ -->\n<title>Dantherm TTR 2800 \u2013 D\u00e9shumidificateur \u00e0 adsorption - Climate Master<\/title>\n<meta name=\"robots\" content=\"index, follow, max-snippet:-1, max-image-preview:large, max-video-preview:-1\" \/>\n<link rel=\"canonical\" href=\"https:\/\/climatemaster.ge\/fr\/produit\/dantherm-ttr-2800-desiccant-dehumidifier\/\" \/>\n<meta property=\"og:locale\" content=\"fr_FR\" \/>\n<meta property=\"og:type\" content=\"article\" \/>\n<meta property=\"og:title\" content=\"Dantherm TTR 2800 \u2013 D\u00e9shumidificateur \u00e0 adsorption - Climate Master\" \/>\n<meta property=\"og:description\" content=\"D\u00e9shumidificateur \u00e0 adsorption industriel  Le d\u00e9shumidificateur \u00e0 adsorption industriel TTR 2800 peut traiter pr\u00e8s de 400 kg de d\u00e9shumidification par jour, m\u00eame dans des conditions ambiantes froides avec un point de ros\u00e9e bas. Il constitue ainsi la solution id\u00e9ale pour diverses t\u00e2ches de d\u00e9shumidification de l&#039;air et du gaz dans les entreprises industrielles, de transport ou de services publics, afin de prot\u00e9ger les produits, les machines, les stocks et les b\u00e2timents contre la corrosion, la condensation et la formation de moisissures. Le TTR 2800 est dot\u00e9 d&#039;un bo\u00eetier standard en acier inoxydable et d&#039;un bo\u00eetier de commande \u00e9lectrique avec protection IP44, ce qui le rend r\u00e9sistant \u00e0 la corrosion et adapt\u00e9 au maintien au sec ou \u00e0 la production d&#039;air sec \u00e0 basse temp\u00e9rature ou dans des conditions exigeantes pour les mat\u00e9riaux, y compris les zones sensibles \u00e0 l&#039;hygi\u00e8ne.  Contactez notre \u00e9quipe pour d\u00e9terminer le d\u00e9shumidificateur \u00e0 adsorption ou le type de d\u00e9shumidificateur commercial le mieux adapt\u00e9 \u00e0 votre application.\" \/>\n<meta property=\"og:url\" content=\"https:\/\/climatemaster.ge\/fr\/produit\/dantherm-ttr-2800-desiccant-dehumidifier\/\" \/>\n<meta property=\"og:site_name\" content=\"Climate Master\" \/>\n<meta property=\"article:modified_time\" content=\"2025-04-12T13:10:31+00:00\" \/>\n<meta property=\"og:image\" content=\"https:\/\/climatemaster.ge\/wp-content\/uploads\/2025\/04\/Dantherm-TTR-2800-main-right.jpg\" \/>\n\t<meta property=\"og:image:width\" content=\"1000\" \/>\n\t<meta property=\"og:image:height\" content=\"1000\" \/>\n\t<meta property=\"og:image:type\" content=\"image\/jpeg\" \/>\n<meta name=\"twitter:card\" content=\"summary_large_image\" \/>\n<meta name=\"twitter:label1\" content=\"Dur\u00e9e de lecture estim\u00e9e\" \/>\n\t<meta name=\"twitter:data1\" content=\"2 minutes\" \/>\n<script type=\"application\/ld+json\" class=\"yoast-schema-graph\">{\"@context\":\"https:\/\/schema.org\",\"@graph\":[{\"@type\":\"WebPage\",\"@id\":\"https:\/\/climatemaster.ge\/fr\/produit\/dantherm-ttr-2800-desiccant-dehumidifier\/\",\"url\":\"https:\/\/climatemaster.ge\/fr\/produit\/dantherm-ttr-2800-desiccant-dehumidifier\/\",\"name\":\"Dantherm TTR 2800 \u2013 D\u00e9shumidificateur \u00e0 adsorption - Climate Master\",\"isPartOf\":{\"@id\":\"https:\/\/climatemaster.ge\/#website\"},\"primaryImageOfPage\":{\"@id\":\"https:\/\/climatemaster.ge\/fr\/produit\/dantherm-ttr-2800-desiccant-dehumidifier\/#primaryimage\"},\"image\":{\"@id\":\"https:\/\/climatemaster.ge\/fr\/produit\/dantherm-ttr-2800-desiccant-dehumidifier\/#primaryimage\"},\"thumbnailUrl\":\"https:\/\/climatemaster.ge\/wp-content\/uploads\/2025\/04\/Dantherm-TTR-2800-main-right.jpg\",\"datePublished\":\"2025-04-12T13:02:58+00:00\",\"dateModified\":\"2025-04-12T13:10:31+00:00\",\"breadcrumb\":{\"@id\":\"https:\/\/climatemaster.ge\/fr\/produit\/dantherm-ttr-2800-desiccant-dehumidifier\/#breadcrumb\"},\"inLanguage\":\"fr-FR\",\"potentialAction\":[{\"@type\":\"ReadAction\",\"target\":[\"https:\/\/climatemaster.ge\/fr\/produit\/dantherm-ttr-2800-desiccant-dehumidifier\/\"]}]},{\"@type\":\"ImageObject\",\"inLanguage\":\"fr-FR\",\"@id\":\"https:\/\/climatemaster.ge\/fr\/produit\/dantherm-ttr-2800-desiccant-dehumidifier\/#primaryimage\",\"url\":\"https:\/\/climatemaster.ge\/wp-content\/uploads\/2025\/04\/Dantherm-TTR-2800-main-right.jpg\",\"contentUrl\":\"https:\/\/climatemaster.ge\/wp-content\/uploads\/2025\/04\/Dantherm-TTR-2800-main-right.jpg\",\"width\":1000,\"height\":1000},{\"@type\":\"BreadcrumbList\",\"@id\":\"https:\/\/climatemaster.ge\/fr\/produit\/dantherm-ttr-2800-desiccant-dehumidifier\/#breadcrumb\",\"itemListElement\":[{\"@type\":\"ListItem\",\"position\":1,\"name\":\"Home\",\"item\":\"https:\/\/climatemaster.ge\/\"},{\"@type\":\"ListItem\",\"position\":2,\"name\":\"Products\",\"item\":\"https:\/\/climatemaster.ge\/products\/\"},{\"@type\":\"ListItem\",\"position\":3,\"name\":\"Dantherm TTR 2800 \u2013 D\u00e9shumidificateur \u00e0 adsorption\"}]},{\"@type\":\"WebSite\",\"@id\":\"https:\/\/climatemaster.ge\/#website\",\"url\":\"https:\/\/climatemaster.ge\/\",\"name\":\"Climate Master\",\"description\":\"\",\"publisher\":{\"@id\":\"https:\/\/climatemaster.ge\/#organization\"},\"potentialAction\":[{\"@type\":\"SearchAction\",\"target\":{\"@type\":\"EntryPoint\",\"urlTemplate\":\"https:\/\/climatemaster.ge\/?s={search_term_string}\"},\"query-input\":{\"@type\":\"PropertyValueSpecification\",\"valueRequired\":true,\"valueName\":\"search_term_string\"}}],\"inLanguage\":\"fr-FR\"},{\"@type\":\"Organization\",\"@id\":\"https:\/\/climatemaster.ge\/#organization\",\"name\":\"Climate Master\",\"url\":\"https:\/\/climatemaster.ge\/\",\"logo\":{\"@type\":\"ImageObject\",\"inLanguage\":\"fr-FR\",\"@id\":\"https:\/\/climatemaster.ge\/#\/schema\/logo\/image\/\",\"url\":\"https:\/\/climatemaster.ge\/wp-content\/uploads\/2026\/03\/Untitled-2.png\",\"contentUrl\":\"https:\/\/climatemaster.ge\/wp-content\/uploads\/2026\/03\/Untitled-2.png\",\"width\":600,\"height\":338,\"caption\":\"Climate Master\"},\"image\":{\"@id\":\"https:\/\/climatemaster.ge\/#\/schema\/logo\/image\/\"}}]}<\/script>\n<!-- \/ Yoast SEO plugin. -->","yoast_head_json":{"title":"Dantherm TTR 2800 \u2013 D\u00e9shumidificateur \u00e0 adsorption - Climate Master","robots":{"index":"index","follow":"follow","max-snippet":"max-snippet:-1","max-image-preview":"max-image-preview:large","max-video-preview":"max-video-preview:-1"},"canonical":"https:\/\/climatemaster.ge\/fr\/produit\/dantherm-ttr-2800-desiccant-dehumidifier\/","og_locale":"fr_FR","og_type":"article","og_title":"Dantherm TTR 2800 \u2013 D\u00e9shumidificateur \u00e0 adsorption - Climate Master","og_description":"D\u00e9shumidificateur \u00e0 adsorption industriel  Le d\u00e9shumidificateur \u00e0 adsorption industriel TTR 2800 peut traiter pr\u00e8s de 400 kg de d\u00e9shumidification par jour, m\u00eame dans des conditions ambiantes froides avec un point de ros\u00e9e bas. Il constitue ainsi la solution id\u00e9ale pour diverses t\u00e2ches de d\u00e9shumidification de l'air et du gaz dans les entreprises industrielles, de transport ou de services publics, afin de prot\u00e9ger les produits, les machines, les stocks et les b\u00e2timents contre la corrosion, la condensation et la formation de moisissures. Le TTR 2800 est dot\u00e9 d'un bo\u00eetier standard en acier inoxydable et d'un bo\u00eetier de commande \u00e9lectrique avec protection IP44, ce qui le rend r\u00e9sistant \u00e0 la corrosion et adapt\u00e9 au maintien au sec ou \u00e0 la production d'air sec \u00e0 basse temp\u00e9rature ou dans des conditions exigeantes pour les mat\u00e9riaux, y compris les zones sensibles \u00e0 l'hygi\u00e8ne.  Contactez notre \u00e9quipe pour d\u00e9terminer le d\u00e9shumidificateur \u00e0 adsorption ou le type de d\u00e9shumidificateur commercial le mieux adapt\u00e9 \u00e0 votre application.","og_url":"https:\/\/climatemaster.ge\/fr\/produit\/dantherm-ttr-2800-desiccant-dehumidifier\/","og_site_name":"Climate Master","article_modified_time":"2025-04-12T13:10:31+00:00","og_image":[{"width":1000,"height":1000,"url":"https:\/\/climatemaster.ge\/wp-content\/uploads\/2025\/04\/Dantherm-TTR-2800-main-right.jpg","type":"image\/jpeg"}],"twitter_card":"summary_large_image","twitter_misc":{"Dur\u00e9e de lecture estim\u00e9e":"2 minutes"},"schema":{"@context":"https:\/\/schema.org","@graph":[{"@type":"WebPage","@id":"https:\/\/climatemaster.ge\/fr\/produit\/dantherm-ttr-2800-desiccant-dehumidifier\/","url":"https:\/\/climatemaster.ge\/fr\/produit\/dantherm-ttr-2800-desiccant-dehumidifier\/","name":"Dantherm TTR 2800 \u2013 D\u00e9shumidificateur \u00e0 adsorption - Climate Master","isPartOf":{"@id":"https:\/\/climatemaster.ge\/#website"},"primaryImageOfPage":{"@id":"https:\/\/climatemaster.ge\/fr\/produit\/dantherm-ttr-2800-desiccant-dehumidifier\/#primaryimage"},"image":{"@id":"https:\/\/climatemaster.ge\/fr\/produit\/dantherm-ttr-2800-desiccant-dehumidifier\/#primaryimage"},"thumbnailUrl":"https:\/\/climatemaster.ge\/wp-content\/uploads\/2025\/04\/Dantherm-TTR-2800-main-right.jpg","datePublished":"2025-04-12T13:02:58+00:00","dateModified":"2025-04-12T13:10:31+00:00","breadcrumb":{"@id":"https:\/\/climatemaster.ge\/fr\/produit\/dantherm-ttr-2800-desiccant-dehumidifier\/#breadcrumb"},"inLanguage":"fr-FR","potentialAction":[{"@type":"ReadAction","target":["https:\/\/climatemaster.ge\/fr\/produit\/dantherm-ttr-2800-desiccant-dehumidifier\/"]}]},{"@type":"ImageObject","inLanguage":"fr-FR","@id":"https:\/\/climatemaster.ge\/fr\/produit\/dantherm-ttr-2800-desiccant-dehumidifier\/#primaryimage","url":"https:\/\/climatemaster.ge\/wp-content\/uploads\/2025\/04\/Dantherm-TTR-2800-main-right.jpg","contentUrl":"https:\/\/climatemaster.ge\/wp-content\/uploads\/2025\/04\/Dantherm-TTR-2800-main-right.jpg","width":1000,"height":1000},{"@type":"BreadcrumbList","@id":"https:\/\/climatemaster.ge\/fr\/produit\/dantherm-ttr-2800-desiccant-dehumidifier\/#breadcrumb","itemListElement":[{"@type":"ListItem","position":1,"name":"Home","item":"https:\/\/climatemaster.ge\/"},{"@type":"ListItem","position":2,"name":"Products","item":"https:\/\/climatemaster.ge\/products\/"},{"@type":"ListItem","position":3,"name":"Dantherm TTR 2800 \u2013 D\u00e9shumidificateur \u00e0 adsorption"}]},{"@type":"WebSite","@id":"https:\/\/climatemaster.ge\/#website","url":"https:\/\/climatemaster.ge\/","name":"Climate Master","description":"","publisher":{"@id":"https:\/\/climatemaster.ge\/#organization"},"potentialAction":[{"@type":"SearchAction","target":{"@type":"EntryPoint","urlTemplate":"https:\/\/climatemaster.ge\/?s={search_term_string}"},"query-input":{"@type":"PropertyValueSpecification","valueRequired":true,"valueName":"search_term_string"}}],"inLanguage":"fr-FR"},{"@type":"Organization","@id":"https:\/\/climatemaster.ge\/#organization","name":"Climate Master","url":"https:\/\/climatemaster.ge\/","logo":{"@type":"ImageObject","inLanguage":"fr-FR","@id":"https:\/\/climatemaster.ge\/#\/schema\/logo\/image\/","url":"https:\/\/climatemaster.ge\/wp-content\/uploads\/2026\/03\/Untitled-2.png","contentUrl":"https:\/\/climatemaster.ge\/wp-content\/uploads\/2026\/03\/Untitled-2.png","width":600,"height":338,"caption":"Climate Master"},"image":{"@id":"https:\/\/climatemaster.ge\/#\/schema\/logo\/image\/"}}]}},"_links":{"self":[{"href":"https:\/\/climatemaster.ge\/fr\/wp-json\/wp\/v2\/product\/29542","targetHints":{"allow":["GET"]}}],"collection":[{"href":"https:\/\/climatemaster.ge\/fr\/wp-json\/wp\/v2\/product"}],"about":[{"href":"https:\/\/climatemaster.ge\/fr\/wp-json\/wp\/v2\/types\/product"}],"wp:featuredmedia":[{"embeddable":true,"href":"https:\/\/climatemaster.ge\/fr\/wp-json\/wp\/v2\/media\/29537"}],"wp:attachment":[{"href":"https:\/\/climatemaster.ge\/fr\/wp-json\/wp\/v2\/media?parent=29542"}],"wp:term":[{"taxonomy":"product_brand","embeddable":true,"href":"https:\/\/climatemaster.ge\/fr\/wp-json\/wp\/v2\/product_brand?post=29542"},{"taxonomy":"product_cat","embeddable":true,"href":"https:\/\/climatemaster.ge\/fr\/wp-json\/wp\/v2\/product_cat?post=29542"},{"taxonomy":"product_tag","embeddable":true,"href":"https:\/\/climatemaster.ge\/fr\/wp-json\/wp\/v2\/product_tag?post=29542"}],"curies":[{"name":"wp","href":"https:\/\/api.w.org\/{rel}","templated":true}]}}