{"id":28558,"date":"2025-04-07T18:34:50","date_gmt":"2025-04-07T14:34:50","guid":{"rendered":"https:\/\/airsystems.ge\/shop\/product\/trotec-airozon-10000-ozone-disinfector\/"},"modified":"2025-04-07T18:44:11","modified_gmt":"2025-04-07T14:44:11","slug":"trotec-airozon-10000-ozone-disinfector","status":"publish","type":"product","link":"https:\/\/climatemaster.ge\/fr\/produit\/trotec-airozon-10000-ozone-disinfector\/","title":{"rendered":"Trotec Airozon 10000 \u2013 D\u00e9sinfecteur \u00e0 l&rsquo;ozone"},"content":{"rendered":"<section class=\"max-w-[1088px] mx-auto w-full px-5 my-10 md:my-12 lg:my-16 xl:my-20 xl:px-0\" data-block=\"bullet-list\">\n<div class=\"md:text-center\">\n<h3 class=\"text-black font-bold text-lg md:text-xl lg:text-2xl\">Caract\u00e9ristiques principales<\/h3>\n<\/div>\n<div class=\"mt-6 md:mt-10\">\n<div class=\"flex flex-wrap\">\n<div class=\"w-full md:w-1\/2 auto-bullets md:pr-16\">\n<ul>\n<li class=\"text-sm md:text-base text-black mt-3 flex items-start\">\n<div class=\"pl-5\">Appareil compact et robuste pour une d\u00e9sinfection et une neutralisation des odeurs professionnelles<br \/>\nD\u00e9bit d&rsquo;ozone jusqu&rsquo;\u00e0 10\u00a0000 mg\/h<br \/>\nD\u00e9sinfection scientifiquement prouv\u00e9e des pi\u00e8ces et des surfaces<br \/>\n\u00c9lectrode d&rsquo;ozone ultra-r\u00e9sistante<br \/>\nPanneau de commande intuitif pour une utilisation facile<br \/>\nFonction minuterie pour r\u00e9gler la dur\u00e9e de traitement (de 0 minute \u00e0 30 heures)<br \/>\nCompteur horaire de fonctionnement pour enregistrer la dur\u00e9e de fonctionnement du syst\u00e8me<br \/>\nFiltre \u00e0 air int\u00e9gr\u00e9 pour minimiser la contamination des composants internes<\/div>\n<\/li>\n<\/ul>\n<\/div>\n<\/div>\n<\/div>\n<\/section>\n<section class=\"max-w-[1088px] mx-auto w-full px-5 my-10 md:my-12 lg:my-16 xl:my-20 xl:px-0\" data-block=\"product-specifications\">\n<div class=\"md:text-center\">\n<h3 class=\"text-black font-bold text-lg md:text-xl lg:text-2xl\"><strong>Product specifications<\/strong><\/h3>\n<\/div>\n<div class=\" md:mt-10\">\n<div class=\"\">\n<div class=\"lg:mt-0 \">\n<div id=\"spec-airozon-10000\" class=\"prose max-w-full md:overflow-auto\" data-spec-content=\"\">\n<div class=\"spreadsheet-container hidden md:block\">\n<table class=\"w-full table-fixed mb-0\">\n<thead>\n<tr>\n<th class=\"font-bold text-base\"><span class=\"block px-4\">Specifications<\/span><\/th>\n<th class=\"font-bold text-base text-center\"><span class=\"block px-10 md:px-20\">Units<\/span><\/th>\n<th class=\"font-bold text-base text-center will-change\"><span class=\"block px-4\">Airozon\u00a010000<\/span><\/th>\n<\/tr>\n<\/thead>\n<tbody>\n<tr class=\"bg-grey-200\/50 p-2\">\n<td colspan=\"1\"><span class=\"block px-4\">Air flow rate max.<\/span><\/td>\n<td class=\"text-center\">\n<div class=\"px-10 md:px-20 flex items-center justify-center\">m\u00b3\/h<\/div>\n<\/td>\n<td class=\"text-center will-change\">\n<div class=\"px-10 md:px-20 flex items-center justify-center\">500<\/div>\n<\/td>\n<\/tr>\n<tr class=\" p-2\">\n<td colspan=\"1\"><span class=\"block px-4\">Ozone output<\/span><\/td>\n<td class=\"text-center\">\n<div class=\"px-10 md:px-20 flex items-center justify-center\">mg\/h<\/div>\n<\/td>\n<td class=\"text-center will-change\">\n<div class=\"px-10 md:px-20 flex items-center justify-center\">10,000<\/div>\n<\/td>\n<\/tr>\n<tr class=\"bg-grey-200\/50 p-2\">\n<td colspan=\"1\"><span class=\"block px-4\">Power supply<\/span><\/td>\n<td class=\"text-center\">\n<div class=\"px-10 md:px-20 flex items-center justify-center\">V\/Hz<\/div>\n<\/td>\n<td class=\"text-center will-change\">\n<div class=\"px-10 md:px-20 flex items-center justify-center\">230\/1ph\/50-60<\/div>\n<\/td>\n<\/tr>\n<tr class=\" p-2\">\n<td colspan=\"1\"><span class=\"block px-4\">Power input max.<\/span><\/td>\n<td class=\"text-center\">\n<div class=\"px-10 md:px-20 flex items-center justify-center\">W<\/div>\n<\/td>\n<td class=\"text-center will-change\">\n<div class=\"px-10 md:px-20 flex items-center justify-center\">230<\/div>\n<\/td>\n<\/tr>\n<tr class=\"bg-grey-200\/50 p-2\">\n<td colspan=\"1\"><span class=\"block px-4\">Current consumption<\/span><\/td>\n<td class=\"text-center\">\n<div class=\"px-10 md:px-20 flex items-center justify-center\">A<\/div>\n<\/td>\n<td class=\"text-center will-change\">\n<div class=\"px-10 md:px-20 flex items-center justify-center\">1.5<\/div>\n<\/td>\n<\/tr>\n<tr class=\" p-2\">\n<td colspan=\"1\"><span class=\"block px-4\">Sound level @3m<\/span><\/td>\n<td class=\"text-center\">\n<div class=\"px-10 md:px-20 flex items-center justify-center\">dB(A)<\/div>\n<\/td>\n<td class=\"text-center will-change\">\n<div class=\"px-10 md:px-20 flex items-center justify-center\">&lt;70<\/div>\n<\/td>\n<\/tr>\n<tr class=\"bg-grey-200\/50 p-2\">\n<td colspan=\"1\"><span class=\"block px-4\">Product size (l x w x h)<\/span><\/td>\n<td class=\"text-center\">\n<div class=\"px-10 md:px-20 flex items-center justify-center\">mm<\/div>\n<\/td>\n<td class=\"text-center will-change\">\n<div class=\"px-10 md:px-20 flex items-center justify-center\">460 x 310 x 310<\/div>\n<\/td>\n<\/tr>\n<tr class=\" p-2\">\n<td colspan=\"1\"><span class=\"block px-4\">Weight<\/span><\/td>\n<td class=\"text-center\">\n<div class=\"px-10 md:px-20 flex items-center justify-center\">kg<\/div>\n<\/td>\n<td class=\"text-center will-change\">\n<div class=\"px-10 md:px-20 flex items-center justify-center\">8<\/div>\n<\/td>\n<\/tr>\n<\/tbody>\n<\/table>\n<\/div>\n<\/div>\n<\/div>\n<\/div>\n<\/div>\n<\/section>\n<section class=\"max-w-[1088px] mx-auto w-full px-5 my-10 md:my-12 lg:my-16 xl:my-20 xl:px-0\" data-block=\"link-list\">\n<div class=\"max-w-[1088px] mx-auto\">\n<div class=\"md:text-center\">\n<ul>\n<li class=\"flex items-center gap-5 text-sm text-black mt-3 md:text-base lg:text-lg\"><strong>Convient pour\u00a0:<\/strong><\/li>\n<\/ul>\n<\/div>\n<div class=\"mt-6 max-w-4xl mx-auto\">\n<div class=\"flex flex-wrap md:ml-20\">\n<div class=\"w-full md:w-1\/2 auto-bullets md:pr-16\">\n<ul>\n<li class=\"flex items-center gap-5 text-sm text-black mt-3 md:text-base lg:text-lg\">Automobile<br \/>\nB\u00e2timents commerciaux<br \/>\nLoisirs et loisirs<br \/>\nLocations<br \/>\nImmeubles r\u00e9sidentiels<br \/>\nTransport et logistique<br \/>\nR\u00e9paration apr\u00e8s d\u00e9g\u00e2ts des eaux<\/li>\n<\/ul>\n<\/div>\n<\/div>\n<\/div>\n<\/div>\n<\/section>\n","protected":false},"excerpt":{"rendered":"<div class=\"max-w-4xl\">\n<div class=\"text-xl font-bold mt-1 md:mt-2\">\n<p>D\u00e9sinfecteurs \u00e0 l&rsquo;ozone<\/p>\n<p>Le Trotec Airozon 10000 est un d\u00e9sinfecteur \u00e0 l&rsquo;ozone compact et puissant, id\u00e9al pour une utilisation dans les espaces de petite et moyenne taille tels que les chambres d&rsquo;h\u00f4tel, les bureaux et les \u00e9tablissements m\u00e9dicaux. Avec un d\u00e9bit d&rsquo;ozone maximal de 10\u00a0000 mg\/h, il \u00e9limine rapidement et efficacement les bact\u00e9ries, virus et autres contaminants atmosph\u00e9riques. Robuste et convivial, ce d\u00e9sinfecteur simplifie son utilisation et son entretien. Il est \u00e9galement \u00e9quip\u00e9 d&rsquo;une minuterie et de fonctions de s\u00e9curit\u00e9 int\u00e9gr\u00e9es pour un traitement \u00e0 l&rsquo;ozone s\u00fbr et efficace. Gr\u00e2ce \u00e0 ses performances fiables et \u00e0 sa taille compacte, l&rsquo;Airozon 10000 est un excellent choix pour une d\u00e9sinfection efficace de l&rsquo;air.<\/p>\n<\/div>\n<\/div>\n","protected":false},"featured_media":28547,"template":"","meta":[],"product_brand":[],"product_cat":[412,417],"product_tag":[],"class_list":{"0":"post-28558","1":"product","2":"type-product","3":"status-publish","4":"has-post-thumbnail","6":"product_cat-climatisation-deshumidificateur-dair-ventilateur-fr-ventilation","7":"product_cat-desinfection","9":"first","10":"instock","11":"shipping-taxable","12":"purchasable","13":"product-type-simple"},"yoast_head":"<!-- This site is optimized with the Yoast SEO plugin v27.1.1 - https:\/\/yoast.com\/product\/yoast-seo-wordpress\/ -->\n<title>Trotec Airozon 10000 \u2013 D\u00e9sinfecteur \u00e0 l&#039;ozone - Climate Master<\/title>\n<meta name=\"robots\" content=\"index, follow, max-snippet:-1, max-image-preview:large, max-video-preview:-1\" \/>\n<link rel=\"canonical\" href=\"https:\/\/climatemaster.ge\/fr\/produit\/trotec-airozon-10000-ozone-disinfector\/\" \/>\n<meta property=\"og:locale\" content=\"fr_FR\" \/>\n<meta property=\"og:type\" content=\"article\" \/>\n<meta property=\"og:title\" content=\"Trotec Airozon 10000 \u2013 D\u00e9sinfecteur \u00e0 l&#039;ozone - Climate Master\" \/>\n<meta property=\"og:description\" content=\"D\u00e9sinfecteurs \u00e0 l&#039;ozone  Le Trotec Airozon 10000 est un d\u00e9sinfecteur \u00e0 l&#039;ozone compact et puissant, id\u00e9al pour une utilisation dans les espaces de petite et moyenne taille tels que les chambres d&#039;h\u00f4tel, les bureaux et les \u00e9tablissements m\u00e9dicaux. Avec un d\u00e9bit d&#039;ozone maximal de 10\u00a0000 mg\/h, il \u00e9limine rapidement et efficacement les bact\u00e9ries, virus et autres contaminants atmosph\u00e9riques. Robuste et convivial, ce d\u00e9sinfecteur simplifie son utilisation et son entretien. Il est \u00e9galement \u00e9quip\u00e9 d&#039;une minuterie et de fonctions de s\u00e9curit\u00e9 int\u00e9gr\u00e9es pour un traitement \u00e0 l&#039;ozone s\u00fbr et efficace. Gr\u00e2ce \u00e0 ses performances fiables et \u00e0 sa taille compacte, l&#039;Airozon 10000 est un excellent choix pour une d\u00e9sinfection efficace de l&#039;air.\" \/>\n<meta property=\"og:url\" content=\"https:\/\/climatemaster.ge\/fr\/produit\/trotec-airozon-10000-ozone-disinfector\/\" \/>\n<meta property=\"og:site_name\" content=\"Climate Master\" \/>\n<meta property=\"article:modified_time\" content=\"2025-04-07T14:44:11+00:00\" \/>\n<meta property=\"og:image\" content=\"https:\/\/climatemaster.ge\/wp-content\/uploads\/2025\/04\/Trotec-Airozon-10000-main-leftt.jpg\" \/>\n\t<meta property=\"og:image:width\" content=\"1000\" \/>\n\t<meta property=\"og:image:height\" content=\"1000\" \/>\n\t<meta property=\"og:image:type\" content=\"image\/jpeg\" \/>\n<meta name=\"twitter:card\" content=\"summary_large_image\" \/>\n<meta name=\"twitter:label1\" content=\"Dur\u00e9e de lecture estim\u00e9e\" \/>\n\t<meta name=\"twitter:data1\" content=\"1 minute\" \/>\n<script type=\"application\/ld+json\" class=\"yoast-schema-graph\">{\"@context\":\"https:\/\/schema.org\",\"@graph\":[{\"@type\":\"WebPage\",\"@id\":\"https:\/\/climatemaster.ge\/fr\/produit\/trotec-airozon-10000-ozone-disinfector\/\",\"url\":\"https:\/\/climatemaster.ge\/fr\/produit\/trotec-airozon-10000-ozone-disinfector\/\",\"name\":\"Trotec Airozon 10000 \u2013 D\u00e9sinfecteur \u00e0 l'ozone - Climate Master\",\"isPartOf\":{\"@id\":\"https:\/\/climatemaster.ge\/#website\"},\"primaryImageOfPage\":{\"@id\":\"https:\/\/climatemaster.ge\/fr\/produit\/trotec-airozon-10000-ozone-disinfector\/#primaryimage\"},\"image\":{\"@id\":\"https:\/\/climatemaster.ge\/fr\/produit\/trotec-airozon-10000-ozone-disinfector\/#primaryimage\"},\"thumbnailUrl\":\"https:\/\/climatemaster.ge\/wp-content\/uploads\/2025\/04\/Trotec-Airozon-10000-main-leftt.jpg\",\"datePublished\":\"2025-04-07T14:34:50+00:00\",\"dateModified\":\"2025-04-07T14:44:11+00:00\",\"breadcrumb\":{\"@id\":\"https:\/\/climatemaster.ge\/fr\/produit\/trotec-airozon-10000-ozone-disinfector\/#breadcrumb\"},\"inLanguage\":\"fr-FR\",\"potentialAction\":[{\"@type\":\"ReadAction\",\"target\":[\"https:\/\/climatemaster.ge\/fr\/produit\/trotec-airozon-10000-ozone-disinfector\/\"]}]},{\"@type\":\"ImageObject\",\"inLanguage\":\"fr-FR\",\"@id\":\"https:\/\/climatemaster.ge\/fr\/produit\/trotec-airozon-10000-ozone-disinfector\/#primaryimage\",\"url\":\"https:\/\/climatemaster.ge\/wp-content\/uploads\/2025\/04\/Trotec-Airozon-10000-main-leftt.jpg\",\"contentUrl\":\"https:\/\/climatemaster.ge\/wp-content\/uploads\/2025\/04\/Trotec-Airozon-10000-main-leftt.jpg\",\"width\":1000,\"height\":1000},{\"@type\":\"BreadcrumbList\",\"@id\":\"https:\/\/climatemaster.ge\/fr\/produit\/trotec-airozon-10000-ozone-disinfector\/#breadcrumb\",\"itemListElement\":[{\"@type\":\"ListItem\",\"position\":1,\"name\":\"Home\",\"item\":\"https:\/\/climatemaster.ge\/\"},{\"@type\":\"ListItem\",\"position\":2,\"name\":\"Products\",\"item\":\"https:\/\/climatemaster.ge\/products\/\"},{\"@type\":\"ListItem\",\"position\":3,\"name\":\"Trotec Airozon 10000 \u2013 D\u00e9sinfecteur \u00e0 l&rsquo;ozone\"}]},{\"@type\":\"WebSite\",\"@id\":\"https:\/\/climatemaster.ge\/#website\",\"url\":\"https:\/\/climatemaster.ge\/\",\"name\":\"Climate Master\",\"description\":\"\",\"publisher\":{\"@id\":\"https:\/\/climatemaster.ge\/#organization\"},\"potentialAction\":[{\"@type\":\"SearchAction\",\"target\":{\"@type\":\"EntryPoint\",\"urlTemplate\":\"https:\/\/climatemaster.ge\/?s={search_term_string}\"},\"query-input\":{\"@type\":\"PropertyValueSpecification\",\"valueRequired\":true,\"valueName\":\"search_term_string\"}}],\"inLanguage\":\"fr-FR\"},{\"@type\":\"Organization\",\"@id\":\"https:\/\/climatemaster.ge\/#organization\",\"name\":\"Climate Master\",\"url\":\"https:\/\/climatemaster.ge\/\",\"logo\":{\"@type\":\"ImageObject\",\"inLanguage\":\"fr-FR\",\"@id\":\"https:\/\/climatemaster.ge\/#\/schema\/logo\/image\/\",\"url\":\"https:\/\/climatemaster.ge\/wp-content\/uploads\/2026\/03\/Untitled-2.png\",\"contentUrl\":\"https:\/\/climatemaster.ge\/wp-content\/uploads\/2026\/03\/Untitled-2.png\",\"width\":600,\"height\":338,\"caption\":\"Climate Master\"},\"image\":{\"@id\":\"https:\/\/climatemaster.ge\/#\/schema\/logo\/image\/\"}}]}<\/script>\n<!-- \/ Yoast SEO plugin. -->","yoast_head_json":{"title":"Trotec Airozon 10000 \u2013 D\u00e9sinfecteur \u00e0 l'ozone - Climate Master","robots":{"index":"index","follow":"follow","max-snippet":"max-snippet:-1","max-image-preview":"max-image-preview:large","max-video-preview":"max-video-preview:-1"},"canonical":"https:\/\/climatemaster.ge\/fr\/produit\/trotec-airozon-10000-ozone-disinfector\/","og_locale":"fr_FR","og_type":"article","og_title":"Trotec Airozon 10000 \u2013 D\u00e9sinfecteur \u00e0 l'ozone - Climate Master","og_description":"D\u00e9sinfecteurs \u00e0 l'ozone  Le Trotec Airozon 10000 est un d\u00e9sinfecteur \u00e0 l'ozone compact et puissant, id\u00e9al pour une utilisation dans les espaces de petite et moyenne taille tels que les chambres d'h\u00f4tel, les bureaux et les \u00e9tablissements m\u00e9dicaux. Avec un d\u00e9bit d'ozone maximal de 10\u00a0000 mg\/h, il \u00e9limine rapidement et efficacement les bact\u00e9ries, virus et autres contaminants atmosph\u00e9riques. Robuste et convivial, ce d\u00e9sinfecteur simplifie son utilisation et son entretien. Il est \u00e9galement \u00e9quip\u00e9 d'une minuterie et de fonctions de s\u00e9curit\u00e9 int\u00e9gr\u00e9es pour un traitement \u00e0 l'ozone s\u00fbr et efficace. Gr\u00e2ce \u00e0 ses performances fiables et \u00e0 sa taille compacte, l'Airozon 10000 est un excellent choix pour une d\u00e9sinfection efficace de l'air.","og_url":"https:\/\/climatemaster.ge\/fr\/produit\/trotec-airozon-10000-ozone-disinfector\/","og_site_name":"Climate Master","article_modified_time":"2025-04-07T14:44:11+00:00","og_image":[{"width":1000,"height":1000,"url":"https:\/\/climatemaster.ge\/wp-content\/uploads\/2025\/04\/Trotec-Airozon-10000-main-leftt.jpg","type":"image\/jpeg"}],"twitter_card":"summary_large_image","twitter_misc":{"Dur\u00e9e de lecture estim\u00e9e":"1 minute"},"schema":{"@context":"https:\/\/schema.org","@graph":[{"@type":"WebPage","@id":"https:\/\/climatemaster.ge\/fr\/produit\/trotec-airozon-10000-ozone-disinfector\/","url":"https:\/\/climatemaster.ge\/fr\/produit\/trotec-airozon-10000-ozone-disinfector\/","name":"Trotec Airozon 10000 \u2013 D\u00e9sinfecteur \u00e0 l'ozone - Climate Master","isPartOf":{"@id":"https:\/\/climatemaster.ge\/#website"},"primaryImageOfPage":{"@id":"https:\/\/climatemaster.ge\/fr\/produit\/trotec-airozon-10000-ozone-disinfector\/#primaryimage"},"image":{"@id":"https:\/\/climatemaster.ge\/fr\/produit\/trotec-airozon-10000-ozone-disinfector\/#primaryimage"},"thumbnailUrl":"https:\/\/climatemaster.ge\/wp-content\/uploads\/2025\/04\/Trotec-Airozon-10000-main-leftt.jpg","datePublished":"2025-04-07T14:34:50+00:00","dateModified":"2025-04-07T14:44:11+00:00","breadcrumb":{"@id":"https:\/\/climatemaster.ge\/fr\/produit\/trotec-airozon-10000-ozone-disinfector\/#breadcrumb"},"inLanguage":"fr-FR","potentialAction":[{"@type":"ReadAction","target":["https:\/\/climatemaster.ge\/fr\/produit\/trotec-airozon-10000-ozone-disinfector\/"]}]},{"@type":"ImageObject","inLanguage":"fr-FR","@id":"https:\/\/climatemaster.ge\/fr\/produit\/trotec-airozon-10000-ozone-disinfector\/#primaryimage","url":"https:\/\/climatemaster.ge\/wp-content\/uploads\/2025\/04\/Trotec-Airozon-10000-main-leftt.jpg","contentUrl":"https:\/\/climatemaster.ge\/wp-content\/uploads\/2025\/04\/Trotec-Airozon-10000-main-leftt.jpg","width":1000,"height":1000},{"@type":"BreadcrumbList","@id":"https:\/\/climatemaster.ge\/fr\/produit\/trotec-airozon-10000-ozone-disinfector\/#breadcrumb","itemListElement":[{"@type":"ListItem","position":1,"name":"Home","item":"https:\/\/climatemaster.ge\/"},{"@type":"ListItem","position":2,"name":"Products","item":"https:\/\/climatemaster.ge\/products\/"},{"@type":"ListItem","position":3,"name":"Trotec Airozon 10000 \u2013 D\u00e9sinfecteur \u00e0 l&rsquo;ozone"}]},{"@type":"WebSite","@id":"https:\/\/climatemaster.ge\/#website","url":"https:\/\/climatemaster.ge\/","name":"Climate Master","description":"","publisher":{"@id":"https:\/\/climatemaster.ge\/#organization"},"potentialAction":[{"@type":"SearchAction","target":{"@type":"EntryPoint","urlTemplate":"https:\/\/climatemaster.ge\/?s={search_term_string}"},"query-input":{"@type":"PropertyValueSpecification","valueRequired":true,"valueName":"search_term_string"}}],"inLanguage":"fr-FR"},{"@type":"Organization","@id":"https:\/\/climatemaster.ge\/#organization","name":"Climate Master","url":"https:\/\/climatemaster.ge\/","logo":{"@type":"ImageObject","inLanguage":"fr-FR","@id":"https:\/\/climatemaster.ge\/#\/schema\/logo\/image\/","url":"https:\/\/climatemaster.ge\/wp-content\/uploads\/2026\/03\/Untitled-2.png","contentUrl":"https:\/\/climatemaster.ge\/wp-content\/uploads\/2026\/03\/Untitled-2.png","width":600,"height":338,"caption":"Climate Master"},"image":{"@id":"https:\/\/climatemaster.ge\/#\/schema\/logo\/image\/"}}]}},"_links":{"self":[{"href":"https:\/\/climatemaster.ge\/fr\/wp-json\/wp\/v2\/product\/28558","targetHints":{"allow":["GET"]}}],"collection":[{"href":"https:\/\/climatemaster.ge\/fr\/wp-json\/wp\/v2\/product"}],"about":[{"href":"https:\/\/climatemaster.ge\/fr\/wp-json\/wp\/v2\/types\/product"}],"wp:featuredmedia":[{"embeddable":true,"href":"https:\/\/climatemaster.ge\/fr\/wp-json\/wp\/v2\/media\/28547"}],"wp:attachment":[{"href":"https:\/\/climatemaster.ge\/fr\/wp-json\/wp\/v2\/media?parent=28558"}],"wp:term":[{"taxonomy":"product_brand","embeddable":true,"href":"https:\/\/climatemaster.ge\/fr\/wp-json\/wp\/v2\/product_brand?post=28558"},{"taxonomy":"product_cat","embeddable":true,"href":"https:\/\/climatemaster.ge\/fr\/wp-json\/wp\/v2\/product_cat?post=28558"},{"taxonomy":"product_tag","embeddable":true,"href":"https:\/\/climatemaster.ge\/fr\/wp-json\/wp\/v2\/product_tag?post=28558"}],"curies":[{"name":"wp","href":"https:\/\/api.w.org\/{rel}","templated":true}]}}