{"id":28509,"date":"2025-04-07T17:06:26","date_gmt":"2025-04-07T13:06:26","guid":{"rendered":"https:\/\/airsystems.ge\/shop\/product\/efi-75xx-explosion-proof-ventilator\/"},"modified":"2025-04-07T17:36:24","modified_gmt":"2025-04-07T13:36:24","slug":"efi-75xx-explosion-proof-ventilator","status":"publish","type":"product","link":"https:\/\/climatemaster.ge\/fr\/produit\/efi-75xx-explosion-proof-ventilator\/","title":{"rendered":"EFi 75xx \u2013 Ventilateur antid\u00e9flagrant Ventilation des puits"},"content":{"rendered":"<section class=\"max-w-[1088px] mx-auto w-full px-5 my-10 md:my-12 lg:my-16 xl:my-20 xl:px-0\" data-block=\"bullet-list\">\n<div class=\"md:text-center\">\n<h3 class=\"text-black font-bold text-lg md:text-xl lg:text-2xl\">Caract\u00e9ristiques principales<\/h3>\n<\/div>\n<div class=\"mt-6 md:mt-10\">\n<div class=\"flex flex-wrap\">\n<div class=\"w-full md:w-1\/2 auto-bullets md:pr-16\">\n<ul>\n<li class=\"text-sm md:text-base text-black mt-3 flex items-start\">\n<div class=\"pl-5\">Ventilateur antid\u00e9flagrant ATEX<br \/>\nPour conditions de travail difficiles<br \/>\nBo\u00eetier antistatique en PC\/ABS, r\u00e9sistant aux intemp\u00e9ries, ignifuge et aux produits chimiques<br \/>\nD\u00e9bit d&rsquo;air \u00e9lev\u00e9<br \/>\nTransport facile gr\u00e2ce \u00e0 une poign\u00e9e confortable<br \/>\nPossibilit\u00e9 de raccorder un tube flexible<br \/>\nProtection efficace contre la poussi\u00e8re et l&rsquo;eau<br \/>\nSoufflez ou \u00e9vacuez les gaz dangereux en toute s\u00e9curit\u00e9, avec un risque minimal d&rsquo;\u00e9tincelles.<br \/>\nCertification Atex\u00a0: II 2 G Ex db eb IIB T6 Gb, II 2 G Ex IIB T6 Gb, Zone 1+2<\/div>\n<\/li>\n<\/ul>\n<\/div>\n<\/div>\n<\/div>\n<\/section>\n<section class=\"max-w-[1088px] mx-auto w-full my-10 md:my-12 lg:my-16 xl:my-20\" data-block=\"content-block\">\n<div class=\"max-w-[1088px] mx-auto\">\n<div class=\"flex flex-col items-center gap-6 px-5 w-full md:grid md:grid-cols-12 md:items-stretch xl:px-0\" data-content-block=\"container\">\n<div class=\"relative flex flex-col gap-5 w-full md:col-span-12 md:col-start-1 sm:items-start sm:text-left order-first md:order-none\" data-content-block=\"column\">\n<div class=\"prose text-pretty max-w-full text-left text-black prose-p:text-black prose-headings:mt-6 prose-headings:mb-3 md:prose-headings:text-lg prose-a:text-current prose-a:transition prose-a:ease-linear prose-a:duration-300\" data-content-block=\"text\">\n<p><strong>Sp\u00e9cificit\u00e9s pour les zones antid\u00e9flagrantes<\/strong><\/p>\n<p>Respecter les conditions d&rsquo;installation et les diff\u00e9rentes zones dangereuses. Brancher l&rsquo;appareil uniquement sur une prise de courant antid\u00e9flagrante. Raccorder les flexibles antistatiques \u00e0 la terre si n\u00e9cessaire.<\/p>\n<h3>Ventilateurs pour atmosph\u00e8res explosives<\/h3>\n<p>Les ventilateurs homologu\u00e9s ATEX peuvent \u00eatre utilis\u00e9s en zones 1 et 2.<\/p>\n<p>La zone 1 est une zone o\u00f9 une atmosph\u00e8re explosive dangereuse, compos\u00e9e d&rsquo;un m\u00e9lange d&rsquo;air et de gaz, vapeurs ou brouillards inflammables, est susceptible de se former occasionnellement en fonctionnement normal. L&rsquo;\u00e9quipement est homologu\u00e9 pour le groupe de substances IIB. Un gaz typique du groupe IIB est l&rsquo;\u00e9thyl\u00e8ne, dont l&rsquo;\u00e9nergie d&rsquo;inflammation est comprise entre 60 et 180 mJ.<\/p>\n<h3>Ventilation des puits<\/h3>\n<p>Si la ventilation naturelle existante dans les puits et les r\u00e9seaux de conduits est insuffisante en raison de conditions locales telles que l&#8217;emplacement des puits ou la nature de leur rev\u00eatement, des mesures techniques de ventilation suppl\u00e9mentaires sont n\u00e9cessaires. En particulier par temps chaud, lorsque l&rsquo;air dans le regard est plus froid que celui environnant, une ventilation suffisante est souvent impossible. M\u00eame l&rsquo;ouverture temporaire des couvercles de regard ne suffit pas toujours \u00e0 assurer une ventilation optimale.<\/p>\n<p>Dans les puits d&rsquo;\u00e9gout, par exemple, les gaz vici\u00e9s peuvent d\u00e9placer l&rsquo;oxyg\u00e8ne de l&rsquo;air et entra\u00eener des pertes de connaissance chez les \u00e9goutiers. Une ventilation technique cibl\u00e9e et des ventilateurs puissants permettent d&rsquo;y rem\u00e9dier. L&rsquo;air frais atteint alors directement le lieu de travail et pr\u00e9vient les probl\u00e8mes de sant\u00e9 caus\u00e9s par une mauvaise qualit\u00e9 de l&rsquo;air.<\/p>\n<p>Une ventilation technique suffisante est obtenue lorsque, par exemple, un d\u00e9bit d&rsquo;air d&rsquo;au moins 600 m\u00b3\/h par m\u00b2 de section de conduit est atteint.<\/p>\n<\/div>\n<\/div>\n<\/div>\n<\/div>\n<\/section>\n<section class=\"max-w-[1088px] mx-auto w-full px-5 my-10 md:my-12 lg:my-16 xl:my-20 xl:px-0\" data-block=\"product-specifications\">\n<div class=\"md:text-center\">\n<h3 class=\"text-black font-bold text-lg md:text-xl lg:text-2xl\"><strong>Product specifications<\/strong><\/h3>\n<\/div>\n<div class=\" md:mt-10\">\n<div class=\"\">\n<div class=\"lg:mt-0 \">\n<div id=\"spec-efi-75xx\" class=\"prose max-w-full md:overflow-auto\" data-spec-content=\"\">\n<div class=\"spreadsheet-container hidden md:block\">\n<table class=\"w-full table-fixed mb-0\">\n<thead>\n<tr>\n<th class=\"font-bold text-base\"><span class=\"block px-4\">Specifications<\/span><\/th>\n<th class=\"font-bold text-base text-center\"><span class=\"block px-10 md:px-20\">Units<\/span><\/th>\n<th class=\"font-bold text-base text-center will-change\"><span class=\"block px-4\">Efi\u00a075xx<\/span><\/th>\n<\/tr>\n<\/thead>\n<tbody>\n<tr class=\"bg-grey-200\/50 p-2\">\n<td colspan=\"1\"><span class=\"block px-4\">Air flow<\/span><\/td>\n<td class=\"text-center\">\n<div class=\"px-10 md:px-20 flex items-center justify-center\">m\u00b3\/h<\/div>\n<\/td>\n<td class=\"text-center will-change\">\n<div class=\"px-10 md:px-20 flex items-center justify-center\">4,250<\/div>\n<\/td>\n<\/tr>\n<tr class=\" p-2\">\n<td colspan=\"1\"><span class=\"block px-4\">Air pressure<\/span><\/td>\n<td class=\"text-center\">\n<div class=\"px-10 md:px-20 flex items-center justify-center\">Pa<\/div>\n<\/td>\n<td class=\"text-center will-change\">\n<div class=\"px-10 md:px-20 flex items-center justify-center\">314<\/div>\n<\/td>\n<\/tr>\n<tr class=\"bg-grey-200\/50 p-2\">\n<td colspan=\"1\"><span class=\"block px-4\">Fan<\/span><\/td>\n<td class=\"text-center\">\n<div class=\"px-10 md:px-20 flex items-center justify-center\">type<\/div>\n<\/td>\n<td class=\"text-center will-change\">\n<div class=\"px-10 md:px-20 flex items-center justify-center\">Axial<\/div>\n<\/td>\n<\/tr>\n<tr class=\" p-2\">\n<td colspan=\"1\"><span class=\"block px-4\">Fan speed<\/span><\/td>\n<td class=\"text-center\">\n<div class=\"px-10 md:px-20 flex items-center justify-center\"><\/div>\n<\/td>\n<td class=\"text-center will-change\">\n<div class=\"px-10 md:px-20 flex items-center justify-center\">1<\/div>\n<\/td>\n<\/tr>\n<tr class=\"bg-grey-200\/50 p-2\">\n<td colspan=\"1\"><span class=\"block px-4\">Power consumption<\/span><\/td>\n<td class=\"text-center\">\n<div class=\"px-10 md:px-20 flex items-center justify-center\">W<\/div>\n<\/td>\n<td class=\"text-center will-change\">\n<div class=\"px-10 md:px-20 flex items-center justify-center\">560<\/div>\n<\/td>\n<\/tr>\n<tr class=\" p-2\">\n<td colspan=\"1\"><span class=\"block px-4\">Power supply<\/span><\/td>\n<td class=\"text-center\">\n<div class=\"px-10 md:px-20 flex items-center justify-center\">V\/Hz<\/div>\n<\/td>\n<td class=\"text-center will-change\">\n<div class=\"px-10 md:px-20 flex items-center justify-center\">220-240\/1ph\/50-60<\/div>\n<\/td>\n<\/tr>\n<tr class=\"bg-grey-200\/50 p-2\">\n<td colspan=\"1\"><span class=\"block px-4\">Sound level<\/span><\/td>\n<td class=\"text-center\">\n<div class=\"px-10 md:px-20 flex items-center justify-center\">dB(A)<\/div>\n<\/td>\n<td class=\"text-center will-change\">\n<div class=\"px-10 md:px-20 flex items-center justify-center\">89<\/div>\n<\/td>\n<\/tr>\n<tr class=\" p-2\">\n<td colspan=\"1\"><span class=\"block px-4\">Flex rube diametre<\/span><\/td>\n<td class=\"text-center\">\n<div class=\"px-10 md:px-20 flex items-center justify-center\">\u00d8mm<\/div>\n<\/td>\n<td class=\"text-center will-change\">\n<div class=\"px-10 md:px-20 flex items-center justify-center\">305<\/div>\n<\/td>\n<\/tr>\n<tr class=\"bg-grey-200\/50 p-2\">\n<td colspan=\"1\"><span class=\"block px-4\">Protection class<\/span><\/td>\n<td class=\"text-center\">\n<div class=\"px-10 md:px-20 flex items-center justify-center\"><\/div>\n<\/td>\n<td class=\"text-center will-change\">\n<div class=\"px-10 md:px-20 flex items-center justify-center\">IP55<\/div>\n<\/td>\n<\/tr>\n<tr class=\" p-2\">\n<td colspan=\"1\"><span class=\"block px-4\">Product size (l x w x h)<\/span><\/td>\n<td class=\"text-center\">\n<div class=\"px-10 md:px-20 flex items-center justify-center\">mm<\/div>\n<\/td>\n<td class=\"text-center will-change\">\n<div class=\"px-10 md:px-20 flex items-center justify-center\">406 x 381 x 406<\/div>\n<\/td>\n<\/tr>\n<tr class=\"bg-grey-200\/50 p-2\">\n<td colspan=\"1\"><span class=\"block px-4\">Box size (l x w x h)<\/span><\/td>\n<td class=\"text-center\">\n<div class=\"px-10 md:px-20 flex items-center justify-center\">mm<\/div>\n<\/td>\n<td class=\"text-center will-change\">\n<div class=\"px-10 md:px-20 flex items-center justify-center\">450 x 500 x 520<\/div>\n<\/td>\n<\/tr>\n<tr class=\" p-2\">\n<td colspan=\"1\"><span class=\"block px-4\">Net\/gross weight<\/span><\/td>\n<td class=\"text-center\">\n<div class=\"px-10 md:px-20 flex items-center justify-center\">kg<\/div>\n<\/td>\n<td class=\"text-center will-change\">\n<div class=\"px-10 md:px-20 flex items-center justify-center\">20<\/div>\n<\/td>\n<\/tr>\n<tr class=\"bg-grey-200\/50 p-2\">\n<td colspan=\"1\"><span class=\"block px-4\">Pallet<\/span><\/td>\n<td class=\"text-center\">\n<div class=\"px-10 md:px-20 flex items-center justify-center\">pcs<\/div>\n<\/td>\n<td class=\"text-center will-change\">\n<div class=\"px-10 md:px-20 flex items-center justify-center\">6<\/div>\n<\/td>\n<\/tr>\n<\/tbody>\n<\/table>\n<\/div>\n<\/div>\n<\/div>\n<\/div>\n<\/div>\n<\/section>\n<section class=\"max-w-[1088px] mx-auto w-full px-5 my-10 md:my-12 lg:my-16 xl:my-20 xl:px-0\" data-block=\"link-list\">\n<div class=\"max-w-[1088px] mx-auto\">\n<div class=\"md:text-center\">\n<p class=\"text-black font-bold text-lg md:text-xl lg:text-2xl\"><strong>Convient pour\u00a0:<\/strong><br \/>\nB\u00e2timents commerciaux<br \/>\nIndustrie, usines et production<br \/>\nSoci\u00e9t\u00e9s de location<\/p>\n<\/div>\n<\/div>\n<\/section>\n","protected":false},"excerpt":{"rendered":"<div class=\"max-w-4xl\">\n<div class=\"text-xl font-bold mt-1 md:mt-2\">Axial ventilator explosion-proof<\/div>\n<\/div>\n<p>In potentially explosive environments, the transport ventilator Efi 75xx is the right choice. They draw off dangerous gases safely and quickly.<\/p>\n<p>The casing is made of a robust ABS carbon plastic passes voltage into the floor and thus prevents static charges and for this reason dangerous sparking. The casing and motor sealing is in keeping with the high protection class IP65 and offers an effective protection against dust and water. Anti-static hoses ensure safe operation.<\/p>\n<p>ATEX: motor\/housing: II 2 G Ex db eb IIB T6 Gb, II 2 G Ex IIB T6 Gb, Zone 1+2<\/p>\n","protected":false},"featured_media":28504,"template":"","meta":[],"product_brand":[],"product_cat":[1159,412,419],"product_tag":[],"class_list":{"0":"post-28509","1":"product","2":"type-product","3":"status-publish","4":"has-post-thumbnail","6":"product_cat-axial-ventilateur-antideflagrant","7":"product_cat-climatisation-deshumidificateur-dair-ventilateur-fr-ventilation","8":"product_cat-ventilateur-ventilation-axiaux-radiaux-souffleur-antideflagrants","10":"first","11":"instock","12":"shipping-taxable","13":"purchasable","14":"product-type-simple"},"yoast_head":"<!-- This site is optimized with the Yoast SEO plugin v27.1.1 - https:\/\/yoast.com\/product\/yoast-seo-wordpress\/ -->\n<title>EFi 75xx \u2013 Ventilateur antid\u00e9flagrant Ventilation des puits - Climate Master<\/title>\n<meta name=\"robots\" content=\"index, follow, max-snippet:-1, max-image-preview:large, max-video-preview:-1\" \/>\n<link rel=\"canonical\" href=\"https:\/\/climatemaster.ge\/fr\/produit\/efi-75xx-explosion-proof-ventilator\/\" \/>\n<meta property=\"og:locale\" content=\"fr_FR\" \/>\n<meta property=\"og:type\" content=\"article\" \/>\n<meta property=\"og:title\" content=\"EFi 75xx \u2013 Ventilateur antid\u00e9flagrant Ventilation des puits - Climate Master\" \/>\n<meta property=\"og:description\" content=\"Axial ventilator explosion-proof  In potentially explosive environments, the transport ventilator Efi 75xx is the right choice. They draw off dangerous gases safely and quickly.  The casing is made of a robust ABS carbon plastic passes voltage into the floor and thus prevents static charges and for this reason dangerous sparking. The casing and motor sealing is in keeping with the high protection class IP65 and offers an effective protection against dust and water. Anti-static hoses ensure safe operation.  ATEX: motor\/housing: II 2 G Ex db eb IIB T6 Gb, II 2 G Ex IIB T6 Gb, Zone 1+2\" \/>\n<meta property=\"og:url\" content=\"https:\/\/climatemaster.ge\/fr\/produit\/efi-75xx-explosion-proof-ventilator\/\" \/>\n<meta property=\"og:site_name\" content=\"Climate Master\" \/>\n<meta property=\"article:modified_time\" content=\"2025-04-07T13:36:24+00:00\" \/>\n<meta property=\"og:image\" content=\"https:\/\/climatemaster.ge\/wp-content\/uploads\/2025\/04\/Ventilator-EFi75xx.jpg\" \/>\n\t<meta property=\"og:image:width\" content=\"1000\" \/>\n\t<meta property=\"og:image:height\" content=\"1000\" \/>\n\t<meta property=\"og:image:type\" content=\"image\/jpeg\" \/>\n<meta name=\"twitter:card\" content=\"summary_large_image\" \/>\n<meta name=\"twitter:label1\" content=\"Dur\u00e9e de lecture estim\u00e9e\" \/>\n\t<meta name=\"twitter:data1\" content=\"2 minutes\" \/>\n<script type=\"application\/ld+json\" class=\"yoast-schema-graph\">{\"@context\":\"https:\/\/schema.org\",\"@graph\":[{\"@type\":\"WebPage\",\"@id\":\"https:\/\/climatemaster.ge\/fr\/produit\/efi-75xx-explosion-proof-ventilator\/\",\"url\":\"https:\/\/climatemaster.ge\/fr\/produit\/efi-75xx-explosion-proof-ventilator\/\",\"name\":\"EFi 75xx \u2013 Ventilateur antid\u00e9flagrant Ventilation des puits - Climate Master\",\"isPartOf\":{\"@id\":\"https:\/\/climatemaster.ge\/#website\"},\"primaryImageOfPage\":{\"@id\":\"https:\/\/climatemaster.ge\/fr\/produit\/efi-75xx-explosion-proof-ventilator\/#primaryimage\"},\"image\":{\"@id\":\"https:\/\/climatemaster.ge\/fr\/produit\/efi-75xx-explosion-proof-ventilator\/#primaryimage\"},\"thumbnailUrl\":\"https:\/\/climatemaster.ge\/wp-content\/uploads\/2025\/04\/Ventilator-EFi75xx.jpg\",\"datePublished\":\"2025-04-07T13:06:26+00:00\",\"dateModified\":\"2025-04-07T13:36:24+00:00\",\"breadcrumb\":{\"@id\":\"https:\/\/climatemaster.ge\/fr\/produit\/efi-75xx-explosion-proof-ventilator\/#breadcrumb\"},\"inLanguage\":\"fr-FR\",\"potentialAction\":[{\"@type\":\"ReadAction\",\"target\":[\"https:\/\/climatemaster.ge\/fr\/produit\/efi-75xx-explosion-proof-ventilator\/\"]}]},{\"@type\":\"ImageObject\",\"inLanguage\":\"fr-FR\",\"@id\":\"https:\/\/climatemaster.ge\/fr\/produit\/efi-75xx-explosion-proof-ventilator\/#primaryimage\",\"url\":\"https:\/\/climatemaster.ge\/wp-content\/uploads\/2025\/04\/Ventilator-EFi75xx.jpg\",\"contentUrl\":\"https:\/\/climatemaster.ge\/wp-content\/uploads\/2025\/04\/Ventilator-EFi75xx.jpg\",\"width\":1000,\"height\":1000},{\"@type\":\"BreadcrumbList\",\"@id\":\"https:\/\/climatemaster.ge\/fr\/produit\/efi-75xx-explosion-proof-ventilator\/#breadcrumb\",\"itemListElement\":[{\"@type\":\"ListItem\",\"position\":1,\"name\":\"Home\",\"item\":\"https:\/\/climatemaster.ge\/\"},{\"@type\":\"ListItem\",\"position\":2,\"name\":\"Products\",\"item\":\"https:\/\/climatemaster.ge\/products\/\"},{\"@type\":\"ListItem\",\"position\":3,\"name\":\"EFi 75xx \u2013 Ventilateur antid\u00e9flagrant Ventilation des puits\"}]},{\"@type\":\"WebSite\",\"@id\":\"https:\/\/climatemaster.ge\/#website\",\"url\":\"https:\/\/climatemaster.ge\/\",\"name\":\"Climate Master\",\"description\":\"\",\"publisher\":{\"@id\":\"https:\/\/climatemaster.ge\/#organization\"},\"potentialAction\":[{\"@type\":\"SearchAction\",\"target\":{\"@type\":\"EntryPoint\",\"urlTemplate\":\"https:\/\/climatemaster.ge\/?s={search_term_string}\"},\"query-input\":{\"@type\":\"PropertyValueSpecification\",\"valueRequired\":true,\"valueName\":\"search_term_string\"}}],\"inLanguage\":\"fr-FR\"},{\"@type\":\"Organization\",\"@id\":\"https:\/\/climatemaster.ge\/#organization\",\"name\":\"Climate Master\",\"url\":\"https:\/\/climatemaster.ge\/\",\"logo\":{\"@type\":\"ImageObject\",\"inLanguage\":\"fr-FR\",\"@id\":\"https:\/\/climatemaster.ge\/#\/schema\/logo\/image\/\",\"url\":\"https:\/\/climatemaster.ge\/wp-content\/uploads\/2026\/03\/Untitled-2.png\",\"contentUrl\":\"https:\/\/climatemaster.ge\/wp-content\/uploads\/2026\/03\/Untitled-2.png\",\"width\":600,\"height\":338,\"caption\":\"Climate Master\"},\"image\":{\"@id\":\"https:\/\/climatemaster.ge\/#\/schema\/logo\/image\/\"}}]}<\/script>\n<!-- \/ Yoast SEO plugin. -->","yoast_head_json":{"title":"EFi 75xx \u2013 Ventilateur antid\u00e9flagrant Ventilation des puits - Climate Master","robots":{"index":"index","follow":"follow","max-snippet":"max-snippet:-1","max-image-preview":"max-image-preview:large","max-video-preview":"max-video-preview:-1"},"canonical":"https:\/\/climatemaster.ge\/fr\/produit\/efi-75xx-explosion-proof-ventilator\/","og_locale":"fr_FR","og_type":"article","og_title":"EFi 75xx \u2013 Ventilateur antid\u00e9flagrant Ventilation des puits - Climate Master","og_description":"Axial ventilator explosion-proof  In potentially explosive environments, the transport ventilator Efi 75xx is the right choice. They draw off dangerous gases safely and quickly.  The casing is made of a robust ABS carbon plastic passes voltage into the floor and thus prevents static charges and for this reason dangerous sparking. The casing and motor sealing is in keeping with the high protection class IP65 and offers an effective protection against dust and water. Anti-static hoses ensure safe operation.  ATEX: motor\/housing: II 2 G Ex db eb IIB T6 Gb, II 2 G Ex IIB T6 Gb, Zone 1+2","og_url":"https:\/\/climatemaster.ge\/fr\/produit\/efi-75xx-explosion-proof-ventilator\/","og_site_name":"Climate Master","article_modified_time":"2025-04-07T13:36:24+00:00","og_image":[{"width":1000,"height":1000,"url":"https:\/\/climatemaster.ge\/wp-content\/uploads\/2025\/04\/Ventilator-EFi75xx.jpg","type":"image\/jpeg"}],"twitter_card":"summary_large_image","twitter_misc":{"Dur\u00e9e de lecture estim\u00e9e":"2 minutes"},"schema":{"@context":"https:\/\/schema.org","@graph":[{"@type":"WebPage","@id":"https:\/\/climatemaster.ge\/fr\/produit\/efi-75xx-explosion-proof-ventilator\/","url":"https:\/\/climatemaster.ge\/fr\/produit\/efi-75xx-explosion-proof-ventilator\/","name":"EFi 75xx \u2013 Ventilateur antid\u00e9flagrant Ventilation des puits - Climate Master","isPartOf":{"@id":"https:\/\/climatemaster.ge\/#website"},"primaryImageOfPage":{"@id":"https:\/\/climatemaster.ge\/fr\/produit\/efi-75xx-explosion-proof-ventilator\/#primaryimage"},"image":{"@id":"https:\/\/climatemaster.ge\/fr\/produit\/efi-75xx-explosion-proof-ventilator\/#primaryimage"},"thumbnailUrl":"https:\/\/climatemaster.ge\/wp-content\/uploads\/2025\/04\/Ventilator-EFi75xx.jpg","datePublished":"2025-04-07T13:06:26+00:00","dateModified":"2025-04-07T13:36:24+00:00","breadcrumb":{"@id":"https:\/\/climatemaster.ge\/fr\/produit\/efi-75xx-explosion-proof-ventilator\/#breadcrumb"},"inLanguage":"fr-FR","potentialAction":[{"@type":"ReadAction","target":["https:\/\/climatemaster.ge\/fr\/produit\/efi-75xx-explosion-proof-ventilator\/"]}]},{"@type":"ImageObject","inLanguage":"fr-FR","@id":"https:\/\/climatemaster.ge\/fr\/produit\/efi-75xx-explosion-proof-ventilator\/#primaryimage","url":"https:\/\/climatemaster.ge\/wp-content\/uploads\/2025\/04\/Ventilator-EFi75xx.jpg","contentUrl":"https:\/\/climatemaster.ge\/wp-content\/uploads\/2025\/04\/Ventilator-EFi75xx.jpg","width":1000,"height":1000},{"@type":"BreadcrumbList","@id":"https:\/\/climatemaster.ge\/fr\/produit\/efi-75xx-explosion-proof-ventilator\/#breadcrumb","itemListElement":[{"@type":"ListItem","position":1,"name":"Home","item":"https:\/\/climatemaster.ge\/"},{"@type":"ListItem","position":2,"name":"Products","item":"https:\/\/climatemaster.ge\/products\/"},{"@type":"ListItem","position":3,"name":"EFi 75xx \u2013 Ventilateur antid\u00e9flagrant Ventilation des puits"}]},{"@type":"WebSite","@id":"https:\/\/climatemaster.ge\/#website","url":"https:\/\/climatemaster.ge\/","name":"Climate Master","description":"","publisher":{"@id":"https:\/\/climatemaster.ge\/#organization"},"potentialAction":[{"@type":"SearchAction","target":{"@type":"EntryPoint","urlTemplate":"https:\/\/climatemaster.ge\/?s={search_term_string}"},"query-input":{"@type":"PropertyValueSpecification","valueRequired":true,"valueName":"search_term_string"}}],"inLanguage":"fr-FR"},{"@type":"Organization","@id":"https:\/\/climatemaster.ge\/#organization","name":"Climate Master","url":"https:\/\/climatemaster.ge\/","logo":{"@type":"ImageObject","inLanguage":"fr-FR","@id":"https:\/\/climatemaster.ge\/#\/schema\/logo\/image\/","url":"https:\/\/climatemaster.ge\/wp-content\/uploads\/2026\/03\/Untitled-2.png","contentUrl":"https:\/\/climatemaster.ge\/wp-content\/uploads\/2026\/03\/Untitled-2.png","width":600,"height":338,"caption":"Climate Master"},"image":{"@id":"https:\/\/climatemaster.ge\/#\/schema\/logo\/image\/"}}]}},"_links":{"self":[{"href":"https:\/\/climatemaster.ge\/fr\/wp-json\/wp\/v2\/product\/28509","targetHints":{"allow":["GET"]}}],"collection":[{"href":"https:\/\/climatemaster.ge\/fr\/wp-json\/wp\/v2\/product"}],"about":[{"href":"https:\/\/climatemaster.ge\/fr\/wp-json\/wp\/v2\/types\/product"}],"wp:featuredmedia":[{"embeddable":true,"href":"https:\/\/climatemaster.ge\/fr\/wp-json\/wp\/v2\/media\/28504"}],"wp:attachment":[{"href":"https:\/\/climatemaster.ge\/fr\/wp-json\/wp\/v2\/media?parent=28509"}],"wp:term":[{"taxonomy":"product_brand","embeddable":true,"href":"https:\/\/climatemaster.ge\/fr\/wp-json\/wp\/v2\/product_brand?post=28509"},{"taxonomy":"product_cat","embeddable":true,"href":"https:\/\/climatemaster.ge\/fr\/wp-json\/wp\/v2\/product_cat?post=28509"},{"taxonomy":"product_tag","embeddable":true,"href":"https:\/\/climatemaster.ge\/fr\/wp-json\/wp\/v2\/product_tag?post=28509"}],"curies":[{"name":"wp","href":"https:\/\/api.w.org\/{rel}","templated":true}]}}