{"id":27849,"date":"2024-01-25T22:27:52","date_gmt":"2024-01-25T18:27:52","guid":{"rendered":"https:\/\/airsystems.ge\/shop\/product\/heylo-base-classic-2-thermofogger\/"},"modified":"2025-04-06T00:51:32","modified_gmt":"2025-04-05T20:51:32","slug":"heylo-base-classic-2-thermofogger","status":"publish","type":"product","link":"https:\/\/climatemaster.ge\/fr\/produit\/heylo-base-classic-2-thermofogger\/","title":{"rendered":"Heylo BASE CLASSIC 2 \u2013 Thermofogger Fumigateur"},"content":{"rendered":"<section class=\"max-w-[1088px] mx-auto w-full px-5 my-10 md:my-12 lg:my-16 xl:my-20 xl:px-0\" data-block=\"bullet-list\">\n<div class=\"md:text-center\">\n<h3 class=\"text-black font-bold text-lg md:text-xl lg:text-2xl\">Caract\u00e9ristiques principales<\/h3>\n<\/div>\n<div class=\"mt-6 md:mt-10\">\n<div class=\"flex flex-wrap\">\n<div class=\"w-full md:w-1\/2 auto-bullets md:pr-16\">\n<ul>\n<li class=\"text-sm md:text-base text-black mt-3 flex items-start\">\n<div class=\"pl-5\">Vaporisateur\/machine \u00e0 brouillard puissant<br \/>\nPour la production d&rsquo;un brouillard fin et flottant de principe actif<br \/>\nR\u00e9glage tr\u00e8s pr\u00e9cis de la pompe<\/div>\n<\/li>\n<\/ul>\n<\/div>\n<\/div>\n<\/div>\n<\/section>\n<section class=\"max-w-[1088px] mx-auto w-full px-5 my-10 md:my-12 lg:my-16 xl:my-20 xl:px-0\" data-block=\"product-specifications\">\n<div class=\"md:text-center\">\n<h3 class=\"text-black font-bold text-lg md:text-xl lg:text-2xl\"><strong>Product specifications<\/strong><\/h3>\n<\/div>\n<div class=\" md:mt-10\">\n<div class=\"\">\n<div class=\"lg:mt-0 \">\n<div id=\"spec-base-classic-2\" class=\"prose max-w-full md:overflow-auto\" data-spec-content=\"\">\n<div class=\"spreadsheet-container hidden md:block\">\n<table class=\"w-full table-fixed mb-0\">\n<thead>\n<tr>\n<th class=\"font-bold text-base\"><span class=\"block px-4\">Specifications<\/span><\/th>\n<th class=\"font-bold text-base text-center\"><span class=\"block px-10 md:px-20\">Units<\/span><\/th>\n<th class=\"font-bold text-base text-center will-change\"><span class=\"block px-4\">Base\u00a0Classic\u00a02<\/span><\/th>\n<\/tr>\n<\/thead>\n<tbody>\n<tr class=\"bg-grey-200\/50 p-2\">\n<td colspan=\"1\"><span class=\"block px-4\">Electrical connection<\/span><\/td>\n<td class=\"text-center\">\n<div class=\"px-10 md:px-20 flex items-center justify-center\">V\/Hz<\/div>\n<\/td>\n<td class=\"text-center will-change\">\n<div class=\"px-10 md:px-20 flex items-center justify-center\">230\/1ph\/50<\/div>\n<\/td>\n<\/tr>\n<tr class=\" p-2\">\n<td colspan=\"1\"><span class=\"block px-4\">Tank capacity<\/span><\/td>\n<td class=\"text-center\">\n<div class=\"px-10 md:px-20 flex items-center justify-center\">l<\/div>\n<\/td>\n<td class=\"text-center will-change\">\n<div class=\"px-10 md:px-20 flex items-center justify-center\">5<\/div>\n<\/td>\n<\/tr>\n<tr class=\"bg-grey-200\/50 p-2\">\n<td colspan=\"1\"><span class=\"block px-4\">Spray performance<\/span><\/td>\n<td class=\"text-center\">\n<div class=\"px-10 md:px-20 flex items-center justify-center\">l\/h<\/div>\n<\/td>\n<td class=\"text-center will-change\">\n<div class=\"px-10 md:px-20 flex items-center justify-center\">0-12<\/div>\n<\/td>\n<\/tr>\n<tr class=\" p-2\">\n<td colspan=\"1\"><span class=\"block px-4\">Product size (l x w x h)<\/span><\/td>\n<td class=\"text-center\">\n<div class=\"px-10 md:px-20 flex items-center justify-center\">mm<\/div>\n<\/td>\n<td class=\"text-center will-change\">\n<div class=\"px-10 md:px-20 flex items-center justify-center\">480 x 212 x 388<\/div>\n<\/td>\n<\/tr>\n<tr class=\"bg-grey-200\/50 p-2\">\n<td colspan=\"1\"><span class=\"block px-4\">Net weight<\/span><\/td>\n<td class=\"text-center\">\n<div class=\"px-10 md:px-20 flex items-center justify-center\">kg<\/div>\n<\/td>\n<td class=\"text-center will-change\">\n<div class=\"px-10 md:px-20 flex items-center justify-center\">14<\/div>\n<\/td>\n<\/tr>\n<\/tbody>\n<\/table>\n<\/div>\n<\/div>\n<\/div>\n<\/div>\n<\/div>\n<\/section>\n<section class=\"max-w-[1088px] mx-auto w-full px-5 my-10 md:my-12 lg:my-16 xl:my-20 xl:px-0\" data-block=\"link-list\">\n<div class=\"max-w-[1088px] mx-auto\">\n<div class=\"md:text-center\">\n<ul>\n<li class=\"flex items-center gap-5 text-sm text-black mt-3 md:text-base lg:text-lg\"><strong>Convient pour\u00a0:<\/strong><\/li>\n<\/ul>\n<\/div>\n<div class=\"mt-6 max-w-4xl mx-auto\">\n<div class=\"flex flex-wrap md:ml-20\">\n<div class=\"w-full md:w-1\/2 auto-bullets md:pr-16\">\n<ul>\n<li class=\"flex items-center gap-5 text-sm text-black mt-3 md:text-base lg:text-lg\">Agriculture<br \/>\nB\u00e2timents commerciaux<br \/>\nConstruction<br \/>\nIndustrie, usines et production<br \/>\nR\u00e9paration apr\u00e8s d\u00e9g\u00e2ts des eaux<\/li>\n<\/ul>\n<\/div>\n<\/div>\n<\/div>\n<\/div>\n<\/section>\n","protected":false},"excerpt":{"rendered":"<div class=\"max-w-4xl\">\n<div class=\"text-xl font-bold mt-1 md:mt-2\">Vaporisateur pour brouillard de principe actif<\/div>\n<\/div>\n<div class=\"grid grid-cols-1 gap-8 md:grid-cols-2 lg:gap-12 xl:gap-20\">\n<div class=\"w-full lg:sticky\" data-sticky-sidebar=\"\">\n<div class=\"absolute z-[4] top-0 right-0 pointer-events-none\">\n<figure><img decoding=\"async\" src=\"https:\/\/dantherm-group-cdn.s3.amazonaws.com\/media\/brands\/DG-Banners-Rebranding-HEYLO-to-MASTER-EN.jpg\" alt=\"\" \/><\/figure>\n<p>Le Thermofogger Base Classic 2 est un vaporisateur ou machine \u00e0 brouillard. Il produit un brouillard fin et flottant de principe actif dont les particules p\u00e9n\u00e8trent \u00e9galement la surface des mat\u00e9riaux poreux. Ainsi, non seulement l&rsquo;odeur, mais aussi la cause sont neutralis\u00e9es. Du petit nuage de brouillard au brouillard dense et enveloppant, tous les effets souhait\u00e9s peuvent \u00eatre obtenus. Le r\u00e9glage pr\u00e9cis de la pompe permet de r\u00e9gler le d\u00e9bit de brouillard entre 1\u00a0% et 99\u00a0%.<\/p>\n<p>Pour plus d&rsquo;informations sur les \u00e9quipements de protection individuelle, veuillez consulter les fiches de donn\u00e9es de s\u00e9curit\u00e9 des produits utilis\u00e9s.<\/p>\n<p>\u00c0 utiliser avec les produits suivants\u00a0:<\/p>\n<p>ODOX-DF<br \/>\nMAXOX-DF<br \/>\nCONTR\u00d4LE DES ODEURS S\u00c8CHES (DOC)<br \/>\nNuage d&rsquo;Alrust<br \/>\nNuage d&rsquo;essai<\/p>\n<\/div>\n<\/div>\n<\/div>\n","protected":false},"featured_media":27838,"template":"","meta":[],"product_brand":[],"product_cat":[637,412,417],"product_tag":[],"class_list":{"0":"post-27849","1":"product","2":"type-product","3":"status-publish","4":"has-post-thumbnail","6":"product_cat-purificateur-dair-nettoyant-poussiere","7":"product_cat-climatisation-deshumidificateur-dair-ventilateur-fr-ventilation","8":"product_cat-desinfection","10":"first","11":"instock","12":"shipping-taxable","13":"product-type-simple"},"yoast_head":"<!-- This site is optimized with the Yoast SEO plugin v27.1.1 - https:\/\/yoast.com\/product\/yoast-seo-wordpress\/ -->\n<title>Heylo BASE CLASSIC 2 \u2013 Thermofogger Fumigateur - Climate Master<\/title>\n<meta name=\"robots\" content=\"index, follow, max-snippet:-1, max-image-preview:large, max-video-preview:-1\" \/>\n<link rel=\"canonical\" href=\"https:\/\/climatemaster.ge\/fr\/produit\/heylo-base-classic-2-thermofogger\/\" \/>\n<meta property=\"og:locale\" content=\"fr_FR\" \/>\n<meta property=\"og:type\" content=\"article\" \/>\n<meta property=\"og:title\" content=\"Heylo BASE CLASSIC 2 \u2013 Thermofogger Fumigateur - Climate Master\" \/>\n<meta property=\"og:description\" content=\"Vaporisateur pour brouillard de principe actif      Le Thermofogger Base Classic 2 est un vaporisateur ou machine \u00e0 brouillard. Il produit un brouillard fin et flottant de principe actif dont les particules p\u00e9n\u00e8trent \u00e9galement la surface des mat\u00e9riaux poreux. Ainsi, non seulement l&#039;odeur, mais aussi la cause sont neutralis\u00e9es. Du petit nuage de brouillard au brouillard dense et enveloppant, tous les effets souhait\u00e9s peuvent \u00eatre obtenus. Le r\u00e9glage pr\u00e9cis de la pompe permet de r\u00e9gler le d\u00e9bit de brouillard entre 1\u00a0% et 99\u00a0%.  Pour plus d&#039;informations sur les \u00e9quipements de protection individuelle, veuillez consulter les fiches de donn\u00e9es de s\u00e9curit\u00e9 des produits utilis\u00e9s.  \u00c0 utiliser avec les produits suivants\u00a0:  ODOX-DF MAXOX-DF CONTR\u00d4LE DES ODEURS S\u00c8CHES (DOC) Nuage d&#039;Alrust Nuage d&#039;essai\" \/>\n<meta property=\"og:url\" content=\"https:\/\/climatemaster.ge\/fr\/produit\/heylo-base-classic-2-thermofogger\/\" \/>\n<meta property=\"og:site_name\" content=\"Climate Master\" \/>\n<meta property=\"article:modified_time\" content=\"2025-04-05T20:51:32+00:00\" \/>\n<meta property=\"og:image\" content=\"https:\/\/climatemaster.ge\/wp-content\/uploads\/2025\/04\/Heylo-Thermofogger-Base-Classic-2.jpg\" \/>\n\t<meta property=\"og:image:width\" content=\"1000\" \/>\n\t<meta property=\"og:image:height\" content=\"1000\" \/>\n\t<meta property=\"og:image:type\" content=\"image\/jpeg\" \/>\n<meta name=\"twitter:card\" content=\"summary_large_image\" \/>\n<script type=\"application\/ld+json\" class=\"yoast-schema-graph\">{\"@context\":\"https:\/\/schema.org\",\"@graph\":[{\"@type\":\"WebPage\",\"@id\":\"https:\/\/climatemaster.ge\/fr\/produit\/heylo-base-classic-2-thermofogger\/\",\"url\":\"https:\/\/climatemaster.ge\/fr\/produit\/heylo-base-classic-2-thermofogger\/\",\"name\":\"Heylo BASE CLASSIC 2 \u2013 Thermofogger Fumigateur - Climate Master\",\"isPartOf\":{\"@id\":\"https:\/\/climatemaster.ge\/#website\"},\"primaryImageOfPage\":{\"@id\":\"https:\/\/climatemaster.ge\/fr\/produit\/heylo-base-classic-2-thermofogger\/#primaryimage\"},\"image\":{\"@id\":\"https:\/\/climatemaster.ge\/fr\/produit\/heylo-base-classic-2-thermofogger\/#primaryimage\"},\"thumbnailUrl\":\"https:\/\/climatemaster.ge\/wp-content\/uploads\/2025\/04\/Heylo-Thermofogger-Base-Classic-2.jpg\",\"datePublished\":\"2024-01-25T18:27:52+00:00\",\"dateModified\":\"2025-04-05T20:51:32+00:00\",\"breadcrumb\":{\"@id\":\"https:\/\/climatemaster.ge\/fr\/produit\/heylo-base-classic-2-thermofogger\/#breadcrumb\"},\"inLanguage\":\"fr-FR\",\"potentialAction\":[{\"@type\":\"ReadAction\",\"target\":[\"https:\/\/climatemaster.ge\/fr\/produit\/heylo-base-classic-2-thermofogger\/\"]}]},{\"@type\":\"ImageObject\",\"inLanguage\":\"fr-FR\",\"@id\":\"https:\/\/climatemaster.ge\/fr\/produit\/heylo-base-classic-2-thermofogger\/#primaryimage\",\"url\":\"https:\/\/climatemaster.ge\/wp-content\/uploads\/2025\/04\/Heylo-Thermofogger-Base-Classic-2.jpg\",\"contentUrl\":\"https:\/\/climatemaster.ge\/wp-content\/uploads\/2025\/04\/Heylo-Thermofogger-Base-Classic-2.jpg\",\"width\":1000,\"height\":1000},{\"@type\":\"BreadcrumbList\",\"@id\":\"https:\/\/climatemaster.ge\/fr\/produit\/heylo-base-classic-2-thermofogger\/#breadcrumb\",\"itemListElement\":[{\"@type\":\"ListItem\",\"position\":1,\"name\":\"Home\",\"item\":\"https:\/\/climatemaster.ge\/\"},{\"@type\":\"ListItem\",\"position\":2,\"name\":\"Products\",\"item\":\"https:\/\/climatemaster.ge\/products\/\"},{\"@type\":\"ListItem\",\"position\":3,\"name\":\"Heylo BASE CLASSIC 2 \u2013 Thermofogger Fumigateur\"}]},{\"@type\":\"WebSite\",\"@id\":\"https:\/\/climatemaster.ge\/#website\",\"url\":\"https:\/\/climatemaster.ge\/\",\"name\":\"Climate Master\",\"description\":\"\",\"publisher\":{\"@id\":\"https:\/\/climatemaster.ge\/#organization\"},\"potentialAction\":[{\"@type\":\"SearchAction\",\"target\":{\"@type\":\"EntryPoint\",\"urlTemplate\":\"https:\/\/climatemaster.ge\/?s={search_term_string}\"},\"query-input\":{\"@type\":\"PropertyValueSpecification\",\"valueRequired\":true,\"valueName\":\"search_term_string\"}}],\"inLanguage\":\"fr-FR\"},{\"@type\":\"Organization\",\"@id\":\"https:\/\/climatemaster.ge\/#organization\",\"name\":\"Climate Master\",\"url\":\"https:\/\/climatemaster.ge\/\",\"logo\":{\"@type\":\"ImageObject\",\"inLanguage\":\"fr-FR\",\"@id\":\"https:\/\/climatemaster.ge\/#\/schema\/logo\/image\/\",\"url\":\"https:\/\/climatemaster.ge\/wp-content\/uploads\/2026\/03\/Untitled-2.png\",\"contentUrl\":\"https:\/\/climatemaster.ge\/wp-content\/uploads\/2026\/03\/Untitled-2.png\",\"width\":600,\"height\":338,\"caption\":\"Climate Master\"},\"image\":{\"@id\":\"https:\/\/climatemaster.ge\/#\/schema\/logo\/image\/\"}}]}<\/script>\n<!-- \/ Yoast SEO plugin. -->","yoast_head_json":{"title":"Heylo BASE CLASSIC 2 \u2013 Thermofogger Fumigateur - Climate Master","robots":{"index":"index","follow":"follow","max-snippet":"max-snippet:-1","max-image-preview":"max-image-preview:large","max-video-preview":"max-video-preview:-1"},"canonical":"https:\/\/climatemaster.ge\/fr\/produit\/heylo-base-classic-2-thermofogger\/","og_locale":"fr_FR","og_type":"article","og_title":"Heylo BASE CLASSIC 2 \u2013 Thermofogger Fumigateur - Climate Master","og_description":"Vaporisateur pour brouillard de principe actif      Le Thermofogger Base Classic 2 est un vaporisateur ou machine \u00e0 brouillard. Il produit un brouillard fin et flottant de principe actif dont les particules p\u00e9n\u00e8trent \u00e9galement la surface des mat\u00e9riaux poreux. Ainsi, non seulement l'odeur, mais aussi la cause sont neutralis\u00e9es. Du petit nuage de brouillard au brouillard dense et enveloppant, tous les effets souhait\u00e9s peuvent \u00eatre obtenus. Le r\u00e9glage pr\u00e9cis de la pompe permet de r\u00e9gler le d\u00e9bit de brouillard entre 1\u00a0% et 99\u00a0%.  Pour plus d'informations sur les \u00e9quipements de protection individuelle, veuillez consulter les fiches de donn\u00e9es de s\u00e9curit\u00e9 des produits utilis\u00e9s.  \u00c0 utiliser avec les produits suivants\u00a0:  ODOX-DF MAXOX-DF CONTR\u00d4LE DES ODEURS S\u00c8CHES (DOC) Nuage d'Alrust Nuage d'essai","og_url":"https:\/\/climatemaster.ge\/fr\/produit\/heylo-base-classic-2-thermofogger\/","og_site_name":"Climate Master","article_modified_time":"2025-04-05T20:51:32+00:00","og_image":[{"width":1000,"height":1000,"url":"https:\/\/climatemaster.ge\/wp-content\/uploads\/2025\/04\/Heylo-Thermofogger-Base-Classic-2.jpg","type":"image\/jpeg"}],"twitter_card":"summary_large_image","schema":{"@context":"https:\/\/schema.org","@graph":[{"@type":"WebPage","@id":"https:\/\/climatemaster.ge\/fr\/produit\/heylo-base-classic-2-thermofogger\/","url":"https:\/\/climatemaster.ge\/fr\/produit\/heylo-base-classic-2-thermofogger\/","name":"Heylo BASE CLASSIC 2 \u2013 Thermofogger Fumigateur - Climate Master","isPartOf":{"@id":"https:\/\/climatemaster.ge\/#website"},"primaryImageOfPage":{"@id":"https:\/\/climatemaster.ge\/fr\/produit\/heylo-base-classic-2-thermofogger\/#primaryimage"},"image":{"@id":"https:\/\/climatemaster.ge\/fr\/produit\/heylo-base-classic-2-thermofogger\/#primaryimage"},"thumbnailUrl":"https:\/\/climatemaster.ge\/wp-content\/uploads\/2025\/04\/Heylo-Thermofogger-Base-Classic-2.jpg","datePublished":"2024-01-25T18:27:52+00:00","dateModified":"2025-04-05T20:51:32+00:00","breadcrumb":{"@id":"https:\/\/climatemaster.ge\/fr\/produit\/heylo-base-classic-2-thermofogger\/#breadcrumb"},"inLanguage":"fr-FR","potentialAction":[{"@type":"ReadAction","target":["https:\/\/climatemaster.ge\/fr\/produit\/heylo-base-classic-2-thermofogger\/"]}]},{"@type":"ImageObject","inLanguage":"fr-FR","@id":"https:\/\/climatemaster.ge\/fr\/produit\/heylo-base-classic-2-thermofogger\/#primaryimage","url":"https:\/\/climatemaster.ge\/wp-content\/uploads\/2025\/04\/Heylo-Thermofogger-Base-Classic-2.jpg","contentUrl":"https:\/\/climatemaster.ge\/wp-content\/uploads\/2025\/04\/Heylo-Thermofogger-Base-Classic-2.jpg","width":1000,"height":1000},{"@type":"BreadcrumbList","@id":"https:\/\/climatemaster.ge\/fr\/produit\/heylo-base-classic-2-thermofogger\/#breadcrumb","itemListElement":[{"@type":"ListItem","position":1,"name":"Home","item":"https:\/\/climatemaster.ge\/"},{"@type":"ListItem","position":2,"name":"Products","item":"https:\/\/climatemaster.ge\/products\/"},{"@type":"ListItem","position":3,"name":"Heylo BASE CLASSIC 2 \u2013 Thermofogger Fumigateur"}]},{"@type":"WebSite","@id":"https:\/\/climatemaster.ge\/#website","url":"https:\/\/climatemaster.ge\/","name":"Climate Master","description":"","publisher":{"@id":"https:\/\/climatemaster.ge\/#organization"},"potentialAction":[{"@type":"SearchAction","target":{"@type":"EntryPoint","urlTemplate":"https:\/\/climatemaster.ge\/?s={search_term_string}"},"query-input":{"@type":"PropertyValueSpecification","valueRequired":true,"valueName":"search_term_string"}}],"inLanguage":"fr-FR"},{"@type":"Organization","@id":"https:\/\/climatemaster.ge\/#organization","name":"Climate Master","url":"https:\/\/climatemaster.ge\/","logo":{"@type":"ImageObject","inLanguage":"fr-FR","@id":"https:\/\/climatemaster.ge\/#\/schema\/logo\/image\/","url":"https:\/\/climatemaster.ge\/wp-content\/uploads\/2026\/03\/Untitled-2.png","contentUrl":"https:\/\/climatemaster.ge\/wp-content\/uploads\/2026\/03\/Untitled-2.png","width":600,"height":338,"caption":"Climate Master"},"image":{"@id":"https:\/\/climatemaster.ge\/#\/schema\/logo\/image\/"}}]}},"_links":{"self":[{"href":"https:\/\/climatemaster.ge\/fr\/wp-json\/wp\/v2\/product\/27849","targetHints":{"allow":["GET"]}}],"collection":[{"href":"https:\/\/climatemaster.ge\/fr\/wp-json\/wp\/v2\/product"}],"about":[{"href":"https:\/\/climatemaster.ge\/fr\/wp-json\/wp\/v2\/types\/product"}],"wp:featuredmedia":[{"embeddable":true,"href":"https:\/\/climatemaster.ge\/fr\/wp-json\/wp\/v2\/media\/27838"}],"wp:attachment":[{"href":"https:\/\/climatemaster.ge\/fr\/wp-json\/wp\/v2\/media?parent=27849"}],"wp:term":[{"taxonomy":"product_brand","embeddable":true,"href":"https:\/\/climatemaster.ge\/fr\/wp-json\/wp\/v2\/product_brand?post=27849"},{"taxonomy":"product_cat","embeddable":true,"href":"https:\/\/climatemaster.ge\/fr\/wp-json\/wp\/v2\/product_cat?post=27849"},{"taxonomy":"product_tag","embeddable":true,"href":"https:\/\/climatemaster.ge\/fr\/wp-json\/wp\/v2\/product_tag?post=27849"}],"curies":[{"name":"wp","href":"https:\/\/api.w.org\/{rel}","templated":true}]}}