{"id":27715,"date":"2024-01-25T22:29:07","date_gmt":"2024-01-25T18:29:07","guid":{"rendered":"https:\/\/airsystems.ge\/shop\/product\/heylo-staubstop-3000-plus-dust-extraction\/"},"modified":"2025-04-05T23:23:32","modified_gmt":"2025-04-05T19:23:32","slug":"heylo-staubstop-3000-plus-dust-extraction","status":"publish","type":"product","link":"https:\/\/climatemaster.ge\/fr\/produit\/heylo-staubstop-3000-plus-dust-extraction\/","title":{"rendered":"Heylo StaubStop 3000 PLUS \u2013 Aspiration des poussi\u00e8res"},"content":{"rendered":"<section class=\"max-w-[1088px] mx-auto w-full px-5 my-10 md:my-12 lg:my-16 xl:my-20 xl:px-0\" data-block=\"bullet-list\">\n<div class=\"md:text-center\">\n<h3 class=\"text-black font-bold text-lg md:text-xl lg:text-2xl\">Caract\u00e9ristiques principales<\/h3>\n<\/div>\n<div class=\"mt-6 md:mt-10\">\n<div class=\"flex flex-wrap\">\n<div class=\"w-full md:w-1\/2 auto-bullets md:pr-16\">\n<ul>\n<li class=\"text-sm md:text-base text-black mt-3 flex items-start\">\n<div class=\"pl-5\">Les filtres \u00e0 poussi\u00e8res grossi\u00e8res et fines captent les particules de poussi\u00e8re rapidement et efficacement.<br \/>\nD\u00e9bit d&rsquo;air \u00e9lev\u00e9<br \/>\nLa poussi\u00e8re, la salet\u00e9 et le brouillard de peinture sont aspir\u00e9s directement.<br \/>\nTransport rapide.<br \/>\nIndicateur pratique de changement de filtre\u00a0: imm\u00e9diatement visible lorsqu&rsquo;un filtre doit \u00eatre remplac\u00e9.<br \/>\nAspiration cibl\u00e9e possible gr\u00e2ce au raccordement d&rsquo;une gaine d&rsquo;air.<\/div>\n<\/li>\n<\/ul>\n<\/div>\n<\/div>\n<\/div>\n<\/section>\n<section class=\"max-w-[1088px] mx-auto w-full my-10 md:my-12 lg:my-16 xl:my-20\" data-block=\"content-block\">\n<div class=\"max-w-[1088px] mx-auto\">\n<div class=\"flex flex-col items-center gap-6 px-5 w-full md:grid md:grid-cols-12 md:items-stretch xl:px-0\" data-content-block=\"container\">\n<div class=\"relative flex flex-col gap-5 w-full md:col-span-12 md:col-start-1 sm:items-start sm:text-left order-first md:order-none\" data-content-block=\"column\">\n<div class=\"prose text-pretty max-w-full text-left text-black prose-p:text-black prose-headings:mt-6 prose-headings:mb-3 md:prose-headings:text-lg prose-a:text-current prose-a:transition prose-a:ease-linear prose-a:duration-300\" data-content-block=\"text\">\n<p>StaubStop PLUS est une solution rapide \u00e0 installer. Ce filtre \u00e0 air permet d&rsquo;aspirer la poussi\u00e8re et la salet\u00e9 directement sur le chantier. Les filtres \u00e0 poussi\u00e8res grossi\u00e8res et fines utilis\u00e9s \u00e9liminent rapidement et efficacement les particules de poussi\u00e8re et garantissent un environnement de chantier exempt de poussi\u00e8re, ainsi que les pi\u00e8ces d&rsquo;habitation adjacentes. Gr\u00e2ce \u00e0 l&rsquo;indicateur pratique de changement de filtre, chacun peut imm\u00e9diatement savoir quand le filtre doit \u00eatre remplac\u00e9. Le syst\u00e8me de filtration \u00e0 air StaubStop PLUS utilise un syst\u00e8me de filtration \u00e0 deux niveaux. Le premier \u00e9tage de filtration est compos\u00e9 d&rsquo;un pr\u00e9filtre (filtre \u00e0 grosses particules G4) et l&rsquo;\u00e9tage principal d&rsquo;un filtre \u00e0 grosses particules Heylo robuste (F9) de classe M.<\/p>\n<\/div>\n<\/div>\n<\/div>\n<\/div>\n<\/section>\n<section class=\"max-w-[1088px] mx-auto w-full px-5 my-10 md:my-12 lg:my-16 xl:my-20 xl:px-0\" data-block=\"product-specifications\">\n<div class=\"md:text-center\">\n<h3 class=\"text-black font-bold text-lg md:text-xl lg:text-2xl\"><strong>Product specifications<\/strong><\/h3>\n<\/div>\n<div class=\" md:mt-10\">\n<div class=\"\">\n<div class=\"lg:mt-0 \">\n<div id=\"spec-staubstop-3000-plus\" class=\"prose max-w-full md:overflow-auto\" data-spec-content=\"\">\n<div class=\"spreadsheet-container hidden md:block\">\n<table class=\"w-full table-fixed mb-0\">\n<thead>\n<tr>\n<th class=\"font-bold text-base\"><span class=\"block px-4\">Specifications<\/span><\/th>\n<th class=\"font-bold text-base text-center\"><span class=\"block px-10 md:px-20\">Units<\/span><\/th>\n<th class=\"font-bold text-base text-center will-change\"><span class=\"block px-4\">StaubStop\u00a03000\u00a0PLUS<\/span><\/th>\n<\/tr>\n<\/thead>\n<tbody>\n<tr class=\"bg-grey-200\/50 p-2\">\n<td colspan=\"1\"><span class=\"block px-4\">Fan air flow rate max.<\/span><\/td>\n<td class=\"text-center\">\n<div class=\"px-10 md:px-20 flex items-center justify-center\">m\u00b3\/h<\/div>\n<\/td>\n<td class=\"text-center will-change\">\n<div class=\"px-10 md:px-20 flex items-center justify-center\">3,102<\/div>\n<\/td>\n<\/tr>\n<tr class=\" p-2\">\n<td colspan=\"1\"><span class=\"block px-4\">Power supply<\/span><\/td>\n<td class=\"text-center\">\n<div class=\"px-10 md:px-20 flex items-center justify-center\">V\/Hz<\/div>\n<\/td>\n<td class=\"text-center will-change\">\n<div class=\"px-10 md:px-20 flex items-center justify-center\">230\/1ph\/50<\/div>\n<\/td>\n<\/tr>\n<tr class=\"bg-grey-200\/50 p-2\">\n<td colspan=\"1\"><span class=\"block px-4\">Included filter<\/span><\/td>\n<td class=\"text-center\">\n<div class=\"px-10 md:px-20 flex items-center justify-center\"><\/div>\n<\/td>\n<td class=\"text-center will-change\">\n<div class=\"px-10 md:px-20 flex items-center justify-center\">Dust filter set (G4 + F9)<\/div>\n<\/td>\n<\/tr>\n<tr class=\" p-2\">\n<td colspan=\"1\"><span class=\"block px-4\">Sound level @3m<\/span><\/td>\n<td class=\"text-center\">\n<div class=\"px-10 md:px-20 flex items-center justify-center\">dB(A)<\/div>\n<\/td>\n<td class=\"text-center will-change\">\n<div class=\"px-10 md:px-20 flex items-center justify-center\">78<\/div>\n<\/td>\n<\/tr>\n<tr class=\"bg-grey-200\/50 p-2\">\n<td colspan=\"1\"><span class=\"block px-4\">Product size filter housing (l x w x h)<\/span><\/td>\n<td class=\"text-center\">\n<div class=\"px-10 md:px-20 flex items-center justify-center\">mm<\/div>\n<\/td>\n<td class=\"text-center will-change\">\n<div class=\"px-10 md:px-20 flex items-center justify-center\">420 x 450 x 510<\/div>\n<\/td>\n<\/tr>\n<tr class=\" p-2\">\n<td colspan=\"1\"><span class=\"block px-4\">Weight<\/span><\/td>\n<td class=\"text-center\">\n<div class=\"px-10 md:px-20 flex items-center justify-center\">kg<\/div>\n<\/td>\n<td class=\"text-center will-change\">\n<div class=\"px-10 md:px-20 flex items-center justify-center\">30<\/div>\n<\/td>\n<\/tr>\n<\/tbody>\n<\/table>\n<\/div>\n<\/div>\n<\/div>\n<\/div>\n<\/div>\n<\/section>\n<section class=\"max-w-[1088px] mx-auto w-full px-5 my-10 md:my-12 lg:my-16 xl:my-20 xl:px-0\" data-block=\"link-list\">\n<div class=\"max-w-[1088px] mx-auto\">\n<div class=\"md:text-center\"><\/div>\n<div class=\"mt-6 max-w-4xl mx-auto\">\n<div class=\"flex flex-wrap md:ml-20\">\n<div class=\"w-full md:w-1\/2 auto-bullets md:pr-16\">\n<ul>\n<li class=\"flex items-center gap-5 text-sm text-black mt-3 md:text-base lg:text-lg\">\n<div class=\"QcsUad BDJ8fb BLojaf sMVRZe hCXDsb wneUed\">\n<div class=\"usGWQd\">\n<div class=\"KkbLmb\">\n<div class=\"lRu31\" dir=\"ltr\"><strong>Convient pour\u00a0:<\/strong><br \/>\nB\u00e2timents commerciaux<br \/>\nConstruction<br \/>\nIndustrie, usines et production<br \/>\nLoisirs et loisirs<br \/>\nSoci\u00e9t\u00e9s de location<\/div>\n<\/div>\n<\/div>\n<\/div>\n<\/li>\n<\/ul>\n<\/div>\n<\/div>\n<\/div>\n<\/div>\n<\/section>\n","protected":false},"excerpt":{"rendered":"<div class=\"max-w-4xl\">\n<div class=\"text-xl font-bold mt-1 md:mt-2\">\u00c9purateur d&rsquo;air StaubStop PLUS avec manom\u00e8tre de pression du filtre<\/div>\n<\/div>\n<div class=\"grid grid-cols-1 gap-8 md:grid-cols-2 lg:gap-12 xl:gap-20\">\n<div class=\"absolute z-[4] top-0 right-0 pointer-events-none\">\n<figure><img decoding=\"async\" src=\"https:\/\/dantherm-group-cdn.s3.amazonaws.com\/media\/brands\/DG-Banners-Rebranding-HEYLO-to-MASTER-EN.jpg\" alt=\"\" \/><\/figure>\n<p>Aspiration mobile des poussi\u00e8res \u2013 pour une utilisation en atelier et sur chantier.<\/p>\n<p>StaubStop PLUS comprend\u00a0: Ventilateur PowerVent 3000 (d\u00e9bit d&rsquo;air de 3\u00a0102\u00a0m\u00b3\/h) + bo\u00eetier de filtre PLUS avec manom\u00e8tre de pression du filtre + filtre \u00e0 grosses particules G4 + filtre \u00e0 grosses particules F9<\/p>\n<p>La purification de l&rsquo;air sur les chantiers est indispensable\u00a0: des s\u00e9quelles tardives sont in\u00e9vitables en raison d&rsquo;une forte exposition \u00e0 la poussi\u00e8re sur le lieu de travail. Les statistiques montrent que les d\u00e9c\u00e8s dus au cancer du poumon ou \u00e0 la silicose ne diminuent pas. Tout le monde a \u00e9t\u00e9 mis en garde contre l&rsquo;amiante, mais qui sait que les fines poussi\u00e8res de quartz (comme celles du gr\u00e8s calcaire, du granit ou du b\u00e9ton cellulaire) sont \u00e9galement canc\u00e9rig\u00e8nes\u00a0?<\/p>\n<p>Conform\u00e9ment \u00e0 la norme TRGS 900, la nouvelle limite d&rsquo;\u00e9mission de poussi\u00e8res est d\u00e9sormais fix\u00e9e \u00e0 1,25\u00a0mg\/m\u00b3 seulement, au lieu de 3\u00a0mg\/m\u00b3. Afin d&rsquo;\u00e9viter des probl\u00e8mes de sant\u00e9 ou l&rsquo;arr\u00eat des chantiers, les filtres \u00e0 air sont devenus indispensables \u00e0 tout entrepreneur en construction et en r\u00e9novation.<\/p>\n<\/div>\n<\/div>\n","protected":false},"featured_media":27692,"template":"","meta":[],"product_brand":[],"product_cat":[637,412],"product_tag":[],"class_list":{"0":"post-27715","1":"product","2":"type-product","3":"status-publish","4":"has-post-thumbnail","6":"product_cat-purificateur-dair-nettoyant-poussiere","7":"product_cat-climatisation-deshumidificateur-dair-ventilateur-fr-ventilation","9":"first","10":"instock","11":"shipping-taxable","12":"product-type-simple"},"yoast_head":"<!-- This site is optimized with the Yoast SEO plugin v27.1.1 - https:\/\/yoast.com\/product\/yoast-seo-wordpress\/ -->\n<title>Heylo StaubStop 3000 PLUS \u2013 Aspiration des poussi\u00e8res - Climate Master<\/title>\n<meta name=\"robots\" content=\"index, follow, max-snippet:-1, max-image-preview:large, max-video-preview:-1\" \/>\n<link rel=\"canonical\" href=\"https:\/\/climatemaster.ge\/fr\/produit\/heylo-staubstop-3000-plus-dust-extraction\/\" \/>\n<meta property=\"og:locale\" content=\"fr_FR\" \/>\n<meta property=\"og:type\" content=\"article\" \/>\n<meta property=\"og:title\" content=\"Heylo StaubStop 3000 PLUS \u2013 Aspiration des poussi\u00e8res - Climate Master\" \/>\n<meta property=\"og:description\" content=\"\u00c9purateur d&#039;air StaubStop PLUS avec manom\u00e8tre de pression du filtre     Aspiration mobile des poussi\u00e8res \u2013 pour une utilisation en atelier et sur chantier.  StaubStop PLUS comprend\u00a0: Ventilateur PowerVent 3000 (d\u00e9bit d&#039;air de 3\u00a0102\u00a0m\u00b3\/h) + bo\u00eetier de filtre PLUS avec manom\u00e8tre de pression du filtre + filtre \u00e0 grosses particules G4 + filtre \u00e0 grosses particules F9  La purification de l&#039;air sur les chantiers est indispensable\u00a0: des s\u00e9quelles tardives sont in\u00e9vitables en raison d&#039;une forte exposition \u00e0 la poussi\u00e8re sur le lieu de travail. Les statistiques montrent que les d\u00e9c\u00e8s dus au cancer du poumon ou \u00e0 la silicose ne diminuent pas. Tout le monde a \u00e9t\u00e9 mis en garde contre l&#039;amiante, mais qui sait que les fines poussi\u00e8res de quartz (comme celles du gr\u00e8s calcaire, du granit ou du b\u00e9ton cellulaire) sont \u00e9galement canc\u00e9rig\u00e8nes\u00a0?  Conform\u00e9ment \u00e0 la norme TRGS 900, la nouvelle limite d&#039;\u00e9mission de poussi\u00e8res est d\u00e9sormais fix\u00e9e \u00e0 1,25\u00a0mg\/m\u00b3 seulement, au lieu de 3\u00a0mg\/m\u00b3. Afin d&#039;\u00e9viter des probl\u00e8mes de sant\u00e9 ou l&#039;arr\u00eat des chantiers, les filtres \u00e0 air sont devenus indispensables \u00e0 tout entrepreneur en construction et en r\u00e9novation.\" \/>\n<meta property=\"og:url\" content=\"https:\/\/climatemaster.ge\/fr\/produit\/heylo-staubstop-3000-plus-dust-extraction\/\" \/>\n<meta property=\"og:site_name\" content=\"Climate Master\" \/>\n<meta property=\"article:modified_time\" content=\"2025-04-05T19:23:32+00:00\" \/>\n<meta property=\"og:image\" content=\"https:\/\/climatemaster.ge\/wp-content\/uploads\/2025\/04\/Heylo-Luftreiniger-StaubStop-3000-PLUS.jpg\" \/>\n\t<meta property=\"og:image:width\" content=\"1000\" \/>\n\t<meta property=\"og:image:height\" content=\"1000\" \/>\n\t<meta property=\"og:image:type\" content=\"image\/jpeg\" \/>\n<meta name=\"twitter:card\" content=\"summary_large_image\" \/>\n<meta name=\"twitter:label1\" content=\"Dur\u00e9e de lecture estim\u00e9e\" \/>\n\t<meta name=\"twitter:data1\" content=\"1 minute\" \/>\n<script type=\"application\/ld+json\" class=\"yoast-schema-graph\">{\"@context\":\"https:\/\/schema.org\",\"@graph\":[{\"@type\":\"WebPage\",\"@id\":\"https:\/\/climatemaster.ge\/fr\/produit\/heylo-staubstop-3000-plus-dust-extraction\/\",\"url\":\"https:\/\/climatemaster.ge\/fr\/produit\/heylo-staubstop-3000-plus-dust-extraction\/\",\"name\":\"Heylo StaubStop 3000 PLUS \u2013 Aspiration des poussi\u00e8res - Climate Master\",\"isPartOf\":{\"@id\":\"https:\/\/climatemaster.ge\/#website\"},\"primaryImageOfPage\":{\"@id\":\"https:\/\/climatemaster.ge\/fr\/produit\/heylo-staubstop-3000-plus-dust-extraction\/#primaryimage\"},\"image\":{\"@id\":\"https:\/\/climatemaster.ge\/fr\/produit\/heylo-staubstop-3000-plus-dust-extraction\/#primaryimage\"},\"thumbnailUrl\":\"https:\/\/climatemaster.ge\/wp-content\/uploads\/2025\/04\/Heylo-Luftreiniger-StaubStop-3000-PLUS.jpg\",\"datePublished\":\"2024-01-25T18:29:07+00:00\",\"dateModified\":\"2025-04-05T19:23:32+00:00\",\"breadcrumb\":{\"@id\":\"https:\/\/climatemaster.ge\/fr\/produit\/heylo-staubstop-3000-plus-dust-extraction\/#breadcrumb\"},\"inLanguage\":\"fr-FR\",\"potentialAction\":[{\"@type\":\"ReadAction\",\"target\":[\"https:\/\/climatemaster.ge\/fr\/produit\/heylo-staubstop-3000-plus-dust-extraction\/\"]}]},{\"@type\":\"ImageObject\",\"inLanguage\":\"fr-FR\",\"@id\":\"https:\/\/climatemaster.ge\/fr\/produit\/heylo-staubstop-3000-plus-dust-extraction\/#primaryimage\",\"url\":\"https:\/\/climatemaster.ge\/wp-content\/uploads\/2025\/04\/Heylo-Luftreiniger-StaubStop-3000-PLUS.jpg\",\"contentUrl\":\"https:\/\/climatemaster.ge\/wp-content\/uploads\/2025\/04\/Heylo-Luftreiniger-StaubStop-3000-PLUS.jpg\",\"width\":1000,\"height\":1000},{\"@type\":\"BreadcrumbList\",\"@id\":\"https:\/\/climatemaster.ge\/fr\/produit\/heylo-staubstop-3000-plus-dust-extraction\/#breadcrumb\",\"itemListElement\":[{\"@type\":\"ListItem\",\"position\":1,\"name\":\"Home\",\"item\":\"https:\/\/climatemaster.ge\/\"},{\"@type\":\"ListItem\",\"position\":2,\"name\":\"Products\",\"item\":\"https:\/\/climatemaster.ge\/products\/\"},{\"@type\":\"ListItem\",\"position\":3,\"name\":\"Heylo StaubStop 3000 PLUS \u2013 Aspiration des poussi\u00e8res\"}]},{\"@type\":\"WebSite\",\"@id\":\"https:\/\/climatemaster.ge\/#website\",\"url\":\"https:\/\/climatemaster.ge\/\",\"name\":\"Climate Master\",\"description\":\"\",\"publisher\":{\"@id\":\"https:\/\/climatemaster.ge\/#organization\"},\"potentialAction\":[{\"@type\":\"SearchAction\",\"target\":{\"@type\":\"EntryPoint\",\"urlTemplate\":\"https:\/\/climatemaster.ge\/?s={search_term_string}\"},\"query-input\":{\"@type\":\"PropertyValueSpecification\",\"valueRequired\":true,\"valueName\":\"search_term_string\"}}],\"inLanguage\":\"fr-FR\"},{\"@type\":\"Organization\",\"@id\":\"https:\/\/climatemaster.ge\/#organization\",\"name\":\"Climate Master\",\"url\":\"https:\/\/climatemaster.ge\/\",\"logo\":{\"@type\":\"ImageObject\",\"inLanguage\":\"fr-FR\",\"@id\":\"https:\/\/climatemaster.ge\/#\/schema\/logo\/image\/\",\"url\":\"https:\/\/climatemaster.ge\/wp-content\/uploads\/2026\/03\/Untitled-2.png\",\"contentUrl\":\"https:\/\/climatemaster.ge\/wp-content\/uploads\/2026\/03\/Untitled-2.png\",\"width\":600,\"height\":338,\"caption\":\"Climate Master\"},\"image\":{\"@id\":\"https:\/\/climatemaster.ge\/#\/schema\/logo\/image\/\"}}]}<\/script>\n<!-- \/ Yoast SEO plugin. -->","yoast_head_json":{"title":"Heylo StaubStop 3000 PLUS \u2013 Aspiration des poussi\u00e8res - Climate Master","robots":{"index":"index","follow":"follow","max-snippet":"max-snippet:-1","max-image-preview":"max-image-preview:large","max-video-preview":"max-video-preview:-1"},"canonical":"https:\/\/climatemaster.ge\/fr\/produit\/heylo-staubstop-3000-plus-dust-extraction\/","og_locale":"fr_FR","og_type":"article","og_title":"Heylo StaubStop 3000 PLUS \u2013 Aspiration des poussi\u00e8res - Climate Master","og_description":"\u00c9purateur d'air StaubStop PLUS avec manom\u00e8tre de pression du filtre     Aspiration mobile des poussi\u00e8res \u2013 pour une utilisation en atelier et sur chantier.  StaubStop PLUS comprend\u00a0: Ventilateur PowerVent 3000 (d\u00e9bit d'air de 3\u00a0102\u00a0m\u00b3\/h) + bo\u00eetier de filtre PLUS avec manom\u00e8tre de pression du filtre + filtre \u00e0 grosses particules G4 + filtre \u00e0 grosses particules F9  La purification de l'air sur les chantiers est indispensable\u00a0: des s\u00e9quelles tardives sont in\u00e9vitables en raison d'une forte exposition \u00e0 la poussi\u00e8re sur le lieu de travail. Les statistiques montrent que les d\u00e9c\u00e8s dus au cancer du poumon ou \u00e0 la silicose ne diminuent pas. Tout le monde a \u00e9t\u00e9 mis en garde contre l'amiante, mais qui sait que les fines poussi\u00e8res de quartz (comme celles du gr\u00e8s calcaire, du granit ou du b\u00e9ton cellulaire) sont \u00e9galement canc\u00e9rig\u00e8nes\u00a0?  Conform\u00e9ment \u00e0 la norme TRGS 900, la nouvelle limite d'\u00e9mission de poussi\u00e8res est d\u00e9sormais fix\u00e9e \u00e0 1,25\u00a0mg\/m\u00b3 seulement, au lieu de 3\u00a0mg\/m\u00b3. Afin d'\u00e9viter des probl\u00e8mes de sant\u00e9 ou l'arr\u00eat des chantiers, les filtres \u00e0 air sont devenus indispensables \u00e0 tout entrepreneur en construction et en r\u00e9novation.","og_url":"https:\/\/climatemaster.ge\/fr\/produit\/heylo-staubstop-3000-plus-dust-extraction\/","og_site_name":"Climate Master","article_modified_time":"2025-04-05T19:23:32+00:00","og_image":[{"width":1000,"height":1000,"url":"https:\/\/climatemaster.ge\/wp-content\/uploads\/2025\/04\/Heylo-Luftreiniger-StaubStop-3000-PLUS.jpg","type":"image\/jpeg"}],"twitter_card":"summary_large_image","twitter_misc":{"Dur\u00e9e de lecture estim\u00e9e":"1 minute"},"schema":{"@context":"https:\/\/schema.org","@graph":[{"@type":"WebPage","@id":"https:\/\/climatemaster.ge\/fr\/produit\/heylo-staubstop-3000-plus-dust-extraction\/","url":"https:\/\/climatemaster.ge\/fr\/produit\/heylo-staubstop-3000-plus-dust-extraction\/","name":"Heylo StaubStop 3000 PLUS \u2013 Aspiration des poussi\u00e8res - Climate Master","isPartOf":{"@id":"https:\/\/climatemaster.ge\/#website"},"primaryImageOfPage":{"@id":"https:\/\/climatemaster.ge\/fr\/produit\/heylo-staubstop-3000-plus-dust-extraction\/#primaryimage"},"image":{"@id":"https:\/\/climatemaster.ge\/fr\/produit\/heylo-staubstop-3000-plus-dust-extraction\/#primaryimage"},"thumbnailUrl":"https:\/\/climatemaster.ge\/wp-content\/uploads\/2025\/04\/Heylo-Luftreiniger-StaubStop-3000-PLUS.jpg","datePublished":"2024-01-25T18:29:07+00:00","dateModified":"2025-04-05T19:23:32+00:00","breadcrumb":{"@id":"https:\/\/climatemaster.ge\/fr\/produit\/heylo-staubstop-3000-plus-dust-extraction\/#breadcrumb"},"inLanguage":"fr-FR","potentialAction":[{"@type":"ReadAction","target":["https:\/\/climatemaster.ge\/fr\/produit\/heylo-staubstop-3000-plus-dust-extraction\/"]}]},{"@type":"ImageObject","inLanguage":"fr-FR","@id":"https:\/\/climatemaster.ge\/fr\/produit\/heylo-staubstop-3000-plus-dust-extraction\/#primaryimage","url":"https:\/\/climatemaster.ge\/wp-content\/uploads\/2025\/04\/Heylo-Luftreiniger-StaubStop-3000-PLUS.jpg","contentUrl":"https:\/\/climatemaster.ge\/wp-content\/uploads\/2025\/04\/Heylo-Luftreiniger-StaubStop-3000-PLUS.jpg","width":1000,"height":1000},{"@type":"BreadcrumbList","@id":"https:\/\/climatemaster.ge\/fr\/produit\/heylo-staubstop-3000-plus-dust-extraction\/#breadcrumb","itemListElement":[{"@type":"ListItem","position":1,"name":"Home","item":"https:\/\/climatemaster.ge\/"},{"@type":"ListItem","position":2,"name":"Products","item":"https:\/\/climatemaster.ge\/products\/"},{"@type":"ListItem","position":3,"name":"Heylo StaubStop 3000 PLUS \u2013 Aspiration des poussi\u00e8res"}]},{"@type":"WebSite","@id":"https:\/\/climatemaster.ge\/#website","url":"https:\/\/climatemaster.ge\/","name":"Climate Master","description":"","publisher":{"@id":"https:\/\/climatemaster.ge\/#organization"},"potentialAction":[{"@type":"SearchAction","target":{"@type":"EntryPoint","urlTemplate":"https:\/\/climatemaster.ge\/?s={search_term_string}"},"query-input":{"@type":"PropertyValueSpecification","valueRequired":true,"valueName":"search_term_string"}}],"inLanguage":"fr-FR"},{"@type":"Organization","@id":"https:\/\/climatemaster.ge\/#organization","name":"Climate Master","url":"https:\/\/climatemaster.ge\/","logo":{"@type":"ImageObject","inLanguage":"fr-FR","@id":"https:\/\/climatemaster.ge\/#\/schema\/logo\/image\/","url":"https:\/\/climatemaster.ge\/wp-content\/uploads\/2026\/03\/Untitled-2.png","contentUrl":"https:\/\/climatemaster.ge\/wp-content\/uploads\/2026\/03\/Untitled-2.png","width":600,"height":338,"caption":"Climate Master"},"image":{"@id":"https:\/\/climatemaster.ge\/#\/schema\/logo\/image\/"}}]}},"_links":{"self":[{"href":"https:\/\/climatemaster.ge\/fr\/wp-json\/wp\/v2\/product\/27715","targetHints":{"allow":["GET"]}}],"collection":[{"href":"https:\/\/climatemaster.ge\/fr\/wp-json\/wp\/v2\/product"}],"about":[{"href":"https:\/\/climatemaster.ge\/fr\/wp-json\/wp\/v2\/types\/product"}],"wp:featuredmedia":[{"embeddable":true,"href":"https:\/\/climatemaster.ge\/fr\/wp-json\/wp\/v2\/media\/27692"}],"wp:attachment":[{"href":"https:\/\/climatemaster.ge\/fr\/wp-json\/wp\/v2\/media?parent=27715"}],"wp:term":[{"taxonomy":"product_brand","embeddable":true,"href":"https:\/\/climatemaster.ge\/fr\/wp-json\/wp\/v2\/product_brand?post=27715"},{"taxonomy":"product_cat","embeddable":true,"href":"https:\/\/climatemaster.ge\/fr\/wp-json\/wp\/v2\/product_cat?post=27715"},{"taxonomy":"product_tag","embeddable":true,"href":"https:\/\/climatemaster.ge\/fr\/wp-json\/wp\/v2\/product_tag?post=27715"}],"curies":[{"name":"wp","href":"https:\/\/api.w.org\/{rel}","templated":true}]}}